{"id":2075,"date":"2024-07-06T17:05:20","date_gmt":"2024-07-06T17:05:20","guid":{"rendered":"https:\/\/www.hommy.com\/?page_id=2075"},"modified":"2025-10-28T05:18:38","modified_gmt":"2025-10-28T05:18:38","slug":"produto","status":"publish","type":"page","link":"https:\/\/www.hommy.com\/pt\/produto\/","title":{"rendered":"Produto"},"content":{"rendered":"<h1 class=\"wp-block-heading\">M\u00e1quina de venda autom\u00e1tica, m\u00e1quina de sorvete e outros produtos<\/h1>\n\n\n\n<div class=\"container px-4 py-8 mx-auto wp-block-ska-element\">\n<h2 class=\"my-8 text-2xl font-bold text-center wp-block-ska-element\">\n<a href=\"https:\/\/www.hommy.com\/pt\/c\/maquina-de-venda-automatica\/\" class=\"text-blue-600 hover:text-blue-800 wp-block-ska-text ska-text\">M\u00e1quina de venda autom\u00e1tica<\/a>\n<\/h2>\n\n\n\n<div class=\"grid grid-cols-1 md:grid-cols-2 lg:grid-cols-3 gap-6 wp-block-ska-element\">\n<div class=\"flex flex-col p-4 bg-white rounded-lg shadow-md wp-block-ska-element\">\n<div class=\"flex justify-center items-center mb-4 wp-block-ska-element\">\n<a href=\"https:\/\/www.hommy.com\/pt\/c\/maquina-de-venda-automatica-de-batidos\/\" class=\"product-image wp-block-ska-image image\"><img decoding=\"async\" src=\"https:\/\/www.hommy.com\/wp-content\/uploads\/17105143854028-600x599.jpg\" alt=\"M\u00e1quina de venda autom\u00e1tica de batidos\" height=\"350\" loading=\"lazy\" title=\"\"><\/a>\n<\/div>\n\n\n\n<div class=\"mt-auto text-center wp-block-ska-element\">\n<a href=\"https:\/\/www.hommy.com\/pt\/c\/maquina-de-venda-automatica-de-batidos\/\" class=\"inline-block px-4 py-2 font-bold text-white bg-blue-500 hover:bg-blue-700 rounded wp-block-ska-text ska-text\">M\u00e1quina de venda autom\u00e1tica de batidos<\/a>\n<\/div>\n<\/div>\n\n\n\n<div class=\"flex flex-col p-4 bg-white rounded-lg shadow-md wp-block-ska-element\">\n<div class=\"flex justify-center items-center mb-4 wp-block-ska-element\">\n<a href=\"https:\/\/www.hommy.com\/pt\/c\/maquina-de-venda-automatica-de-pizzas\/\" class=\"product-image wp-block-ska-image image\"><img decoding=\"async\" src=\"https:\/\/www.hommy.com\/wp-content\/uploads\/16103355827843.jpg\" alt=\"M\u00e1quina de venda autom\u00e1tica de pizzas\" height=\"350\" loading=\"lazy\" title=\"\"><\/a>\n<\/div>\n\n\n\n<div class=\"mt-auto text-center wp-block-ska-element\">\n<a href=\"https:\/\/www.hommy.com\/pt\/c\/maquina-de-venda-automatica-de-pizzas\/\" class=\"inline-block px-4 py-2 font-bold text-white bg-blue-500 hover:bg-blue-700 rounded wp-block-ska-text ska-text\">M\u00e1quina de venda autom\u00e1tica de pizzas<\/a>\n<\/div>\n<\/div>\n\n\n\n<div class=\"flex flex-col p-4 bg-white rounded-lg shadow-md wp-block-ska-element\">\n<div class=\"flex justify-center items-center mb-4 wp-block-ska-element\">\n<a href=\"https:\/\/www.hommy.com\/pt\/c\/maquina-de-venda-automatica-de-batatas-fritas\/\" class=\"product-image wp-block-ska-image image\"><img decoding=\"async\" src=\"https:\/\/www.hommy.com\/wp-content\/uploads\/16841138152247.png\" alt=\"M\u00e1quina de venda autom\u00e1tica de batatas fritas\" height=\"350\" loading=\"lazy\" title=\"\"><\/a>\n<\/div>\n\n\n\n<div class=\"mt-auto text-center wp-block-ska-element\">\n<a href=\"https:\/\/www.hommy.com\/pt\/c\/maquina-de-venda-automatica-de-batatas-fritas\/\" class=\"inline-block px-4 py-2 font-bold text-white bg-blue-500 hover:bg-blue-700 rounded wp-block-ska-text ska-text\">M\u00e1quina de venda autom\u00e1tica de batatas fritas<\/a>\n<\/div>\n<\/div>\n\n\n\n<div class=\"flex flex-col p-4 bg-white rounded-lg shadow-md wp-block-ska-element\">\n<div class=\"flex justify-center items-center mb-4 wp-block-ska-element\">\n<a href=\"https:\/\/www.hommy.com\/pt\/c\/maquina-de-venda-automatica-de-gelados\/\" class=\"product-image wp-block-ska-image image\"><img decoding=\"async\" src=\"https:\/\/www.hommy.com\/wp-content\/uploads\/15865900183784-600x755.jpg\" alt=\"M\u00e1quina de venda autom\u00e1tica de gelados\" height=\"350\" loading=\"lazy\" title=\"\"><\/a>\n<\/div>\n\n\n\n<div class=\"mt-auto text-center wp-block-ska-element\">\n<a href=\"https:\/\/www.hommy.com\/pt\/c\/maquina-de-venda-automatica-de-gelados\/\" class=\"inline-block px-4 py-2 font-bold text-white bg-blue-500 hover:bg-blue-700 rounded wp-block-ska-text ska-text\">M\u00e1quina de venda autom\u00e1tica de gelados<\/a>\n<\/div>\n<\/div>\n\n\n\n<div class=\"flex flex-col p-4 bg-white rounded-lg shadow-md wp-block-ska-element\">\n<div class=\"flex justify-center items-center mb-4 wp-block-ska-element\">\n<a href=\"https:\/\/www.hommy.com\/pt\/c\/maquina-de-venda-automatica-de-bebidas-gasosas\/\" class=\"product-image wp-block-ska-image image\"><img decoding=\"async\" src=\"https:\/\/www.hommy.com\/wp-content\/uploads\/16431825339515.png\" alt=\"M\u00e1quina de venda autom\u00e1tica de refrigerantes\" height=\"350\" loading=\"lazy\" title=\"\"><\/a>\n<\/div>\n\n\n\n<div class=\"mt-auto text-center wp-block-ska-element\">\n<a href=\"https:\/\/www.hommy.com\/pt\/c\/maquina-de-venda-automatica-de-bebidas-gasosas\/\" class=\"inline-block px-4 py-2 font-bold text-white bg-blue-500 hover:bg-blue-700 rounded wp-block-ska-text ska-text\">M\u00e1quina de venda autom\u00e1tica de refrigerantes<\/a>\n<\/div>\n<\/div>\n\n\n\n<div class=\"flex flex-col p-4 bg-white rounded-lg shadow-md wp-block-ska-element\">\n<div class=\"flex justify-center items-center mb-4 wp-block-ska-element\">\n<a href=\"https:\/\/www.hommy.com\/pt\/c\/maquina-de-venda-automatica-de-alimentos-quentes\/\" class=\"product-image wp-block-ska-image image\"><img decoding=\"async\" src=\"https:\/\/www.hommy.com\/wp-content\/uploads\/16429862153434.jpg\" alt=\"M\u00e1quina de venda autom\u00e1tica de alimentos quentes\" height=\"350\" loading=\"lazy\" title=\"\"><\/a>\n<\/div>\n\n\n\n<div class=\"mt-auto text-center wp-block-ska-element\">\n<a href=\"https:\/\/www.hommy.com\/pt\/c\/maquina-de-venda-automatica-de-alimentos-quentes\/\" class=\"inline-block px-4 py-2 font-bold text-white bg-blue-500 hover:bg-blue-700 rounded wp-block-ska-text ska-text\">M\u00e1quina de venda autom\u00e1tica de alimentos quentes<\/a>\n<\/div>\n<\/div>\n\n\n\n<div class=\"flex flex-col p-4 bg-white rounded-lg shadow-md wp-block-ska-element\">\n<div class=\"flex justify-center items-center mb-4 wp-block-ska-element\">\n<a href=\"https:\/\/www.hommy.com\/pt\/c\/maquina-de-venda-automatica-de-pipocas\/\" class=\"product-image wp-block-ska-image image\"><img decoding=\"async\" src=\"https:\/\/www.hommy.com\/wp-content\/uploads\/16431842559211.jpg\" alt=\"M\u00e1quina de venda autom\u00e1tica de pipocas\" height=\"350\" loading=\"lazy\" title=\"\"><\/a>\n<\/div>\n\n\n\n<div class=\"mt-auto text-center wp-block-ska-element\">\n<a href=\"https:\/\/www.hommy.com\/pt\/c\/maquina-de-venda-automatica-de-pipocas\/\" class=\"inline-block px-4 py-2 font-bold text-white bg-blue-500 hover:bg-blue-700 rounded wp-block-ska-text ska-text\">M\u00e1quina de venda autom\u00e1tica de pipocas<\/a>\n<\/div>\n<\/div>\n\n\n\n<div class=\"flex flex-col p-4 bg-white rounded-lg shadow-md wp-block-ska-element\">\n<div class=\"flex justify-center items-center mb-4 wp-block-ska-element\">\n<a href=\"https:\/\/www.hommy.com\/pt\/c\/gelataria-robotizada\/\" class=\"product-image wp-block-ska-image image\"><img decoding=\"async\" src=\"https:\/\/www.hommy.com\/wp-content\/uploads\/16431785365397.jpg\" alt=\"Geladaria de rob\u00f4s\" height=\"350\" loading=\"lazy\" title=\"\"><\/a>\n<\/div>\n\n\n\n<div class=\"mt-auto text-center wp-block-ska-element\">\n<a href=\"https:\/\/www.hommy.com\/pt\/c\/gelataria-robotizada\/\" class=\"inline-block px-4 py-2 font-bold text-white bg-blue-500 hover:bg-blue-700 rounded wp-block-ska-text ska-text\">Geladaria de rob\u00f4s<\/a>\n<\/div>\n<\/div>\n<\/div>\n\n\n\n<h2 class=\"my-8 mt-12 text-2xl font-bold text-center wp-block-ska-element\">\n<a href=\"https:\/\/www.hommy.com\/pt\/c\/maquina-de-gelados\/\" class=\"text-blue-600 hover:text-blue-800 wp-block-ska-text ska-text\">M\u00e1quina de gelados<\/a>\n<\/h2>\n\n\n\n<div class=\"grid grid-cols-1 md:grid-cols-2 lg:grid-cols-3 gap-6 wp-block-ska-element\">\n<div class=\"flex flex-col p-4 bg-white rounded-lg shadow-md wp-block-ska-element\">\n<div class=\"flex justify-center items-center mb-4 wp-block-ska-element\">\n<a href=\"https:\/\/www.hommy.com\/pt\/c\/maquina-de-gelado-soft\/\" class=\"product-image wp-block-ska-image image\"><img decoding=\"async\" src=\"https:\/\/www.hommy.com\/wp-content\/uploads\/16002442948830.jpg\" alt=\"M\u00e1quina de sorvete expresso\" height=\"350\" loading=\"lazy\" title=\"\"><\/a>\n<\/div>\n\n\n\n<div class=\"mt-auto text-center wp-block-ska-element\">\n<a href=\"https:\/\/www.hommy.com\/pt\/c\/maquina-de-gelado-soft\/\" class=\"inline-block px-4 py-2 font-bold text-white bg-blue-500 hover:bg-blue-700 rounded wp-block-ska-text ska-text\">M\u00e1quina de sorvete expresso<\/a>\n<\/div>\n<\/div>\n\n\n\n<div class=\"flex flex-col p-4 bg-white rounded-lg shadow-md wp-block-ska-element\">\n<div class=\"flex justify-center items-center mb-4 wp-block-ska-element\">\n<a href=\"https:\/\/www.hommy.com\/pt\/c\/maquina-de-iogurte-gelado\/\" class=\"product-image wp-block-ska-image image\"><img decoding=\"async\" src=\"https:\/\/www.hommy.com\/wp-content\/uploads\/15585131824789-600x600.jpg\" alt=\"M\u00e1quina de iogurte congelado\" height=\"350\" loading=\"lazy\" title=\"\"><\/a>\n<\/div>\n\n\n\n<div class=\"mt-auto text-center wp-block-ska-element\">\n<a href=\"https:\/\/www.hommy.com\/pt\/c\/maquina-de-iogurte-gelado\/\" class=\"inline-block px-4 py-2 font-bold text-white bg-blue-500 hover:bg-blue-700 rounded wp-block-ska-text ska-text\">M\u00e1quina de iogurte congelado<\/a>\n<\/div>\n<\/div>\n\n\n\n<div class=\"flex flex-col p-4 bg-white rounded-lg shadow-md wp-block-ska-element\">\n<div class=\"flex justify-center items-center mb-4 wp-block-ska-element\">\n<a href=\"https:\/\/www.hommy.com\/pt\/c\/maquina-de-gelados-em-cobre\/\" class=\"product-image wp-block-ska-image image\"><img decoding=\"async\" src=\"https:\/\/www.hommy.com\/wp-content\/uploads\/16005038721205.jpg\" alt=\"M\u00e1quina de gelados de cobre\" height=\"350\" loading=\"lazy\" title=\"\"><\/a>\n<\/div>\n\n\n\n<div class=\"mt-auto text-center wp-block-ska-element\">\n<a href=\"https:\/\/www.hommy.com\/pt\/c\/maquina-de-gelados-em-cobre\/\" class=\"inline-block px-4 py-2 font-bold text-white bg-blue-500 hover:bg-blue-700 rounded wp-block-ska-text ska-text\">M\u00e1quina de gelados de cobre<\/a>\n<\/div>\n<\/div>\n\n\n\n<div class=\"flex flex-col p-4 bg-white rounded-lg shadow-md wp-block-ska-element\">\n<div class=\"flex justify-center items-center mb-4 wp-block-ska-element\">\n<a href=\"https:\/\/www.hommy.com\/pt\/c\/maquina-de-gelados-fritos\/\" class=\"product-image wp-block-ska-image image\"><img decoding=\"async\" src=\"https:\/\/www.hommy.com\/wp-content\/uploads\/15553218255331-600x600.jpg\" alt=\"M\u00e1quina de gelados fritos\" height=\"350\" loading=\"lazy\" title=\"\"><\/a>\n<\/div>\n\n\n\n<div class=\"mt-auto text-center wp-block-ska-element\">\n<a href=\"https:\/\/www.hommy.com\/pt\/c\/maquina-de-gelados-fritos\/\" class=\"inline-block px-4 py-2 font-bold text-white bg-blue-500 hover:bg-blue-700 rounded wp-block-ska-text ska-text\">M\u00e1quina de gelados fritos<\/a>\n<\/div>\n<\/div>\n\n\n\n<div class=\"flex flex-col p-4 bg-white rounded-lg shadow-md wp-block-ska-element\">\n<div class=\"flex justify-center items-center mb-4 wp-block-ska-element\">\n<a href=\"https:\/\/www.hommy.com\/pt\/c\/maquina-de-gelados-duros\/\" class=\"product-image wp-block-ska-image image\"><img decoding=\"async\" src=\"https:\/\/www.hommy.com\/wp-content\/uploads\/15553985425937-600x600.jpg\" alt=\"M\u00e1quina de gelados duros\" height=\"349\" loading=\"lazy\" title=\"\"><\/a>\n<\/div>\n\n\n\n<div class=\"mt-auto text-center wp-block-ska-element\">\n<a href=\"https:\/\/www.hommy.com\/pt\/c\/maquina-de-gelados-duros\/\" class=\"inline-block px-4 py-2 font-bold text-white bg-blue-500 hover:bg-blue-700 rounded wp-block-ska-text ska-text\">M\u00e1quina de gelados duros<\/a>\n<\/div>\n<\/div>\n<\/div>\n\n\n\n<h2 class=\"my-8 mt-12 text-2xl font-bold text-center wp-block-heading\">Outros produtos<\/h2>\n\n\n\n<div class=\"grid grid-cols-1 md:grid-cols-2 lg:grid-cols-3 gap-6 wp-block-ska-element\">\n<div class=\"flex flex-col p-4 bg-white rounded-lg shadow-md wp-block-ska-element\">\n<div class=\"flex justify-center items-center mb-4 wp-block-ska-element\">\n<a href=\"https:\/\/www.hommy.com\/pt\/c\/vitrina-de-exposicao\/\" class=\"product-image wp-block-ska-image image\"><img decoding=\"async\" src=\"https:\/\/www.hommy.com\/wp-content\/uploads\/16010844204694.png\" alt=\"Vitrina de exposi\u00e7\u00e3o\" height=\"350\" loading=\"lazy\" title=\"\"><\/a>\n<\/div>\n\n\n\n<div class=\"mt-auto text-center wp-block-ska-element\">\n<a href=\"https:\/\/www.hommy.com\/pt\/c\/vitrina-de-exposicao\/\" class=\"inline-block px-4 py-2 font-bold text-white bg-blue-500 hover:bg-blue-700 rounded wp-block-ska-text ska-text\">Vitrina de exposi\u00e7\u00e3o<\/a>\n<\/div>\n<\/div>\n\n\n\n<div class=\"flex flex-col p-4 bg-white rounded-lg shadow-md wp-block-ska-element\">\n<div class=\"flex justify-center items-center mb-4 wp-block-ska-element\">\n<a href=\"https:\/\/www.hommy.com\/pt\/c\/maquina-de-um-disparo\/\" class=\"product-image wp-block-ska-image image\"><img decoding=\"async\" src=\"https:\/\/www.hommy.com\/wp-content\/uploads\/15583394853064.png\" alt=\"M\u00e1quina de um disparo\" height=\"350\" loading=\"lazy\" title=\"\"><\/a>\n<\/div>\n\n\n\n<div class=\"mt-auto text-center wp-block-ska-element\">\n<a href=\"https:\/\/www.hommy.com\/pt\/c\/maquina-de-um-disparo\/\" class=\"inline-block px-4 py-2 font-bold text-white bg-blue-500 hover:bg-blue-700 rounded wp-block-ska-text ska-text\">M\u00e1quina de um disparo<\/a>\n<\/div>\n<\/div>\n\n\n\n<div class=\"flex flex-col p-4 bg-white rounded-lg shadow-md wp-block-ska-element\">\n<div class=\"flex justify-center items-center mb-4 wp-block-ska-element\">\n<a href=\"https:\/\/www.hommy.com\/pt\/c\/maquina-de-picoles\/\" class=\"product-image wp-block-ska-image image\"><img decoding=\"async\" src=\"https:\/\/www.hommy.com\/wp-content\/uploads\/16034159106362.png\" alt=\"M\u00e1quina de gelados\" height=\"350\" loading=\"lazy\" title=\"\"><\/a>\n<\/div>\n\n\n\n<div class=\"mt-auto text-center wp-block-ska-element\">\n<a href=\"https:\/\/www.hommy.com\/pt\/c\/maquina-de-picoles\/\" class=\"inline-block px-4 py-2 font-bold text-white bg-blue-500 hover:bg-blue-700 rounded wp-block-ska-text ska-text\">M\u00e1quina de gelados<\/a>\n<\/div>\n<\/div>\n\n\n\n<div class=\"flex flex-col p-4 bg-white rounded-lg shadow-md wp-block-ska-element\">\n<div class=\"flex justify-center items-center mb-4 wp-block-ska-element\">\n<a href=\"https:\/\/www.hommy.com\/pt\/c\/maquina-de-blocos-de-gelo\/\" class=\"product-image wp-block-ska-image image\"><img decoding=\"async\" src=\"https:\/\/www.hommy.com\/wp-content\/uploads\/16030737187486-600x381.jpg\" alt=\"M\u00e1quina de blocos de gelo\" height=\"350\" loading=\"lazy\" title=\"\"><\/a>\n<\/div>\n\n\n\n<div class=\"mt-auto text-center wp-block-ska-element\">\n<a href=\"https:\/\/www.hommy.com\/pt\/c\/maquina-de-blocos-de-gelo\/\" class=\"inline-block px-4 py-2 font-bold text-white bg-blue-500 hover:bg-blue-700 rounded wp-block-ska-text ska-text\">M\u00e1quina de blocos de gelo<\/a>\n<\/div>\n<\/div>\n\n\n\n<div class=\"flex flex-col p-4 bg-white rounded-lg shadow-md wp-block-ska-element\">\n<div class=\"flex justify-center items-center mb-4 wp-block-ska-element\">\n<a href=\"https:\/\/www.hommy.com\/pt\/c\/maquina-de-fazer-cones-de-gelado\/\" class=\"product-image wp-block-ska-image image\"><img decoding=\"async\" src=\"https:\/\/www.hommy.com\/wp-content\/uploads\/15795124372418.png\" alt=\"M\u00e1quina de fazer cones de gelado\" height=\"350\" loading=\"lazy\" title=\"\"><\/a>\n<\/div>\n\n\n\n<div class=\"mt-auto text-center wp-block-ska-element\">\n<a href=\"https:\/\/www.hommy.com\/pt\/c\/maquina-de-fazer-cones-de-gelado\/\" class=\"inline-block px-4 py-2 font-bold text-white bg-blue-500 hover:bg-blue-700 rounded wp-block-ska-text ska-text\">M\u00e1quina de fazer cones de gelado<\/a>\n<\/div>\n<\/div>\n\n\n\n<div class=\"flex flex-col p-4 bg-white rounded-lg shadow-md wp-block-ska-element\">\n<div class=\"flex justify-center items-center mb-4 wp-block-ska-element\">\n<a href=\"https:\/\/www.hommy.com\/pt\/c\/modelo-de-gelado\/\" class=\"product-image wp-block-ska-image image\"><img decoding=\"async\" src=\"https:\/\/www.hommy.com\/wp-content\/uploads\/15553219996264-600x600.jpg\" alt=\"Modelo de gelado\" height=\"350\" loading=\"lazy\" title=\"\"><\/a>\n<\/div>\n\n\n\n<div class=\"mt-auto text-center wp-block-ska-element\">\n<a href=\"https:\/\/www.hommy.com\/pt\/c\/modelo-de-gelado\/\" class=\"inline-block px-4 py-2 font-bold text-white bg-blue-500 hover:bg-blue-700 rounded wp-block-ska-text ska-text\">Modelo de gelado<\/a>\n<\/div>\n<\/div>\n\n\n\n<div class=\"flex flex-col p-4 bg-white rounded-lg shadow-md wp-block-ska-element\">\n<div class=\"flex justify-center items-center mb-4 wp-block-ska-element\">\n<a href=\"https:\/\/www.hommy.com\/pt\/c\/maquina-de-pizza-em-cone\/\" class=\"product-image wp-block-ska-image image\"><img decoding=\"async\" src=\"https:\/\/www.hommy.com\/wp-content\/uploads\/15553196899069-600x600.jpg\" alt=\"M\u00e1quina de pizza em cone\" height=\"350\" loading=\"lazy\" title=\"\"><\/a>\n<\/div>\n\n\n\n<div class=\"mt-auto text-center wp-block-ska-element\">\n<a href=\"https:\/\/www.hommy.com\/pt\/c\/maquina-de-pizza-em-cone\/\" class=\"inline-block px-4 py-2 font-bold text-white bg-blue-500 hover:bg-blue-700 rounded wp-block-ska-text ska-text\">M\u00e1quina de pizza em cone<\/a>\n<\/div>\n<\/div>\n\n\n\n<div class=\"flex flex-col p-4 bg-white rounded-lg shadow-md wp-block-ska-element\">\n<div class=\"flex justify-center items-center mb-4 wp-block-ska-element\">\n<a href=\"https:\/\/www.hommy.com\/pt\/c\/maquina-de-fazer-suco\/\" class=\"product-image wp-block-ska-image image\"><img decoding=\"async\" src=\"https:\/\/www.hommy.com\/wp-content\/uploads\/16030924215415.png\" alt=\"M\u00e1quina de lama\" height=\"350\" loading=\"lazy\" title=\"\"><\/a>\n<\/div>\n\n\n\n<div class=\"mt-auto text-center wp-block-ska-element\">\n<a href=\"https:\/\/www.hommy.com\/pt\/c\/maquina-de-fazer-suco\/\" class=\"inline-block px-4 py-2 font-bold text-white bg-blue-500 hover:bg-blue-700 rounded wp-block-ska-text ska-text\">M\u00e1quina de lama<\/a>\n<\/div>\n<\/div>\n<\/div>\n<\/div>\n\n\n\n<p>Empresa (Xinhui) Co., LTD. \u00c9 uma empresa moderna de m\u00e1quinas de sorvetes comerciais. Dedicamo-nos principalmente ao neg\u00f3cio de m\u00e1quinas de fabrico de gelados comerciais. A m\u00e1quina \u00e9 um dos principais produtos da Hommy. Bons materiais, tecnologia de produ\u00e7\u00e3o avan\u00e7ada, e t\u00e9cnicas de fabrico finas s\u00e3o usadas na produ\u00e7\u00e3o de m\u00e1quinas de gelado. Al\u00e9m disso, as nossas m\u00e1quinas s\u00e3o equipadas com equipamentos de alta qualidade que podem ser facilmente instalados nas suas instala\u00e7\u00f5es e tamb\u00e9m fornecer-lhe o melhor servi\u00e7o poss\u00edvel.<\/p>\n\n\n\n<p>N\u00f3s vamos mostrar-lhe a s\u00e9rie de Equipamentos Comerciais de Fabrica\u00e7\u00e3o de Sorvete que \u00e9 mais popular entre os clientes. A m\u00e1quina de gelado comercial, fabricada com base nos conhecimentos e experi\u00eancia da nossa empresa, oferece-lhe os melhores servi\u00e7os a pre\u00e7os acess\u00edveis. \u00c9 um produto de confian\u00e7a que recebe reconhecimento e apoio no mercado. Hommy tem uma excelente equipa de elite de R&amp;D. Al\u00e9m disso, temos equipamentos avan\u00e7ados de produ\u00e7\u00e3o e processo t\u00e9cnico. Podemos fornecer aos clientes servi\u00e7os OEM\/ODM profissionais e de alta qualidade.<\/p>","protected":false},"excerpt":{"rendered":"<p>Vending Machine, Ice Cream Machine And Other Products Enterprise (Xinhui) Co., LTD. Is a modern commercial ice cream machine enterprise. We are mainly dedicated to the business of commercial ice cream making machine. The machine is one of the main products of Hommy. Good materials, advanced production technology, and fine manufacturing techniques are used in [&hellip;]<\/p>\n","protected":false},"author":1,"featured_media":0,"parent":0,"menu_order":0,"comment_status":"closed","ping_status":"closed","template":"","meta":{"_swt_meta_header_display":false,"_swt_meta_footer_display":false,"_swt_meta_site_title_display":true,"_swt_meta_sticky_header":false,"_swt_meta_transparent_header":false,"footnotes":""},"class_list":["post-2075","page","type-page","status-publish","hentry"],"_links":{"self":[{"href":"https:\/\/www.hommy.com\/pt\/wp-json\/wp\/v2\/pages\/2075","targetHints":{"allow":["GET"]}}],"collection":[{"href":"https:\/\/www.hommy.com\/pt\/wp-json\/wp\/v2\/pages"}],"about":[{"href":"https:\/\/www.hommy.com\/pt\/wp-json\/wp\/v2\/types\/page"}],"author":[{"embeddable":true,"href":"https:\/\/www.hommy.com\/pt\/wp-json\/wp\/v2\/users\/1"}],"replies":[{"embeddable":true,"href":"https:\/\/www.hommy.com\/pt\/wp-json\/wp\/v2\/comments?post=2075"}],"version-history":[{"count":2,"href":"https:\/\/www.hommy.com\/pt\/wp-json\/wp\/v2\/pages\/2075\/revisions"}],"predecessor-version":[{"id":2861,"href":"https:\/\/www.hommy.com\/pt\/wp-json\/wp\/v2\/pages\/2075\/revisions\/2861"}],"wp:attachment":[{"href":"https:\/\/www.hommy.com\/pt\/wp-json\/wp\/v2\/media?parent=2075"}],"curies":[{"name":"wp","href":"https:\/\/api.w.org\/{rel}","templated":true}]}}