{"id":1539,"date":"2024-07-03T13:05:16","date_gmt":"2024-07-03T13:05:16","guid":{"rendered":"http:\/\/localhost\/hommywp\/?page_id=1539"},"modified":"2024-11-15T15:13:46","modified_gmt":"2024-11-15T15:13:46","slug":"solucao","status":"publish","type":"page","link":"https:\/\/www.hommy.com\/pt\/solucao\/","title":{"rendered":"Solu\u00e7\u00e3o"},"content":{"rendered":"<p><strong>1. Loja de gelados Bango<\/strong><\/p>\n\n\n\n<p>Com 20 anos de experi\u00eancia no fabrico de m\u00e1quinas de gelado, a Hommy Enterprise (Xinhui) Co., LTD. sabe bem como fazer gelado de boa qualidade (M\u00e1quina de gelado profissional &amp; m\u00e1quina de processamento de alimentos). Com base nesta rica experi\u00eancia, o fundador da Hommy, Sr. Daniel Lai, criou a Bango International Catering Management Co., Ltd. em 2011.<\/p>\n\n\n\n<p>Como um dos grandes grupos de restaura\u00e7\u00e3o, a Bango opera cadeias de lojas no sector dos gelados e torna-se o fornecedor em r\u00e1pido desenvolvimento de franquias de gelados.<\/p>\n\n\n\n<p>A Bango fornece um servi\u00e7o de pacote \u00fanico de cadeias de lojas de gelados aos clientes, de acordo com os seus requisitos e or\u00e7amentos, incluindo a conce\u00e7\u00e3o de lojas, instala\u00e7\u00f5es alimentares, forma\u00e7\u00e3o sobre o funcionamento das lojas, etc.<\/p>\n\n\n\n<figure class=\"wp-block-gallery has-nested-images columns-default is-cropped columns-3 wp-block-gallery-1 is-layout-flex wp-block-gallery-is-layout-flex\">\n<figure class=\"wp-block-image size-medium\"><img loading=\"lazy\" decoding=\"async\" width=\"480\" height=\"390\" data-id=\"1541\" src=\"https:\/\/www.hommy.com\/wp-content\/uploads\/image-3.webp\" alt=\"Vista interior da loja de gelados Bango\" class=\"wp-image-1541\" title=\"Vista interior da loja de gelados Bango\" srcset=\"https:\/\/www.hommy.com\/wp-content\/uploads\/image-3.webp 480w, https:\/\/www.hommy.com\/wp-content\/uploads\/image-3-300x244.webp 300w\" sizes=\"auto, (max-width: 480px) 100vw, 480px\" \/><\/figure>\n\n\n\n<figure class=\"wp-block-image size-medium\"><img loading=\"lazy\" decoding=\"async\" width=\"800\" height=\"650\" data-id=\"1559\" src=\"https:\/\/www.hommy.com\/wp-content\/uploads\/image-35.png\" alt=\"Bango Ice Cream Store exterior\" class=\"wp-image-1559\" title=\"Bango Ice Cream Store exterior\" srcset=\"https:\/\/www.hommy.com\/wp-content\/uploads\/image-35.png 800w, https:\/\/www.hommy.com\/wp-content\/uploads\/image-35-600x488.png 600w, https:\/\/www.hommy.com\/wp-content\/uploads\/image-35-300x244.png 300w, https:\/\/www.hommy.com\/wp-content\/uploads\/image-35-768x624.png 768w\" sizes=\"auto, (max-width: 800px) 100vw, 800px\" \/><\/figure>\n\n\n\n<figure class=\"wp-block-image size-medium\"><img loading=\"lazy\" decoding=\"async\" width=\"480\" height=\"390\" data-id=\"1544\" src=\"https:\/\/www.hommy.com\/wp-content\/uploads\/image-6.webp\" alt=\"Clientes a saborear um gelado na Bango\" class=\"wp-image-1544\" title=\"Clientes a saborear um gelado na Bango\" srcset=\"https:\/\/www.hommy.com\/wp-content\/uploads\/image-6.webp 480w, https:\/\/www.hommy.com\/wp-content\/uploads\/image-6-300x244.webp 300w\" sizes=\"auto, (max-width: 480px) 100vw, 480px\" \/><\/figure>\n<\/figure>\n\n\n\n<p><strong>PROCESSO DE ABERTURA DA LOJA<\/strong><\/p>\n\n\n\n<p>Os principais produtos s\u00e3o: m\u00e1quina de sorvete expresso, m\u00e1quina de sorvete, m\u00e1quina de bebidas frias, espremedor de cana-de-a\u00e7\u00facar, m\u00e1quina de gelo, etc.<\/p>\n\n\n\n<p>OEM e ODM tamb\u00e9m s\u00e3o bem-vindos.<\/p>\n\n\n\n<figure class=\"wp-block-gallery has-nested-images columns-default is-cropped columns-3 wp-block-gallery-2 is-layout-flex wp-block-gallery-is-layout-flex\">\n<figure class=\"wp-block-image size-medium\"><img loading=\"lazy\" decoding=\"async\" width=\"800\" height=\"650\" data-id=\"1545\" src=\"https:\/\/www.hommy.com\/wp-content\/uploads\/image-7.webp\" alt=\"Aprender a pol\u00edtica de coopera\u00e7\u00e3o e conhecer a cultura da marca &quot;Bango\" class=\"wp-image-1545\" title=\"Aprender a pol\u00edtica de coopera\u00e7\u00e3o e conhecer a cultura da marca &quot;Bango\" srcset=\"https:\/\/www.hommy.com\/wp-content\/uploads\/image-7.webp 800w, https:\/\/www.hommy.com\/wp-content\/uploads\/image-7-600x488.webp 600w, https:\/\/www.hommy.com\/wp-content\/uploads\/image-7-300x244.webp 300w, https:\/\/www.hommy.com\/wp-content\/uploads\/image-7-768x624.webp 768w\" sizes=\"auto, (max-width: 800px) 100vw, 800px\" \/><figcaption class=\"wp-element-caption\">1. Aprender a pol\u00edtica de coopera\u00e7\u00e3o e conhecer a cultura da marca \"Bango\"<\/figcaption><\/figure>\n\n\n\n<figure class=\"wp-block-image size-medium\"><img loading=\"lazy\" decoding=\"async\" width=\"800\" height=\"650\" data-id=\"1546\" src=\"https:\/\/www.hommy.com\/wp-content\/uploads\/image-8.webp\" alt=\"Preencher e apresentar o formul\u00e1rio de candidatura\" class=\"wp-image-1546\" title=\"Preencher e apresentar o formul\u00e1rio de candidatura\" srcset=\"https:\/\/www.hommy.com\/wp-content\/uploads\/image-8.webp 800w, https:\/\/www.hommy.com\/wp-content\/uploads\/image-8-600x488.webp 600w, https:\/\/www.hommy.com\/wp-content\/uploads\/image-8-300x244.webp 300w, https:\/\/www.hommy.com\/wp-content\/uploads\/image-8-768x624.webp 768w\" sizes=\"auto, (max-width: 800px) 100vw, 800px\" \/><figcaption class=\"wp-element-caption\">2. Preencher e apresentar o formul\u00e1rio de candidatura<\/figcaption><\/figure>\n\n\n\n<figure class=\"wp-block-image size-medium\"><img loading=\"lazy\" decoding=\"async\" width=\"800\" height=\"650\" data-id=\"1547\" src=\"https:\/\/www.hommy.com\/wp-content\/uploads\/image-9.webp\" alt=\"Aguardar a avalia\u00e7\u00e3o de qualifica\u00e7\u00e3o da Bango\" class=\"wp-image-1547\" title=\"Aguardar a avalia\u00e7\u00e3o de qualifica\u00e7\u00e3o da Bango\" srcset=\"https:\/\/www.hommy.com\/wp-content\/uploads\/image-9.webp 800w, https:\/\/www.hommy.com\/wp-content\/uploads\/image-9-600x488.webp 600w, https:\/\/www.hommy.com\/wp-content\/uploads\/image-9-300x244.webp 300w, https:\/\/www.hommy.com\/wp-content\/uploads\/image-9-768x624.webp 768w\" sizes=\"auto, (max-width: 800px) 100vw, 800px\" \/><figcaption class=\"wp-element-caption\">3. Aguardar a avalia\u00e7\u00e3o de qualifica\u00e7\u00e3o da Bango<\/figcaption><\/figure>\n<\/figure>\n\n\n\n<figure class=\"wp-block-gallery has-nested-images columns-default is-cropped columns-3 wp-block-gallery-3 is-layout-flex wp-block-gallery-is-layout-flex\">\n<figure class=\"wp-block-image size-medium\"><img loading=\"lazy\" decoding=\"async\" width=\"800\" height=\"650\" data-id=\"1548\" src=\"https:\/\/www.hommy.com\/wp-content\/uploads\/image-10.webp\" alt=\"Comunicar as regras de coopera\u00e7\u00e3o em pormenor com a Bango\" class=\"wp-image-1548\" title=\"Comunicar as regras de coopera\u00e7\u00e3o em pormenor com a Bango\" srcset=\"https:\/\/www.hommy.com\/wp-content\/uploads\/image-10.webp 800w, https:\/\/www.hommy.com\/wp-content\/uploads\/image-10-600x488.webp 600w, https:\/\/www.hommy.com\/wp-content\/uploads\/image-10-300x244.webp 300w, https:\/\/www.hommy.com\/wp-content\/uploads\/image-10-768x624.webp 768w\" sizes=\"auto, (max-width: 800px) 100vw, 800px\" \/><figcaption class=\"wp-element-caption\">4. Comunicar as regras de coopera\u00e7\u00e3o em pormenor com a Bango<\/figcaption><\/figure>\n\n\n\n<figure class=\"wp-block-image size-medium\"><img loading=\"lazy\" decoding=\"async\" width=\"800\" height=\"650\" data-id=\"1549\" src=\"https:\/\/www.hommy.com\/wp-content\/uploads\/image-11.webp\" alt=\"Compreens\u00e3o total da marca Bango e do conceito de neg\u00f3cio\" class=\"wp-image-1549\" title=\"Compreens\u00e3o total da marca Bango e do conceito de neg\u00f3cio\" srcset=\"https:\/\/www.hommy.com\/wp-content\/uploads\/image-11.webp 800w, https:\/\/www.hommy.com\/wp-content\/uploads\/image-11-600x488.webp 600w, https:\/\/www.hommy.com\/wp-content\/uploads\/image-11-300x244.webp 300w, https:\/\/www.hommy.com\/wp-content\/uploads\/image-11-768x624.webp 768w\" sizes=\"auto, (max-width: 800px) 100vw, 800px\" \/><figcaption class=\"wp-element-caption\">5. Compreens\u00e3o total da marca Bango e do conceito de neg\u00f3cio<\/figcaption><\/figure>\n\n\n\n<figure class=\"wp-block-image size-medium\"><img loading=\"lazy\" decoding=\"async\" width=\"800\" height=\"650\" data-id=\"1550\" src=\"https:\/\/www.hommy.com\/wp-content\/uploads\/image-12.webp\" alt=\"Visitar e selecionar o endere\u00e7o da empresa, avaliar o projeto e confirmar o modo de funcionamento da empresa\" class=\"wp-image-1550\" title=\"Visitar e selecionar o endere\u00e7o da empresa, avaliar o projeto e confirmar o modo de funcionamento da empresa\" srcset=\"https:\/\/www.hommy.com\/wp-content\/uploads\/image-12.webp 800w, https:\/\/www.hommy.com\/wp-content\/uploads\/image-12-600x488.webp 600w, https:\/\/www.hommy.com\/wp-content\/uploads\/image-12-300x244.webp 300w, https:\/\/www.hommy.com\/wp-content\/uploads\/image-12-768x624.webp 768w\" sizes=\"auto, (max-width: 800px) 100vw, 800px\" \/><figcaption class=\"wp-element-caption\">6. Visitar e selecionar o endere\u00e7o da empresa, avaliar o projeto e confirmar o modo de funcionamento da empresa<\/figcaption><\/figure>\n<\/figure>\n\n\n\n<figure class=\"wp-block-gallery has-nested-images columns-default is-cropped columns-3 wp-block-gallery-4 is-layout-flex wp-block-gallery-is-layout-flex\">\n<figure class=\"wp-block-image size-medium\"><img loading=\"lazy\" decoding=\"async\" width=\"800\" height=\"650\" data-id=\"1551\" src=\"https:\/\/www.hommy.com\/wp-content\/uploads\/image-13.webp\" alt=\"Assinar o contrato comercial\" class=\"wp-image-1551\" title=\"Assinar o contrato comercial\" srcset=\"https:\/\/www.hommy.com\/wp-content\/uploads\/image-13.webp 800w, https:\/\/www.hommy.com\/wp-content\/uploads\/image-13-600x488.webp 600w, https:\/\/www.hommy.com\/wp-content\/uploads\/image-13-300x244.webp 300w, https:\/\/www.hommy.com\/wp-content\/uploads\/image-13-768x624.webp 768w\" sizes=\"auto, (max-width: 800px) 100vw, 800px\" \/><figcaption class=\"wp-element-caption\">7. Assinar o contrato de atividade<\/figcaption><\/figure>\n\n\n\n<figure class=\"wp-block-image size-medium\"><img loading=\"lazy\" decoding=\"async\" width=\"800\" height=\"650\" data-id=\"1554\" src=\"https:\/\/www.hommy.com\/wp-content\/uploads\/image-16.webp\" alt=\"Conceber e decorar a loja Bango, recrutar pessoal e preparar os materiais e o certificado comercial\" class=\"wp-image-1554\" title=\"Conceber e decorar a loja Bango, recrutar pessoal e preparar os materiais e o certificado comercial\" srcset=\"https:\/\/www.hommy.com\/wp-content\/uploads\/image-16.webp 800w, https:\/\/www.hommy.com\/wp-content\/uploads\/image-16-600x488.webp 600w, https:\/\/www.hommy.com\/wp-content\/uploads\/image-16-300x244.webp 300w, https:\/\/www.hommy.com\/wp-content\/uploads\/image-16-768x624.webp 768w\" sizes=\"auto, (max-width: 800px) 100vw, 800px\" \/><figcaption class=\"wp-element-caption\">8. Conceber e decorar a loja Bango, recrutar pessoal e preparar os materiais e o certificado comercial<\/figcaption><\/figure>\n\n\n\n<figure class=\"wp-block-image size-medium\"><img loading=\"lazy\" decoding=\"async\" width=\"800\" height=\"650\" data-id=\"1552\" src=\"https:\/\/www.hommy.com\/wp-content\/uploads\/image-14.webp\" alt=\"Formar o pessoal, iniciar a publicidade e a promo\u00e7\u00e3o das vendas\" class=\"wp-image-1552\" title=\"Formar o pessoal, iniciar a publicidade e a promo\u00e7\u00e3o das vendas\" srcset=\"https:\/\/www.hommy.com\/wp-content\/uploads\/image-14.webp 800w, https:\/\/www.hommy.com\/wp-content\/uploads\/image-14-600x488.webp 600w, https:\/\/www.hommy.com\/wp-content\/uploads\/image-14-300x244.webp 300w, https:\/\/www.hommy.com\/wp-content\/uploads\/image-14-768x624.webp 768w\" sizes=\"auto, (max-width: 800px) 100vw, 800px\" \/><figcaption class=\"wp-element-caption\">9. Formar o pessoal, iniciar a publicidade e a promo\u00e7\u00e3o de vendas<\/figcaption><\/figure>\n<\/figure>\n\n\n\n<figure class=\"wp-block-gallery has-nested-images columns-default is-cropped columns-3 wp-block-gallery-5 is-layout-flex wp-block-gallery-is-layout-flex\">\n<figure class=\"wp-block-image size-medium\"><img loading=\"lazy\" decoding=\"async\" width=\"800\" height=\"650\" data-id=\"1553\" src=\"https:\/\/www.hommy.com\/wp-content\/uploads\/image-15.webp\" alt=\"Abertura \u00e0 experi\u00eancia e melhoria de todas as regras da loja durante a experi\u00eancia\" class=\"wp-image-1553\" title=\"Abertura \u00e0 experi\u00eancia e melhoria de todas as regras da loja durante a experi\u00eancia\" srcset=\"https:\/\/www.hommy.com\/wp-content\/uploads\/image-15.webp 800w, https:\/\/www.hommy.com\/wp-content\/uploads\/image-15-600x488.webp 600w, https:\/\/www.hommy.com\/wp-content\/uploads\/image-15-300x244.webp 300w, https:\/\/www.hommy.com\/wp-content\/uploads\/image-15-768x624.webp 768w\" sizes=\"auto, (max-width: 800px) 100vw, 800px\" \/><figcaption class=\"wp-element-caption\">10. Experimentar a abertura e melhorar todas as regras da loja durante o ensaio<\/figcaption><\/figure>\n\n\n\n<figure class=\"wp-block-image size-medium\"><img loading=\"lazy\" decoding=\"async\" width=\"800\" height=\"650\" data-id=\"1555\" src=\"https:\/\/www.hommy.com\/wp-content\/uploads\/image-17.webp\" alt=\"Abertura oficial da loja Bango\" class=\"wp-image-1555\" title=\"Abertura oficial da loja Bango\" srcset=\"https:\/\/www.hommy.com\/wp-content\/uploads\/image-17.webp 800w, https:\/\/www.hommy.com\/wp-content\/uploads\/image-17-600x488.webp 600w, https:\/\/www.hommy.com\/wp-content\/uploads\/image-17-300x244.webp 300w, https:\/\/www.hommy.com\/wp-content\/uploads\/image-17-768x624.webp 768w\" sizes=\"auto, (max-width: 800px) 100vw, 800px\" \/><figcaption class=\"wp-element-caption\">11. Abertura oficial da loja Bango<\/figcaption><\/figure>\n\n\n\n<figure class=\"wp-block-image size-medium\"><img loading=\"lazy\" decoding=\"async\" width=\"800\" height=\"650\" data-id=\"1557\" src=\"https:\/\/www.hommy.com\/wp-content\/uploads\/image-19.webp\" alt=\"Supervisionar e orientar o investidor na gest\u00e3o da loja\" class=\"wp-image-1557\" title=\"Supervisionar e orientar o investidor na gest\u00e3o da loja\" srcset=\"https:\/\/www.hommy.com\/wp-content\/uploads\/image-19.webp 800w, https:\/\/www.hommy.com\/wp-content\/uploads\/image-19-600x488.webp 600w, https:\/\/www.hommy.com\/wp-content\/uploads\/image-19-300x244.webp 300w, https:\/\/www.hommy.com\/wp-content\/uploads\/image-19-768x624.webp 768w\" sizes=\"auto, (max-width: 800px) 100vw, 800px\" \/><figcaption class=\"wp-element-caption\">12. Supervisionar e orientar o investidor na gest\u00e3o da loja<\/figcaption><\/figure>\n<\/figure>\n\n\n\n<p><strong>2. M\u00e1quina de venda autom\u00e1tica de gelados<\/strong><\/p>\n\n\n\n<figure class=\"wp-block-image size-large\"><img loading=\"lazy\" decoding=\"async\" width=\"929\" height=\"568\" src=\"https:\/\/www.hommy.com\/wp-content\/uploads\/image-18.webp\" alt=\"M\u00e1quina de venda autom\u00e1tica de gelados\" class=\"wp-image-1556\" title=\"M\u00e1quina de venda autom\u00e1tica de gelados\" srcset=\"https:\/\/www.hommy.com\/wp-content\/uploads\/image-18.webp 929w, https:\/\/www.hommy.com\/wp-content\/uploads\/image-18-600x367.webp 600w, https:\/\/www.hommy.com\/wp-content\/uploads\/image-18-300x183.webp 300w, https:\/\/www.hommy.com\/wp-content\/uploads\/image-18-768x470.webp 768w\" sizes=\"auto, (max-width: 929px) 100vw, 929px\" \/><\/figure>\n\n\n\n<p>Na loja de gelados Bango, pode ver que algumas m\u00e1quinas de gelados s\u00e3o feitas \u00e0 m\u00e3o, mas tamb\u00e9m pode descobrir que algumas s\u00e3o autom\u00e1ticas. As m\u00e1quinas de venda autom\u00e1tica de gelados tamb\u00e9m s\u00e3o desenvolvidas e fabricadas pela Hommy.<\/p>\n\n\n\n<p>Para ajudar os clientes a fazer um bom neg\u00f3cio na ind\u00fastria dos gelados, para al\u00e9m do neg\u00f3cio da loja de gelados, recomendamos tamb\u00e9m que invistam em m\u00e1quinas de venda autom\u00e1tica de gelados \u00e0 volta da sua loja. Especialmente depois de ter a sua pr\u00f3pria loja Bango e uma equipa de servi\u00e7o madura, pode enviar a sua equipa para gerir a m\u00e1quina de venda autom\u00e1tica localmente para fazer um maior desenvolvimento do seu neg\u00f3cio de gelados.<\/p>\n\n\n\n<p>As m\u00e1quinas de venda autom\u00e1tica de gelados s\u00e3o facilmente amov\u00edveis e podem ser colocadas em v\u00e1rios locais de forma flex\u00edvel para o neg\u00f3cio, tais como cinemas, universidades, restaurantes, centros comerciais, locais c\u00e9nicos, etc. Esta forma de neg\u00f3cio \"loja de gelados artesanais + m\u00e1quina autom\u00e1tica de venda autom\u00e1tica de gelados\" \u00e9 denominada \"Ecossistema de neg\u00f3cio de gelados\".<\/p>\n\n\n\n<p><strong>Local de aplica\u00e7\u00e3o da m\u00e1quina autom\u00e1tica de venda autom\u00e1tica de gelados<\/strong><\/p>\n\n\n\n<figure class=\"wp-block-image size-large\"><img loading=\"lazy\" decoding=\"async\" width=\"1400\" height=\"696\" src=\"https:\/\/www.hommy.com\/wp-content\/uploads\/image-7.jpeg\" alt=\"M\u00e1quina de venda autom\u00e1tica de gelados em diferentes locais\" class=\"wp-image-1558\" title=\"M\u00e1quina de venda autom\u00e1tica de gelados em diferentes locais\" srcset=\"https:\/\/www.hommy.com\/wp-content\/uploads\/image-7.jpeg 1400w, https:\/\/www.hommy.com\/wp-content\/uploads\/image-7-600x298.jpeg 600w, https:\/\/www.hommy.com\/wp-content\/uploads\/image-7-300x149.jpeg 300w, https:\/\/www.hommy.com\/wp-content\/uploads\/image-7-1024x509.jpeg 1024w, https:\/\/www.hommy.com\/wp-content\/uploads\/image-7-768x382.jpeg 768w\" sizes=\"auto, (max-width: 1400px) 100vw, 1400px\" \/><\/figure>","protected":false},"excerpt":{"rendered":"<p>1. Bango Ice Cream Store With 20 years in manufacturing ice cream machines, Hommy Enterprise (Xinhui) Co., LTD. knows well how to make ice cream in good quality (Professional Ice cream maker machine &amp; food processing machine). Based on this rich experience, the founder of Hommy, Mr. Daniel Lai set up Bango International Catering Management [&hellip;]<\/p>\n","protected":false},"author":1,"featured_media":0,"parent":0,"menu_order":0,"comment_status":"closed","ping_status":"closed","template":"","meta":{"_swt_meta_header_display":false,"_swt_meta_footer_display":false,"_swt_meta_site_title_display":false,"_swt_meta_sticky_header":false,"_swt_meta_transparent_header":false,"footnotes":""},"class_list":["post-1539","page","type-page","status-publish","hentry"],"_links":{"self":[{"href":"https:\/\/www.hommy.com\/pt\/wp-json\/wp\/v2\/pages\/1539","targetHints":{"allow":["GET"]}}],"collection":[{"href":"https:\/\/www.hommy.com\/pt\/wp-json\/wp\/v2\/pages"}],"about":[{"href":"https:\/\/www.hommy.com\/pt\/wp-json\/wp\/v2\/types\/page"}],"author":[{"embeddable":true,"href":"https:\/\/www.hommy.com\/pt\/wp-json\/wp\/v2\/users\/1"}],"replies":[{"embeddable":true,"href":"https:\/\/www.hommy.com\/pt\/wp-json\/wp\/v2\/comments?post=1539"}],"version-history":[{"count":0,"href":"https:\/\/www.hommy.com\/pt\/wp-json\/wp\/v2\/pages\/1539\/revisions"}],"wp:attachment":[{"href":"https:\/\/www.hommy.com\/pt\/wp-json\/wp\/v2\/media?parent=1539"}],"curies":[{"name":"wp","href":"https:\/\/api.w.org\/{rel}","templated":true}]}}