{"id":1537,"date":"2024-07-03T12:56:13","date_gmt":"2024-07-03T12:56:13","guid":{"rendered":"http:\/\/localhost\/hommywp\/?page_id=1537"},"modified":"2024-07-03T12:56:16","modified_gmt":"2024-07-03T12:56:16","slug":"faq","status":"publish","type":"page","link":"https:\/\/www.hommy.com\/pt\/faq\/","title":{"rendered":"FAQ"},"content":{"rendered":"<p>Para adicionar os servi\u00e7os de leitura de cart\u00f5es de cr\u00e9dito, \u00e9 necess\u00e1ria alguma informa\u00e7\u00e3o da nossa parte?&nbsp;<\/p>\n\n\n\n<p>Se o ajudarmos a comprar o cart\u00e3o de cr\u00e9dito na China, podemos ajud\u00e1-lo a tratar de tudo, quando obtiver a m\u00e1quina, o fornecedor do cart\u00e3o de cr\u00e9dito que tem agente no seu mercado que o ajudar\u00e1 a tratar de tudo abre a conta assim. se vai instalar o cart\u00e3o de cr\u00e9dito no seu pa\u00eds, a m\u00e1quina dentro do sistema que usamos \u00e9 MDB que \u00e9 o acordo internacional, pode pedir ao fornecedor do cart\u00e3o de cr\u00e9dito para instalar para si. &nbsp;<\/p>\n\n\n\n<p>Queremos ter a certeza de que as m\u00e1quinas de venda autom\u00e1tica podem entrar na Europa (em conformidade com as especifica\u00e7\u00f5es europeias)?<\/p>\n\n\n\n<p>Esta m\u00e1quina obteve a certifica\u00e7\u00e3o CE, UL. que pode vender para fora do mercado da Europa e dos EUA, n\u00f3s vendemos para o mercado da Europa e mercado dos EUA agora.<\/p>\n\n\n\n<p>Queremos mais informa\u00e7\u00f5es sobre a garantia e a forma de a reparar em caso de avaria?<\/p>\n\n\n\n<p>Hommy m\u00e1quina de venda autom\u00e1tica tem 18 meses de garantia, quando a m\u00e1quina de venda autom\u00e1tica de sorvete tem qualquer pergunta que tamb\u00e9m pode verific\u00e1-lo no fundo que vai nos dar alguma infornation, n\u00f3s a partir desta mensagem, n\u00f3s sabemos o que \u00e9 quest\u00e3o, vamos enviar a parte para voc\u00ea para mud\u00e1-lo .<\/p>\n\n\n\n<p>Se n\u00e3o houver Internet, como posso obter informa\u00e7\u00f5es sobre as vendas na m\u00e1quina de venda autom\u00e1tica?<\/p>\n\n\n\n<p>Se n\u00e3o existir uma rede, s\u00f3 \u00e9 poss\u00edvel verificar o volume de vendas di\u00e1rio no fundo da m\u00e1quina de venda autom\u00e1tica.<\/p>\n\n\n\n<p>A m\u00e1quina de venda autom\u00e1tica de gelados Hommy tem um sistema de lembrete para reabastecer?<\/p>\n\n\n\n<p>Sim, quando a m\u00e1quina de venda autom\u00e1tica de gelados tem menos material, enviar\u00e1 uma mensagem para o funcion\u00e1rio reabastecer, se o material passar o n\u00edvel que configur\u00e1mos, a m\u00e1quina parar\u00e1 automaticamente de funcionar.<\/p>\n\n\n\n<p>Queremos mais informa\u00e7\u00f5es sobre o sistema de vendas e a aplica\u00e7\u00e3o. No neg\u00f3cio de m\u00e1quinas de venda autom\u00e1tica Hommy ?<\/p>\n\n\n\n<p>Pode ver este v\u00eddeo que cont\u00e9m algumas partes sobre a m\u00e1quina de venda autom\u00e1tica de gelados dentro do sistema.   Por favor, verifique-o https:\/\/youtube.com\/embed\/FGJZCLwgloU?rel=0&nbsp;<\/p>\n\n\n\n<p>Existem regras para a posi\u00e7\u00e3o da m\u00e1quina de venda autom\u00e1tica, por exemplo, a quantos metros da parede...? e a m\u00e1quina de venda autom\u00e1tica funciona bem se o tempo estiver quente?<\/p>\n\n\n\n<p>A m\u00e1quina de venda autom\u00e1tica Hommy est\u00e1 no mercado h\u00e1 mais de 6 anos. Sabemos que existem certas restri\u00e7\u00f5es em alguns locais. Mud\u00e1mos a porta de escape para o topo, para que n\u00e3o haja restri\u00e7\u00f5es. A ventila\u00e7\u00e3o em todos os lados da m\u00e1quina de venda autom\u00e1tica n\u00e3o \u00e9 muito rigorosa no local de armazenamento.<\/p>\n\n\n\n<p>o que \u00e9 necess\u00e1rio para acrescentar uma nova l\u00edngua?<\/p>\n\n\n\n<p>Sim, n\u00f3s podemos ajud\u00e1-lo a adicionar o seu idioma para a m\u00e1quina de venda autom\u00e1tica, apenas agora a nossa m\u00e1quina de venda autom\u00e1tica de sorvete tem mais linguagem para voc\u00ea escolher: chin\u00eas, Ingl\u00eas, Pol\u00f3nia, Ar\u00e1bia Saudita, Mal\u00e1sia, Tail\u00e2ndia, Espanha, Alemanha, Mal\u00e1sia, Russis.<\/p>\n\n\n\n<p>Qual \u00e9 a manuten\u00e7\u00e3o regular da m\u00e1quina de venda autom\u00e1tica de gelados?<\/p>\n\n\n\n<p>1. Cada vez que se adiciona material para a m\u00e1quina de venda autom\u00e1tica de gelados, \u00e9 necess\u00e1rio simplesmente limpar a m\u00e1quina. 2. A cada 14 dias, \u00e9 necess\u00e1rio retirar o bloco de garganta para limpar o interior do cilindro. Como a m\u00e1quina de venda autom\u00e1tica de gelados tem uma fun\u00e7\u00e3o de pasteuriza\u00e7\u00e3o, todas as noites \u00e9 feita automaticamente, pelo que n\u00e3o \u00e9 necess\u00e1rio limpar o interior da m\u00e1quina. 3. 3. 3 meses para trocar a junta interna da m\u00e1quina de venda autom\u00e1tica. 4. 1 ano para limpar o condensador uma vez.<\/p>\n\n\n\n<p>qual \u00e9 a manuten\u00e7\u00e3o regular da m\u00e1quina de venda autom\u00e1tica de gelados?<\/p>\n\n\n\n<p>1. Cada vez que se adiciona material para a m\u00e1quina de venda autom\u00e1tica de gelados, \u00e9 necess\u00e1rio simplesmente limpar a m\u00e1quina. 2. a cada 14 dias, \u00e9 necess\u00e1rio retirar o bloco da garganta para limpar o interior do cilindro. como a m\u00e1quina de venda autom\u00e1tica de gelados tem a fun\u00e7\u00e3o de pasteuriza\u00e7\u00e3o, todas as noites \u00e9 feita automaticamente, pelo que n\u00e3o \u00e9 necess\u00e1rio limpar o interior da m\u00e1quina 3. 3 meses para mudar a junta interna da m\u00e1quina de venda autom\u00e1tica, 4. 1 ano para limpar o condensador uma vez, esta parte pode ser pedida a quem limpa o ar condicionado.<\/p>\n\n\n\n<p>a m\u00e1quina de venda autom\u00e1tica tem altifalante?<\/p>\n\n\n\n<p>sim, a nossa m\u00e1quina tem esta fun\u00e7\u00e3o, veja o v\u00eddeo que tem esta fun\u00e7\u00e3o no seu interior.<\/p>\n\n\n\n<p>Vejo que a vossa empresa produziu uma m\u00e1quina de sumo de a\u00e7\u00facar com sistema de arrefecimento, o que \u00e9 diferente de outras m\u00e1quinas de sumo de a\u00e7\u00facar?<\/p>\n\n\n\n<p>A nossa m\u00e1quina de sumo sugcan tem um sistema de arrefecimento que pode manter o sumo fresco sem gelo e pode manter o sabor original do sumo mais fresco, tamb\u00e9m esta m\u00e1quina dentro do papel \u00e9 muito forte, tira a taxa de sumo 85%.<\/p>\n\n\n\n<p>Durante quanto tempo produz a m\u00e1quina de venda autom\u00e1tica de gelados? Quantos tipos de m\u00e1quinas de venda autom\u00e1tica existem?<\/p>\n\n\n\n<p>N\u00f3s produzimos m\u00e1quina de sorvete cerca de 20 anos, a partir de 2013 come\u00e7amos a produzir o primeiro sorvete de venda autom\u00e1tica, quando voc\u00ea vem para o nosso show room voc\u00ea pode ver esta primeira m\u00e1quina, n\u00f3s ainda mant\u00ea-lo. Temos 4 tipos de venda autom\u00e1tica: stand Hm766, HM931, HM736 e mesa HM116A, voc\u00ea pode ver o nosso cat\u00e1logo voc\u00ea pode ver mais sobre ele.<\/p>\n\n\n\n<p>H\u00e1 quanto tempo est\u00e1 a sua empresa estabelecida e quantos empregados tem?<\/p>\n\n\n\n<p>A nossa empresa \u00e9 de 1999 e temos cerca de 80pcs de trabalhadores.<\/p>\n\n\n\n<p>A vossa m\u00e1quina de venda autom\u00e1tica de gelados pode funcionar com o dinheiro e a l\u00edngua do nosso pa\u00eds?<\/p>\n\n\n\n<p>Sim, podemos usar o dinheiro do seu pa\u00eds, neste momento usamos o sistema de pagamento feito no Reino Unido ou Taiwan dois fornecedores. a nossa m\u00e1quina tem diferentes idiomas: chin\u00eas, ingl\u00eas, \u00e1rabe, espanhol, malaio, vietnamita, tailand\u00eas, portugu\u00eas. se o seu lauguage n\u00e3o incluir dentro, voc\u00ea pode nos ajudar a faz\u00ea-lo, mas voc\u00ea precisa nos ajudar a traduzir que vai ok que \u00e9 livre para voc\u00ea adicionar outro idioma.<\/p>","protected":false},"excerpt":{"rendered":"<p>To add Credit Card Reader Services do you need any info from us?&nbsp; If we help you to buy the credit card in china , we can help you to handle all , when you get the machine , the credit card supplier who have agent in your market&nbsp; who will help you to handle [&hellip;]<\/p>\n","protected":false},"author":1,"featured_media":0,"parent":0,"menu_order":0,"comment_status":"closed","ping_status":"closed","template":"","meta":{"_swt_meta_header_display":false,"_swt_meta_footer_display":false,"_swt_meta_site_title_display":false,"_swt_meta_sticky_header":false,"_swt_meta_transparent_header":false,"footnotes":""},"class_list":["post-1537","page","type-page","status-publish","hentry"],"_links":{"self":[{"href":"https:\/\/www.hommy.com\/pt\/wp-json\/wp\/v2\/pages\/1537","targetHints":{"allow":["GET"]}}],"collection":[{"href":"https:\/\/www.hommy.com\/pt\/wp-json\/wp\/v2\/pages"}],"about":[{"href":"https:\/\/www.hommy.com\/pt\/wp-json\/wp\/v2\/types\/page"}],"author":[{"embeddable":true,"href":"https:\/\/www.hommy.com\/pt\/wp-json\/wp\/v2\/users\/1"}],"replies":[{"embeddable":true,"href":"https:\/\/www.hommy.com\/pt\/wp-json\/wp\/v2\/comments?post=1537"}],"version-history":[{"count":0,"href":"https:\/\/www.hommy.com\/pt\/wp-json\/wp\/v2\/pages\/1537\/revisions"}],"wp:attachment":[{"href":"https:\/\/www.hommy.com\/pt\/wp-json\/wp\/v2\/media?parent=1537"}],"curies":[{"name":"wp","href":"https:\/\/api.w.org\/{rel}","templated":true}]}}