{"id":1535,"date":"2024-07-03T12:55:03","date_gmt":"2024-07-03T12:55:03","guid":{"rendered":"http:\/\/localhost\/hommywp\/?page_id=1535"},"modified":"2024-11-15T15:15:17","modified_gmt":"2024-11-15T15:15:17","slug":"o-que-precisamos","status":"publish","type":"page","link":"https:\/\/www.hommy.com\/pt\/o-que-precisamos\/","title":{"rendered":"Do que precisamos? Necessidade de ter abaixo de qualquer item:"},"content":{"rendered":"<p><strong>A. Pretende uma equipa de manuten\u00e7\u00e3o p\u00f3s-venda profissional.<\/strong><\/p>\n\n\n\n<p><strong>B. \u00c9 necess\u00e1rio um engenheiro de m\u00e1quinas que tenha de compreender algumas partes el\u00e9ctricas.<\/strong><\/p>","protected":false},"excerpt":{"rendered":"<p>A. Pretende uma equipa de manuten\u00e7\u00e3o p\u00f3s-venda profissional. B. Precisa de um engenheiro de m\u00e1quinas que tenha de compreender algumas partes el\u00e9ctricas.<\/p>","protected":false},"author":1,"featured_media":0,"parent":0,"menu_order":0,"comment_status":"closed","ping_status":"closed","template":"","meta":{"_swt_meta_header_display":false,"_swt_meta_footer_display":false,"_swt_meta_site_title_display":false,"_swt_meta_sticky_header":false,"_swt_meta_transparent_header":false,"footnotes":""},"class_list":["post-1535","page","type-page","status-publish","hentry"],"_links":{"self":[{"href":"https:\/\/www.hommy.com\/pt\/wp-json\/wp\/v2\/pages\/1535","targetHints":{"allow":["GET"]}}],"collection":[{"href":"https:\/\/www.hommy.com\/pt\/wp-json\/wp\/v2\/pages"}],"about":[{"href":"https:\/\/www.hommy.com\/pt\/wp-json\/wp\/v2\/types\/page"}],"author":[{"embeddable":true,"href":"https:\/\/www.hommy.com\/pt\/wp-json\/wp\/v2\/users\/1"}],"replies":[{"embeddable":true,"href":"https:\/\/www.hommy.com\/pt\/wp-json\/wp\/v2\/comments?post=1535"}],"version-history":[{"count":0,"href":"https:\/\/www.hommy.com\/pt\/wp-json\/wp\/v2\/pages\/1535\/revisions"}],"wp:attachment":[{"href":"https:\/\/www.hommy.com\/pt\/wp-json\/wp\/v2\/media?parent=1535"}],"curies":[{"name":"wp","href":"https:\/\/api.w.org\/{rel}","templated":true}]}}