{"id":1533,"date":"2024-07-03T12:53:50","date_gmt":"2024-07-03T12:53:50","guid":{"rendered":"http:\/\/localhost\/hommywp\/?page_id=1533"},"modified":"2024-11-15T15:32:15","modified_gmt":"2024-11-15T15:32:15","slug":"o-que-pode-obter-sendo-nosso-agente-de-vendas","status":"publish","type":"page","link":"https:\/\/www.hommy.com\/pt\/o-que-pode-obter-sendo-nosso-agente-de-vendas\/","title":{"rendered":"O que pode obter sendo nosso agente de vendas"},"content":{"rendered":"<h2 class=\"wp-block-heading\"><strong>Lucro m\u00e1ximo!<\/strong><\/h2>\n\n\n\n<p>Damos-lhe um pre\u00e7o de revendedor! Pode controlar o pre\u00e7o de venda de acordo com o seu mercado local e obter o m\u00e1ximo benef\u00edcio!<\/p>\n\n\n\n<p><\/p>\n\n\n\n<h2 class=\"wp-block-heading\"><strong>Te<\/strong><strong>apoio t\u00e9cnico!<\/strong><\/h2>\n\n\n\n<p>Temos t\u00e9cnicos profissionais, pode enviar pessoas para a nossa f\u00e1brica para aprender a reparar e operar a m\u00e1quina ou os nossos t\u00e9cnicos para o seu pa\u00eds para forma\u00e7\u00e3o e apoio t\u00e9cnico!<\/p>\n\n\n\n<p><\/p>\n\n\n\n<h2 class=\"wp-block-heading\"><strong>V<\/strong><strong>produtos de qualidade e de qualidade<\/strong><strong>&nbsp;e desenvolvimento de novos produtos!<\/strong><\/h2>\n\n\n\n<p>Continuaremos a desenvolver novos produtos e a melhorar os produtos antigos para os tornar melhores. Ao mesmo tempo, damos as boas-vindas aos clientes para propor novos OEMs ou novas ideias e novas ideias para fazer mais produtos bons.<\/p>\n\n\n\n<p><\/p>\n\n\n\n<h2 class=\"wp-block-heading\"><strong>M<\/strong><strong>apoio ao marketing!<\/strong><\/h2>\n\n\n\n<p>Se participar na exposi\u00e7\u00e3o, podemos enviar vendedores para a \u00e1rea local para apoiar e ajudar na comercializa\u00e7\u00e3o e encaminhar os pedidos de informa\u00e7\u00e3o locais para si!<\/p>\n\n\n\n<p><\/p>\n\n\n\n<h2 class=\"wp-block-heading\"><strong>W<\/strong><strong>Estamos dispostos a crescer em conjunto com o nosso concession\u00e1rio.<\/strong><\/h2>\n\n\n\n<p>Se receber uma boa sugest\u00e3o do cliente, pode enviar-nos um feedback, e n\u00f3s melhoramos a m\u00e1quina de acordo com a sua exig\u00eancia.<\/p>","protected":false},"excerpt":{"rendered":"<p>Maximums profit! We give you a dealer price! You can control the sales price according to your local market, and you get the maximums benefit! Technical support! We have professional technicians, you can send people to our factory to learn how to repair and operate the machine or our technicians to your country for training [&hellip;]<\/p>\n","protected":false},"author":1,"featured_media":0,"parent":0,"menu_order":0,"comment_status":"closed","ping_status":"closed","template":"","meta":{"_swt_meta_header_display":false,"_swt_meta_footer_display":false,"_swt_meta_site_title_display":false,"_swt_meta_sticky_header":false,"_swt_meta_transparent_header":false,"footnotes":""},"class_list":["post-1533","page","type-page","status-publish","hentry"],"_links":{"self":[{"href":"https:\/\/www.hommy.com\/pt\/wp-json\/wp\/v2\/pages\/1533","targetHints":{"allow":["GET"]}}],"collection":[{"href":"https:\/\/www.hommy.com\/pt\/wp-json\/wp\/v2\/pages"}],"about":[{"href":"https:\/\/www.hommy.com\/pt\/wp-json\/wp\/v2\/types\/page"}],"author":[{"embeddable":true,"href":"https:\/\/www.hommy.com\/pt\/wp-json\/wp\/v2\/users\/1"}],"replies":[{"embeddable":true,"href":"https:\/\/www.hommy.com\/pt\/wp-json\/wp\/v2\/comments?post=1533"}],"version-history":[{"count":0,"href":"https:\/\/www.hommy.com\/pt\/wp-json\/wp\/v2\/pages\/1533\/revisions"}],"wp:attachment":[{"href":"https:\/\/www.hommy.com\/pt\/wp-json\/wp\/v2\/media?parent=1533"}],"curies":[{"name":"wp","href":"https:\/\/api.w.org\/{rel}","templated":true}]}}