{"id":1512,"date":"2024-07-03T11:24:20","date_gmt":"2024-07-03T11:24:20","guid":{"rendered":"http:\/\/localhost\/hommywp\/?page_id=1512"},"modified":"2024-07-23T09:38:54","modified_gmt":"2024-07-23T09:38:54","slug":"historia-do-fundador","status":"publish","type":"page","link":"https:\/\/www.hommy.com\/pt\/historia-do-fundador\/","title":{"rendered":"Hist\u00f3ria do fundador"},"content":{"rendered":"<figure class=\"wp-block-image aligncenter size-full\"><a href=\"javascript:;\"><img loading=\"lazy\" decoding=\"async\" width=\"480\" height=\"301\" src=\"https:\/\/www.hommy.com\/wp-content\/uploads\/image.webp\" alt=\"\" class=\"wp-image-1513\" title=\"\" srcset=\"https:\/\/www.hommy.com\/wp-content\/uploads\/image.webp 480w, https:\/\/www.hommy.com\/wp-content\/uploads\/image-300x188.webp 300w\" sizes=\"auto, (max-width: 480px) 100vw, 480px\" \/><\/a><\/figure>\n\n\n\n<p class=\"has-text-align-center\">Sr. Daniel, fundador da Hommy Enterprise (Xinhui) Co., Ltd.<\/p>\n\n\n\n<p>O Sr. Daniel Lai licenciou-se na universidade em 1988, tendo-se formado em Produ\u00e7\u00e3o Mec\u00e2nica. Ap\u00f3s a sua licenciatura, trabalhou na Xinhui Machinery Company para produzir e investigar m\u00e1quinas de gelado, e aprendeu muita informa\u00e7\u00e3o e tecnologia sobre m\u00e1quinas de gelado em todo o mundo. Em 1999, o Sr. Daniel criou a Hommy Enterprise (Xinhui) Co., LTD, que \u00e9 especializada na fabrica\u00e7\u00e3o de todos os tipos de produtos de refrigera\u00e7\u00e3o e m\u00e1quinas de processamento de alimentos, incluindo m\u00e1quina de sorvete expresso, m\u00e1quina de sorvete autom\u00e1tica, etc. At\u00e9 agora, o Sr. Daniel dedicou-se \u00e0 ind\u00fastria de m\u00e1quinas de gelado durante mais de 30 anos.<a href=\"javascript:;\"><\/a><\/p>","protected":false},"excerpt":{"rendered":"<p>Mr. Daniel, Founder of Hommy Enterprise (Xinhui) Co., Ltd. Mr. Daniel Lai was graduated from university in 1988, he majored in Mechanical Manufacturing. After his graduation, he worked in Xinhui Machinery Company to go in for ice cream machine producing and researching, and learn much information and technology about ice cream machine all over the [&hellip;]<\/p>\n","protected":false},"author":1,"featured_media":0,"parent":0,"menu_order":0,"comment_status":"closed","ping_status":"closed","template":"","meta":{"_swt_meta_header_display":false,"_swt_meta_footer_display":false,"_swt_meta_site_title_display":false,"_swt_meta_sticky_header":false,"_swt_meta_transparent_header":false,"footnotes":""},"class_list":["post-1512","page","type-page","status-publish","hentry"],"_links":{"self":[{"href":"https:\/\/www.hommy.com\/pt\/wp-json\/wp\/v2\/pages\/1512","targetHints":{"allow":["GET"]}}],"collection":[{"href":"https:\/\/www.hommy.com\/pt\/wp-json\/wp\/v2\/pages"}],"about":[{"href":"https:\/\/www.hommy.com\/pt\/wp-json\/wp\/v2\/types\/page"}],"author":[{"embeddable":true,"href":"https:\/\/www.hommy.com\/pt\/wp-json\/wp\/v2\/users\/1"}],"replies":[{"embeddable":true,"href":"https:\/\/www.hommy.com\/pt\/wp-json\/wp\/v2\/comments?post=1512"}],"version-history":[{"count":0,"href":"https:\/\/www.hommy.com\/pt\/wp-json\/wp\/v2\/pages\/1512\/revisions"}],"wp:attachment":[{"href":"https:\/\/www.hommy.com\/pt\/wp-json\/wp\/v2\/media?parent=1512"}],"curies":[{"name":"wp","href":"https:\/\/api.w.org\/{rel}","templated":true}]}}