{"id":1473,"date":"2024-07-03T10:27:16","date_gmt":"2024-07-03T10:27:16","guid":{"rendered":"http:\/\/localhost\/hommywp\/?page_id=1473"},"modified":"2024-11-15T11:40:14","modified_gmt":"2024-11-15T11:40:14","slug":"qualidade","status":"publish","type":"page","link":"https:\/\/www.hommy.com\/pt\/qualidade\/","title":{"rendered":"Qualidade"},"content":{"rendered":"<p><strong>1. Compra de mat\u00e9rias-primas&nbsp;<\/strong><\/p>\n\n\n\n<p>Quando todas as mat\u00e9rias-primas chegam ao armaz\u00e9m, a quantidade deve ser confirmada primeiro pelo armaz\u00e9m e, em seguida, o QC pode entrar no armaz\u00e9m de acordo com a qualifica\u00e7\u00e3o da inspe\u00e7\u00e3o.<\/p>\n\n\n\n<p>Se houver problemas de qualidade, os produtos devem ser devolvidos ao fabricante depois de confirmados com a tecnologia.<\/p>\n\n\n\n<figure class=\"wp-block-image size-full\"><img loading=\"lazy\" decoding=\"async\" width=\"750\" height=\"372\" src=\"https:\/\/www.hommy.com\/wp-content\/uploads\/image-1.webp\" alt=\"\" class=\"wp-image-1477\" title=\"\" srcset=\"https:\/\/www.hommy.com\/wp-content\/uploads\/image-1.webp 750w, https:\/\/www.hommy.com\/wp-content\/uploads\/image-1-600x298.webp 600w, https:\/\/www.hommy.com\/wp-content\/uploads\/image-1-300x149.webp 300w\" sizes=\"auto, (max-width: 750px) 100vw, 750px\" \/><\/figure>\n\n\n\n<p><strong>2. controlo da qualidade das pe\u00e7as sobressalentes&nbsp;<\/strong><\/p>\n\n\n\n<p>Os acess\u00f3rios dividem-se em dois tipos: produ\u00e7\u00e3o em f\u00e1brica e produ\u00e7\u00e3o em regime de subcontrata\u00e7\u00e3o. A f\u00e1brica produz por si pr\u00f3pria. No processo de produ\u00e7\u00e3o, a equipa de controlo de qualidade verifica continuamente a qualidade do produto.&nbsp;<\/p>\n\n\n\n<p>Fornecer os desenhos e os requisitos do produto \u00e0 f\u00e1brica da outra parte durante o processo de subcontrata\u00e7\u00e3o e, em seguida, o CQ da f\u00e1brica copiar\u00e1 ou inspeccionar\u00e1 totalmente os produtos de acordo com os desenhos e o processo<\/p>\n\n\n\n<p><strong>3. inspe\u00e7\u00e3o na linha de produ\u00e7\u00e3o<\/strong><\/p>\n\n\n\n<p>Cada m\u00e1quina tem um c\u00f3digo \u00fanico da m\u00e1quina. Na linha de produ\u00e7\u00e3o e montagem, cada m\u00e1quina tem um formul\u00e1rio para preencher a situa\u00e7\u00e3o de instala\u00e7\u00e3o de cada pe\u00e7a.&nbsp;<\/p>\n\n\n\n<p>O controlo de qualidade verificar\u00e1 os problemas detectados no ponto anterior e solicitar\u00e1 ao pessoal competente que trate e guarde a instala\u00e7\u00e3o de toda a m\u00e1quina sem problemas e, em seguida, transfira-a para a m\u00e1quina completa para ser testada<\/p>\n\n\n\n<p><strong>4. o ensaio de toda a m\u00e1quina<\/strong><\/p>\n\n\n\n<p>Quando a m\u00e1quina estiver montada, o pessoal do controlo de qualidade utilizar\u00e1 mat\u00e9rias-primas para testar a m\u00e1quina. Demora cerca de 5-8 horas para toda a m\u00e1quina testar cada m\u00e1quina. As mat\u00e9rias-primas ser\u00e3o colocadas na m\u00e1quina para testar cada fun\u00e7\u00e3o e se a m\u00e1quina tem problemas durante o funcionamento sem paragens.<\/p>\n\n\n\n<p>Quando \u00e9 detectado um problema, este \u00e9 registado no formul\u00e1rio do livro seguinte e tratado pelo pessoal competente.<\/p>\n\n\n\n<p><strong>5. limpar e embalar<\/strong><\/p>\n\n\n\n<p>Depois de toda a m\u00e1quina ser testada, a m\u00e1quina \u00e9 limpa e seca ao ar. Antes da embalagem, o QC ligar\u00e1 novamente a alimenta\u00e7\u00e3o el\u00e9ctrica para verificar se a m\u00e1quina pode funcionar corretamente sem qualquer material.&nbsp;<\/p>\n\n\n\n<p>Ao mesmo tempo, o pessoal de embalagem verificar\u00e1 se os acess\u00f3rios relevantes e os acess\u00f3rios de acompanhamento s\u00e3o colocados na m\u00e1quina de acordo com os requisitos da encomenda do cliente, para que toda a m\u00e1quina possa ser enviada para fora da f\u00e1brica ap\u00f3s o teste.<\/p>","protected":false},"excerpt":{"rendered":"<p>1. Purchase of raw materials&nbsp; When all raw materials arrive at the warehouse, the quantity shall be confirmed by the warehouse first, and then QC can enter the warehouse according to the inspection qualification. If there are quality problems, they shall be returned to the manufacturer after confirmed with the technology. 2.Spare part qualtity control&nbsp; [&hellip;]<\/p>\n","protected":false},"author":1,"featured_media":0,"parent":0,"menu_order":0,"comment_status":"closed","ping_status":"closed","template":"","meta":{"_swt_meta_header_display":false,"_swt_meta_footer_display":false,"_swt_meta_site_title_display":false,"_swt_meta_sticky_header":false,"_swt_meta_transparent_header":false,"footnotes":""},"class_list":["post-1473","page","type-page","status-publish","hentry"],"_links":{"self":[{"href":"https:\/\/www.hommy.com\/pt\/wp-json\/wp\/v2\/pages\/1473","targetHints":{"allow":["GET"]}}],"collection":[{"href":"https:\/\/www.hommy.com\/pt\/wp-json\/wp\/v2\/pages"}],"about":[{"href":"https:\/\/www.hommy.com\/pt\/wp-json\/wp\/v2\/types\/page"}],"author":[{"embeddable":true,"href":"https:\/\/www.hommy.com\/pt\/wp-json\/wp\/v2\/users\/1"}],"replies":[{"embeddable":true,"href":"https:\/\/www.hommy.com\/pt\/wp-json\/wp\/v2\/comments?post=1473"}],"version-history":[{"count":0,"href":"https:\/\/www.hommy.com\/pt\/wp-json\/wp\/v2\/pages\/1473\/revisions"}],"wp:attachment":[{"href":"https:\/\/www.hommy.com\/pt\/wp-json\/wp\/v2\/media?parent=1473"}],"curies":[{"name":"wp","href":"https:\/\/api.w.org\/{rel}","templated":true}]}}