{"id":1455,"date":"2024-07-03T10:08:49","date_gmt":"2024-07-03T10:08:49","guid":{"rendered":"http:\/\/localhost\/hommywp\/?page_id=1455"},"modified":"2024-11-15T11:38:30","modified_gmt":"2024-11-15T11:38:30","slug":"marco","status":"publish","type":"page","link":"https:\/\/www.hommy.com\/pt\/marco\/","title":{"rendered":"Marco hist\u00f3rico"},"content":{"rendered":"<div class=\"wp-block-group alignwide has-background has-global-padding is-layout-constrained wp-container-core-group-is-layout-3a02abfb wp-block-group-is-layout-constrained\" style=\"background-color:#f4f4f9;padding-top:20px;padding-right:20px;padding-bottom:20px;padding-left:20px\">\n<h1 class=\"wp-block-heading has-text-align-center has-text-color\" style=\"color:#0073aa\">Linha do tempo da empresa<\/h1>\n\n\n\n<ol class=\"wp-block-list timeline\">\n<li class=\"timeline-item\">\n<div class=\"wp-block-group has-background is-layout-flow wp-block-group-is-layout-flow\" style=\"border-radius:6px;background-color:#ffffff;padding-top:20px;padding-right:30px;padding-bottom:20px;padding-left:30px\">\n<p class=\"year has-large-font-size\"><strong>2010<\/strong><\/p>\n\n\n\n<p class=\"description\">Recebeu o certificado de reconhecimento de empresa cient\u00edfica privada da prov\u00edncia de Guangdong.<\/p>\n\n\n\n<p class=\"description\">Investiu 1 milh\u00e3o de RMB na aquisi\u00e7\u00e3o de m\u00e1quinas de perfura\u00e7\u00e3o CNC para melhorar a precis\u00e3o dos nossos produtos.<\/p>\n<\/div>\n<\/li>\n\n\n\n<li class=\"timeline-item\">\n<div class=\"wp-block-group has-background is-layout-flow wp-block-group-is-layout-flow\" style=\"border-radius:6px;background-color:#ffffff;padding-top:20px;padding-right:30px;padding-bottom:20px;padding-left:30px\">\n<p class=\"year has-large-font-size\"><strong>2012<\/strong><\/p>\n\n\n\n<p class=\"description\">Premiado como o fornecedor mais popular de m\u00e1quinas de gelado na ind\u00fastria de material hoteleiro.<\/p>\n<\/div>\n<\/li>\n\n\n\n<li class=\"timeline-item\">\n<div class=\"wp-block-group has-background is-layout-flow wp-block-group-is-layout-flow\" style=\"border-radius:6px;background-color:#ffffff;padding-top:20px;padding-right:30px;padding-bottom:20px;padding-left:30px\">\n<p class=\"year has-large-font-size\"><strong>2013<\/strong><\/p>\n\n\n\n<p class=\"description\">Produ\u00e7\u00e3o de m\u00e1quinas de venda autom\u00e1tica de gelados.<\/p>\n\n\n\n<p class=\"description\">Foi fundada a Bango International catering management Co., Ltd. Criou a sua sucursal em Pequim e abriu mais de 50 cadeias de lojas para desenvolver o mercado chin\u00eas.<\/p>\n\n\n\n<p class=\"description\">N\u00f3s cooperamos com KFC na China para produzir o liquidificador de sorvete HM24.<\/p>\n<\/div>\n<\/li>\n\n\n\n<li class=\"timeline-item\">\n<div class=\"wp-block-group has-background is-layout-flow wp-block-group-is-layout-flow\" style=\"border-radius:6px;background-color:#ffffff;padding-top:20px;padding-right:30px;padding-bottom:20px;padding-left:30px\">\n<p class=\"year has-large-font-size\"><strong>2014<\/strong><\/p>\n\n\n\n<p class=\"description\">Desenvolvemos a m\u00e1quina autom\u00e1tica de venda autom\u00e1tica de gelados com moedas HM766.<\/p>\n<\/div>\n<\/li>\n\n\n\n<li class=\"timeline-item\">\n<div class=\"wp-block-group has-background is-layout-flow wp-block-group-is-layout-flow\" style=\"border-radius:6px;background-color:#ffffff;padding-top:20px;padding-right:30px;padding-bottom:20px;padding-left:30px\">\n<p class=\"year has-large-font-size\"><strong>2015<\/strong><\/p>\n\n\n\n<p class=\"description\">Desenvolveu o HM 931, o HM116T e o HM736 com base no HM766 e na tecnologia Internet +.<\/p>\n<\/div>\n<\/li>\n\n\n\n<li class=\"timeline-item\">\n<div class=\"wp-block-group has-background is-layout-flow wp-block-group-is-layout-flow\" style=\"border-radius:6px;background-color:#ffffff;padding-top:20px;padding-right:30px;padding-bottom:20px;padding-left:30px\">\n<p class=\"year has-large-font-size\"><strong>2016<\/strong><\/p>\n\n\n\n<p class=\"description\">M\u00e1quina de venda autom\u00e1tica de gelados exportada para a Mal\u00e1sia e Ar\u00e1bia Saudita, tamb\u00e9m tinha agente agora.<\/p>\n\n\n\n<p class=\"description\">N\u00f3s cooperamos com o Carrefour China para fabricar a m\u00e1quina de sorvete HM726, tamb\u00e9m cooperamos com empresa de marca famosa para entrar na loja de conveni\u00eancia chinesa.<\/p>\n<\/div>\n<\/li>\n\n\n\n<li class=\"timeline-item\">\n<div class=\"wp-block-group has-background is-layout-flow wp-block-group-is-layout-flow\" style=\"border-radius:6px;background-color:#ffffff;padding-top:20px;padding-right:30px;padding-bottom:20px;padding-left:30px\">\n<p class=\"year has-large-font-size\"><strong>2017<\/strong><\/p>\n\n\n\n<p class=\"description\">Abrimos a loja Bango no estrangeiro, como no Bar\u00e9m e em Singapura, e tamb\u00e9m desenvolvemos novas m\u00e1quinas autom\u00e1ticas de gelados e melhor\u00e1mos a m\u00e1quina de gelados fritos.<\/p>\n<\/div>\n<\/li>\n<\/ol>\n<\/div>","protected":false},"excerpt":{"rendered":"<p>Linha do tempo da empresa<\/p>","protected":false},"author":1,"featured_media":0,"parent":0,"menu_order":0,"comment_status":"closed","ping_status":"closed","template":"","meta":{"_swt_meta_header_display":false,"_swt_meta_footer_display":false,"_swt_meta_site_title_display":false,"_swt_meta_sticky_header":false,"_swt_meta_transparent_header":false,"footnotes":""},"class_list":["post-1455","page","type-page","status-publish","hentry"],"_links":{"self":[{"href":"https:\/\/www.hommy.com\/pt\/wp-json\/wp\/v2\/pages\/1455","targetHints":{"allow":["GET"]}}],"collection":[{"href":"https:\/\/www.hommy.com\/pt\/wp-json\/wp\/v2\/pages"}],"about":[{"href":"https:\/\/www.hommy.com\/pt\/wp-json\/wp\/v2\/types\/page"}],"author":[{"embeddable":true,"href":"https:\/\/www.hommy.com\/pt\/wp-json\/wp\/v2\/users\/1"}],"replies":[{"embeddable":true,"href":"https:\/\/www.hommy.com\/pt\/wp-json\/wp\/v2\/comments?post=1455"}],"version-history":[{"count":0,"href":"https:\/\/www.hommy.com\/pt\/wp-json\/wp\/v2\/pages\/1455\/revisions"}],"wp:attachment":[{"href":"https:\/\/www.hommy.com\/pt\/wp-json\/wp\/v2\/media?parent=1455"}],"curies":[{"name":"wp","href":"https:\/\/api.w.org\/{rel}","templated":true}]}}