{"id":1453,"date":"2024-07-03T10:07:44","date_gmt":"2024-07-03T10:07:44","guid":{"rendered":"http:\/\/localhost\/hommywp\/?page_id=1453"},"modified":"2024-07-23T11:09:38","modified_gmt":"2024-07-23T11:09:38","slug":"sobre-nos","status":"publish","type":"page","link":"https:\/\/www.hommy.com\/pt\/sobre-nos\/","title":{"rendered":"Sobre n\u00f3s"},"content":{"rendered":"<p>Fundada em 1999, a Hommy Enterprise (Xinhui) Co., LTD. \u00e9 uma empresa profissional de alta tecnologia especializada no fabrico de&nbsp;<strong>m\u00e1quinas de venda autom\u00e1tica<\/strong>&nbsp;(gelados, pizzas, pipocas, refrigerantes, batatas fritas, alimentos quentes e congelados), m\u00e1quina de iogurte gelado, m\u00e1quina de sumo de cana, m\u00e1quina de pipocas, m\u00e1quina de gelados, m\u00e1quina de blocos de gelo, m\u00e1quina de pizza em cone, m\u00e1quina de sumo e muito mais. Tamb\u00e9m somos bem-vindos&nbsp;<strong>OEM<\/strong>&nbsp;e&nbsp;<strong>ODM<\/strong>.<\/p>\n\n\n\n<p>A f\u00e1brica da Hommy ocupa uma \u00e1rea de&nbsp;<strong>30500<\/strong>&nbsp;metros quadrados na cidade de Xinhui Jiangmen, incluindo linhas de produ\u00e7\u00e3o flex\u00edveis, laborat\u00f3rio de I&amp;D, centro de aprendizagem e oficina equipada com equipamento de ponta. Al\u00e9m disso, engenheiros altamente qualificados, tecn\u00f3logos habilidosos e pessoal experiente contribuem muito para o desenvolvimento da empresa.<\/p>\n\n\n\n<p>A excelente experi\u00eancia do cliente \u00e9 o ponto de partida da Hommy. Ap\u00f3s anos de desenvolvimento, estabelecemos uma rede de distribui\u00e7\u00e3o em grande escala em v\u00e1rios pa\u00edses e recebemos um bom feedback dos nossos clientes. Mantemos uma coopera\u00e7\u00e3o estreita com empresas e institutos famosos e somos reconhecidos universalmente como um parceiro fi\u00e1vel, devido \u00e0 elevada qualidade e circunspe\u00e7\u00e3o no servi\u00e7o.<\/p>\n\n\n\n<div class=\"wp-block-buttons is-content-justification-center is-layout-flex wp-container-core-buttons-is-layout-a89b3969 wp-block-buttons-is-layout-flex\">\n<div class=\"wp-block-button\"><a class=\"wp-block-button__link has-vivid-cyan-blue-background-color has-background wp-element-button\" href=\"https:\/\/www.hommy.com\/pt\/contactar-nos\/\">Contactar-nos<\/a><\/div>\n<\/div>\n\n\n\n<figure class=\"wp-block-video\"><video controls poster=\"https:\/\/img80002414.weyesimg.com\/uploads\/wij2rdgc.allweyes.com\/images\/15535020757231.jpg?imageView2\/2\/w\/1920\/q\/70\/format\/webp\" preload=\"none\" src=\"https:\/\/img80002414.weyesimg.com\/uploads\/wij2rdgc.allweyes.com\/video\/15535044898255.mp4\"><\/video><\/figure>","protected":false},"excerpt":{"rendered":"<p>Established in&nbsp;1999, Hommy Enterprise (Xinhui) Co., LTD. is a professional high-tech enterprise specialized in manufacturing&nbsp;vending machines&nbsp;series(ice cream, pizza, popcorn, soda drinks, french fries, hot and frozen food), ice cream frozen yogurt machine, sugarcane juice machine, popcorn machine, popsicle machine, ice block machine, pizza cone machine, slush machine and more.&nbsp;Also we are welcome&nbsp;OEM&nbsp;and&nbsp;ODM. Hommy\u2019s plant is [&hellip;]<\/p>\n","protected":false},"author":1,"featured_media":0,"parent":0,"menu_order":0,"comment_status":"closed","ping_status":"closed","template":"","meta":{"_swt_meta_header_display":false,"_swt_meta_footer_display":false,"_swt_meta_site_title_display":false,"_swt_meta_sticky_header":false,"_swt_meta_transparent_header":false,"footnotes":""},"class_list":["post-1453","page","type-page","status-publish","hentry"],"_links":{"self":[{"href":"https:\/\/www.hommy.com\/pt\/wp-json\/wp\/v2\/pages\/1453","targetHints":{"allow":["GET"]}}],"collection":[{"href":"https:\/\/www.hommy.com\/pt\/wp-json\/wp\/v2\/pages"}],"about":[{"href":"https:\/\/www.hommy.com\/pt\/wp-json\/wp\/v2\/types\/page"}],"author":[{"embeddable":true,"href":"https:\/\/www.hommy.com\/pt\/wp-json\/wp\/v2\/users\/1"}],"replies":[{"embeddable":true,"href":"https:\/\/www.hommy.com\/pt\/wp-json\/wp\/v2\/comments?post=1453"}],"version-history":[{"count":0,"href":"https:\/\/www.hommy.com\/pt\/wp-json\/wp\/v2\/pages\/1453\/revisions"}],"wp:attachment":[{"href":"https:\/\/www.hommy.com\/pt\/wp-json\/wp\/v2\/media?parent=1453"}],"curies":[{"name":"wp","href":"https:\/\/api.w.org\/{rel}","templated":true}]}}