{"id":997,"date":"2024-07-02T17:33:09","date_gmt":"2024-07-02T17:33:09","guid":{"rendered":"http:\/\/localhost\/hommywp\/commercial-auto-ice-cream-vending-machine-with-robot-arm-price\/"},"modified":"2025-08-01T09:57:49","modified_gmt":"2025-08-01T09:57:49","slug":"distributeur-de-glaces-avec-robot","status":"publish","type":"product","link":"https:\/\/www.hommy.com\/fr\/p\/distributeur-de-glaces-avec-robot\/","title":{"rendered":"Distributeur automatique de cr\u00e8mes glac\u00e9es avec bras robotis\u00e9 Prix"},"content":{"rendered":"<div>\n<p style=\"text-align: center\"><span style=\"font-family:Calibri;font-size:29px\"><a style=\"color:blue\" href=\"\/fr\/\">Machine \u00e0 glace<\/a> robot <\/span><\/p>\n<p style=\"text-align: center\"><a href=\"https:\/\/youtu.be\/JgNQ3w-MsYQ\" rel=\"nofollow noopener\" target=\"_blank\"><span style=\"font-family:Calibri;font-size:29px\">https:\/\/youtu.be\/JgNQ3w-MsYQ<\/span><\/a><span style=\"font-family:Calibri;font-size:29px\">&nbsp;<\/span><\/p>\n<p><span style=\"font-family:Calibri;font-size:29px\">&nbsp;Nous proposons <a style=\"color:blue\" href=\"https:\/\/www.hommy.com\/fr\/distributeur-automatique\/\">Distributeur automatique de glaces<\/a> Avec bras de robot dans diff\u00e9rentes sp\u00e9cifications selon les exigences de nos clients. Ces produits sont disponibles en diff\u00e9rentes tailles, conceptions et couleurs.<\/span><\/p>\n<p><span style=\"font-family:\u5b8b\u4f53;font-size:29px\">Sp\u00e9cification du produit :<\/span><\/p>\n<p><span style=\"font-family:\u5b8b\u4f53;font-size:29px\"><\/span><\/p>\n<p><img decoding=\"async\" src=\"https:\/\/www.hommy.com\/wp-content\/uploads\/16431787687218.png\" alt=\"produit-Distributeur automatique de glaces avec robot-Hommy-img\" title=\"\"><\/p>\n<p><img decoding=\"async\" src=\"https:\/\/www.hommy.com\/wp-content\/uploads\/16431787709998.png\" alt=\"produit-Hommy-img\" title=\"\"><\/p>\n<p><span style=\"font-family:\u5b8b\u4f53;font-size:14px\">La machine \u00e0 glace<\/span><span style=\"font-family:Calibri;font-size:14px\">&nbsp;<\/span><span style=\"font-family:\u5b8b\u4f53;font-size:14px\">fonction :&nbsp;&nbsp;<\/span><\/p>\n<p><\/p>\n<p style=\"margin-bottom:0;text-align:justify\"><span style=\"font-family:\u5b8b\u4f53;font-size:14px\">\u25cf<\/span><span style=\"font-family:Calibri;font-size:14px\">P pour Pr\u00e9-refroidissement : maintenir la temp\u00e9rature de la tr\u00e9mie entre 2 et 5 <\/span><span style=\"font-family:\u5b8b\u4f53;font-size:14px\">\u2103<\/span><span style=\"font-family:Calibri;font-size:14px\">pour que le mat\u00e9riau contenu dans la tr\u00e9mie reste frais en mode automatique et en mode d'attente. La basse temp\u00e9rature permet d'\u00e9viter la prolif\u00e9ration des bact\u00e9ries. &nbsp;&nbsp;&nbsp;<\/span><\/p>\n<p style=\"margin-bottom:0;text-align:justify\"><span style=\"font-family:\u5b8b\u4f53;font-size:14px\">\u25cf<\/span><span style=\"font-family:Calibri;font-size:14px\">&nbsp;M comme M\u00e9langeur : M\u00e9lange uniforme. Le m\u00e9langeur \u00e0 grande vitesse dans la tr\u00e9mie maintient le mat\u00e9riau en mouvement dans la tr\u00e9mie en cas de gla\u00e7age. La cr\u00e8me glac\u00e9e sera plus lisse apr\u00e8s avoir \u00e9t\u00e9 compl\u00e8tement m\u00e9lang\u00e9e \u00e0 l'air. &nbsp;&nbsp;&nbsp;&nbsp;&nbsp;&nbsp;&nbsp;&nbsp;&nbsp;&nbsp;<\/span><\/p>\n<p style=\"margin-bottom:0;text-align:justify\"><span style=\"font-family:\u5b8b\u4f53;font-size:14px\">\u25cf<\/span><span style=\"font-family:Calibri;font-size:14px\">C pour Compteur : Il permet \u00e0 l'op\u00e9rateur de conna\u00eetre le nombre de portions distribu\u00e9es.<\/span><\/p>\n<p style=\"margin-bottom:0\"><span style=\"font-family:\u5b8b\u4f53;font-size:14px\">\u25cf<\/span><span style=\"font-family:\u5b8b\u4f53;font-size:14px\">D pour d\u00e9cong\u00e9lation : Cette fonction permet de faire fondre rapidement la glace contenue dans le cylindre de cong\u00e9lation en liquide, ce qui r\u00e9duit consid\u00e9rablement les restes avant le lavage. En outre,&nbsp;<\/span><\/p>\n<p style=\"margin-bottom:0\"><span style=\"font-family:\u5b8b\u4f53;font-size:14px\">Si la machine ne fonctionne pas pendant une longue p\u00e9riode, elle se met en mode de production pour reproduire la cr\u00e8me glac\u00e9e dans le cylindre afin de la rendre douce et lisse.<\/span><\/p>\n<p style=\"margin-bottom:0\"><span style=\"font-family:\u5b8b\u4f53;font-size:14px\">\u25cf<\/span><span style=\"font-family:\u5b8b\u4f53;font-size:14px\">D comme D\u00e9sinfection : Verser de l'eau dans la tr\u00e9mie, elle monte \u00e0 30 %.<\/span><span style=\"font-family:\u5b8b\u4f53;font-size:14px\">\u2103<\/span><span style=\"font-family:\u5b8b\u4f53;font-size:14px\">&nbsp;pour nettoyer la machine. Il n'est pas n\u00e9cessaire d'enlever la gorge pour nettoyer la machine.<\/span><\/p>\n<p style=\"margin-bottom:0\"><span style=\"font-family:\u5b8b\u4f53;font-size:14px\">\u25cf<\/span><span style=\"font-family:\u5b8b\u4f53;font-size:14px\">Contr\u00f4le de l'\u00e9cran de verrouillage : Apr\u00e8s avoir d\u00e9fini toutes les informations comme vous le souhaitez, celles-ci ne peuvent pas \u00eatre modifi\u00e9es facilement par d'autres personnes.<\/span><\/p>\n<p style=\"margin-bottom:0;text-align:justify\"><span style=\"font-family:\u5b8b\u4f53;font-size:14px\">\u25cf<\/span><span style=\"font-family:\u5b8b\u4f53;font-size:14px\">Alarme sonore : Lorsque le niveau du mat\u00e9riau est inf\u00e9rieur \u00e0 celui du capteur, une alarme retentit pour signaler que vous ajoutez du mat\u00e9riau.<\/span><\/p>\n<p><span style=\"font-family:\u5b8b\u4f53;font-size:14px\">\u25cf<\/span><span style=\"font-family:\u5b8b\u4f53;font-size:14px\">&nbsp;Batteur en acier inoxydable<\/span><\/p>\n<p><span style=\"font-family:\u5b8b\u4f53;font-size:14px\">\u25cf<\/span><span style=\"font-family:\u5b8b\u4f53;font-size:14px\">&nbsp;T\u00f4le d'acier inoxydable pour le couvercle ext\u00e9rieur. &nbsp;&nbsp;&nbsp;&nbsp;&nbsp;&nbsp;&nbsp;&nbsp;&nbsp;&nbsp;&nbsp;&nbsp;&nbsp;&nbsp;&nbsp;<\/span><\/p>\n<p><span style=\"font-family:\u5b8b\u4f53;font-size:14px\">\u25cf<\/span><span style=\"font-family:\u5b8b\u4f53;font-size:14px\">&nbsp;Mat\u00e9riau du r\u00e9servoir : 13L *2&nbsp;&nbsp;<\/span><\/p>\n<p><span style=\"font-family:\u5b8b\u4f53;font-size:14px\">\u25cf<\/span><span style=\"font-family:\u5b8b\u4f53;font-size:14px\">&nbsp;Contr\u00f4leur d'\u00e9cran tactile&nbsp;<\/span><\/p>\n<p><span style=\"font-family:\u5b8b\u4f53;font-size:14px\">\u25cf<\/span><span style=\"font-family:\u5b8b\u4f53;font-size:14px\">&nbsp;Capteur de protection de la pression&nbsp;<\/span><\/p>\n<p><span style=\"font-family:\u5b8b\u4f53;font-size:14px\"><br \/><\/span><\/p>\n<p><span style=\"font-family:\u5b8b\u4f53;font-size:14px\"><\/span><\/p>\n<p><span style=\"font-family:\u5b8b\u4f53;font-size:29px\">Avantage du produit :<\/span><\/p>\n<p><span style=\"font-family:Calibri;font-size:16px\">1.&nbsp;<\/span><span style=\"font-family:Calibri;font-size:16px\">D\u00e9givrage<\/span><span style=\"font-family:\u5b8b\u4f53;font-size:16px\">&nbsp;Lorsque la machine fonctionne pendant 2 heures et qu'il n'y a pas de vente de glace, nous installons un syst\u00e8me de d\u00e9givrage automatique afin que la machine puisse continuer \u00e0 fonctionner et \u00e0 d\u00e9givrer la glace \u00e0 l'int\u00e9rieur et produire une glace de bonne qualit\u00e9 ou un yogourt glac\u00e9. <\/span><\/p>\n<p><img loading=\"lazy\" decoding=\"async\" src=\"https:\/\/www.hommy.com\/wp-content\/uploads\/16431791126320.png\" title=\"\" alt=\"produit-Hommy-img\" width=\"350\" height=\"206\" border=\"0\" vspace=\"0\" style=\"width: 350px;height: 206px\"><\/p>\n<p><span style=\"font-family:\u5b8b\u4f53;font-size:16px\">2.&nbsp;<\/span><span style=\"font-family:\u5b8b\u4f53;font-size:16px\">Tube expans\u00e9 : d\u00e9passement r\u00e9glable de 20% \u00e0 40%, r\u00e9duit la production de cristaux de glace, donne au yaourt glac\u00e9 (cr\u00e8me glac\u00e9e) un go\u00fbt lisse et un aspect blanc ; r\u00e9duit l'utilisation de mati\u00e8res premi\u00e8res, augmente les b\u00e9n\u00e9fices. <\/span><\/p>\n<p><img loading=\"lazy\" decoding=\"async\" src=\"https:\/\/www.hommy.com\/wp-content\/uploads\/16431791336579.jpg\" title=\"\" alt=\"produit-Hommy-img\" width=\"350\" height=\"1000\" border=\"0\" vspace=\"0\" style=\"width: 350px;height: 1000px\"><\/p>\n<p><span style=\"font-family:\u5b8b\u4f53;font-size:16px\">3.&nbsp;<\/span><span style=\"font-family:\u5b8b\u4f53;font-size:16px\">Si vous vendez des glaces la nuit, le syst\u00e8me se d\u00e9clenche automatiquement Pasteurisation : peut tuer <\/span><span style=\"font-family:Calibri;font-size:16px\">les bact\u00e9ries <\/span><span style=\"font-family:\u5b8b\u4f53;font-size:16px\">que <\/span><span style=\"font-family:Calibri;font-size:16px\">produire<\/span><span style=\"font-family:\u5b8b\u4f53;font-size:16px\">&nbsp;<\/span><span style=\"font-family:Calibri;font-size:16px\">\u00e0 l'int\u00e9rieur de la machine<\/span><span style=\"font-family:\u5b8b\u4f53;font-size:16px\">&nbsp;de -5<\/span><span style=\"font-family:\u5b8b\u4f53;font-size:16px\">\u2103<\/span><span style=\"font-family:\u5b8b\u4f53;font-size:16px\">&nbsp;<\/span><span style=\"font-family:Arial;font-size:16px\">\u2192<\/span><span style=\"font-family:\u5b8b\u4f53;font-size:16px\">&nbsp;<\/span><span style=\"font-family:\u5b8b\u4f53;font-size:16px\">65<\/span><span style=\"font-family:\u5b8b\u4f53;font-size:16px\">\u2103<\/span><span style=\"font-family:Arial;font-size:16px\">\u2192<\/span><span style=\"font-family:\u5b8b\u4f53;font-size:16px\">&nbsp;-5<\/span><span style=\"font-family:\u5b8b\u4f53;font-size:16px\">\u2103<\/span><span style=\"font-family:Calibri;font-size:16px\">processus<\/span><span style=\"font-family:\u5b8b\u4f53;font-size:16px\">&nbsp;(d\u00e9sinfecter le cylindre de chargement et la mati\u00e8re premi\u00e8re \u00e0 l'int\u00e9rieur, puis r\u00e9frig\u00e9rer jusqu'\u00e0 l'\u00e9tat de r\u00e9servation). Vous pouvez donc conserver la machine pendant 14 jours en une seule fois. <\/span><\/p>\n<p><img loading=\"lazy\" decoding=\"async\" src=\"https:\/\/www.hommy.com\/wp-content\/uploads\/16431792047204.png\" title=\"\" alt=\"produit-Hommy-Distributeur automatique de glaces avec robot-img\" width=\"350\" height=\"289\" border=\"0\" vspace=\"0\" style=\"width: 350px;height: 289px\"><\/p>\n<p><span style=\"font-family:\u5b8b\u4f53;font-size:16px\">4.<\/span><span style=\"font-family:\u5b8b\u4f53;font-size:16px\">Laisser l'encensoir avoir <\/span><span style=\"font-family:Calibri;font-size:16px\">Deuxi\u00e8me \u00e9tape, la premi\u00e8re \u00e9tape de l'alarme de niveau de mat\u00e9riau manquant, la deuxi\u00e8me \u00e9tape de l'arr\u00eat automatique.<\/span><span style=\"font-family:\u5b8b\u4f53;font-size:16px\">&nbsp;Lorsque vous recevez le premier message, vous avez un peu de temps pour ajouter du mat\u00e9riel, il n'est pas n\u00e9cessaire d'arr\u00eater la machine pour la faire fonctionner.<\/span><\/p>\n<p><span style=\"font-family:\u5b8b\u4f53;font-size:16px\"><img loading=\"lazy\" decoding=\"async\" src=\"https:\/\/www.hommy.com\/wp-content\/uploads\/16431792398959.jpg\" title=\"\" alt=\"produit-Hommy-img\" width=\"350\" height=\"1920\" border=\"0\" vspace=\"0\" style=\"width: 350px;height: 1920px\"><\/span><\/p>\n<p><span style=\"font-family:\u5b8b\u4f53;font-size:16px\">5.<\/span><span style=\"font-family:\u5b8b\u4f53;font-size:16px\">La machine \u00e0 l'int\u00e9rieur a une fonction de promotion, vous pouvez configurer du lundi au vendredi de 10:00 \u00e0 12:00 acheter des glaces avec une certaine r\u00e9duction. <\/span><\/p>\n<p><span style=\"font-family:\u5b8b\u4f53;font-size:16px\">&nbsp;Cela peut vous aider \u00e0 ajouter des quantit\u00e9s \u00e0 vendre. <\/span><\/p>\n<p><img loading=\"lazy\" decoding=\"async\" src=\"https:\/\/www.hommy.com\/wp-content\/uploads\/16431793222540.png\" title=\"\" alt=\"produit-Distributeur automatique de glaces avec robot-Hommy-img-1\" width=\"350\" height=\"263\" border=\"0\" vspace=\"0\" style=\"width: 350px;height: 263px\"><\/p>\n<p><span style=\"font-family:\u5b8b\u4f53;font-size:16px\">6.<\/span><span style=\"font-family:\u5b8b\u4f53;font-size:16px\">L'int\u00e9rieur de la machine est disponible en plusieurs langues : chinois, anglais, polonais, arabe saoudien, malaisien, tha\u00eflandais, espagnol.<\/span><\/p>\n<p><img loading=\"lazy\" decoding=\"async\" src=\"https:\/\/www.hommy.com\/wp-content\/uploads\/16431793651126.png\" title=\"\" alt=\"produit-Hommy-img-1\" width=\"350\" height=\"421\" border=\"0\" vspace=\"0\" style=\"width: 350px;height: 421px\"><\/p>\n<h2>Combien co\u00fbte l'achat d'un distributeur automatique de glace ?<\/h2>\n<p style=\"margin-top: 5px;margin-bottom: 5px\">En tant que premier fabricant de distributeurs automatiques de glace, nous offrons \u00e0 nos clients une grande vari\u00e9t\u00e9 d'options. Quelques facteurs importants doivent \u00eatre pris en compte lors de la s\u00e9lection d'un distributeur automatique de glace, tels que le volume de produit souhait\u00e9, l'efficacit\u00e9 \u00e9nerg\u00e9tique et le co\u00fbt global.<\/p>\n<p style=\"margin-top: 5px;margin-bottom: 5px\"><\/p>\n<h2>Comment \u00e9paissir une cr\u00e8me glac\u00e9e ?<\/h2>\n<p style=\"margin-top: 5px;margin-bottom: 5px\">Si vous utilisez de la cr\u00e8me \u00e9paisse ou du lait, vous pouvez utiliser la m\u00e9thode simple du mixeur \u00e0 immersion. Si vous utilisez du lait ou d'autres ingr\u00e9dients sans produits laitiers, vous pouvez utiliser de l'agar agar, une forme d'algue.<\/p>\n<p style=\"margin-top: 5px;margin-bottom: 5px\"><\/p>\n<h2>Comment inciter les gens \u00e0 acheter dans mon distributeur automatique ?<\/h2>\n<p style=\"margin-top: 5px;margin-bottom: 5px\">C'est une question que l'on me pose souvent. La r\u00e9ponse est que cela d\u00e9pend du type de distributeur automatique que vous poss\u00e9dez et de votre mode de commercialisation. Par exemple, si vous \u00eates dans une ville universitaire et que vous avez un distributeur de boissons non alcoolis\u00e9es, vous devrez d\u00e9couvrir ce que les \u00e9tudiants aiment boire et cibler ce march\u00e9. Si vous avez un distributeur de boissons non alcoolis\u00e9es, vous devez entrer en concurrence avec la soci\u00e9t\u00e9 locale Pepsi ou Coke et voir ce que vous pouvez faire pour les battre. La premi\u00e8re chose \u00e0 faire est de s'assurer que votre machine se vend bien. Vous devez la tester et voir si c'est le cas.<\/p>\n<\/p><\/div>","protected":false},"excerpt":{"rendered":"<p>Ice cream machine robot https:\/\/youtu.be\/JgNQ3w-MsYQ&nbsp; &nbsp;We are offering Ice Cream Vending Machine With Robot Arm in different specifications as per the requirements of our clients. These are available in different sizes, designs and colors. Product specificatio: The ice cream machine&nbsp;function :&nbsp;&nbsp; \u25cfP for &nbsp;Pre-cooling : Keep hopper temperature from 2-5 \u2103to make the material in [&hellip;]<\/p>\n","protected":false},"featured_media":1969,"comment_status":"open","ping_status":"open","template":"","meta":{"_swt_meta_header_display":false,"_swt_meta_footer_display":false,"_swt_meta_site_title_display":false,"_swt_meta_sticky_header":false,"_swt_meta_transparent_header":false},"product_brand":[],"product_cat":[88,68],"product_tag":[],"class_list":{"0":"post-997","1":"product","2":"type-product","3":"status-publish","4":"has-post-thumbnail","6":"product_cat-robot-ice-cream-shop","7":"product_cat-vending-machine","9":"first","10":"instock","11":"shipping-taxable","12":"product-type-simple"},"_links":{"self":[{"href":"https:\/\/www.hommy.com\/fr\/wp-json\/wp\/v2\/product\/997","targetHints":{"allow":["GET"]}}],"collection":[{"href":"https:\/\/www.hommy.com\/fr\/wp-json\/wp\/v2\/product"}],"about":[{"href":"https:\/\/www.hommy.com\/fr\/wp-json\/wp\/v2\/types\/product"}],"replies":[{"embeddable":true,"href":"https:\/\/www.hommy.com\/fr\/wp-json\/wp\/v2\/comments?post=997"}],"wp:featuredmedia":[{"embeddable":true,"href":"https:\/\/www.hommy.com\/fr\/wp-json\/wp\/v2\/media\/1969"}],"wp:attachment":[{"href":"https:\/\/www.hommy.com\/fr\/wp-json\/wp\/v2\/media?parent=997"}],"wp:term":[{"taxonomy":"product_brand","embeddable":true,"href":"https:\/\/www.hommy.com\/fr\/wp-json\/wp\/v2\/product_brand?post=997"},{"taxonomy":"product_cat","embeddable":true,"href":"https:\/\/www.hommy.com\/fr\/wp-json\/wp\/v2\/product_cat?post=997"},{"taxonomy":"product_tag","embeddable":true,"href":"https:\/\/www.hommy.com\/fr\/wp-json\/wp\/v2\/product_tag?post=997"}],"curies":[{"name":"wp","href":"https:\/\/api.w.org\/{rel}","templated":true}]}}