{"id":99,"date":"2024-07-02T12:08:28","date_gmt":"2024-07-02T12:08:28","guid":{"rendered":"http:\/\/localhost\/hommywp\/pa-c6-b-24-7-pizza-vending-machine-with-infrared-for-school\/"},"modified":"2025-08-01T09:57:26","modified_gmt":"2025-08-01T09:57:26","slug":"pa-c6-b-distributeur-automatique-de-pizzas-avec-infrarouge-en-exterieur","status":"publish","type":"product","link":"https:\/\/www.hommy.com\/fr\/p\/pa-c6-b-distributeur-automatique-de-pizzas-avec-infrarouge-en-exterieur\/","title":{"rendered":"Pa-C6-B Distributeur automatique de pizzas 24\/7 avec infrarouge pour l'\u00e9cole"},"content":{"rendered":"<div>\n<p style=\"margin: 0px;text-align: center\"><strong><span style=\"letter-spacing: 0px;font-size: 24px;font-family: arial, helvetica, sans-serif\"><br \/><\/span><\/strong><\/p>\n<p style=\"margin: 0px;text-align: center\"><strong><span style=\"letter-spacing: 0px;font-size: 24px;font-family: arial, helvetica, sans-serif\"><a name=\"Outdoor Automatic Infrared Heating Vending Pizza Machine\"><\/a>Distributeur automatique de pizzas \u00e0 chauffage infrarouge pour l'ext\u00e9rieur<\/span><\/strong><\/p>\n<p style=\"margin: 0px;text-align: center\"><a href=\"#Outdoor Automatic Infrared Heating Vending Pizza Machine\" target=\"_self\" data-lv=\"0\" rel=\"noopener\"><span style=\"letter-spacing: 0px;font-size: 18px;font-family: arial, helvetica, sans-serif\">Distributeur automatique de pizzas \u00e0 chauffage infrarouge pour l'ext\u00e9rieur<\/span><\/a><span style=\"letter-spacing: 0px;font-size: 18px;font-family: arial, helvetica, sans-serif\">|<a href=\"#Product Features\" target=\"_self\" data-lv=\"0\" rel=\"noopener\">Caract\u00e9ristiques du produit<\/a>|<a href=\"#Product specification\" target=\"_self\" data-lv=\"0\" rel=\"noopener\">Sp\u00e9cification du produit<\/a>|<a href=\"#Product Advantage\" target=\"_self\" data-lv=\"0\" rel=\"noopener\">Avantages du produit<\/a><\/span><\/p>\n<p style=\"margin: 0px\"><span style=\"font-family:\u5b8b\u4f53;letter-spacing:0;font-size:29px\"><br \/><\/span><\/p>\n<p><\/p>\n<p style=\"text-align: center\">&nbsp;&nbsp;&nbsp;&nbsp;<\/p>\n<p>Les distributeurs automatiques de pizzas 24\/7 permettent aux clients d'appuyer simplement sur un bouton et d'obtenir en quelques minutes des pizzas fra\u00eeches et chaudes, encore fumantes \u00e0 la sortie de la pizzeria. Nous aidons les pizzerias \u00e0 vendre des pizzas en utilisant nos distributeurs automatiques, ce qui leur permet de vendre des pizzas \u00e0 tout moment et en tout lieu. C'est un excellent moyen de promouvoir leurs pizzas.<\/p>\n<p><\/p>\n<p>Cette machine est con\u00e7ue et d\u00e9velopp\u00e9e avec un syst\u00e8me de contr\u00f4le sophistiqu\u00e9, utilisant les derni\u00e8res technologies pour assurer la bonne ex\u00e9cution et la gestion des op\u00e9rations. Tous les composants des machines sont test\u00e9s pour leur fonctionnalit\u00e9 avant la livraison et la production est test\u00e9e sur le terrain.<\/p>\n<p><\/p>\n<p>Les distributeurs automatiques de pizzas que nous proposons sont fabriqu\u00e9s avec des mati\u00e8res plastiques et des mat\u00e9riaux en acier inoxydable de haute qualit\u00e9, ce qui garantit des performances \u00e9lev\u00e9es et une longue dur\u00e9e de vie. Ces machines sont test\u00e9es par nos experts en contr\u00f4le qualit\u00e9 afin de s'assurer qu'elles r\u00e9pondent aux normes rigoureuses de qualit\u00e9 et de durabilit\u00e9 de l'industrie.<\/p>\n<p><\/p>\n<p>Notre soci\u00e9t\u00e9 s'engage \u00e0 satisfaire ses clients, et c'est pourquoi nous leur proposons des distributeurs automatiques de pizzas aux prix les plus comp\u00e9titifs de l'industrie. Nous comprenons leur importance et nous sommes s\u00fbrs de pouvoir r\u00e9pondre \u00e0 vos exigences et de les livrer dans les meilleurs d\u00e9lais. Nos professionnels ont de nombreuses ann\u00e9es d'exp\u00e9rience dans le domaine des distributeurs automatiques de pizzas, et ils con\u00e7oivent les machines pour r\u00e9pondre \u00e0 vos besoins sp\u00e9cifiques. Pour en savoir plus sur notre gamme de distributeurs automatiques de pizzas, contactez notre service client\u00e8le.  Ils vous guideront tout au long du processus d'achat et r\u00e9pondront \u00e0 toutes vos questions.<\/p>\n<p><span style=\"font-family:\u5b8b\u4f53;letter-spacing:0;font-size:29px\"><\/span><\/p>\n<div class=\"d-tem01-graphic tem01-graphic mockup\" data-detail=\"wrap\">\n<div class=\"cont-section clearfix d-clearfix\">\n<div class=\"col-md-6 col-sm-6 col-xs-6\"><\/p>\n<p><\/p>\n<p><img decoding=\"async\" src=\"https:\/\/www.hommy.com\/wp-content\/uploads\/16104175807471.jpg\" alt=\"product-PA-C6-B Distributeur automatique de pizzas avec infrarouge en ext\u00e9rieur-Hommy-img\" title=\"\"><br \/>\n &nbsp; &nbsp; &nbsp; &nbsp; &nbsp; &nbsp;<\/p>\n<\/div>\n<div class=\"col-md-6 col-sm-6 col-xs-6\">\n<div class=\"right-p\">\n<div class=\"h2 heading\">\n<h1 style=\"margin: 0px;text-indent: 0px;text-align: justify\"><strong><span style=\"letter-spacing: 0px;font-family: arial, helvetica, sans-serif;font-size: 24px\"><a name=\"Product Features\"><\/a>Caract\u00e9ristiques du produit<\/span><\/strong><\/h1>\n<p style=\"margin-top:0;margin-right:0;margin-bottom:0;margin-left:0;text-indent:0;text-align:justify\"><span style=\"letter-spacing: 0px;font-family: arial, helvetica, sans-serif;font-size: 18px\"><br \/><\/span><\/p>\n<p><span style=\"font-size: 18px;font-family: arial, helvetica, sans-serif\">1. \u00c9cran de 55\" pour la promotion et \u00e9cran de 15\" pour l'exploitation.<\/span><\/p>\n<p><span style=\"font-size: 18px;font-family: arial, helvetica, sans-serif\">2. Le syst\u00e8me de paiement accepte les pi\u00e8ces de monnaie, les billets, les pi\u00e8ces de monnaie Exchang, les cartes de cr\u00e9dit.<\/span><\/p>\n<p><span style=\"font-size: 18px;font-family: arial, helvetica, sans-serif\">3. Le cong\u00e9lateur \u00e0 l'int\u00e9rieur peut conserver 48pcs 10 \"pizza et garder la temp\u00e9rature de -8\u2103 \u00e0 10\u2103. <\/span><\/p>\n<p><span style=\"font-size: 18px;font-family: arial, helvetica, sans-serif\">4. La machine contient 48 bo\u00eetes de papier.<\/span><\/p>\n<p><span style=\"font-size: 18px;font-family: arial, helvetica, sans-serif\">5. Carte de contr\u00f4le PC avanc\u00e9e, fonction bien programm\u00e9e et fonctionnement stable.<\/span><\/p>\n<p><span style=\"font-size: 18px;font-family: arial, helvetica, sans-serif\">6. L'int\u00e9rieur du cong\u00e9lateur est \u00e9quip\u00e9 d'un \u00e9cran publicitaire de grande taille et d'une fonction de pasteurisation. <\/span><\/p>\n<p style=\"margin-left:0;text-indent:0\"><span style=\"font-size: 18px;font-family: arial, helvetica, sans-serif\">7. La temp\u00e9rature du cong\u00e9lateur peut \u00eatre r\u00e9gl\u00e9e en fonction des diff\u00e9rents produits, avec une fonction de d\u00e9givrage automatique, afin de garantir le fonctionnement normal de la machine dans des conditions de temp\u00e9rature et d'humidit\u00e9 \u00e9lev\u00e9es ;<\/span><\/p>\n<p style=\"margin-left:0;text-indent:0\"><span style=\"letter-spacing: 0px;font-size: 18px;font-family: arial, helvetica, sans-serif\">8. Temp\u00e9rature de chauffage infrarouge <span style=\"letter-spacing: 0px;font-size: 18px;font-family: \u5b8b\u4f53\">\uff1a<\/span>60-300\u2103 besoin de 45-55 secondes pour cuire une pizza.<\/span><\/p>\n<p style=\"margin-left:0;text-indent:0\"><span style=\"letter-spacing: 0px;font-size: 18px;font-family: arial, helvetica, sans-serif\">9.  Dimensions de la maison infrarouge :400X400X300mm et puissance :3000W . <\/span><\/p>\n<p style=\"margin-left:0;text-indent:0\"><span style=\"font-size: 18px;font-family: arial, helvetica, sans-serif\">10. Il existe une fonction de protection contre les pannes de courant, la machine indique toujours l'\u00e9tat d'alimentation, poss\u00e8de la fonction de m\u00e9moire, la fonction de protection contre les fuites dues \u00e0 la surcharge, ce qui garantit un fonctionnement s\u00fbr de la machine.<\/span><span style=\"font-family: Calibri;font-size: 18px\"> <\/span><\/p>\n<p style=\"margin-top:0;margin-right:0;margin-bottom:0;margin-left:0;text-indent:0;text-align:justify\"><span style=\"letter-spacing: 0px;font-size: 18px;font-family: arial, helvetica, sans-serif\">11. La langue peut \u00eatre adapt\u00e9e en fonction du pays. <\/span><\/p>\n<p style=\"margin-top:0;margin-right:0;margin-bottom:0;margin-left:0;text-indent:0;text-align:justify\"><span style=\"letter-spacing: 0px;font-size: 18px;font-family: arial, helvetica, sans-serif\">12. 48 jeux de pizzas sont stock\u00e9s \u00e0 l'int\u00e9rieur de la machine.<\/span><\/p>\n<p style=\"margin-left:0;text-indent:0\"><span style=\"font-size: 18px;font-family: arial, helvetica, sans-serif\">13. Syst\u00e8me informatique de gestion \u00e0 distance : interrogation des d\u00e9tails des ventes, rappel des p\u00e9nuries, rappel des pannes de machine.<\/span><\/p>\n<p style=\"margin-left:0;text-indent:0\"><span style=\"font-family: arial, helvetica, sans-serif;font-size: 18px\">14. si vous voulez placer la machine \u00e0 l'ext\u00e9rieur du centre commercial, vous pouvez ajouter un toit qui peut emp\u00eacher le vent et la pluie de p\u00e9n\u00e9trer dans la machine. <\/span><\/p>\n<p><span style=\"font-family: arial, helvetica, sans-serif;font-size: 18px\">Rain, ce toit r\u00e9alis\u00e9 en m\u00e9tal puis peint au Spray.&nbsp;<\/span><span style=\"font-size: 18px;font-family: arial, helvetica, sans-serif\">&nbsp;<\/span><\/p>\n<p><span>&nbsp; &nbsp; &nbsp; &nbsp;<\/span><\/div>\n<\/div>\n<\/div>\n<\/div>\n<\/div>\n<h1><strong><span style=\"letter-spacing: 0px;font-family: arial, helvetica, sans-serif;font-size: 24px\"><a name=\"Product specification\"><\/a>Sp\u00e9cification du produit<\/span><\/strong><\/h1>\n<p><strong><span style=\"letter-spacing: 0px;font-family: arial, helvetica, sans-serif;font-size: 24px\"><br \/><\/span><\/strong><\/p>\n<p><img decoding=\"async\" src=\"https:\/\/www.hommy.com\/wp-content\/uploads\/16104184705197.png\" alt=\"produit-Hommy-img\" title=\"\"><\/p>\n<p><\/p>\n<h1><span style=\"font-family: arial, helvetica, sans-serif;font-size: 24px\"><strong><span style=\"font-family: arial, helvetica, sans-serif;letter-spacing: 0px\"><a name=\"Product Advantage\"><\/a>Avantages du produit<\/span><\/strong><\/span><\/h1>\n<p><span style=\"font-family: arial, helvetica, sans-serif;font-size: 24px\"><strong><span style=\"font-family: arial, helvetica, sans-serif;letter-spacing: 0px\"><\/span><\/strong><\/span><\/p>\n<div class=\"d-tem01-graphic tem01-graphic mockup\" data-detail=\"wrap\">\n<div class=\"cont-section clearfix d-clearfix\">\n<div class=\"col-md-6 col-sm-6 col-xs-6\">\n<div class=\"right-p\">\n<div class=\"h2 heading\">\n<p><span style=\"font-family: arial, helvetica, sans-serif;font-size: 18px\">1. \u00c9cran de 55\" pour la promotion et \u00e9cran de 15\" pour l'exploitation.<\/span><\/p>\n<p><span style=\"font-family: arial, helvetica, sans-serif;font-size: 18px\"><br \/><\/span><\/p>\n<p><span style=\"font-family: arial, helvetica, sans-serif;font-size: 18px\"><br \/><\/span><\/p>\n<\/div>\n<\/div>\n<div class=\"graphic_pic animated wow bounceIn\" data-wow-delay=\".7s\">\n<p style=\"text-align:center\"><img loading=\"lazy\" decoding=\"async\" src=\"https:\/\/www.hommy.com\/wp-content\/uploads\/16104181619234.jpg\" alt=\"produit-Hommy-img\" title=\"\" width=\"350\" height=\"350\" border=\"0\" vspace=\"0\" style=\"width: 350px;height: 350px\"><\/p>\n<\/div>\n<\/div>\n<div class=\"col-md-6 col-sm-6 col-xs-6\">\n<div class=\"right-p\">\n<div class=\"h2 heading\">\n<p style=\"margin-left:0;text-indent:0\"><span style=\"font-family: arial, helvetica, sans-serif;letter-spacing: 0px;font-size: 18px\">2. Temp\u00e9rature de chauffage infrarouge \uff1a60-300\u2103 besoin de 45-55 secondes pour cuire une pizza et maison infrarouge taille :400X400X300mm et puissance :3000W .&nbsp;<\/span><\/p>\n<\/div>\n<\/div>\n<div class=\"graphic_pic animated wow bounceIn\" data-wow-delay=\".7s\">\n<p style=\"text-align:center\"><img loading=\"lazy\" decoding=\"async\" src=\"https:\/\/www.hommy.com\/wp-content\/uploads\/16104182663582.jpg\" alt=\"produit-Hommy-img\" title=\"\" width=\"350\" height=\"500\" border=\"0\" vspace=\"0\" style=\"width: 350px;height: 500px\"><\/p>\n<\/div>\n<\/div>\n<\/div>\n<\/div>\n<p><span style=\"font-family: arial, helvetica, sans-serif;font-size: 24px\"><strong><span style=\"font-family: arial, helvetica, sans-serif;letter-spacing: 0px\"><\/span><\/strong><\/span><\/p>\n<div class=\"d-tem01-graphic tem01-graphic mockup\" data-detail=\"wrap\">\n<div class=\"cont-section clearfix d-clearfix\">\n<div class=\"col-md-6 col-sm-6 col-xs-6\">\n<div class=\"right-p\">\n<div class=\"h2 heading\">\n<p style=\"margin-top:0;margin-right:0;margin-bottom:0;margin-left:0;text-indent:0;text-align:justify\"><span style=\"font-family: arial, helvetica, sans-serif;font-size: 18px\"><span style=\"font-family: arial, helvetica, sans-serif;letter-spacing: 0px\">3. 48 pizzas sont stock\u00e9es \u00e0 l'int\u00e9rieur de la machine, ce qui permet de maintenir la temp\u00e9rature \u00e0 un niveau \u00e9lev\u00e9. <\/span><span style=\"font-family: arial, helvetica, sans-serif\">de -8\u2103 \u00e0 10\u2103.<\/span><\/span><\/p>\n<p style=\"margin-top:0;margin-right:0;margin-bottom:0;margin-left:0;text-indent:0;text-align:justify\"><span style=\"font-family: arial, helvetica, sans-serif;font-size: 18px\"><span style=\"font-family: arial, helvetica, sans-serif\"><br \/><\/span><\/span><\/p>\n<\/div>\n<\/div>\n<div class=\"graphic_pic animated wow bounceIn\" data-wow-delay=\".7s\">\n<p style=\"text-align:center\"><img loading=\"lazy\" decoding=\"async\" src=\"https:\/\/www.hommy.com\/wp-content\/uploads\/16104183055640.png\" alt=\"product-Hommy-PA-C6-B Distributeur automatique de pizzas avec infrarouge en ext\u00e9rieur-img\" title=\"\" width=\"350\" height=\"500\" border=\"0\" vspace=\"0\" style=\"width: 350px;height: 500px\"><\/p>\n<\/div>\n<\/div>\n<div class=\"col-md-6 col-sm-6 col-xs-6\">\n<div class=\"right-p\">\n<div class=\"h2 heading\">\n<p><span style=\"font-family: arial, helvetica, sans-serif;font-size: 18px\">4. La machine contient 48 bo\u00eetes de papier.<\/span><\/p>\n<p><\/p>\n<\/div>\n<\/div>\n<div class=\"graphic_pic animated wow bounceIn\" data-wow-delay=\".7s\">\n<p style=\"text-align:center\"><img loading=\"lazy\" decoding=\"async\" src=\"https:\/\/www.hommy.com\/wp-content\/uploads\/16104183403363.png\" alt=\"produit-Hommy-img\" title=\"\" width=\"350\" height=\"500\" border=\"0\" vspace=\"0\" style=\"width: 350px;height: 500px\"><\/p>\n<\/div>\n<\/div>\n<\/div>\n<\/div>\n<p><span style=\"font-family: arial, helvetica, sans-serif;font-size: 24px\"><strong><span style=\"font-family: arial, helvetica, sans-serif;letter-spacing: 0px\"><\/span><\/strong><\/span><\/p>\n<div class=\"d-tem01-graphic tem01-graphic mockup\" data-detail=\"wrap\">\n<div class=\"cont-section clearfix d-clearfix\">\n<div class=\"col-md-6 col-sm-6 col-xs-6\">\n<div class=\"right-p\">\n<div class=\"h2 heading\">\n<p><span style=\"font-family: arial, helvetica, sans-serif;font-size: 18px\"><span style=\"font-family: arial, helvetica, sans-serif;letter-spacing: 0px\">5.&nbsp;<\/span><span style=\"font-family: arial, helvetica, sans-serif\">Le syst\u00e8me de paiement accepte les pi\u00e8ces de monnaie, les billets, les pi\u00e8ces de monnaie Exchang, les cartes de cr\u00e9dit.<\/span><\/span><\/p>\n<p><span style=\"font-family: arial, helvetica, sans-serif;font-size: 18px\"><span style=\"font-family: arial, helvetica, sans-serif\"><br \/><\/span><\/span><\/p>\n<\/div>\n<\/div>\n<div class=\"graphic_pic animated wow bounceIn\" data-wow-delay=\".7s\">\n<p style=\"text-align:center\"><img loading=\"lazy\" decoding=\"async\" src=\"https:\/\/www.hommy.com\/wp-content\/uploads\/16104183868145.png\" alt=\"product-PA-C6-B Distributeur automatique de pizzas avec infrarouge en ext\u00e9rieur-Hommy-img-1\" title=\"\" width=\"350\" height=\"500\" border=\"0\" vspace=\"0\" style=\"width: 350px;height: 500px\"><\/p>\n<\/div>\n<\/div>\n<div class=\"col-md-6 col-sm-6 col-xs-6\">\n<div class=\"right-p\">\n<div class=\"h2 heading\">\n<p><span style=\"font-family: arial, helvetica, sans-serif;font-size: 18px\">6. Syst\u00e8me de gestion \u00e0 distance par ordinateur : interrogation des d\u00e9tails des ventes, rappel des p\u00e9nuries, rappel des pannes de machine.<\/span><\/p>\n<\/div>\n<\/div>\n<div class=\"graphic_pic animated wow bounceIn\" data-wow-delay=\".7s\">\n<p style=\"text-align:center\"><img loading=\"lazy\" decoding=\"async\" src=\"https:\/\/www.hommy.com\/wp-content\/uploads\/16104184304129.jpg\" alt=\"produit-Hommy-img-1\" title=\"\" width=\"350\" height=\"500\" border=\"0\" vspace=\"0\" style=\"width: 350px;height: 500px\"><\/p>\n<\/div>\n<\/div>\n<\/div>\n<\/div>\n<p><strong><span style=\"letter-spacing: 0px;font-family: arial, helvetica, sans-serif;font-size: 24px\"><\/span><\/strong><\/p>\n<h2 style=\"font-family: sans-serif\">Qui fabrique les distributeurs automatiques de pizzas ?<\/h2>\n<p style=\"margin-top: 5px;margin-bottom: 5px;font-family: sans-serif;font-size: 16px\">Qu'est-ce qui rendrait les distributeurs automatiques plus attrayants que d'autres options pour un en-cas ? La v\u00e9rit\u00e9, c'est que c'est la pizza ! Depuis de nombreuses ann\u00e9es, les distributeurs automatiques de pizzas vendent donc des parts de pizza.<\/p>\n<p style=\"margin-top: 5px;margin-bottom: 5px;font-family: sans-serif;font-size: 16px\"><\/p>\n<h2 style=\"font-family: sans-serif\">Quel type de four \u00e0 pizza utilise Dominos ?<\/h2>\n<p style=\"margin-top: 5px;margin-bottom: 5px;font-family: sans-serif;font-size: 16px\">Vous serez peut-\u00eatre surpris d'apprendre qu'il existe plusieurs types de fours \u00e0 pizza que nous utilisons dans nos pizzerias. Je vais vous pr\u00e9senter les diff\u00e9rents types de fours, ainsi que les avantages et les inconv\u00e9nients de chacun d'entre eux. Ensuite, je vous dirai quel four \u00e0 pizza convient le mieux \u00e0 un Dominos. Mais d'abord, je dois expliquer le type de four \u00e0 pizza utilis\u00e9 par Dominos. Nous utilisons deux types de fours \u00e0 pizza, tous deux fabriqu\u00e9s par la m\u00eame soci\u00e9t\u00e9. L'un est un four \u00e0 pizza au gaz naturel et l'autre est un four \u00e0 pizza au charbon. Mais ils ne sont pas identiques. Je vais vous expliquer pourquoi.<\/p>\n<p style=\"margin-top: 5px;margin-bottom: 5px;font-family: sans-serif;font-size: 16px\"><\/p>\n<p style=\"margin-top: 5px;margin-bottom: 5px;font-family: sans-serif;font-size: 16px\"><\/p>\n<h2 style=\"font-family: sans-serif\">Quelle est la consommation d'\u00e9lectricit\u00e9 d'un four \u00e0 pizza ?<\/h2>\n<p style=\"margin-top: 5px;margin-bottom: 5px;font-family: sans-serif;font-size: 16px\">Selon le rapport annuel sur l'\u00e9nergie de l'EPA, un m\u00e9nage am\u00e9ricain moyen consomme environ 1 000 kilowattheures (kWh) d'\u00e9lectricit\u00e9 par an. Cela \u00e9quivaut \u00e0 pr\u00e8s d'un demi-gallon d'essence. En revanche, un four \u00e0 pizza de taille moyenne achet\u00e9 chez Amazon peut consommer jusqu'\u00e0 4 000 kWh d'\u00e9lectricit\u00e9 par an. Si vous vous demandez quelle quantit\u00e9 d'\u00e9nergie cela repr\u00e9sente, cette calculatrice vous aidera \u00e0 d\u00e9terminer exactement la consommation du four que vous convoitez.<\/p>\n<\/p><\/div>","protected":false},"excerpt":{"rendered":"<p>Outdoor Automatic Infrared Heating Vending Pizza Machine Outdoor Automatic Infrared Heating Vending Pizza Machine|Product Features|Product specification|Product Advantage &nbsp;&nbsp;&nbsp;&nbsp; 24\/7 Pizza Vending Machines enable customers to simply press a button and within a few minutes, have fresh hot pizzas, still steaming from the pizza maker.The pizza vending machine can be used in restaurants, hotels, pubs, bars, [&hellip;]<\/p>\n","protected":false},"featured_media":89,"comment_status":"open","ping_status":"open","template":"","meta":{"_swt_meta_header_display":false,"_swt_meta_footer_display":false,"_swt_meta_site_title_display":false,"_swt_meta_sticky_header":false,"_swt_meta_transparent_header":false},"product_brand":[],"product_cat":[70,68],"product_tag":[],"class_list":{"0":"post-99","1":"product","2":"type-product","3":"status-publish","4":"has-post-thumbnail","6":"product_cat-pizza-vending-machine","7":"product_cat-vending-machine","9":"first","10":"instock","11":"shipping-taxable","12":"product-type-simple"},"_links":{"self":[{"href":"https:\/\/www.hommy.com\/fr\/wp-json\/wp\/v2\/product\/99","targetHints":{"allow":["GET"]}}],"collection":[{"href":"https:\/\/www.hommy.com\/fr\/wp-json\/wp\/v2\/product"}],"about":[{"href":"https:\/\/www.hommy.com\/fr\/wp-json\/wp\/v2\/types\/product"}],"replies":[{"embeddable":true,"href":"https:\/\/www.hommy.com\/fr\/wp-json\/wp\/v2\/comments?post=99"}],"wp:featuredmedia":[{"embeddable":true,"href":"https:\/\/www.hommy.com\/fr\/wp-json\/wp\/v2\/media\/89"}],"wp:attachment":[{"href":"https:\/\/www.hommy.com\/fr\/wp-json\/wp\/v2\/media?parent=99"}],"wp:term":[{"taxonomy":"product_brand","embeddable":true,"href":"https:\/\/www.hommy.com\/fr\/wp-json\/wp\/v2\/product_brand?post=99"},{"taxonomy":"product_cat","embeddable":true,"href":"https:\/\/www.hommy.com\/fr\/wp-json\/wp\/v2\/product_cat?post=99"},{"taxonomy":"product_tag","embeddable":true,"href":"https:\/\/www.hommy.com\/fr\/wp-json\/wp\/v2\/product_tag?post=99"}],"curies":[{"name":"wp","href":"https:\/\/api.w.org\/{rel}","templated":true}]}}