{"id":980,"date":"2024-07-02T17:29:32","date_gmt":"2024-07-02T17:29:32","guid":{"rendered":"http:\/\/localhost\/hommywp\/bdpop-b-4-heads-mould-baking-ice-cream-cone-machinery-price-list\/"},"modified":"2025-08-01T09:57:48","modified_gmt":"2025-08-01T09:57:48","slug":"bdpop-b-machine-a-cones-de-creme-glacee","status":"publish","type":"product","link":"https:\/\/www.hommy.com\/fr\/p\/bdpop-b-machine-a-cones-de-creme-glacee\/","title":{"rendered":"Bdpop-B 4 Heads Mould Baking Ice Cream Cone Machinery Price List"},"content":{"rendered":"<div>\n<p><\/p>\n<h2 style=\"text-align: center\"><strong><span style=\"font-family: arial, helvetica, sans-serif;font-size: 24px\"><span style=\"font-family: arial, helvetica, sans-serif\"><a name=\"Ice Cream Cone Maker\"><\/a>I<\/span><span style=\"font-family: arial, helvetica, sans-serif;letter-spacing: 0px\">Machine \u00e0 fabriquer des c\u00f4nes de cr\u00e8me glac\u00e9e<\/span><\/span><\/strong><\/h2>\n<p style=\"text-align: center\"><a href=\"#Ice Cream Cone Maker\" target=\"_self\" data-lv=\"0\" rel=\"noopener\"><span style=\"font-size: 16px\">Machine \u00e0 c\u00f4nes de cr\u00e8me glac\u00e9e<\/span><\/a><span style=\"font-size: 16px\">|<a href=\"#Ice Cream Cone Machine\" target=\"_self\" data-lv=\"0\" rel=\"noopener\">Machine \u00e0 c\u00f4nes de cr\u00e8me glac\u00e9e<\/a>|<a href=\"#Product specification\" target=\"_self\" data-lv=\"0\" rel=\"noopener\">Sp\u00e9cification du produit<\/a>|<a href=\"#Product making\" target=\"_self\" data-lv=\"0\" rel=\"noopener\">Fabrication de produits<\/a><\/span><\/p>\n<p><\/p>\n<p><\/p>\n<p style=\"text-align: center\">&nbsp;&nbsp;&nbsp;&nbsp;<\/p>\n<p>Notre objectif principal est d'offrir la meilleure qualit\u00e9 de moule pour c\u00f4ne de cr\u00e8me glac\u00e9e \u00e0 nos pr\u00e9cieux clients. Notre usine est bien \u00e9quip\u00e9e avec les derni\u00e8res technologies et machines pour fabriquer des moules pour c\u00f4nes de cr\u00e8me glac\u00e9e de mani\u00e8re rentable. La machine propos\u00e9e est fabriqu\u00e9e en utilisant des mati\u00e8res premi\u00e8res de haute qualit\u00e9 et des techniques modernes sous la direction de professionnels exp\u00e9riment\u00e9s. Cette machine est disponible en diff\u00e9rentes tailles et conceptions selon les exigences de nos clients.<\/p>\n<p><\/p>\n<p>La machine propos\u00e9e est fabriqu\u00e9e \u00e0 l'aide de mat\u00e9riaux de qualit\u00e9 et de techniques modernes, conform\u00e9ment aux normes de qualit\u00e9 internationales.<\/p>\n<p><\/p>\n<div class=\"d-tem01-graphic tem01-graphic mockup\" data-detail=\"wrap\">\n<div class=\"cont-section clearfix d-clearfix\">\n<div class=\"col-md-6 col-sm-6 col-xs-6\"><\/p>\n<div class=\"graphic_pic animated wow bounceIn\" data-wow-delay=\".7s\">\n<p style=\"text-align:center\"><img loading=\"lazy\" decoding=\"async\" src=\"https:\/\/www.hommy.com\/wp-content\/uploads\/16034196664709.png\" alt=\"produit-BDPOP-B machine \u00e0 c\u00f4nes de glace-Hommy-img\" title=\"\" width=\"500\" height=\"450\" border=\"0\" vspace=\"0\" style=\"width: 500px;height: 450px\"><\/p>\n<\/div>\n<\/div>\n<div class=\"col-md-6 col-sm-6 col-xs-6\">\n<div class=\"right-p\">\n<div class=\"h2 heading\">\n<p><span style=\"font-family: arial, helvetica, sans-serif;font-size: 24px\"><strong><a name=\"Ice Cream Cone Machine\"><\/a>Glace <\/strong><strong>Machine \u00e0 c\u00f4nes de cr\u00e8me<\/strong><\/span><\/p>\n<p><span style=\"font-family: arial, helvetica, sans-serif;font-size: 24px\"><strong><br \/><\/strong><\/span><\/p>\n<p style=\"margin-left:32px\"><span style=\"font-family: Calibri;font-size: 16px\">- Les machines semi-automatiques sont utilis\u00e9es pour la cuisson des c\u00f4nes de cr\u00e8me glac\u00e9e, des c\u00f4nes de sucre et des coupes.<\/span><\/p>\n<p style=\"margin-left:32px\"><span style=\"font-family: Calibri;font-size: 16px\">- Une unit\u00e9 de production ne peut cuire et produire qu'un seul type de c\u00f4ne\/coupelle.<\/span><\/p>\n<p><span style=\"font-family: arial, helvetica, sans-serif;font-size: 16px\"><span style=\"font-family: Calibri;font-size: 16px\">&nbsp;Cette machine est facile \u00e0 utiliser, elle peut \u00eatre facilement <\/span><span style=\"font-family: \u5b8b\u4f53;font-size: 16px\">\u00e0 <\/span><span style=\"font-family: Calibri;font-size: 16px\">par des op\u00e9rateurs non qualifi\u00e9s en effectuant quelques t\u00e2ches simples.<\/span><\/span><\/p>\n<p style=\"margin-left:32px\"><span style=\"font-family: Calibri;font-size: 16px\">- Nous pouvons nous baser sur la forme du c\u00f4ne, le logo et la taille du client pour le fabriquer. Nous acceptons les OEM.<\/span><\/p>\n<p style=\"margin-left:32px\"><span style=\"font-family: Calibri;font-size: 16px\">- Vous pouvez commander une machine avec des moules de formes diff\u00e9rentes, les moules sup\u00e9rieurs et inf\u00e9rieurs \u00e9tant interchangeables. En deux ou trois heures, vous pouvez changer l'ensemble de la matrice et commencer \u00e0 produire avec un autre type de c\u00f4ne.<\/span><\/p>\n<p style=\"margin-left:32px\"><span style=\"font-family: Calibri;font-size: 16px\">- Le chauffage est assur\u00e9 par des r\u00e9sistances \u00e9lectriques con\u00e7ues pour optimiser l'utilisation de l'\u00e9nergie et la distribution thermique, et il est suffisamment flexible pour permettre une production \u00e9lev\u00e9e en continu pendant 24 heures.<\/span><\/p>\n<p style=\"margin-left:32px\"><span style=\"font-family: Calibri;font-size: 16px\">- Moule conique durable et inoffensif, conforme aux normes d'hygi\u00e8ne, fabriqu\u00e9 en aluminium.<\/span><\/p>\n<p style=\"margin-left:32px\"><span style=\"font-family: arial, helvetica, sans-serif;font-size: 16px\"><span style=\"font-family: Calibri;font-size: 16px\">- sur la base de la forme du c\u00f4ne pour ajuster la temp\u00e9rature et r\u00e9gler le temps pour contr\u00f4ler le c\u00f4ne<\/span><span style=\"font-family: \u5b8b\u4f53;font-size: 16px\">&nbsp;<\/span><span style=\"font-family: Calibri;font-size: 16px\">forme et duret\u00e9 .<\/span><\/span><\/p>\n<\/div>\n<\/div>\n<p>&nbsp; &nbsp; &nbsp; &nbsp; &nbsp; &nbsp;<\/p><\/div>\n<\/div>\n<\/div>\n<p><span style=\"font-family: arial, helvetica, sans-serif;font-size: 24px\"><strong><span style=\"font-family: arial, helvetica, sans-serif;letter-spacing: 0px\"><a name=\"Product specification\"><\/a>Sp\u00e9cification du produit<\/span><\/strong><\/span><\/p>\n<p><span style=\"font-family: arial, helvetica, sans-serif;font-size: 24px\"><strong><span style=\"font-family: arial, helvetica, sans-serif;letter-spacing: 0px\"><br \/><\/span><\/strong><\/span><\/p>\n<p><span style=\"font-family: arial, helvetica, sans-serif;font-size: 24px\"><strong><span style=\"font-family: arial, helvetica, sans-serif;letter-spacing: 0px\"><img loading=\"lazy\" decoding=\"async\" src=\"https:\/\/www.hommy.com\/wp-content\/uploads\/16034194719148.png\" title=\"\" alt=\"produit-Hommy-img\" width=\"1000\" height=\"494\" border=\"0\" vspace=\"0\" style=\"width: 1000px;height: 494px\"><\/span><\/strong><\/span><\/p>\n<p><span style=\"font-family: arial, helvetica, sans-serif;font-size: 24px\"><strong><span style=\"font-family: arial, helvetica, sans-serif;letter-spacing: 0px\"><br \/><\/span><\/strong><\/span><\/p>\n<p><span style=\"font-family: arial, helvetica, sans-serif;font-size: 24px\"><strong><span style=\"font-family: arial, helvetica, sans-serif;letter-spacing: 0px\"><\/span><\/strong><\/span><\/p>\n<p style=\"margin-top:0;margin-right:0;margin-bottom:0;margin-left:0;text-indent:0;text-align:justify\"><span style=\"font-family: arial, helvetica, sans-serif;font-size: 24px\"><strong><span style=\"font-family: arial, helvetica, sans-serif;letter-spacing: 0px\"><a name=\"Product making\"><\/a>Fabrication de produits<\/span><\/strong><\/span><\/p>\n<p style=\"margin-top:0;margin-right:0;margin-bottom:0;margin-left:0;text-indent:0;text-align:justify\"><span style=\"font-family: arial, helvetica, sans-serif;font-size: 24px\"><strong><span style=\"font-family: arial, helvetica, sans-serif;letter-spacing: 0px\"><br \/><\/span><\/strong><\/span><\/p>\n<p style=\"text-indent: 0;padding: 0;line-height: 30px\"><span style=\"font-family: arial, helvetica, sans-serif;font-size: 16px\"><strong><span style=\"font-family: Arial;letter-spacing: 0px\">En outre, des ing\u00e9nieurs hautement qualifi\u00e9s, des technologues comp\u00e9tents et un personnel bien inform\u00e9 contribuent largement au d\u00e9veloppement de l'entreprise.<\/span><\/strong><\/span><\/p>\n<p style=\"margin-top:0;margin-right:0;margin-bottom:0;margin-left:0;line-height:28px\"><span style=\"font-family: arial, helvetica, sans-serif;font-size: 16px\"><strong><span style=\"font-family: Arial;letter-spacing: 0px;font-size: 14px\">Br\u00e8ve introduction au fonctionnement de la machine \u00e0 fabriquer des c\u00f4nes<\/span><\/strong><\/span><\/p>\n<p style=\"margin-top:0;margin-right:0;margin-bottom:0;margin-left:0;line-height:28px\"><span style=\"font-family: arial, helvetica, sans-serif;font-size: 16px\"><strong><span style=\"font-family: Arial;letter-spacing: 0px;font-size: 14px\"><br \/><\/span><\/strong><\/span><\/p>\n<p style=\"margin-top:0;margin-right:0;margin-bottom:0;margin-left:0\"><span style=\"letter-spacing: 0px;font-family: arial, helvetica, sans-serif;font-size: 16px\">1. brancher l'alimentation et le conteneur \u00e0 l'arri\u00e8re de la machine. Ensuite, ouvrir le moule et lubrifier les moules coniques avec de l'huile v\u00e9g\u00e9tale.<\/span><\/p>\n<p style=\"margin-top:0;margin-right:0;margin-bottom:0;margin-left:0\"><span style=\"font-family: arial, helvetica, sans-serif;font-size: 16px\">&nbsp;<\/span><\/p>\n<p style=\"margin-top:0;margin-right:0;margin-bottom:0;margin-left:0\"><span style=\"letter-spacing: 0px;font-family: arial, helvetica, sans-serif;font-size: 16px\">2. fermer les moules et laisser la machine pr\u00e9chauffer pendant 15-20 minutes.<\/span><\/p>\n<p style=\"margin-top:0;margin-right:0;margin-bottom:0;margin-left:0\"><span style=\"font-family: arial, helvetica, sans-serif;font-size: 16px\">&nbsp;<\/span><\/p>\n<p style=\"margin-top:0;margin-right:0;margin-bottom:0;margin-left:0\"><span style=\"letter-spacing: 0px;font-family: arial, helvetica, sans-serif;font-size: 16px\">3. ouvrir le moule sup\u00e9rieur<\/span><\/p>\n<p style=\"margin-top:0;margin-right:0;margin-bottom:0;margin-left:0\"><span style=\"font-family: arial, helvetica, sans-serif;font-size: 16px\">&nbsp;<\/span><\/p>\n<p style=\"margin-top:0;margin-right:0;margin-bottom:0;margin-left:0\"><span style=\"letter-spacing: 0px;font-family: arial, helvetica, sans-serif;font-size: 16px\">4. remplir le m\u00e9lange dans le feader et le verser dans le moule inf\u00e9rieur<\/span><\/p>\n<p style=\"margin-top:0;margin-right:0;margin-bottom:0;margin-left:0\"><span style=\"font-family: arial, helvetica, sans-serif;font-size: 16px\">&nbsp;<\/span><\/p>\n<p style=\"margin-top:0;margin-right:0;margin-bottom:0;margin-left:0\"><span style=\"letter-spacing: 0px;font-family: arial, helvetica, sans-serif;font-size: 16px\">5. fermer le moule sup\u00e9rieur et laisser l'appareil cuire pendant environ deux minutes.<\/span><\/p>\n<p style=\"margin-top:0;margin-right:0;margin-bottom:0;margin-left:0\"><span style=\"font-family: arial, helvetica, sans-serif;font-size: 16px\">&nbsp;<\/span><\/p>\n<p style=\"margin-top:0;margin-right:0;margin-bottom:0;margin-left:0\"><span style=\"letter-spacing: 0px;font-family: arial, helvetica, sans-serif;font-size: 16px\">6. deux minutes plus tard, le buzzer retentit et le t\u00e9moin lumineux s'allume pour signaler que les c\u00f4nes sont pr\u00eats. Ouvrez le moule sup\u00e9rieur et le moule inf\u00e9rieur.<\/span><\/p>\n<p style=\"margin-top:0;margin-right:0;margin-bottom:0;margin-left:0\"><span style=\"font-family: arial, helvetica, sans-serif;font-size: 16px\">&nbsp;<\/span><\/p>\n<p style=\"margin-top:0;margin-right:0;margin-bottom:0;margin-left:0\"><span style=\"letter-spacing: 0px;font-family: arial, helvetica, sans-serif;font-size: 16px\">7. les c\u00f4nes tombent sur la glissi\u00e8re et glissent dans le conteneur.<\/span><\/p>\n<p style=\"margin-top:0;margin-right:0;margin-bottom:0;margin-left:0\"><span style=\"letter-spacing: 0px;font-family: arial, helvetica, sans-serif;font-size: 16px\"><br \/><\/span><\/p>\n<p style=\"margin-top:0;margin-right:0;margin-bottom:0;margin-left:0\"><span style=\"letter-spacing: 0px;font-family: arial, helvetica, sans-serif;font-size: 16px\"><br \/><\/span><\/p>\n<p><span style=\"letter-spacing: 0px;font-family: arial, helvetica, sans-serif;font-size: 16px\">Document\uff1a<\/span><img decoding=\"async\" src=\"https:\/\/www.hommy.com\/wp-content\/uploads\/icon_pdf-76.gif\" style=\"margin-right: 2px\" alt=\"produit-Hommy-img\" title=\"\"><a href=\"https:\/\/img80002414.weyesimg.com\/uploads\/www.hommy.com\/addon\/16034196021442.pdf\" title=\"16034196021442.pdf\" style=\"font-size: 12px\">16034196021442.pdf<\/a><\/p>\n<p><span style=\"letter-spacing: 0px;font-family: arial, helvetica, sans-serif;font-size: 16px\"><\/span><\/p>\n<h2>Pourquoi ne pas manger de glace ?<\/h2>\n<p style=\"margin-top: 5px;margin-bottom: 5px\"><\/p>\n<p style=\"margin-top: 5px;margin-bottom: 5px\">Tout d'abord, la cr\u00e8me glac\u00e9e est tr\u00e8s calorique. Une boule de glace contient pr\u00e8s de 700 calories et une pinte environ 1000 calories. Elle est pleine de sucre, de sel et de graisse. Elle contient \u00e9galement une longue liste d'ingr\u00e9dients dont vous n'avez probablement jamais entendu parler.<\/p>\n<p style=\"margin-top: 5px;margin-bottom: 5px\"><\/p>\n<p style=\"margin-top: 5px;margin-bottom: 5px\">Mais la principale raison pour laquelle vous ne devriez pas manger de cr\u00e8me glac\u00e9e est qu'elle est pleine d'additifs qui peuvent \u00eatre tr\u00e8s nocifs pour votre sant\u00e9.<\/p>\n<p style=\"margin-top: 5px;margin-bottom: 5px\"><\/p>\n<p style=\"margin-top: 5px;margin-bottom: 5px\">La v\u00e9rit\u00e9, c'est que les glaces que nous achetons dans les magasins sont souvent remplies d'ingr\u00e9dients malsains.<\/p>\n<p style=\"margin-top: 5px;margin-bottom: 5px\"><\/p>\n<p style=\"margin-top: 5px;margin-bottom: 5px\"><\/p>\n<h2>Combien d'argent faut-il pour cr\u00e9er une usine de fabrication de glaces ?<\/h2>\n<p style=\"margin-top: 5px;margin-bottom: 5px\"><\/p>\n<p style=\"margin-top: 5px;margin-bottom: 5px\">Nous savons que le co\u00fbt de la cr\u00e9ation d'une usine d\u00e9pend de nombreux facteurs tels que la nature du produit que vous souhaitez fabriquer, la nature de l'installation de fabrication, la taille de l'usine et le nombre d'employ\u00e9s dont vous avez besoin. Le prix de la cr\u00e9ation d'une usine de fabrication de glaces d\u00e9pend du nombre d'employ\u00e9s et du volume de production. Le co\u00fbt d'une petite usine est g\u00e9n\u00e9ralement d'environ 1,4 million de tonnes, tandis qu'une grande usine co\u00fbtera probablement 1,4 million de tonnes ou plus.<\/p>\n<p style=\"margin-top: 5px;margin-bottom: 5px\"><\/p>\n<p style=\"margin-top: 5px;margin-bottom: 5px\">La glace roul\u00e9e est-elle plus saine que la glace ordinaire ? En un mot : oui. La cr\u00e8me glac\u00e9e est fabriqu\u00e9e \u00e0 partir de lait ou de cr\u00e8me, ou d'une combinaison des deux, et est ensuite congel\u00e9e. L'ingr\u00e9dient principal de la cr\u00e8me glac\u00e9e est le lait ou la cr\u00e8me, et non le sucre, de sorte que l'ajout de sucres naturels provenant de fruits ou de sirops n'aura qu'un effet n\u00e9gligeable sur la teneur en calories. Cependant, le sucre est la principale raison pour laquelle la cr\u00e8me glac\u00e9e est si d\u00e9licieuse.<\/p>\n<\/div><\/div>","protected":false},"excerpt":{"rendered":"<p>Ice Cream Cone Maker Ice Cream Cone Maker|Ice Cream Cone Machine|Product specification|Product making &nbsp;&nbsp;&nbsp;&nbsp; Our main objective is to offer best quality of ice cream cone mould to our valuable customers. Our factory is well equipped with latest technology and machinery to manufacture ice cream cone mould in a cost effective manner. The offered machine [&hellip;]<\/p>\n","protected":false},"featured_media":977,"comment_status":"open","ping_status":"open","template":"","meta":{"_swt_meta_header_display":false,"_swt_meta_footer_display":false,"_swt_meta_site_title_display":false,"_swt_meta_sticky_header":false,"_swt_meta_transparent_header":false},"product_brand":[],"product_cat":[87],"product_tag":[],"class_list":{"0":"post-980","1":"product","2":"type-product","3":"status-publish","4":"has-post-thumbnail","6":"product_cat-ice-cream-cone-machine","8":"first","9":"instock","10":"shipping-taxable","11":"product-type-simple"},"_links":{"self":[{"href":"https:\/\/www.hommy.com\/fr\/wp-json\/wp\/v2\/product\/980","targetHints":{"allow":["GET"]}}],"collection":[{"href":"https:\/\/www.hommy.com\/fr\/wp-json\/wp\/v2\/product"}],"about":[{"href":"https:\/\/www.hommy.com\/fr\/wp-json\/wp\/v2\/types\/product"}],"replies":[{"embeddable":true,"href":"https:\/\/www.hommy.com\/fr\/wp-json\/wp\/v2\/comments?post=980"}],"wp:featuredmedia":[{"embeddable":true,"href":"https:\/\/www.hommy.com\/fr\/wp-json\/wp\/v2\/media\/977"}],"wp:attachment":[{"href":"https:\/\/www.hommy.com\/fr\/wp-json\/wp\/v2\/media?parent=980"}],"wp:term":[{"taxonomy":"product_brand","embeddable":true,"href":"https:\/\/www.hommy.com\/fr\/wp-json\/wp\/v2\/product_brand?post=980"},{"taxonomy":"product_cat","embeddable":true,"href":"https:\/\/www.hommy.com\/fr\/wp-json\/wp\/v2\/product_cat?post=980"},{"taxonomy":"product_tag","embeddable":true,"href":"https:\/\/www.hommy.com\/fr\/wp-json\/wp\/v2\/product_tag?post=980"}],"curies":[{"name":"wp","href":"https:\/\/api.w.org\/{rel}","templated":true}]}}