{"id":976,"date":"2024-07-02T17:29:28","date_gmt":"2024-07-02T17:29:28","guid":{"rendered":"http:\/\/localhost\/hommywp\/bdpop-c-10-heads-commercial-ice-cream-sugar-cone-maker\/"},"modified":"2025-08-01T09:57:48","modified_gmt":"2025-08-01T09:57:48","slug":"bdpop-c-machine-a-cones-de-creme-glacee","status":"publish","type":"product","link":"https:\/\/www.hommy.com\/fr\/p\/bdpop-c-machine-a-cones-de-creme-glacee\/","title":{"rendered":"Bdpop-C 10 T\u00eates Machine \u00e0 glaces et c\u00f4nes de sucre commerciale"},"content":{"rendered":"<div>\n<p><\/p>\n<p><\/p>\n<p style=\"text-align: center\"><strong><span style=\"font-family: arial, helvetica, sans-serif;font-size: 24px\"><span style=\"font-family: arial, helvetica, sans-serif\"><a name=\"Ice Cream Cone Maker\"><\/a>I<\/span><span style=\"font-family: arial, helvetica, sans-serif;letter-spacing: 0px\">Machine \u00e0 fabriquer des c\u00f4nes de cr\u00e8me glac\u00e9e<\/span><\/span><\/strong><\/p>\n<p style=\"text-align: center\"><a href=\"#Ice Cream Cone Maker\" target=\"_self\" data-lv=\"0\" rel=\"noopener\"><span style=\"font-family: arial, helvetica, sans-serif;font-size: 16px\">Machine \u00e0 c\u00f4nes de cr\u00e8me glac\u00e9e<\/span><\/a><span style=\"font-family: arial, helvetica, sans-serif;font-size: 16px\">|<a href=\"#Ice Cream Cone Machine\" target=\"_self\" data-lv=\"0\" rel=\"noopener\">Machine \u00e0 c\u00f4nes de cr\u00e8me glac\u00e9e<\/a>|<a href=\"#Product specification\" target=\"_self\" data-lv=\"0\" rel=\"noopener\">Sp\u00e9cification du produit<\/a>|<a href=\"#Product making\" target=\"_self\" data-lv=\"0\" rel=\"noopener\">Fabrication de produits<\/a><\/span><\/p>\n<p><\/p>\n<p style=\"text-align: center\">&nbsp;&nbsp;&nbsp;&nbsp;<\/p>\n<p>Si vous \u00eates \u00e0 la recherche d'une machine \u00e0 c\u00f4nes de glace, vous \u00eates au bon endroit. Notre s\u00e9lection de machines \u00e0 c\u00f4nes est in\u00e9gal\u00e9e, et nous sommes certains d'avoir le mod\u00e8le qui r\u00e9pond \u00e0 vos besoins.<\/p>\n<p>Nous savons que le choix de la bonne <a style=\"color:blue\" href=\"https:\/\/www.hommy.com\/fr\/machine-a-cones-de-creme-glacee\/\">machine \u00e0 c\u00f4nes de glace<\/a> peut \u00eatre une t\u00e2che ardue, mais nous sommes l\u00e0 pour vous aider. Notre personnel comp\u00e9tent est toujours disponible pour r\u00e9pondre \u00e0 vos questions et nous veillerons \u00e0 ce que vous trouviez le fabricant de c\u00f4nes id\u00e9al pour votre entreprise.<\/p>\n<p>Alors, qu'attendez-vous ? Venez dans notre magasin et voyez par vous-m\u00eame pourquoi nous sommes le meilleur endroit pour acheter une machine \u00e0 c\u00f4nes de cr\u00e8me glac\u00e9e. Nous vous garantissons que vous ne serez pas d\u00e9\u00e7u.<\/p>\n<p><\/p>\n<div class=\"d-tem01-graphic tem01-graphic mockup\" data-detail=\"wrap\">\n<div class=\"cont-section clearfix d-clearfix\">\n<div class=\"col-md-6 col-sm-6 col-xs-6\">\n<div class=\"right-p\">\n<div class=\"h2 heading\"><img decoding=\"async\" src=\"https:\/\/www.hommy.com\/wp-content\/uploads\/16034204435477.jpg\" alt=\"produit-BDPOP-C machine \u00e0 c\u00f4nes de glace-Hommy-img\" style=\"font-size: 14px\" title=\"\"><span style=\"font-size: 14px\">&nbsp; &nbsp; &nbsp; &nbsp; &nbsp; &nbsp; &nbsp;<\/span><\/div>\n<\/div>\n<\/div>\n<div class=\"col-md-6 col-sm-6 col-xs-6\">\n<div class=\"right-p\">\n<div class=\"h2 heading\">\n<p><span style=\"font-family: arial, helvetica, sans-serif;font-size: 24px\"><strong><span style=\"font-family: arial, helvetica, sans-serif\"><a name=\"Ice Cream Cone Machine\"><\/a><\/span><\/strong><\/span><\/p>\n<p><span style=\"font-family: arial, helvetica, sans-serif;font-size: 24px\"><strong><span style=\"font-family: arial, helvetica, sans-serif\"><br \/><\/span><\/strong><\/span><\/p>\n<p><span style=\"font-family: arial, helvetica, sans-serif;font-size: 24px\"><strong><span style=\"font-family: arial, helvetica, sans-serif\">Machine \u00e0 c\u00f4nes de cr\u00e8me glac\u00e9e<\/span><\/strong><\/span><\/p>\n<p><strong><span style=\"font-family: Calibri;font-size: 19px\"><br \/><\/span><\/strong><\/p>\n<p style=\"margin-left:32px\"><span style=\"font-family:Calibri;font-size:16px\">- Les machines semi-automatiques sont utilis\u00e9es pour la cuisson des c\u00f4nes de cr\u00e8me glac\u00e9e, des c\u00f4nes de sucre et des coupes.<\/span><\/p>\n<p style=\"margin-left:32px\"><span style=\"font-family:Calibri;font-size:16px\">- Une unit\u00e9 de production ne peut cuire et produire qu'un seul type de c\u00f4ne\/coupelle.<\/span><\/p>\n<p><span style=\"font-family:Calibri;font-size:16px\">&nbsp;Cette machine est facile \u00e0 utiliser, elle peut \u00eatre facilement <\/span><span style=\"font-family:\u5b8b\u4f53;font-size:16px\">\u00e0 <\/span><span style=\"font-family:Calibri;font-size:16px\">par des op\u00e9rateurs non qualifi\u00e9s en effectuant quelques t\u00e2ches simples.<\/span><\/p>\n<p style=\"margin-left:32px\"><span style=\"font-family:Calibri;font-size:16px\">- Nous pouvons nous baser sur la forme du c\u00f4ne, le logo et la taille du client pour le fabriquer. Nous acceptons les OEM.<\/span><\/p>\n<p style=\"margin-left:32px\"><span style=\"font-family:Calibri;font-size:16px\">- Vous pouvez commander une machine avec des moules de formes diff\u00e9rentes, les moules sup\u00e9rieurs et inf\u00e9rieurs \u00e9tant interchangeables. En deux ou trois heures, vous pouvez changer l'ensemble de la matrice et commencer \u00e0 produire avec un autre type de c\u00f4ne.<\/span><\/p>\n<p style=\"margin-left:32px\"><span style=\"font-family:Calibri;font-size:16px\">- Le chauffage est assur\u00e9 par des r\u00e9sistances \u00e9lectriques con\u00e7ues pour optimiser l'utilisation de l'\u00e9nergie et la distribution thermique, et il est suffisamment flexible pour permettre une production \u00e9lev\u00e9e en continu pendant 24 heures.<\/span><\/p>\n<p style=\"margin-left:32px\"><span style=\"font-family:Calibri;font-size:16px\">- Moule conique durable et inoffensif, conforme aux normes d'hygi\u00e8ne, fabriqu\u00e9 en aluminium.<\/span><\/p>\n<p style=\"margin-left:32px\"><span style=\"font-family:Calibri;font-size:16px\">- sur la base de la forme du c\u00f4ne pour ajuster la temp\u00e9rature et r\u00e9gler le temps pour contr\u00f4ler le c\u00f4ne<\/span><span style=\"font-size: 16px\"><span style=\"font-family:\u5b8b\u4f53\">&nbsp;<\/span><\/span><span style=\"font-family:Calibri;font-size:16px\">forme et duret\u00e9 .<\/span><\/p>\n<\/div>\n<\/div>\n<p>&nbsp; &nbsp; &nbsp; &nbsp; &nbsp; &nbsp;<\/p><\/div>\n<\/div>\n<\/div>\n<h2><strong><span style=\"letter-spacing: 0px;font-family: arial, helvetica, sans-serif;font-size: 24px\"><a name=\"Product specification\"><\/a>Sp\u00e9cification du produit<\/span><\/strong><\/h2>\n<p><strong><span style=\"letter-spacing: 0px;font-family: arial, helvetica, sans-serif;font-size: 24px\"><img loading=\"lazy\" decoding=\"async\" src=\"https:\/\/www.hommy.com\/wp-content\/uploads\/16034204943236.png\" title=\"\" alt=\"produit-Hommy-img\" width=\"1000\" height=\"69\" border=\"0\" vspace=\"0\" style=\"width: 1000px;height: 69px\"><\/span><\/strong><\/p>\n<p><strong><span style=\"letter-spacing: 0px;font-family: arial, helvetica, sans-serif;font-size: 24px\"><br \/><\/span><\/strong><\/p>\n<p><\/p>\n<p style=\"margin-top:0;margin-right:0;margin-bottom:0;margin-left:0;text-indent:0;text-align:justify\"><span style=\"font-size: 24px\"><strong><span style=\"letter-spacing: 0px;font-family: arial, helvetica, sans-serif\"><a name=\"Product making\"><\/a>Fabrication de produits<\/span><\/strong><\/span><\/p>\n<p style=\"margin-top:0;margin-right:0;margin-bottom:0;margin-left:0;text-indent:0;text-align:justify\"><strong><span style=\"letter-spacing: 0px;font-family: arial, helvetica, sans-serif;font-size: 16px\"><br \/><\/span><\/strong><\/p>\n<p style=\"text-indent: 0;padding: 0;line-height: 30px\"><strong><span style=\"letter-spacing: 0px;font-family: arial, helvetica, sans-serif;font-size: 16px\">En outre, des ing\u00e9nieurs hautement qualifi\u00e9s, des technologues comp\u00e9tents et un personnel bien inform\u00e9 contribuent largement au d\u00e9veloppement de l'entreprise.<\/span><\/strong><\/p>\n<p style=\"margin-top:0;margin-right:0;margin-bottom:0;margin-left:0;line-height:28px\"><strong><span style=\"letter-spacing: 0px;font-family: arial, helvetica, sans-serif;font-size: 16px\">Br\u00e8ve introduction au fonctionnement de la machine \u00e0 fabriquer des c\u00f4nes<\/span><\/strong><\/p>\n<p style=\"margin-top:0;margin-right:0;margin-bottom:0;margin-left:0;line-height:28px\"><span style=\"letter-spacing: 0px;font-family: arial, helvetica, sans-serif;font-size: 16px\"><br \/><\/span><\/p>\n<p style=\"margin-top:0;margin-right:0;margin-bottom:0;margin-left:0\"><span style=\"letter-spacing: 0px;font-family: arial, helvetica, sans-serif;font-size: 16px\">1. brancher l'alimentation et le conteneur \u00e0 l'arri\u00e8re de la machine. Ensuite, ouvrir le moule et lubrifier les moules coniques avec de l'huile v\u00e9g\u00e9tale.<\/span><\/p>\n<p style=\"margin-top:0;margin-right:0;margin-bottom:0;margin-left:0\"><span style=\"font-family: arial, helvetica, sans-serif;font-size: 16px\">&nbsp;<\/span><\/p>\n<p style=\"margin-top:0;margin-right:0;margin-bottom:0;margin-left:0\"><span style=\"letter-spacing: 0px;font-family: arial, helvetica, sans-serif;font-size: 16px\">2. fermer les moules et laisser la machine pr\u00e9chauffer pendant 15-20 minutes.<\/span><\/p>\n<p style=\"margin-top:0;margin-right:0;margin-bottom:0;margin-left:0\"><span style=\"font-family: arial, helvetica, sans-serif;font-size: 16px\">&nbsp;<\/span><\/p>\n<p style=\"margin-top:0;margin-right:0;margin-bottom:0;margin-left:0\"><span style=\"letter-spacing: 0px;font-family: arial, helvetica, sans-serif;font-size: 16px\">3. ouvrir le moule sup\u00e9rieur<\/span><\/p>\n<p style=\"margin-top:0;margin-right:0;margin-bottom:0;margin-left:0\"><span style=\"font-family: arial, helvetica, sans-serif;font-size: 16px\">&nbsp;<\/span><\/p>\n<p style=\"margin-top:0;margin-right:0;margin-bottom:0;margin-left:0\"><span style=\"letter-spacing: 0px;font-family: arial, helvetica, sans-serif;font-size: 16px\">4. remplir le m\u00e9lange dans le feader et le verser dans le moule inf\u00e9rieur<\/span><\/p>\n<p style=\"margin-top:0;margin-right:0;margin-bottom:0;margin-left:0\"><span style=\"font-family: arial, helvetica, sans-serif;font-size: 16px\">&nbsp;<\/span><\/p>\n<p style=\"margin-top:0;margin-right:0;margin-bottom:0;margin-left:0\"><span style=\"letter-spacing: 0px;font-family: arial, helvetica, sans-serif;font-size: 16px\">5. fermer le moule sup\u00e9rieur et laisser l'appareil cuire pendant environ deux minutes.<\/span><\/p>\n<p style=\"margin-top:0;margin-right:0;margin-bottom:0;margin-left:0\"><span style=\"font-family: arial, helvetica, sans-serif;font-size: 16px\">&nbsp;<\/span><\/p>\n<p style=\"margin-top:0;margin-right:0;margin-bottom:0;margin-left:0\"><span style=\"letter-spacing: 0px;font-family: arial, helvetica, sans-serif;font-size: 16px\">6. deux minutes plus tard, le buzzer retentit et le t\u00e9moin lumineux s'allume pour signaler que les c\u00f4nes sont pr\u00eats. Ouvrez le moule sup\u00e9rieur et le moule inf\u00e9rieur.<\/span><\/p>\n<p style=\"margin-top:0;margin-right:0;margin-bottom:0;margin-left:0\"><span style=\"font-family: arial, helvetica, sans-serif;font-size: 16px\">&nbsp;<\/span><\/p>\n<p style=\"margin-top:0;margin-right:0;margin-bottom:0;margin-left:0\"><span style=\"letter-spacing: 0px;font-family: arial, helvetica, sans-serif;font-size: 16px\">7. les c\u00f4nes tombent sur la glissi\u00e8re et glissent dans le conteneur.<\/span><\/p>\n<p><span style=\"font-family: arial, helvetica, sans-serif;font-size: 16px\"><strong><span style=\"letter-spacing: 0px;font-family: arial, helvetica, sans-serif;font-size: 24px\"><br \/><\/span><\/strong>Document\uff1a<\/span><img decoding=\"async\" src=\"https:\/\/www.hommy.com\/wp-content\/uploads\/icon_pdf-75.gif\" style=\"margin-right: 2px\" alt=\"produit-Hommy-img\" title=\"\"><a href=\"https:\/\/img80002414.weyesimg.com\/uploads\/www.hommy.com\/addon\/16034205911000.pdf\" title=\"16034205911000.pdf\" style=\"font-size: 12px\">16034205911000.pdf<\/a><\/p>\n<p><span style=\"font-family: arial, helvetica, sans-serif;font-size: 16px\"><\/span><\/p>\n<h2>Peut-on utiliser un gaufrier pour faire des c\u00f4nes ?<\/h2>\n<p style=\"margin-top: 5px;margin-bottom: 5px\">J'ai un gaufrier que j'utilise pour faire des gaufres. C'est un bon gaufrier avec deux cuves et une poign\u00e9e \u00e0 ressort. Je ne veux pas utiliser le gaufrier pour les cuire. Je veux l'utiliser pour maintenir la p\u00e2te dans les c\u00f4nes. J'ai pens\u00e9 \u00e0 utiliser un gaufrier pour faire les c\u00f4nes, mais je veux pouvoir les cuire \u00e0 la maison.<\/p>\n<p style=\"margin-top: 5px;margin-bottom: 5px\"><\/p>\n<h2>Quelle est l'odeur d'un cornet de glace ?<\/h2>\n<p style=\"margin-top: 5px;margin-bottom: 5px\">Cela d\u00e9pend du type de cr\u00e8me glac\u00e9e qu'elle contient. La cr\u00e8me glac\u00e9e \u00e0 la cr\u00e8me, comme le soft serve, a g\u00e9n\u00e9ralement un l\u00e9ger parfum de vanille. Mais imaginez que vous puissiez inhaler l'odeur d'un parfum particulier de cr\u00e8me glac\u00e9e, par exemple une cr\u00e8me \u00e0 la vanille qui vient d'\u00eatre fabriqu\u00e9e.<\/p>\n<p style=\"margin-top: 5px;margin-bottom: 5px\"><\/p>\n<h2>Comment conserver le croustillant des cornets de glace ?&nbsp;<\/h2>\n<p style=\"margin-top: 5px;margin-bottom: 5px\">Avec un petit secret : le bicarbonate de soude. Ou est-ce un petit secret ? C'est certainement la premi\u00e8re chose que l'on entend lorsqu'on d\u00e9croche le t\u00e9l\u00e9phone et que l'on appelle un marchand de glaces local, et la question est r\u00e9currente. La question est r\u00e9currente et on la retrouve partout sur internet. Mais est-ce vrai ? Les cornets de glace restent-ils vraiment croustillants ? La r\u00e9ponse est... oui. Et non. Les cornets de glace restent croustillants. Mais... cela a un effet secondaire. Il n'emp\u00eache pas la glace de fondre.<\/p>\n<\/div><\/div>","protected":false},"excerpt":{"rendered":"<p>Ice Cream Cone Maker Ice Cream Cone Maker|Ice Cream Cone Machine|Product specification|Product making &nbsp;&nbsp;&nbsp;&nbsp; If you&#039;re in the market for an ice cream sugar cone maker, you&#039;ve come to the right place. Our selection of cone makers is second to none, and we&#039;re confident that we have the right model for your needs. We know [&hellip;]<\/p>\n","protected":false},"featured_media":973,"comment_status":"open","ping_status":"open","template":"","meta":{"_swt_meta_header_display":false,"_swt_meta_footer_display":false,"_swt_meta_site_title_display":false,"_swt_meta_sticky_header":false,"_swt_meta_transparent_header":false},"product_brand":[],"product_cat":[87],"product_tag":[],"class_list":{"0":"post-976","1":"product","2":"type-product","3":"status-publish","4":"has-post-thumbnail","6":"product_cat-ice-cream-cone-machine","8":"first","9":"instock","10":"shipping-taxable","11":"product-type-simple"},"_links":{"self":[{"href":"https:\/\/www.hommy.com\/fr\/wp-json\/wp\/v2\/product\/976","targetHints":{"allow":["GET"]}}],"collection":[{"href":"https:\/\/www.hommy.com\/fr\/wp-json\/wp\/v2\/product"}],"about":[{"href":"https:\/\/www.hommy.com\/fr\/wp-json\/wp\/v2\/types\/product"}],"replies":[{"embeddable":true,"href":"https:\/\/www.hommy.com\/fr\/wp-json\/wp\/v2\/comments?post=976"}],"wp:featuredmedia":[{"embeddable":true,"href":"https:\/\/www.hommy.com\/fr\/wp-json\/wp\/v2\/media\/973"}],"wp:attachment":[{"href":"https:\/\/www.hommy.com\/fr\/wp-json\/wp\/v2\/media?parent=976"}],"wp:term":[{"taxonomy":"product_brand","embeddable":true,"href":"https:\/\/www.hommy.com\/fr\/wp-json\/wp\/v2\/product_brand?post=976"},{"taxonomy":"product_cat","embeddable":true,"href":"https:\/\/www.hommy.com\/fr\/wp-json\/wp\/v2\/product_cat?post=976"},{"taxonomy":"product_tag","embeddable":true,"href":"https:\/\/www.hommy.com\/fr\/wp-json\/wp\/v2\/product_tag?post=976"}],"curies":[{"name":"wp","href":"https:\/\/api.w.org\/{rel}","templated":true}]}}