{"id":972,"date":"2024-07-02T17:29:24","date_gmt":"2024-07-02T17:29:24","guid":{"rendered":"http:\/\/localhost\/hommywp\/bdpop-a-32-heads-ice-cream-waffle-cone-moulding-machine-cost\/"},"modified":"2025-08-01T09:57:48","modified_gmt":"2025-08-01T09:57:48","slug":"machine-a-fabriquer-des-cornets-de-creme-glacee-oem-odm","status":"publish","type":"product","link":"https:\/\/www.hommy.com\/fr\/p\/machine-a-fabriquer-des-cornets-de-creme-glacee-oem-odm\/","title":{"rendered":"Co\u00fbt de la machine \u00e0 mouler les c\u00f4nes de gaufre et de cr\u00e8me glac\u00e9e Bdpop-A 32 t\u00eates"},"content":{"rendered":"<div>\n<p>&nbsp;<\/p>\n<h2 style=\"text-align: center\"><strong><span style=\"font-family: arial, helvetica, sans-serif;font-size: 24px\"><a name=\"Ice cream cone machine\"><\/a>Machine \u00e0 c\u00f4nes de glace<\/span><\/strong><\/h2>\n<p style=\"text-align: center\"><a href=\"#Ice cream cone machine\" target=\"_self\" data-lv=\"0\" rel=\"noopener\"><span style=\"font-size: 16px;font-family: arial, helvetica, sans-serif\">Machine \u00e0 c\u00f4nes de glace<\/span><\/a><span style=\"font-size: 16px;font-family: arial, helvetica, sans-serif\">|<a href=\"#Ice Cream Cone Machine\" target=\"_self\" data-lv=\"0\" rel=\"noopener\">Machine \u00e0 c\u00f4nes de cr\u00e8me glac\u00e9e<\/a>|<a href=\"#PRODUCT SPECIFICATION\" target=\"_self\" data-lv=\"0\" rel=\"noopener\">SP\u00c9CIFICATION DU PRODUIT<\/a>|<a href=\"#Product making\" target=\"_self\" data-lv=\"0\" rel=\"noopener\">Fabrication de produits<\/a><\/span><\/p>\n<p style=\"text-align: center\"><video src=\"https:\/\/img80002414.weyesimg.com\/uploads\/wij2rdgc.allweyes.com\/video\/15554038518346.mp4\" preload=\"none\" controls=\"\" poster=\"https:\/\/img80002414.weyesimg.com\/uploads\/wij2rdgc.allweyes.com\/images\/15554038317994.jpg\" data-setup=\"{}\" width=\"900\" height=\"640\"><\/video><\/p>\n<p>Nous sommes un fabricant de premier plan de machines \u00e0 mouler les c\u00f4nes de cr\u00e8me glac\u00e9e. Nos machines semi-automatiques sont utilis\u00e9es pour la cuisson des c\u00f4nes de cr\u00e8me glac\u00e9e, des c\u00f4nes de sucre et des coupes. Nous disposons d'une large gamme de machines pour r\u00e9pondre \u00e0 vos besoins et notre \u00e9quipe d'experts est toujours \u00e0 votre disposition pour vous conseiller sur la machine la mieux adapt\u00e9e \u00e0 vos besoins. Nos machines sont faciles \u00e0 utiliser et b\u00e9n\u00e9ficient d'une garantie d'un an. Commandez votre machine d\u00e8s aujourd'hui et commencez \u00e0 pr\u00e9parer de d\u00e9licieux cornets de cr\u00e8me glac\u00e9e !<\/p>\n<p><\/p>\n<div class=\"d-tem11-graphic tem11-graphic mockup\" data-detail=\"wrap\">\n<div class=\"tab_row\">\n<div class=\"img\" style=\"width: 50%\">\n<p style=\"text-align:center\"><img loading=\"lazy\" decoding=\"async\" title=\"\" alt=\"produit-BDPOP-Une machine \u00e0 fabriquer des cornets de glace-Hommy-img\" src=\"https:\/\/www.hommy.com\/wp-content\/uploads\/15795124372418.png\" width=\"350\" height=\"751\" border=\"0\" vspace=\"0\" style=\"width: 350px;height: 751px\"><\/p>\n<\/div>\n<div class=\"text_box\" style=\"width: 50%\">\n<div class=\"txt\">\n<p>&nbsp;<\/p>\n<h2><strong><span style=\"font-family: arial, helvetica, sans-serif;font-size: 24px\"><a name=\"Ice Cream Cone Machine\"><\/a>Machine \u00e0 c\u00f4nes de cr\u00e8me glac\u00e9e<\/span><\/strong><\/h2>\n<p>&nbsp;<\/p>\n<p style=\"line-height: 2em\">Les machines semi-automatiques sont utilis\u00e9es pour la cuisson des c\u00f4nes de cr\u00e8me glac\u00e9e, des c\u00f4nes de sucre et des coupes.<br \/>Une unit\u00e9 de production ne peut cuire et produire qu'un seul type de c\u00f4ne\/coupelle.<br \/>Cette machine est facile \u00e0 utiliser, elle peut \u00eatre facilement utilis\u00e9e par des op\u00e9rateurs non qualifi\u00e9s en effectuant quelques t\u00e2ches simples.<br \/>Nous pouvons nous baser sur la forme du c\u00f4ne, le logo et la taille du client pour le fabriquer. Nous acceptons les OEM.<br \/>Vous pouvez commander une machine avec des moules de formes diff\u00e9rentes, les moules sup\u00e9rieurs et inf\u00e9rieurs \u00e9tant interchangeables. En deux ou trois heures, vous pouvez changer l'ensemble de la matrice et commencer \u00e0 produire avec un autre type de c\u00f4ne.<br \/>Le chauffage est assur\u00e9 par des r\u00e9sistances \u00e9lectriques con\u00e7ues pour optimiser l'utilisation de l'\u00e9nergie et la distribution thermique, et il est suffisamment flexible pour permettre une production \u00e9lev\u00e9e en continu pendant 24 heures.<br \/>Moule conique durable et inoffensif, conforme aux normes d'hygi\u00e8ne, fabriqu\u00e9 en aluminium.<br \/>en fonction de la forme du c\u00f4ne pour ajuster la temp\u00e9rature et r\u00e9gler le temps pour contr\u00f4ler la forme et la duret\u00e9 du c\u00f4ne.<\/p>\n<p>&nbsp;<\/p>\n<\/div>\n<\/div>\n<\/div>\n<\/div>\n<p>&nbsp;<\/p>\n<div class=\"text-left d-tem09-title d-interval\" data-detail=\"wrap\">\n<div class=\"title-header\">\n<h2><strong><span style=\"font-size: 24px;font-family: arial, helvetica, sans-serif\"><a name=\"PRODUCT SPECIFICATION\"><\/a>SP\u00c9CIFICATION DU PRODUIT<\/span><\/strong><\/h2>\n<p><img loading=\"lazy\" decoding=\"async\" src=\"https:\/\/www.hommy.com\/wp-content\/uploads\/16034186879364.png\" title=\"\" alt=\"produit-Hommy-img\" width=\"1000\" height=\"494\" border=\"0\" vspace=\"0\" style=\"width: 1000px;height: 494px\"><\/p>\n<\/div>\n<\/div>\n<p><\/p>\n<p style=\"margin-top:0;margin-right:0;margin-bottom:0;margin-left:0;text-indent:0;text-align:justify\"><strong><span style=\"letter-spacing: 0px;font-family: arial, helvetica, sans-serif;font-size: 24px\"><a name=\"Product making\"><\/a>Fabrication de produits<\/span><\/strong><\/p>\n<p style=\"margin-top:0;margin-right:0;margin-bottom:0;margin-left:0;text-indent:0;text-align:justify\"><strong><span style=\"letter-spacing: 0px;font-family: arial, helvetica, sans-serif;font-size: 24px\"><br \/><\/span><\/strong><\/p>\n<p style=\"text-indent: 0;padding: 0;line-height: 30px\"><strong><span style=\"letter-spacing: 0px;font-family: arial, helvetica, sans-serif;font-size: 16px\">En outre, des ing\u00e9nieurs hautement qualifi\u00e9s, des technologues comp\u00e9tents et un personnel bien inform\u00e9 contribuent largement au d\u00e9veloppement de l'entreprise.<\/span><\/strong><\/p>\n<p style=\"margin-top:0;margin-right:0;margin-bottom:0;margin-left:0;line-height:28px\"><strong><span style=\"letter-spacing: 0px;font-family: arial, helvetica, sans-serif;font-size: 16px\">Br\u00e8ve introduction au fonctionnement de la machine \u00e0 fabriquer des c\u00f4nes<\/span><\/strong><\/p>\n<p style=\"margin-top:0;margin-right:0;margin-bottom:0;margin-left:0;line-height:28px\"><span style=\"letter-spacing: 0px;font-family: arial, helvetica, sans-serif;font-size: 16px\"><br \/><\/span><\/p>\n<p style=\"margin-top:0;margin-right:0;margin-bottom:0;margin-left:0\"><span style=\"letter-spacing: 0px;font-family: arial, helvetica, sans-serif;font-size: 16px\">1. brancher l'alimentation et le conteneur \u00e0 l'arri\u00e8re de la machine. Ensuite, ouvrir le moule et lubrifier les moules coniques avec de l'huile v\u00e9g\u00e9tale.<\/span><\/p>\n<p style=\"margin-top:0;margin-right:0;margin-bottom:0;margin-left:0\"><span style=\"font-family: arial, helvetica, sans-serif;font-size: 16px\">&nbsp;<\/span><\/p>\n<p style=\"margin-top:0;margin-right:0;margin-bottom:0;margin-left:0\"><span style=\"letter-spacing: 0px;font-family: arial, helvetica, sans-serif;font-size: 16px\">2. fermer les moules et laisser la machine pr\u00e9chauffer pendant 15-20 minutes.<\/span><\/p>\n<p style=\"margin-top:0;margin-right:0;margin-bottom:0;margin-left:0\"><span style=\"font-family: arial, helvetica, sans-serif;font-size: 16px\">&nbsp;<\/span><\/p>\n<p style=\"margin-top:0;margin-right:0;margin-bottom:0;margin-left:0\"><span style=\"letter-spacing: 0px;font-family: arial, helvetica, sans-serif;font-size: 16px\">3. ouvrir le moule sup\u00e9rieur<\/span><\/p>\n<p style=\"margin-top:0;margin-right:0;margin-bottom:0;margin-left:0\"><span style=\"font-family: arial, helvetica, sans-serif;font-size: 16px\">&nbsp;<\/span><\/p>\n<p style=\"margin-top:0;margin-right:0;margin-bottom:0;margin-left:0\"><span style=\"letter-spacing: 0px;font-family: arial, helvetica, sans-serif;font-size: 16px\">4. remplir le m\u00e9lange dans le feader et le verser dans le moule inf\u00e9rieur<\/span><\/p>\n<p style=\"margin-top:0;margin-right:0;margin-bottom:0;margin-left:0\"><span style=\"font-family:Calibri;font-size:16px\">&nbsp;<\/span><\/p>\n<p style=\"margin-top:0;margin-right:0;margin-bottom:0;margin-left:0\"><span style=\"font-family: Arial;letter-spacing: 0;font-size: 14px\">5. fermer le moule sup\u00e9rieur et laisser l'appareil cuire pendant environ deux minutes.<\/span><\/p>\n<p style=\"margin-top:0;margin-right:0;margin-bottom:0;margin-left:0\"><span style=\"font-family:Calibri;font-size:16px\">&nbsp;<\/span><\/p>\n<p style=\"margin-top:0;margin-right:0;margin-bottom:0;margin-left:0\"><span style=\"font-family: Arial;letter-spacing: 0;font-size: 14px\">6. deux minutes plus tard, le buzzer retentit et le t\u00e9moin lumineux s'allume pour signaler que les c\u00f4nes sont pr\u00eats. Ouvrez le moule sup\u00e9rieur et le moule inf\u00e9rieur.<\/span><\/p>\n<p style=\"margin-top:0;margin-right:0;margin-bottom:0;margin-left:0\"><span style=\"font-family:Calibri;font-size:16px\">&nbsp;<\/span><\/p>\n<p style=\"margin-top:0;margin-right:0;margin-bottom:0;margin-left:0\"><span style=\"font-family: Arial;letter-spacing: 0;font-size: 14px\">7. les c\u00f4nes tombent sur la glissi\u00e8re et glissent dans le conteneur.<\/span><\/p>\n<p style=\"margin-top:0;margin-right:0;margin-bottom:0;margin-left:0\"><span style=\"font-family: Arial;letter-spacing: 0;font-size: 14px\"><br \/><\/span><\/p>\n<p><\/p>\n<p>Document\uff1a<img decoding=\"async\" src=\"https:\/\/www.hommy.com\/wp-content\/uploads\/icon_pdf-74.gif\" style=\"margin-right: 2px\" alt=\"produit-Hommy-img\" title=\"\"><a href=\"https:\/\/img80002414.weyesimg.com\/uploads\/www.hommy.com\/addon\/16028150818760.pdf\" title=\"16028150818760.pdf\" style=\"font-size: 12px\">16028150818760.pdf<\/a><\/p>\n<h2 style=\"font-family: sans-serif\">Comment fonctionnent les distributeurs automatiques de nourriture japonais ?<\/h2>\n<p style=\"margin-top: 5px;margin-bottom: 5px;font-family: sans-serif;font-size: 16px\">Vous savez comment fonctionnent les distributeurs automatiques, n'est-ce pas ? Vous obtenez un bon, vous ins\u00e9rez votre argent et vous obtenez une collation, une boisson ou un caf\u00e9. Mais au Japon, c'est un peu diff\u00e9rent. Vous n'obtenez pas un bon et vous l'utilisez dans un distributeur automatique. Le syst\u00e8me de point de vente fait partie d'un syst\u00e8me connu sous le nom de soci\u00e9t\u00e9 sans argent liquide, dans lequel il n'est pas n\u00e9cessaire de remettre de l'argent liquide pour les paiements. Au lieu de cela, vous utilisez le syst\u00e8me de paiement en place dans les distributeurs automatiques, les supermarch\u00e9s et les magasins de proximit\u00e9 pour \u00e9changer de l'argent liquide contre le cr\u00e9dit de votre carte pr\u00e9pay\u00e9e.<\/p>\n<p style=\"margin-top: 5px;margin-bottom: 5px;font-family: sans-serif;font-size: 16px\"><\/p>\n<h2 style=\"font-family: sans-serif\">Les distributeurs de glace en valent-ils la peine ?<\/h2>\n<p style=\"margin-top: 5px;margin-bottom: 5px;font-family: sans-serif;font-size: 16px\">\u00c0 premi\u00e8re vue, je suis la derni\u00e8re personne \u00e0 penser \u00e0 la faisabilit\u00e9 des distributeurs automatiques de glace. Mais apr\u00e8s ces trois derniers jours, je serai heureux d'avoir lu cet article : Les distributeurs automatiques de gla\u00e7ons sont le moyen id\u00e9al de rafra\u00eechir vos boissons. Je n'aime pas le go\u00fbt des gla\u00e7ons et je ne bois pas dans un grand verre, alors je n'en ach\u00e8terais pas si je n'\u00e9tais pas au cin\u00e9ma.L'article commence par affirmer que les distributeurs automatiques de gla\u00e7ons font fureur maintenant que l'\u00e9t\u00e9 est l\u00e0. Pourquoi ? Parce qu'il fait chaud et qu'il faut se pr\u00e9parer avec des produits congel\u00e9s. C'est tout simplement stupide !<\/p>\n<p style=\"margin-top: 5px;margin-bottom: 5px;font-family: sans-serif;font-size: 16px\"><\/p>\n<h2 style=\"font-family: sans-serif\">Pourquoi un distributeur automatique me fait-il payer plus cher ?<\/h2>\n<p style=\"margin-top: 5px;margin-bottom: 5px;font-family: sans-serif;font-size: 16px\">Par exemple, lorsque j'\u00e9tais au lyc\u00e9e, j'avais mon propre v\u00e9lo. Malheureusement, l'atelier de r\u00e9paration de bicyclettes de l'\u00e9cole n'avait pas d'ordinateur \"r\u00e9parateur\" en \u00e9tat de marche, alors ils appelaient mon p\u00e8re, qui en avait un, et lui disaient de l'apporter. Lorsque mon p\u00e8re arrivait \u00e0 l'\u00e9cole, le personnel de l'atelier de r\u00e9paration recevait un message indiquant que j'\u00e9tais l\u00e0 et t\u00e9l\u00e9phonait \u00e0 mon p\u00e8re pour lui dire que l'ordinateur \u00e9tait pr\u00eat. Malheureusement, ils appelaient parfois mon p\u00e8re \u00e0 son travail, ce qui, en fonction de son poste, pouvait repr\u00e9senter un trajet de 5 heures aller-retour pour lui. Il a commenc\u00e9 \u00e0 s'agacer de tous ces appels et a dit \u00e0 l'atelier de r\u00e9paration qu'il n'accepterait de leur apporter la moto que s'il pouvait t\u00e9l\u00e9phoner gratuitement. L'atelier a accept\u00e9 et papa a re\u00e7u des appels t\u00e9l\u00e9phoniques tous les jours \u00e0 11 heures, 12 heures, 13 heures et ainsi de suite, jusqu'\u00e0 ce qu'il leur dise d'arr\u00eater.<\/p>\n<\/div><\/div>","protected":false},"excerpt":{"rendered":"<p>&nbsp; Ice cream cone machine Ice cream cone machine|Ice Cream Cone Machine|PRODUCT SPECIFICATION|Product making We are a leading manufacturer of Ice Cream Cone moulding machines. Our semi-automatic machines are used for baking ice cream cones, sugar cones and cups. We have a wide range of machines to suit your needs and our team of experts [&hellip;]<\/p>\n","protected":false},"featured_media":969,"comment_status":"open","ping_status":"open","template":"","meta":{"_swt_meta_header_display":false,"_swt_meta_footer_display":false,"_swt_meta_site_title_display":false,"_swt_meta_sticky_header":false,"_swt_meta_transparent_header":false},"product_brand":[],"product_cat":[87],"product_tag":[],"class_list":{"0":"post-972","1":"product","2":"type-product","3":"status-publish","4":"has-post-thumbnail","6":"product_cat-ice-cream-cone-machine","8":"first","9":"instock","10":"shipping-taxable","11":"product-type-simple"},"_links":{"self":[{"href":"https:\/\/www.hommy.com\/fr\/wp-json\/wp\/v2\/product\/972","targetHints":{"allow":["GET"]}}],"collection":[{"href":"https:\/\/www.hommy.com\/fr\/wp-json\/wp\/v2\/product"}],"about":[{"href":"https:\/\/www.hommy.com\/fr\/wp-json\/wp\/v2\/types\/product"}],"replies":[{"embeddable":true,"href":"https:\/\/www.hommy.com\/fr\/wp-json\/wp\/v2\/comments?post=972"}],"wp:featuredmedia":[{"embeddable":true,"href":"https:\/\/www.hommy.com\/fr\/wp-json\/wp\/v2\/media\/969"}],"wp:attachment":[{"href":"https:\/\/www.hommy.com\/fr\/wp-json\/wp\/v2\/media?parent=972"}],"wp:term":[{"taxonomy":"product_brand","embeddable":true,"href":"https:\/\/www.hommy.com\/fr\/wp-json\/wp\/v2\/product_brand?post=972"},{"taxonomy":"product_cat","embeddable":true,"href":"https:\/\/www.hommy.com\/fr\/wp-json\/wp\/v2\/product_cat?post=972"},{"taxonomy":"product_tag","embeddable":true,"href":"https:\/\/www.hommy.com\/fr\/wp-json\/wp\/v2\/product_tag?post=972"}],"curies":[{"name":"wp","href":"https:\/\/api.w.org\/{rel}","templated":true}]}}