{"id":968,"date":"2024-07-02T17:29:21","date_gmt":"2024-07-02T17:29:21","guid":{"rendered":"http:\/\/localhost\/hommywp\/bdpop-d-60-heads-automatic-ice-cream-cone-machine-for-sale\/"},"modified":"2025-08-01T09:57:48","modified_gmt":"2025-08-01T09:57:48","slug":"bdpop-d-machine-automatique-a-cones-de-creme-glacee","status":"publish","type":"product","link":"https:\/\/www.hommy.com\/fr\/p\/bdpop-d-machine-automatique-a-cones-de-creme-glacee\/","title":{"rendered":"Bdpop-D 60 Heads Machine automatique \u00e0 glaces \u00e0 vendre"},"content":{"rendered":"<div>\n<p><\/p>\n<p style=\"text-align: center\"><strong><span style=\"font-family: arial, helvetica, sans-serif;font-size: 24px\"><span style=\"font-family: arial, helvetica, sans-serif\"><a name=\"Automatic Ice Cream Cone Machine\"><\/a>A<\/span><span style=\"font-family: arial, helvetica, sans-serif;letter-spacing: 0px\">Machine \u00e0 c\u00f4nes de cr\u00e8me glac\u00e9e automatique<\/span><\/span><\/strong><\/p>\n<p style=\"text-align: center\"><a href=\"#Automatic Ice Cream Cone Machine\" target=\"_self\" data-lv=\"0\" rel=\"noopener\"><span style=\"font-family: arial, helvetica, sans-serif;font-size: 16px\">Machine automatique \u00e0 fabriquer des c\u00f4nes de cr\u00e8me glac\u00e9e<\/span><\/a><span style=\"font-family: arial, helvetica, sans-serif;font-size: 16px\">|<a href=\"#Ice Cream Cone Machine\" target=\"_self\" data-lv=\"0\" rel=\"noopener\">Machine \u00e0 c\u00f4nes de cr\u00e8me glac\u00e9e<\/a>|<a href=\"#Product specification\" target=\"_self\" data-lv=\"0\" rel=\"noopener\">Sp\u00e9cification du produit<\/a>|<a href=\"#Product making\" target=\"_self\" data-lv=\"0\" rel=\"noopener\">Fabrication de produits<\/a><\/span><\/p>\n<p><\/p>\n<p><\/p>\n<p style=\"text-align: center\">&nbsp;&nbsp;&nbsp;&nbsp;<\/p>\n<p>Ces machines sont fabriqu\u00e9es \u00e0 l'aide de mati\u00e8res premi\u00e8res de premi\u00e8re qualit\u00e9 et des derni\u00e8res technologies, conform\u00e9ment aux normes industrielles. Gr\u00e2ce \u00e0 sa qualit\u00e9 sup\u00e9rieure et \u00e0 ses caract\u00e9ristiques, notre gamme de machines \u00e0 c\u00f4nes de cr\u00e8me glac\u00e9e est tr\u00e8s demand\u00e9e sur le march\u00e9. Les machines propos\u00e9es sont contr\u00f4l\u00e9es par nos contr\u00f4leurs de qualit\u00e9 sur plusieurs param\u00e8tres.<\/p>\n<p><\/p>\n<div class=\"d-tem01-graphic tem01-graphic mockup\" data-detail=\"wrap\">\n<div class=\"cont-section clearfix d-clearfix\">\n<div class=\"col-md-6 col-sm-6 col-xs-6\">\n<div class=\"right-p\">\n<h2><img loading=\"lazy\" decoding=\"async\" src=\"https:\/\/www.hommy.com\/wp-content\/uploads\/16034215628478.jpg\" alt=\"produit-BDPOP-D machine automatique \u00e0 c\u00f4nes de glace-Hommy-img\" style=\"font-size: 14px;width: 500px;height: 326px\" title=\"\" width=\"500\" height=\"326\" border=\"0\" vspace=\"0\"><span style=\"font-size: 14px\">&nbsp; &nbsp; &nbsp; <span style=\"font-size: 14px;font-family: arial, helvetica, sans-serif\"><strong><span style=\"font-size: 24px\"><a name=\"        Ice Cream Cone Machine\"><\/a>&nbsp; &nbsp; &nbsp; &nbsp;<\/span><\/strong><\/span><\/span><\/h2>\n<\/div>\n<\/div>\n<div class=\"col-md-6 col-sm-6 col-xs-6\">\n<div class=\"right-p\">\n<div class=\"h2 heading\">\n<h2><span style=\"font-family: arial, helvetica, sans-serif;font-size: 24px\"><strong><span style=\"font-family: arial, helvetica, sans-serif\"><a name=\"Ice Cream Cone Machine\"><\/a>Machine \u00e0 c\u00f4nes de cr\u00e8me glac\u00e9e<\/span><\/strong><strong><span style=\"font-family: arial, helvetica, sans-serif\"><\/span><\/strong><\/span><\/h2>\n<p><strong><span style=\"font-family: Calibri;font-size: 19px\"><br \/><\/span><\/strong><\/p>\n<p style=\"margin-left:32px\"><span style=\"font-family:Calibri;font-size:16px\">- Les machines semi-automatiques sont utilis\u00e9es pour la cuisson des c\u00f4nes de cr\u00e8me glac\u00e9e, des c\u00f4nes de sucre et des coupes.<\/span><\/p>\n<p style=\"margin-left:32px\"><span style=\"font-family:Calibri;font-size:16px\">- Une unit\u00e9 de production ne peut cuire et produire qu'un seul type de c\u00f4ne\/coupelle.<\/span><\/p>\n<p><span style=\"font-family:Calibri;font-size:16px\">&nbsp;Cette machine est facile \u00e0 utiliser, elle peut \u00eatre facilement <\/span><span style=\"font-family:\u5b8b\u4f53;font-size:16px\">\u00e0 <\/span><span style=\"font-family:Calibri;font-size:16px\">par des op\u00e9rateurs non qualifi\u00e9s en effectuant quelques t\u00e2ches simples.<\/span><\/p>\n<p style=\"margin-left:32px\"><span style=\"font-family:Calibri;font-size:16px\">- Nous pouvons nous baser sur la forme du c\u00f4ne, le logo et la taille du client pour le fabriquer. Nous acceptons les OEM.<\/span><\/p>\n<p style=\"margin-left:32px\"><span style=\"font-family:Calibri;font-size:16px\">- Vous pouvez commander une machine avec des moules de formes diff\u00e9rentes, les moules sup\u00e9rieurs et inf\u00e9rieurs \u00e9tant interchangeables. En deux ou trois heures, vous pouvez changer l'ensemble de la matrice et commencer \u00e0 produire avec un autre type de c\u00f4ne.<\/span><\/p>\n<p style=\"margin-left:32px\"><span style=\"font-family:Calibri;font-size:16px\">- Le chauffage est assur\u00e9 par des r\u00e9sistances \u00e9lectriques con\u00e7ues pour optimiser l'utilisation de l'\u00e9nergie et la distribution thermique, et il est suffisamment flexible pour permettre une production \u00e9lev\u00e9e en continu pendant 24 heures.<\/span><\/p>\n<p style=\"margin-left:32px\"><span style=\"font-family:Calibri;font-size:16px\">- Moule conique durable et inoffensif, conforme aux normes d'hygi\u00e8ne, fabriqu\u00e9 en aluminium.<\/span><\/p>\n<p style=\"margin-left:32px\"><span style=\"font-family:Calibri;font-size:16px\">- sur la base de la forme du c\u00f4ne pour ajuster la temp\u00e9rature et r\u00e9gler le temps pour contr\u00f4ler le c\u00f4ne<\/span><span style=\"font-family:\u5b8b\u4f53;font-size:16px\">&nbsp;<\/span><span style=\"font-family:Calibri;font-size:16px\">forme et duret\u00e9 .<\/span><\/p>\n<p><span><\/span><\/div>\n<\/div>\n<\/div>\n<\/div>\n<\/div>\n<p><strong><span style=\"letter-spacing: 0px;font-family: arial, helvetica, sans-serif;font-size: 24px\"><a name=\"Product specification\"><\/a>Sp\u00e9cification du produit<\/span><\/strong><\/p>\n<p><strong><span style=\"letter-spacing: 0px;font-family: arial, helvetica, sans-serif;font-size: 24px\"><img loading=\"lazy\" decoding=\"async\" src=\"https:\/\/www.hommy.com\/wp-content\/uploads\/16034212553308.png\" title=\"\" alt=\"produit-Hommy-img\" width=\"1000\" height=\"494\" border=\"0\" vspace=\"0\" style=\"width: 1000px;height: 494px\"><\/span><\/strong><\/p>\n<p><strong><span style=\"letter-spacing: 0px;font-family: arial, helvetica, sans-serif;font-size: 24px\"><br \/><\/span><\/strong><\/p>\n<p><\/p>\n<p style=\"margin-top:0;margin-right:0;margin-bottom:0;margin-left:0;text-indent:0;text-align:justify\"><span style=\"font-size: 24px\"><strong><span style=\"letter-spacing: 0px;font-family: arial, helvetica, sans-serif\"><a name=\"Product making\"><\/a>Fabrication de produits<\/span><\/strong><\/span><\/p>\n<p style=\"margin-top:0;margin-right:0;margin-bottom:0;margin-left:0;text-indent:0;text-align:justify\"><span style=\"letter-spacing: 0px;font-family: arial, helvetica, sans-serif;font-size: 16px\"><br \/><\/span><\/p>\n<p style=\"text-indent: 0;padding: 0;line-height: 30px\"><span style=\"letter-spacing: 0px;font-family: arial, helvetica, sans-serif;font-size: 16px\">En outre, des ing\u00e9nieurs hautement qualifi\u00e9s, des technologues comp\u00e9tents et un personnel bien inform\u00e9 contribuent largement au d\u00e9veloppement de l'entreprise.<\/span><\/p>\n<p style=\"margin-top:0;margin-right:0;margin-bottom:0;margin-left:0;line-height:28px\"><span style=\"letter-spacing: 0px;font-family: arial, helvetica, sans-serif;font-size: 16px\">Br\u00e8ve introduction au fonctionnement de la machine \u00e0 fabriquer des c\u00f4nes<\/span><\/p>\n<p style=\"margin-top:0;margin-right:0;margin-bottom:0;margin-left:0;line-height:28px\"><span style=\"letter-spacing: 0px;font-family: arial, helvetica, sans-serif;font-size: 16px\"><br \/><\/span><\/p>\n<p style=\"margin-top:0;margin-right:0;margin-bottom:0;margin-left:0\"><span style=\"letter-spacing: 0px;font-family: arial, helvetica, sans-serif;font-size: 16px\">1. brancher l'alimentation et le conteneur \u00e0 l'arri\u00e8re de la machine. Ensuite, ouvrir le moule et lubrifier les moules coniques avec de l'huile v\u00e9g\u00e9tale.<\/span><\/p>\n<p style=\"margin-top:0;margin-right:0;margin-bottom:0;margin-left:0\"><span style=\"font-family: arial, helvetica, sans-serif;font-size: 16px\">&nbsp;<\/span><\/p>\n<p style=\"margin-top:0;margin-right:0;margin-bottom:0;margin-left:0\"><span style=\"letter-spacing: 0px;font-family: arial, helvetica, sans-serif;font-size: 16px\">2. fermer les moules et laisser la machine pr\u00e9chauffer pendant 15-20 minutes.<\/span><\/p>\n<p style=\"margin-top:0;margin-right:0;margin-bottom:0;margin-left:0\"><span style=\"font-family: arial, helvetica, sans-serif;font-size: 16px\">&nbsp;<\/span><\/p>\n<p style=\"margin-top:0;margin-right:0;margin-bottom:0;margin-left:0\"><span style=\"letter-spacing: 0px;font-family: arial, helvetica, sans-serif;font-size: 16px\">3. ouvrir le moule sup\u00e9rieur<\/span><\/p>\n<p style=\"margin-top:0;margin-right:0;margin-bottom:0;margin-left:0\"><span style=\"font-family: arial, helvetica, sans-serif;font-size: 16px\">&nbsp;<\/span><\/p>\n<p style=\"margin-top:0;margin-right:0;margin-bottom:0;margin-left:0\"><span style=\"letter-spacing: 0px;font-family: arial, helvetica, sans-serif;font-size: 16px\">4. remplir le m\u00e9lange dans le feader et le verser dans le moule inf\u00e9rieur<\/span><\/p>\n<p style=\"margin-top:0;margin-right:0;margin-bottom:0;margin-left:0\"><span style=\"font-family: arial, helvetica, sans-serif;font-size: 16px\">&nbsp;<\/span><\/p>\n<p style=\"margin-top:0;margin-right:0;margin-bottom:0;margin-left:0\"><span style=\"letter-spacing: 0px;font-family: arial, helvetica, sans-serif;font-size: 16px\">5. fermer le moule sup\u00e9rieur et laisser l'appareil cuire pendant environ deux minutes.<\/span><\/p>\n<p style=\"margin-top:0;margin-right:0;margin-bottom:0;margin-left:0\"><span style=\"font-family: arial, helvetica, sans-serif;font-size: 16px\">&nbsp;<\/span><\/p>\n<p style=\"margin-top:0;margin-right:0;margin-bottom:0;margin-left:0\"><span style=\"letter-spacing: 0px;font-family: arial, helvetica, sans-serif;font-size: 16px\">6. deux minutes plus tard, le buzzer retentit et le t\u00e9moin lumineux s'allume pour signaler que les c\u00f4nes sont pr\u00eats. Ouvrez le moule sup\u00e9rieur et le moule inf\u00e9rieur.<\/span><\/p>\n<p style=\"margin-top:0;margin-right:0;margin-bottom:0;margin-left:0\"><span style=\"font-family: arial, helvetica, sans-serif;font-size: 16px\">&nbsp;<\/span><\/p>\n<p style=\"margin-top:0;margin-right:0;margin-bottom:0;margin-left:0\"><span style=\"letter-spacing: 0px;font-family: arial, helvetica, sans-serif;font-size: 16px\">7. les c\u00f4nes tombent sur la glissi\u00e8re et glissent dans le conteneur.<\/span><\/p>\n<p><span style=\"font-family: arial, helvetica, sans-serif;font-size: 16px\"><strong><span style=\"letter-spacing: 0px;font-family: arial, helvetica, sans-serif;font-size: 24px\"><br \/><\/span><\/strong>Document :<\/span><img decoding=\"async\" src=\"https:\/\/www.hommy.com\/wp-content\/uploads\/icon_pdf-73.gif\" style=\"margin-right: 2px\" alt=\"produit-Hommy-img\" title=\"\"><a href=\"https:\/\/img80002414.weyesimg.com\/uploads\/www.hommy.com\/addon\/16034215175307.pdf\" title=\"16034215175307.pdf\" style=\"font-size: 12px\">16034215175307.pdf<\/a><\/p>\n<p><span style=\"font-family: arial, helvetica, sans-serif;font-size: 16px\"><\/span><\/p>\n<h2>Comment faire pour que la cr\u00e8me glac\u00e9e reste molle apr\u00e8s la cong\u00e9lation ?<\/h2>\n<p style=\"margin-top: 5px;margin-bottom: 5px\"><\/p>\n<p style=\"margin-top: 5px;margin-bottom: 5px\">J'ai fait de la glace aujourd'hui (voir mon autre article sur la glace), et apr\u00e8s l'avoir congel\u00e9e, je l'ai remise au cong\u00e9lateur pour qu'elle reste molle. Cela n'a pas fonctionn\u00e9 ! La glace a durci. Comment faire pour que la glace reste molle apr\u00e8s avoir \u00e9t\u00e9 congel\u00e9e ?<\/p>\n<p style=\"margin-top: 5px;margin-bottom: 5px\"><\/p>\n<p style=\"margin-top: 5px;margin-bottom: 5px\">J'ai mis la mienne au cong\u00e9lateur pendant une heure environ, puis au r\u00e9frig\u00e9rateur pendant 3 heures environ, puis \u00e0 nouveau au cong\u00e9lateur pendant 3-4 heures. J'ai constat\u00e9 que si je la mettais trop longtemps au cong\u00e9lateur, la glace devenait un peu granuleuse.<\/p>\n<p style=\"margin-top: 5px;margin-bottom: 5px\"><\/p>\n<h2>Comment \u00e9paissir la cr\u00e8me glac\u00e9e dans <a style=\"color:blue\" href=\"\/fr\/\">sorbeti\u00e8re<\/a>?<\/h2>\n<p style=\"margin-top: 5px;margin-bottom: 5px\"><\/p>\n<p style=\"margin-top: 5px;margin-bottom: 5px\">Bonjour \u00e0 tous ! Je vais faire de la glace ce week-end pour la premi\u00e8re fois. J'ai quelques questions sur la cong\u00e9lation de la glace. J'ai utilis\u00e9 cette recette : http:\/\/www.thekitchn.com\/a-simple-homemade-vanilla-ice-cream-recipe-151473.<\/p>\n<p style=\"margin-top: 5px;margin-bottom: 5px\"><\/p>\n<p style=\"margin-top: 5px;margin-bottom: 5px\">1) Dois-je ajouter quelque chose de plus \u00e0 la sorbeti\u00e8re ? J'utilise simplement la sorbeti\u00e8re que j'ai.<\/p>\n<p style=\"margin-top: 5px;margin-bottom: 5px\"><\/p>\n<p style=\"margin-top: 5px;margin-bottom: 5px\">2) Dois-je ajouter quelque chose de plus au m\u00e9lange de cr\u00e8me glac\u00e9e une fois qu'il est fait ? J'ai une tr\u00e8s grande quantit\u00e9 (8 tasses) de cr\u00e8me glac\u00e9e \u00e0 la vanille.<\/p>\n<p style=\"margin-top: 5px;margin-bottom: 5px\"><\/p>\n<h2>Faut-il du sel gemme pour la sorbeti\u00e8re ?<\/h2>\n<p style=\"margin-top: 5px;margin-bottom: 5px\"><\/p>\n<p style=\"margin-top: 5px;margin-bottom: 5px\">Cet article fait suite \u00e0 mon pr\u00e9c\u00e9dent article sur la fa\u00e7on dont j'ai r\u00e9ussi \u00e0 faire de la cr\u00e8me glac\u00e9e avec ma sorbeti\u00e8re. J'ai re\u00e7u quelques questions sur le sel que j'ai utilis\u00e9 dans ma sorbeti\u00e8re. Je vais expliquer un peu plus le processus pour vous aider \u00e0 mieux le comprendre.<\/p>\n<\/div><\/div>","protected":false},"excerpt":{"rendered":"<p>Automatic Ice Cream Cone Machine Automatic Ice Cream Cone Machine|Ice Cream Cone Machine|Product specification|Product making &nbsp;&nbsp;&nbsp;&nbsp; These machines are manufactured using premium quality raw materials and latest technology in accordance with the industry norms. Owing to the superior quality and features, our offered range of Ice Cream Cone Machines is highly demanded in the market. [&hellip;]<\/p>\n","protected":false},"featured_media":965,"comment_status":"open","ping_status":"open","template":"","meta":{"_swt_meta_header_display":false,"_swt_meta_footer_display":false,"_swt_meta_site_title_display":false,"_swt_meta_sticky_header":false,"_swt_meta_transparent_header":false},"product_brand":[],"product_cat":[87],"product_tag":[],"class_list":{"0":"post-968","1":"product","2":"type-product","3":"status-publish","4":"has-post-thumbnail","6":"product_cat-ice-cream-cone-machine","8":"first","9":"instock","10":"shipping-taxable","11":"product-type-simple"},"_links":{"self":[{"href":"https:\/\/www.hommy.com\/fr\/wp-json\/wp\/v2\/product\/968","targetHints":{"allow":["GET"]}}],"collection":[{"href":"https:\/\/www.hommy.com\/fr\/wp-json\/wp\/v2\/product"}],"about":[{"href":"https:\/\/www.hommy.com\/fr\/wp-json\/wp\/v2\/types\/product"}],"replies":[{"embeddable":true,"href":"https:\/\/www.hommy.com\/fr\/wp-json\/wp\/v2\/comments?post=968"}],"wp:featuredmedia":[{"embeddable":true,"href":"https:\/\/www.hommy.com\/fr\/wp-json\/wp\/v2\/media\/965"}],"wp:attachment":[{"href":"https:\/\/www.hommy.com\/fr\/wp-json\/wp\/v2\/media?parent=968"}],"wp:term":[{"taxonomy":"product_brand","embeddable":true,"href":"https:\/\/www.hommy.com\/fr\/wp-json\/wp\/v2\/product_brand?post=968"},{"taxonomy":"product_cat","embeddable":true,"href":"https:\/\/www.hommy.com\/fr\/wp-json\/wp\/v2\/product_cat?post=968"},{"taxonomy":"product_tag","embeddable":true,"href":"https:\/\/www.hommy.com\/fr\/wp-json\/wp\/v2\/product_tag?post=968"}],"curies":[{"name":"wp","href":"https:\/\/api.w.org\/{rel}","templated":true}]}}