{"id":964,"date":"2024-07-02T17:25:13","date_gmt":"2024-07-02T17:25:13","guid":{"rendered":"http:\/\/localhost\/hommywp\/hm22-smoothie-blender-ice-cream-mixer-machine-gelato-milkshake\/"},"modified":"2025-08-01T09:57:48","modified_gmt":"2025-08-01T09:57:48","slug":"melangeur-de-creme-glacee-en-gros-melangeur-de-gelato","status":"publish","type":"product","link":"https:\/\/www.hommy.com\/fr\/p\/melangeur-de-creme-glacee-en-gros-melangeur-de-gelato\/","title":{"rendered":"Hm22 Smoothie Blender, Ice Cream Mixer Machine, Gelato Milkshake"},"content":{"rendered":"<div>\n<h2 style=\"text-align: center;\"><strong><span style=\"font-size: 24px; font-family: arial, helvetica, sans-serif;\">Smoothie Maker<\/span><\/strong><\/h2>\n<p style=\"text-align: center;\"><a href=\"#Smoothie Maker\" target=\"_self\" rel=\"noopener\" data-lv=\"0\">Smoothie Maker<\/a>|<a href=\"#Product specification\" target=\"_self\" rel=\"noopener\" data-lv=\"0\">Sp\u00e9cification du produit<\/a>|<a href=\"#Product Features\" target=\"_self\" rel=\"noopener\" data-lv=\"0\">Caract\u00e9ristiques du produit<\/a>|<a href=\"#Product Advantage\" target=\"_self\" rel=\"noopener\" data-lv=\"0\">Avantages du produit<\/a><\/p>\n<p>&nbsp;<\/p>\n<p>Nous disposons d'une documentation compl\u00e8te sur ce fabricant afin de garantir \u00e0 nos clients le meilleur de nos fabricants.<\/p>\n<p>&nbsp;<\/p>\n<p>Nous vous proposons ce blender \u00e0 smoothie capable de pr\u00e9parer les smoothies les plus \u00e9pais et les plus savoureux. Il est id\u00e9al pour les caf\u00e9s, les h\u00f4tels, les restaurants, les traiteurs et autres lieux o\u00f9 l'on sert des boissons \u00e0 base de smoothie. Ils sont \u00e9galement connus pour \u00eatre tr\u00e8s utiles aux amateurs de smoothies, qui ont toujours besoin de smoothies pour hydrater leur corps.<\/p>\n<p>La nouvelle g\u00e9n\u00e9ration de mixeurs professionnels est tr\u00e8s diff\u00e9rente de l'ancienne. Ainsi, le mixeur \u00e0 smoothie poss\u00e8de de nombreuses nouvelles fonctions et s'adapte mieux aux diff\u00e9rents besoins.<\/p>\n<p>&nbsp;<\/p>\n<h2>&nbsp;<\/h2>\n<p>&nbsp;<\/p>\n<div class=\"text-left d-tem09-title d-interval\" data-detail=\"wrap\">\n<div class=\"title-header\">\n<div class=\"title\">\n<h2><span style=\"letter-spacing: 0px; font-size: 24px; font-family: arial, helvetica, sans-serif;\"><a name=\"Product specification\"><\/a>Sp\u00e9cification du produit<\/span><\/h2>\n<p>&nbsp;<\/p>\n<\/div>\n<div class=\"subtitle\">\n<p style=\"text-indent: 0; padding: 0; line-height: 30px;\">&nbsp;<\/p>\n<figure><img decoding=\"async\" src=\"https:\/\/www.hommy.com\/wp-content\/uploads\/16013494393409.png\" alt=\"produit-HM22 smoothie blender-Hommy-img\" title=\"\"><\/figure><p style=\"text-align: center;\"><span style=\"letter-spacing: 0px; font-family: arial, helvetica, sans-serif; font-size: 16px;\"><\/span><\/p>\n<p style=\"text-indent: 0;\"><span style=\"font-family: Arial; letter-spacing: 0; font-size: 14px;\">&nbsp;<\/span><\/p>\n<p>&nbsp;<\/p>\n<\/div>\n<\/div>\n<\/div>\n<p>&nbsp;<\/p>\n<div class=\"d-tem11-graphic tem11-graphic mockup\" data-detail=\"wrap\">\n<div class=\"tab_row\">\n<div class=\"img\" style=\"width: 50%;\">\n<figure><img loading=\"lazy\" decoding=\"async\" style=\"width: 350px; height: 533px;\" title=\"\" src=\"https:\/\/www.hommy.com\/wp-content\/uploads\/16013494779858.jpg\" alt=\"produit-Hommy-img\" width=\"350\" height=\"533\" border=\"0\" vspace=\"0\"><\/figure><p style=\"text-align: center;\"><\/p>\n<\/div>\n<div class=\"text_box\" style=\"width: 50%;\">\n<div class=\"txt\">\n<div class=\"title\">\n<h2><strong style=\"font-size: 24px; text-align: justify;\"><span style=\"letter-spacing: 0px; font-family: arial, helvetica, sans-serif;\"><a name=\"Product Features\"><\/a>Caract\u00e9ristiques du produit :<\/span><\/strong><\/h2>\n<p><span style=\"font-family: Tahoma; font-size: 16px;\">Offre de produits : Id\u00e9al pour pr\u00e9parer les m\u00e9langes souhait\u00e9s \u00e0 partir de divers ingr\u00e9dients.<\/span><\/p>\n<p style=\"text-indent: 0; text-align: justify; margin: 0;\"><span style=\"font-family: Calibri; letter-spacing: 0; font-size: 16px;\">\"Simple \u00e0 utiliser. <\/span><\/p>\n<p style=\"text-indent: 0; text-align: justify; margin: 0;\"><span style=\"font-family: Calibri; letter-spacing: 0; font-size: 16px;\">\u00a2Facile \u00e0 nettoyer. <\/span><\/p>\n<p style=\"text-indent: 0; text-align: justify; margin: 0;\"><span style=\"font-family: Calibri; letter-spacing: 0; font-size: 16px;\">*S\u00e9curit\u00e9 pour l'utilisateur.<\/span><\/p>\n<p style=\"text-indent: 0; text-align: justify; margin: 0;\"><span style=\"font-family: Calibri; letter-spacing: 0; font-size: 16px;\">Agitateur permanent :<\/span><\/p>\n<p style=\"text-indent: 0; text-align: justify; margin: 0;\"><span style=\"font-family: Calibri; letter-spacing: 0; font-size: 16px;\">M\u00e9langer les ingr\u00e9dients tels que les bonbons durs, les biscuits dans le yaourt glac\u00e9, la cr\u00e8me glac\u00e9e molle ou la cr\u00e8me glac\u00e9e dure \u00e0 l'aide d'un agitateur permanent afin d'obtenir les m\u00e9langes souhait\u00e9s.<\/span><\/p>\n<p style=\"text-indent: 0; text-align: justify; margin: 0;\"><span style=\"font-family: Calibri; letter-spacing: 0; font-size: 16px;\">Agitateurs :<\/span><\/p>\n<p style=\"text-indent: 0; text-align: justify; margin: 0;\"><span style=\"font-family: Calibri; letter-spacing: 0; font-size: 16px;\">Trois lames distinctes sont disponibles pour diff\u00e9rents ingr\u00e9dients. <\/span><\/p>\n<p style=\"text-indent: 0; text-align: justify; margin: 0;\"><span style=\"font-family: Calibri; letter-spacing: 0; font-size: 16px;\">*Sp\u00e9cial pour le milkshake.<\/span><\/p>\n<p style=\"text-indent: 0; text-align: justify; margin: 0;\"><span style=\"font-family: Calibri; letter-spacing: 0; font-size: 16px;\">*Sp\u00e9cial pour les glaces dures.<\/span><\/p>\n<p style=\"text-indent: 0; text-align: justify; margin: 0;\"><span style=\"font-family: Calibri; letter-spacing: 0; font-size: 16px;\">*Sp\u00e9cialement con\u00e7u pour les cr\u00e8mes molles.<\/span><\/p>\n<\/div>\n<\/div>\n<\/div>\n<\/div>\n<\/div>\n<p>&nbsp;<\/p>\n<div class=\"text-left d-tem09-title d-interval\" data-detail=\"wrap\">\n<div class=\"title-header\">\n<div class=\"title\">\n<h2><span style=\"font-family: arial, helvetica, sans-serif; font-size: 24px;\"><a name=\"Product Advantage\"><\/a><a name=\"Product Advantage\"><\/a>Avantages du produit<\/span><\/h2>\n<p>&nbsp;<\/p>\n<\/div>\n<\/div>\n<\/div>\n<div class=\"d-tem01-graphic tem01-graphic mockup\" data-detail=\"wrap\">\n<div class=\"cont-section clearfix d-clearfix\">\n<div class=\"col-md-6 col-sm-6 col-xs-6\">\n<div class=\"right-p\">\n<div class=\"h2 heading\">\n<p><span style=\"letter-spacing: 0px; font-size: 16px; font-family: arial, helvetica, sans-serif;\">L'utilisation d'une seule machine permet de produire plus, il suffit de changer de mixeur et de choisir un mat\u00e9riau diff\u00e9rent pour obtenir des milkshakes et des smoothies.&nbsp;<\/span><\/p>\n<p><span style=\"font-family: \u5b8b\u4f53; letter-spacing: 0; font-size: 16px;\">&nbsp;<\/span><\/p>\n<p>&nbsp;<\/p>\n<p>&nbsp;<\/p>\n<p>&nbsp;<\/p>\n<p><span style=\"font-family: \u5b8b\u4f53; letter-spacing: 0; font-size: 16px;\">&nbsp;<\/span><\/p>\n<\/div>\n<\/div>\n<div class=\"graphic_pic animated wow bounceIn\" data-wow-delay=\".7s\">\n<figure><img loading=\"lazy\" decoding=\"async\" style=\"width: 500px; height: 264px;\" title=\"\" src=\"https:\/\/www.hommy.com\/wp-content\/uploads\/16013496037383.png\" alt=\"produit-Hommy-img\" width=\"500\" height=\"264\" border=\"0\" vspace=\"0\"><\/figure><p style=\"text-align: center;\"><\/p>\n<\/div>\n<\/div>\n<div class=\"col-md-6 col-sm-6 col-xs-6\">\n<div class=\"right-p\">\n<div class=\"h2 heading\">\n<p><span style=\"font-family: arial, helvetica, sans-serif;\"><span style=\"letter-spacing: 0px; font-size: 16px;\">HM22 avec <a style=\"color: blue;\" href=\"\/fr\/\">machine \u00e0 glace<\/a> M\u00e9langer pour obtenir un milk-shake ou un smoothie. <\/span><span style=\"letter-spacing: 0px; font-size: 16px;\">Les principaux ingr\u00e9dients du smoothie sont des fruits et des l\u00e9gumes (frais, congel\u00e9s, jus de fruits), avec une petite quantit\u00e9 de sirop, ou du lait de yaourt, voire du beurre de cacahu\u00e8te aromatis\u00e9 au chocolat. Les principaux ingr\u00e9dients du milkshake sont le lait, le yaourt ou la cr\u00e8me glac\u00e9e (tous les produits laitiers), et ensuite \u00e9galement des ingr\u00e9dients tels que le sirop et le jus de fruits.<\/span><\/span><\/p>\n<p><span style=\"font-family: Calibri; letter-spacing: 0; font-size: 16px;\">&nbsp;<\/span><\/p>\n<\/div>\n<\/div>\n<div class=\"graphic_pic animated wow bounceIn\" data-wow-delay=\".7s\">\n<figure><img loading=\"lazy\" decoding=\"async\" style=\"width: 400px; height: 505px;\" title=\"\" src=\"https:\/\/www.hommy.com\/wp-content\/uploads\/16013497935430.png\" alt=\"produit-Hommy-img\" width=\"400\" height=\"505\" border=\"0\" vspace=\"0\"><\/figure><p style=\"text-align: center;\"><\/p>\n<\/div>\n<\/div>\n<\/div>\n<\/div>\n<p><span style=\"font-family: Calibri; font-size: 14px;\">Document :<\/span><img decoding=\"async\" style=\"margin-right: 2px;\" src=\"https:\/\/www.hommy.com\/wp-content\/uploads\/icon_pdf-72.gif\" alt=\"produit-Hommy-img\" title=\"\"><a style=\"font-size: 12px;\" title=\"16025790539753.pdf\" href=\"https:\/\/img80002414.weyesimg.com\/uploads\/www.hommy.com\/addon\/16025790539753.pdf\">16025790539753.pdf<\/a><\/p>\n<p>&nbsp;<\/p>\n<h2>Que puis-je utiliser \u00e0 la place d'un <a style=\"color: blue;\" href=\"\/fr\/\">sorbeti\u00e8re<\/a>?<\/h2>\n<p>&nbsp;<\/p>\n<p>Il s'agit d'une question tr\u00e8s fr\u00e9quente. La plupart des machines \u00e0 glace se composent d'un compartiment de cong\u00e9lation qui est maintenu au-dessous du point de cong\u00e9lation et d'un r\u00e9cipient \u00e0 glace qui se trouve au-dessus du compartiment de cong\u00e9lation. Le compartiment de cong\u00e9lation est rempli de glace et le m\u00e9lange est continuellement remu\u00e9, ce qui permet la formation de cristaux de glace dans le m\u00e9lange. Lorsque les cristaux de glace se sont form\u00e9s, la sorbeti\u00e8re est arr\u00eat\u00e9e. Le m\u00e9lange est ensuite transf\u00e9r\u00e9 dans le r\u00e9cipient et servi.<\/p>\n<p>&nbsp;<\/p>\n<h2>Comment faire des cornets de glace dans un mixeur ?<\/h2>\n<p>&nbsp;<\/p>\n<p>1. M\u00e9langez votre cr\u00e8me glac\u00e9e<\/p>\n<p>&nbsp;<\/p>\n<p>2. M\u00e9langez votre pr\u00e9paration dans le mixeur<\/p>\n<p>&nbsp;<\/p>\n<p>3. Ajouter tous les c\u00f4nes<\/p>\n<p>&nbsp;<\/p>\n<p>4. M\u00e9langer dans le mixeur<\/p>\n<p>&nbsp;<\/p>\n<p>5. Ajouter le colorant alimentaire<\/p>\n<p>&nbsp;<\/p>\n<p>6. M\u00e9lange<\/p>\n<p>&nbsp;<\/p>\n<p>7. Rouler le m\u00e9lange et le d\u00e9couper<\/p>\n<p>&nbsp;<\/p>\n<p>8. Cuisson<\/p>\n<p>&nbsp;<\/p>\n<h2>Comment faire de la cr\u00e8me avec du lait dans un mixeur ?<\/h2>\n<p>&nbsp;<\/p>\n<p>&nbsp;C'est une question qui revient de temps en temps dans mes fils d'actualit\u00e9 sur les m\u00e9dias sociaux. Elle n'est pas inhabituelle et je suis s\u00fbr qu'il existe un certain nombre de moyens d'y parvenir.<\/p>\n<p>&nbsp;<\/p>\n<p>J'ai essay\u00e9 plusieurs m\u00e9thodes, mais les deux que j'ai trouv\u00e9es les plus faciles sont celles qui consistent \u00e0 congeler le lait d'abord, puis \u00e0 ajouter la cr\u00e8me ensuite. Il y a aussi la m\u00e9thode qui consiste \u00e0 faire la cr\u00e8me \u00e0 partir de lait en poudre. Je trouve que ces m\u00e9thodes sont \u00e9galement les plus faciles, du moins pour moi.<\/p>\n<p>&nbsp;<\/p>\n<p>Dans la premi\u00e8re m\u00e9thode, je cong\u00e8le le lait. Je l'\u00e9goutte ensuite dans un bol et je le remets dans le mixeur. J'ajoute ma cr\u00e8me et je mixe les deux jusqu'\u00e0 obtenir la consistance parfaite.<\/p>\n<p>&nbsp;<\/p>\n<\/div>","protected":false},"excerpt":{"rendered":"<p>Smoothie Maker Smoothie Maker|Product specification|Product Features|Product Advantage &nbsp; We hold a complete documentation of this manufacturer to ensure that our customers receive the best from our manufacturers. &nbsp; We are offering this smoothie blender which is capable of making the thickest and most tasty of smoothies. This is ideal for use in cafes, hotels, restaurants, [&hellip;]<\/p>\n","protected":false},"featured_media":1952,"comment_status":"closed","ping_status":"closed","template":"","meta":{"_swt_meta_header_display":false,"_swt_meta_footer_display":false,"_swt_meta_site_title_display":false,"_swt_meta_sticky_header":false,"_swt_meta_transparent_header":false},"product_brand":[],"product_cat":[86],"product_tag":[],"class_list":{"0":"post-964","1":"product","2":"type-product","3":"status-publish","4":"has-post-thumbnail","6":"product_cat-one-shot-machine","8":"first","9":"instock","10":"shipping-taxable","11":"product-type-simple"},"_links":{"self":[{"href":"https:\/\/www.hommy.com\/fr\/wp-json\/wp\/v2\/product\/964","targetHints":{"allow":["GET"]}}],"collection":[{"href":"https:\/\/www.hommy.com\/fr\/wp-json\/wp\/v2\/product"}],"about":[{"href":"https:\/\/www.hommy.com\/fr\/wp-json\/wp\/v2\/types\/product"}],"replies":[{"embeddable":true,"href":"https:\/\/www.hommy.com\/fr\/wp-json\/wp\/v2\/comments?post=964"}],"wp:featuredmedia":[{"embeddable":true,"href":"https:\/\/www.hommy.com\/fr\/wp-json\/wp\/v2\/media\/1952"}],"wp:attachment":[{"href":"https:\/\/www.hommy.com\/fr\/wp-json\/wp\/v2\/media?parent=964"}],"wp:term":[{"taxonomy":"product_brand","embeddable":true,"href":"https:\/\/www.hommy.com\/fr\/wp-json\/wp\/v2\/product_brand?post=964"},{"taxonomy":"product_cat","embeddable":true,"href":"https:\/\/www.hommy.com\/fr\/wp-json\/wp\/v2\/product_cat?post=964"},{"taxonomy":"product_tag","embeddable":true,"href":"https:\/\/www.hommy.com\/fr\/wp-json\/wp\/v2\/product_tag?post=964"}],"curies":[{"name":"wp","href":"https:\/\/api.w.org\/{rel}","templated":true}]}}