{"id":958,"date":"2024-07-02T17:25:08","date_gmt":"2024-07-02T17:25:08","guid":{"rendered":"http:\/\/localhost\/hommywp\/hm23-diy-ice-cream-razzle-blender-for-sale-mixer-price\/"},"modified":"2025-08-01T09:57:47","modified_gmt":"2025-08-01T09:57:47","slug":"mixeurs-a-glace-commerciaux-razzle","status":"publish","type":"product","link":"https:\/\/www.hommy.com\/fr\/p\/mixeurs-a-glace-commerciaux-razzle\/","title":{"rendered":"Hm23 Diy Ice Cream Razzle Blender For Sale Mixer Price"},"content":{"rendered":"<div>\n<p style=\"text-align: center\"><\/p>\n<h2 style=\"text-align: center\"><span style=\"text-indent: 264px;font-family: arial, helvetica, sans-serif;font-size: 24px\"><strong><a name=\"Razzle Commercial Blenders\"><\/a>Blenders commerciaux Razzle<\/strong><\/span><\/h2>\n<p style=\"text-align: center\"><a href=\"http:\/\/\" target=\"_self\" data-lv=\"0\" rel=\"noopener\"><span style=\"text-indent: 264px;font-family: arial, helvetica, sans-serif;font-size: 16px\">Blenders commerciaux Razzle<\/span><\/a><span style=\"text-indent: 264px;font-family: arial, helvetica, sans-serif;font-size: 16px\">|<a href=\"#Product specification\" target=\"_self\" data-lv=\"0\" rel=\"noopener\">Sp\u00e9cification du produit<\/a>|<a href=\"#Product Features\" target=\"_self\" data-lv=\"0\" rel=\"noopener\">Caract\u00e9ristiques du produit<\/a>|<a href=\"#Product Advantage\" target=\"_self\" data-lv=\"0\" rel=\"noopener\">Avantages du produit<\/a><\/span><\/p>\n<p><span style=\"font-size: 18px\"><\/span><\/p>\n<p><span style=\"font-family: \u5b8b\u4f53;letter-spacing: 0px;font-size: 18px\"><\/span><\/p>\n<p style=\"text-align: center\"><span style=\"font-size: 24px\"><\/span><\/p>\n<p style=\"margin-top:0;margin-right:0;margin-bottom:0;margin-left:0;text-indent:264px\"><\/p>\n<p style=\"text-align: center\"><span style=\"font-size: 24px\">&nbsp;<\/span><\/p>\n<p><!-- Video start --><video poster=\"https:\/\/img80002414.weyesimg.com\/uploads\/www.hommy.com\/video\/15794850915361.mp4?vframe\/jpg\/offset\/1\" id=\"video\" preload=\"auto\" controls=\"controls\" style=\"width:100%;height:510px\"><\/video><!-- Video end --><\/p>\n<div class=\"text-left d-tem09-title d-interval\" data-detail=\"wrap\">\n<div class=\"title-header\">\n<div class=\"title\">\n<p><span style=\"font-size: 16px\"><span style=\"letter-spacing: 0px;font-family: arial, helvetica, sans-serif\">Si vous \u00eates \u00e0 la recherche d'un mixeur capable de cr\u00e9er des glaces aux saveurs uniques et d\u00e9licieuses, le Razzle Blender est le choix id\u00e9al. Gr\u00e2ce \u00e0 la possibilit\u00e9 de choisir diff\u00e9rents ingr\u00e9dients et de les mixer ensemble, vous pouvez cr\u00e9er tous les parfums que vous pouvez imaginer. Que vous recherchiez une saveur traditionnelle ou quelque chose de plus unique, le Razzle Blender peut vous aider \u00e0 cr\u00e9er la friandise parfaite. Que vous soyez d\u00e9butant ou professionnel, le Razzle Blender est facile \u00e0 utiliser et produit des r\u00e9sultats de grande qualit\u00e9. Alors pourquoi ne pas l'essayer ? Vous pourriez \u00eatre surpris de voir \u00e0 quel point vous appr\u00e9ciez de faire votre propre cr\u00e8me glac\u00e9e.<\/span><\/span><\/p>\n<h2><strong><span style=\"letter-spacing: 0px;font-family: arial, helvetica, sans-serif;font-size: 24px\">Sp\u00e9cification du produit :<\/span><span style=\"font-family:\u5b8b\u4f53;letter-spacing:0;font-size:29px\">&nbsp;<\/span><\/strong><\/h2>\n<p style=\"text-align:center\"><span style=\"font-family:\u5b8b\u4f53;letter-spacing:0;font-size:29px\"><img loading=\"lazy\" decoding=\"async\" src=\"https:\/\/www.hommy.com\/wp-content\/uploads\/16012547528885.png\" title=\"\" alt=\"produit-Hommy-img\" width=\"700\" height=\"381\" border=\"0\" vspace=\"0\" style=\"width: 700px;height: 381px\"><\/span><\/p>\n<\/div>\n<\/div>\n<\/div>\n<p>&nbsp;<\/p>\n<div class=\"d-tem11-graphic tem11-graphic mockup\" data-detail=\"wrap\">\n<div class=\"tab_row\">\n<div class=\"img\" style=\"width: 50%\"><img loading=\"lazy\" decoding=\"async\" title=\"\" alt=\"produit-Hommy-img\" src=\"https:\/\/www.hommy.com\/wp-content\/uploads\/15584256689390.jpg\" width=\"700\" height=\"593\" border=\"0\" vspace=\"0\" style=\"width: 700px;height: 593px\"><\/div>\n<div class=\"text_box\" style=\"width: 50%\">\n<div class=\"txt\">\n<div class=\"title\">\n<h2><strong><span style=\"letter-spacing: 0px;text-align: justify;font-family: arial, helvetica, sans-serif;font-size: 24px\"><a name=\"Product Features\"><\/a>Caract\u00e9ristiques du produit :<\/span><\/strong><\/h2>\n<p><span style=\"font-family: arial, helvetica, sans-serif;font-size: 16px\"><\/span><\/p>\n<p><span style=\"font-family:Tahoma;font-size:16px\">Offre de produits : Id\u00e9al pour pr\u00e9parer les m\u00e9langes souhait\u00e9s \u00e0 partir de divers ingr\u00e9dients.<\/span><\/p>\n<p><span style=\"font-family:Tahoma;font-size:16px\">Agitateur permanent : <\/span><\/p>\n<p><span style=\"font-family:Tahoma;font-size:16px\">M\u00e9langer les ingr\u00e9dients tels que les bonbons durs, les biscuits dans le yaourt glac\u00e9, la cr\u00e8me glac\u00e9e molle ou la cr\u00e8me glac\u00e9e dure avec un m\u00e9lange permanent.<\/span><span style=\"font-family:Tahoma;font-size:16px\">&nbsp;<\/span><span style=\"font-family:Tahoma;font-size:16px\">l'agitateur pour pr\u00e9parer les m\u00e9langes souhait\u00e9s.<\/span><\/p>\n<p><span style=\"font-family:Tahoma;font-size:16px\">Cr\u00e8me glac\u00e9e DIY : <\/span><\/p>\n<p><span style=\"font-family:Tahoma;font-size:16px\">En fonction de vos pr\u00e9f\u00e9rences personnelles, vous pouvez choisir diff\u00e9rents ingr\u00e9dients et les m\u00e9langer avec cette machine pour obtenir une saveur sp\u00e9ciale et unique.<\/span><span style=\"font-family:Tahoma;font-size:16px\">&nbsp;<\/span><span style=\"font-family:Tahoma;font-size:16px\">la cr\u00e8me glac\u00e9e. <\/span><\/p>\n<p><span style=\"font-family:Tahoma;font-size:16px\">Fonctionnement :<\/span><\/p>\n<p><span style=\"font-family:Tahoma;font-size:16px\">Distribuer la cr\u00e8me glac\u00e9e directement dans le gobelet de service. Ajoutez les ingr\u00e9dients souhait\u00e9s, fixez le couvercle sur le gobelet, mixez et servez.<\/span><\/p>\n<p><span style=\"font-family:Tahoma;font-size:16px\">En option<\/span><\/p>\n<p><span style=\"font-family:Tahoma;font-size:16px\">Cadre pour bonbons<\/span><span style=\"font-family:Tahoma;font-size:16px\">&nbsp;, <\/span><span style=\"font-family:Tahoma;font-size:16px\">Tasse en papier<\/span><\/p>\n<p><span style=\"font-family:Tahoma;font-size:16px\">Support de s\u00e9curit\u00e9 en acier inoxydable BM-01<\/span><\/p>\n<p><span style=\"font-family:Tahoma;font-size:16px\">Cuill\u00e8re avec point de massage BM-02<\/span><\/p>\n<\/div>\n<p>&nbsp;<\/p>\n<\/div>\n<\/div>\n<\/div>\n<\/div>\n<p>&nbsp;<\/p>\n<div class=\"text-left d-tem09-title d-interval\" data-detail=\"wrap\">\n<div class=\"title-header\">\n<div class=\"title\"><span style=\"font-size: 24px\"><\/span><\/p>\n<h2><strong><span style=\"letter-spacing: 0px;font-family: arial, helvetica, sans-serif;font-size: 24px\"><a name=\"Product Advantage\"><\/a>Avantage du produit :<\/span><\/strong><\/h2>\n<p style=\"margin-top:0;margin-right:0;margin-bottom:0;margin-left:0\"><span style=\"font-size: 16px;font-family: arial, helvetica, sans-serif\">En outre, des ing\u00e9nieurs hautement qualifi\u00e9s, des technologues comp\u00e9tents et un personnel bien inform\u00e9 contribuent largement au d\u00e9veloppement de l'entreprise.<\/span><\/p>\n<p><span><\/span><\/div>\n<\/div>\n<\/div>\n<p>&nbsp;<\/p>\n<div class=\"d-tem01-graphic tem01-graphic mockup\" data-detail=\"wrap\">\n<div class=\"cont-section clearfix d-clearfix\">\n<div class=\"col-md-6 col-sm-6 col-xs-6\">\n<div class=\"right-p\">\n<div class=\"h2 heading\">\n<p style=\"margin-top:0;margin-right:0;margin-bottom:0\"><span style=\"font-size: 16px\"><span style=\"font-family: Arial;letter-spacing: 0px\">1. Choisissez les vitesses sp\u00e9cifiques en fonction des m\u00e9langes souhait\u00e9s \u00e0 partir de divers ingr\u00e9dients. En plus de pouvoir m\u00e9langer des biscuits, du chocolat et de la cr\u00e8me glac\u00e9e, le p<\/span><span style=\"font-family: Arial;letter-spacing: 0px\">agitateur permanent<\/span><span style=\"font-family: Arial;letter-spacing: 0px\">&nbsp;peut \u00e9galement casser des noix dures.<\/span><\/span><\/p>\n<p style=\"margin-top:0;margin-right:0;margin-bottom:0\"><span style=\"font-size: 16px\"><span style=\"font-family: Arial;letter-spacing: 0px\"><br \/><\/span><\/span><\/p>\n<p style=\"margin-top:0;margin-right:0;margin-bottom:0\"><span style=\"font-size: 16px\"><span style=\"font-family: Arial;letter-spacing: 0px\"><br \/><\/span><\/span><\/p>\n<\/div>\n<\/div>\n<div class=\"graphic_pic animated wow bounceIn\" data-wow-delay=\".7s\">\n<p style=\"text-align:center\"><img decoding=\"async\" src=\"https:\/\/www.hommy.com\/wp-content\/uploads\/16012551006942.png\" alt=\"produit-HM23 Razzle Blender-Hommy-img\" title=\"\"><\/p>\n<\/div>\n<\/div>\n<div class=\"col-md-6 col-sm-6 col-xs-6\">\n<div class=\"right-p\">\n<div class=\"h2 heading\">\n<p style=\"margin-top:0;margin-right:0;margin-bottom:0;margin-left:0;text-indent:0\"><span style=\"font-family: Arial;letter-spacing: 0px;font-size: 14px\">2. DIY Ice Cream:En fonction de vos pr\u00e9f\u00e9rences personnelles, vous pouvez choisir diff\u00e9rents ingr\u00e9dients et les m\u00e9langer avec cette machine pour obtenir des glaces au go\u00fbt sp\u00e9cial et unique.<\/span><\/p>\n<p style=\"margin-top:0;margin-right:0;margin-bottom:0;margin-left:0;text-indent:0\"><span style=\"font-family: Arial;letter-spacing: 0px;font-size: 14px\"><br \/><\/span><\/p>\n<p style=\"margin-top:0;margin-right:0;margin-bottom:0;margin-left:0;text-indent:0\"><span style=\"font-family: Arial;letter-spacing: 0px;font-size: 14px\"><br \/><\/span><\/p>\n<p style=\"margin-top:0;margin-right:0;margin-bottom:0;margin-left:0;text-indent:0\"><span style=\"font-family: Arial;letter-spacing: 0px;font-size: 14px\"><br \/><\/span><\/p>\n<\/div>\n<\/div>\n<div class=\"graphic_pic animated wow bounceIn\" data-wow-delay=\".7s\">\n<p style=\"text-align:center\"><img loading=\"lazy\" decoding=\"async\" src=\"https:\/\/www.hommy.com\/wp-content\/uploads\/16012551193278.jpg\" alt=\"produit-Hommy-img\" title=\"\" width=\"350\" height=\"502\" border=\"0\" vspace=\"0\" style=\"width: 350px;height: 502px\"><\/p>\n<\/div>\n<\/div>\n<\/div>\n<\/div>\n<p>Document\uff1a<img decoding=\"async\" src=\"https:\/\/www.hommy.com\/wp-content\/uploads\/icon_pdf-71.gif\" style=\"margin-right: 2px\" alt=\"produit-Hommy-img\" title=\"\"><a href=\"https:\/\/img80002414.weyesimg.com\/uploads\/www.hommy.com\/addon\/16026423309154.pdf\" title=\"16026423309154.pdf\" style=\"font-size: 12px\">16026423309154.pdf<\/a><\/p>\n<div>\n<div>\n<h2 class=\"otl-heading\" style=\"text-indent: 0em;padding-left: 0em\">Nous offrons le Razzle Blender \u00e0 nos clients.<\/h2>\n<p><span style=\"font-size:13px\">Nous sommes le seul fabricant d'un blender r\u00e9ellement performant. Il est dot\u00e9 d'une commande de vitesse variable pour les vitesses \u00e9lev\u00e9es\/faibles et est enti\u00e8rement programmable. Il est con\u00e7u pour effectuer une vari\u00e9t\u00e9 de t\u00e2ches telles que moudre, m\u00e9langer, hacher, broyer, m\u00e9langer, \u00e9craser, broyer, laver, d\u00e9shydrater et s\u00e9cher. Il a une capacit\u00e9 de 5 gallons. Il est con\u00e7u pour fonctionner \u00e0 des vitesses allant jusqu'\u00e0 4 000 tr\/min. Avec l'aide de cette machine, vous pouvez pr\u00e9parer de d\u00e9licieuses boissons pour vos clients \u00e0 tout moment. Vous aurez ainsi l'occasion d'impressionner vos clients. Il s'agit d'une machine avanc\u00e9e d'une capacit\u00e9 de 300 ml. Vous pouvez pr\u00e9parer diff\u00e9rents types de boissons comme des sodas, des jus de fruits et du th\u00e9 avec cette machine. C'est une machine compacte qui trouve facilement sa place dans votre cuisine.<\/span><\/p>\n<p><\/p>\n<h2 class=\"otl-heading\" style=\"text-indent: 0em;padding-left: 0em\">Un blender ninja peut-il piler de la glace ?<\/h2>\n<p><span style=\"font-size:13px\">La r\u00e9ponse est oui ! Ce blender Ninja Ice Crush est dot\u00e9 d'un moteur puissant et d'un broyeur de glace \u00e0 haute efficacit\u00e9. La lame tourne \u00e0 grande vitesse, broyant jusqu'\u00e0 15 livres de glace par minute. Le puissant moteur est dot\u00e9 d'une fonction d'inversion automatique qui lui permet de commencer \u00e0 broyer la glace m\u00eame si vous n'utilisez pas l'accessoire pour tasses ou bocaux.<\/span><\/p>\n<p><\/p>\n<h2 class=\"otl-heading\" style=\"text-indent: 0em;padding-left: 0em\">Puis-je utiliser mon KitchenAid pour faire de la glace ?<\/h2>\n<p><span style=\"font-size:13px\">Oui, vous pouvez utiliser votre KitchenAid <a style=\"color:blue\" href=\"\/fr\/\">sorbeti\u00e8re<\/a> pour faire de la cr\u00e8me glac\u00e9e. Il y a quelques points \u00e0 garder \u00e0 l'esprit lorsque vous utilisez votre KitchenAid pour faire de la cr\u00e8me glac\u00e9e. Tout d'abord, vous ne devez pas ajouter d'ingr\u00e9dients susceptibles de faire fondre la glace. Il s'agit notamment du sel, du sucre, des \u00e9pices et de certains types d'alcool. Certaines personnes recommandent d'utiliser la sorbeti\u00e8re KitchenAid uniquement pour faire de la glace \u00e0 l'italienne car vous pouvez y mettre tous les ingr\u00e9dients que vous voulez.<\/span><\/p>\n<p><\/p>\n<\/div>\n<\/div>\n<p><\/p>\n<\/div><\/div>","protected":false},"excerpt":{"rendered":"<p>Razzle Commercial Blenders Razzle Commercial Blenders|Product specification|Product Features|Product Advantage &nbsp; If you&#039;re looking for a blender that can create unique and delicious flavors of ice cream, the Razzle Blender is the perfect choice. With the ability to choose different ingredients and blending them together, you can create any flavor you can imagine. Whether you&#039;re looking [&hellip;]<\/p>\n","protected":false},"featured_media":1951,"comment_status":"open","ping_status":"open","template":"","meta":{"_swt_meta_header_display":false,"_swt_meta_footer_display":false,"_swt_meta_site_title_display":false,"_swt_meta_sticky_header":false,"_swt_meta_transparent_header":false},"product_brand":[],"product_cat":[86],"product_tag":[],"class_list":{"0":"post-958","1":"product","2":"type-product","3":"status-publish","4":"has-post-thumbnail","6":"product_cat-one-shot-machine","8":"first","9":"instock","10":"shipping-taxable","11":"product-type-simple"},"_links":{"self":[{"href":"https:\/\/www.hommy.com\/fr\/wp-json\/wp\/v2\/product\/958","targetHints":{"allow":["GET"]}}],"collection":[{"href":"https:\/\/www.hommy.com\/fr\/wp-json\/wp\/v2\/product"}],"about":[{"href":"https:\/\/www.hommy.com\/fr\/wp-json\/wp\/v2\/types\/product"}],"replies":[{"embeddable":true,"href":"https:\/\/www.hommy.com\/fr\/wp-json\/wp\/v2\/comments?post=958"}],"wp:featuredmedia":[{"embeddable":true,"href":"https:\/\/www.hommy.com\/fr\/wp-json\/wp\/v2\/media\/1951"}],"wp:attachment":[{"href":"https:\/\/www.hommy.com\/fr\/wp-json\/wp\/v2\/media?parent=958"}],"wp:term":[{"taxonomy":"product_brand","embeddable":true,"href":"https:\/\/www.hommy.com\/fr\/wp-json\/wp\/v2\/product_brand?post=958"},{"taxonomy":"product_cat","embeddable":true,"href":"https:\/\/www.hommy.com\/fr\/wp-json\/wp\/v2\/product_cat?post=958"},{"taxonomy":"product_tag","embeddable":true,"href":"https:\/\/www.hommy.com\/fr\/wp-json\/wp\/v2\/product_tag?post=958"}],"curies":[{"name":"wp","href":"https:\/\/api.w.org\/{rel}","templated":true}]}}