{"id":952,"date":"2024-07-02T17:25:02","date_gmt":"2024-07-02T17:25:02","guid":{"rendered":"http:\/\/localhost\/hommywp\/sjiii-k100-capsule-injection-machine-ice-cream-filling\/"},"modified":"2025-08-01T09:57:47","modified_gmt":"2025-08-01T09:57:47","slug":"machine-dinjection-de-gelules-sjiii-k100","status":"publish","type":"product","link":"https:\/\/www.hommy.com\/fr\/p\/machine-dinjection-de-gelules-sjiii-k100\/","title":{"rendered":"Machine d'injection de g\u00e9lules Sjiii-K100 Remplissage de cr\u00e8me glac\u00e9e"},"content":{"rendered":"<div>\n<p>&nbsp; &nbsp;&nbsp;<a name=\"Capsule Injection Machine\"><\/a><\/p>\n<h2 style=\"text-align: center\"><span style=\"font-family: arial, helvetica, sans-serif\"><strong><span style=\"letter-spacing: 0px;font-size: 29px\"><a name=\"Capsule Injection Machine\"><\/a>Machine d'injection de g\u00e9lules<\/span><\/strong><\/span><\/h2>\n<p style=\"text-align: center\"><span style=\"font-family: arial, helvetica, sans-serif;font-size: 16px\"><span style=\"font-family: arial, helvetica, sans-serif;letter-spacing: 0px\"><a href=\"#Capsule Injection Machine\" target=\"_self\" data-lv=\"0\" rel=\"noopener\">Machine d'injection de g\u00e9lules<\/a>|<a href=\"#Product specification\" target=\"_self\" data-lv=\"0\" rel=\"noopener\">Sp\u00e9cification du produit<\/a>|<\/span><a href=\"#Product Features\" target=\"_self\" data-lv=\"0\" rel=\"noopener\"><span style=\"font-family: arial, helvetica, sans-serif;letter-spacing: 0px\">Caract\u00e9ristiques du produit<\/span><span style=\"font-family: arial, helvetica, sans-serif;letter-spacing: 0px\"><\/span><\/a><\/span><\/p>\n<p><\/p>\n<p style=\"text-align: center\">\n<p>Si votre entreprise vend des glaces, vous avez besoin d'une machine capable de remplir vos cornets avec la quantit\u00e9 parfaite de glace. Avec nos machines, vous pourrez remplir vos cornets facilement et sans d\u00e9g\u00e2ts. De plus, nos machines sont con\u00e7ues pour fonctionner avec n'importe quel type de cr\u00e8me glac\u00e9e, ce qui vous permet d'obtenir un remplissage parfait, quel que soit le parfum de votre choix. Nous proposons une vari\u00e9t\u00e9 de machines pour r\u00e9pondre \u00e0 vos besoins, et notre personnel comp\u00e9tent est toujours disponible pour r\u00e9pondre \u00e0 vos questions. Contactez-nous d\u00e8s aujourd'hui pour en savoir plus sur nos machines de remplissage de cr\u00e8me glac\u00e9e et sur la fa\u00e7on dont elles peuvent contribuer \u00e0 la r\u00e9ussite de votre entreprise.<\/p>\n<h2 style=\"margin: 0px;text-indent: 0px;text-align: justify\"><strong><span style=\"letter-spacing: 0px;font-family: arial, helvetica, sans-serif;font-size: 24px\"><br \/><\/span><\/strong><\/h2>\n<h2 style=\"margin: 0px;text-indent: 0px;text-align: justify\"><strong><span style=\"letter-spacing: 0px;font-family: arial, helvetica, sans-serif;font-size: 24px\"><a name=\"Product specification\"><\/a>Sp\u00e9cification du produit :<\/span><\/strong><\/h2>\n<p style=\"margin-top:0;margin-right:0;margin-bottom:0;margin-left:0;text-indent:0;text-align:justify\"><span style=\"letter-spacing: 0px;font-family: arial, helvetica, sans-serif;font-size: 16px\">La machine de remplissage est un produit de Hommy qui a \u00e9t\u00e9 transform\u00e9 et innov\u00e9 en se r\u00e9f\u00e9rant \u00e0 la technologie avanc\u00e9e des machines de remplissage \u00e0 l'\u00e9tranger. Sa structure est plus simple et plus raisonnable, avec une grande pr\u00e9cision et un fonctionnement plus facile. C'est l'\u00e9quipement id\u00e9al pour le remplissage de liquides \u00e0 haute teneur.<\/span><\/p>\n<p style=\"margin-top:0;margin-right:0;margin-bottom:0;margin-left:0;text-indent:0;text-align:justify\"><span style=\"letter-spacing: 0px;font-family: arial, helvetica, sans-serif;font-size: 16px\"><br \/><\/span><\/p>\n<p><\/p>\n<p style=\"text-align: center\"><img decoding=\"async\" src=\"https:\/\/www.hommy.com\/wp-content\/uploads\/16012721392846.png\" alt=\"produit-Hommy-img\" title=\"\"><\/p>\n<p><\/p>\n<p style=\"text-align: center\">&nbsp;<img decoding=\"async\" src=\"https:\/\/www.hommy.com\/wp-content\/uploads\/16012721818160.png\" alt=\"produit-Hommy-img\" title=\"\"><\/p>\n<p><\/p>\n<p><\/p>\n<p><\/p>\n<div class=\"d-tem01-graphic tem01-graphic mockup\" data-detail=\"wrap\">\n<div class=\"cont-section clearfix d-clearfix\">\n<div class=\"col-md-6 col-sm-6 col-xs-6\">\n<div class=\"right-p\">\n<div class=\"h2 heading\">\n<p style=\"text-align:center\"><img decoding=\"async\" src=\"https:\/\/www.hommy.com\/wp-content\/uploads\/16012727922896.png\" alt=\"produit-SJIII-K100 Machine \u00e0 injecter les g\u00e9lules-Hommy-img\" style=\"font-size: 14px\" title=\"\"><\/p>\n<p><span style=\"font-size: 14px\">&nbsp; &nbsp; &nbsp; &nbsp; &nbsp; &nbsp; &nbsp;<\/span><\/div>\n<\/div>\n<\/div>\n<div class=\"col-md-6 col-sm-6 col-xs-6\">\n<div class=\"right-p\">\n<div class=\"h2 heading\">\n<h2 style=\"margin: 0px;text-indent: 0px;text-align: justify\"><strong><span style=\"letter-spacing: 0px;font-family: arial, helvetica, sans-serif;font-size: 24px\"><a name=\"Product Features\"><\/a>Caract\u00e9ristiques du produit :<\/span><\/strong><\/h2>\n<p style=\"text-indent: 0\"><span style=\"letter-spacing: 0px;font-family: arial, helvetica, sans-serif;font-size: 16px\">En outre, des ing\u00e9nieurs hautement qualifi\u00e9s, des technologues comp\u00e9tents et un personnel bien inform\u00e9 contribuent largement au d\u00e9veloppement de l'entreprise.<\/span><\/p>\n<p style=\"text-indent: 0\"><span style=\"letter-spacing: 0px;font-family: arial, helvetica, sans-serif;font-size: 16px\">1. La machine de remplissage de fluides \u00e0 haute concentration utilise le principe d'un piston entra\u00een\u00e9 par un cylindre pour extraire et \u00e9jecter des mat\u00e9riaux \u00e0 haute concentration, et contr\u00f4le la course du cylindre \u00e0 l'aide d'un interrupteur \u00e0 lames pour ajuster le volume de remplissage. La machine peut fonctionner sans \u00e9lectricit\u00e9, elle est plus s\u00fbre et sa conception humanis\u00e9e r\u00e9pond mieux aux exigences des entreprises modernes.<\/span><\/p>\n<p style=\"text-indent: 0\"><span style=\"letter-spacing: 0px;font-family: arial, helvetica, sans-serif;font-size: 16px\">2. Acier : Le corps est en acier inoxydable et les pi\u00e8ces en contact avec le mat\u00e9riel sont en acier inoxydable 304, ce qui r\u00e9pond aux exigences de s\u00e9curit\u00e9 GMP et QS.<\/span><\/p>\n<p style=\"text-indent: 0\"><span style=\"letter-spacing: 0px;font-family: arial, helvetica, sans-serif;font-size: 16px\">3. Dose de remplissage : Le volume et la vitesse de remplissage peuvent \u00eatre r\u00e9gl\u00e9s arbitrairement, et la pr\u00e9cision de remplissage est \u00e9lev\u00e9e.<\/span><\/p>\n<p style=\"text-indent: 0\"><span style=\"letter-spacing: 0px;font-family: arial, helvetica, sans-serif;font-size: 16px\">4. La cloison de remplissage est \u00e9quip\u00e9e d'un dispositif de remplissage anti-goutte, anti-extraction et d'un dispositif de remplissage par levage.<\/span><\/p>\n<p style=\"text-indent: 0\"><span style=\"letter-spacing: 0px;font-family: arial, helvetica, sans-serif;font-size: 16px\">5. Avec agitation, il convient mieux aux produits \u00e0 haute viscosit\u00e9 et \u00e0 faible fluidit\u00e9.<\/span><\/p>\n<p style=\"text-indent: 0\"><span style=\"letter-spacing: 0px;font-family: arial, helvetica, sans-serif;font-size: 16px\">6. Les pi\u00e8ces de la machine en contact avec les mat\u00e9riaux \u00e9tant toutes en acier inoxydable, elle est anti-broderie et r\u00e9sistante \u00e0 la corrosion.<\/span><\/p>\n<p style=\"text-indent: 0\"><span style=\"letter-spacing: 0px;font-family: arial, helvetica, sans-serif;font-size: 16px\">7. Cette machine est enti\u00e8rement contr\u00f4l\u00e9e par l'air comprim\u00e9, aucune alimentation \u00e9lectrique n'est n\u00e9cessaire, et elle est particuli\u00e8rement utilis\u00e9e dans les environnements antid\u00e9flagrants avec une s\u00e9curit\u00e9 \u00e9lev\u00e9e ;<\/span><\/p>\n<p style=\"text-indent: 0\"><span style=\"letter-spacing: 0px;font-family: arial, helvetica, sans-serif;font-size: 16px\">8. Gr\u00e2ce au contr\u00f4le pneumatique et au positionnement m\u00e9canique, la pr\u00e9cision du remplissage est \u00e9lev\u00e9e, avec un contr\u00f4le de 0,5 \u2030 ;<\/span><\/p>\n<p style=\"text-indent: 0\"><span style=\"letter-spacing: 0px;font-family: arial, helvetica, sans-serif;font-size: 16px\">9. Le fonctionnement est simple et facile \u00e0 utiliser ; le taux d'\u00e9chec est faible.<\/span><\/p>\n<\/div>\n<\/div>\n<p>&nbsp; &nbsp; &nbsp; &nbsp; &nbsp; &nbsp;<\/p><\/div>\n<\/div>\n<\/div>\n<p><\/p>\n<h2>Combien de temps dure un <a style=\"color:blue\" href=\"\/fr\/\">sorbeti\u00e8re<\/a> doivent-ils \u00eatre congel\u00e9s ?<\/h2>\n<p style=\"margin-top: 5px;margin-bottom: 5px\"><\/p>\n<p style=\"margin-top: 5px;margin-bottom: 5px\">Notre sorbeti\u00e8re est une sorbeti\u00e8re Prestige dont la dur\u00e9e de vie est de 3 \u00e0 4 ans. Si vous avez achet\u00e9 la machine apr\u00e8s juin 2009, elle aura 3 ans au moment o\u00f9 vous la recevrez.<\/p>\n<p style=\"margin-top: 5px;margin-bottom: 5px\"><\/p>\n<p style=\"margin-top: 5px;margin-bottom: 5px\">Si vous avez une sorbeti\u00e8re Prestige dont la dur\u00e9e de conservation est inf\u00e9rieure \u00e0 3 ans, la dur\u00e9e de conservation sera de 1 \u00e0 2 ans.<\/p>\n<p style=\"margin-top: 5px;margin-bottom: 5px\"><\/p>\n<p style=\"margin-top: 5px;margin-bottom: 5px\"><\/p>\n<h2>Combien de temps faut-il pour faire de la glace dans une sorbeti\u00e8re ?<\/h2>\n<p style=\"margin-top: 5px;margin-bottom: 5px\"><\/p>\n<p style=\"margin-top: 5px;margin-bottom: 5px\">A :<\/p>\n<p style=\"margin-top: 5px;margin-bottom: 5px\"><\/p>\n<p style=\"margin-top: 5px;margin-bottom: 5px\">J'ai utilis\u00e9 des sorbeti\u00e8res capables de produire de la glace en moins d'une heure.  J'ai \u00e9galement utilis\u00e9 des sorbeti\u00e8res qui pouvaient prendre trois \u00e0 quatre heures pour pr\u00e9parer une fourn\u00e9e de glace.  Tout d\u00e9pend de la taille de votre sorbeti\u00e8re.&nbsp;&nbsp;<\/p>\n<p style=\"margin-top: 5px;margin-bottom: 5px\">La sorbeti\u00e8re que j'ai maintenant est un peu plus grande que la plupart des sorbeti\u00e8res.  J'ai vu des sorbeti\u00e8res plus grandes prendre jusqu'\u00e0 huit heures pour fabriquer de la glace.<\/p>\n<p style=\"margin-top: 5px;margin-bottom: 5px\"><\/p>\n<h2>Quelle quantit\u00e9 de sel dois-je mettre dans ma sorbeti\u00e8re ?<\/h2>\n<p style=\"margin-top: 5px;margin-bottom: 5px\"><\/p>\n<p style=\"margin-top: 5px;margin-bottom: 5px\">Je cherche la meilleure quantit\u00e9 de sel \u00e0 utiliser pour faire de la cr\u00e8me glac\u00e9e. J'ai une machine Breville. Elle produit une livre de cr\u00e8me glac\u00e9e \u00e0 la fois. Je veux faire de la glace aux p\u00e9pites de chocolat, \u00e0 la p\u00e2te \u00e0 biscuits et \u00e0 la banane.<\/p>\n<p style=\"margin-top: 5px;margin-bottom: 5px\"><\/p>\n<p style=\"margin-top: 5px;margin-bottom: 5px\">Je ne sais pas quelle quantit\u00e9 de sel utiliser. J'ai essay\u00e9 une recette et elle est tr\u00e8s sal\u00e9e. L'autre recette est un peu trop sucr\u00e9e pour moi.<\/p>\n<\/div><\/div>","protected":false},"excerpt":{"rendered":"<p>&nbsp; &nbsp;&nbsp; Capsule Injection Machine Capsule Injection Machine|Product specification|Product Features If you have a business that sells ice cream, then you need a machine that can fill your cones with the perfect amount of ice cream. With our machines, you&#039;ll be able to fill your cones with ease, and without any mess. Plus, our machines [&hellip;]<\/p>\n","protected":false},"featured_media":1950,"comment_status":"open","ping_status":"open","template":"","meta":{"_swt_meta_header_display":false,"_swt_meta_footer_display":false,"_swt_meta_site_title_display":false,"_swt_meta_sticky_header":false,"_swt_meta_transparent_header":false},"product_brand":[],"product_cat":[86],"product_tag":[],"class_list":{"0":"post-952","1":"product","2":"type-product","3":"status-publish","4":"has-post-thumbnail","6":"product_cat-one-shot-machine","8":"first","9":"instock","10":"shipping-taxable","11":"product-type-simple"},"_links":{"self":[{"href":"https:\/\/www.hommy.com\/fr\/wp-json\/wp\/v2\/product\/952","targetHints":{"allow":["GET"]}}],"collection":[{"href":"https:\/\/www.hommy.com\/fr\/wp-json\/wp\/v2\/product"}],"about":[{"href":"https:\/\/www.hommy.com\/fr\/wp-json\/wp\/v2\/types\/product"}],"replies":[{"embeddable":true,"href":"https:\/\/www.hommy.com\/fr\/wp-json\/wp\/v2\/comments?post=952"}],"wp:featuredmedia":[{"embeddable":true,"href":"https:\/\/www.hommy.com\/fr\/wp-json\/wp\/v2\/media\/1950"}],"wp:attachment":[{"href":"https:\/\/www.hommy.com\/fr\/wp-json\/wp\/v2\/media?parent=952"}],"wp:term":[{"taxonomy":"product_brand","embeddable":true,"href":"https:\/\/www.hommy.com\/fr\/wp-json\/wp\/v2\/product_brand?post=952"},{"taxonomy":"product_cat","embeddable":true,"href":"https:\/\/www.hommy.com\/fr\/wp-json\/wp\/v2\/product_cat?post=952"},{"taxonomy":"product_tag","embeddable":true,"href":"https:\/\/www.hommy.com\/fr\/wp-json\/wp\/v2\/product_tag?post=952"}],"curies":[{"name":"wp","href":"https:\/\/api.w.org\/{rel}","templated":true}]}}