{"id":948,"date":"2024-07-02T17:24:59","date_gmt":"2024-07-02T17:24:59","guid":{"rendered":"http:\/\/localhost\/hommywp\/hm24-commercial-one-shot-ice-cream-uk-mcflurry-machine\/"},"modified":"2025-08-01T09:57:47","modified_gmt":"2025-08-01T09:57:47","slug":"mixeur-mcflurry-tres-efficace-mixeur-a-milk-shake-mcflurry-maker-avec-une-cuillere-enlevee","status":"publish","type":"product","link":"https:\/\/www.hommy.com\/fr\/p\/mixeur-mcflurry-tres-efficace-mixeur-a-milk-shake-mcflurry-maker-avec-une-cuillere-enlevee\/","title":{"rendered":"Hm24 Commercial One Shot Ice Cream Uk, Mcflurry Machine"},"content":{"rendered":"<div>\n<p>&nbsp;<\/p>\n<h2 style=\"text-align: center\"><strong><span style=\"font-family: arial, helvetica, sans-serif\"><span style=\"letter-spacing: 0px;font-size: 29px\"><a name=\"Mcflurry Maker\"><\/a>M<\/span><span style=\"letter-spacing: 0px;font-size: 29px\">cflurry <\/span><span style=\"letter-spacing: 0px;font-size: 29px\">M<\/span><span style=\"letter-spacing: 0px;font-size: 29px\">aker<\/span><\/span><\/strong><\/h2>\n<p style=\"text-align: center\"><a href=\"#Mcflurry Maker\" target=\"_self\" data-lv=\"0\" rel=\"noopener\">Mcflurry Maker<\/a><span style=\"text-align: center\">&nbsp;|&nbsp;<\/span><a href=\"#Product Features\" target=\"_self\" data-lv=\"0\" rel=\"noopener\">Caract\u00e9ristiques du produit<\/a><span style=\"text-align: center\">&nbsp;|&nbsp;<\/span><a href=\"#Product specification\" target=\"_self\" data-lv=\"0\" rel=\"noopener\">Sp\u00e9cification du produit<\/a><span style=\"text-align: center\">&nbsp;|&nbsp;<\/span><a href=\"#Product Advantage\" target=\"_self\" data-lv=\"0\" rel=\"noopener\">Avantages du produit<\/a><\/p>\n<p><\/p>\n<p><!-- Video start --><video poster=\"https:\/\/img80002414.weyesimg.com\/uploads\/wij2rdgc.allweyes.com\/video\/15554009561193.mp4?vframe\/jpg\/offset\/1\" id=\"video\" preload=\"auto\" controls=\"controls\" style=\"width:100%;height:510px\"><\/video><!-- Video end --><\/p>\n<p><!-- Video start --><video poster=\"https:\/\/img80002414.weyesimg.com\/uploads\/wij2rdgc.allweyes.com\/video\/15554010357001.mp4?vframe\/jpg\/offset\/1\" id=\"video\" preload=\"auto\" controls=\"controls\" style=\"width:100%;height:510px\"><\/video><!-- Video end --><\/p>\n<p>&nbsp;Nos machines Mcflurry sont disponibles en diff\u00e9rentes capacit\u00e9s et peuvent \u00eatre configur\u00e9es selon les besoins du client. Les machines peuvent \u00eatre install\u00e9es facilement et entretenues par les techniciens pour garantir leur bon fonctionnement. Nos machines propos\u00e9es sont fabriqu\u00e9es en utilisant des mati\u00e8res premi\u00e8res de la meilleure qualit\u00e9 et sont connues pour leur durabilit\u00e9 et leur qualit\u00e9. Nous sommes un fabricant renomm\u00e9 de machines Mcflurry et sommes donc pr\u00e9f\u00e9r\u00e9s par les clients pour leur fonctionnement fiable.<\/p>\n<div class=\"text-left d-tem09-title d-interval\" data-detail=\"wrap\">\n<div class=\"title-header\">\n<div class=\"title\"><span style=\"font-size: 24px\"><\/span><\/p>\n<h2 style=\"margin: 0px;text-indent: 0px;text-align: justify\"><strong><span style=\"letter-spacing: 0px;font-family: arial, helvetica, sans-serif;font-size: 24px\"><a name=\"Product specification\"><\/a>Sp\u00e9cification du produit :<\/span><\/strong><\/h2>\n<p style=\"margin: 0px;text-indent: 0px;text-align: justify\"><span style=\"letter-spacing: 0px;font-family: arial, helvetica, sans-serif;font-size: 16px\">La machine HOMMY McFlurry est la machine la plus utilis\u00e9e dans l'industrie.<span style=\"font-family: arial, helvetica, sans-serif;letter-spacing: 0px\">Le premier mixeur de friandises glac\u00e9es du monde. Il permet de m\u00e9langer des bonbons, des biscuits et d'autres ingr\u00e9dients difficiles \u00e0 m\u00e9langer \u00e0 de la cr\u00e8me glac\u00e9e dure ou molle ou \u00e0 du yaourt glac\u00e9, afin de produire des friandises glac\u00e9es tr\u00e8s rentables.<\/span><\/span><\/p>\n<p style=\"margin: 0px;text-indent: 0px;text-align: justify\"><span style=\"letter-spacing: 0px;font-family: arial, helvetica, sans-serif;font-size: 16px\"><span style=\"font-family: arial, helvetica, sans-serif;letter-spacing: 0px\"><br \/><\/span><\/span><\/p>\n<p style=\"margin-top:0;margin-right:0;margin-bottom:0;margin-left:0;text-indent:0;text-align:justify\"><span style=\"letter-spacing: 0px;font-family: arial, helvetica, sans-serif;font-size: 16px\"><span style=\"font-family: arial, helvetica, sans-serif;letter-spacing: 0px\"><br \/><\/span><\/span><\/p>\n<p style=\"margin: 0px;text-indent: 0px;text-align: center\"><span style=\"letter-spacing: 0px;font-family: arial, helvetica, sans-serif;font-size: 16px\"><span style=\"font-family: arial, helvetica, sans-serif;letter-spacing: 0px\"><img decoding=\"async\" src=\"https:\/\/www.hommy.com\/wp-content\/uploads\/16012564379295.png\" alt=\"produit-Hommy-img\" title=\"\"><\/span><\/span><\/p>\n<p><span><\/span><\/div>\n<\/div>\n<\/div>\n<p>&nbsp;<\/p>\n<div class=\"d-tem11-graphic tem11-graphic mockup\" data-detail=\"wrap\">\n<div class=\"tab_row\">\n<div class=\"img\" style=\"width: 50%\">\n<p style=\"text-align:center\"><img loading=\"lazy\" decoding=\"async\" title=\"\" alt=\"produit-Hommy-img\" src=\"https:\/\/www.hommy.com\/wp-content\/uploads\/16012565281773.png\" width=\"380\" height=\"765\" border=\"0\" vspace=\"0\" style=\"width: 380px;height: 765px\"><\/p>\n<\/div>\n<div class=\"text_box\" style=\"width: 50%\">\n<div class=\"txt\">\n<div class=\"title\">\n<h2><span style=\"letter-spacing: 0px;text-align: justify;font-family: arial, helvetica, sans-serif;font-size: 24px\"><a name=\"Product Features\"><\/a><strong>Caract\u00e9ristiques du produit :<\/strong><\/span><\/h2>\n<h2><strong><span style=\"font-size: 16px;font-family: arial, helvetica, sans-serif\">*Simple d'utilisation.<\/span><\/strong><\/h2>\n<p><span style=\"font-size: 16px;font-family: arial, helvetica, sans-serif\">*Facile \u00e0 nettoyer.<\/span><\/p>\n<p><span style=\"font-size: 16px;font-family: arial, helvetica, sans-serif\">*S\u00e9curit\u00e9 pour l'utilisateur.<\/span><\/p>\n<p><span style=\"font-size: 16px;font-family: arial, helvetica, sans-serif\">La cuill\u00e8re, de conception sp\u00e9ciale, est d\u00e9tachable pour servir les produits de mani\u00e8re plus hygi\u00e9nique et plus pratique.<\/span><\/p>\n<p><span style=\"font-size: 16px;font-family: arial, helvetica, sans-serif\">Agitateur permanent, cuill\u00e8re sp\u00e9ciale comme lame :<\/span><\/p>\n<p><span style=\"font-size: 16px;font-family: arial, helvetica, sans-serif\">*M\u00e9lange les mix-ins avec diff\u00e9rents ingr\u00e9dients.<\/span><\/p>\n<p><span style=\"font-size: 16px;font-family: arial, helvetica, sans-serif\">La lame du mixeur est \u00e9quip\u00e9e d'une cuill\u00e8re sp\u00e9ciale qui permet de servir des produits hygi\u00e9niques de mani\u00e8re plus pratique. Il n'est pas n\u00e9cessaire de nettoyer la lame si l'on sert continuellement des saveurs diff\u00e9rentes.<\/span><\/p>\n<p><span style=\"font-family: arial, helvetica, sans-serif\"><span style=\"font-family: Calibri;font-size: 16px\">Contr\u00f4le Sneed :<\/span><span style=\"font-family: \u5b8b\u4f53;font-size: 16px\">&nbsp;<\/span><span style=\"font-family: Calibri;font-size: 16px\">Basez-vous sur les diff\u00e9rents ingr\u00e9dients pour ajuster la vitesse de mixage.<\/span><\/span><\/p>\n<p><span style=\"font-size: 16px;font-family: arial, helvetica, sans-serif\">Une performance optimale est assur\u00e9e.<\/span><\/p>\n<p><span style=\"font-size: 16px;font-family: arial, helvetica, sans-serif\">Puissant et durable :<\/span><\/p>\n<p><span style=\"font-size: 16px;font-family: arial, helvetica, sans-serif\">Veille \u00e0 ce que le m\u00e9lange soit complet.<\/span><\/p>\n<p><span style=\"font-size: 16px;font-family: arial, helvetica, sans-serif\">Le moteur robuste et la construction en acier inoxydable de la machine sont con\u00e7us sp\u00e9cifiquement pour les glaciers, les boutiques de smoothies et les restaurants exigeants.<\/span><\/p>\n<p><span style=\"font-family: arial, helvetica, sans-serif\"><span style=\"font-family: Calibri;font-size: 16px\">Cr\u00e8me glac\u00e9e DIY :<\/span><span style=\"font-family: \u5b8b\u4f53;font-size: 16px\">&nbsp;<\/span><span style=\"font-family: Calibri;font-size: 16px\">En fonction de vos pr\u00e9f\u00e9rences personnelles, vous pouvez choisir diff\u00e9rents<\/span><span style=\"font-family: \u5b8b\u4f53;font-size: 16px\">&nbsp;<\/span><span style=\"font-family: Calibri;font-size: 16px\">ingr\u00e9dients, en les m\u00e9langeant \u00e0 l'aide de cette machine pour obtenir<\/span><span style=\"font-family: \u5b8b\u4f53;font-size: 16px\">&nbsp;<\/span><span style=\"font-family: Calibri;font-size: 16px\">cr\u00e8me glac\u00e9e \u00e0 saveur sp\u00e9ciale et unique.<\/span><\/span><\/p>\n<p><span style=\"font-family: arial, helvetica, sans-serif\"><span style=\"font-family: Calibri;font-size: 16px\">Fonctionnement:Distribuer la cr\u00e8me glac\u00e9e directement dans le gobelet de service. Ajouter la<\/span><span style=\"font-family: \u5b8b\u4f53;font-size: 16px\">&nbsp;<\/span><span style=\"font-family: Calibri;font-size: 16px\">les ingr\u00e9dients souhait\u00e9s, fixer la cuill\u00e8re sur l'adaptateur de la machine, mixer et servir.<\/span><\/span><\/p>\n<\/div>\n<\/div>\n<\/div>\n<\/div>\n<\/div>\n<p>&nbsp;<\/p>\n<div class=\"text-left d-tem09-title d-interval\" data-detail=\"wrap\">\n<div class=\"title-header\">\n<h2><span style=\"letter-spacing: 0px;font-family: arial, helvetica, sans-serif;font-size: 24px\"><a name=\"Product Advantage\"><\/a><strong>Avantage du produit :<\/strong><\/span><\/h2>\n<h2><span style=\"font-size: 24px\"><\/span><\/h2>\n<\/div>\n<\/div>\n<div class=\"d-tem01-graphic tem01-graphic mockup\" data-detail=\"wrap\">\n<div class=\"cont-section clearfix d-clearfix\">\n<div class=\"col-md-6 col-sm-6 col-xs-6\">\n<div class=\"right-p\">\n<div class=\"h2 heading\">\n<h2 style=\"margin: 0px;text-indent: 0px;padding: 0px;vertical-align: baseline\"><span style=\"font-family: arial, helvetica, sans-serif;letter-spacing: 0px;font-size: 16px\">1. contr\u00f4le de la vitesse :<\/span><\/h2>\n<p style=\"margin-top:0;margin-right:0;margin-bottom:0;margin-left:0;text-indent:0;padding:0 0 0 0;vertical-align:baseline\"><span style=\"font-family: arial, helvetica, sans-serif;font-size: 16px;letter-spacing: 0px\">Nous r\u00e9glons une vitesse pour contr\u00f4ler chaque fois la qualit\u00e9 de la cr\u00e8me glac\u00e9e est la m\u00eame.&nbsp;<\/span><\/p>\n<p style=\"margin-top:0;margin-right:0;margin-bottom:0;margin-left:0;text-indent:0;padding:0 0 0 0;vertical-align:baseline\"><span style=\"font-family: arial, helvetica, sans-serif;font-size: 16px;letter-spacing: 0px\"><br \/><\/span><\/p>\n<p style=\"margin-top:0;margin-right:0;margin-bottom:0;margin-left:0;text-indent:0;padding:0 0 0 0;vertical-align:baseline\"><\/p>\n<p style=\"margin-top:0;margin-right:0;margin-bottom:0;margin-left:0;text-indent:0;padding:0 0 0 0;vertical-align:baseline\"><span style=\"font-family: arial, helvetica, sans-serif;font-size: 16px;letter-spacing: 0px\"><br \/><\/span><\/p>\n<p style=\"margin-top:0;margin-right:0;margin-bottom:0;margin-left:0;text-indent:0;padding:0 0 0 0;vertical-align:baseline\"><span style=\"font-family: arial, helvetica, sans-serif;font-size: 16px;letter-spacing: 0px\"><br \/><\/span><\/p>\n<\/div>\n<\/div>\n<div class=\"graphic_pic animated wow bounceIn\" data-wow-delay=\".7s\">\n<p style=\"text-align:center\"><img loading=\"lazy\" decoding=\"async\" src=\"https:\/\/www.hommy.com\/wp-content\/uploads\/16013491719869.png\" alt=\"produit-Hommy-HM24 one shot ice cream uk-img\" title=\"\" width=\"350\" height=\"437\" border=\"0\" vspace=\"0\" style=\"width: 350px;height: 437px\"><\/p>\n<\/div>\n<\/div>\n<div class=\"col-md-6 col-sm-6 col-xs-6\">\n<div class=\"right-p\">\n<p style=\"margin-top:0;margin-right:0;margin-bottom:0;padding:0 0 0 0;vertical-align:baseline\"><span style=\"font-size: 16px;font-family: arial, helvetica, sans-serif\"><span style=\"font-size: 16px;letter-spacing: 0px\">2.<\/span><span style=\"font-size: 16px;letter-spacing: 0px\">La cuill\u00e8re, de conception sp\u00e9ciale, est d\u00e9tachable pour servir les produits de mani\u00e8re plus hygi\u00e9nique et plus pratique.<\/span><span style=\"font-size: 16px;letter-spacing: 0px\">&nbsp;<\/span><span style=\"font-size: 16px;letter-spacing: 0px\">M\u00e9lange les mix-ins avec diff\u00e9rents ingr\u00e9dients.<\/span><\/span><\/p>\n<p style=\"margin-top:0;margin-right:0;margin-bottom:0;padding:0 0 0 0;vertical-align:baseline\"><span style=\"letter-spacing: 0px;font-size: 16px;font-family: arial, helvetica, sans-serif\">La lame du mixeur est \u00e9quip\u00e9e d'une cuill\u00e8re sp\u00e9ciale qui permet de servir des produits hygi\u00e9niques de mani\u00e8re plus pratique. Il n'est pas n\u00e9cessaire de nettoyer la lame si l'on sert continuellement des saveurs diff\u00e9rentes.<\/span><\/p>\n<p style=\"margin-top:0;margin-right:0;margin-bottom:0;padding:0 0 0 0;vertical-align:baseline\"><span style=\"letter-spacing: 0px;font-size: 16px;font-family: arial, helvetica, sans-serif\"><br \/><\/span><\/p>\n<p style=\"margin-top:0;margin-right:0;margin-bottom:0;padding:0 0 0 0;vertical-align:baseline\"><\/p>\n<p style=\"margin-top:0;margin-right:0;margin-bottom:0;padding:0 0 0 0;vertical-align:baseline\"><span style=\"letter-spacing: 0px;font-size: 16px;font-family: arial, helvetica, sans-serif\"><br \/><\/span><\/p>\n<p style=\"text-align:center\"><img loading=\"lazy\" decoding=\"async\" src=\"https:\/\/www.hommy.com\/wp-content\/uploads\/16012568365845.png\" alt=\"produit-Hommy-img\" title=\"\" width=\"350\" height=\"144\" border=\"0\" vspace=\"0\" style=\"width: 350px;height: 144px\"><\/p>\n<\/div>\n<\/div>\n<\/div>\n<\/div>\n<div class=\"d-tem01-graphic tem01-graphic mockup\" data-detail=\"wrap\">\n<div class=\"cont-section clearfix d-clearfix\">\n<div class=\"col-md-6 col-sm-6 col-xs-6\">\n<div class=\"right-p\">\n<div class=\"h2 heading\">\n<p style=\"margin-top:0;margin-right:0;margin-bottom:0;margin-left:0;text-indent:0;padding:0 0 0 0;vertical-align:baseline\"><span style=\"font-family: \u5b8b\u4f53;letter-spacing: 0;font-size: 19px\">3.<\/span><span style=\"font-family: Calibri;letter-spacing: 0;font-size: 19px\">Cr\u00e8me glac\u00e9e DIY :<\/span><\/p>\n<p style=\"margin-top:0;margin-right:0;margin-bottom:0;margin-left:0;text-indent:0;padding:0 0 0 0;vertical-align:baseline\"><span style=\"font-family: Calibri;letter-spacing: 0;font-size: 19px\">En fonction de votre situation personnelle <\/span><span style=\"font-family: \u5b8b\u4f53;letter-spacing: 0;font-size: 19px\">pr\u00e9f\u00e9rence<\/span><span style=\"font-family: Calibri;letter-spacing: 0;font-size: 19px\">&nbsp;de choisir diff\u00e9rents ingr\u00e9dients, de les m\u00e9langer avec cette machine pour obtenir des glaces au go\u00fbt sp\u00e9cial et unique.<\/span><\/p>\n<p style=\"margin-top:0;margin-right:0;margin-bottom:0;margin-left:0;text-indent:0;padding:0 0 0 0;vertical-align:baseline\"><span style=\"font-family: Calibri;letter-spacing: 0;font-size: 19px\"><br \/><\/span><\/p>\n<p style=\"margin-top:0;margin-right:0;margin-bottom:0;margin-left:0;text-indent:0;padding:0 0 0 0;vertical-align:baseline\"><span style=\"font-family: Calibri;letter-spacing: 0;font-size: 19px\"><br \/><\/span><\/p>\n<\/div>\n<\/div>\n<div class=\"graphic_pic animated wow bounceIn\" data-wow-delay=\".7s\">\n<p style=\"text-align:center\"><img loading=\"lazy\" decoding=\"async\" src=\"https:\/\/www.hommy.com\/wp-content\/uploads\/16012568747281.jpg\" alt=\"produit-Hommy-img\" title=\"\" width=\"350\" height=\"437\" border=\"0\" vspace=\"0\" style=\"width: 350px;height: 437px\"><\/p>\n<\/div>\n<\/div>\n<p>&nbsp; &nbsp; &nbsp; &nbsp; &nbsp; &nbsp;<\/div>\n<\/div>\n<p>Document\uff1a<img decoding=\"async\" src=\"https:\/\/www.hommy.com\/wp-content\/uploads\/icon_jpg-1.gif\" style=\"margin-right: 2px\" alt=\"produit-HM24 one shot ice cream uk-Hommy-img\" title=\"\"><a href=\"https:\/\/img80002414.weyesimg.com\/uploads\/www.hommy.com\/images\/16025740166936.jpg\" title=\"16025740166936.jpg\" style=\"font-size: 12px\">16025740166936.jpg<\/a><\/p>\n<h2>Comment puis-je pr\u00e9parer de la cr\u00e8me \u00e9paisse \u00e0 la maison ?<\/h2>\n<p style=\"margin-top: 5px;margin-bottom: 5px\">La cr\u00e8me \u00e9paisse est obtenue en retirant juste assez d'eau pour que la cr\u00e8me ait la bonne consistance. La plupart du temps, les gens utilisent un fouet pour faire passer la cr\u00e8me \u00e0 travers une passoire fine ou un tamis afin d'obtenir un go\u00fbt riche et onctueux.Une bonne technique consiste \u00e0 m\u00e9langer la cr\u00e8me et le fromage jusqu'\u00e0 obtention d'une consistance lisse. Une bonne technique consiste \u00e0 m\u00e9langer la cr\u00e8me et le fromage jusqu'\u00e0 obtention d'une consistance homog\u00e8ne.<\/p>\n<p style=\"margin-top: 5px;margin-bottom: 5px\"><\/p>\n<h2>Quel est le meilleur ninja ou Vitamix ?<\/h2>\n<p style=\"margin-top: 5px;margin-bottom: 5px\">J'utilise un blender Ninja depuis quelques ann\u00e9es et je m'en sers pour tout, des smoothies aux soupes, en passant par les sauces, les soupes, le pain et bien d'autres choses encore. Je me demandais si quelqu'un d'autre avait essay\u00e9 un Vitamix ou si quelqu'un avait utilis\u00e9 les deux blenders... De plus, si vous avez utilis\u00e9 les deux et que le Vitamix est meilleur, veuillez \u00e9num\u00e9rer vos avantages et vos inconv\u00e9nients.<\/p>\n<p style=\"margin-top: 5px;margin-bottom: 5px\"><\/p>\n<h2>Quel est le pays qui mange le plus de glaces ?<\/h2>\n<p style=\"margin-top: 5px;margin-bottom: 5px\">&nbsp;Selon le World Ice Cream Report (publi\u00e9 chaque ann\u00e9e par l'Ice Cream Association of America), le Japon est le pays qui consomme le plus de glaces par habitant (pr\u00e8s de 20 livres par personne et par an). Les \u00c9tats-Unis arrivent en deuxi\u00e8me position avec pr\u00e8s de 19 livres, suivis de l'Italie, de la France et de l'Allemagne.<\/p>\n<\/div><\/div>","protected":false},"excerpt":{"rendered":"<p>&nbsp; Mcflurry Maker Mcflurry Maker&nbsp;|&nbsp;Product Features&nbsp;|&nbsp;Product specification&nbsp;|&nbsp;Product Advantage &nbsp;Our Mcflurry machines are available in various different capacities and can be configured as per the requirement of the customer. The machines can be installed easily and maintained by the technicians to ensure that they function effectively. Our offered machines are manufactured using the finest quality raw [&hellip;]<\/p>\n","protected":false},"featured_media":1949,"comment_status":"open","ping_status":"open","template":"","meta":{"_swt_meta_header_display":false,"_swt_meta_footer_display":false,"_swt_meta_site_title_display":false,"_swt_meta_sticky_header":false,"_swt_meta_transparent_header":false},"product_brand":[],"product_cat":[86],"product_tag":[],"class_list":{"0":"post-948","1":"product","2":"type-product","3":"status-publish","4":"has-post-thumbnail","6":"product_cat-one-shot-machine","8":"first","9":"instock","10":"shipping-taxable","11":"product-type-simple"},"_links":{"self":[{"href":"https:\/\/www.hommy.com\/fr\/wp-json\/wp\/v2\/product\/948","targetHints":{"allow":["GET"]}}],"collection":[{"href":"https:\/\/www.hommy.com\/fr\/wp-json\/wp\/v2\/product"}],"about":[{"href":"https:\/\/www.hommy.com\/fr\/wp-json\/wp\/v2\/types\/product"}],"replies":[{"embeddable":true,"href":"https:\/\/www.hommy.com\/fr\/wp-json\/wp\/v2\/comments?post=948"}],"wp:featuredmedia":[{"embeddable":true,"href":"https:\/\/www.hommy.com\/fr\/wp-json\/wp\/v2\/media\/1949"}],"wp:attachment":[{"href":"https:\/\/www.hommy.com\/fr\/wp-json\/wp\/v2\/media?parent=948"}],"wp:term":[{"taxonomy":"product_brand","embeddable":true,"href":"https:\/\/www.hommy.com\/fr\/wp-json\/wp\/v2\/product_brand?post=948"},{"taxonomy":"product_cat","embeddable":true,"href":"https:\/\/www.hommy.com\/fr\/wp-json\/wp\/v2\/product_cat?post=948"},{"taxonomy":"product_tag","embeddable":true,"href":"https:\/\/www.hommy.com\/fr\/wp-json\/wp\/v2\/product_tag?post=948"}],"curies":[{"name":"wp","href":"https:\/\/api.w.org\/{rel}","templated":true}]}}