{"id":941,"date":"2024-07-02T17:24:54","date_gmt":"2024-07-02T17:24:54","guid":{"rendered":"http:\/\/localhost\/hommywp\/hm25apl-automatic-capsule-filling-production-line-for-one-shot\/"},"modified":"2025-08-01T09:57:47","modified_gmt":"2025-08-01T09:57:47","slug":"hm25apl-one-shot-automatic-filling-production-line","status":"publish","type":"product","link":"https:\/\/www.hommy.com\/fr\/p\/hm25apl-one-shot-automatic-filling-production-line\/","title":{"rendered":"Ligne de production automatique de remplissage de g\u00e9lules Hm25apl pour One-Shot"},"content":{"rendered":"<div>\n<p>&nbsp;&nbsp;&nbsp;&nbsp;<\/p>\n<h2 style=\"text-align: center\"><strong><span style=\"letter-spacing: 0px;font-size: 29px;font-family: arial, helvetica, sans-serif\"><a name=\"Capsule Automatic Filling Production Line\"><\/a>Ligne de production de remplissage automatique de g\u00e9lules<\/span><\/strong><span style=\"font-family:\u5b8b\u4f53;letter-spacing:0;font-size:29px\">&nbsp;<\/span><\/h2>\n<p style=\"text-align: center\"><a href=\"#Capsule Automatic Filling Production Line\" target=\"_self\" data-lv=\"0\" rel=\"noopener\"><span style=\"font-family: \u5b8b\u4f53;letter-spacing: 0px;font-size: 16px\">Ligne de production de remplissage automatique de g\u00e9lules<\/span><\/a><span style=\"font-family: \u5b8b\u4f53;letter-spacing: 0px;font-size: 16px\">|<a href=\"#Product specification\" target=\"_self\" data-lv=\"0\" rel=\"noopener\">Sp\u00e9cification du produit<\/a>|<a href=\"#Product Features\" target=\"_self\" data-lv=\"0\" rel=\"noopener\">Caract\u00e9ristiques du produit<\/a><\/span><\/p>\n<p><\/p>\n<p style=\"text-align: center\">\n<p style=\"text-align: center\">&nbsp;&nbsp;&nbsp;&nbsp;<\/p>\n<p>Nous proposons notre ligne de production de remplissage de g\u00e9lules pour One-Shot dans la meilleure qualit\u00e9 et \u00e0 des prix tr\u00e8s comp\u00e9titifs. La ligne de production propos\u00e9e est fabriqu\u00e9e \u00e0 partir de mat\u00e9riaux dont la qualit\u00e9 a \u00e9t\u00e9 test\u00e9e afin d'assurer un fonctionnement fluide et efficace de la ligne de production. De plus, la ligne de production est con\u00e7ue selon les normes internationales pour assurer un fonctionnement parfait de la machine.&nbsp;<\/p>\n<h2 style=\"margin: 0px;text-indent: 0px;text-align: justify\"><span style=\"letter-spacing: 0px;font-family: arial, helvetica, sans-serif;font-size: 24px\"><a name=\"Product specification\"><\/a>Sp\u00e9cification du produit :<\/span><\/h2>\n<p style=\"margin-top:0;margin-right:0;margin-bottom:0;margin-left:0;text-indent:0;text-align:justify\"><span style=\"letter-spacing: 0px;font-family: arial, helvetica, sans-serif;font-size: 16px\">La machine One-Shot a chang\u00e9 toutes les r\u00e8gles de distribution des desserts glac\u00e9s, y compris la cr\u00e8me glac\u00e9e et le yaourt glac\u00e9. ...... La machine One-Shot a vraiment chang\u00e9 la donne. Il n'est plus n\u00e9cessaire de s'enfermer dans l'h\u00e9ritage de la technologie des desserts glac\u00e9s, et vous pouvez \u00e9galement r\u00e9duire les complications de la fabrique de cr\u00e8me glac\u00e9e. Le cauchemar de l'aseptisation, la mont\u00e9e en fl\u00e8che des co\u00fbts \u00e9nerg\u00e9tiques, la qualit\u00e9 variable, l'int\u00e9grit\u00e9 du produit et l'importance des d\u00e9chets ne seront plus un probl\u00e8me.<\/span><\/p>\n<p style=\"margin-top:0;margin-right:0;margin-bottom:0;margin-left:0;text-indent:0;text-align:justify\"><span style=\"letter-spacing: 0px;font-family: arial, helvetica, sans-serif;font-size: 16px\"><br \/><\/span><\/p>\n<p style=\"margin-top:0;margin-right:0;margin-bottom:0;margin-left:0;text-indent:0;text-align:justify\"><span style=\"letter-spacing: 0px;font-family: arial, helvetica, sans-serif;font-size: 16px\"><br \/><\/span><\/p>\n<p style=\"text-align:center\"><span style=\"letter-spacing: 0px;font-family: arial, helvetica, sans-serif;font-size: 16px\"><img decoding=\"async\" src=\"https:\/\/www.hommy.com\/wp-content\/uploads\/16013395079190.png\" alt=\"produit-Hommy-img\" title=\"\"><\/span><\/p>\n<p style=\"text-align: left\"><span style=\"letter-spacing: 0px;font-family: arial, helvetica, sans-serif;font-size: 16px\"><br \/><\/span><\/p>\n<p style=\"text-align: left\"><span style=\"letter-spacing: 0px;font-family: arial, helvetica, sans-serif;font-size: 16px\"><\/span><\/p>\n<div class=\"d-tem01-graphic tem01-graphic mockup\" data-detail=\"wrap\">\n<div class=\"cont-section clearfix d-clearfix\">\n<div class=\"col-md-6 col-sm-6 col-xs-6\"><\/p>\n<div class=\"graphic_pic animated wow bounceIn\" data-wow-delay=\".7s\">\n<p style=\"text-align:center\"><img decoding=\"async\" src=\"https:\/\/www.hommy.com\/wp-content\/uploads\/16013395291695.jpg\" alt=\"produit-HM25APL one shot automatic Filling production line-Hommy-img\" title=\"\"><\/p>\n<\/div>\n<\/div>\n<div class=\"col-md-6 col-sm-6 col-xs-6\">\n<div class=\"right-p\">\n<div class=\"h2 heading\">\n<h2 style=\"margin: 0px;text-indent: 0px;text-align: justify\"><strong><span style=\"letter-spacing: 0px;font-family: arial, helvetica, sans-serif;font-size: 24px\"><a name=\"Product Features\"><\/a>Caract\u00e9ristiques du produit :<\/span><\/strong><\/h2>\n<p style=\"margin-top:0;margin-right:0;margin-bottom:0;margin-left:0;text-indent:0;text-align:justify\"><span style=\"letter-spacing: 0px;font-size: 16px;font-family: arial, helvetica, sans-serif\"><br \/><\/span><\/p>\n<p style=\"margin-top:0;margin-right:0;margin-bottom:0;margin-left:0;text-indent:0;text-align:justify\"><span style=\"letter-spacing: 0px;font-size: 16px;font-family: arial, helvetica, sans-serif\">A : machine de remplissage automatique de g\u00e9lules <\/span><\/p>\n<p><span style=\"font-size: 16px;font-family: arial, helvetica, sans-serif\">1. Cette ligne de production que nous concevons se base sur 3000-4000pcs par jour sur la base d'un temps de travail de 8-10 heures, <\/span><\/p>\n<p><span style=\"font-size: 16px;font-family: arial, helvetica, sans-serif\">&nbsp;&nbsp;Un seul homme est charg\u00e9 de le faire fonctionner et de produire une tasse en 6 secondes environ. <\/span><\/p>\n<p style=\"margin-left:0;text-indent:0\"><span style=\"font-size: 16px;font-family: arial, helvetica, sans-serif\">2. Le volume de la tasse peut contenir 72 pi\u00e8ces ( 9 pi\u00e8ces X 8 lignes ). <\/span><\/p>\n<p style=\"margin-left:0;text-indent:0\"><span style=\"font-size: 16px;font-family: arial, helvetica, sans-serif\">3. Ligne de production qui conserve 18pcs cup holder . <\/span><\/p>\n<p style=\"margin-left:0;text-indent:0\"><span style=\"font-size: 16px;font-family: arial, helvetica, sans-serif\">4. Machine \u00e0 injecter connect\u00e9e \u00e0 <a style=\"color:blue\" href=\"https:\/\/www.hommy.com\/fr\/machine-a-glace-molle\/\">machine \u00e0 glace molle<\/a> L'injection directe de cr\u00e8me glac\u00e9e dans le gobelet ne permet pas de faire fondre facilement la cr\u00e8me glac\u00e9e. <\/span><\/p>\n<p style=\"margin-left:0;text-indent:0\"><span style=\"font-family: arial, helvetica, sans-serif;font-size: 16px\">5. papier d'\u00e9tanch\u00e9it\u00e9 chaque rouleau environ 1500pcs<\/span><span style=\"font-family: arial, helvetica, sans-serif;font-size: 13px\"> <\/span><\/p>\n<p style=\"margin-left:0;text-indent:0\"><span style=\"font-size: 16px;font-family: arial, helvetica, sans-serif\">6. Ajouter un timbre par jour .<\/span><\/p>\n<p><span style=\"letter-spacing: 0px;font-size: 16px;font-family: arial, helvetica, sans-serif\">B : machine \u00e0 glace molle &amp; <a style=\"color:blue\" href=\"https:\/\/www.hommy.com\/fr\/machine-a-glace-dure\/\">machine \u00e0 glace dure<\/a> <\/span><\/p>\n<p><span style=\"font-size: 16px;font-family: arial, helvetica, sans-serif\">Nous avons choisi 2 machines HM726 parce que nous ne pouvons pas arr\u00eater la ligne de production pour produire des glaces, nous avons donc besoin d'une machine pour produire des glaces.<\/span><\/p>\n<p><span style=\"font-size: 16px;font-family: arial, helvetica, sans-serif\">&nbsp;produire des lots pour attendre la prochaine injection. <\/span><\/p>\n<p><span style=\"font-family: arial, helvetica, sans-serif;font-size: 16px\"><span style=\"font-family: arial, helvetica, sans-serif\">C :&nbsp;<\/span><span style=\"font-family: arial, helvetica, sans-serif\">F<\/span><span style=\"font-family: arial, helvetica, sans-serif\">ast cold tunnel flow<\/span><\/span><\/p>\n<p><span style=\"font-family: arial, helvetica, sans-serif;font-size: 16px\"><span style=\"font-family: arial, helvetica, sans-serif\">1.&nbsp;&nbsp;<\/span><span style=\"font-family: arial, helvetica, sans-serif\">La machine est \u00e9quip\u00e9e d'un convoyeur en acier inoxydable qui assure un transport secondaire. Le premier convoyeur envoie la cr\u00e8me glac\u00e9e dans le refroidisseur, le second cong\u00e8le la cr\u00e8me glac\u00e9e tout en la transportant.<\/span><\/span><span style=\"font-family: arial, helvetica, sans-serif;font-size: 13px\"> <\/span><\/p>\n<p style=\"margin-left:0;text-indent:0\"><span style=\"font-size: 16px;font-family: arial, helvetica, sans-serif\">2. Le compresseur est plus grand de 5 ph, il peut passer une temp\u00e9rature d'environ -18C. <\/span><\/p>\n<p style=\"margin-left:0;text-indent:0\"><span style=\"font-size: 16px;font-family: arial, helvetica, sans-serif\">3. Ajouter deux fen\u00eatres pour observer si le fonctionnement interne de la machine est normal. <\/span><\/p>\n<p style=\"margin-left:0;text-indent:0\"><span style=\"font-size: 16px;font-family: arial, helvetica, sans-serif\">4. La vitesse du convoyeur peut \u00eatre ajust\u00e9e, peut compl\u00e9ter un cercle en 5-20 minutes, en fonction de votre quantit\u00e9. <\/span><\/p>\n<p style=\"margin-left:0;text-indent:0\"><span style=\"font-size: 16px;font-family: arial, helvetica, sans-serif\">5. Taille de la machine : 1,3 X1,6X0,8m&nbsp;<\/span><\/p>\n<\/div>\n<\/div>\n<p>&nbsp; &nbsp; &nbsp; &nbsp; &nbsp; &nbsp;<\/p><\/div>\n<\/div>\n<\/div>\n<p>Document\uff1a<img decoding=\"async\" src=\"https:\/\/www.hommy.com\/wp-content\/uploads\/icon_pdf-70.gif\" style=\"margin-right: 2px\" alt=\"produit-Hommy-img\" title=\"\"><a href=\"https:\/\/img80002414.weyesimg.com\/uploads\/www.hommy.com\/addon\/16025788495560.pdf\" title=\"16025788495560.pdf\" style=\"font-size: 12px\">16025788495560.pdf<\/a><\/p>\n<h2>Comment pr\u00e9parer une glace maison en 5 minutes ?<\/h2>\n<p style=\"margin-top: 5px;margin-bottom: 5px\">Il s'agit d'une recette de cr\u00e8me glac\u00e9e \u00e0 base d'ingr\u00e9dients frais qui peut \u00eatre r\u00e9alis\u00e9e en moins de 5 minutes. Elle est tr\u00e8s riche et cr\u00e9meuse et a une texture lisse et douce. C'est une g\u00e2terie estivale parfaite, que nous adorons d\u00e9guster apr\u00e8s le d\u00eener par une chaude soir\u00e9e d'\u00e9t\u00e9.J'avais l'habitude de r\u00e9aliser cette recette en mettant simplement tous les ingr\u00e9dients dans un robot de cuisine et en barattant, mais depuis peu, j'utilise un robot de cuisine. <a style=\"color:blue\" href=\"\/fr\/\">machine \u00e0 glace<\/a>.<\/p>\n<p style=\"margin-top: 5px;margin-bottom: 5px\"><\/p>\n<h2>Combien de temps faut-il pour baratter une cr\u00e8me glac\u00e9e ?<\/h2>\n<p style=\"margin-top: 5px;margin-bottom: 5px\">La baratte \u00e0 glace est l'outil le plus important de votre cuisine. C'est lui qui prend les ingr\u00e9dients bruts et les transforme en un d\u00e9lice cr\u00e9meux et d\u00e9licieux.La baratte \u00e0 glace consiste \u00e0 m\u00e9langer lentement de l'air \u00e0 la cr\u00e8me glac\u00e9e pour lui donner une texture lisse. Si vous n'avez pas de batteur sur socle ou de batteur \u00e0 main, il est tr\u00e8s facile de baratter votre cr\u00e8me glac\u00e9e avec une cuill\u00e8re et un bol. Si vous disposez d'un batteur sur socle, d'un batteur \u00e0 main ou d'un batteur sur socle avec un accessoire \u00e0 main, vous devez baratter pendant environ 8 \u00e0 10 minutes, ou jusqu'\u00e0 ce que la cr\u00e8me glac\u00e9e soit lisse et cr\u00e9meuse.<\/p>\n<p style=\"margin-top: 5px;margin-bottom: 5px\"><\/p>\n<h2>Pourquoi ma cr\u00e8me \u00e9paisse est-elle si \u00e9paisse ?<\/h2>\n<p style=\"margin-top: 5px;margin-bottom: 5px\">Je fais ma propre cr\u00e8me \u00e9paisse depuis des ann\u00e9es et j'ai toujours suivi les instructions de cette recette de King Arthur Flour. R\u00e9cemment, je l'ai pr\u00e9par\u00e9e dans un pot en verre et elle n'a jamais \u00e9t\u00e9 trop \u00e9paisse, m\u00eame avec un peu plus d'une tasse de cr\u00e8me. J'ai lu que si vous laissez la cr\u00e8me refroidir, l'eau contenue dans la cr\u00e8me se s\u00e9pare et la cr\u00e8me s'\u00e9paissit. C'est ce que j'ai fait, mais cela n'a pas vraiment \u00e9paissi la cr\u00e8me, cela l'a juste rendue plus \u00e9paisse.<\/p>\n<\/div><\/div>","protected":false},"excerpt":{"rendered":"<p>&nbsp;&nbsp;&nbsp;&nbsp; Capsule Automatic Filling Production Line&nbsp; Capsule Automatic Filling Production Line|Product specification|Product Features &nbsp;&nbsp;&nbsp;&nbsp; We are offering our Capsule Filling Production Line for One-Shot in the best quality at most competitive prices. The offered production line is made of quality tested materials to ensure the smooth and efficient functioning of the production line. Furthermore, the [&hellip;]<\/p>\n","protected":false},"featured_media":1948,"comment_status":"open","ping_status":"open","template":"","meta":{"_swt_meta_header_display":false,"_swt_meta_footer_display":false,"_swt_meta_site_title_display":false,"_swt_meta_sticky_header":false,"_swt_meta_transparent_header":false},"product_brand":[],"product_cat":[86],"product_tag":[],"class_list":{"0":"post-941","1":"product","2":"type-product","3":"status-publish","4":"has-post-thumbnail","6":"product_cat-one-shot-machine","8":"first","9":"instock","10":"shipping-taxable","11":"product-type-simple"},"_links":{"self":[{"href":"https:\/\/www.hommy.com\/fr\/wp-json\/wp\/v2\/product\/941","targetHints":{"allow":["GET"]}}],"collection":[{"href":"https:\/\/www.hommy.com\/fr\/wp-json\/wp\/v2\/product"}],"about":[{"href":"https:\/\/www.hommy.com\/fr\/wp-json\/wp\/v2\/types\/product"}],"replies":[{"embeddable":true,"href":"https:\/\/www.hommy.com\/fr\/wp-json\/wp\/v2\/comments?post=941"}],"wp:featuredmedia":[{"embeddable":true,"href":"https:\/\/www.hommy.com\/fr\/wp-json\/wp\/v2\/media\/1948"}],"wp:attachment":[{"href":"https:\/\/www.hommy.com\/fr\/wp-json\/wp\/v2\/media?parent=941"}],"wp:term":[{"taxonomy":"product_brand","embeddable":true,"href":"https:\/\/www.hommy.com\/fr\/wp-json\/wp\/v2\/product_brand?post=941"},{"taxonomy":"product_cat","embeddable":true,"href":"https:\/\/www.hommy.com\/fr\/wp-json\/wp\/v2\/product_cat?post=941"},{"taxonomy":"product_tag","embeddable":true,"href":"https:\/\/www.hommy.com\/fr\/wp-json\/wp\/v2\/product_tag?post=941"}],"curies":[{"name":"wp","href":"https:\/\/api.w.org\/{rel}","templated":true}]}}