{"id":937,"date":"2024-07-02T17:24:50","date_gmt":"2024-07-02T17:24:50","guid":{"rendered":"http:\/\/localhost\/hommywp\/hm25-one-shot-machine-for-ice-cream-frozen-yogurt-manufacturer\/"},"modified":"2025-09-14T00:52:22","modified_gmt":"2025-09-14T00:52:22","slug":"distributeur-de-desserts-glaces-one-off-machine-a-glace-one-shot","status":"publish","type":"product","link":"https:\/\/www.hommy.com\/fr\/p\/distributeur-de-desserts-glaces-one-off-machine-a-glace-one-shot\/","title":{"rendered":"Hm25 One Shot Machine for Ice Cream, Frozen Yogurt Manufacturer"},"content":{"rendered":"<h2 class=\"wp-block-heading has-text-align-center has-arial-helvetica-sans-serif-font-family\" id=\"One shot ice cream machine\" style=\"font-size:29px;font-style:normal;font-weight:700;letter-spacing:0px\">Machine \u00e0 glace One shot<\/h2>\n\n\n\n<p class=\"has-text-align-center\" style=\"font-size:16px\"><a href=\"#One shot ice cream machine\" target=\"_self\" rel=\"noopener\" data-lv=\"0\">Machine \u00e0 glace One shot<\/a>|<a href=\"#Product specification\" target=\"_self\" rel=\"noopener\" data-lv=\"0\">Sp\u00e9cification du produit<\/a>|<a href=\"#Product Features\" target=\"_self\" rel=\"noopener\" data-lv=\"0\">Caract\u00e9ristiques du produit<\/a>|<a href=\"#Product Advantage\" target=\"_self\" rel=\"noopener\" data-lv=\"0\">Avantages du produit<\/a><\/p>\n\n\n\n<p class=\"has-text-align-center\">Les cr\u00e8mes glac\u00e9es One shot disponibles sur le march\u00e9 sont trait\u00e9es avec le plus grand soin afin d'y ajouter la quantit\u00e9 d'ar\u00f4mes souhait\u00e9e. Les cr\u00e8mes glac\u00e9es One shot ne contiennent aucun conservateur. Il s'agit uniquement d'une combinaison de fruits et d'autres ar\u00f4mes naturels. Les cr\u00e8mes glac\u00e9es \"one shot\" sont fabriqu\u00e9es \u00e0 partir de produits laitiers de la meilleure qualit\u00e9 possible afin de garantir leur fra\u00eecheur et leur go\u00fbt.<\/p>\n\n\n\n<h2 class=\"wp-block-heading has-arial-helvetica-sans-serif-font-family\" id=\"Product specification\" style=\"font-size:24px;font-style:normal;font-weight:700\">Sp\u00e9cification du produit :<\/h2>\n\n\n\n<p class=\"has-arial-helvetica-sans-serif-font-family\" style=\"font-size:16px\">La machine One-Shot a chang\u00e9 toutes les r\u00e8gles de distribution des desserts glac\u00e9s, y compris la cr\u00e8me glac\u00e9e et le yaourt glac\u00e9. ...... La machine One-Shot a vraiment chang\u00e9 la donne. Il n'est plus n\u00e9cessaire de s'enfermer dans l'h\u00e9ritage de la technologie des desserts glac\u00e9s, et vous pouvez \u00e9galement r\u00e9duire les complications de la fabrique de cr\u00e8me glac\u00e9e. Le cauchemar de la d\u00e9sinfection, la mont\u00e9e en fl\u00e8che des co\u00fbts \u00e9nerg\u00e9tiques, la qualit\u00e9 variable, l'int\u00e9grit\u00e9 du produit et les d\u00e9chets importants ne seront plus un probl\u00e8me.<\/p>\n\n\n\n<figure class=\"wp-block-image aligncenter size-full\"><img loading=\"lazy\" decoding=\"async\" width=\"590\" height=\"800\" src=\"https:\/\/www.hommy.com\/wp-content\/uploads\/HM25op-6.jpg\" alt=\"\" class=\"wp-image-2604\" title=\"\" srcset=\"https:\/\/www.hommy.com\/wp-content\/uploads\/HM25op-6.jpg 590w, https:\/\/www.hommy.com\/wp-content\/uploads\/HM25op-6-221x300.jpg 221w, https:\/\/www.hommy.com\/wp-content\/uploads\/HM25op-6-9x12.jpg 9w\" sizes=\"auto, (max-width: 590px) 100vw, 590px\" \/><\/figure>\n\n\n\n<div style=\"height:100px\" aria-hidden=\"true\" class=\"wp-block-spacer\"><\/div>\n\n\n\n<div class=\"wp-block-columns is-layout-flex wp-container-core-columns-is-layout-28f84493 wp-block-columns-is-layout-flex\">\n<div class=\"wp-block-column is-layout-flow wp-block-column-is-layout-flow\">\n<figure class=\"wp-block-image aligncenter size-full\"><img loading=\"lazy\" decoding=\"async\" width=\"600\" height=\"645\" src=\"https:\/\/www.hommy.com\/wp-content\/uploads\/HM25_new_mainpic.jpg\" alt=\"\" class=\"wp-image-2598\" title=\"\" srcset=\"https:\/\/www.hommy.com\/wp-content\/uploads\/HM25_new_mainpic.jpg 600w, https:\/\/www.hommy.com\/wp-content\/uploads\/HM25_new_mainpic-279x300.jpg 279w, https:\/\/www.hommy.com\/wp-content\/uploads\/HM25_new_mainpic-11x12.jpg 11w\" sizes=\"auto, (max-width: 600px) 100vw, 600px\" \/><\/figure>\n<\/div>\n\n\n\n<div class=\"wp-block-column is-layout-flow wp-block-column-is-layout-flow\">\n<h2 class=\"wp-block-heading has-arial-helvetica-sans-serif-font-family\" id=\"Product Features\" style=\"font-size:24px;font-style:normal;font-weight:700\">Caract\u00e9ristiques du produit\uff1a<\/h2>\n\n\n\n<ul style=\"font-size:19px\" class=\"wp-block-list has-arial-helvetica-sans-serif-font-family\">\n<li>\u00c9quipements peu co\u00fbteux.<\/li>\n\n\n\n<li>Convivialit\u00e9.<\/li>\n\n\n\n<li>Pas de d\u00e9sordre, pas de nettoyage, pas de d\u00e9chets.<\/li>\n\n\n\n<li>Sans danger pour l'utilisateur.<\/li>\n\n\n\n<li>Retour rapide sur investissement pour l'\u00e9quipement.<\/li>\n\n\n\n<li>n'utiliser que l'alimentation 24V .&nbsp;<\/li>\n<\/ul>\n<\/div>\n<\/div>\n\n\n\n<p class=\"has-arial-helvetica-sans-serif-font-family\" style=\"font-size:16px\">Le nouveau monde des machines One-Shot peut vous aider \u00e0 combiner le profit avec l'int\u00e9grit\u00e9 du produit.<\/p>\n\n\n\n<h2 class=\"wp-block-heading has-arial-helvetica-sans-serif-font-family\" id=\"Product Advantage\" style=\"font-size:24px;font-style:normal;font-weight:700\">Avantage du produit :<\/h2>\n\n\n\n<p class=\"has-arial-helvetica-sans-serif-font-family\">1. Nous avons deux types de gobelets \u00e0 votre disposition : HM25-C et HM26-C. Le HM25-C ne peut \u00eatre utilis\u00e9 qu'une seule fois. Le HM25-C ne peut \u00eatre utilis\u00e9 qu'une seule fois, le HM26-C peut \u00eatre utilis\u00e9 2 ou 3 fois.<\/p>\n\n\n\n<figure class=\"wp-block-image aligncenter size-large\"><img decoding=\"async\" src=\"https:\/\/www.hommy.com\/wp-content\/uploads\/16012590642288.png\" alt=\"product-Hommy-one-shot ice cream dispenser for sale-img\" style=\"object-fit:cover\" title=\"\"><\/figure>\n\n\n\n<p class=\"has-arial-helvetica-sans-serif-font-family\">2. Cette machine est aliment\u00e9e en 24V, nous utilisons un adaptateur \u00e9lectrique pour 110V, 220V, 240V.<\/p>\n\n\n\n<figure class=\"wp-block-image aligncenter size-full\"><img loading=\"lazy\" decoding=\"async\" width=\"360\" height=\"800\" src=\"https:\/\/www.hommy.com\/wp-content\/uploads\/HM25op-4.jpg\" alt=\"\" class=\"wp-image-2602\" title=\"\" srcset=\"https:\/\/www.hommy.com\/wp-content\/uploads\/HM25op-4.jpg 360w, https:\/\/www.hommy.com\/wp-content\/uploads\/HM25op-4-135x300.jpg 135w, https:\/\/www.hommy.com\/wp-content\/uploads\/HM25op-4-5x12.jpg 5w\" sizes=\"auto, (max-width: 360px) 100vw, 360px\" \/><\/figure>\n\n\n\n<p style=\"font-size:19px\">3.\u00a0\u00a0 Les capsules sont produites en usine directement dans la machine et press\u00e9es. La main de l'op\u00e9rateur n'a pas touch\u00e9 la glace, il n'y a donc pas de condition sp\u00e9cifique pour le placement.<\/p>\n\n\n\n<figure class=\"wp-block-image aligncenter size-full\"><img loading=\"lazy\" decoding=\"async\" width=\"360\" height=\"800\" src=\"https:\/\/www.hommy.com\/wp-content\/uploads\/HM25op-3.jpg\" alt=\"\" class=\"wp-image-2601\" style=\"object-fit:cover\" title=\"\" srcset=\"https:\/\/www.hommy.com\/wp-content\/uploads\/HM25op-3.jpg 360w, https:\/\/www.hommy.com\/wp-content\/uploads\/HM25op-3-135x300.jpg 135w, https:\/\/www.hommy.com\/wp-content\/uploads\/HM25op-3-5x12.jpg 5w\" sizes=\"auto, (max-width: 360px) 100vw, 360px\" \/><\/figure>\n\n\n\n<figure class=\"wp-block-gallery has-nested-images columns-default is-cropped wp-block-gallery-1 is-layout-flex wp-block-gallery-is-layout-flex\">\n<figure class=\"wp-block-image size-large\"><img loading=\"lazy\" decoding=\"async\" width=\"360\" height=\"800\" data-id=\"2600\" src=\"https:\/\/www.hommy.com\/wp-content\/uploads\/HM25op-2.jpg\" alt=\"\" class=\"wp-image-2600\" title=\"\" srcset=\"https:\/\/www.hommy.com\/wp-content\/uploads\/HM25op-2.jpg 360w, https:\/\/www.hommy.com\/wp-content\/uploads\/HM25op-2-135x300.jpg 135w, https:\/\/www.hommy.com\/wp-content\/uploads\/HM25op-2-5x12.jpg 5w\" sizes=\"auto, (max-width: 360px) 100vw, 360px\" \/><\/figure>\n\n\n\n<figure class=\"wp-block-image size-large\"><img loading=\"lazy\" decoding=\"async\" width=\"600\" height=\"800\" data-id=\"2603\" src=\"https:\/\/www.hommy.com\/wp-content\/uploads\/HM25op-5.jpg\" alt=\"\" class=\"wp-image-2603\" title=\"\" srcset=\"https:\/\/www.hommy.com\/wp-content\/uploads\/HM25op-5.jpg 600w, https:\/\/www.hommy.com\/wp-content\/uploads\/HM25op-5-225x300.jpg 225w, https:\/\/www.hommy.com\/wp-content\/uploads\/HM25op-5-9x12.jpg 9w\" sizes=\"auto, (max-width: 600px) 100vw, 600px\" \/><\/figure>\n\n\n\n<figure class=\"wp-block-image size-large\"><img loading=\"lazy\" decoding=\"async\" width=\"800\" height=\"520\" data-id=\"2599\" src=\"https:\/\/www.hommy.com\/wp-content\/uploads\/HM25op-1.jpg\" alt=\"\" class=\"wp-image-2599\" title=\"\" srcset=\"https:\/\/www.hommy.com\/wp-content\/uploads\/HM25op-1.jpg 800w, https:\/\/www.hommy.com\/wp-content\/uploads\/HM25op-1-300x195.jpg 300w, https:\/\/www.hommy.com\/wp-content\/uploads\/HM25op-1-768x499.jpg 768w, https:\/\/www.hommy.com\/wp-content\/uploads\/HM25op-1-18x12.jpg 18w, https:\/\/www.hommy.com\/wp-content\/uploads\/HM25op-1-600x390.jpg 600w\" sizes=\"auto, (max-width: 800px) 100vw, 800px\" \/><\/figure>\n<\/figure>\n\n\n\n<figure class=\"wp-block-image aligncenter size-large\"><img decoding=\"async\" src=\"https:\/\/www.hommy.com\/wp-content\/uploads\/16012592586627.png\" alt=\"produit-Hommy-img\" title=\"\"><\/figure>\n\n\n\n<div class=\"wp-block-file\"><a id=\"wp-block-file--pdf-1\" href=\"https:\/\/img80002414.weyesimg.com\/uploads\/www.hommy.com\/addon\/16026420112105.pdf\">16026420112105.pdf<\/a><a href=\"https:\/\/img80002414.weyesimg.com\/uploads\/www.hommy.com\/addon\/16026420112105.pdf\" class=\"wp-block-file__button wp-element-button\" download aria-describedby=\"wp-block-file--pdf-1\">\u4e0b\u8f09<\/a><\/div>\n\n\n<div id=\"rank-math-faq\" class=\"rank-math-block\">\n<div class=\"rank-math-list\">\n<div id=\"faq-question-166851911\" class=\"rank-math-list-item\">\n<h3 class=\"rank-math-question\">Que se passe-t-il si vous fouettez du babeurre ?<\/h3>\n<div class=\"rank-math-answer\">\n\n<p>La diff\u00e9rence fondamentale entre une cr\u00e8me laiti\u00e8re et une cr\u00e8me non laiti\u00e8re est que la mati\u00e8re grasse contenue dans la cr\u00e8me laiti\u00e8re a un point de fusion d'environ 56 degr\u00e9s, ce qui est plus \u00e9lev\u00e9 que celui de l'eau contenue dans le babeurre ou le yaourt. Cela signifie que si vous fouettez la cr\u00e8me, la mati\u00e8re grasse sera fouett\u00e9e et ne se s\u00e9parera pas si vous la battez pendant quelques minutes seulement.<\/p>\n\n<\/div>\n<\/div>\n<div id=\"faq-question-166851912\" class=\"rank-math-list-item\">\n<h3 class=\"rank-math-question\">Comment mixer de la glace dans un mixeur ?<\/h3>\n<div class=\"rank-math-answer\">\n\n<p>J'ai essay\u00e9 plusieurs m\u00e9thodes, mais aucune d'entre elles ne fonctionne correctement. J'ai essay\u00e9 de m\u00e9langer de la glace au cong\u00e9lateur et cela se transforme en gadoue. J'ai essay\u00e9 de m\u00e9langer de la glace, puis de la laisser au cong\u00e9lateur pendant la nuit, mais je dois la gratter le lendemain et il fait trop froid. J'ai essay\u00e9 de m\u00e9langer de la glace, puis de la mettre dans un m\u00e9langeur pour qu'elle refroidisse, mais je dois ajouter de l'eau au m\u00e9langeur pour le faire fonctionner.<\/p>\n\n<\/div>\n<\/div>\n<div id=\"faq-question-166851913\" class=\"rank-math-list-item\">\n<h3 class=\"rank-math-question\">Quel ingr\u00e9dient rend la cr\u00e8me glac\u00e9e plus cr\u00e9meuse ?<\/h3>\n<div class=\"rank-math-answer\">\n\n<p>La base de la cr\u00e8me glac\u00e9e est constitu\u00e9e de graisse ou de cr\u00e8me \u00e9mulsionn\u00e9e (par m\u00e9lange avec de l'eau ou du lait) qui est ensuite congel\u00e9e. Elle peut avoir diff\u00e9rentes consistances, de molle \u00e0 ferme, en fonction de la teneur en mati\u00e8res grasses et de la quantit\u00e9 d'air incorpor\u00e9e au cours du processus de cong\u00e9lation, l'air contribuant \u00e0 donner \u00e0 la cr\u00e8me glac\u00e9e sa texture et son go\u00fbt.<\/p>\n\n<\/div>\n<\/div>\n<\/div>\n<\/div>","protected":false},"excerpt":{"rendered":"<p>One shot ice cream machine One shot ice cream machine|Product specification|Product Features|Product Advantage The One shot ice creams available in the market are being processed with the utmost care to add the desired amount of flavours. One shot ice creams do not contain any preservatives. It is only a combination of fruit and other natural [&hellip;]<\/p>\n","protected":false},"featured_media":2598,"comment_status":"open","ping_status":"open","template":"","meta":{"_swt_meta_header_display":false,"_swt_meta_footer_display":false,"_swt_meta_site_title_display":false,"_swt_meta_sticky_header":false,"_swt_meta_transparent_header":false},"product_brand":[],"product_cat":[86],"product_tag":[],"class_list":{"0":"post-937","1":"product","2":"type-product","3":"status-publish","4":"has-post-thumbnail","6":"product_cat-one-shot-machine","8":"first","9":"instock","10":"shipping-taxable","11":"product-type-simple"},"_links":{"self":[{"href":"https:\/\/www.hommy.com\/fr\/wp-json\/wp\/v2\/product\/937","targetHints":{"allow":["GET"]}}],"collection":[{"href":"https:\/\/www.hommy.com\/fr\/wp-json\/wp\/v2\/product"}],"about":[{"href":"https:\/\/www.hommy.com\/fr\/wp-json\/wp\/v2\/types\/product"}],"replies":[{"embeddable":true,"href":"https:\/\/www.hommy.com\/fr\/wp-json\/wp\/v2\/comments?post=937"}],"wp:featuredmedia":[{"embeddable":true,"href":"https:\/\/www.hommy.com\/fr\/wp-json\/wp\/v2\/media\/2598"}],"wp:attachment":[{"href":"https:\/\/www.hommy.com\/fr\/wp-json\/wp\/v2\/media?parent=937"}],"wp:term":[{"taxonomy":"product_brand","embeddable":true,"href":"https:\/\/www.hommy.com\/fr\/wp-json\/wp\/v2\/product_brand?post=937"},{"taxonomy":"product_cat","embeddable":true,"href":"https:\/\/www.hommy.com\/fr\/wp-json\/wp\/v2\/product_cat?post=937"},{"taxonomy":"product_tag","embeddable":true,"href":"https:\/\/www.hommy.com\/fr\/wp-json\/wp\/v2\/product_tag?post=937"}],"curies":[{"name":"wp","href":"https:\/\/api.w.org\/{rel}","templated":true}]}}