{"id":929,"date":"2024-07-02T17:24:45","date_gmt":"2024-07-02T17:24:45","guid":{"rendered":"http:\/\/localhost\/hommywp\/sd-216-hot-sale-display-showcase-freezer-for-one-shot-machine\/"},"modified":"2025-08-01T09:57:46","modified_gmt":"2025-08-01T09:57:46","slug":"congelateur-dexposition-de-creme-glacee-commerciale-congelateur-dexposition-de-creme-glacee-commerciale-a-porte-vitree-incurvee","status":"publish","type":"product","link":"https:\/\/www.hommy.com\/fr\/p\/congelateur-dexposition-de-creme-glacee-commerciale-congelateur-dexposition-de-creme-glacee-commerciale-a-porte-vitree-incurvee\/","title":{"rendered":"Sd 216 Hot Sale Display Showcase Freezer For One-Shot Machine"},"content":{"rendered":"<div>\n<p style=\"text-align: center\"><\/p>\n<p style=\"text-align: center\"><\/p>\n<h2 style=\"text-align: center\"><strong><span style=\"font-family: arial, helvetica, sans-serif;font-size: 29px;letter-spacing: 0px\"><a name=\"One-shot display showcase freezer\"><\/a>Vitrine en un coup d'\u0153il cong\u00e9lateur<\/span><\/strong><br \/><\/h2>\n<p style=\"text-align: center\"><a href=\"#One-shot display showcase freezer\" target=\"_self\" data-lv=\"0\" rel=\"noopener\"><span style=\"font-size: 16px\">Vitrine en un coup d'\u0153il cong\u00e9lateur<\/span><\/a><span style=\"font-size: 16px\">|<a href=\"#Product specification\" target=\"_self\" data-lv=\"0\" rel=\"noopener\">Sp\u00e9cification du produit<\/a>|<a href=\"#Product Features\" target=\"_self\" data-lv=\"0\" rel=\"noopener\">Caract\u00e9ristiques du produit<\/a>|<a href=\"#PRODUCT ADVANTAGE\" target=\"_self\" data-lv=\"0\" rel=\"noopener\">AVANTAGE DU PRODUIT<\/a>|<a href=\"#Suitable size|Classification basin\" target=\"_self\" data-lv=\"0\" rel=\"noopener\">Taille appropri\u00e9e|Bassin de classification<\/a><\/span><\/p>\n<p style=\"text-align: left\"><\/p>\n<p style=\"text-align: center\"><span style=\"font-size: 24px;text-align: left\">&nbsp;<\/span><\/p>\n<p><span style=\"font-size: 24px;text-align: left\"><\/span><\/p>\n<p style=\"margin-top:0;margin-right:0;margin-bottom:0;margin-left:0;text-indent:0;text-align:justify\"><span style=\"font-size: 24px\"><strong><span style=\"letter-spacing: 0px;font-family: arial, helvetica, sans-serif\"><\/span><\/strong><\/span><\/p>\n<p>Le cong\u00e9lateur vitrine propos\u00e9 est d\u00e9velopp\u00e9 en utilisant des mat\u00e9riaux de haute qualit\u00e9 qui assurent une grande durabilit\u00e9. De plus, ce cong\u00e9lateur vitrine est con\u00e7u par nos professionnels en vue de le fournir \u00e0 un prix comp\u00e9titif. De plus, ce cong\u00e9lateur vitrine est disponible en diff\u00e9rentes tailles et conceptions selon les exigences des clients.<\/p>\n<p style=\"margin-top:0;margin-right:0;margin-bottom:0;margin-left:0;text-indent:0;text-align:justify\"><span style=\"font-size: 24px\"><strong><span style=\"letter-spacing: 0px;font-family: arial, helvetica, sans-serif\"><\/span><\/strong><\/span><\/p>\n<h2 style=\"margin: 0px;text-indent: 0px;text-align: justify\"><span style=\"font-size: 24px\"><strong><span style=\"letter-spacing: 0px;font-family: arial, helvetica, sans-serif\"><a name=\"Product specification\"><\/a>Sp\u00e9cification du produit\uff1a<\/span><\/strong><\/span><span style=\"letter-spacing: 0px;font-size: 16px;font-family: arial, helvetica, sans-serif\"> <\/span><\/h2>\n<p style=\"margin-top:0;margin-right:0;margin-bottom:0;margin-left:0;text-indent:0;text-align:justify\"><span style=\"letter-spacing: 0px;font-size: 16px;font-family: arial, helvetica, sans-serif\">Ce cong\u00e9lateur commercial pour cr\u00e8me glac\u00e9e peut \u00eatre l'\u00e9quipement n\u00e9cessaire \u00e0 une usine ou \u00e0 un petit magasin.<\/span><\/p>\n<p style=\"margin-top:0;margin-right:0;margin-bottom:0;margin-left:0;text-indent:0;text-align:justify\"><span style=\"letter-spacing: 0px;font-size: 16px;font-family: arial, helvetica, sans-serif\">Apr\u00e8s avoir termin\u00e9 la fabrication de la glace et l'avoir emball\u00e9e dans le gobelet, le commer\u00e7ant peut envoyer le gobelet dans la petite glaci\u00e8re.<\/span><\/p>\n<p style=\"margin-top:0;margin-right:0;margin-bottom:0;margin-left:0;text-indent:0;text-align:justify\"><span style=\"letter-spacing: 0px;font-size: 16px;font-family: arial, helvetica, sans-serif\">afficher le cong\u00e9lateur \u00e0 diff\u00e9rents endroits.<\/span><\/p>\n<p style=\"margin-top:0;margin-right:0;margin-bottom:0;margin-left:0;text-indent:0;text-align:justify\"><span style=\"letter-spacing: 0px;font-size: 16px;font-family: arial, helvetica, sans-serif\"><br \/><\/span><\/p>\n<p><span style=\"font-size: 24px;text-align: left\"><\/span><\/p>\n<table class=\"table table-bordered table-hover\" width=\"747\">\n<tbody>\n<tr class=\"firstRow\">\n<td width=\"80\" valign=\"center\" style=\"line-height: 1.42857\">\n<p style=\"text-align: center\">Mod\u00e8le<\/p>\n<\/td>\n<td width=\"128\" valign=\"center\" style=\"line-height: 1.42857\">\n<p style=\"text-align: center\">Dimension (mm)<\/p>\n<\/td>\n<td width=\"73\" valign=\"center\" style=\"line-height: 1.42857\">\n<p style=\"text-align: center\">Capacit\u00e9 du cong\u00e9lateur<\/p>\n<\/td>\n<td width=\"195\" valign=\"center\" style=\"line-height: 1.42857\">\n<p style=\"text-align: center\">Consommation \u00e9lectrique&nbsp;<br \/>&nbsp; &nbsp; &nbsp;(kw.h\/24h)<\/p>\n<\/td>\n<td width=\"197\" valign=\"center\" style=\"line-height: 1.42857\">\n<p style=\"text-align: center\">Consommation \u00e9lectrique&nbsp;<br \/>&nbsp; &nbsp; &nbsp;(kw.h\/24h)<\/p>\n<\/td>\n<td width=\"109\" valign=\"center\" style=\"line-height: 1.42857\">\n<p style=\"text-align: center\">Temp\u00e9rature<\/p>\n<\/td>\n<td width=\"96\" valign=\"center\" style=\"line-height: 1.42857\">\n<p style=\"text-align: center\">R\u00e9frig\u00e9rant<\/p>\n<\/td>\n<\/tr>\n<tr>\n<td width=\"80\" valign=\"center\" style=\"line-height: 1.42857\">\n<p style=\"text-align: center\">SD-216<\/p>\n<\/td>\n<td width=\"128\" valign=\"center\" style=\"line-height: 1.42857\">\n<p style=\"text-align: center\">625*755*1100<\/p>\n<\/td>\n<td width=\"73\" valign=\"center\" style=\"line-height: 1.42857\">\n<p style=\"text-align: center\">163L<\/p>\n<\/td>\n<td width=\"195\" valign=\"center\" style=\"line-height: 1.42857\">\n<p style=\"text-align: center\">1.50<\/p>\n<\/td>\n<td width=\"197\" valign=\"center\" style=\"line-height: 1.42857\">\n<p style=\"text-align: center\">55<\/p>\n<\/td>\n<td width=\"109\" valign=\"center\" style=\"line-height: 1.42857\">\n<p style=\"text-align: center\">-18\u22640\u226410<\/p>\n<\/td>\n<td width=\"96\" valign=\"center\" style=\"line-height: 1.42857\">\n<p style=\"text-align: center\">134a<\/p>\n<\/td>\n<\/tr>\n<\/tbody>\n<\/table>\n<p><span style=\"font-size: 24px\">&nbsp;<\/span><\/p>\n<div class=\"d-tem11-graphic tem11-graphic mockup\" data-detail=\"wrap\">\n<div class=\"tab_row\">\n<div class=\"img\" style=\"width: 50%\">\n<p style=\"text-align:center\"><\/p>\n<p style=\"text-align:center\"><img loading=\"lazy\" decoding=\"async\" title=\"\" alt=\"produit-Hommy-img\" src=\"https:\/\/www.hommy.com\/wp-content\/uploads\/16012694865063.jpg\" width=\"500\" height=\"300\" border=\"0\" vspace=\"0\" style=\"width: 500px;height: 300px\"><\/p>\n<\/div>\n<div class=\"text_box\" style=\"width: 50%\">\n<div class=\"txt\">\n<div class=\"title\">\n<h2><span style=\"font-family: arial, helvetica, sans-serif\"><strong><span style=\"font-size: 29px;letter-spacing: 0px\"><a name=\"Product Features\"><\/a>Caract\u00e9ristiques du produit\uff1a<\/span><\/strong><\/span><\/h2>\n<\/div>\n<p>&nbsp;<\/p>\n<p style=\"text-indent: 0\"><span style=\"font-family: Arial;letter-spacing: 0;font-size: 14px\">En outre, des ing\u00e9nieurs hautement qualifi\u00e9s, des technologues comp\u00e9tents et un personnel bien inform\u00e9 contribuent largement au d\u00e9veloppement de l'entreprise.<\/span><\/p>\n<p style=\"text-indent: 0\"><span style=\"font-family: Arial;letter-spacing: 0;font-size: 14px\"><\/span><\/p>\n<p style=\"text-indent: 0\"><span style=\"font-family: Arial;letter-spacing: 0;font-size: 14px\">1. Mousse int\u00e9grale de la couche de mousse plus uniforme et plus compacte pour un meilleur effet d'isolation.&nbsp;<\/span><\/p>\n<p style=\"text-indent: 0\"><span style=\"font-family: Arial;letter-spacing: 0;font-size: 14px\">2. Enroulement des tubes pour l'ensemble de l'armoire, tr\u00e8s serr\u00e9 et compact entre chaque couche.&nbsp;<\/span><\/p>\n<p style=\"text-indent: 0\"><span style=\"font-family: Arial;letter-spacing: 0;font-size: 14px\">3. Le syst\u00e8me de r\u00e9frig\u00e9ration raisonnable et scientifique fournit une puissance \u00e9lev\u00e9e et une faible consommation d'\u00e9nergie.&nbsp;<\/span><\/p>\n<p style=\"text-indent: 0\"><span style=\"font-family: Arial;letter-spacing: 0;font-size: 14px\">4. Porte en verre tremp\u00e9 rev\u00eatu pour un meilleur affichage et un meilleur effet d'isolation, tout en garantissant un toucher s\u00fbr.&nbsp;<\/span><\/p>\n<p style=\"text-indent: 0\"><span style=\"font-family: Arial;letter-spacing: 0;font-size: 14px\">5. Rail de porte lisse pour une ouverture et une fermeture faciles.&nbsp;<\/span><\/p>\n<p style=\"text-indent: 0\"><span style=\"font-family: Arial;letter-spacing: 0;font-size: 14px\">6. Compresseur de marque \u00e0 forte puissance et \u00e0 haut rendement.&nbsp;<\/span><\/p>\n<p style=\"text-indent: 0\"><span style=\"font-family: Arial;letter-spacing: 0;font-size: 14px\">7. \u00c9quip\u00e9 de paniers r\u00e9glables pour une utilisation optimale de l'espace.&nbsp;<\/span><\/p>\n<p><span style=\"font-family:\u5b8b\u4f53;font-size:16px\">8.<\/span><span style=\"font-family:Calibri;font-size:16px\">Contr\u00f4le de la temp\u00e9rature en option, tr\u00e8s pratique \u00e0 utiliser ;<\/span><span style=\"font-family:Calibri;font-size:16px\"><br \/><\/span><span style=\"font-family:\u5b8b\u4f53;font-size:16px\">9.<\/span><span style=\"font-family:Calibri;font-size:16px\">Corps entier avec graphisme publicitaire selon vos besoins.<\/span><span style=\"font-family:Calibri;font-size:16px\"><br \/><\/span><span style=\"font-family:\u5b8b\u4f53;font-size:16px\">10. <\/span><span style=\"font-family:Calibri;font-size:16px\">Roues faciles \u00e0 d\u00e9placer ;<\/span><\/p>\n<\/div>\n<\/div>\n<\/div>\n<\/div>\n<p>&nbsp;<\/p>\n<h2><strong><span style=\"font-size: 24px\"><a name=\"PRODUCT ADVANTAGE\"><\/a>AVANTAGE DU PRODUIT<\/span><\/strong><\/h2>\n<p><span style=\"font-size: 16px;font-family: arial, helvetica, sans-serif\">En outre, des ing\u00e9nieurs hautement qualifi\u00e9s, des technologues comp\u00e9tents et un personnel bien inform\u00e9 contribuent largement au d\u00e9veloppement de l'entreprise.<\/span><\/p>\n<p><span style=\"font-size: 24px\"><\/span><\/p>\n<p>&nbsp; &nbsp; &nbsp; &nbsp; &nbsp; &nbsp;<\/p>\n<div class=\"d-tem01-graphic tem01-graphic mockup\" data-detail=\"wrap\">\n<div class=\"cont-section clearfix d-clearfix\">\n<div class=\"col-md-6 col-sm-6 col-xs-6\">\n<div class=\"right-p\">\n<h2><strong><span style=\"font-size: 24px;font-family: arial, helvetica, sans-serif\"><a name=\"Suitable size\"><\/a>Taille adapt\u00e9e<\/span><\/strong><\/h2>\n<p><\/p>\n<p style=\"margin-top:0;margin-right:0;margin-bottom:0;margin-left:0\"><span style=\"font-size: 16px\"><span style=\"font-family: Arial;letter-spacing: 0px\">La structure de la vitrine est simple et raisonnable, l'effet de ventilation est tr\u00e8s bon,<\/span><span style=\"font-family: Arial;letter-spacing: 0px\">la taille de la vitrine d'affichage est r\u00e9duite.<\/span><\/span><\/p>\n<p><\/p>\n<p><\/p>\n<p><\/p>\n<p><\/p>\n<\/div>\n<div class=\"graphic_pic animated wow bounceIn\" data-wow-delay=\".7s\">\n<p style=\"text-align:center\"><img loading=\"lazy\" decoding=\"async\" src=\"https:\/\/www.hommy.com\/wp-content\/uploads\/16012694322123.jpg\" alt=\"produit-SD 216 one shot display showcase freezer-Hommy-img\" title=\"\" width=\"350\" height=\"637\" border=\"0\" vspace=\"0\" style=\"width: 350px;height: 637px\"><\/p>\n<\/div>\n<\/div>\n<div class=\"col-md-6 col-sm-6 col-xs-6\">\n<div class=\"right-p\">\n<h2><strong><span style=\"font-size: 24px;font-family: arial, helvetica, sans-serif\"><a name=\"Classification basin\"><\/a>Bassin de classification<\/span><\/strong><\/h2>\n<p><\/p>\n<p style=\"margin-top:0;margin-right:0;margin-bottom:0;margin-left:0\"><span style=\"font-size: 16px;font-family: arial, helvetica, sans-serif\">L'\u00e9talage \u00e0 l'int\u00e9rieur a 2 bassins de classification pour s\u00e9parer les diff\u00e9rents produits, ce qui peut faciliter la vente pour le client.<\/span><\/p>\n<p style=\"margin-top:0;margin-right:0;margin-bottom:0;margin-left:0\"><span style=\"font-family:Calibri;font-size:16px\"><br \/><\/span><\/p>\n<p><\/p>\n<p><\/p>\n<p><\/p>\n<p style=\"text-align:center\"><\/p>\n<p style=\"text-align:center\"><img loading=\"lazy\" decoding=\"async\" src=\"https:\/\/www.hommy.com\/wp-content\/uploads\/15794966926267.jpg\" alt=\"produit-Hommy-img\" title=\"\" width=\"350\" height=\"458\" border=\"0\" vspace=\"0\" style=\"width: 350px;height: 458px\"><\/p>\n<p><span>&nbsp; &nbsp; &nbsp; &nbsp; &nbsp; &nbsp; &nbsp;<\/span><\/p>\n<\/div>\n<\/div>\n<\/div>\n<\/div>\n<p>Document\uff1a<img decoding=\"async\" src=\"https:\/\/www.hommy.com\/wp-content\/uploads\/icon_pdf-68.gif\" style=\"margin-right: 2px\" alt=\"produit-Hommy-img\" title=\"\"><a href=\"https:\/\/img80002414.weyesimg.com\/uploads\/www.hommy.com\/addon\/16026409838814.pdf\" title=\"16026409838814.pdf\" style=\"font-size: 12px\">16026409838814.pdf<\/a>&nbsp; &nbsp; &nbsp; &nbsp;&nbsp;<\/p>\n<h2>La distribution d'eau est-elle rentable ?<\/h2>\n<p style=\"margin-top: 5px;margin-bottom: 5px\"><\/p>\n<p style=\"margin-top: 5px;margin-bottom: 5px\">La distribution d'eau est une bonne id\u00e9e si l'on sait comment s'y prendre. Il y a de nombreuses fa\u00e7ons de gagner de l'argent, et il y a encore plus de fa\u00e7ons d'en perdre.<\/p>\n<p style=\"margin-top: 5px;margin-bottom: 5px\"><\/p>\n<p style=\"margin-top: 5px;margin-bottom: 5px\">Dans cet article, nous vous montrerons comment gagner de l'argent avec la distribution d'eau et nous vous expliquerons quelles sont les strat\u00e9gies de distribution d'eau les plus rentables.<\/p>\n<p style=\"margin-top: 5px;margin-bottom: 5px\"><\/p>\n<p style=\"margin-top: 5px;margin-bottom: 5px\">Si vous \u00eates d\u00e9j\u00e0 en activit\u00e9, on vous a peut-\u00eatre propos\u00e9 une id\u00e9e de distributeur d'eau et vous voulez savoir si elle peut vous rapporter de l'argent.<\/p>\n<p style=\"margin-top: 5px;margin-bottom: 5px\"><\/p>\n<p style=\"margin-top: 5px;margin-bottom: 5px\"><\/p>\n<h2>Les distributeurs d'eau sont-ils rentables ?<\/h2>\n<p style=\"margin-top: 5px;margin-bottom: 5px\"><\/p>\n<p style=\"margin-top: 5px;margin-bottom: 5px\">Un distributeur automatique d'eau pourrait \u00eatre la prochaine grande nouveaut\u00e9 dans le domaine de la distribution automatique.<\/p>\n<p style=\"margin-top: 5px;margin-bottom: 5px\"><\/p>\n<p style=\"margin-top: 5px;margin-bottom: 5px\">L'eau est un bien pr\u00e9cieux, en particulier aux \u00c9tats-Unis, o\u00f9 les habitants sont souvent contraints de payer des prix exorbitants pour l'obtenir.<\/p>\n<p style=\"margin-top: 5px;margin-bottom: 5px\"><\/p>\n<p style=\"margin-top: 5px;margin-bottom: 5px\">L'American Medical Association (AMA) estime qu'un m\u00e9nage moyen d\u00e9pense $1 000 euros par an en eau en bouteille.<\/p>\n<p style=\"margin-top: 5px;margin-bottom: 5px\"><\/p>\n<p style=\"margin-top: 5px;margin-bottom: 5px\">C'est beaucoup d'argent, surtout si l'on consid\u00e8re que vous pouvez obtenir la m\u00eame quantit\u00e9 d'eau pour $0,11 le gallon dans une station-service.<\/p>\n<p style=\"margin-top: 5px;margin-bottom: 5px\"><\/p>\n<p style=\"margin-top: 5px;margin-bottom: 5px\">Existe-t-il une machine \u00e0 gla\u00e7ons qui fabrique de la glace comme Sonic ? Je ne parle pas d'une machine \u00e0 3 tons, ni d'une machine autonome, ni m\u00eame d'une machine compacte. Je parle d'une vraie machine \u00e0 gla\u00e7ons, celle que l'on met dans le cong\u00e9lateur.<\/p>\n<p style=\"margin-top: 5px;margin-bottom: 5px\"><\/p>\n<p style=\"margin-top: 5px;margin-bottom: 5px\">Pendant des ann\u00e9es, j'ai fabriqu\u00e9 mes propres gla\u00e7ons dans un sac en plastique. Je me levais au milieu de la nuit pour faire des gla\u00e7ons, quand je voulais des gla\u00e7ons, et j'avais des gla\u00e7ons, quand je voulais des gla\u00e7ons. En \u00e9t\u00e9, je mettais la glace dans le cong\u00e9lateur pour faire de la cr\u00e8me glac\u00e9e. En hiver, je mettais la glace dans le cong\u00e9lateur pour faire de la limonade froide.&nbsp; &nbsp; &nbsp; &nbsp; &nbsp; &nbsp; &nbsp; &nbsp; &nbsp; &nbsp; &nbsp; &nbsp; &nbsp; &nbsp; &nbsp; &nbsp; &nbsp; &nbsp; &nbsp; &nbsp; &nbsp; &nbsp; &nbsp; &nbsp;<\/p>\n<\/div><\/div>","protected":false},"excerpt":{"rendered":"<p>One-shot display showcase freezer One-shot display showcase freezer|Product specification|Product Features|PRODUCT ADVANTAGE|Suitable size|Classification basin &nbsp; The offered showcase freezer is developed using finest quality material that assures high durability. Moreover, this showcase freezer is designed by our professionals with a view to provide it at competitive price. Moreover, this showcase freezer is available in different sizes [&hellip;]<\/p>\n","protected":false},"featured_media":925,"comment_status":"open","ping_status":"open","template":"","meta":{"_swt_meta_header_display":false,"_swt_meta_footer_display":false,"_swt_meta_site_title_display":false,"_swt_meta_sticky_header":false,"_swt_meta_transparent_header":false},"product_brand":[],"product_cat":[86],"product_tag":[],"class_list":{"0":"post-929","1":"product","2":"type-product","3":"status-publish","4":"has-post-thumbnail","6":"product_cat-one-shot-machine","8":"first","9":"instock","10":"shipping-taxable","11":"product-type-simple"},"_links":{"self":[{"href":"https:\/\/www.hommy.com\/fr\/wp-json\/wp\/v2\/product\/929","targetHints":{"allow":["GET"]}}],"collection":[{"href":"https:\/\/www.hommy.com\/fr\/wp-json\/wp\/v2\/product"}],"about":[{"href":"https:\/\/www.hommy.com\/fr\/wp-json\/wp\/v2\/types\/product"}],"replies":[{"embeddable":true,"href":"https:\/\/www.hommy.com\/fr\/wp-json\/wp\/v2\/comments?post=929"}],"wp:featuredmedia":[{"embeddable":true,"href":"https:\/\/www.hommy.com\/fr\/wp-json\/wp\/v2\/media\/925"}],"wp:attachment":[{"href":"https:\/\/www.hommy.com\/fr\/wp-json\/wp\/v2\/media?parent=929"}],"wp:term":[{"taxonomy":"product_brand","embeddable":true,"href":"https:\/\/www.hommy.com\/fr\/wp-json\/wp\/v2\/product_brand?post=929"},{"taxonomy":"product_cat","embeddable":true,"href":"https:\/\/www.hommy.com\/fr\/wp-json\/wp\/v2\/product_cat?post=929"},{"taxonomy":"product_tag","embeddable":true,"href":"https:\/\/www.hommy.com\/fr\/wp-json\/wp\/v2\/product_tag?post=929"}],"curies":[{"name":"wp","href":"https:\/\/api.w.org\/{rel}","templated":true}]}}