{"id":924,"date":"2024-07-02T17:24:40","date_gmt":"2024-07-02T17:24:40","guid":{"rendered":"http:\/\/localhost\/hommywp\/hm26-one-shot-ice-cream-uk-dispenser-machine-factory-cost\/"},"modified":"2025-08-01T09:57:46","modified_gmt":"2025-08-01T09:57:46","slug":"machine-a-creme-glacee-en-une-seule-fois-distributeur-de-creme-glacee","status":"publish","type":"product","link":"https:\/\/www.hommy.com\/fr\/p\/machine-a-creme-glacee-en-une-seule-fois-distributeur-de-creme-glacee\/","title":{"rendered":"Hm26 One Shot Ice Cream Uk Dispenser Machine Factory Cost"},"content":{"rendered":"<div>\n<p>&nbsp;&nbsp;&nbsp;&nbsp;<\/p>\n<h2 style=\"text-align: center\"><span style=\"letter-spacing: 0px;font-size: 29px;font-family: arial, helvetica, sans-serif\"><a name=\"One shot ice cream machine UK\"><\/a>Machine \u00e0 glace One shot UK<\/span><\/h2>\n<p style=\"text-align: center\"><a href=\"#One shot ice cream machine UK\" target=\"_self\" data-lv=\"0\" rel=\"noopener\"><span style=\"letter-spacing: 0px;font-family: arial, helvetica, sans-serif;font-size: 16px\">Machine \u00e0 glace One shot UK<\/span><\/a><span style=\"letter-spacing: 0px;font-family: arial, helvetica, sans-serif;font-size: 16px\">|<a href=\"#Product specification\" target=\"_self\" data-lv=\"0\" rel=\"noopener\">Sp\u00e9cification du produit<\/a>|<a href=\"#Product Features\" target=\"_self\" data-lv=\"0\" rel=\"noopener\">Caract\u00e9ristiques du produit<\/a>|<a href=\"#Product Advantage\" target=\"_self\" data-lv=\"0\" rel=\"noopener\">Avantages du produit<\/a><\/span><\/p>\n<p>Notre tir <a style=\"color:blue\" href=\"\/fr\/\">machine \u00e0 glace<\/a>Offertes en diff\u00e9rents parfums, nous proposons une large gamme de machines \u00e0 cr\u00e8me glac\u00e9e one shot au Royaume-Uni. Ces machines sont largement demand\u00e9es sur le march\u00e9 pour leur qualit\u00e9 supr\u00eame et leurs prix bas. Propos\u00e9s en diff\u00e9rentes tailles, nous offrons des produits de la meilleure qualit\u00e9 \u00e0 nos clients.<\/p>\n<p style=\"text-align: center\">\n<p><\/p>\n<p style=\"margin-top:0;margin-right:0;margin-bottom:0;margin-left:0;text-indent:0;text-align:justify\"><span style=\"font-size: 24px\"><strong><span style=\"letter-spacing: 0px;font-family: arial, helvetica, sans-serif\"><a name=\"Product specification\"><\/a><br \/><\/span><\/strong><\/span><\/p>\n<h2 style=\"margin: 0px;text-indent: 0px;text-align: justify\"><span style=\"font-size: 24px\"><strong><span style=\"letter-spacing: 0px;font-family: arial, helvetica, sans-serif\"><a name=\"Product specification\"><\/a>Sp\u00e9cification du produit :<\/span><\/strong><\/span><\/h2>\n<p style=\"margin-top:0;margin-right:0;margin-bottom:0;margin-left:0;text-indent:0;text-align:justify\"><span style=\"letter-spacing: 0px;font-family: arial, helvetica, sans-serif;font-size: 16px\">La machine One-Shot a chang\u00e9 toutes les r\u00e8gles de distribution des desserts glac\u00e9s, y compris la cr\u00e8me glac\u00e9e et le yaourt glac\u00e9. ...... La machine One-Shot a vraiment chang\u00e9 la donne. Il n'est plus n\u00e9cessaire de s'enfermer dans l'h\u00e9ritage de la technologie des desserts glac\u00e9s, et vous pouvez \u00e9galement r\u00e9duire les complications de la fabrique de cr\u00e8me glac\u00e9e. Le cauchemar de la d\u00e9sinfection, la mont\u00e9e en fl\u00e8che des co\u00fbts \u00e9nerg\u00e9tiques, la qualit\u00e9 variable, l'int\u00e9grit\u00e9 du produit et les d\u00e9chets importants ne seront plus un probl\u00e8me.<\/span><\/p>\n<p style=\"margin-top:0;margin-right:0;margin-bottom:0;margin-left:0;text-indent:0;text-align:justify\"><span style=\"letter-spacing: 0px;font-family: arial, helvetica, sans-serif;font-size: 16px\"><br \/><\/span><\/p>\n<p style=\"text-align: center\"><\/p>\n<p style=\"text-align: center\"><img decoding=\"async\" src=\"https:\/\/www.hommy.com\/wp-content\/uploads\/16012600217515.png\" alt=\"produit-Hommy-img\" title=\"\"><\/p>\n<p><\/p>\n<p><\/p>\n<p><span style=\"letter-spacing: 0px;font-size: 24px;font-family: arial, helvetica, sans-serif\"><\/span><\/p>\n<div class=\"d-tem01-graphic tem01-graphic mockup\" data-detail=\"wrap\">\n<div class=\"cont-section clearfix d-clearfix\">\n<div class=\"col-md-6 col-sm-6 col-xs-6\">\n<div class=\"right-p\">\n<p style=\"text-align:center\"><img loading=\"lazy\" decoding=\"async\" src=\"https:\/\/www.hommy.com\/wp-content\/uploads\/16012603409210.png\" alt=\"produit-Hommy-img\" title=\"\" width=\"350\" height=\"500\" border=\"0\" vspace=\"0\" style=\"width: 350px;height: 500px\"><\/p>\n<p><\/p>\n<p><\/p>\n<div class=\"description\">\n<p style=\"margin-top:0;margin-right:0;margin-bottom:0;margin-left:0;text-indent:0;text-align:justify\"><span style=\"letter-spacing: 0px;font-size: 16px;font-family: arial, helvetica, sans-serif\">Le nouveau monde des machines One-Shot peut vous aider \u00e0 combiner le profit avec l'int\u00e9grit\u00e9 du produit.<\/span><\/p>\n<\/div>\n<\/div>\n<p>&nbsp; &nbsp; &nbsp; &nbsp; &nbsp; &nbsp; &nbsp;<\/p><\/div>\n<div class=\"col-md-6 col-sm-6 col-xs-6\">\n<div class=\"right-p\">\n<div class=\"h2 heading\">\n<h2 style=\"margin: 0px;text-indent: 0px;text-align: justify\"><span style=\"font-size: 24px\"><strong><span style=\"letter-spacing: 0px;font-family: arial, helvetica, sans-serif\"><a name=\"Product Features\"><\/a>Caract\u00e9ristiques du produit :<\/span><\/strong><\/span><\/h2>\n<p style=\"margin-top:0;margin-right:0;margin-bottom:0;margin-left:0;text-indent:0;text-align:justify\"><strong><span style=\"letter-spacing: 0px;font-size: 16px;font-family: arial, helvetica, sans-serif\"><br \/><\/span><\/strong><\/p>\n<p style=\"margin-top:0;margin-right:0;margin-bottom:0;margin-left:0;text-indent:0;text-align:justify\"><span style=\"letter-spacing: 0px;font-size: 16px;font-family: arial, helvetica, sans-serif\">D\u00e9monstration de la ligne de production :<\/span><\/p>\n<p style=\"margin-top:0;margin-right:0;margin-bottom:0;margin-left:0;text-indent:0;text-align:justify\"><span style=\"font-size: 16px;font-family: Symbol\">\u00a8&nbsp;<\/span><span style=\"font-size: 16px;font-family: Calibri\">Convivialit\u00e9.<\/span><\/p>\n<p style=\"margin-top:0;margin-right:0;margin-bottom:0;margin-left:0;text-indent:0;text-align:justify\"><span style=\"font-size: 16px;font-family: Symbol\">\u00a8&nbsp;<\/span><span style=\"font-size: 16px;font-family: Calibri\">Pas de d\u00e9sordre, pas de nettoyage, pas de d\u00e9chets.<\/span><\/p>\n<p style=\"margin-top:0;margin-right:0;margin-bottom:0;margin-left:0;text-indent:0;text-align:justify\"><span style=\"font-size: 16px;font-family: Symbol\">\u00a8&nbsp;<\/span><span style=\"font-size: 16px;font-family: Calibri\">Sans danger pour l'utilisateur.<\/span><\/p>\n<p style=\"margin-top:0;margin-right:0;margin-bottom:0;margin-left:0;text-indent:0;text-align:justify\"><span style=\"font-size: 16px;font-family: Symbol\">\u00a8&nbsp;<\/span><span style=\"font-size: 16px;font-family: Calibri\">Choisissez votre dessert glac\u00e9 savoureux dans le cong\u00e9lateur.<\/span><\/p>\n<p style=\"margin-left:0;text-indent:0\"><span style=\"font-size: 16px;font-family: arial, helvetica, sans-serif\"><span style=\"font-family: Symbol;font-size: 16px\">\u00a8&nbsp;<\/span><span style=\"font-family: Calibri;font-size: 16px\">Retirez la languette de protection et placez-la dans le distributeur.<\/span><\/span><\/p>\n<p style=\"margin-left:0;text-indent:0\"><span style=\"font-size: 16px;font-family: arial, helvetica, sans-serif\"><span style=\"font-family: Symbol;font-size: 16px\">\u00a8&nbsp;<\/span><span style=\"font-family: Calibri;font-size: 16px\">Appuyez sur le bouton de distribution, le d\u00e9licieux dessert glac\u00e9 est pr\u00eat en quelques secondes.<\/span><\/span><\/p>\n<p style=\"margin-left:0;text-indent:0\"><span style=\"font-size: 16px;font-family: Symbol\">\u00a8&nbsp;<\/span><span style=\"font-size: 16px;font-family: Calibri\">Le gobelet est fabriqu\u00e9 dans un mat\u00e9riau sp\u00e9cial, ce qui garantit sa solidit\u00e9.<\/span><\/p>\n<p style=\"margin-left:0;text-indent:0\"><span style=\"font-size: 16px;font-family: Symbol\">\u00a8&nbsp;<\/span><span style=\"font-size: 16px;font-family: Calibri\">Avec une languette de protection amovible sur le dessus.<\/span><\/p>\n<p style=\"margin-left:0;text-indent:0\"><span style=\"font-size: 16px;font-family: Symbol\">\u00a8&nbsp;<\/span><span style=\"font-size: 16px;font-family: Calibri\">Conception sp\u00e9ciale : le dessert glac\u00e9 est servi de la tasse au c\u00f4ne. Pas de masse et pas de d\u00e9chets.<\/span><\/p>\n<p style=\"margin-left:0;text-indent:0\"><span style=\"font-size: 16px;font-family: Symbol\">\u00a8&nbsp;<\/span><span style=\"font-size: 16px;font-family: Calibri\">Ext\u00e9rieur : 250 x 200 x 630 mm<\/span><\/p>\n<p style=\"margin-left:0;text-indent:0\"><span style=\"font-size: 16px;font-family: Symbol\">\u00a8&nbsp;<\/span><span style=\"font-size: 16px;font-family: \u5b8b\u4f53\">Puissance\uff1a<\/span><span style=\"font-size: 16px;font-family: Calibri\">220~240V 50Hz.<\/span><span style=\"font-size: 16px;font-family: \u5b8b\u4f53\">&nbsp;,<\/span><span style=\"font-size: 16px;font-family: Calibri\">208~230V 60Hz.<\/span><\/p>\n<p><span>&nbsp; &nbsp; &nbsp; &nbsp;<\/span><\/div>\n<\/div>\n<\/div>\n<\/div>\n<\/div>\n<h2><strong><span style=\"letter-spacing: 0px;font-size: 24px;font-family: arial, helvetica, sans-serif\"><a name=\"Product Advantage\"><\/a>Avantage du produit :<\/span><\/strong><\/h2>\n<p><span style=\"letter-spacing: 0px;font-size: 24px;font-family: arial, helvetica, sans-serif\"><\/span><\/p>\n<div class=\"d-tem01-graphic tem01-graphic mockup\" data-detail=\"wrap\">\n<div class=\"cont-section clearfix d-clearfix\">\n<div class=\"col-md-6 col-sm-6 col-xs-6\">\n<div class=\"right-p\">\n<div class=\"h2 heading\">\n<p><span style=\"font-family: arial, helvetica, sans-serif;font-size: 16px\">1. Nous avons deux types de gobelets \u00e0 choisir : HM25-C et HM26-C. Le HM25-C ne peut \u00eatre utilis\u00e9 qu'une seule fois, le HM26-C peut \u00eatre utilis\u00e9 2 \u00e0 3 fois.<\/span><\/p>\n<p><span style=\"font-family: arial, helvetica, sans-serif;font-size: 16px\"><br \/><\/span><\/p>\n<p><span style=\"font-family: arial, helvetica, sans-serif;font-size: 16px\"><br \/><\/span><\/p>\n<p><span style=\"font-family: arial, helvetica, sans-serif;font-size: 16px\"><br \/><\/span><\/p>\n<\/div>\n<\/div>\n<div class=\"graphic_pic animated wow bounceIn\" data-wow-delay=\".7s\">\n<p style=\"text-align:center\"><img loading=\"lazy\" decoding=\"async\" src=\"https:\/\/www.hommy.com\/wp-content\/uploads\/16012607085625.png\" alt=\"produit-Hommy-HM26 one shot ice cream uk-img\" title=\"\" width=\"350\" height=\"377\" border=\"0\" vspace=\"0\" style=\"width: 350px;height: 377px\"><\/p>\n<\/div>\n<\/div>\n<div class=\"col-md-6 col-sm-6 col-xs-6\">\n<div class=\"right-p\">\n<div class=\"h2 heading\">\n<p style=\"margin-top:12px;margin-bottom:12px;margin-left:0;text-indent:0\"><span style=\"font-size: 16px\"><span style=\"font-family: Calibri\">2. les capsules sont produites en usine et introduites directement dans la machine, puis press\u00e9es. La main de l'op\u00e9rateur n'a pas touch\u00e9 la cr\u00e8me glac\u00e9e, il n'y a donc pas d'exigence particuli\u00e8re concernant la mise en place des capsules.<\/span><span style=\"font-family:\u5b8b\u4f53\">.<\/span><\/span><\/p>\n<p style=\"margin-top:12px;margin-bottom:12px;margin-left:0;text-indent:0\"><\/p>\n<p style=\"margin-top:12px;margin-bottom:12px;margin-left:0;text-indent:0\"><\/p>\n<p style=\"margin-top:12px;margin-bottom:12px;margin-left:0;text-indent:0\"><\/p>\n<p style=\"margin-top:12px;margin-bottom:12px;margin-left:0;text-indent:0\"><img decoding=\"async\" src=\"https:\/\/www.hommy.com\/wp-content\/uploads\/16012607454594.png\" alt=\"produit-Hommy-img\" style=\"font-size: 14px\" title=\"\"><span style=\"font-size: 14px\">&nbsp; &nbsp; &nbsp; &nbsp; &nbsp; &nbsp; &nbsp;<\/span><\/p>\n<\/div>\n<\/div>\n<\/div>\n<\/div>\n<\/div>\n<p><span style=\"font-family: inherit\"><\/span><\/p>\n<p><img loading=\"lazy\" decoding=\"async\" src=\"https:\/\/www.hommy.com\/wp-content\/uploads\/16012606001125.jpg\" style=\"width: 1200px;height: 503px\" title=\"\" alt=\"produit-HM26 one shot ice cream uk-Hommy-img\" width=\"1200\" height=\"503\" border=\"0\" vspace=\"0\"><\/p>\n<p><img loading=\"lazy\" decoding=\"async\" src=\"https:\/\/www.hommy.com\/wp-content\/uploads\/16012606023506.jpg\" style=\"width: 1200px;height: 413px\" title=\"\" alt=\"produit-Hommy-img\" width=\"1200\" height=\"413\" border=\"0\" vspace=\"0\"><\/p>\n<p><\/p>\n<p>Document\uff1a<img decoding=\"async\" src=\"https:\/\/www.hommy.com\/wp-content\/uploads\/icon_pdf-67.gif\" style=\"margin-right: 2px\" alt=\"produit-Hommy-img-1\" title=\"\"><a href=\"https:\/\/img80002414.weyesimg.com\/uploads\/www.hommy.com\/addon\/16026391409903.pdf\" title=\"16026391409903.pdf\" style=\"font-size: 12px\">16026391409903.pdf<\/a><\/p>\n<p><span style=\"font-family: inherit\">&nbsp; &nbsp; &nbsp; &nbsp; &nbsp; &nbsp; &nbsp;<\/span><\/p>\n<p style=\"margin-top: 12px;margin-bottom: 12px\"><span style=\"font-size: 14px\">&nbsp; &nbsp; &nbsp; &nbsp; &nbsp; &nbsp; &nbsp;<\/span><\/p>\n<h2>\u00c0 quelle fr\u00e9quence McDonald's nettoie-t-il sa machine \u00e0 glace ?<\/h2>\n<p style=\"margin-top: 5px;margin-bottom: 5px\">La machine \u00e0 glace de McDonald's est nettoy\u00e9e une fois par semaine. McDonald's a mis en place un vaste programme de nettoyage et d'assainissement qui comprend un cycle hebdomadaire pour l'ensemble de ses restaurants. Il s'agit de toutes les surfaces de la cuisine, ainsi que de toutes les toilettes et de tous les appareils sanitaires. Le processus comprend l'application d'un produit de nettoyage brevet\u00e9 et un lavage minutieux \u00e0 la main et \u00e0 la machine, ainsi que le nettoyage de toutes les surfaces \u00e0 base d'eau ou de glace, ce qui inclut les \u00e9l\u00e9ments suivants <a style=\"color:blue\" href=\"https:\/\/www.hommy.com\/fr\/vitrine-dexposition\/\">cong\u00e9lateur \u00e0 glace<\/a>s. Le processus d'assainissement comprend \u00e9galement l'application d'un d\u00e9sinfectant \u00e0 base d'eau sur toutes les surfaces int\u00e9rieures et ext\u00e9rieures du restaurant.<\/p>\n<p style=\"margin-top: 5px;margin-bottom: 5px\"><\/p>\n<h2>Comment un KitchenAid <a style=\"color:blue\" href=\"\/fr\/\">sorbeti\u00e8re<\/a> travail ?<\/h2>\n<p style=\"margin-top: 5px;margin-bottom: 5px\">Les sorbeti\u00e8res KitchenAid sont parfaites pour les f\u00eates. Elles sont faciles \u00e0 utiliser et \u00e0 faire fonctionner, et elles sont magnifiques ! La sorbeti\u00e8re KitchenAid, comme on peut le voir ci-dessus, est dot\u00e9e d'un bol int\u00e9rieur en cuivre reli\u00e9 \u00e0 une puissante unit\u00e9 de refroidissement qui cr\u00e9e un effet de barattage, ce qui permet de congeler tr\u00e8s rapidement la cr\u00e8me glac\u00e9e. La sorbeti\u00e8re KitchenAid est disponible dans une s\u00e9lection de formes. Notre sorbeti\u00e8re KitchenAid est la sorbeti\u00e8re Perfect Serve, disponible en forme ronde ou carr\u00e9e. La sorbeti\u00e8re ronde KitchenAid n'est disponible qu'en finition noire, tandis que la sorbeti\u00e8re carr\u00e9e KitchenAid est disponible en finition noire ou blanche. La sorbeti\u00e8re KitchenAid, comme on peut le voir ci-dessus, comporte quatre coupes \u00e0 glace de deux litres, ce qui permet de pr\u00e9parer jusqu'\u00e0 huit desserts individuels.<\/p>\n<p style=\"margin-top: 5px;margin-bottom: 5px\"><\/p>\n<h2>Le lait concentr\u00e9 est-il identique \u00e0 la cr\u00e8me \u00e9paisse ?<\/h2>\n<p style=\"margin-top: 5px;margin-bottom: 5px\">Le lait concentr\u00e9 est le lait \u00e9pais et sucr\u00e9 qui reste apr\u00e8s que la mati\u00e8re grasse a \u00e9t\u00e9 retir\u00e9e de la cr\u00e8me. Il est g\u00e9n\u00e9ralement appel\u00e9 lait condens\u00e9, bien qu'il puisse \u00eatre appel\u00e9 lait condens\u00e9, cr\u00e8me ou lait sucr\u00e9 selon le fabricant. Il s'agit d'un aliment sucr\u00e9, \u00e9pais et cr\u00e9meux qui est utilis\u00e9 comme \u00e9dulcorant ou dans la p\u00e2tisserie. Il est fabriqu\u00e9 en chauffant le lait jusqu'\u00e0 ce qu'il commence \u00e0 bouillir, puis en retirant l'eau \u00e0 travers un filtre, ce qui ne laisse que la graisse et les solides du lait. Les solides sont ensuite recueillis dans une bo\u00eete ou un bocal et le reste du lait est utilis\u00e9 pour fabriquer d'autres produits.<\/p>\n<p>&nbsp; &nbsp; &nbsp; &nbsp; &nbsp; &nbsp; &nbsp;<\/p>\n<p><\/p>\n<\/div><\/div>","protected":false},"excerpt":{"rendered":"<p>&nbsp;&nbsp;&nbsp;&nbsp; One shot ice cream machine UK One shot ice cream machine UK|Product specification|Product Features|Product Advantage Our shot ice cream machines are widely appreciated by our consumers for their quality, Offered in various flavors, we offer a large range of one shot ice cream machine in UK. These are widely demanded in the market for [&hellip;]<\/p>\n","protected":false},"featured_media":917,"comment_status":"open","ping_status":"open","template":"","meta":{"_swt_meta_header_display":false,"_swt_meta_footer_display":false,"_swt_meta_site_title_display":false,"_swt_meta_sticky_header":false,"_swt_meta_transparent_header":false},"product_brand":[],"product_cat":[86],"product_tag":[],"class_list":{"0":"post-924","1":"product","2":"type-product","3":"status-publish","4":"has-post-thumbnail","6":"product_cat-one-shot-machine","8":"first","9":"instock","10":"shipping-taxable","11":"product-type-simple"},"_links":{"self":[{"href":"https:\/\/www.hommy.com\/fr\/wp-json\/wp\/v2\/product\/924","targetHints":{"allow":["GET"]}}],"collection":[{"href":"https:\/\/www.hommy.com\/fr\/wp-json\/wp\/v2\/product"}],"about":[{"href":"https:\/\/www.hommy.com\/fr\/wp-json\/wp\/v2\/types\/product"}],"replies":[{"embeddable":true,"href":"https:\/\/www.hommy.com\/fr\/wp-json\/wp\/v2\/comments?post=924"}],"wp:featuredmedia":[{"embeddable":true,"href":"https:\/\/www.hommy.com\/fr\/wp-json\/wp\/v2\/media\/917"}],"wp:attachment":[{"href":"https:\/\/www.hommy.com\/fr\/wp-json\/wp\/v2\/media?parent=924"}],"wp:term":[{"taxonomy":"product_brand","embeddable":true,"href":"https:\/\/www.hommy.com\/fr\/wp-json\/wp\/v2\/product_brand?post=924"},{"taxonomy":"product_cat","embeddable":true,"href":"https:\/\/www.hommy.com\/fr\/wp-json\/wp\/v2\/product_cat?post=924"},{"taxonomy":"product_tag","embeddable":true,"href":"https:\/\/www.hommy.com\/fr\/wp-json\/wp\/v2\/product_tag?post=924"}],"curies":[{"name":"wp","href":"https:\/\/api.w.org\/{rel}","templated":true}]}}