{"id":92,"date":"2024-07-02T12:08:27","date_gmt":"2024-07-02T12:08:27","guid":{"rendered":"http:\/\/localhost\/hommywp\/pa-c7b-automatic-frozen-self-service-pizza-vending-machine-factory\/"},"modified":"2025-08-01T09:57:26","modified_gmt":"2025-08-01T09:57:26","slug":"pa-c7b-distributeur-automatique-de-pizzas-surgelees-1","status":"publish","type":"product","link":"https:\/\/www.hommy.com\/fr\/p\/pa-c7b-distributeur-automatique-de-pizzas-surgelees-1\/","title":{"rendered":"Pa-C7b Distributeur automatique de pizzas surgel\u00e9es en libre service Factory"},"content":{"rendered":"<div>\n<h1 style=\"text-align: center\"><strong><span style=\"letter-spacing: 0px;font-size: 24px;font-family: arial, helvetica, sans-serif\"><a name=\"Americal Frozen Pizza Vending Machine\"><\/a>Distributeur automatique de pizzas surgel\u00e9es Americal<\/span><\/strong><\/h1>\n<p style=\"text-align: center\"><a href=\"#Americal Frozen Pizza Vending Machine\" target=\"_self\" data-lv=\"0\" rel=\"noopener\"><span style=\"font-size: 18px\"><span style=\"letter-spacing: 0px;font-family: arial, helvetica, sans-serif\">Distributeur automatique de pizzas surgel\u00e9es Americal<\/span><\/span><\/a><span style=\"font-size: 18px\"><span style=\"letter-spacing: 0px;font-family: arial, helvetica, sans-serif\">|<a href=\"#Product Features\" target=\"_self\" data-lv=\"0\" rel=\"noopener\">Caract\u00e9ristiques du produit<\/a>|<a href=\"#Product specification\" target=\"_self\" data-lv=\"0\" rel=\"noopener\">Sp\u00e9cification du produit<\/a>|<a href=\"#Product Advantage\" target=\"_self\" data-lv=\"0\" rel=\"noopener\">Avantages du produit<\/a><\/span><\/span><\/p>\n<p><\/p>\n<p style=\"text-align: center\">&nbsp;&nbsp;&nbsp;&nbsp;<\/p>\n<p>Le distributeur automatique de pizzas en libre-service que nous proposons est facile \u00e0 installer et est largement pl\u00e9biscit\u00e9 pour sa durabilit\u00e9. L'unit\u00e9 est dot\u00e9e de caract\u00e9ristiques conviviales et est fabriqu\u00e9e \u00e0 partir de mat\u00e9riaux de qualit\u00e9 r\u00e9sistants \u00e0 la corrosion. En outre, le distributeur automatique de pizzas en libre-service propos\u00e9 est facile \u00e0 entretenir, fiable et tr\u00e8s durable.<\/p>\n<div class=\"d-tem01-graphic tem01-graphic mockup\" data-detail=\"wrap\">\n<div class=\"cont-section clearfix d-clearfix\">\n<div class=\"col-md-6 col-sm-6 col-xs-6\">\n<p><\/p>\n<p><\/p>\n<p><\/p>\n<h1><img decoding=\"async\" src=\"https:\/\/www.hommy.com\/wp-content\/uploads\/16097230975676.jpg\" alt=\"produit-Hommy-img\" title=\"\"> <strong><span style=\"font-family: arial, helvetica, sans-serif;font-size: 24px\">&nbsp; &nbsp; &nbsp; &nbsp; &nbsp; &nbsp;<\/span><\/strong><\/h1>\n<\/div>\n<div class=\"col-md-6 col-sm-6 col-xs-6\">\n<div class=\"right-p\">\n<div class=\"h2 heading\">\n<h1><strong><span style=\"letter-spacing: 0px;font-family: arial, helvetica, sans-serif;font-size: 24px\"><a name=\"Product Features\"><\/a>Caract\u00e9ristiques du produit<\/span><\/strong><\/h1>\n<\/div>\n<div class=\"description\">\n<p><span style=\"font-family: arial, helvetica, sans-serif;font-size: 18px\">1. \u00c9cran 43\" pour la promotion et l'exploitation .<\/span><\/p>\n<p><span style=\"font-family: arial, helvetica, sans-serif;font-size: 18px\"><span style=\"font-family: \u5b8b\u4f53;letter-spacing: 0px;font-size: 21px\">2.<\/span><span style=\"font-family: Calibri;font-size: 21px\">&nbsp;Le syst\u00e8me de paiement accepte les pi\u00e8ces de monnaie, les billets, les pi\u00e8ces de monnaie Exchang, les cartes de cr\u00e9dit.<\/span><\/span><\/p>\n<p><span style=\"font-family: arial, helvetica, sans-serif;font-size: 18px\"><span style=\"font-family: Calibri;font-size: 21px\">3. Le cong\u00e9lateur \u00e0 l'int\u00e9rieur peut contenir 30 pizzas \uff08thisis American style pizza packing box :41X41X4.5cm) si la taille de votre bo\u00eete d'emballage de pizza est petite, il y aura plus de quantit\u00e9 et garder la temp\u00e9rature de -8.<\/span><span style=\"font-family: \u5b8b\u4f53;font-size: 21px\">\u2103<\/span><span style=\"font-family: Calibri;font-size: 21px\">&nbsp;\u00e0 10<\/span><span style=\"font-family: \u5b8b\u4f53;font-size: 21px\">\u2103<\/span><span style=\"font-family: Calibri;font-size: 21px\">. <\/span><\/span><\/p>\n<p><span style=\"font-family: arial, helvetica, sans-serif;font-size: 18px\">4. Carte de contr\u00f4le PC avanc\u00e9e, fonction bien programm\u00e9e et fonctionnement stable.<\/span><\/p>\n<p><span style=\"font-family: arial, helvetica, sans-serif;font-size: 18px\">5. La temp\u00e9rature du cong\u00e9lateur peut \u00eatre r\u00e9gl\u00e9e en fonction des diff\u00e9rents produits, avec une fonction de d\u00e9givrage automatique, pour garantir que la machine fonctionne normalement dans des conditions de temp\u00e9rature et d'humidit\u00e9 \u00e9lev\u00e9es, ainsi qu'une fonction de pasteurisation ;<\/span><\/p>\n<p><span style=\"font-family: arial, helvetica, sans-serif;font-size: 18px\">6. Il existe une fonction de protection contre les pannes de courant, la machine continue \u00e0 afficher l'\u00e9tat d'alimentation, poss\u00e8de la fonction de m\u00e9moire, la fonction de protection contre les fuites dues \u00e0 la surcharge, ce qui garantit un fonctionnement s\u00fbr de la machine. <\/span><\/p>\n<p style=\"margin-top:0;margin-right:0;margin-bottom:0;text-align:justify\"><span style=\"letter-spacing: 0px;font-family: arial, helvetica, sans-serif;font-size: 18px\">7. La langue est l'anglais. &nbsp;<\/span><\/p>\n<p><span style=\"font-family: arial, helvetica, sans-serif;font-size: 18px\">8. Syst\u00e8me de gestion \u00e0 distance par ordinateur : interrogation des d\u00e9tails des ventes, rappel des p\u00e9nuries, rappel des pannes de machine.<\/span><\/p>\n<p><span>&nbsp; &nbsp; &nbsp; &nbsp;<\/span><\/div>\n<\/div>\n<\/div>\n<\/div>\n<\/div>\n<p><strong><span style=\"letter-spacing: 0px;font-family: arial, helvetica, sans-serif;font-size: 24px\"><a name=\"Product specification\"><\/a>Sp\u00e9cification du produit<\/span><\/strong><\/p>\n<p><strong><span style=\"letter-spacing: 0px;font-family: arial, helvetica, sans-serif;font-size: 24px\"><img decoding=\"async\" src=\"https:\/\/www.hommy.com\/wp-content\/uploads\/16097232943411.png\" alt=\"product-Hommy-PA-C7B Distributeur automatique de pizzas surgel\u00e9es-img\" title=\"\"><\/span><\/strong><\/p>\n<p><strong><span style=\"letter-spacing: 0px;font-family: arial, helvetica, sans-serif;font-size: 24px\"><br \/><\/span><\/strong><\/p>\n<p><strong><span style=\"letter-spacing: 0px;font-family: arial, helvetica, sans-serif;font-size: 24px\"><\/span><\/strong><\/p>\n<h1><strong><span style=\"letter-spacing: 0px;font-family: arial, helvetica, sans-serif;font-size: 24px\">Avantages du produit<\/span><\/strong><\/h1>\n<p><strong><span style=\"letter-spacing: 0px;font-family: arial, helvetica, sans-serif;font-size: 24px\"><\/span><\/strong><\/p>\n<div class=\"d-tem01-graphic tem01-graphic mockup\" data-detail=\"wrap\">\n<div class=\"cont-section clearfix d-clearfix\">\n<div class=\"col-md-6 col-sm-6 col-xs-6\">\n<div class=\"right-p\">\n<div class=\"h2 heading\">\n<p><span style=\"font-size: 18px;font-family: arial, helvetica, sans-serif\">1. \u00c9cran 43\" pour la promotion et l'exploitation .<\/span><\/p>\n<p><span style=\"font-family:Calibri;font-size:21px\"><br \/><\/span><\/p>\n<p><span style=\"font-family:Calibri;font-size:21px\"><br \/><\/span><\/p>\n<\/div>\n<\/div>\n<div class=\"graphic_pic animated wow bounceIn\" data-wow-delay=\".7s\">\n<p style=\"text-align:center\"><img loading=\"lazy\" decoding=\"async\" src=\"https:\/\/www.hommy.com\/wp-content\/uploads\/16097233783290.jpg\" alt=\"product-PA-C7B Distributeur automatique de pizzas surgel\u00e9es-Hommy-img\" title=\"\" width=\"350\" height=\"551\" border=\"0\" vspace=\"0\" style=\"width: 350px;height: 551px\"><\/p>\n<\/div>\n<\/div>\n<div class=\"col-md-6 col-sm-6 col-xs-6\">\n<div class=\"right-p\">\n<div class=\"h2 heading\">\n<p style=\"margin-top:0;margin-right:0;margin-bottom:0;margin-left:0;text-indent:0;text-align:justify\"><span style=\"font-family: arial, helvetica, sans-serif;font-size: 18px\"><span style=\"font-family: arial, helvetica, sans-serif;letter-spacing: 0px\">2. 30 pizzas sont conserv\u00e9es dans une bo\u00eete en papier \u00e0 l'int\u00e9rieur de la machine, ce qui permet de maintenir la temp\u00e9rature \u00e0 un niveau acceptable. <\/span><span style=\"font-family: arial, helvetica, sans-serif\">de -8\u2103 \u00e0 10\u2103.<\/span><\/span><\/p>\n<\/div>\n<\/div>\n<div class=\"graphic_pic animated wow bounceIn\" data-wow-delay=\".7s\">\n<p style=\"text-align:center\"><img loading=\"lazy\" decoding=\"async\" src=\"https:\/\/www.hommy.com\/wp-content\/uploads\/16097234237602.jpg\" alt=\"produit-Hommy-img\" title=\"\" width=\"350\" height=\"551\" border=\"0\" vspace=\"0\" style=\"width: 350px;height: 551px\"><\/p>\n<\/div>\n<\/div>\n<\/div>\n<\/div>\n<p><strong><span style=\"letter-spacing: 0px;font-family: arial, helvetica, sans-serif;font-size: 24px\"><\/span><\/strong><\/p>\n<div class=\"d-tem01-graphic tem01-graphic mockup\" data-detail=\"wrap\">\n<div class=\"cont-section clearfix d-clearfix\">\n<div class=\"col-md-6 col-sm-6 col-xs-6\">\n<div class=\"right-p\">\n<div class=\"h2 heading\">\n<p><span style=\"font-family: arial, helvetica, sans-serif;font-size: 18px\">3. Le syst\u00e8me de paiement accepte les pi\u00e8ces de monnaie, les billets, les pi\u00e8ces de monnaie Exchang, les cartes de cr\u00e9dit.<\/span><\/p>\n<p><span style=\"font-family:Calibri;font-size:21px\"><br \/><\/span><\/p>\n<\/div>\n<\/div>\n<div class=\"graphic_pic animated wow bounceIn\" data-wow-delay=\".7s\">\n<p style=\"text-align:center\"><img loading=\"lazy\" decoding=\"async\" src=\"https:\/\/www.hommy.com\/wp-content\/uploads\/16097234802004.png\" alt=\"produit-Hommy-img\" title=\"\" width=\"350\" height=\"546\" border=\"0\" vspace=\"0\" style=\"width: 350px;height: 546px\"><\/p>\n<\/div>\n<\/div>\n<div class=\"col-md-6 col-sm-6 col-xs-6\">\n<div class=\"right-p\">\n<div class=\"h2 heading\">\n<p><span style=\"font-size: 18px;font-family: arial, helvetica, sans-serif\">4. Syst\u00e8me de gestion \u00e0 distance par ordinateur : interrogation des d\u00e9tails des ventes, rappel des p\u00e9nuries, rappel des pannes de machine.<\/span><\/p>\n<\/div>\n<\/div>\n<div class=\"graphic_pic animated wow bounceIn\" data-wow-delay=\".7s\">\n<p style=\"text-align:center\"><img loading=\"lazy\" decoding=\"async\" src=\"https:\/\/www.hommy.com\/wp-content\/uploads\/16097235239491.jpg\" alt=\"produit-Hommy-img\" title=\"\" width=\"350\" height=\"551\" border=\"0\" vspace=\"0\" style=\"width: 350px;height: 551px\"><\/p>\n<\/div>\n<\/div>\n<\/div>\n<\/div>\n<p><strong><span style=\"letter-spacing: 0px;font-family: arial, helvetica, sans-serif;font-size: 24px\"><\/span><\/strong><\/p>\n<h2 style=\"font-family: sans-serif\">Y a-t-il des distributeurs automatiques de pizzas en Italie ?<\/h2>\n<p style=\"margin-top: 5px;margin-bottom: 5px;font-family: sans-serif;font-size: 16px\">La r\u00e9ponse \u00e0 cette question est un \"oui\" retentissant. Il existe des distributeurs automatiques de pizzas en Italie. J'aurais pu inclure les photos et la vid\u00e9o ci-dessous dans l'article, mais je ne veux pas bombarder votre fil Facebook ou celui de personnes qui n'ont pas envie de savoir \u00e0 quel point la pizza italienne peut \u00eatre g\u00e9niale. Je vous les laisse donc ici.<\/p>\n<h2 style=\"font-family: sans-serif\">Qui fabrique les distributeurs automatiques de pizzas ?<\/h2>\n<p style=\"margin-top: 5px;margin-bottom: 5px;font-family: sans-serif;font-size: 16px\">Il existe aujourd'hui un grand nombre de distributeurs automatiques de pizzas diff\u00e9rents sur le march\u00e9. On trouve aujourd'hui des distributeurs de pizzas dans presque toutes les villes des \u00c9tats-Unis et du monde. La plupart des distributeurs automatiques de pizzas sont exploit\u00e9s par des cha\u00eenes de pizzerias. La plupart des distributeurs de pizzas sont exploit\u00e9s par des cha\u00eenes de pizzerias, tandis que les distributeurs plus haut de gamme sont exploit\u00e9s par des cha\u00eenes de pizzerias ind\u00e9pendantes. Il s'agit g\u00e9n\u00e9ralement d'un bouton de commande et d'un bouton de livraison. Certains distributeurs de pizzas proposent \u00e9galement une option \"\u00e0 emporter\". Il y a bien s\u00fbr beaucoup plus de distributeurs automatiques de pizzas aujourd'hui qu'il y a quelques ann\u00e9es.<\/p>\n<h2 style=\"font-family: sans-serif\">PizzaForno est-elle halal ?<\/h2>\n<p style=\"margin-top: 5px;margin-bottom: 5px;font-family: sans-serif;font-size: 16px\">PizzaForno est 100% kasher. En fait, elle est 100% kasher depuis 15 ans, car nous avons pr\u00e9par\u00e9 des pizzas pour la communaut\u00e9 juive de Brooklyn et du Queens en 2001. La loi juive interdit de m\u00e9langer la viande et les produits laitiers, mais dans nos pizzas, la sauce tomate ne contient pas de viande. Elle est purement v\u00e9g\u00e9tarienne. Les seuls ingr\u00e9dients sont la farine sans gluten, la semoule de ma\u00efs, les herbes, les \u00e9pices et les tomates (en saison). Nous sommes fiers de nos \"pizzas casher saines\" et souhaitons que tous nos clients les appr\u00e9cient autant que nos autres fans !<\/p>\n<\/p><\/div>","protected":false},"excerpt":{"rendered":"<p>Americal Frozen Pizza Vending Machine Americal Frozen Pizza Vending Machine|Product Features|Product specification|Product Advantage &nbsp;&nbsp;&nbsp;&nbsp; Our offered self service pizza vending machine is easy to install and is widely acclaimed for its durability. The unit comes with features that are user friendly and are made of quality materials that are corrosion resistant. Further, the offered self [&hellip;]<\/p>\n","protected":false},"featured_media":84,"comment_status":"open","ping_status":"open","template":"","meta":{"_swt_meta_header_display":false,"_swt_meta_footer_display":false,"_swt_meta_site_title_display":false,"_swt_meta_sticky_header":false,"_swt_meta_transparent_header":false},"product_brand":[],"product_cat":[70,68],"product_tag":[],"class_list":{"0":"post-92","1":"product","2":"type-product","3":"status-publish","4":"has-post-thumbnail","6":"product_cat-pizza-vending-machine","7":"product_cat-vending-machine","9":"first","10":"instock","11":"shipping-taxable","12":"product-type-simple"},"_links":{"self":[{"href":"https:\/\/www.hommy.com\/fr\/wp-json\/wp\/v2\/product\/92","targetHints":{"allow":["GET"]}}],"collection":[{"href":"https:\/\/www.hommy.com\/fr\/wp-json\/wp\/v2\/product"}],"about":[{"href":"https:\/\/www.hommy.com\/fr\/wp-json\/wp\/v2\/types\/product"}],"replies":[{"embeddable":true,"href":"https:\/\/www.hommy.com\/fr\/wp-json\/wp\/v2\/comments?post=92"}],"wp:featuredmedia":[{"embeddable":true,"href":"https:\/\/www.hommy.com\/fr\/wp-json\/wp\/v2\/media\/84"}],"wp:attachment":[{"href":"https:\/\/www.hommy.com\/fr\/wp-json\/wp\/v2\/media?parent=92"}],"wp:term":[{"taxonomy":"product_brand","embeddable":true,"href":"https:\/\/www.hommy.com\/fr\/wp-json\/wp\/v2\/product_brand?post=92"},{"taxonomy":"product_cat","embeddable":true,"href":"https:\/\/www.hommy.com\/fr\/wp-json\/wp\/v2\/product_cat?post=92"},{"taxonomy":"product_tag","embeddable":true,"href":"https:\/\/www.hommy.com\/fr\/wp-json\/wp\/v2\/product_tag?post=92"}],"curies":[{"name":"wp","href":"https:\/\/api.w.org\/{rel}","templated":true}]}}