{"id":916,"date":"2024-07-02T17:13:53","date_gmt":"2024-07-02T17:13:53","guid":{"rendered":"http:\/\/localhost\/hommywp\/keep-fresh-temperature-adjustable-ice-cream-display-freezer-price\/"},"modified":"2025-08-01T09:57:46","modified_gmt":"2025-08-01T09:57:46","slug":"equipement-de-bar-a-garnitures-pour-yogourts-glaces-vitrines-pour-cremes-glacees","status":"publish","type":"product","link":"https:\/\/www.hommy.com\/fr\/p\/equipement-de-bar-a-garnitures-pour-yogourts-glaces-vitrines-pour-cremes-glacees\/","title":{"rendered":"Keep Fresh Display Ice Cream Display Freezer \u00e0 temp\u00e9rature r\u00e9glable Prix"},"content":{"rendered":"<div>\n<p>&nbsp;<\/p>\n<p><\/p>\n<p><span style=\"font-size: 20px\"><\/span><\/p>\n<p style=\"text-align: center\"><span style=\"font-size: 24px\"><\/span><\/p>\n<h2 style=\"margin: 0px;text-align: center\"><strong><span style=\"letter-spacing: 0px;font-size: 29px;font-family: arial, helvetica, sans-serif\"><a name=\"Frozen Yogurt display showcase freezer\"><\/a>Vitrine de pr\u00e9sentation de yaourts congel\u00e9s cong\u00e9lateur&nbsp;<\/span><\/strong><\/h2>\n<p style=\"text-align: center\"><a href=\"http:\/\/\" target=\"_self\" data-lv=\"0\" rel=\"noopener\"><span style=\"font-size: 16px\"><span style=\"letter-spacing: 0px;font-family: arial, helvetica, sans-serif\">Vitrine de pr\u00e9sentation de yaourts congel\u00e9s cong\u00e9lateur<\/span><\/span><\/a><span style=\"font-size: 16px\"><span style=\"letter-spacing: 0px;font-family: arial, helvetica, sans-serif\">|<a href=\"#Product specification\" target=\"_self\" data-lv=\"0\" rel=\"noopener\">Sp\u00e9cification du produit<\/a>|<a href=\"#Product Features\" target=\"_self\" data-lv=\"0\" rel=\"noopener\">Caract\u00e9ristiques du produit<\/a>|<a href=\"#Product Advantage\" target=\"_self\" data-lv=\"0\" rel=\"noopener\">Avantages du produit<\/a><\/span><\/span><\/p>\n<p style=\"margin: 0px\"><strong><span style=\"letter-spacing: 0px;font-size: 29px;font-family: arial, helvetica, sans-serif\"><br \/><\/span><\/strong><\/p>\n<p style=\"text-align: center\"><span style=\"font-size: 24px\"><span style=\"text-align: center\"><\/span><\/span><\/p>\n<p><!-- Video start --><video poster=\"https:\/\/img80002414.weyesimg.com\/uploads\/www.hommy.com\/video\/15795016809540.mp4?vframe\/jpg\/offset\/1\" id=\"video\" preload=\"auto\" controls=\"controls\" style=\"width:100%;height:510px\"><\/video><!-- Video end --><\/p>\n<h2 style=\"margin: 0px;text-indent: 0px;text-align: justify\"><strong><span style=\"font-family: arial, helvetica, sans-serif;font-size: 29px\"><\/span><\/strong><\/h2>\n<p>Les cong\u00e9lateurs sont fabriqu\u00e9s conform\u00e9ment aux normes de qualit\u00e9 mondiales et des contr\u00f4les de qualit\u00e9 rigoureux sont effectu\u00e9s sur toutes les mati\u00e8res premi\u00e8res utilis\u00e9es pour la fabrication des cong\u00e9lateurs. Ils sont con\u00e7us de mani\u00e8re \u00e0 faciliter l'utilisation des produits. Afin de r\u00e9pondre aux diverses exigences des clients, les cong\u00e9lateurs sont \u00e9galement personnalis\u00e9s en fonction des sp\u00e9cifications fournies par le client.<\/p>\n<p><\/p>\n<p>Ces cong\u00e9lateurs sont disponibles en diff\u00e9rentes tailles et sp\u00e9cifications selon les besoins des clients et ils peuvent \u00e9galement \u00eatre personnalis\u00e9s selon leurs besoins. Ces cong\u00e9lateurs sont install\u00e9s dans des endroits o\u00f9 des produits sensibles \u00e0 la temp\u00e9rature sont n\u00e9cessaires, afin de garantir que les produits stock\u00e9s dans le cong\u00e9lateur ne soient pas endommag\u00e9s.<\/p>\n<h2 style=\"margin: 0px;text-indent: 0px;text-align: justify\"><strong><span style=\"font-family: arial, helvetica, sans-serif;font-size: 24px\"><br \/><\/span><\/strong><\/h2>\n<h2 style=\"margin: 0px;text-indent: 0px;text-align: justify\"><strong><span style=\"font-family: arial, helvetica, sans-serif;font-size: 24px\"><a name=\"Product specification\"><\/a>Sp\u00e9cification du produit<\/span><\/strong><br \/><\/h2>\n<p style=\"margin-top:0;margin-right:0;margin-bottom:0;margin-left:0;text-indent:0;text-align:justify\"><span style=\"font-family: arial, helvetica, sans-serif;font-size: 29px\"><br \/><\/span><\/p>\n<p style=\"text-align:center\"><span style=\"font-family: arial, helvetica, sans-serif;font-size: 29px\"><img decoding=\"async\" src=\"https:\/\/www.hommy.com\/wp-content\/uploads\/16010814811002.png\" alt=\"produit-SD 201 Yogourt glac\u00e9 vitrine-Hommy-img\" title=\"\"><\/span><\/p>\n<p>&nbsp;<\/p>\n<div class=\"d-tem11-graphic tem11-graphic mockup\" data-detail=\"wrap\">\n<div class=\"tab_row\">\n<div class=\"img\" style=\"width: 50%\">\n<p style=\"text-align:center\"><img loading=\"lazy\" decoding=\"async\" title=\"\" alt=\"produit-Hommy-img\" src=\"https:\/\/www.hommy.com\/wp-content\/uploads\/16010815784948.png\" width=\"450\" height=\"500\" border=\"0\" vspace=\"0\" style=\"width: 450px;height: 500px\"><\/p>\n<\/div>\n<div class=\"text_box\" style=\"width: 50%\">\n<div class=\"txt\">\n<div class=\"title\">\n<p>&nbsp;<\/p>\n<h2><strong><span style=\"font-size: 24px;font-family: arial, helvetica, sans-serif\"><a name=\"Product Features\"><\/a>Caract\u00e9ristiques du produit<\/span><\/strong><\/h2>\n<p><\/p>\n<\/div>\n<p style=\"text-indent: 0\"><span style=\"font-family: Arial;letter-spacing: 0;font-size: 14px\">En outre, des ing\u00e9nieurs hautement qualifi\u00e9s, des technologues comp\u00e9tents et un personnel bien inform\u00e9 contribuent largement au d\u00e9veloppement de l'entreprise.<\/span><\/p>\n<p style=\"text-indent: 0\"><span style=\"font-family: Arial;letter-spacing: 0;font-size: 14px\"><\/span><\/p>\n<p style=\"margin-left:0;text-indent:0\"><span style=\"font-family:Symbol;font-size:16px\">\u00a8&nbsp;<\/span><span style=\"font-family:Calibri;font-size:16px\">Garder 1<\/span><span style=\"font-family:Calibri;font-size:16px\">0<\/span><span style=\"font-family:Calibri;font-size:16px\">&nbsp;garniture aromatique.<\/span><\/p>\n<p style=\"margin-left:0;text-indent:0\"><span style=\"font-family:Symbol;font-size:16px\">\u00a8&nbsp;<\/span><span style=\"font-family:Calibri;font-size:16px\">Taille du r\u00e9servoir : <\/span><span style=\"font-family:Calibri;font-size:16px\">176x162x100mm <\/span><\/p>\n<p style=\"margin-left:0;text-indent:0\"><span style=\"font-family:Symbol;font-size:16px\">\u00a8&nbsp;<\/span><span style=\"font-family:Calibri;font-size:16px\">Avec un syst\u00e8me de refroidissement par air pour conserver la fra\u00eecheur.<\/span><\/p>\n<p style=\"margin-left:0;text-indent:0\"><span style=\"font-family:Symbol;font-size:16px\">\u00a8&nbsp;<\/span><span style=\"font-family:Calibri;font-size:16px\">La temp\u00e9rature peut \u00eatre r\u00e9gl\u00e9e de 0\u2103 \u00e0 10\u2103.<\/span><\/p>\n<p style=\"margin-left:0;text-indent:0\"><span style=\"font-family:Symbol;font-size:16px\">\u00a8&nbsp;<\/span><span style=\"font-family:Calibri;font-size:16px\">Construction enti\u00e8rement en acier inoxydable pour la durabilit\u00e9 avec t<\/span><span style=\"font-family:Calibri;font-size:16px\">verre d\u00e9poli<\/span><span style=\"font-family:Calibri;font-size:16px\">&nbsp;en tant que gardien de l'assainissement.<\/span><\/p>\n<p style=\"margin-left:0;text-indent:0\"><span style=\"font-family: Symbol;font-size: 16px\">\u00a8&nbsp;<\/span><span style=\"font-family: Calibri;font-size: 16px\">Dimensions de la machine : 960x520x800mm <\/span><strong><span style=\"font-family: Calibri;font-size: 16px\">&nbsp;<\/span><\/strong><\/p>\n<p style=\"text-indent: 0\"><span style=\"font-family: Arial;letter-spacing: 0;font-size: 14px\"><br \/><\/span><\/p>\n<p><span style=\"font-family:Calibri;font-size:16px\"> <\/span><\/p>\n<p><\/p>\n<p style=\"line-height: 1.75em\">&nbsp;<\/p>\n<\/div>\n<\/div>\n<\/div>\n<\/div>\n<p>&nbsp;<\/p>\n<div class=\"text-left d-tem09-title d-interval\" data-detail=\"wrap\">\n<div class=\"title-header\">\n<div class=\"title\">\n<h2><strong><span style=\"letter-spacing: 0px;font-family: arial, helvetica, sans-serif;font-size: 24px\"><a name=\"Product Advantage\"><\/a>Avantages du produit<\/span><\/strong><\/h2>\n<p><span style=\"font-size: 24px\"><\/span><\/div>\n<\/div>\n<\/div>\n<div class=\"d-tem01-graphic tem01-graphic mockup\" data-detail=\"wrap\">\n<div class=\"cont-section clearfix d-clearfix\">\n<div class=\"col-md-6 col-sm-6 col-xs-6\">\n<div class=\"right-p\">\n<div class=\"h2 heading\">\n<p><span style=\"font-size: 16px\"><span style=\"letter-spacing: 0px;font-family: arial, helvetica, sans-serif\">1. nous utilisons des casseroles en plastique qui ont pass\u00e9 le test de la s\u00e9curit\u00e9 alimentaire, et nous avons 3 tailles pour vous permettre de choisir.<\/span><span style=\"font-family: \u5b8b\u4f53;letter-spacing: 0px\">&nbsp;<\/span><\/span><\/p>\n<p><span style=\"font-size: 16px\"><span style=\"font-family: \u5b8b\u4f53;letter-spacing: 0px\"><br \/><\/span><\/span><\/p>\n<p><span style=\"font-size: 16px\"><span style=\"font-family: \u5b8b\u4f53;letter-spacing: 0px\"><br \/><\/span><\/span><\/p>\n<\/div>\n<\/div>\n<div class=\"graphic_pic animated wow bounceIn\" data-wow-delay=\".7s\">\n<p style=\"text-align:center\"><img loading=\"lazy\" decoding=\"async\" src=\"https:\/\/www.hommy.com\/wp-content\/uploads\/16010848242935.png\" alt=\"produit-Hommy-img\" title=\"\" width=\"350\" height=\"500\" border=\"0\" vspace=\"0\" style=\"width: 350px;height: 500px\"><\/p>\n<\/div>\n<\/div>\n<div class=\"col-md-6 col-sm-6 col-xs-6\">\n<div class=\"right-p\">\n<div class=\"h2 heading\">\n<p style=\"margin-top: 0;margin-right: 0;margin-bottom: 0;padding: 0;vertical-align: baseline\"><span style=\"font-family: Calibri;letter-spacing: 0px;font-size: 16px\">2. Nous ajoutons un verre tremp\u00e9 sur le dessus de la machine afin d'emp\u00eacher le vendeur de faire tomber certains objets.<\/span><\/p>\n<p style=\"margin-top: 0;margin-right: 0;margin-bottom: 0;padding: 0;vertical-align: baseline\"><span style=\"font-family: Calibri;letter-spacing: 0px;font-size: 16px\"><br \/><\/span><\/p>\n<p style=\"margin-top: 0;margin-right: 0;margin-bottom: 0;padding: 0;vertical-align: baseline\"><span style=\"font-family: Calibri;letter-spacing: 0px;font-size: 16px\"><br \/><\/span><\/p>\n<\/div>\n<\/div>\n<div class=\"graphic_pic animated wow bounceIn\" data-wow-delay=\".7s\">\n<p style=\"text-align:center\"><img loading=\"lazy\" decoding=\"async\" src=\"https:\/\/www.hommy.com\/wp-content\/uploads\/16010848502472.png\" alt=\"produit-Hommy-img\" title=\"\" width=\"350\" height=\"500\" border=\"0\" vspace=\"0\" style=\"width: 350px;height: 500px\"><\/p>\n<\/div>\n<\/div>\n<\/div>\n<\/div>\n<p><\/p>\n<p><\/p>\n<p><\/p>\n<p>Document\uff1a<img decoding=\"async\" src=\"https:\/\/www.hommy.com\/wp-content\/uploads\/icon_jpg.gif\" style=\"margin-right: 2px\" alt=\"produit-Hommy-img\" title=\"\"><a href=\"https:\/\/img80002414.weyesimg.com\/uploads\/www.hommy.com\/images\/16026461202016.jpg\" title=\"16026461202016.jpg\" style=\"font-size: 12px\">16026461202016.jpg<\/a><\/p>\n<h2 style=\"font-family: sans-serif\">Comment utiliser un <a style=\"color:blue\" href=\"https:\/\/www.hommy.com\/fr\/machine-a-glace-dure\/\">cong\u00e9lateur discontinu<\/a>?<\/h2>\n<p style=\"margin-top: 5px;margin-bottom: 5px;font-family: sans-serif;font-size: 16px\"><\/p>\n<p style=\"margin-top: 5px;margin-bottom: 5px;font-family: sans-serif;font-size: 16px\">R : Un cong\u00e9lateur discontinu est un outil utile et \u00e9conomique, en particulier pour les filets de poisson de petite ou moyenne taille, les steaks ou d'autres produits carn\u00e9s qui prennent beaucoup de temps \u00e0 congeler (par exemple, les filets et les steaks doivent \u00eatre d\u00e9congel\u00e9s et coup\u00e9s avant d'\u00eatre servis). \u00c9tant donn\u00e9 qu'ils sont beaucoup moins efficaces pour congeler des aliments qui doivent \u00eatre d\u00e9coup\u00e9s avant d'\u00eatre congel\u00e9s (par exemple, poitrines de poulet, steaks ou filets, tartes enti\u00e8res, etc.<\/p>\n<p style=\"margin-top: 5px;margin-bottom: 5px;font-family: sans-serif;font-size: 16px\"><\/p>\n<h2 style=\"font-family: sans-serif\">Comment fonctionne un cong\u00e9lateur en continu ?<\/h2>\n<p style=\"margin-top: 5px;margin-bottom: 5px;font-family: sans-serif;font-size: 16px\"><\/p>\n<p style=\"margin-top: 5px;margin-bottom: 5px;font-family: sans-serif;font-size: 16px\">La cong\u00e9lation en continu est un processus \u00e0 flux continu. Le principal avantage de la cong\u00e9lation en continu est qu'elle permet d'obtenir des rendements plus \u00e9lev\u00e9s que le processus par lots. La cl\u00e9 de cette production sup\u00e9rieure est le flux continu du mat\u00e9riau et le transfert de chaleur constant entre le mat\u00e9riau et le fluide de travail. En d'autres termes, la production des cong\u00e9lateurs continus est tr\u00e8s similaire \u00e0 celle des cong\u00e9lateurs discontinus, sauf que le traitement est continu.<\/p>\n<p style=\"margin-top: 5px;margin-bottom: 5px;font-family: sans-serif;font-size: 16px\"><\/p>\n<h2 style=\"font-family: sans-serif\">Qu'est-ce qu'un bon cong\u00e9lateur \u00e0 air puls\u00e9 ?<\/h2>\n<p style=\"margin-top: 5px;margin-bottom: 5px;font-family: sans-serif;font-size: 16px\"><\/p>\n<p style=\"margin-top: 5px;margin-bottom: 5px;font-family: sans-serif;font-size: 16px\">J'aimerais avoir un cong\u00e9lateur dans ma maison et je me demandais ce que vous avez trouv\u00e9 de mieux et pourquoi. Il y a un certain type de cong\u00e9lateur que vous sugg\u00e9reriez ou vous aimez n'importe quelle marque ? Il y a un peu plus d'un an, j'ai achet\u00e9 un petit cong\u00e9lateur d'occasion chez Goodwill qui me semblait \u00eatre un bon rapport qualit\u00e9\/prix.&nbsp;<\/p>\n<\/div><\/div>","protected":false},"excerpt":{"rendered":"<p>&nbsp; Frozen Yogurt display showcase freezer&nbsp; Frozen Yogurt display showcase freezer|Product specification|Product Features|Product Advantage The freezers are fabricated as per the global quality standards and stringent quality checks are carried on all the raw material used for the manufacturing of freezers. They are designed in such a way that provides hassle free and easy to [&hellip;]<\/p>\n","protected":false},"featured_media":1928,"comment_status":"open","ping_status":"open","template":"","meta":{"_swt_meta_header_display":false,"_swt_meta_footer_display":false,"_swt_meta_site_title_display":false,"_swt_meta_sticky_header":false,"_swt_meta_transparent_header":false},"product_brand":[],"product_cat":[85],"product_tag":[],"class_list":{"0":"post-916","1":"product","2":"type-product","3":"status-publish","4":"has-post-thumbnail","6":"product_cat-display-showcase","8":"first","9":"instock","10":"shipping-taxable","11":"product-type-simple"},"_links":{"self":[{"href":"https:\/\/www.hommy.com\/fr\/wp-json\/wp\/v2\/product\/916","targetHints":{"allow":["GET"]}}],"collection":[{"href":"https:\/\/www.hommy.com\/fr\/wp-json\/wp\/v2\/product"}],"about":[{"href":"https:\/\/www.hommy.com\/fr\/wp-json\/wp\/v2\/types\/product"}],"replies":[{"embeddable":true,"href":"https:\/\/www.hommy.com\/fr\/wp-json\/wp\/v2\/comments?post=916"}],"wp:featuredmedia":[{"embeddable":true,"href":"https:\/\/www.hommy.com\/fr\/wp-json\/wp\/v2\/media\/1928"}],"wp:attachment":[{"href":"https:\/\/www.hommy.com\/fr\/wp-json\/wp\/v2\/media?parent=916"}],"wp:term":[{"taxonomy":"product_brand","embeddable":true,"href":"https:\/\/www.hommy.com\/fr\/wp-json\/wp\/v2\/product_brand?post=916"},{"taxonomy":"product_cat","embeddable":true,"href":"https:\/\/www.hommy.com\/fr\/wp-json\/wp\/v2\/product_cat?post=916"},{"taxonomy":"product_tag","embeddable":true,"href":"https:\/\/www.hommy.com\/fr\/wp-json\/wp\/v2\/product_tag?post=916"}],"curies":[{"name":"wp","href":"https:\/\/api.w.org\/{rel}","templated":true}]}}