{"id":910,"date":"2024-07-02T17:13:50","date_gmt":"2024-07-02T17:13:50","guid":{"rendered":"http:\/\/localhost\/hommywp\/stainless-steel-shelf-frozen-yogurt-topping-display-refrigerator\/"},"modified":"2025-08-01T09:57:46","modified_gmt":"2025-08-01T09:57:46","slug":"equipement-de-bar-a-garnitures-congelateur-pour-presentoir-a-creme-glacee","status":"publish","type":"product","link":"https:\/\/www.hommy.com\/fr\/p\/equipement-de-bar-a-garnitures-congelateur-pour-presentoir-a-creme-glacee\/","title":{"rendered":"R\u00e9frig\u00e9rateur \u00e0 \u00e9tag\u00e8re en acier inoxydable pour yogourts congel\u00e9s"},"content":{"rendered":"<div>\n<p>&nbsp;<\/p>\n<p><\/p>\n<p><span style=\"font-size: 24px\"><\/span><\/p>\n<h2 style=\"text-align: center\"><strong><span style=\"letter-spacing: 0px;font-size: 29px;font-family: arial, helvetica, sans-serif\"><a name=\"Frozen Yogurt Topping Cabinet \"><\/a>Armoire \u00e0 garniture pour yogourt glac\u00e9&nbsp;<\/span><\/strong><\/h2>\n<p style=\"text-align: center\"><a href=\"http:\/\/\" target=\"_self\" data-lv=\"0\" rel=\"noopener\"><span style=\"font-size: 16px\"><span style=\"letter-spacing: 0px;font-family: arial, helvetica, sans-serif\">Armoire \u00e0 garniture pour yogourt glac\u00e9<\/span><\/span><\/a><span style=\"font-size: 16px\"><span style=\"letter-spacing: 0px;font-family: arial, helvetica, sans-serif\">|<a href=\"#Product specification\" target=\"_self\" data-lv=\"0\" rel=\"noopener\">Sp\u00e9cification du produit<\/a>|<a href=\"#Product Features\" target=\"_self\" data-lv=\"0\" rel=\"noopener\">Caract\u00e9ristiques du produit<\/a>|<a href=\"#Product Advantage\" target=\"_self\" data-lv=\"0\" rel=\"noopener\">Avantages du produit<\/a><\/span><\/span><\/p>\n<p style=\"text-align: center\"><video src=\"https:\/\/img80002414.weyesimg.com\/uploads\/wij2rdgc.allweyes.com\/video\/15553170572985.mp4\" preload=\"none\" controls=\"\" poster=\"https:\/\/img80002414.weyesimg.com\/uploads\/wij2rdgc.allweyes.com\/images\/15553170467995.jpg\" data-setup=\"{}\" width=\"900\" height=\"640\"><\/video><\/p>\n<p>&nbsp;<\/p>\n<p>Le pr\u00e9sentoir de nappage de yaourt glac\u00e9 est fabriqu\u00e9 \u00e0 partir d'ingr\u00e9dients de la meilleure qualit\u00e9, en conformit\u00e9 avec les normes et directives internationales. En outre, nos clients peuvent se procurer ces produits aux prix les plus bas.<\/p>\n<p><\/p>\n<p>Nous comptons parmi les fournisseurs les plus importants d'une large collection de pr\u00e9sentoirs de nappage pour yaourts glac\u00e9s.<\/p>\n<div class=\"text-left d-tem09-title d-interval\" data-detail=\"wrap\">\n<div class=\"title-header\">\n<div class=\"title\"><span style=\"font-size: 24px\"><\/span><\/p>\n<h2 style=\"margin: 0px;text-indent: 0px;text-align: justify\"><strong><span style=\"letter-spacing: 0px;font-size: 29px;font-family: arial, helvetica, sans-serif\"><a name=\"Product specification\"><\/a><span style=\"letter-spacing: 0px;font-family: arial, helvetica, sans-serif;font-size: 24px\">Sp\u00e9cification du produit\uff1a<\/span><\/span><\/strong><span style=\"font-family:\u5b8b\u4f53;letter-spacing:0;font-size:29px\"> <\/span><\/h2>\n<p style=\"margin-top:0;margin-right:0;margin-bottom:0;margin-left:0;text-indent:0;text-align:justify\"><span style=\"letter-spacing: 0px;font-size: 29px;font-family: arial, helvetica, sans-serif\"><br \/><\/span><\/p>\n<p style=\"margin-top:0;margin-right:0;margin-bottom:0;margin-left:0;text-indent:0;text-align:justify\"><span style=\"letter-spacing: 0px;font-size: 16px;font-family: arial, helvetica, sans-serif\">La machine \u00e0 napper les yaourts glac\u00e9s peut conserver les fruits, les noix, la cuisson et le sucre \u00e0 l'int\u00e9rieur. Cette machine a donc deux types de bacs, l'un conserve les fruits et le sucre, l'autre n'est pas r\u00e9frig\u00e9r\u00e9 et peut conserver les noix et la cuisson. Si vous ouvrez un magasin de yaourts glac\u00e9s, vous devez choisir l'un de ces bacs.&nbsp;<\/span><\/p>\n<p style=\"margin-top:0;margin-right:0;margin-bottom:0;margin-left:0;text-indent:0;text-align:justify\"><span style=\"letter-spacing: 0px;font-size: 16px;font-family: arial, helvetica, sans-serif\"><br \/><\/span><\/p>\n<p style=\"margin-top:0;margin-right:0;margin-bottom:0;margin-left:0;text-indent:0;text-align:justify\"><span style=\"letter-spacing: 0px;font-size: 16px;font-family: arial, helvetica, sans-serif\"><br \/><\/span><\/p>\n<p style=\"text-align:center\"><span style=\"letter-spacing: 0px;font-size: 16px;font-family: arial, helvetica, sans-serif\"><img decoding=\"async\" src=\"https:\/\/www.hommy.com\/wp-content\/uploads\/16010883542643.png\" alt=\"produit-Hommy-img\" title=\"\"><\/span><\/p>\n<\/div>\n<\/div>\n<\/div>\n<p>&nbsp;<\/p>\n<div class=\"d-tem11-graphic tem11-graphic mockup\" data-detail=\"wrap\">\n<div class=\"tab_row\">\n<div class=\"img\" style=\"width: 50%\"><img decoding=\"async\" title=\"\" alt=\"product-SD 203 Frozen Yogurt cabinets-Hommy-img\" src=\"https:\/\/www.hommy.com\/wp-content\/uploads\/15553173297708.jpg\"><\/div>\n<div class=\"text_box\" style=\"width: 50%\">\n<div class=\"txt\">\n<div class=\"title\">\n<p><\/p>\n<h2 style=\"margin: 0px;text-indent: 0px;text-align: justify\"><strong><span style=\"letter-spacing: 0px;font-family: arial, helvetica, sans-serif;font-size: 24px\"><a name=\"Product Features\"><\/a>Caract\u00e9ristiques du produit\uff1a<\/span><\/strong><span style=\"font-family:\u5b8b\u4f53;letter-spacing:0;font-size:29px\"> <\/span><\/h2>\n<p style=\"margin-top:0;margin-right:0;margin-bottom:0;margin-left:0;text-indent:0;text-align:justify\"><span style=\"letter-spacing: 0px;font-family: arial, helvetica, sans-serif;font-size: 24px\"><br \/><\/span><\/p>\n<p style=\"text-indent: 0\"><span style=\"letter-spacing: 0px;font-size: 14px;font-family: arial, helvetica, sans-serif\">En outre, des ing\u00e9nieurs hautement qualifi\u00e9s, des technologues comp\u00e9tents et un personnel bien inform\u00e9 contribuent largement au d\u00e9veloppement de l'entreprise.<\/span><\/p>\n<p style=\"text-indent: 0\"><span style=\"letter-spacing: 0px;font-size: 14px;font-family: arial, helvetica, sans-serif\">&nbsp;<\/span><\/p>\n<p style=\"text-indent: 0\"><span style=\"letter-spacing: 0px;font-size: 14px;font-family: arial, helvetica, sans-serif\">Machine \u00e0 napper r\u00e9frig\u00e9r\u00e9e<\/span><\/p>\n<p style=\"text-indent: 0\"><span style=\"letter-spacing: 0px;font-size: 14px;font-family: arial, helvetica, sans-serif\">Protection hygi\u00e9nique en fibre de verre transparente<\/span><\/p>\n<p style=\"text-indent: 0\"><span style=\"letter-spacing: 0px;font-size: 14px;font-family: arial, helvetica, sans-serif\">\u00c9tag\u00e8re en acier inoxydable<\/span><\/p>\n<p style=\"text-indent: 0\"><span style=\"letter-spacing: 0px;font-size: 14px;font-family: arial, helvetica, sans-serif\">Mise en place d'une surface en pierre artificielle autour des deux sections<\/span><\/p>\n<p style=\"text-indent: 0\"><span style=\"letter-spacing: 0px;font-size: 14px;font-family: arial, helvetica, sans-serif\">12 casseroles : section r\u00e9frig\u00e9r\u00e9e, qui peut conserver la temp\u00e9rature de 5 \u00e0 10 degr\u00e9s. <\/span><\/p>\n<p style=\"text-indent: 0\"><span style=\"letter-spacing: 0px;font-size: 14px;font-family: arial, helvetica, sans-serif\">9 casseroles : section temp\u00e9rature normale<\/span><\/p>\n<p style=\"text-indent: 0\"><span style=\"letter-spacing: 0px;font-size: 14px;font-family: arial, helvetica, sans-serif\">Cuvette transparente en acrylique de qualit\u00e9 alimentaire (avec couvercle)<\/span><\/p>\n<p style=\"text-indent: 0\"><span style=\"letter-spacing: 0px;font-size: 14px;font-family: arial, helvetica, sans-serif\">Petit r\u00e9frig\u00e9rateur pour le stockage<\/span><\/p>\n<p style=\"text-indent: 0\"><span style=\"letter-spacing: 0px;font-size: 14px;font-family: arial, helvetica, sans-serif\">Nous disposons de 3 types de fibre de verre transparente pour vous permettre de choisir.&nbsp;<\/span><\/p>\n<\/div>\n<\/div>\n<\/div>\n<\/div>\n<\/div>\n<p>&nbsp;<\/p>\n<div class=\"text-left d-tem09-title d-interval\" data-detail=\"wrap\">\n<div class=\"title-header\">\n<div class=\"title\">\n<h2><span style=\"font-size: 24px\"><strong><span style=\"letter-spacing: 0px;font-family: arial, helvetica, sans-serif\"><a name=\"Product Advantage\"><\/a>Avantage du produit :<\/span><\/strong><\/span><\/h2>\n<p><span style=\"font-size: 24px\"><\/span><\/div>\n<\/div>\n<\/div>\n<div class=\"d-tem01-graphic tem01-graphic mockup\" data-detail=\"wrap\">\n<div class=\"cont-section clearfix d-clearfix\">\n<div class=\"col-md-6 col-sm-6 col-xs-6\">\n<div class=\"right-p\">\n<div class=\"h2 heading\">\n<p><span style=\"letter-spacing: 0px;font-family: arial, helvetica, sans-serif;font-size: 16px\">1. nous utilisons des casseroles en plastique qui ont pass\u00e9 le test de la s\u00e9curit\u00e9 alimentaire, et nous avons 3 tailles pour vous permettre de choisir.&nbsp;<\/span><\/p>\n<p><span style=\"letter-spacing: 0px;font-family: arial, helvetica, sans-serif;font-size: 16px\"><br \/><\/span><\/p>\n<p><span style=\"letter-spacing: 0px;font-family: arial, helvetica, sans-serif;font-size: 16px\"><br \/><\/span><\/p>\n<\/div>\n<\/div>\n<div class=\"graphic_pic animated wow bounceIn\" data-wow-delay=\".7s\">\n<p style=\"text-align:center\"><img loading=\"lazy\" decoding=\"async\" src=\"https:\/\/www.hommy.com\/wp-content\/uploads\/16010886153254.png\" alt=\"produit-Hommy-img\" title=\"\" width=\"350\" height=\"533\" border=\"0\" vspace=\"0\" style=\"width: 350px;height: 533px\"><\/p>\n<p><span style=\"font-family: arial, helvetica, sans-serif;font-size: 16px\"><br \/>\n &nbsp; &nbsp; &nbsp; &nbsp; &nbsp; &nbsp;<\/span><\/div>\n<\/div>\n<div class=\"col-md-6 col-sm-6 col-xs-6\">\n<div class=\"right-p\">\n<div class=\"h2 heading\">\n<p style=\"text-indent: 0\"><span style=\"font-family: arial, helvetica, sans-serif;font-size: 16px\"><span style=\"font-family: Calibri;letter-spacing: 0px;font-size: 20px\">2. le haut de la machine est \u00e9quip\u00e9 d'une protection hygi\u00e9nique en fibre de verre transparente.<\/span><span style=\"font-family: \u5b8b\u4f53;letter-spacing: 0px;font-size: 20px\">.<\/span><\/span><\/p>\n<p style=\"text-indent: 0\"><span style=\"font-family: arial, helvetica, sans-serif;font-size: 16px\"><span style=\"font-family: \u5b8b\u4f53;letter-spacing: 0px;font-size: 20px\"><br \/><\/span><\/span><\/p>\n<p style=\"text-indent: 0\"><span style=\"font-family: arial, helvetica, sans-serif;font-size: 16px\"><span style=\"font-family: \u5b8b\u4f53;letter-spacing: 0px;font-size: 20px\"><br \/><\/span><\/span><\/p>\n<\/div>\n<\/div>\n<div class=\"graphic_pic animated wow bounceIn\" data-wow-delay=\".7s\">\n<p style=\"text-align:center\"><img loading=\"lazy\" decoding=\"async\" src=\"https:\/\/www.hommy.com\/wp-content\/uploads\/16010887562800.png\" alt=\"produit-Hommy-img\" title=\"\" width=\"350\" height=\"356\" border=\"0\" vspace=\"0\" style=\"width: 350px;height: 356px\"><\/p>\n<\/div>\n<\/div>\n<\/div>\n<\/div>\n<div class=\"d-tem01-graphic tem01-graphic mockup\" data-detail=\"wrap\">\n<div class=\"cont-section clearfix d-clearfix\">\n<div class=\"col-md-6 col-sm-6 col-xs-6\">\n<div class=\"right-p\">\n<div class=\"h2 heading\">\n<p><span style=\"font-family: arial, helvetica, sans-serif;font-size: 16px\"><span style=\"font-family: arial, helvetica, sans-serif;letter-spacing: 0px\">3. La machine a 14 plateaux, 7 plateaux sans refroidisseur, les 7 autres plateaux avec refroidisseur qui peuvent chauffer.<\/span><span style=\"font-family: arial, helvetica, sans-serif\">0\u2103 \u00e0 10\u2103.<\/span><\/span><\/p>\n<p><span style=\"font-family: arial, helvetica, sans-serif;font-size: 16px\"><span style=\"font-family: arial, helvetica, sans-serif\"><br \/><\/span><\/span><\/p>\n<\/div>\n<\/div>\n<div class=\"graphic_pic animated wow bounceIn\" data-wow-delay=\".7s\">\n<p style=\"text-align:center\"><img loading=\"lazy\" decoding=\"async\" src=\"https:\/\/www.hommy.com\/wp-content\/uploads\/16010887806760.png\" alt=\"produit-Hommy-img\" title=\"\" width=\"500\" height=\"138\" border=\"0\" vspace=\"0\" style=\"width: 500px;height: 138px\"><\/p>\n<p><span style=\"font-family: arial, helvetica, sans-serif;font-size: 16px\"><br \/>\n &nbsp; &nbsp; &nbsp; &nbsp; &nbsp; &nbsp;<\/span><\/div>\n<\/div>\n<div class=\"col-md-6 col-sm-6 col-xs-6\">\n<div class=\"right-p\">\n<div class=\"h2 heading\">\n<p><span style=\"font-family: arial, helvetica, sans-serif;font-size: 16px\">4. Le fond de la machine est \u00e9quip\u00e9 d'un petit r\u00e9frig\u00e9rateur pour le stockage.<\/span><\/p>\n<p><span style=\"font-family: arial, helvetica, sans-serif;font-size: 16px\"><br \/><\/span><\/p>\n<p><span style=\"font-family: arial, helvetica, sans-serif;font-size: 16px\">&nbsp;<\/span><\/p>\n<\/div>\n<\/div>\n<div class=\"graphic_pic animated wow bounceIn\" data-wow-delay=\".7s\">\n<p style=\"text-align:center\"><img loading=\"lazy\" decoding=\"async\" src=\"https:\/\/www.hommy.com\/wp-content\/uploads\/16010888103489.jpg\" alt=\"product-Hommy-SD 203 Frozen Yogurt cabinets-img\" title=\"\" width=\"350\" height=\"583\" border=\"0\" vspace=\"0\" style=\"width: 350px;height: 583px\"><\/p>\n<\/div>\n<\/div>\n<\/div>\n<\/div>\n<p>Document\uff1a<img decoding=\"async\" src=\"https:\/\/www.hommy.com\/wp-content\/uploads\/icon_pdf-66.gif\" style=\"margin-right: 2px\" alt=\"produit-Hommy-img-1\" title=\"\"><a href=\"https:\/\/img80002414.weyesimg.com\/uploads\/www.hommy.com\/addon\/16026443785191.pdf\" title=\"16026443785191.pdf\" style=\"font-size: 12px\">16026443785191.pdf<\/a><\/p>\n<h2>Que puis-je vendre dans un distributeur automatique ?<\/h2>\n<p style=\"margin-top: 5px;margin-bottom: 5px\"><\/p>\n<p style=\"margin-top: 5px;margin-bottom: 5px\">Cela fait un moment que je m'int\u00e9resse aux distributeurs automatiques. Je me suis pench\u00e9 sur les<\/p>\n<p style=\"margin-top: 5px;margin-bottom: 5px\">des vendeurs comme 7 Eleven et Circle K. J'envisageais de monter une machine.<\/p>\n<p style=\"margin-top: 5px;margin-bottom: 5px\">Je suis propri\u00e9taire d'une entreprise et j'ai un budget limit\u00e9 ; je dois donc m'assurer que je sais ce que je peux faire.<\/p>\n<p style=\"margin-top: 5px;margin-bottom: 5px\">Je peux vendre et gagner de l'argent avec. Je me demandais quels articles je pouvais vendre dans un<\/p>\n<p style=\"margin-top: 5px;margin-bottom: 5px\">distributeur automatique ? Je pense surtout aux en-cas et aux boissons.<\/p>\n<p style=\"margin-top: 5px;margin-bottom: 5px\"><\/p>\n<p style=\"margin-top: 5px;margin-bottom: 5px\">Quel est le revenu annuel moyen d'un distributeur automatique ? $2,7 milliards.<\/p>\n<p style=\"margin-top: 5px;margin-bottom: 5px\"><\/p>\n<p style=\"margin-top: 5px;margin-bottom: 5px\">Les distributeurs automatiques, ces machines omnipr\u00e9sentes qui vendent tout, des hot-dogs \u00e0 la bi\u00e8re en passant par les cigarettes, sont en quelque sorte l'\u00e2me de l'\u00e9conomie am\u00e9ricaine. Les \u00c9tats-Unis en comptent plus de 15 000 et leur chiffre d'affaires s'\u00e9l\u00e8ve \u00e0 $2,7 milliards d'euros par an. Cela fait beaucoup de distributeurs automatiques.<\/p>\n<p style=\"margin-top: 5px;margin-bottom: 5px\"><\/p>\n<p style=\"margin-top: 5px;margin-bottom: 5px\">Pendant des ann\u00e9es, j'ai \u00e9t\u00e9 fascin\u00e9 par ces objets. Enfant, j'ai pass\u00e9 de nombreuses heures \u00e0 jouer avec ces jouets et ces jeux. J'ai \u00e9galement mang\u00e9 beaucoup d'aliments dans ces jouets, y compris les fameux vers g\u00e9lifi\u00e9s.<\/p>\n<p style=\"margin-top: 5px;margin-bottom: 5px\"><\/p>\n<h2>Combien cela co\u00fbte-t-il de fabriquer sa propre glace ?<\/h2>\n<p style=\"margin-top: 5px;margin-bottom: 5px\"><\/p>\n<p style=\"margin-top: 5px;margin-bottom: 5px\">Je suis int\u00e9ress\u00e9 par la fabrication de ma propre glace, je me demandais quel \u00e9tait le moyen le moins cher de la fabriquer. Je ne me pr\u00e9occupe pas vraiment de la qualit\u00e9 de la glace. Je veux juste savoir combien cela co\u00fbte.<\/p>\n<p style=\"margin-top: 5px;margin-bottom: 5px\"><\/p>\n<p style=\"margin-top: 5px;margin-bottom: 5px\">Je pensais acheter le br\u00fbleur au propane et faire la glace avec.<\/p>\n<\/div><\/div>","protected":false},"excerpt":{"rendered":"<p>&nbsp; Frozen Yogurt Topping Cabinet&nbsp; Frozen Yogurt Topping Cabinet|Product specification|Product Features|Product Advantage &nbsp; Frozen Yogurt topping display is manufactured using best quality ingredients in adherence with international standards and guidelines. In addition to this, our clients can avail this from us at the most nominal prices. We are counted amongst the most prominent supplier of [&hellip;]<\/p>\n","protected":false},"featured_media":1927,"comment_status":"open","ping_status":"open","template":"","meta":{"_swt_meta_header_display":false,"_swt_meta_footer_display":false,"_swt_meta_site_title_display":false,"_swt_meta_sticky_header":false,"_swt_meta_transparent_header":false},"product_brand":[],"product_cat":[85],"product_tag":[],"class_list":{"0":"post-910","1":"product","2":"type-product","3":"status-publish","4":"has-post-thumbnail","6":"product_cat-display-showcase","8":"first","9":"instock","10":"shipping-taxable","11":"product-type-simple"},"_links":{"self":[{"href":"https:\/\/www.hommy.com\/fr\/wp-json\/wp\/v2\/product\/910","targetHints":{"allow":["GET"]}}],"collection":[{"href":"https:\/\/www.hommy.com\/fr\/wp-json\/wp\/v2\/product"}],"about":[{"href":"https:\/\/www.hommy.com\/fr\/wp-json\/wp\/v2\/types\/product"}],"replies":[{"embeddable":true,"href":"https:\/\/www.hommy.com\/fr\/wp-json\/wp\/v2\/comments?post=910"}],"wp:featuredmedia":[{"embeddable":true,"href":"https:\/\/www.hommy.com\/fr\/wp-json\/wp\/v2\/media\/1927"}],"wp:attachment":[{"href":"https:\/\/www.hommy.com\/fr\/wp-json\/wp\/v2\/media?parent=910"}],"wp:term":[{"taxonomy":"product_brand","embeddable":true,"href":"https:\/\/www.hommy.com\/fr\/wp-json\/wp\/v2\/product_brand?post=910"},{"taxonomy":"product_cat","embeddable":true,"href":"https:\/\/www.hommy.com\/fr\/wp-json\/wp\/v2\/product_cat?post=910"},{"taxonomy":"product_tag","embeddable":true,"href":"https:\/\/www.hommy.com\/fr\/wp-json\/wp\/v2\/product_tag?post=910"}],"curies":[{"name":"wp","href":"https:\/\/api.w.org\/{rel}","templated":true}]}}