{"id":895,"date":"2024-07-02T17:09:43","date_gmt":"2024-07-02T17:09:43","guid":{"rendered":"http:\/\/localhost\/hommywp\/hm-pm-5-stainless-steel-ice-lolly-machine-maker-price-list\/"},"modified":"2025-08-01T09:57:46","modified_gmt":"2025-08-01T09:57:46","slug":"machine-a-sucettes-glacees-commerciale-en-acier-inoxydable-machine-a-sucettes-glacees-processus-de-fabrication-de-sucettes-glacees","status":"publish","type":"product","link":"https:\/\/www.hommy.com\/fr\/p\/machine-a-sucettes-glacees-commerciale-en-acier-inoxydable-machine-a-sucettes-glacees-processus-de-fabrication-de-sucettes-glacees\/","title":{"rendered":"Hm-Pm-5 Machine \u00e0 gla\u00e7ons en acier inoxydable Liste de prix"},"content":{"rendered":"<div>\n<p style=\"text-align: center\"><\/p>\n<h2 style=\"text-align: center\"><span style=\"font-family: arial, helvetica, sans-serif;font-size: 24px\"><strong><span style=\"font-family: arial, helvetica, sans-serif;letter-spacing: 0px\"><a name=\"Ice Popsicle Machine\"><\/a>Machine \u00e0 glace<\/span><\/strong><\/span><\/h2>\n<p style=\"text-align: center\"><span style=\"font-family: arial, helvetica, sans-serif;font-size: 16px\">&nbsp;<a href=\"#Ice Popsicle Machine\" target=\"_self\" data-lv=\"0\" rel=\"noopener\">Machine \u00e0 glace<\/a>|<a href=\"#Product Features\" target=\"_self\" data-lv=\"0\" rel=\"noopener\">Caract\u00e9ristiques du produit<\/a>|<a href=\"#PRODUCT SPECIFICATION\" target=\"_self\" data-lv=\"0\" rel=\"noopener\">SP\u00c9CIFICATION DU PRODUIT<\/a>|<a href=\"#Product Advantage\" target=\"_self\" data-lv=\"0\" rel=\"noopener\">Avantages du produit<\/a><\/span><\/p>\n<p><\/p>\n<p style=\"text-align: center\">\n<p>Notre machine \u00e0 sucettes glac\u00e9es est test\u00e9e et examin\u00e9e \u00e0 diff\u00e9rents stades de la fabrication par notre \u00e9quipe de contr\u00f4leurs de la qualit\u00e9.<\/p>\n<p><\/p>\n<p>Nous disposons des machines les plus avanc\u00e9es et d'une technologie de pointe pour fournir \u00e0 nos clients des produits de qualit\u00e9 \u00e0 des prix d\u00e9fiant toute concurrence. En outre, nous proposons \u00e9galement des produits personnalis\u00e9s pour r\u00e9pondre aux divers besoins de nos clients.<\/p>\n<p><\/p>\n<p>Nous nous assurons que nos machines sont livr\u00e9es \u00e0 nos clients dans les meilleures conditions et qu'elles sont exemptes de d\u00e9fauts.<\/p>\n<div class=\"d-tem11-graphic tem11-graphic mockup\" data-detail=\"wrap\">\n<div class=\"tab_row\">\n<div class=\"img\" style=\"width: 50%\">\n<p style=\"text-align:center\"><img loading=\"lazy\" decoding=\"async\" title=\"\" alt=\"produit-Hommy-img\" src=\"https:\/\/www.hommy.com\/wp-content\/uploads\/15553787264096.jpg\" width=\"450\" height=\"500\" border=\"0\" vspace=\"0\" style=\"width: 450px;height: 500px\"><\/p>\n<\/div>\n<div class=\"text_box\" style=\"width: 50%\">\n<div class=\"txt\">\n<h2><strong><span style=\"letter-spacing: 0px;font-family: arial, helvetica, sans-serif;font-size: 24px\"><a name=\"Product Features\"><\/a>Caract\u00e9ristiques du produit<\/span><\/strong><\/h2>\n<p>&nbsp;<\/p>\n<p style=\"margin-left:32px\"><span style=\"font-family:Calibri;font-size:16px\">-&nbsp;<\/span><span style=\"font-family:Calibri;font-size:16px\">La machine est d'apparence luxueuse, facile \u00e0 utiliser et peu co\u00fbteuse \u00e0 entretenir.<\/span><\/p>\n<p style=\"margin-left:32px\"><span style=\"font-family:Calibri;font-size:16px\">-&nbsp;<\/span><span style=\"font-family:Calibri;font-size:16px\">L'int\u00e9rieur du r\u00e9servoir est en acier inoxydable pur qui r\u00e9siste \u00e0 l'\u00e9rosion par l'acide chlorhydrique.<\/span><\/p>\n<p style=\"margin-left:32px\"><span style=\"font-family:Calibri;font-size:16px\">-&nbsp;<\/span><span style=\"font-family:Calibri;font-size:16px\">L'utilisation est facile<\/span><span style=\"font-family:\u5b8b\u4f53;font-size:16px\">.<\/span><\/p>\n<p style=\"margin-left:32px\"><span style=\"font-family:Calibri;font-size:16px\">-&nbsp;<\/span><span style=\"font-family:Calibri;font-size:16px\">Plusieurs types de moules \u00e0 glace pour la s\u00e9lection.<\/span><\/p>\n<p style=\"margin-left:32px\"><span style=\"font-family:Calibri;font-size:16px\">-&nbsp;<\/span><span style=\"font-family:Calibri;font-size:16px\">Acier inoxydable<\/span><span style=\"font-family:\u5b8b\u4f53;font-size:16px\">l<\/span><span style=\"font-family:Calibri;font-size:16px\">! le moule peut r\u00e9sister \u00e0 l'\u00e9rosion.<\/span><\/p>\n<p style=\"margin-left:32px\"><span style=\"font-family:Calibri;font-size:16px\">-&nbsp;<\/span><span style=\"font-family:Calibri;font-size:16px\">Les moules sont dot\u00e9s d'une fonction d'auto-coquillage et sont faciles \u00e0 utiliser. <\/span><span style=\"font-family:\u5b8b\u4f53;font-size:16px\">.<\/span><\/p>\n<p style=\"margin-left:32px\"><span style=\"font-family:Calibri;font-size:16px\">-&nbsp;<\/span><span style=\"font-family:Calibri;font-size:16px\">Air<\/span><span style=\"font-family:\u5b8b\u4f53;font-size:16px\">&nbsp;<\/span><span style=\"font-family:Calibri;font-size:16px\">La couverture \u00e9tanche permet de conserver l'utilisation du mat\u00e9riel pendant une longue p\u00e9riode.<\/span><\/p>\n<p style=\"margin-left:32px\"><span style=\"font-family:Calibri;font-size:16px\">-&nbsp;<\/span><span style=\"font-family:Calibri;font-size:16px\">&nbsp;Faibles investissements pour une production maximale<\/span><span style=\"font-family:\u5b8b\u4f53;font-size:16px\">.<\/span><\/p>\n<p style=\"margin-left:32px\"><span style=\"font-family:Calibri;font-size:16px\">-&nbsp;<\/span><span style=\"font-family:Calibri;font-size:16px\">Tirer profit de l'eau, un potentiel de profit incroyable <\/span><span style=\"font-family:\u5b8b\u4f53;font-size:16px\">.<\/span><\/p>\n<p style=\"margin-left:32px\"><span style=\"font-family:Calibri;font-size:16px\">-&nbsp;<\/span><span style=\"font-family:Calibri;font-size:16px\">Vous pouvez utiliser une seule machine pour produire 3 types de produits : <\/span><span style=\"font-family:\u5b8b\u4f53;font-size:16px\">P<\/span><span style=\"font-family:Calibri;font-size:16px\">opsicle . petit bloc de glace , i<\/span><span style=\"font-family:\u5b8b\u4f53;font-size:16px\">c<\/span><span style=\"font-family:Calibri;font-size:16px\">e bonbon .<\/span><\/p>\n<\/div>\n<\/div>\n<\/div>\n<\/div>\n<div class=\"text-left d-tem09-title d-interval\" data-detail=\"wrap\">\n<div class=\"title-header\">\n<h2><strong><span style=\"font-family: arial, helvetica, sans-serif;font-size: 24px\"><a name=\"PRODUCT SPECIFICATION\"><\/a>SP\u00c9CIFICATION DU PRODUIT<\/span><\/strong><\/p>\n<p> &nbsp; &nbsp; &nbsp; &nbsp; &nbsp; &nbsp;&nbsp;<\/h2>\n<h2><img loading=\"lazy\" decoding=\"async\" src=\"https:\/\/www.hommy.com\/wp-content\/uploads\/16030720699560.png\" title=\"\" alt=\"produit-Hommy-HM-PM-5 machine \u00e0 sucettes glac\u00e9es-img\" width=\"1000\" height=\"436\" border=\"0\" vspace=\"0\" style=\"width: 1000px;height: 436px\"><\/h2>\n<h2><strong style=\"color: inherit;font-family: inherit\"><span style=\"letter-spacing: 0px;font-family: arial, helvetica, sans-serif;font-size: 24px\"><br \/><\/span><\/strong><\/h2>\n<h2><strong style=\"color: inherit;font-family: inherit\"><span style=\"letter-spacing: 0px;font-family: arial, helvetica, sans-serif;font-size: 24px\"><a name=\"Product Advantage\"><\/a>Avantages du produit<\/span><\/strong><br \/><\/h2>\n<\/div>\n<\/div>\n<div class=\"d-tem01-graphic tem01-graphic mockup\" data-detail=\"wrap\">\n<div class=\"cont-section clearfix d-clearfix\">\n<div class=\"col-md-6 col-sm-6 col-xs-6\">\n<div class=\"right-p\">\n<div class=\"description\">\n<p style=\"margin: 0 0 0 28px;text-indent: 0;padding: 0;vertical-align: baseline\"><span style=\"letter-spacing: 0px;font-family: arial, helvetica, sans-serif;font-size: 14px\">1. La machine choisit un r\u00e9servoir d'eau sal\u00e9e en SS304, un mat\u00e9riau antirouille, et l'int\u00e9rieur du r\u00e9servoir choisit toutes les vis en acier inoxydable 304 pour garantir une plus longue dur\u00e9e de vie de la machine.<\/span><\/p>\n<\/div>\n<\/div>\n<div class=\"graphic_pic animated wow bounceIn\" data-wow-delay=\".7s\">\n<p style=\"text-align:center\"><img loading=\"lazy\" decoding=\"async\" src=\"https:\/\/www.hommy.com\/wp-content\/uploads\/16030901458965.jpg\" alt=\"produit-Hommy-img\" title=\"\" width=\"350\" height=\"500\" border=\"0\" vspace=\"0\" style=\"width: 350px;height: 500px\"><\/p>\n<\/div>\n<\/div>\n<div class=\"col-md-6 col-sm-6 col-xs-6\">\n<div class=\"right-p\">\n<div class=\"h2 heading\">\n<p style=\"margin: 0 0 0 28px;text-indent: 0;padding: 0;vertical-align: baseline\"><span style=\"letter-spacing: 0px;font-family: arial, helvetica, sans-serif;font-size: 16px\">2. Nous avons diff\u00e9rents moules \u00e0 sucettes glac\u00e9es pour que vous puissiez les choisir.&nbsp;<\/span><\/p>\n<p style=\"margin: 0 0 0 28px;text-indent: 0;padding: 0;vertical-align: baseline\"><span style=\"letter-spacing: 0px;font-family: arial, helvetica, sans-serif;font-size: 16px\"><br \/><\/span><\/p>\n<p style=\"margin: 0 0 0 28px;text-indent: 0;padding: 0;vertical-align: baseline\"><span style=\"letter-spacing: 0px;font-family: arial, helvetica, sans-serif;font-size: 16px\"><br \/><\/span><\/p>\n<p style=\"margin: 0 0 0 28px;text-indent: 0;padding: 0;vertical-align: baseline\"><span style=\"letter-spacing: 0px;font-family: arial, helvetica, sans-serif;font-size: 16px\"><br \/><\/span><\/p>\n<p style=\"margin: 0 0 0 28px;text-indent: 0;padding: 0;vertical-align: baseline\"><span style=\"letter-spacing: 0px;font-family: arial, helvetica, sans-serif;font-size: 16px\"><br \/><\/span><\/p>\n<\/div>\n<\/div>\n<div class=\"graphic_pic animated wow bounceIn\" data-wow-delay=\".7s\"><img decoding=\"async\" src=\"https:\/\/www.hommy.com\/wp-content\/uploads\/16030901786336.png\" alt=\"produit-Hommy-img\" title=\"\"><br \/>\n &nbsp; &nbsp; &nbsp; &nbsp; &nbsp; &nbsp;<\/div>\n<\/div>\n<\/div>\n<\/div>\n<div class=\"d-tem01-graphic tem01-graphic mockup\" data-detail=\"wrap\">\n<div class=\"cont-section clearfix d-clearfix\">\n<div class=\"col-md-6 col-sm-6 col-xs-6\">\n<div class=\"right-p\">\n<div class=\"h2 heading\">\n<p style=\"margin-left:28px;text-indent:0\"><span style=\"font-family: arial, helvetica, sans-serif\"><span style=\"letter-spacing: 0px;font-size: 16px\">3. La machine \u00e0 l'int\u00e9rieur du syst\u00e8me de refroidissement est tr\u00e8s puissante et produit un lot en 15 \u00e0 20 minutes, ce qui permet de passer la temp\u00e9rature.&nbsp;<\/span><span style=\"font-size: 16px;letter-spacing: 0px\">-18 ou -20 degr\u00e9s .<\/span><\/span><\/p>\n<p style=\"margin-left:28px;text-indent:0\"><\/p>\n<p style=\"margin-left:28px;text-indent:0\"><span style=\"font-family: arial, helvetica, sans-serif\"><span style=\"font-size: 16px;letter-spacing: 0px\"><br \/><\/span><\/span><\/p>\n<\/div>\n<\/div>\n<div class=\"graphic_pic animated wow bounceIn\" data-wow-delay=\".7s\">\n<p style=\"text-align:center\"><img loading=\"lazy\" decoding=\"async\" src=\"https:\/\/www.hommy.com\/wp-content\/uploads\/16030902046059.jpg\" alt=\"produit-Hommy-img\" title=\"\" width=\"300\" height=\"500\" border=\"0\" vspace=\"0\" style=\"width: 300px;height: 500px\"><\/p>\n<\/div>\n<\/div>\n<div class=\"col-md-6 col-sm-6 col-xs-6\">\n<div class=\"right-p\">\n<div class=\"h2 heading\">\n<p style=\"margin-left:28px;text-indent:0\"><span style=\"letter-spacing: 0px;font-size: 16px;font-family: arial, helvetica, sans-serif\">4. Lorsque le barreau d'agitation en acier inoxydable \u00e0 haut rendement tourne, il g\u00e9n\u00e8re un flux d'eau qui acc\u00e9l\u00e8re la vitesse de refroidissement.<\/span><\/p>\n<p style=\"margin-left:28px;text-indent:0\"><span style=\"letter-spacing: 0px;font-size: 16px;font-family: arial, helvetica, sans-serif\"><br \/><\/span><\/p>\n<p style=\"margin-left:28px;text-indent:0\"><span style=\"letter-spacing: 0px;font-size: 16px;font-family: arial, helvetica, sans-serif\"><br \/><\/span><\/p>\n<\/div>\n<\/div>\n<div class=\"graphic_pic animated wow bounceIn\" data-wow-delay=\".7s\">\n<p style=\"text-align:center\"><img loading=\"lazy\" decoding=\"async\" src=\"https:\/\/www.hommy.com\/wp-content\/uploads\/16030902351273.jpg\" alt=\"produit-HM-PM-5 machine \u00e0 sucettes glac\u00e9es-Hommy-img\" title=\"\" width=\"300\" height=\"500\" border=\"0\" vspace=\"0\" style=\"width: 300px;height: 500px\"><\/p>\n<\/div>\n<\/div>\n<\/div>\n<\/div>\n<p><span style=\"font-family: arial, helvetica, sans-serif;font-size: 16px\">Document\uff1a<\/span><img decoding=\"async\" src=\"https:\/\/www.hommy.com\/wp-content\/uploads\/icon_pdf-64.gif\" style=\"margin-right: 2px\" alt=\"produit-Hommy-img-1\" title=\"\"><a href=\"https:\/\/img80002414.weyesimg.com\/uploads\/www.hommy.com\/addon\/16028373965169.pdf\" title=\"16028373965169.pdf\" style=\"font-size: 12px\">16028373965169.pdf<\/a><\/p>\n<h2>Pourquoi ma glace maison n'est-elle pas cr\u00e9meuse ?<\/h2>\n<p style=\"margin-top: 5px;margin-bottom: 5px\"><\/p>\n<p style=\"margin-top: 5px;margin-bottom: 5px\">Je fais ma propre glace depuis des ann\u00e9es et je n'ai jamais eu de probl\u00e8me. Cependant, apr\u00e8s quelques semaines, j'ai d\u00e9cid\u00e9 d'en faire pour mon fr\u00e8re et j'ai remarqu\u00e9 qu'elle n'\u00e9tait plus aussi cr\u00e9meuse qu'avant. J'ai pens\u00e9 que c'\u00e9tait peut-\u00eatre parce qu'elle datait de plus d'une semaine, alors j'en ai refait une nouvelle fourn\u00e9e le lendemain. C'\u00e9tait toujours la m\u00eame chose.<\/p>\n<p style=\"margin-top: 5px;margin-bottom: 5px\"><\/p>\n<h2>Pourquoi les boissons gazeuses me rendent-elles malade ?<\/h2>\n<p style=\"margin-top: 5px;margin-bottom: 5px\"><\/p>\n<p style=\"margin-top: 5px;margin-bottom: 5px\">J'ai un petit probl\u00e8me qui me pr\u00e9occupe depuis un an. Je suis v\u00e9g\u00e9talienne, intol\u00e9rante au lactose, et j'ai r\u00e9cemment d\u00e9couvert l'existence de la glace \u00e0 l'italienne. J'ai du mal \u00e0 l'avaler, mais j'aime bien y go\u00fbter. Le probl\u00e8me, c'est que lorsque je mange de la glace \u00e0 l'italienne, cela me rend extr\u00eamement malade. Je n'ai eu aucun probl\u00e8me \u00e0 ce sujet au cours de l'ann\u00e9e \u00e9coul\u00e9e, mais soudain, cette semaine, mon estomac a \u00e9t\u00e9 constamment en feu.<\/p>\n<p style=\"margin-top: 5px;margin-bottom: 5px\"><\/p>\n<h2>La glace \u00e0 l'italienne se d\u00e9grade-t-elle au cong\u00e9lateur ?<\/h2>\n<p style=\"margin-top: 5px;margin-bottom: 5px\"><\/p>\n<p style=\"margin-top: 5px;margin-bottom: 5px\">J'ai achet\u00e9 une pinte de glace \u00e0 l'italienne chez un glacier local, et elle est au cong\u00e9lateur depuis environ une semaine. J'ai invit\u00e9 un ami la semaine derni\u00e8re et lorsque je l'ai ouverte pour lui, elle avait une texture bizarre<\/p>\n<\/div><\/div>","protected":false},"excerpt":{"rendered":"<p>Ice Popsicle Machine &nbsp;Ice Popsicle Machine|Product Features|PRODUCT SPECIFICATION|Product Advantage Our ice lolly machine is well-tested and examined at various stages of manufacturing by our team of quality controllers. We are backed with the most advanced machinery and cutting-edge technology to provide quality products to our clients at industry leading prices. Apart from this, we also [&hellip;]<\/p>\n","protected":false},"featured_media":888,"comment_status":"open","ping_status":"open","template":"","meta":{"_swt_meta_header_display":false,"_swt_meta_footer_display":false,"_swt_meta_site_title_display":false,"_swt_meta_sticky_header":false,"_swt_meta_transparent_header":false},"product_brand":[],"product_cat":[84],"product_tag":[],"class_list":{"0":"post-895","1":"product","2":"type-product","3":"status-publish","4":"has-post-thumbnail","6":"product_cat-popsicle-machine","8":"first","9":"instock","10":"shipping-taxable","11":"product-type-simple"},"_links":{"self":[{"href":"https:\/\/www.hommy.com\/fr\/wp-json\/wp\/v2\/product\/895","targetHints":{"allow":["GET"]}}],"collection":[{"href":"https:\/\/www.hommy.com\/fr\/wp-json\/wp\/v2\/product"}],"about":[{"href":"https:\/\/www.hommy.com\/fr\/wp-json\/wp\/v2\/types\/product"}],"replies":[{"embeddable":true,"href":"https:\/\/www.hommy.com\/fr\/wp-json\/wp\/v2\/comments?post=895"}],"wp:featuredmedia":[{"embeddable":true,"href":"https:\/\/www.hommy.com\/fr\/wp-json\/wp\/v2\/media\/888"}],"wp:attachment":[{"href":"https:\/\/www.hommy.com\/fr\/wp-json\/wp\/v2\/media?parent=895"}],"wp:term":[{"taxonomy":"product_brand","embeddable":true,"href":"https:\/\/www.hommy.com\/fr\/wp-json\/wp\/v2\/product_brand?post=895"},{"taxonomy":"product_cat","embeddable":true,"href":"https:\/\/www.hommy.com\/fr\/wp-json\/wp\/v2\/product_cat?post=895"},{"taxonomy":"product_tag","embeddable":true,"href":"https:\/\/www.hommy.com\/fr\/wp-json\/wp\/v2\/product_tag?post=895"}],"curies":[{"name":"wp","href":"https:\/\/api.w.org\/{rel}","templated":true}]}}