{"id":887,"date":"2024-07-02T17:09:38","date_gmt":"2024-07-02T17:09:38","guid":{"rendered":"http:\/\/localhost\/hommywp\/rolling-popsicle-machine-display-freezer-rotating-ice-lolly\/"},"modified":"2025-08-01T09:57:46","modified_gmt":"2025-08-01T09:57:46","slug":"machine-a-glace-roulante-hm-pm-1","status":"publish","type":"product","link":"https:\/\/www.hommy.com\/fr\/p\/machine-a-glace-roulante-hm-pm-1\/","title":{"rendered":"Machine \u00e0 glace roulante et cong\u00e9lateur d'\u00e9talage, sucette glac\u00e9e rotative"},"content":{"rendered":"<div>\n<p style=\"text-align: center\"><span style=\"font-family:\u5b8b\u4f53;letter-spacing:0;font-size:29px\"><br \/><\/span><\/p>\n<h2 style=\"text-align: center\"><strong><span style=\"letter-spacing: 0px;font-family: arial, helvetica, sans-serif;font-size: 24px\"><a name=\"DIY POPSICLE MACHINE\"><\/a>MACHINE \u00c0 POPSICLE DIY<\/span><\/strong><\/h2>\n<p style=\"text-align: center\"><a href=\"#DIY POPSICLE MACHINE\" target=\"_self\" data-lv=\"0\" rel=\"noopener\"><span style=\"font-size: 16px\"><span style=\"letter-spacing: 0px;font-family: arial, helvetica, sans-serif\">MACHINE \u00c0 POPSICLE DIY<\/span><\/span><\/a><span style=\"font-size: 16px\"><span style=\"letter-spacing: 0px;font-family: arial, helvetica, sans-serif\">|<a href=\"#Product Features\" target=\"_self\" data-lv=\"0\" rel=\"noopener\">Caract\u00e9ristiques du produit<\/a>|<a href=\"#Product specification\" target=\"_self\" data-lv=\"0\" rel=\"noopener\">Sp\u00e9cification du produit<\/a>|<a href=\"#Product Advantage\" target=\"_self\" data-lv=\"0\" rel=\"noopener\">Avantages du produit<\/a><\/span><\/span><\/p>\n<p><strong><span style=\"letter-spacing: 0px;font-family: arial, helvetica, sans-serif;font-size: 24px\"><br \/><\/span><\/strong><\/p>\n<p style=\"text-align: center\">&nbsp;&nbsp;&nbsp;&nbsp;<\/p>\n<p>Nos machines \u00e0 glace roulante sont parfaites pour tous ceux qui aiment les glaces ! Elles sont parfaites pour l'\u00e9t\u00e9 ou \u00e0 n'importe quel moment de l'ann\u00e9e. Avec nos machines, vous pouvez fabriquer vos propres sucettes glac\u00e9es et les vendre \u00e0 vos clients \u00e0 tout moment.<\/p>\n<p>C'est une fa\u00e7on amusante, facile et d\u00e9licieuse de d\u00e9guster des sucettes glac\u00e9es. Ne cherchez pas plus loin que nos machines \u00e0 sucettes glac\u00e9es \u00e0 roulettes ! Commandez la v\u00f4tre d\u00e8s aujourd'hui et commencez \u00e0 profiter de la commodit\u00e9 des sucettes glac\u00e9es faites maison, \u00e0 tout moment et en tout lieu.<\/p>\n<p><\/p>\n<div class=\"d-tem01-graphic tem01-graphic mockup\" data-detail=\"wrap\">\n<div class=\"cont-section clearfix d-clearfix\">\n<div class=\"col-md-6 col-sm-6 col-xs-6\">\n<div class=\"right-p\">\n<div class=\"h2 heading\">\n<p style=\"text-align:center\"><img loading=\"lazy\" decoding=\"async\" src=\"https:\/\/www.hommy.com\/wp-content\/uploads\/16031784192000.jpg\" alt=\"produit-Hommy-img\" style=\"font-size: 14px;width: 400px;height: 500px\" title=\"\" width=\"400\" height=\"500\" border=\"0\" vspace=\"0\"><\/p>\n<p><span style=\"font-size: 14px\">&nbsp; &nbsp; &nbsp; &nbsp; &nbsp; &nbsp; &nbsp;<\/span><\/div>\n<\/div>\n<\/div>\n<div class=\"col-md-6 col-sm-6 col-xs-6\">\n<div class=\"right-p\">\n<div class=\"h2 heading\">\n<h2 style=\"margin: 0px;text-indent: 0px;text-align: justify\"><strong><span style=\"letter-spacing: 0px;font-family: arial, helvetica, sans-serif;font-size: 24px\"><a name=\"Product Features\"><\/a>Caract\u00e9ristiques du produit<\/span><\/strong><span style=\"font-family:\u5b8b\u4f53;letter-spacing:0;font-size:29px\"> &nbsp;<\/span><\/h2>\n<p style=\"margin-top:0;margin-right:0;margin-bottom:0;margin-left:0;text-indent:0;text-align:justify\"><span style=\"font-family:\u5b8b\u4f53;letter-spacing:0;font-size:29px\">&nbsp;<\/span><\/p>\n<p style=\"text-align:justify\"><span style=\"letter-spacing: 0px;font-size: 20px;font-family: arial, helvetica, sans-serif\">\u25c6 vous pouvez faire des popsicles de couleurs diff\u00e9rentes DIY &nbsp;<\/span><\/p>\n<p style=\"text-align:justify\"><span style=\"letter-spacing: 0px;font-size: 20px;font-family: arial, helvetica, sans-serif\"><span style=\"letter-spacing: 0px;font-family: Calibri;font-size: 20px;text-align: justify\">\u25c6&nbsp;<\/span><span style=\"letter-spacing: 0px;font-size: 20px;font-family: Calibri\">Agr\u00e9\u00e9 CE, la qualit\u00e9 est garantie<\/span><\/span><\/p>\n<p style=\"text-align:justify\"><span style=\"letter-spacing: 0px;font-size: 20px;font-family: arial, helvetica, sans-serif\"><span style=\"letter-spacing: 0px;font-family: Calibri;font-size: 20px;text-align: justify\">\u25c6&nbsp;<\/span><span style=\"letter-spacing: 0px;font-size: 20px;font-family: Calibri\">La temp\u00e9rature peut \u00eatre r\u00e9gl\u00e9e automatiquement. <\/span><\/span><\/p>\n<p style=\"text-align:justify\"><span style=\"font-family: arial, helvetica, sans-serif\"><span style=\"font-family: Calibri;letter-spacing: 0px;font-size: 20px\"><span style=\"font-family: Calibri;font-size: 20px;text-align: justify\">\u25c6&nbsp;<\/span><span style=\"font-family: Calibri\">Avec bac de refroidissement en acier inoxydable 304 <\/span><\/span><span style=\"font-family: \u5b8b\u4f53;letter-spacing: 0px;font-size: 20px\">.<\/span><\/span><\/p>\n<p style=\"text-align:justify\"><span style=\"font-family: arial, helvetica, sans-serif\"><span style=\"font-family: Calibri;letter-spacing: 0px;font-size: 20px\"><span style=\"font-family: Calibri;font-size: 20px;text-align: justify\">\u25c6<\/span><span style=\"font-family: Calibri\">Refroidissement rapide, production \u00e9lev\u00e9e. Refroidissement rapide, il suffit d'un peu de temps. <\/span><\/span><span style=\"font-family: \u5b8b\u4f53;letter-spacing: 0px;font-size: 20px\">5-8 minutes <\/span><span style=\"font-family: Calibri;letter-spacing: 0px;font-size: 20px\">pour produire <\/span><span style=\"font-family: \u5b8b\u4f53;letter-spacing: 0px;font-size: 20px\">50pcs Popsicle.<\/span><\/span><\/p>\n<p style=\"text-align:justify\"><span style=\"letter-spacing: 0px;font-size: 20px;font-family: arial, helvetica, sans-serif\"><span style=\"letter-spacing: 0px;font-family: Calibri;font-size: 20px;text-align: justify\">\u25c6&nbsp;<\/span> <span style=\"letter-spacing: 0px;font-size: 20px;font-family: Calibri\">Tr\u00e8s facile \u00e0 utiliser et \u00e0 entretenir<\/span><\/span><\/p>\n<p style=\"text-align:justify\"><span style=\"letter-spacing: 0px;font-size: 20px;font-family: arial, helvetica, sans-serif\"><span style=\"letter-spacing: 0px;font-family: Calibri;font-size: 20px;text-align: justify\">\u25c6&nbsp;&nbsp;<\/span><span style=\"letter-spacing: 0px;font-size: 20px;font-family: Calibri\">Protection contre les surintensit\u00e9s et les basses tensions<\/span><\/span><\/p>\n<p style=\"text-align:justify\"><span style=\"letter-spacing: 0px;font-size: 20px;font-family: arial, helvetica, sans-serif\"><span style=\"letter-spacing: 0px;font-family: Calibri;font-size: 20px;text-align: justify\">\u25c6<\/span><span style=\"letter-spacing: 0px;font-size: 20px;font-family: Calibri\">Avec un manuel et des vid\u00e9os pour apprendre \u00e0 utiliser les machines.<\/span><\/span><\/p>\n<p style=\"text-align:justify\"><span style=\"font-family: arial, helvetica, sans-serif\"><span style=\"font-family: Calibri;letter-spacing: 0px;font-size: 20px\"><span style=\"font-family: Calibri;font-size: 20px;text-align: justify\">\u25c6&nbsp;&nbsp;<\/span><span style=\"font-family: Calibri\">Sucettes glac\u00e9es diverses\/<\/span><\/span><span style=\"font-family: \u5b8b\u4f53;letter-spacing: 0px;font-size: 20px\">Popsicle<\/span><span style=\"font-family: Calibri;letter-spacing: 0px;font-size: 20px\">&nbsp;moulage au choix.<\/span><\/span><\/p>\n<\/div>\n<\/div>\n<p>&nbsp; &nbsp; &nbsp; &nbsp; &nbsp; &nbsp;<\/p><\/div>\n<\/div>\n<\/div>\n<h2><strong><span style=\"letter-spacing: 0px;font-family: arial, helvetica, sans-serif;font-size: 24px\"><a name=\"Product specification\"><\/a>Sp\u00e9cification du produit<\/span><\/strong><\/h2>\n<p><img decoding=\"async\" src=\"https:\/\/www.hommy.com\/wp-content\/uploads\/16031752463335.png\" alt=\"produit-Hommy-img\" title=\"\"><\/p>\n<p><\/p>\n<h2><strong><span style=\"letter-spacing: 0px;font-family: arial, helvetica, sans-serif;font-size: 24px\"><a name=\"Product Advantage\"><\/a>Avantages du produit<\/span><\/strong><\/h2>\n<p><strong><span style=\"letter-spacing: 0px;font-family: arial, helvetica, sans-serif;font-size: 24px\"><\/span><\/strong><\/p>\n<div class=\"d-tem01-graphic tem01-graphic mockup\" data-detail=\"wrap\">\n<div class=\"cont-section clearfix d-clearfix\">\n<div class=\"col-md-6 col-sm-6 col-xs-6\">\n<div class=\"right-p\">\n<div class=\"h2 heading\">\n<p style=\"margin: 0 0 0 28px;text-indent: 0;padding: 0;vertical-align: baseline\"><span style=\"letter-spacing: 0px;font-family: arial, helvetica, sans-serif;font-size: 16px\">1. R\u00e9servoir de saumure SS304 - Mat\u00e9riau antirouille, qui assure une plus longue dur\u00e9e de vie \u00e0 la machine.<\/span><\/p>\n<\/div>\n<\/div>\n<div class=\"graphic_pic animated wow bounceIn\" data-wow-delay=\".7s\">\n<p style=\"text-align:center\"><img loading=\"lazy\" decoding=\"async\" src=\"https:\/\/www.hommy.com\/wp-content\/uploads\/16031753388322.png\" alt=\"produit-Hommy-img\" title=\"\" width=\"350\" height=\"500\" border=\"0\" vspace=\"0\" style=\"width: 350px;height: 500px\"><\/p>\n<\/div>\n<\/div>\n<div class=\"col-md-6 col-sm-6 col-xs-6\">\n<div class=\"right-p\">\n<div class=\"h2 heading\">\n<p><span style=\"letter-spacing: 0px;font-family: arial, helvetica, sans-serif;font-size: 16px\">2. 3 sortes de sucettes glac\u00e9es au choix.<\/span><\/p>\n<\/div>\n<\/div>\n<div class=\"graphic_pic animated wow bounceIn\" data-wow-delay=\".7s\">\n<p style=\"text-align:center\"><img loading=\"lazy\" decoding=\"async\" src=\"https:\/\/www.hommy.com\/wp-content\/uploads\/16031753751185.jpg\" alt=\"produit-Hommy-img\" title=\"\" width=\"350\" height=\"500\" border=\"0\" vspace=\"0\" style=\"width: 350px;height: 500px\"><\/p>\n<\/div>\n<\/div>\n<\/div>\n<\/div>\n<p><\/p>\n<div class=\"d-tem01-graphic tem01-graphic mockup\" data-detail=\"wrap\">\n<div class=\"cont-section clearfix d-clearfix\">\n<div class=\"col-md-6 col-sm-6 col-xs-6\">\n<div class=\"right-p\">\n<div class=\"h2 heading\">\n<p style=\"margin: 0 0 0 28px;text-indent: 0;padding: 0;vertical-align: baseline\"><span style=\"font-family: arial, helvetica, sans-serif;letter-spacing: 0px;font-size: 16px\">3.  La machine est \u00e9quip\u00e9e d'un petit bac avec fonction de d\u00e9givrage pour le d\u00e9moulage.<\/span><\/p>\n<\/div>\n<\/div>\n<div class=\"graphic_pic animated wow bounceIn\" data-wow-delay=\".7s\">\n<p style=\"text-align:center\"><img loading=\"lazy\" decoding=\"async\" src=\"https:\/\/www.hommy.com\/wp-content\/uploads\/16031754762949.png\" alt=\"produit-Hommy-HM-PM-1 Rolling Popsicle Machine-img\" title=\"\" width=\"350\" height=\"500\" border=\"0\" vspace=\"0\" style=\"width: 350px;height: 500px\"><\/p>\n<\/div>\n<\/div>\n<div class=\"col-md-6 col-sm-6 col-xs-6\">\n<div class=\"right-p\">\n<div class=\"h2 heading\">\n<p><span style=\"font-family: arial, helvetica, sans-serif;letter-spacing: 0px;font-size: 16px\">4. Un couvercle en plastique se trouve sur le dessus de la machine pour emp\u00eacher la poussi\u00e8re de s'accumuler.&nbsp;<\/span><\/p>\n<\/div>\n<\/div>\n<div class=\"graphic_pic animated wow bounceIn\" data-wow-delay=\".7s\">\n<p style=\"text-align:center\"><img loading=\"lazy\" decoding=\"async\" src=\"https:\/\/www.hommy.com\/wp-content\/uploads\/16031754972127.png\" alt=\"produit-HM-PM-1 Machine \u00e0 glace roulante-Hommy-img\" title=\"\" width=\"350\" height=\"500\" border=\"0\" vspace=\"0\" style=\"width: 350px;height: 500px\"><\/p>\n<\/div>\n<\/div>\n<\/div>\n<\/div>\n<p><\/p>\n<p>Document\uff1a<img decoding=\"async\" src=\"https:\/\/www.hommy.com\/wp-content\/uploads\/icon_pdf-63.gif\" style=\"margin-right: 2px\" alt=\"produit-Hommy-img-1\" title=\"\"><a href=\"https:\/\/img80002414.weyesimg.com\/uploads\/www.hommy.com\/addon\/16031756847293.pdf\" title=\"16031756847293.pdf\" style=\"font-size: 12px\">16031756847293.pdf<\/a><\/p>\n<h2 style=\"font-family: sans-serif\">L'entreprise Popsicle est-elle rentable ?<\/h2>\n<p style=\"margin-top: 5px;margin-bottom: 5px;font-family: sans-serif;font-size: 16px\">Le commerce de sucettes glac\u00e9es est une activit\u00e9 qui consiste \u00e0 fabriquer et \u00e0 vendre des sucettes glac\u00e9es. Vous pouvez l'exploiter \u00e0 partir de votre domicile ou en ouvrant un magasin. Si vous exploitez un commerce de sucettes glac\u00e9es \u00e0 partir de votre domicile, vous pouvez vendre des sucettes glac\u00e9es \u00e0 vos clients \u00e0 la porte. Vous pouvez \u00e9galement livrer des sucettes \u00e0 vos clients. Si vous tenez un magasin, vous pouvez vendre des sucettes glac\u00e9es \u00e0 partir de votre magasin. Vous pouvez \u00e9galement livrer des sucettes glac\u00e9es \u00e0 vos clients.<\/p>\n<p style=\"margin-top: 5px;margin-bottom: 5px;font-family: sans-serif;font-size: 16px\"><\/p>\n<h2 style=\"font-family: sans-serif\">Quelle est la dur\u00e9e de vie d'une glace ?<\/h2>\n<p style=\"margin-top: 5px;margin-bottom: 5px;font-family: sans-serif;font-size: 16px\">Lorsque j'ach\u00e8te des sucettes glac\u00e9es, quelle est leur dur\u00e9e de conservation ? Pour toutes les glaces \u00e0 congeler, vous pouvez vous attendre \u00e0 ce qu'elles se conservent jusqu'\u00e0 trois mois dans le cong\u00e9lateur. C'est une bonne dur\u00e9e. Gardez simplement \u00e0 l'esprit que plus vous les conservez longtemps, plus vous risquez d'avoir des br\u00fblures de cong\u00e9lation.<\/p>\n<p style=\"margin-top: 5px;margin-bottom: 5px;font-family: sans-serif;font-size: 16px\"><\/p>\n<h2 style=\"font-family: sans-serif\">Comment conserver les aliments congel\u00e9s lors d'un voyage en voiture ?&nbsp;<\/h2>\n<p style=\"margin-top: 5px;margin-bottom: 5px;font-family: sans-serif;font-size: 16px\">C'est une question que l'on nous pose souvent. Comment conserver des aliments congel\u00e9s lors d'un voyage en voiture ? Lorsque nous recevons cette question, nous r\u00e9pondons que vous pouvez mettre les aliments dans une bouteille d'eau fra\u00eeche, la placer dans le cong\u00e9lateur et ils resteront congel\u00e9s pendant tr\u00e8s longtemps. Vous pouvez \u00e9galement mettre les aliments dans une glaci\u00e8re et la garder dans le coffre de votre voiture.<\/p>\n<\/div><\/div>","protected":false},"excerpt":{"rendered":"<p>DIY POPSICLE MACHINE DIY POPSICLE MACHINE|Product Features|Product specification|Product Advantage &nbsp;&nbsp;&nbsp;&nbsp; Our Rolling Popsicle Machines are perfect for anyone who loves popsicles! They&#039;re perfect for summertime fun, or any time of year. With our machines, you can make your own popsicles and sell to customer anytime. It is a fun, easy, and delicious way to enjoy [&hellip;]<\/p>\n","protected":false},"featured_media":880,"comment_status":"open","ping_status":"open","template":"","meta":{"_swt_meta_header_display":false,"_swt_meta_footer_display":false,"_swt_meta_site_title_display":false,"_swt_meta_sticky_header":false,"_swt_meta_transparent_header":false},"product_brand":[],"product_cat":[84],"product_tag":[],"class_list":{"0":"post-887","1":"product","2":"type-product","3":"status-publish","4":"has-post-thumbnail","6":"product_cat-popsicle-machine","8":"first","9":"instock","10":"shipping-taxable","11":"product-type-simple"},"_links":{"self":[{"href":"https:\/\/www.hommy.com\/fr\/wp-json\/wp\/v2\/product\/887","targetHints":{"allow":["GET"]}}],"collection":[{"href":"https:\/\/www.hommy.com\/fr\/wp-json\/wp\/v2\/product"}],"about":[{"href":"https:\/\/www.hommy.com\/fr\/wp-json\/wp\/v2\/types\/product"}],"replies":[{"embeddable":true,"href":"https:\/\/www.hommy.com\/fr\/wp-json\/wp\/v2\/comments?post=887"}],"wp:featuredmedia":[{"embeddable":true,"href":"https:\/\/www.hommy.com\/fr\/wp-json\/wp\/v2\/media\/880"}],"wp:attachment":[{"href":"https:\/\/www.hommy.com\/fr\/wp-json\/wp\/v2\/media?parent=887"}],"wp:term":[{"taxonomy":"product_brand","embeddable":true,"href":"https:\/\/www.hommy.com\/fr\/wp-json\/wp\/v2\/product_brand?post=887"},{"taxonomy":"product_cat","embeddable":true,"href":"https:\/\/www.hommy.com\/fr\/wp-json\/wp\/v2\/product_cat?post=887"},{"taxonomy":"product_tag","embeddable":true,"href":"https:\/\/www.hommy.com\/fr\/wp-json\/wp\/v2\/product_tag?post=887"}],"curies":[{"name":"wp","href":"https:\/\/api.w.org\/{rel}","templated":true}]}}