{"id":879,"date":"2024-07-02T17:01:35","date_gmt":"2024-07-02T17:01:35","guid":{"rendered":"http:\/\/localhost\/hommywp\/hm-pm-3a-ice-popsicle-machine-supplier-pass-ul-certificate\/"},"modified":"2025-08-01T09:57:45","modified_gmt":"2025-08-01T09:57:45","slug":"machine-a-sucettes-glacees-machine-a-sucettes-glacees-numero-de-modele-hm-pm-3","status":"publish","type":"product","link":"https:\/\/www.hommy.com\/fr\/p\/machine-a-sucettes-glacees-machine-a-sucettes-glacees-numero-de-modele-hm-pm-3\/","title":{"rendered":"Hm-Pm-3a Machine \u00e0 gla\u00e7ons Fournisseur Certificat Ul"},"content":{"rendered":"<div>\n<p>&nbsp;<\/p>\n<h2 style=\"text-align: center\"><strong style=\"color: inherit;font-family: inherit\"><span style=\"letter-spacing: 0px;font-size: 29px;font-family: arial, helvetica, sans-serif\"><a name=\"Ice Popsicle Machine\"><\/a>Machine \u00e0 glace<\/span><\/strong><strong><span style=\"font-size: 24px\"><span style=\"text-align: center;font-family: arial, helvetica, sans-serif\"><a name=\"Popsicle machine \/ ice lolly machine \/ Popsicle maker model\"><\/a><\/span><\/span><\/strong><\/h2>\n<p style=\"text-align: center\"><a href=\"#Ice Popsicle Machine\" target=\"_self\" data-lv=\"0\" rel=\"noopener\"><span style=\"font-size: 16px;font-family: arial, helvetica, sans-serif\">Machine \u00e0 glace<\/span><\/a><span style=\"font-size: 16px;font-family: arial, helvetica, sans-serif\">|<a href=\"#Product Features\" target=\"_self\" data-lv=\"0\" rel=\"noopener\">Caract\u00e9ristiques du produit<\/a>|<a href=\"#Product specification\" target=\"_self\" data-lv=\"0\" rel=\"noopener\">Sp\u00e9cification du produit<\/a>|<a href=\"#PRODUCT ADVANTAGE\" target=\"_self\" data-lv=\"0\" rel=\"noopener\">AVANTAGE DU PRODUIT<\/a><\/span><\/p>\n<p style=\"text-align: center\"><video src=\"https:\/\/img80002414.weyesimg.com\/uploads\/wij2rdgc.allweyes.com\/video\/15553775925221.mp4\" preload=\"none\" controls=\"\" poster=\"https:\/\/img80002414.weyesimg.com\/uploads\/wij2rdgc.allweyes.com\/images\/15553775679295.jpg\" data-setup=\"{}\" width=\"900\" height=\"640\"><\/video><\/p>\n<p>&nbsp;<\/p>\n<p>L'unit\u00e9 fabriqu\u00e9e est tr\u00e8s facile \u00e0 utiliser et est disponible dans diff\u00e9rentes sp\u00e9cifications pour r\u00e9pondre aux divers besoins de nos clients. Nos machines \u00e0 glace sont tr\u00e8s utiles pour servir diff\u00e9rents parfums de glace \u00e0 nos clients. Achetez maintenant !<\/p>\n<p><\/p>\n<p>Les machines \u00e0 glace propos\u00e9es sont con\u00e7ues \u00e0 partir de composants de qualit\u00e9 optimale et sont tr\u00e8s appr\u00e9ci\u00e9es par nos clients pour leur qualit\u00e9 exceptionnelle. Elles sont propos\u00e9es dans diff\u00e9rentes options d'emballage afin que nos clients puissent y acc\u00e9der de n'importe o\u00f9. Nous sommes l'un des principaux fournisseurs de machines \u00e0 glace en Chine. Nous proposons \u00e0 nos clients des machines \u00e0 gla\u00e7ons \u00e0 des prix marginaux.<\/p>\n<div class=\"d-tem11-graphic tem11-graphic mockup\" data-detail=\"wrap\">\n<div class=\"tab_row\">\n<h2 style=\"width: 50%\"><img decoding=\"async\" title=\"\" alt=\"produit-Hommy-img\" src=\"https:\/\/www.hommy.com\/wp-content\/uploads\/15553809099207.jpg\"><\/h2>\n<div class=\"text_box\" style=\"width: 50%\">\n<div class=\"txt\">\n<div class=\"title\">\n<h2><strong><span style=\"text-align: justify;font-family: arial, helvetica, sans-serif;font-size: 24px\"><a name=\"Product Features\"><\/a>Caract\u00e9ristiques du produit<\/span><\/strong><\/h2>\n<p><span style=\"font-family: \u5b8b\u4f53;font-size: 29px;text-align: justify\"><br \/><\/span><\/p>\n<\/div>\n<p style=\"margin-left:32px\"><span style=\"font-family:Calibri;font-size:16px\">- La machine est d'apparence luxueuse, facile \u00e0 utiliser et peu co\u00fbteuse \u00e0 entretenir.<\/span><\/p>\n<p style=\"margin-left:32px\"><span style=\"font-family:Calibri;font-size:16px\">- L'int\u00e9rieur du r\u00e9servoir est en acier inoxydable pur qui r\u00e9siste \u00e0 l'\u00e9rosion par l'acide chlorhydrique.<\/span><\/p>\n<p style=\"margin-left:32px\"><span style=\"font-family:Calibri;font-size:16px\">- L'utilisation est facile<\/span><span style=\"font-family:\u5b8b\u4f53;font-size:16px\">.<\/span><\/p>\n<p style=\"margin-left:32px\"><span style=\"font-family:Calibri;font-size:16px\">- Plusieurs types de moules \u00e0 glace pour la s\u00e9lection.<\/span><\/p>\n<p style=\"margin-left:32px\"><span style=\"font-family:Calibri;font-size:16px\">- Acier inoxydable<\/span><span style=\"font-family:\u5b8b\u4f53;font-size:16px\">l<\/span><span style=\"font-family:Calibri;font-size:16px\">! le moule peut r\u00e9sister \u00e0 l'\u00e9rosion.<\/span><\/p>\n<p style=\"margin-left:32px\"><span style=\"font-family:Calibri;font-size:16px\">- Les moules sont dot\u00e9s d'une fonction d'auto-coquillage et sont faciles \u00e0 utiliser. <\/span><span style=\"font-family:\u5b8b\u4f53;font-size:16px\">.<\/span><\/p>\n<p style=\"margin-left:32px\"><span style=\"font-family:Calibri;font-size:16px\">- Air<\/span><span style=\"font-family:\u5b8b\u4f53;font-size:16px\">&nbsp;<\/span><span style=\"font-family:Calibri;font-size:16px\">La couverture \u00e9tanche permet de conserver l'utilisation du mat\u00e9riel pendant une longue p\u00e9riode.<\/span><\/p>\n<p style=\"margin-left:32px\"><span style=\"font-family:Calibri;font-size:16px\">- Faibles investissements pour une production maximale<\/span><span style=\"font-family:\u5b8b\u4f53;font-size:16px\">.<\/span><\/p>\n<p style=\"margin-left:32px\"><span style=\"font-family:Calibri;font-size:16px\">- Tirer profit de l'eau, un potentiel de profit incroyable <\/span><span style=\"font-family:\u5b8b\u4f53;font-size:16px\">.<\/span><\/p>\n<p style=\"margin-left:32px\"><span style=\"font-family:Calibri;font-size:16px\">- Vous pouvez utiliser une seule machine pour produire 3 types de produits : <\/span><span style=\"font-family:\u5b8b\u4f53;font-size:16px\">P<\/span><span style=\"font-family:Calibri;font-size:16px\">opsicle . petit bloc de glace , i<\/span><span style=\"font-family:\u5b8b\u4f53;font-size:16px\">c<\/span><span style=\"font-family:Calibri;font-size:16px\">e bonbon .<\/span><\/p>\n<\/div>\n<\/div>\n<\/div>\n<\/div>\n<p>&nbsp;<\/p>\n<h2><strong><span style=\"letter-spacing: 0px;font-family: arial, helvetica, sans-serif;font-size: 24px\"><a name=\"Product specification\"><\/a>Sp\u00e9cification du produit<\/span><\/strong><\/h2>\n<p><span style=\"font-family:\u5b8b\u4f53;letter-spacing:0;font-size:29px\"><img decoding=\"async\" src=\"https:\/\/www.hommy.com\/wp-content\/uploads\/16030697499729.png\" alt=\"produit-Hommy-img\" title=\"\"><\/span><\/p>\n<div class=\"text-left d-tem09-title d-interval\" data-detail=\"wrap\">\n<div class=\"title-header\">\n<h2><strong><span style=\"font-size: 24px;font-family: arial, helvetica, sans-serif\"><a name=\"PRODUCT ADVANTAGE\"><\/a><a name=\"PRODUCT ADVANTAGE\"><\/a>AVANTAGE DU PRODUIT<\/span><\/strong><\/h2>\n<\/div>\n<\/div>\n<div class=\"d-tem01-graphic tem01-graphic mockup\" data-detail=\"wrap\">\n<div class=\"cont-section clearfix d-clearfix\">\n<div class=\"col-md-6 col-sm-6 col-xs-6\">\n<div class=\"right-p\">\n<div class=\"h2 heading\">\n<p><span style=\"letter-spacing: 0px;font-family: arial, helvetica, sans-serif;font-size: 16px\">1. La machine choisit un r\u00e9servoir d'eau sal\u00e9e en SS304, un mat\u00e9riau antirouille, et l'int\u00e9rieur du r\u00e9servoir choisit toutes les vis en acier inoxydable 304 pour garantir une plus longue dur\u00e9e de vie de la machine.<\/span><\/p>\n<p><span style=\"letter-spacing: 0px;font-family: arial, helvetica, sans-serif;font-size: 16px\"><br \/><\/span><\/p>\n<\/div>\n<\/div>\n<div class=\"graphic_pic animated wow bounceIn\" data-wow-delay=\".7s\">\n<p style=\"text-align:center\"><img loading=\"lazy\" decoding=\"async\" src=\"https:\/\/www.hommy.com\/wp-content\/uploads\/16030903719588.jpg\" alt=\"produit-Hommy-img\" title=\"\" width=\"300\" height=\"561\" border=\"0\" vspace=\"0\" style=\"width: 300px;height: 561px\"><\/p>\n<\/div>\n<\/div>\n<div class=\"col-md-6 col-sm-6 col-xs-6\">\n<div class=\"right-p\">\n<div class=\"h2 heading\">\n<p style=\"margin: 0 0 0 28px;text-indent: 0;padding: 0;vertical-align: baseline\"><span style=\"letter-spacing: 0px;font-size: 16px;font-family: arial, helvetica, sans-serif\">2. Nous avons diff\u00e9rents moules \u00e0 sucettes glac\u00e9es pour que vous puissiez les choisir.<\/span><span style=\"font-family: \u5b8b\u4f53;letter-spacing: 0;font-size: 20px\">&nbsp;<\/span><\/p>\n<p style=\"margin: 0 0 0 28px;text-indent: 0;padding: 0;vertical-align: baseline\"><span style=\"font-family: \u5b8b\u4f53;letter-spacing: 0;font-size: 20px\"><br \/><\/span><\/p>\n<p style=\"margin: 0 0 0 28px;text-indent: 0;padding: 0;vertical-align: baseline\"><\/p>\n<\/div>\n<\/div>\n<div class=\"graphic_pic animated wow bounceIn\" data-wow-delay=\".7s\">\n<p style=\"text-align:center\"><img loading=\"lazy\" decoding=\"async\" src=\"https:\/\/www.hommy.com\/wp-content\/uploads\/16030904051206.jpg\" alt=\"produit-Hommy-img\" title=\"\" width=\"300\" height=\"600\" border=\"0\" vspace=\"0\" style=\"width: 300px;height: 600px\"><\/p>\n<\/div>\n<\/div>\n<\/div>\n<\/div>\n<div class=\"d-tem01-graphic tem01-graphic mockup\" data-detail=\"wrap\">\n<div class=\"cont-section clearfix d-clearfix\">\n<div class=\"col-md-6 col-sm-6 col-xs-6\">\n<div class=\"right-p\">\n<div class=\"h2 heading\">\n<p style=\"margin-left:28px;text-indent:0\"><span style=\"font-family: arial, helvetica, sans-serif\"><span style=\"letter-spacing: 0px;font-size: 16px\">3. La machine \u00e0 l'int\u00e9rieur du syst\u00e8me de refroidissement est tr\u00e8s puissante et produit un lot en 15 \u00e0 20 minutes, ce qui permet de passer la temp\u00e9rature.&nbsp;<\/span><span style=\"font-size: 16px;letter-spacing: 0px\">-18 ou -20 degr\u00e9s .<\/span><\/span><\/p>\n<p style=\"margin-left:28px;text-indent:0\"><span style=\"font-family: arial, helvetica, sans-serif\"><span style=\"font-size: 16px;letter-spacing: 0px\"><br \/><\/span><\/span><\/p>\n<p style=\"margin-left:28px;text-indent:0\"><span style=\"font-family: arial, helvetica, sans-serif\"><span style=\"font-size: 16px;letter-spacing: 0px\"><br \/><\/span><\/span><\/p>\n<\/div>\n<\/div>\n<div class=\"graphic_pic animated wow bounceIn\" data-wow-delay=\".7s\">\n<p style=\"text-align:center\"><img loading=\"lazy\" decoding=\"async\" src=\"https:\/\/www.hommy.com\/wp-content\/uploads\/16030904452766.jpg\" alt=\"produit-Hommy-HM-PM-3A La machine \u00e0 glace passe l&#039;UL-img\" title=\"\" width=\"300\" height=\"600\" border=\"0\" vspace=\"0\" style=\"width: 300px;height: 600px\"><\/p>\n<\/div>\n<\/div>\n<div class=\"col-md-6 col-sm-6 col-xs-6\">\n<div class=\"right-p\">\n<div class=\"h2 heading\">\n<p style=\"margin-left:28px;text-indent:0\"><span style=\"letter-spacing: 0px;font-size: 16px;font-family: arial, helvetica, sans-serif\">4. Lorsque le barreau d'agitation en acier inoxydable \u00e0 haut rendement tourne, il g\u00e9n\u00e8re un flux d'eau qui acc\u00e9l\u00e8re la vitesse de refroidissement.<\/span><\/p>\n<p style=\"margin-left:28px;text-indent:0\"><span style=\"letter-spacing: 0px;font-size: 16px;font-family: arial, helvetica, sans-serif\"><br \/><\/span><\/p>\n<\/div>\n<\/div>\n<div class=\"graphic_pic animated wow bounceIn\" data-wow-delay=\".7s\">\n<p style=\"text-align:center\"><img loading=\"lazy\" decoding=\"async\" src=\"https:\/\/www.hommy.com\/wp-content\/uploads\/16030904795370.jpg\" alt=\"produit-HM-PM-3A Machine \u00e0 sucettes glac\u00e9es pass UL-Hommy-img\" title=\"\" width=\"200\" height=\"543\" border=\"0\" vspace=\"0\" style=\"width: 200px;height: 543px\"><\/p>\n<\/div>\n<\/div>\n<\/div>\n<\/div>\n<p>Document\uff1a<img decoding=\"async\" src=\"https:\/\/www.hommy.com\/wp-content\/uploads\/icon_pdf-62.gif\" style=\"margin-right: 2px\" alt=\"produit-Hommy-img-1\" title=\"\"><a href=\"https:\/\/img80002414.weyesimg.com\/uploads\/www.hommy.com\/addon\/16028369874382.pdf\" title=\"16028369874382.pdf\" style=\"font-size: 12px\">16028369874382.pdf<\/a><\/p>\n<h2 style=\"font-family: sans-serif\">Comment appelle-t-on une glace sans b\u00e2ton ?<\/h2>\n<p style=\"margin-top: 5px;margin-bottom: 5px;font-family: sans-serif;font-size: 16px\"><\/p>\n<p style=\"margin-top: 5px;margin-bottom: 5px;font-family: sans-serif;font-size: 16px\">Pour passer l'hiver sans fondre ni br\u00fbler ma chair, j'aime garder une r\u00e9serve de friandises congel\u00e9es dans mon cong\u00e9lateur. J'aime aussi garder mon cong\u00e9lateur rempli d'aliments pleins de saveur. Ces friandises glac\u00e9es sont beaucoup plus amusantes que la cr\u00e8me glac\u00e9e traditionnelle et elles sont excellentes pour les papilles gustatives. Que vous les appeliez \"ice pops\", \"candy\", \"sherbet\" ou autre, le r\u00e9sultat est fondamentalement le m\u00eame. Vous obtenez une friandise rafra\u00eechissante et glac\u00e9e sous une forme pratique.<\/p>\n<p style=\"margin-top: 5px;margin-bottom: 5px;font-family: sans-serif;font-size: 16px\"><\/p>\n<p style=\"margin-top: 5px;margin-bottom: 5px;font-family: sans-serif;font-size: 16px\">Ce concept m'a \u00e9t\u00e9 pr\u00e9sent\u00e9 pour la premi\u00e8re fois il y a des ann\u00e9es, lorsque j'avais environ 13 ans. Mon cousin venait d'avoir 18 ans et son anniversaire approchait. Sa femme et lui n'\u00e9taient pas en bons termes, et j'ai donc d\u00e9cid\u00e9 que ce serait une id\u00e9e de cadeau parfaite. Ma grand-m\u00e8re \u00e9tait une excellente cuisini\u00e8re, elle \u00e9tait donc le destinataire id\u00e9al du cadeau. Je savais qu'elle appr\u00e9cierait une g\u00e2terie unique et que je pourrais la pr\u00e9parer \u00e0 ma guise. Je voulais faire quelque chose qui ne pouvait pas<\/p>\n<p style=\"margin-top: 5px;margin-bottom: 5px;font-family: sans-serif;font-size: 16px\"><\/p>\n<h2 style=\"font-family: sans-serif\">Comment faire des popsicles avec des moules ?<\/h2>\n<p style=\"margin-top: 5px;margin-bottom: 5px;font-family: sans-serif;font-size: 16px\"><\/p>\n<p style=\"margin-top: 5px;margin-bottom: 5px;font-family: sans-serif;font-size: 16px\">Vous pouvez acheter une grosse machine \u00e0 gla\u00e7ons avec des moules pour faire des gla\u00e7ons et vous pouvez acheter des moules chez Michaels. Il suffit de m\u00e9langer un sac de fruits congel\u00e9s avec de l'eau et d'y ajouter des pop rocks (ils ajoutent un peu d'air au m\u00e9lange), puis de les mettre dans les moules.<\/p>\n<p style=\"margin-top: 5px;margin-bottom: 5px;font-family: sans-serif;font-size: 16px\"><\/p>\n<p style=\"margin-top: 5px;margin-bottom: 5px;font-family: sans-serif;font-size: 16px\">Nous utilisons un mixeur ordinaire pour m\u00e9langer les fruits et l'eau, mais vous pouvez utiliser un mixeur \u00e0 immersion (au cas o\u00f9 votre mixeur de cuisine ne serait pas assez puissant). Vous ajoutez ensuite quelques cuill\u00e8res \u00e0 caf\u00e9 de sucre en poudre et quelques cuill\u00e8res \u00e0 soupe de lait et vous mixez le tout.<\/p>\n<p style=\"margin-top: 5px;margin-bottom: 5px;font-family: sans-serif;font-size: 16px\"><\/p>\n<h2 style=\"font-family: sans-serif\">Quel est le parfum du Popsicle jaune ?<\/h2>\n<p style=\"margin-top: 5px;margin-bottom: 5px;font-family: sans-serif;font-size: 16px\"><\/p>\n<p style=\"margin-top: 5px;margin-bottom: 5px;font-family: sans-serif;font-size: 16px\">R : Les sucettes glac\u00e9es sont un moyen rafra\u00eechissant, non laitier et sans sucre de d\u00e9guster l'un des plats pr\u00e9f\u00e9r\u00e9s de l'\u00e9t\u00e9. Les ar\u00f4mes de sucettes glac\u00e9es sont cr\u00e9\u00e9s par notre \u00e9quipe de d\u00e9veloppement des ar\u00f4mes. Ils sont ensuite soumis \u00e0 un processus de test rigoureux avec notre \u00e9quipe de d\u00e9gustateurs, avant d'\u00eatre perfectionn\u00e9s et mis en bouteille ! La saveur jaune est un go\u00fbt d\u00e9licieux qui vous rappellera les \u00e9t\u00e9s de votre enfance.<\/p>\n<\/div><\/div>","protected":false},"excerpt":{"rendered":"<p>&nbsp; Ice Popsicle Machine Ice Popsicle Machine|Product Features|Product specification|PRODUCT ADVANTAGE &nbsp; The manufactured unit is of great ease to use and is available in different specification for meeting our client&#039;s diverse needs. Our provided Ice Popsicle machines are highly useful for serving different flavours of ice pops to our clients. Buy now! The offered Ice [&hellip;]<\/p>\n","protected":false},"featured_media":872,"comment_status":"open","ping_status":"open","template":"","meta":{"_swt_meta_header_display":false,"_swt_meta_footer_display":false,"_swt_meta_site_title_display":false,"_swt_meta_sticky_header":false,"_swt_meta_transparent_header":false},"product_brand":[],"product_cat":[84],"product_tag":[],"class_list":{"0":"post-879","1":"product","2":"type-product","3":"status-publish","4":"has-post-thumbnail","6":"product_cat-popsicle-machine","8":"first","9":"instock","10":"shipping-taxable","11":"product-type-simple"},"_links":{"self":[{"href":"https:\/\/www.hommy.com\/fr\/wp-json\/wp\/v2\/product\/879","targetHints":{"allow":["GET"]}}],"collection":[{"href":"https:\/\/www.hommy.com\/fr\/wp-json\/wp\/v2\/product"}],"about":[{"href":"https:\/\/www.hommy.com\/fr\/wp-json\/wp\/v2\/types\/product"}],"replies":[{"embeddable":true,"href":"https:\/\/www.hommy.com\/fr\/wp-json\/wp\/v2\/comments?post=879"}],"wp:featuredmedia":[{"embeddable":true,"href":"https:\/\/www.hommy.com\/fr\/wp-json\/wp\/v2\/media\/872"}],"wp:attachment":[{"href":"https:\/\/www.hommy.com\/fr\/wp-json\/wp\/v2\/media?parent=879"}],"wp:term":[{"taxonomy":"product_brand","embeddable":true,"href":"https:\/\/www.hommy.com\/fr\/wp-json\/wp\/v2\/product_brand?post=879"},{"taxonomy":"product_cat","embeddable":true,"href":"https:\/\/www.hommy.com\/fr\/wp-json\/wp\/v2\/product_cat?post=879"},{"taxonomy":"product_tag","embeddable":true,"href":"https:\/\/www.hommy.com\/fr\/wp-json\/wp\/v2\/product_tag?post=879"}],"curies":[{"name":"wp","href":"https:\/\/api.w.org\/{rel}","templated":true}]}}