{"id":863,"date":"2024-07-02T17:01:25","date_gmt":"2024-07-02T17:01:25","guid":{"rendered":"http:\/\/localhost\/hommywp\/hm-pp-250-ice-lolly-popsicle-wrapping-machine-factory\/"},"modified":"2025-08-01T09:57:44","modified_gmt":"2025-08-01T09:57:44","slug":"machine-a-emballer-les-sucettes-glacees-hm-pp-250","status":"publish","type":"product","link":"https:\/\/www.hommy.com\/fr\/p\/machine-a-emballer-les-sucettes-glacees-hm-pp-250\/","title":{"rendered":"Hm-Pp-250 Machine \u00e0 emballer les sucettes glac\u00e9es Factory"},"content":{"rendered":"<div>\n<p><\/p>\n<p><\/p>\n<h2 style=\"text-align: center\"><strong><span style=\"font-family: arial, helvetica, sans-serif;font-size: 24px\"><a name=\"Popsicle Wrapping Machine\"><\/a>Machine \u00e0 emballer les sucettes glac\u00e9es<\/span><\/strong><\/h2>\n<p style=\"text-align: center\"><a href=\"#Popsicle Wrapping Machine\" target=\"_self\" data-lv=\"0\" rel=\"noopener\">Machine \u00e0 emballer les sucettes glac\u00e9es<\/a>|<a href=\"#Product Features\" target=\"_self\" data-lv=\"0\" rel=\"noopener\">Caract\u00e9ristiques du produit<\/a>|<a href=\"#Product specification\" target=\"_self\" data-lv=\"0\" rel=\"noopener\">Sp\u00e9cification du produit<\/a><\/p>\n<p><\/p>\n<p><\/p>\n<p style=\"text-align: center\">&nbsp;&nbsp;&nbsp;&nbsp;<\/p>\n<p>Si vous \u00eates \u00e0 la recherche d'une machine \u00e0 emballer les sucettes de haute qualit\u00e9 et fiable, vous \u00eates au bon endroit. Dans ce domaine, nous sommes fiers de fournir \u00e0 nos clients des machines haut de gamme qui rendront leur processus d'emballage de sucettes glac\u00e9es plus facile et plus efficace. Que vous soyez une petite entreprise ou une grande soci\u00e9t\u00e9, nous avons une machine qui r\u00e9pondra \u00e0 vos besoins.<\/p>\n<p><\/p>\n<p>Outre notre vaste s\u00e9lection de machines, nous offrons \u00e9galement un excellent service \u00e0 la client\u00e8le. Notre personnel comp\u00e9tent est toujours disponible pour r\u00e9pondre \u00e0 vos questions et vous aider \u00e0 trouver la machine id\u00e9ale pour vos besoins. Nous comprenons que le processus d'emballage des sucettes glac\u00e9es peut \u00eatre difficile, mais avec notre aide, il n'a pas \u00e0 l'\u00eatre.<\/p>\n<p>Visitez notre site web d\u00e8s aujourd'hui pour en savoir plus sur nos produits et services ou pour passer une commande.<\/p>\n<p><\/p>\n<div class=\"d-tem01-graphic tem01-graphic mockup\" data-detail=\"wrap\">\n<div class=\"cont-section clearfix d-clearfix\">\n<div class=\"col-md-6 col-sm-6 col-xs-6\">\n<div class=\"right-p\">\n<p><\/p>\n<p><\/p>\n<p><\/p>\n<p><\/p>\n<p><\/p>\n<p><\/p>\n<p><img decoding=\"async\" src=\"https:\/\/www.hommy.com\/wp-content\/uploads\/16034175671584.png\" alt=\"produit-Hommy-img\" style=\"font-size: 14px\" title=\"\"><span style=\"font-size: 14px\">&nbsp; &nbsp; &nbsp; &nbsp; &nbsp; &nbsp; &nbsp;<\/span><\/p>\n<\/div>\n<\/div>\n<div class=\"col-md-6 col-sm-6 col-xs-6\">\n<div class=\"right-p\">\n<div class=\"h2 heading\">\n<p style=\"margin-top:0;margin-right:0;margin-bottom:0;margin-left:0;text-indent:0;text-align:justify\"><strong><span style=\"letter-spacing: 0px;font-family: arial, helvetica, sans-serif;font-size: 24px\">Caract\u00e9ristiques du produit&nbsp;<\/span><\/strong><\/p>\n<p style=\"margin-top:0;margin-right:0;margin-bottom:0;margin-left:0;text-indent:0;text-align:justify\"><strong><span style=\"letter-spacing: 0px;font-family: arial, helvetica, sans-serif;font-size: 24px\">&nbsp;<\/span><\/strong><\/p>\n<p><strong><span style=\"font-family: arial, helvetica, sans-serif;font-size: 24px\">Caract\u00e9ristiques&nbsp;<\/span><\/strong><\/p>\n<p><span style=\"font-family:Tahoma;font-size:16px\">&nbsp;<\/span><\/p>\n<p><span style=\"font-family:Tahoma;font-size:16px\">1. Contr\u00f4le par double transducteur, coupe flexible de la longueur du sac, l'op\u00e9rateur n'a pas besoin d'ajuster le travail de d\u00e9chargement, ce qui permet de gagner du temps et d'\u00e9conomiser des films.<\/span><\/p>\n<p><span style=\"font-family:\u5b8b\u4f53;font-size:16px\">2.<\/span><span style=\"font-family:Tahoma;font-size:16px\">op\u00e9ration homme-machine, r\u00e9glage pratique et rapide des param\u00e8tres.<\/span><\/p>\n<p><span style=\"font-family:\u5b8b\u4f53;font-size:16px\">3.<\/span><span style=\"font-family:Tahoma;font-size:16px\">Fonction d'autodiagnostic des d\u00e9faillances, effacement de l'affichage des d\u00e9faillances.<\/span><\/p>\n<p><span style=\"font-family:\u5b8b\u4f53;font-size:16px\">4. <\/span><span style=\"font-family:Tahoma;font-size:16px\">Haute sensibilit\u00e9, suivi optique \u00e9lectrique de la marque de couleur, entr\u00e9e num\u00e9rique de la position de coupe, ce qui rend le scellement plus facile.<\/span><span style=\"font-family:\u5b8b\u4f53;font-size:16px\">&nbsp;<\/span><span style=\"font-family:Tahoma;font-size:16px\">et une coupe plus pr\u00e9cise.<\/span><\/p>\n<p><span style=\"font-family:\u5b8b\u4f53;font-size:16px\">5.<\/span><span style=\"font-family:Tahoma;font-size:16px\">Contr\u00f4le PID s\u00e9par\u00e9 de la temp\u00e9rature, adapt\u00e9 \u00e0 divers mat\u00e9riaux d'emballage.<\/span><\/p>\n<p><span style=\"font-family:\u5b8b\u4f53;font-size:16px\">6.<\/span><span style=\"font-family:Tahoma;font-size:16px\">L'arr\u00eat de la machine dans la position s\u00e9lectionn\u00e9e permet de ne pas coller le couteau et de ne pas gaspiller le film d'emballage.<\/span><\/p>\n<p><span style=\"font-family:\u5b8b\u4f53;font-size:16px\">7.<\/span><span style=\"font-family:Tahoma;font-size:16px\">Syst\u00e8me de conduite simple, fonctionnement fiable, entretien facile.<\/span><\/p>\n<p><span style=\"font-family:\u5b8b\u4f53;font-size:16px\">8.<\/span><span style=\"font-family:Tahoma;font-size:16px\">Toutes les commandes sont r\u00e9alis\u00e9es par logiciel, ce qui facilite le r\u00e9glage et la mise \u00e0 niveau des fonctions.<\/span><\/p>\n<p><span style=\"font-family:Tahoma;font-size:16px\">Application :<\/span><\/p>\n<p><span style=\"font-family:Tahoma;font-size:16px\">Convient \u00e0 l'emballage d'objets courants tels que <\/span><span style=\"font-family:\u5b8b\u4f53;font-size:16px\">P<\/span><span style=\"font-family:Tahoma;font-size:16px\">opsic<\/span><span style=\"font-family:\u5b8b\u4f53;font-size:16px\">l<\/span><span style=\"font-family:Tahoma;font-size:16px\">e autocollant, biscuit, pain, nouilles instantan\u00e9es, g\u00e2teaux de lune, pi\u00e8ces industrielles, bo\u00eetes ou plateaux en papier.<\/span><\/p>\n<\/div>\n<\/div>\n<p><\/p>\n<p>&nbsp; &nbsp; &nbsp; &nbsp; &nbsp; &nbsp;<\/p>\n<\/div>\n<\/div>\n<\/div>\n<p><span style=\"font-size: 24px\"><strong><span style=\"letter-spacing: 0px;font-family: arial, helvetica, sans-serif\"><a name=\"Product specification\"><\/a>Sp\u00e9cification du produit<\/span><\/strong><\/span><\/p>\n<p><img decoding=\"async\" src=\"https:\/\/www.hommy.com\/wp-content\/uploads\/16034173385730.png\" alt=\"produit-HM-PP-250 Machine \u00e0 emballer les sucettes glac\u00e9es-Hommy-img\" title=\"\"><\/p>\n<p><\/p>\n<p>Document\uff1a<img decoding=\"async\" src=\"https:\/\/www.hommy.com\/wp-content\/uploads\/icon_pdf-60.gif\" style=\"margin-right: 2px\" alt=\"produit-Hommy-img\" title=\"\"><a href=\"https:\/\/img80002414.weyesimg.com\/uploads\/www.hommy.com\/addon\/16034174028532.pdf\" title=\"16034174028532.pdf\" style=\"font-size: 12px\">16034174028532.pdf<\/a><\/p>\n<h2 style=\"font-family: sans-serif\">Qu'est-ce qu'une machine \u00e0 glace ?<br \/><\/h2>\n<p style=\"margin-top: 5px;margin-bottom: 5px;font-family: sans-serif;font-size: 16px\"><\/p>\n<p style=\"margin-top: 5px;margin-bottom: 5px;font-family: sans-serif;font-size: 16px\">Une machine \u00e0 glace est une sorte de cong\u00e9lateur dot\u00e9 d'un dispositif qui chauffe une chambre ferm\u00e9e et cong\u00e8le les liquides pour en faire des glaces dures et d\u00e9licieuses. Si vous aimez les sucettes glac\u00e9es, c'est peut-\u00eatre le seul type de cong\u00e9lateur dont vous aurez besoin.<\/p>\n<p style=\"margin-top: 5px;margin-bottom: 5px;font-family: sans-serif;font-size: 16px\"><\/p>\n<p style=\"margin-top: 5px;margin-bottom: 5px;font-family: sans-serif;font-size: 16px\">Les sucettes glac\u00e9es sont peut-\u00eatre le type de friandises congel\u00e9es le plus connu, mais ce n'est pas le seul. Il existe de nombreux types de friandises congel\u00e9es, du yaourt glac\u00e9 \u00e0 la cr\u00e8me glac\u00e9e en passant par les bonbons. Les sucettes glac\u00e9es sont g\u00e9n\u00e9ralement fabriqu\u00e9es \u00e0 partir d'un liquide. On peut les pr\u00e9parer avec du jus, du lait, du jus de fruit ou de l'eau. On peut aussi les pr\u00e9parer avec de l'alcool, comme de l'alcool fort ou du soda au gingembre, ou des produits laitiers, comme du lait, de la cr\u00e8me, du yaourt, de la cr\u00e8me aigre ou de la cr\u00e8me glac\u00e9e.<\/p>\n<p style=\"margin-top: 5px;margin-bottom: 5px;font-family: sans-serif;font-size: 16px\"><\/p>\n<h2 style=\"font-family: sans-serif\">Qu'est-ce qui donne aux popsicles leur texture ?<\/h2>\n<p style=\"margin-top: 5px;margin-bottom: 5px;font-family: sans-serif;font-size: 16px\"><\/p>\n<p style=\"margin-top: 5px;margin-bottom: 5px;font-family: sans-serif;font-size: 16px\">R : La plupart des glaciers pr\u00e9parent leurs friandises glac\u00e9es \u00e0 partir d'un m\u00e9lange d'\u0153ufs, de lait, de sucre et d'autres ingr\u00e9dients. Les \u0153ufs agissent comme un \u00e9mulsifiant, aidant le m\u00e9lange \u00e0 \"coller\" ensemble et \u00e0 rester congel\u00e9. Le lait maintient l'onctuosit\u00e9 du m\u00e9lange, les sucres ajoutent de la douceur et les autres ingr\u00e9dients agissent comme des stabilisateurs.<\/p>\n<p style=\"margin-top: 5px;margin-bottom: 5px;font-family: sans-serif;font-size: 16px\"><\/p>\n<h2 style=\"font-family: sans-serif\">Puis-je congeler de la cr\u00e8me glac\u00e9e ?<\/h2>\n<p style=\"margin-top: 5px;margin-bottom: 5px;font-family: sans-serif;font-size: 16px\"><\/p>\n<p style=\"margin-top: 5px;margin-bottom: 5px;font-family: sans-serif;font-size: 16px\">R : La plupart des cr\u00e8mes glac\u00e9es maison se cong\u00e8lent bien si elles ne contiennent que des \u0153ufs, du lait, du sucre et, bien s\u00fbr, un peu de vanille. Mais comme la cr\u00e8me glac\u00e9e est riche en mati\u00e8res grasses, la surface de cong\u00e9lation est plus grande, ce qui signifie que la cr\u00e8me glac\u00e9e peut s'\u00e9taler lorsqu'elle est congel\u00e9e. Il est donc plus difficile de la pr\u00e9lever \u00e0 la cuill\u00e8re.<\/p>\n<p style=\"margin-top: 5px;margin-bottom: 5px;font-family: sans-serif;font-size: 16px\"><\/p>\n<p style=\"margin-top: 5px;margin-bottom: 5px;font-family: sans-serif;font-size: 16px\">Dans la plupart des cas, le seul moyen de rendre la glace solide est d'y ajouter des stabilisateurs. Il s'agit notamment de prot\u00e9ines, d'acides, tels que le yaourt ou le babeurre, et m\u00eame de shortening v\u00e9g\u00e9tal.<\/p>\n<p style=\"margin-top: 5px;margin-bottom: 5px;font-family: sans-serif;font-size: 16px\"><\/p>\n<h2 style=\"font-family: sans-serif\">Comment les sucettes glac\u00e9es sont-elles congel\u00e9es ?<\/h2>\n<p style=\"margin-top: 5px;margin-bottom: 5px;font-family: sans-serif;font-size: 16px\"><\/p>\n<p style=\"margin-top: 5px;margin-bottom: 5px;font-family: sans-serif;font-size: 16px\">R : Les sucettes glac\u00e9es sont congel\u00e9es avec de l'azote liquide.  Si vous essayez de les mettre au cong\u00e9lateur sur le c\u00f4t\u00e9, les bords ext\u00e9rieurs se d\u00e9cong\u00e8leront et couleront.  Lorsque vous les mettez au cong\u00e9lateur sur une surface plane, les cristaux de glace se dilatent et remplissent l'int\u00e9rieur, laissant un centre blanc et lisse.<\/p>\n<\/div><\/div>","protected":false},"excerpt":{"rendered":"<p>Popsicle Wrapping Machine Popsicle Wrapping Machine|Product Features|Product specification &nbsp;&nbsp;&nbsp;&nbsp; If you are in the market for a high-quality, reliable popsicle wrapping machine, you have come to the right place. In this field, we pride ourselves on providing our customers with top-of-the-line machines that will make their popsicle wrapping process easier and more efficient. Whether you [&hellip;]<\/p>\n","protected":false},"featured_media":860,"comment_status":"open","ping_status":"open","template":"","meta":{"_swt_meta_header_display":false,"_swt_meta_footer_display":false,"_swt_meta_site_title_display":false,"_swt_meta_sticky_header":false,"_swt_meta_transparent_header":false},"product_brand":[],"product_cat":[84],"product_tag":[],"class_list":{"0":"post-863","1":"product","2":"type-product","3":"status-publish","4":"has-post-thumbnail","6":"product_cat-popsicle-machine","8":"first","9":"instock","10":"shipping-taxable","11":"product-type-simple"},"_links":{"self":[{"href":"https:\/\/www.hommy.com\/fr\/wp-json\/wp\/v2\/product\/863","targetHints":{"allow":["GET"]}}],"collection":[{"href":"https:\/\/www.hommy.com\/fr\/wp-json\/wp\/v2\/product"}],"about":[{"href":"https:\/\/www.hommy.com\/fr\/wp-json\/wp\/v2\/types\/product"}],"replies":[{"embeddable":true,"href":"https:\/\/www.hommy.com\/fr\/wp-json\/wp\/v2\/comments?post=863"}],"wp:featuredmedia":[{"embeddable":true,"href":"https:\/\/www.hommy.com\/fr\/wp-json\/wp\/v2\/media\/860"}],"wp:attachment":[{"href":"https:\/\/www.hommy.com\/fr\/wp-json\/wp\/v2\/media?parent=863"}],"wp:term":[{"taxonomy":"product_brand","embeddable":true,"href":"https:\/\/www.hommy.com\/fr\/wp-json\/wp\/v2\/product_brand?post=863"},{"taxonomy":"product_cat","embeddable":true,"href":"https:\/\/www.hommy.com\/fr\/wp-json\/wp\/v2\/product_cat?post=863"},{"taxonomy":"product_tag","embeddable":true,"href":"https:\/\/www.hommy.com\/fr\/wp-json\/wp\/v2\/product_tag?post=863"}],"curies":[{"name":"wp","href":"https:\/\/api.w.org\/{rel}","templated":true}]}}