{"id":843,"date":"2024-07-02T17:01:12","date_gmt":"2024-07-02T17:01:12","guid":{"rendered":"http:\/\/localhost\/hommywp\/hm-pm-12a-high-quality-ice-lolly-popsicle-machine-ul-certified\/"},"modified":"2025-08-01T09:57:44","modified_gmt":"2025-08-01T09:57:44","slug":"hm-pm-12a-machine-a-glacons-pass-ul","status":"publish","type":"product","link":"https:\/\/www.hommy.com\/fr\/p\/hm-pm-12a-machine-a-glacons-pass-ul\/","title":{"rendered":"Hm-Pm-12a Machine \u00e0 sucettes glac\u00e9es de haute qualit\u00e9 certifi\u00e9e Ul"},"content":{"rendered":"<div>\n<h2 style=\"text-align: center\"><strong><span style=\"letter-spacing: 0px;font-family: arial, helvetica, sans-serif;font-size: 24px\"><a name=\"Ice Popsicle Machine\"><\/a>Machine \u00e0 glace<\/span><\/strong><\/h2>\n<p style=\"text-align: center\"><a href=\"http:\/\/\" target=\"_self\" data-lv=\"0\" rel=\"noopener\"><span style=\"font-size: 16px\"><span style=\"letter-spacing: 0px;font-family: arial, helvetica, sans-serif\">Machine \u00e0 glace<\/span><\/span><\/a><span style=\"font-size: 16px\"><span style=\"letter-spacing: 0px;font-family: arial, helvetica, sans-serif\">|<a href=\"#Product Features\" target=\"_self\" data-lv=\"0\" rel=\"noopener\">Caract\u00e9ristiques du produit<\/a>|<a href=\"#Product specification\" target=\"_self\" data-lv=\"0\" rel=\"noopener\">Sp\u00e9cification du produit<\/a>|<a href=\"#Product Advantage\" target=\"_self\" data-lv=\"0\" rel=\"noopener\">Avantages du produit<\/a><\/span><\/span><\/p>\n<p><span style=\"font-size: 16px\">La machine \u00e0 sucettes glac\u00e9es est con\u00e7ue pour produire des sucettes glac\u00e9es de diff\u00e9rentes formes, tailles et saveurs.Il s'agit d'une machine tr\u00e8s simple qui ne n\u00e9cessite aucune formation.Les sucettes glac\u00e9es sont faites d'eau et sont tr\u00e8s d\u00e9licieuses. Nos machines sont largement utilis\u00e9es pour fabriquer des sucettes glac\u00e9es comme les Popsicles, les Cream lollies et les Frozen Yogurt pour les f\u00eates et comme cadeaux de mariage.<\/span><\/p>\n<p><strong><span style=\"letter-spacing: 0px;font-family: arial, helvetica, sans-serif;font-size: 24px\"><\/span><\/strong><\/p>\n<div class=\"d-tem01-graphic tem01-graphic mockup\" data-detail=\"wrap\">\n<div class=\"cont-section clearfix d-clearfix\">\n<div class=\"col-md-6 col-sm-6 col-xs-6\">\n<div class=\"right-p\">\n<div class=\"h2 heading\"><img decoding=\"async\" src=\"https:\/\/www.hommy.com\/wp-content\/uploads\/16032473809632.jpg\" alt=\"produit-HM-PM-12A Machine \u00e0 sucettes glac\u00e9es pass UL-Hommy-img\" style=\"font-size: 14px\" title=\"\"><span style=\"font-size: 14px\">&nbsp; &nbsp; &nbsp; &nbsp; &nbsp; &nbsp; &nbsp;<\/span><\/div>\n<\/div>\n<\/div>\n<div class=\"col-md-6 col-sm-6 col-xs-6\">\n<div class=\"right-p\">\n<div class=\"h2 heading\">\n<h2 style=\"margin: 0px;text-indent: 0px;text-align: justify\"><strong><span style=\"letter-spacing: 0px;font-family: arial, helvetica, sans-serif;font-size: 24px\"><a name=\"Product Features\"><\/a>Caract\u00e9ristiques du produit<\/span><\/strong><\/h2>\n<h2 style=\"margin: 0px;text-indent: 0px;text-align: justify\"><span style=\"font-family:\u5b8b\u4f53;letter-spacing:0;font-size:29px\"> &nbsp;<\/span><\/h2>\n<p style=\"margin-left:32px\"><span style=\"font-family:Calibri;font-size:16px\">-&nbsp;<\/span><span style=\"font-family:Calibri;font-size:16px\">La machine est d'apparence luxueuse, facile \u00e0 utiliser et peu co\u00fbteuse \u00e0 entretenir.<\/span><\/p>\n<p style=\"margin-left:32px\"><span style=\"font-family:Calibri;font-size:16px\">-&nbsp;<\/span><span style=\"font-family:Calibri;font-size:16px\">L'int\u00e9rieur du r\u00e9servoir est en acier inoxydable pur qui r\u00e9siste \u00e0 l'\u00e9rosion par l'acide chlorhydrique.<\/span><\/p>\n<p style=\"margin-left:32px\"><span style=\"font-family:Calibri;font-size:16px\">-&nbsp;<\/span><span style=\"font-family:Calibri;font-size:16px\">L'utilisation est facile<\/span><span style=\"font-family:\u5b8b\u4f53;font-size:16px\">.<\/span><\/p>\n<p style=\"margin-left:32px\"><span style=\"font-family:Calibri;font-size:16px\">-&nbsp;<\/span><span style=\"font-family:Calibri;font-size:16px\">Plusieurs types de moules \u00e0 glace pour la s\u00e9lection.<\/span><\/p>\n<p style=\"margin-left:32px\"><span style=\"font-family:Calibri;font-size:16px\">-&nbsp;<\/span><span style=\"font-family:Calibri;font-size:16px\">Acier inoxydable<\/span><span style=\"font-family:\u5b8b\u4f53;font-size:16px\">l<\/span><span style=\"font-family:Calibri;font-size:16px\">! le moule peut r\u00e9sister \u00e0 l'\u00e9rosion.<\/span><\/p>\n<p style=\"margin-left:32px\"><span style=\"font-family:Calibri;font-size:16px\">-&nbsp;<\/span><span style=\"font-family:Calibri;font-size:16px\">Les moules sont dot\u00e9s d'une fonction d'auto-coquillage et sont faciles \u00e0 utiliser. <\/span><span style=\"font-family:\u5b8b\u4f53;font-size:16px\">.<\/span><\/p>\n<p style=\"margin-left:32px\"><span style=\"font-family:Calibri;font-size:16px\">-&nbsp;<\/span><span style=\"font-family:Calibri;font-size:16px\">Air<\/span><span style=\"font-family:\u5b8b\u4f53;font-size:16px\">&nbsp;<\/span><span style=\"font-family:Calibri;font-size:16px\">La couverture \u00e9tanche permet de conserver l'utilisation du mat\u00e9riel pendant une longue p\u00e9riode.<\/span><\/p>\n<p style=\"margin-left:32px\"><span style=\"font-family:Calibri;font-size:16px\">-&nbsp;<\/span><span style=\"font-family:Calibri;font-size:16px\">&nbsp;Faibles investissements pour une production maximale<\/span><span style=\"font-family:\u5b8b\u4f53;font-size:16px\">.<\/span><\/p>\n<p style=\"margin-left:32px\"><span style=\"font-family:Calibri;font-size:16px\">-&nbsp;<\/span><span style=\"font-family:Calibri;font-size:16px\">Tirer profit de l'eau, un potentiel de profit incroyable <\/span><span style=\"font-family:\u5b8b\u4f53;font-size:16px\">.<\/span><\/p>\n<p style=\"margin-left:32px\"><span style=\"font-family:Calibri;font-size:16px\">-&nbsp;<\/span><span style=\"font-family:Calibri;font-size:16px\">Vous pouvez utiliser une seule machine pour produire 3 types de produits : <\/span><span style=\"font-family:\u5b8b\u4f53;font-size:16px\">P<\/span><span style=\"font-family:Calibri;font-size:16px\">opsicle . petit bloc de glace , i<\/span><span style=\"font-family:\u5b8b\u4f53;font-size:16px\">c<\/span><span style=\"font-family:Calibri;font-size:16px\">e bonbon .<\/span><\/p>\n<\/div>\n<\/div>\n<p>&nbsp; &nbsp; &nbsp; &nbsp; &nbsp; &nbsp;<\/p><\/div>\n<\/div>\n<\/div>\n<h2><strong><span style=\"letter-spacing: 0px;font-family: arial, helvetica, sans-serif;font-size: 24px\"><a name=\"Product specification\"><\/a>Sp\u00e9cification du produit<\/span><\/strong><\/h2>\n<p><strong><span style=\"letter-spacing: 0px;font-family: arial, helvetica, sans-serif;font-size: 24px\"><br \/><\/span><\/strong><\/p>\n<p><img decoding=\"async\" src=\"https:\/\/www.hommy.com\/wp-content\/uploads\/16032469956662.png\" alt=\"produit-Hommy-img\" title=\"\"><\/p>\n<p><\/p>\n<p><strong><span style=\"letter-spacing: 0px;font-family: arial, helvetica, sans-serif;font-size: 24px\"><a name=\"Product Advantage\"><\/a>Avantages du produit<\/span><\/strong><\/p>\n<p><strong><span style=\"letter-spacing: 0px;font-family: arial, helvetica, sans-serif;font-size: 24px\"><\/span><\/strong><\/p>\n<div class=\"d-tem01-graphic tem01-graphic mockup\" data-detail=\"wrap\">\n<div class=\"cont-section clearfix d-clearfix\">\n<div class=\"col-md-6 col-sm-6 col-xs-6\">\n<div class=\"right-p\">\n<div class=\"description\">\n<p style=\"margin: 0 0 0 28px;text-indent: 0;padding: 0;vertical-align: baseline\"><span style=\"letter-spacing: 0px;font-family: arial, helvetica, sans-serif;font-size: 16px\">1. La machine choisit un r\u00e9servoir d'eau sal\u00e9e en SS304, un mat\u00e9riau antirouille, et l'int\u00e9rieur du r\u00e9servoir choisit toutes les vis en acier inoxydable 304 pour garantir une plus longue dur\u00e9e de vie de la machine.<\/span><\/p>\n<p style=\"margin: 0 0 0 28px;text-indent: 0;padding: 0;vertical-align: baseline\"><span style=\"letter-spacing: 0px;font-family: arial, helvetica, sans-serif;font-size: 16px\"><br \/><\/span><\/p>\n<\/div>\n<\/div>\n<div class=\"graphic_pic animated wow bounceIn\" data-wow-delay=\".7s\">\n<p style=\"text-align:center\"><img loading=\"lazy\" decoding=\"async\" src=\"https:\/\/www.hommy.com\/wp-content\/uploads\/16032475466869.jpg\" alt=\"produit-Hommy-img\" title=\"\" width=\"350\" height=\"500\" border=\"0\" vspace=\"0\" style=\"width: 350px;height: 500px\"><\/p>\n<\/div>\n<\/div>\n<div class=\"col-md-6 col-sm-6 col-xs-6\">\n<div class=\"right-p\">\n<div class=\"h2 heading\">\n<p><span style=\"letter-spacing: 0px;font-family: arial, helvetica, sans-serif;font-size: 16px\">2. Nous avons diff\u00e9rents moules \u00e0 sucettes glac\u00e9es pour que vous puissiez les choisir.<\/span><\/p>\n<p><span style=\"letter-spacing: 0px;font-family: arial, helvetica, sans-serif;font-size: 16px\"><br \/><\/span><\/p>\n<p><span style=\"letter-spacing: 0px;font-family: arial, helvetica, sans-serif;font-size: 16px\"><br \/><\/span><\/p>\n<\/div>\n<\/div>\n<div class=\"graphic_pic animated wow bounceIn\" data-wow-delay=\".7s\"><img decoding=\"async\" src=\"https:\/\/www.hommy.com\/wp-content\/uploads\/16032477394706.png\" alt=\"produit-Hommy-img\" title=\"\"><br \/>\n &nbsp; &nbsp; &nbsp; &nbsp; &nbsp; &nbsp;<\/div>\n<\/div>\n<\/div>\n<\/div>\n<p><strong><span style=\"letter-spacing: 0px;font-family: arial, helvetica, sans-serif;font-size: 24px\"><\/span><\/strong><\/p>\n<div class=\"d-tem01-graphic tem01-graphic mockup\" data-detail=\"wrap\">\n<div class=\"cont-section clearfix d-clearfix\">\n<div class=\"col-md-6 col-sm-6 col-xs-6\">\n<div class=\"right-p\">\n<div class=\"h2 heading\">\n<p style=\"margin-left:28px;text-indent:0\"><span style=\"font-family: arial, helvetica, sans-serif\"><span style=\"letter-spacing: 0px;font-size: 16px\">3. La machine \u00e0 l'int\u00e9rieur du syst\u00e8me de refroidissement est tr\u00e8s puissante et produit un lot en 15 \u00e0 20 minutes, ce qui permet de passer la temp\u00e9rature.&nbsp;<\/span><span style=\"font-size: 16px;letter-spacing: 0px\">-18 ou -20 degr\u00e9s .<\/span><\/span><\/p>\n<\/div>\n<\/div>\n<div class=\"graphic_pic animated wow bounceIn\" data-wow-delay=\".7s\">\n<p style=\"text-align:center\"><img loading=\"lazy\" decoding=\"async\" src=\"https:\/\/www.hommy.com\/wp-content\/uploads\/16032477569412.jpg\" alt=\"produit-Hommy-HM-PM-12A La machine \u00e0 glace passe l&#039;UL-img\" title=\"\" width=\"350\" height=\"500\" border=\"0\" vspace=\"0\" style=\"width: 350px;height: 500px\"><\/p>\n<\/div>\n<\/div>\n<div class=\"col-md-6 col-sm-6 col-xs-6\">\n<div class=\"right-p\">\n<div class=\"h2 heading\">\n<p style=\"margin-left:28px;text-indent:0\"><span style=\"letter-spacing: 0px;font-size: 16px;font-family: arial, helvetica, sans-serif\">4.  Lorsque le barreau d'agitation en acier inoxydable \u00e0 haut rendement tourne, il g\u00e9n\u00e8re un flux d'eau qui acc\u00e9l\u00e8re la vitesse de refroidissement.<\/span><\/p>\n<\/div>\n<\/div>\n<div class=\"graphic_pic animated wow bounceIn\" data-wow-delay=\".7s\">\n<p style=\"text-align:center\"><img loading=\"lazy\" decoding=\"async\" src=\"https:\/\/www.hommy.com\/wp-content\/uploads\/16032477784174.jpg\" alt=\"produit-Hommy-img\" title=\"\" width=\"350\" height=\"500\" border=\"0\" vspace=\"0\" style=\"width: 350px;height: 500px\"><\/p>\n<p><\/p>\n<p><\/p>\n<h2 style=\"text-align: left\">Quel est le Popsicle le plus populaire aux \u00c9tats-Unis ?&nbsp;<\/h2>\n<p style=\"margin-top: 5px;margin-bottom: 5px;text-align: left\">Selon la National Popsicle Association, il s'agit du Popsicle inspir\u00e9 du yaourt glac\u00e9. Le parfum le plus populaire est la fraise, suivi de l'orange et de la framboise noire.<\/p>\n<p style=\"margin-top: 5px;margin-bottom: 5px\"><\/p>\n<h2 style=\"text-align: left\">Comment faire pour que les glaces maison ne fondent pas si vite ?<\/h2>\n<p style=\"margin-top: 5px;margin-bottom: 5px;text-align: left\">La cr\u00e8me glac\u00e9e maison est simple. Vous m\u00e9langez du lait, de la cr\u00e8me, du sucre, de la vanille et d'autres ar\u00f4mes dans un bol et vous mettez le tout au cong\u00e9lateur. Lorsque la cr\u00e8me glac\u00e9e g\u00e8le, le sucre se cristallise et la graisse durcit. C'est ainsi que la cr\u00e8me glac\u00e9e acquiert sa texture.<\/p>\n<p style=\"margin-top: 5px;margin-bottom: 5px\"><\/p>\n<h2 style=\"text-align: left\">Comment congeler des popsicles de glace s\u00e8che ?<\/h2>\n<p style=\"margin-top: 5px;margin-bottom: 5px;text-align: left\">Je suis toujours \u00e0 la recherche de nouvelles fa\u00e7ons cr\u00e9atives de congeler de la glace s\u00e8che. Pour notre anniversaire du mois d'ao\u00fbt, j'ai d\u00e9cid\u00e9 d'organiser une f\u00eate avec des sucettes glac\u00e9es. Comme je n'avais pas d'exp\u00e9rience dans la fabrication des glaces, j'ai pass\u00e9 du temps \u00e0 faire des recherches sur la fa\u00e7on de les pr\u00e9parer. Je suis tomb\u00e9e sur cette vid\u00e9o sur YouTube, r\u00e9alis\u00e9e par The Cute Foodie, o\u00f9 elle pr\u00e9pare des sucettes glac\u00e9es avec de l'eau, du jus concentr\u00e9 congel\u00e9 et de la glace carbonique congel\u00e9e. J'ai eu envie d'essayer cette id\u00e9e et j'ai donc pr\u00e9par\u00e9 des sucettes glac\u00e9es \u00e0 partir de mes boissons estivales pr\u00e9f\u00e9r\u00e9es.<\/p>\n<\/div>\n<\/div>\n<\/div>\n<\/div>\n<\/div><\/div>","protected":false},"excerpt":{"rendered":"<p>Ice Popsicle Machine Ice Popsicle Machine|Product Features|Product specification|Product Advantage Ice lolly Popsicle Machine is designed to produce ice lollies in different shapes, sizes and flavors.This is a very simple machine that does not require any training.The ice lollies are made of water and are very delicious. Our machines are widely used to make cool lollies [&hellip;]<\/p>\n","protected":false},"featured_media":837,"comment_status":"open","ping_status":"open","template":"","meta":{"_swt_meta_header_display":false,"_swt_meta_footer_display":false,"_swt_meta_site_title_display":false,"_swt_meta_sticky_header":false,"_swt_meta_transparent_header":false},"product_brand":[],"product_cat":[84],"product_tag":[],"class_list":{"0":"post-843","1":"product","2":"type-product","3":"status-publish","4":"has-post-thumbnail","6":"product_cat-popsicle-machine","8":"first","9":"instock","10":"shipping-taxable","11":"product-type-simple"},"_links":{"self":[{"href":"https:\/\/www.hommy.com\/fr\/wp-json\/wp\/v2\/product\/843","targetHints":{"allow":["GET"]}}],"collection":[{"href":"https:\/\/www.hommy.com\/fr\/wp-json\/wp\/v2\/product"}],"about":[{"href":"https:\/\/www.hommy.com\/fr\/wp-json\/wp\/v2\/types\/product"}],"replies":[{"embeddable":true,"href":"https:\/\/www.hommy.com\/fr\/wp-json\/wp\/v2\/comments?post=843"}],"wp:featuredmedia":[{"embeddable":true,"href":"https:\/\/www.hommy.com\/fr\/wp-json\/wp\/v2\/media\/837"}],"wp:attachment":[{"href":"https:\/\/www.hommy.com\/fr\/wp-json\/wp\/v2\/media?parent=843"}],"wp:term":[{"taxonomy":"product_brand","embeddable":true,"href":"https:\/\/www.hommy.com\/fr\/wp-json\/wp\/v2\/product_brand?post=843"},{"taxonomy":"product_cat","embeddable":true,"href":"https:\/\/www.hommy.com\/fr\/wp-json\/wp\/v2\/product_cat?post=843"},{"taxonomy":"product_tag","embeddable":true,"href":"https:\/\/www.hommy.com\/fr\/wp-json\/wp\/v2\/product_tag?post=843"}],"curies":[{"name":"wp","href":"https:\/\/api.w.org\/{rel}","templated":true}]}}