{"id":836,"date":"2024-07-02T17:01:08","date_gmt":"2024-07-02T17:01:08","guid":{"rendered":"http:\/\/localhost\/hommywp\/stainless-steel-popsicle-ice-lolly-mould-oem-odm-wholesale\/"},"modified":"2025-08-01T09:57:44","modified_gmt":"2025-08-01T09:57:44","slug":"moule-a-glace","status":"publish","type":"product","link":"https:\/\/www.hommy.com\/fr\/p\/moule-a-glace\/","title":{"rendered":"Moule \u00e0 glace en acier inoxydable pour sucettes glac\u00e9es Oem Odm Wholesale"},"content":{"rendered":"<div>\n<p style=\"text-align: center\"><span style=\"color: inherit;font-size: 30px;font-family: arial, helvetica, sans-serif\"><span style=\"letter-spacing: 0px;font-size: 24px\"><br \/><\/span><\/span><\/p>\n<p style=\"text-align: center\"><span style=\"color: inherit;font-size: 30px;font-family: arial, helvetica, sans-serif\"><span style=\"letter-spacing: 0px;font-size: 24px\"><a name=\"Ice Popsicle Mould\"><\/a>Moule \u00e0 glace<\/span><span style=\"letter-spacing: 0px;font-size: 29px\"><\/span><\/span><span style=\"color: inherit;font-family: \u5b8b\u4f53;letter-spacing: 0px;font-size: 29px\">&nbsp;<\/span><\/p>\n<p style=\"text-align: center\"><a href=\"#Ice Popsicle Mould\" target=\"_self\" data-lv=\"0\" rel=\"noopener\"><span style=\"letter-spacing: 0px;font-family: arial, helvetica, sans-serif;font-size: 16px\">Moule \u00e0 glace<\/span><\/a><span style=\"letter-spacing: 0px;font-family: arial, helvetica, sans-serif;font-size: 16px\">|<a href=\"#Product Features\" target=\"_self\" data-lv=\"0\" rel=\"noopener\">Caract\u00e9ristiques du produit<\/a>|<a href=\"#Product specification\" target=\"_self\" data-lv=\"0\" rel=\"noopener\">Sp\u00e9cification du produit<\/a><\/span><\/p>\n<p><\/p>\n<p style=\"text-align: center\">&nbsp;&nbsp;&nbsp;&nbsp;<\/p>\n<p>Nous sommes une entreprise ax\u00e9e sur la qualit\u00e9 qui propose des moules pour sucettes glac\u00e9es. Ce produit est fabriqu\u00e9 par notre \u00e9quipe exp\u00e9riment\u00e9e qui utilise des mati\u00e8res premi\u00e8res de qualit\u00e9 sup\u00e9rieure et des techniques sophistiqu\u00e9es conformes aux normes industrielles \u00e9tablies. De plus, ce produit est test\u00e9 sur divers param\u00e8tres de qualit\u00e9 pour garantir une gamme sans d\u00e9faut. En outre, nous fournissons ce moule \u00e0 sucette glac\u00e9e en options personnalis\u00e9es selon les besoins de nos clients estim\u00e9s \u00e0 des prix abordables. Le produit propos\u00e9 est fabriqu\u00e9 en utilisant des composants de qualit\u00e9 optimale sous la supervision de nos professionnels qualifi\u00e9s.<\/p>\n<div class=\"d-tem01-graphic tem01-graphic mockup\" data-detail=\"wrap\">\n<div class=\"cont-section clearfix d-clearfix\">\n<div class=\"col-md-6 col-sm-6 col-xs-6\">\n<div class=\"graphic_pic animated wow bounceIn\" data-wow-delay=\".7s\">\n<p style=\"text-align:center\"><img loading=\"lazy\" decoding=\"async\" src=\"https:\/\/www.hommy.com\/wp-content\/uploads\/16032700424971.jpg\" alt=\"produit-Hommy-img\" title=\"\" width=\"350\" height=\"500\" border=\"0\" vspace=\"0\" style=\"width: 350px;height: 500px\"><\/p>\n<\/div>\n<\/div>\n<div class=\"col-md-6 col-sm-6 col-xs-6\">\n<div class=\"right-p\">\n<div class=\"h2 heading\">\n<h2 style=\"margin: 0px;text-indent: 0px;text-align: justify\"><strong><span style=\"letter-spacing: 0px;font-family: arial, helvetica, sans-serif;font-size: 24px\"><a name=\"Product Features\"><\/a>Caract\u00e9ristiques du produit<\/span><\/strong><\/h2>\n<p style=\"margin-top:0;margin-right:0;margin-bottom:0;margin-left:0;text-indent:0;text-align:justify\"><span style=\"font-family:\u5b8b\u4f53;letter-spacing:0;font-size:29px\">&nbsp;&nbsp;<\/span><\/p>\n<p style=\"margin-top: 0;margin-right: 0;margin-bottom: 0;padding: 0;vertical-align: baseline\"><span style=\"letter-spacing: 0px;font-size: 16px;font-family: arial, helvetica, sans-serif\">1. Le moule \u00e0 glace utilise le mat\u00e9riau 100% 304 en acier inoxydable, qui reste longtemps dans l'eau sal\u00e9e et ne rouille pas. <\/span><\/p>\n<p style=\"margin-top: 0;margin-right: 0;margin-bottom: 0;padding: 0;vertical-align: baseline\"><span style=\"letter-spacing: 0px;font-size: 16px;font-family: arial, helvetica, sans-serif\">2. Nous avons diff\u00e9rents mod\u00e8les de formes pour vous permettre de choisir. <\/span><\/p>\n<p style=\"margin-top: 0;margin-right: 0;margin-bottom: 0;padding: 0;vertical-align: baseline\"><span style=\"letter-spacing: 0px;font-size: 16px;font-family: arial, helvetica, sans-serif\">3. Nous avons 30pcs ou 40pcs pour un ensemble \u00e0 choisir. <\/span><\/p>\n<p style=\"margin-top: 0;margin-right: 0;margin-bottom: 0;padding: 0;vertical-align: baseline\"><span style=\"letter-spacing: 0px;font-size: 16px;font-family: arial, helvetica, sans-serif\">4. Nous acceptons les moules OEM, vous nous donnez votre design, nous pouvons nous baser sur celui-ci pour fabriquer un moule pour vous. <\/span><\/p>\n<p style=\"margin-top: 0;margin-right: 0;margin-bottom: 0;padding: 0;vertical-align: baseline\"><span style=\"letter-spacing: 0px;font-size: 16px;font-family: arial, helvetica, sans-serif\">5. Nous pouvons fabriquer des moules \u00e0 sucettes, des moules \u00e0 glace, des moules \u00e0 blocs de glace pour vous.&nbsp;<\/span><\/p>\n<p><span><\/span><\/div>\n<\/div>\n<\/div>\n<\/div>\n<\/div>\n<h2 style=\"margin: 0px;text-indent: 0px;text-align: justify\"><strong><span style=\"letter-spacing: 0px;font-family: arial, helvetica, sans-serif;font-size: 24px\"><a name=\"Product specification\"><\/a>Sp\u00e9cification du produit<\/span><\/strong><span style=\"font-family:\u5b8b\u4f53;letter-spacing:0;font-size:29px\">&nbsp;<\/span><\/h2>\n<p><\/p>\n<div class=\"d-tem01-graphic tem01-graphic mockup\" data-detail=\"wrap\">\n<div class=\"cont-section clearfix d-clearfix\">\n<div class=\"col-md-6 col-sm-6 col-xs-6\"><\/p>\n<div class=\"graphic_pic animated wow bounceIn\" data-wow-delay=\".7s\"><img decoding=\"async\" src=\"https:\/\/www.hommy.com\/wp-content\/uploads\/16032699744614.jpg\" alt=\"produit-Hommy-img\" title=\"\"><br \/>\n &nbsp; &nbsp; &nbsp; &nbsp; &nbsp; &nbsp;<\/div>\n<\/div>\n<div class=\"col-md-6 col-sm-6 col-xs-6\"><\/p>\n<p><img decoding=\"async\" src=\"https:\/\/www.hommy.com\/wp-content\/uploads\/16032699869974.jpg\" alt=\"produit-Hommy-img\" title=\"\"><br \/>\n &nbsp; &nbsp; &nbsp; &nbsp; &nbsp; &nbsp;<\/p>\n<p><\/p>\n<\/div>\n<\/div>\n<\/div>\n<p>Document :<img decoding=\"async\" src=\"http:\/\/admin.allweyes.com\/templates\/admin\/default\/assets\/library\/ueditor\/dialogs\/attachment\/fileTypeImages\/icon_pdf.gif\" style=\"margin-right: 2px\" alt=\"produit-Moule \u00e0 glace-Hommy-img\" title=\"\"><a href=\"https:\/\/img80002414.weyesimg.com\/uploads\/www.hommy.com\/addon\/16032702047269.pdf\" title=\"16032702047269.pdf\" style=\"font-size: 12px\">16032702047269.pdf<\/a><\/p>\n<h2 style=\"font-family: sans-serif\">Comment faire des popsicles sans moules ?<\/h2>\n<p style=\"margin-top: 5px;margin-bottom: 5px;font-family: sans-serif;font-size: 16px\">Dans un grand bol, m\u00e9langer 8 onces d'eau de coco, 1\/4 de tasse de sucre et 1\/4 de tasse de poires en pur\u00e9e. M\u00e9langer pour dissoudre le sucre. Ajouter la vanille et la cannelle, si d\u00e9sir\u00e9. Bien m\u00e9langer. Verser \u00e0 la cuill\u00e8re dans des moules ou dans un sac ziploc. Congeler environ 1 \u00e0 2 heures ou jusqu'\u00e0 ce que la p\u00e2te soit ferme.<\/p>\n<p style=\"margin-top: 5px;margin-bottom: 5px;font-family: sans-serif;font-size: 16px\"><\/p>\n<h2 style=\"font-family: sans-serif\">Quel est le parfum de glace le plus vendu ?<\/h2>\n<p style=\"margin-top: 5px;margin-bottom: 5px;font-family: sans-serif;font-size: 16px\">Le parfum de Popsicle le plus vendu est Cherry Limeade. C'est le deuxi\u00e8me parfum le plus populaire au monde. Les gens adorent son go\u00fbt aigre-doux. C'est une boisson rafra\u00eechissante au go\u00fbt d\u00e9licieux.<\/p>\n<p style=\"margin-top: 5px;margin-bottom: 5px;font-family: sans-serif;font-size: 16px\"><\/p>\n<h2 style=\"font-family: sans-serif\">Comment faire pour que les sucettes glac\u00e9es maison restent molles ?<\/h2>\n<p style=\"margin-top: 5px;margin-bottom: 5px;font-family: sans-serif;font-size: 16px\">J'adore les sucettes glac\u00e9es. D'aussi loin que je me souvienne, j'en ai toujours fait. Lorsque j'\u00e9tais enfant, j'ai toujours aim\u00e9 ceux qui \u00e9taient faits avec du jus d'orange, mais ma m\u00e8re faisait toujours ceux qui \u00e9taient faits avec du lait. Je crois que j'ai essay\u00e9 toute la gamme des fruits, des l\u00e9gumes et des saveurs. Mais mon pr\u00e9f\u00e9r\u00e9 a toujours \u00e9t\u00e9 la fraise. Je me souviens qu'\u00e0 l'\u00e9cole primaire, je pr\u00e9parais ceux \u00e0 la fraise et \u00e0 la cr\u00e8me. C'est l'un des premiers souvenirs que j'ai du go\u00fbt des sucettes glac\u00e9es maison de ma m\u00e8re. Les sucettes glac\u00e9es ont toujours beaucoup de succ\u00e8s aupr\u00e8s de ma famille et nous les congelons dans de petits r\u00e9cipients \u00e0 cupcakes. Cependant, j'ai eu du mal \u00e0 trouver des informations sur la mani\u00e8re de les conserver longtemps. On m'a dit qu'il fallait les mettre au cong\u00e9lateur d\u00e8s qu'ils \u00e9taient congel\u00e9s, sinon ils fondaient.<\/p>\n<\/div><\/div>","protected":false},"excerpt":{"rendered":"<p>Ice Popsicle Mould&nbsp; Ice Popsicle Mould|Product Features|Product specification &nbsp;&nbsp;&nbsp;&nbsp; We are a quality driven firm engaged in offering Ice Lolly Mould. This product is manufactured by our experienced team using supreme grade raw material and sophisticated techniques as per the set industry standards. Also, this product is tested on various quality parameters to ensure its [&hellip;]<\/p>\n","protected":false},"featured_media":833,"comment_status":"open","ping_status":"open","template":"","meta":{"_swt_meta_header_display":false,"_swt_meta_footer_display":false,"_swt_meta_site_title_display":false,"_swt_meta_sticky_header":false,"_swt_meta_transparent_header":false},"product_brand":[],"product_cat":[84],"product_tag":[],"class_list":{"0":"post-836","1":"product","2":"type-product","3":"status-publish","4":"has-post-thumbnail","6":"product_cat-popsicle-machine","8":"first","9":"instock","10":"shipping-taxable","11":"product-type-simple"},"_links":{"self":[{"href":"https:\/\/www.hommy.com\/fr\/wp-json\/wp\/v2\/product\/836","targetHints":{"allow":["GET"]}}],"collection":[{"href":"https:\/\/www.hommy.com\/fr\/wp-json\/wp\/v2\/product"}],"about":[{"href":"https:\/\/www.hommy.com\/fr\/wp-json\/wp\/v2\/types\/product"}],"replies":[{"embeddable":true,"href":"https:\/\/www.hommy.com\/fr\/wp-json\/wp\/v2\/comments?post=836"}],"wp:featuredmedia":[{"embeddable":true,"href":"https:\/\/www.hommy.com\/fr\/wp-json\/wp\/v2\/media\/833"}],"wp:attachment":[{"href":"https:\/\/www.hommy.com\/fr\/wp-json\/wp\/v2\/media?parent=836"}],"wp:term":[{"taxonomy":"product_brand","embeddable":true,"href":"https:\/\/www.hommy.com\/fr\/wp-json\/wp\/v2\/product_brand?post=836"},{"taxonomy":"product_cat","embeddable":true,"href":"https:\/\/www.hommy.com\/fr\/wp-json\/wp\/v2\/product_cat?post=836"},{"taxonomy":"product_tag","embeddable":true,"href":"https:\/\/www.hommy.com\/fr\/wp-json\/wp\/v2\/product_tag?post=836"}],"curies":[{"name":"wp","href":"https:\/\/api.w.org\/{rel}","templated":true}]}}