{"id":832,"date":"2024-07-02T17:01:05","date_gmt":"2024-07-02T17:01:05","guid":{"rendered":"http:\/\/localhost\/hommywp\/hm-pp-150-automatic-popsicle-ice-lolly-packing-machine\/"},"modified":"2025-08-01T09:57:44","modified_gmt":"2025-08-01T09:57:44","slug":"hm-pp-150-machine-a-emballer-les-sucettes-glacees","status":"publish","type":"product","link":"https:\/\/www.hommy.com\/fr\/p\/hm-pp-150-machine-a-emballer-les-sucettes-glacees\/","title":{"rendered":"Hm-Pp-150 Machine automatique \u00e0 emballer les sucettes glac\u00e9es"},"content":{"rendered":"<div>\n<p><\/p>\n<h2 style=\"text-align: center\"><strong><span style=\"letter-spacing: 0px;font-family: arial, helvetica, sans-serif;font-size: 24px\"><a name=\"Half automatic popsicle packing machine\"><\/a>Machine semi-automatique \u00e0 emballer les sucettes glac\u00e9es<\/span><\/strong><\/h2>\n<p style=\"text-align: center\"><a href=\"http:\/\/\" target=\"_self\" data-lv=\"0\" rel=\"noopener\"><span style=\"letter-spacing: 0px;font-family: arial, helvetica, sans-serif;font-size: 16px\">Machine semi-automatique \u00e0 emballer les sucettes glac\u00e9es<\/span><\/a><span style=\"letter-spacing: 0px;font-family: arial, helvetica, sans-serif;font-size: 16px\">|<a href=\"#Product Features\" target=\"_self\" data-lv=\"0\" rel=\"noopener\">Caract\u00e9ristiques du produit<\/a>|<a href=\"#Product specification\" target=\"_self\" data-lv=\"0\" rel=\"noopener\">Sp\u00e9cification du produit<\/a><\/span><\/p>\n<p><span style=\"font-family:\u5b8b\u4f53;letter-spacing:0;font-size:29px\"><br \/><\/span><\/p>\n<p><\/p>\n<p style=\"text-align: center\">&nbsp;&nbsp;&nbsp;&nbsp;<\/p>\n<p>Cette machine \u00e0 emballer les sucettes glac\u00e9es est fabriqu\u00e9e par notre \u00e9quipe de professionnels comp\u00e9tents qui utilisent des composants de qualit\u00e9 sup\u00e9rieure et des mati\u00e8res premi\u00e8res de la meilleure qualit\u00e9. Ces machines \u00e0 emballer les sucettes glac\u00e9es sont tr\u00e8s appr\u00e9ci\u00e9es sur le march\u00e9 pour leur design \u00e9l\u00e9gant, leur durabilit\u00e9 et leur facilit\u00e9 d'entretien. En outre, ces machines \u00e0 emballer les sucettes glac\u00e9es sont largement utilis\u00e9es dans l'industrie alimentaire pour emballer les sucettes glac\u00e9es.<\/p>\n<p><\/p>\n<div class=\"d-tem01-graphic tem01-graphic mockup\" data-detail=\"wrap\">\n<div class=\"cont-section clearfix d-clearfix\">\n<div class=\"col-md-6 col-sm-6 col-xs-6\">\n<div class=\"right-p\">\n<div class=\"h2 heading\">\n<p style=\"text-align:center\"><img loading=\"lazy\" decoding=\"async\" src=\"https:\/\/www.hommy.com\/wp-content\/uploads\/16033538988996.jpg\" alt=\"produit-Hommy-img\" style=\"font-size: 14px;width: 400px;height: 500px\" title=\"\" width=\"400\" height=\"500\" border=\"0\" vspace=\"0\"><span style=\"font-size: 14px;font-family: inherit\">&nbsp; &nbsp; &nbsp; &nbsp; &nbsp; &nbsp; &nbsp;<\/span><\/p>\n<\/div>\n<\/div>\n<\/div>\n<div class=\"col-md-6 col-sm-6 col-xs-6\">\n<div class=\"right-p\">\n<div class=\"h2 heading\">\n<h2 style=\"margin: 0px;text-indent: 0px;text-align: justify\"><span style=\"font-size: 24px\"><strong><span style=\"letter-spacing: 0px;font-family: arial, helvetica, sans-serif\"><br \/><\/span><\/strong><\/span><\/h2>\n<h2 style=\"margin: 0px;text-indent: 0px;text-align: justify\"><span style=\"font-size: 24px\"><strong><span style=\"letter-spacing: 0px;font-family: arial, helvetica, sans-serif\"><a name=\"Product Features\"><\/a>Caract\u00e9ristiques du produit&nbsp;<\/span><\/strong><\/span><span style=\"letter-spacing: 0px;font-size: 29px;font-family: arial, helvetica, sans-serif\">&nbsp;<\/span><\/h2>\n<p style=\"margin-top:0;margin-right:0;margin-bottom:0;margin-left:0;text-indent:0;text-align:justify\"><span style=\"letter-spacing: 0px;font-size: 29px;font-family: arial, helvetica, sans-serif\"><br \/><\/span><\/p>\n<p><span style=\"font-size: 16px;font-family: arial, helvetica, sans-serif\">1. Il peut sceller des sacs en PP ou PE.<\/span><\/p>\n<p><span style=\"font-size: 16px;font-family: arial, helvetica, sans-serif\">2. Ce syst\u00e8me permet d'imprimer automatiquement le jour du produit et votre logo en anglais.<\/span><\/p>\n<p><span style=\"font-size: 16px;font-family: arial, helvetica, sans-serif\">3. Une minute suffit pour sceller un sac de 50 pi\u00e8ces. <\/span><\/p>\n<p><span style=\"font-size: 16px;font-family: arial, helvetica, sans-serif\">4. Le bruit de fonctionnement de la machine est r\u00e9duit. <\/span><\/p>\n<p><span style=\"font-size: 16px;font-family: arial, helvetica, sans-serif\">Petite taille et facilit\u00e9 d'utilisation.&nbsp;<\/span><\/p>\n<p><span style=\"font-family: arial, helvetica, sans-serif\"> &nbsp; &nbsp;<\/span><\/div>\n<\/div>\n<\/div>\n<\/div>\n<\/div>\n<h2><strong><span style=\"letter-spacing: 0px;font-family: arial, helvetica, sans-serif;font-size: 24px\"><a name=\"Product specification\"><\/a>Sp\u00e9cification du produit<\/span><\/strong><\/h2>\n<p><strong><span style=\"letter-spacing: 0px;font-family: arial, helvetica, sans-serif;font-size: 24px\"><img decoding=\"async\" src=\"https:\/\/www.hommy.com\/wp-content\/uploads\/16033538234319.png\" alt=\"produit-HM-PP-150 Machine \u00e0 emballer les sucettes glac\u00e9es-Hommy-img\" title=\"\"><\/span><\/strong><\/p>\n<p><span style=\"font-size: 16px\"><span style=\"letter-spacing: 0px;font-family: arial, helvetica, sans-serif\"><br \/><\/span><\/span><\/p>\n<p><span style=\"letter-spacing: 0px;font-family: arial, helvetica, sans-serif;font-size: 16px\">Document\uff1a<\/span><img decoding=\"async\" src=\"https:\/\/www.hommy.com\/wp-content\/uploads\/icon_pdf-57.gif\" style=\"margin-right: 2px\" alt=\"produit-Hommy-img\" title=\"\"><a href=\"https:\/\/img80002414.weyesimg.com\/uploads\/www.hommy.com\/addon\/16034163906503.pdf\" title=\"16034163906503.pdf\" style=\"font-size: 12px\">16034163906503.pdf<\/a><\/p>\n<p><span style=\"letter-spacing: 0px;font-family: arial, helvetica, sans-serif;font-size: 16px\"><\/span><\/p>\n<h2>Le mixeur Nutribullet peut-il piler de la glace ?<\/h2>\n<p style=\"margin-top: 5px;margin-bottom: 5px\"><\/p>\n<p style=\"margin-top: 5px;margin-bottom: 5px\">J'utilise un mixeur Vitamix depuis des ann\u00e9es. Je l'adore. Cependant, je me suis r\u00e9cemment fait arracher les dents de devant et je ressens un certain inconfort. J'ai un mixeur Nutribullet et j'aimerais l'utiliser pour soulager l'inconfort que je ressens.<\/p>\n<p style=\"margin-top: 5px;margin-bottom: 5px\"><\/p>\n<p style=\"margin-top: 5px;margin-bottom: 5px\">Je me demande si le Nutribullet peut piler de la glace.<\/p>\n<p style=\"margin-top: 5px;margin-bottom: 5px\"><\/p>\n<h2>Comment faire de la cr\u00e8me avec du lait dans un mixeur ?<\/h2>\n<p style=\"margin-top: 5px;margin-bottom: 5px\"><\/p>\n<p style=\"margin-top: 5px;margin-bottom: 5px\">A :<\/p>\n<p style=\"margin-top: 5px;margin-bottom: 5px\"><\/p>\n<p style=\"margin-top: 5px;margin-bottom: 5px\">Je n'ai pas de mixeur, mais je suppose qu'il faut proc\u00e9der de la m\u00eame mani\u00e8re que pour une cr\u00e8me anglaise.  Vous m\u00e9langez le lait et le sucre, puis vous faites chauffer lentement le m\u00e9lange jusqu'\u00e0 ce qu'il atteigne 165 degr\u00e9s, en remuant souvent, puis vous le retirez du feu.<\/p>\n<p style=\"margin-top: 5px;margin-bottom: 5px\">Le m\u00e9lange obtenu est appel\u00e9 \"cr\u00e8me fouett\u00e9e\", mais il ne s'agit pas d'une cr\u00e8me au sens propre du terme.  Il s'agit plut\u00f4t d'une cr\u00e8me fouett\u00e9e.<\/p>\n<p style=\"margin-top: 5px;margin-bottom: 5px\"><\/p>\n<p style=\"margin-top: 5px;margin-bottom: 5px\">Comment obtenir une cr\u00e8me glac\u00e9e onctueuse ? De la m\u00eame mani\u00e8re que pour n'importe quel autre dessert : avec de la cr\u00e8me glac\u00e9e. La question est de savoir comment obtenir une cr\u00e8me glac\u00e9e onctueuse sans sortir le cong\u00e9lateur.<\/p>\n<p style=\"margin-top: 5px;margin-bottom: 5px\"><\/p>\n<p style=\"margin-top: 5px;margin-bottom: 5px\">Si vous \u00eates novice en mati\u00e8re de cr\u00e8me glac\u00e9e, vous vous demandez probablement : \"Comment faire pour qu'elle soit lisse ?\". La bonne nouvelle, c'est que l'on peut contr\u00f4ler l'onctuosit\u00e9 de la glace. Si vous \u00eates pr\u00eat \u00e0 prendre un peu plus de temps, vous pouvez obtenir une texture plus lisse et plus cr\u00e9meuse.<\/p>\n<\/div><\/div>","protected":false},"excerpt":{"rendered":"<p>Half automatic popsicle packing machine Half automatic popsicle packing machine|Product Features|Product specification &nbsp;&nbsp;&nbsp;&nbsp; This Ice Lolly Packing Machine is manufactured by our team of adept professionals using supreme grade components and the best quality raw material. These Ice Lolly Packing Machines are highly acclaimed in the market for their elegant design, durability and ease of [&hellip;]<\/p>\n","protected":false},"featured_media":829,"comment_status":"open","ping_status":"open","template":"","meta":{"_swt_meta_header_display":false,"_swt_meta_footer_display":false,"_swt_meta_site_title_display":false,"_swt_meta_sticky_header":false,"_swt_meta_transparent_header":false},"product_brand":[],"product_cat":[84],"product_tag":[],"class_list":{"0":"post-832","1":"product","2":"type-product","3":"status-publish","4":"has-post-thumbnail","6":"product_cat-popsicle-machine","8":"first","9":"instock","10":"shipping-taxable","11":"product-type-simple"},"_links":{"self":[{"href":"https:\/\/www.hommy.com\/fr\/wp-json\/wp\/v2\/product\/832","targetHints":{"allow":["GET"]}}],"collection":[{"href":"https:\/\/www.hommy.com\/fr\/wp-json\/wp\/v2\/product"}],"about":[{"href":"https:\/\/www.hommy.com\/fr\/wp-json\/wp\/v2\/types\/product"}],"replies":[{"embeddable":true,"href":"https:\/\/www.hommy.com\/fr\/wp-json\/wp\/v2\/comments?post=832"}],"wp:featuredmedia":[{"embeddable":true,"href":"https:\/\/www.hommy.com\/fr\/wp-json\/wp\/v2\/media\/829"}],"wp:attachment":[{"href":"https:\/\/www.hommy.com\/fr\/wp-json\/wp\/v2\/media?parent=832"}],"wp:term":[{"taxonomy":"product_brand","embeddable":true,"href":"https:\/\/www.hommy.com\/fr\/wp-json\/wp\/v2\/product_brand?post=832"},{"taxonomy":"product_cat","embeddable":true,"href":"https:\/\/www.hommy.com\/fr\/wp-json\/wp\/v2\/product_cat?post=832"},{"taxonomy":"product_tag","embeddable":true,"href":"https:\/\/www.hommy.com\/fr\/wp-json\/wp\/v2\/product_tag?post=832"}],"curies":[{"name":"wp","href":"https:\/\/api.w.org\/{rel}","templated":true}]}}