{"id":828,"date":"2024-07-02T17:01:01","date_gmt":"2024-07-02T17:01:01","guid":{"rendered":"http:\/\/localhost\/hommywp\/hm-bd-1580-fast-cooling-ice-lolly-popsicle-freezer-refrigerator\/"},"modified":"2025-08-01T09:57:44","modified_gmt":"2025-08-01T09:57:44","slug":"hm-bd-1580-congelateur-pour-sucettes-glacees","status":"publish","type":"product","link":"https:\/\/www.hommy.com\/fr\/p\/hm-bd-1580-congelateur-pour-sucettes-glacees\/","title":{"rendered":"Hm-Bd-1580 R\u00e9frig\u00e9rateur \u00e0 refroidissement rapide pour gla\u00e7ons et sucettes glac\u00e9es"},"content":{"rendered":"<div>\n<h2><span style=\"letter-spacing: 0px;font-family: arial, helvetica, sans-serif;font-size: 24px\"><br \/><\/span><\/h2>\n<h2 style=\"text-align: center\"><strong><span style=\"letter-spacing: 0px;font-family: arial, helvetica, sans-serif;font-size: 24px\"><a name=\"Full Automatic popsicle packing machine\"><\/a>Machine \u00e0 emballer les sucettes glac\u00e9es enti\u00e8rement automatique<\/span><\/strong><\/h2>\n<p style=\"text-align: center\"><a href=\"http:\/\/Full Automatic popsicle packing machine\" target=\"_self\" data-lv=\"0\" rel=\"noopener nofollow\"><span style=\"letter-spacing: 0px;font-family: arial, helvetica, sans-serif;font-size: 16px\">Machine \u00e0 emballer les sucettes glac\u00e9es enti\u00e8rement automatique<\/span><\/a><span style=\"letter-spacing: 0px;font-family: arial, helvetica, sans-serif;font-size: 16px\">|<a href=\"http:\/\/Product Features\" target=\"_self\" data-lv=\"0\" rel=\"noopener nofollow\">Caract\u00e9ristiques du produit<\/a>|<a href=\"http:\/\/Product specification\" target=\"_self\" data-lv=\"0\" rel=\"noopener nofollow\">Sp\u00e9cification du produit<\/a><\/span><\/p>\n<p><span style=\"letter-spacing: 0px;font-family: Helvetica;font-size: 20px\">Vous pouvez acheter des cong\u00e9lateurs \u00e0 glace en ligne aupr\u00e8s de la meilleure source de cong\u00e9lateurs \u00e0 glace en gros. Nous vendons des cong\u00e9lateurs \u00e0 glace uniquement \u00e0 des prix r\u00e9duits par les fabricants. Vous pouvez obtenir des cong\u00e9lateurs \u00e0 glace dans notre boutique de vente en gros. Il est largement utilis\u00e9 dans les f\u00eates, les mariages, les anniversaires et les f\u00eates de famille.<\/span><\/p>\n<p><span style=\"font-family:\u5b8b\u4f53;letter-spacing:0;font-size:29px\"><\/span><\/p>\n<div class=\"d-tem01-graphic tem01-graphic mockup\" data-detail=\"wrap\">\n<div class=\"cont-section clearfix d-clearfix\">\n<div class=\"col-md-6 col-sm-6 col-xs-6\">\n<div class=\"right-p\">\n<div class=\"h2 heading\"><img decoding=\"async\" src=\"https:\/\/www.hommy.com\/wp-content\/uploads\/16034159106362.png\" alt=\"produit-HM-BD-1580 Cong\u00e9lateur pour sucettes glac\u00e9es-Hommy-img\" style=\"font-size: 14px\" title=\"\"><span style=\"font-size: 14px\">&nbsp; &nbsp; &nbsp; &nbsp; &nbsp; &nbsp; &nbsp;<\/span><\/div>\n<\/div>\n<\/div>\n<div class=\"col-md-6 col-sm-6 col-xs-6\">\n<div class=\"right-p\">\n<div class=\"h2 heading\">\n<p style=\"margin-top:0;margin-right:0;margin-bottom:0;margin-left:0;text-indent:0;text-align:justify\"><strong><span style=\"letter-spacing: 0px;font-size: 29px;font-family: arial, helvetica, sans-serif\"><a name=\"Product Features\"><\/a>Caract\u00e9ristiques du produit<\/span><\/strong><span style=\"letter-spacing: 0px;font-size: 29px;font-family: arial, helvetica, sans-serif\">&nbsp;<\/span><\/p>\n<p style=\"margin-top:0;margin-right:0;margin-bottom:0;margin-left:0;text-indent:0;text-align:justify\"><span style=\"letter-spacing: 0px;font-size: 29px;font-family: arial, helvetica, sans-serif\">&nbsp;<\/span><\/p>\n<p><span style=\"font-size: 24px\"><strong><span style=\"font-family: arial, helvetica, sans-serif\">Caract\u00e9ristiques&nbsp;<\/span><\/strong><\/span><\/p>\n<p><span style=\"font-size: 24px\"><strong><span style=\"font-size: 16px;font-family: arial, helvetica, sans-serif\">Description du produit<\/span><\/strong><\/span><\/p>\n<p style=\"margin-left:32px\"><span style=\"font-family: arial, helvetica, sans-serif\"><span style=\"font-family: Calibri;font-size: 16px\">- Portes ferm\u00e9es en papillon : \u00e9paississement de la double<\/span><span style=\"font-family: \u5b8b\u4f53;font-size: 16px\">&nbsp;<\/span><span style=\"font-family: Calibri;font-size: 16px\">l'isolation, la puissance et la durabilit\u00e9, et la haute qualit\u00e9<\/span><span style=\"font-family: \u5b8b\u4f53;font-size: 16px\">&nbsp;<\/span><span style=\"font-family: Calibri;font-size: 16px\">planches en couleur, beau et g\u00e9n\u00e9reux<\/span><\/span><\/p>\n<p style=\"margin-left:32px\"><span style=\"font-family: arial, helvetica, sans-serif\"><span style=\"font-family: Calibri;font-size: 16px\">- Fonctions de conversion : des compteurs \u00e0 double usage,<\/span><span style=\"font-family: \u5b8b\u4f53;font-size: 16px\">&nbsp;<\/span><span style=\"font-family: Calibri;font-size: 16px\">peut \u00eatre congel\u00e9, peut \u00e9galement \u00eatre congel\u00e9 - Design de la porte en verre biseaut\u00e9 creux : thermique<\/span><span style=\"font-family: \u5b8b\u4f53;font-size: 16px\">&nbsp;<\/span><span style=\"font-family: Calibri;font-size: 16px\">propri\u00e9t\u00e9s d'isolation, et affichent de bons r\u00e9sultats<\/span><\/span><\/p>\n<p style=\"margin-left:32px\"><span style=\"font-family: Calibri;font-size: 16px\">- Processus de filetage : l'utilisation de la s\u00e9curit\u00e9, l'esth\u00e9tique<\/span><\/p>\n<p style=\"margin-left:32px\"><span style=\"font-family: arial, helvetica, sans-serif\"><span style=\"font-family: Calibri;font-size: 16px\">- Couche de mousse \u00e9paisse : isolation efficace, isolation<\/span><span style=\"font-family: \u5b8b\u4f53;font-size: 16px\">&nbsp;<\/span><span style=\"font-family: Calibri;font-size: 16px\">l'excellence <\/span><\/span><\/p>\n<p style=\"margin-left:32px\"><span style=\"font-family: Calibri;font-size: 16px\">- Moxianglun : Mobile smart<\/span><\/p>\n<p style=\"margin-left:32px\"><span style=\"font-family: arial, helvetica, sans-serif\"><span style=\"font-family: Calibri;font-size: 16px\">- Chaleur efficace : chaleur dans la r\u00e9gion de Canton, et plus uniforme<\/span><span style=\"font-family: \u5b8b\u4f53;font-size: 16px\">&nbsp;<\/span><span style=\"font-family: Calibri;font-size: 16px\">Temp\u00e9rature \u00e0 l'int\u00e9rieur - Compresseur c\u00e9l\u00e8bre : faible bruit, moins d'\u00e9nergie<\/span><\/span><\/p>\n<p><span style=\"font-size: 16px;font-family: arial, helvetica, sans-serif\">consommation, performance et stabilit\u00e9<\/span><\/p>\n<p style=\"margin-left:32px\"><span style=\"font-family: arial, helvetica, sans-serif\"><span style=\"font-family: Calibri;font-size: 16px\">- \u00c9vaporateurs \u00e0 tube en D : quatre r\u00e9frig\u00e9rations, refroidissement<\/span><span style=\"font-family: \u5b8b\u4f53;font-size: 16px\">&nbsp;<\/span><span style=\"font-family: Calibri;font-size: 16px\">&nbsp;vitesse, longue dur\u00e9e de vie<\/span><\/span><\/p>\n<\/div>\n<\/div>\n<p><span style=\"font-family: arial, helvetica, sans-serif\"><br \/>\n &nbsp; &nbsp; &nbsp; &nbsp; &nbsp; &nbsp;<\/span><\/div>\n<\/div>\n<\/div>\n<p><span style=\"letter-spacing: 0px;font-size: 29px;font-family: arial, helvetica, sans-serif\"><\/span><\/p>\n<p><span style=\"font-size: 24px\"><strong><span style=\"letter-spacing: 0px;font-family: arial, helvetica, sans-serif\"><a name=\"Product specification\"><\/a>Sp\u00e9cification du produit<\/span><\/strong><\/span><\/p>\n<p><img loading=\"lazy\" decoding=\"async\" src=\"https:\/\/www.hommy.com\/wp-content\/uploads\/16034156819184.png\" title=\"\" alt=\"produit-Hommy-img\" width=\"1000\" height=\"218\" border=\"0\" vspace=\"0\" style=\"width: 1000px;height: 218px\"><span style=\"font-family:\u5b8b\u4f53;letter-spacing:0;font-size:29px\"><\/span><\/p>\n<p><\/p>\n<p>Document\uff1a<img decoding=\"async\" src=\"icon_jpg.gif\" style=\"margin-right: 2px\" alt=\"produit-Hommy-img\" title=\"\"><a href=\"https:\/\/img80002414.weyesimg.com\/uploads\/www.hommy.com\/images\/16034163249551.jpg\" title=\"16034163249551.jpg\" style=\"font-size: 12px\">16034163249551.jpg<\/a><\/p>\n<h2 style=\"font-family: sans-serif\">Comment fabrique-t-on les glaces \u00e0 l'eau ?<\/h2>\n<p style=\"margin-top: 5px;margin-bottom: 5px;font-family: sans-serif;font-size: 16px\">Il existe plusieurs m\u00e9thodes pour fabriquer une glace, principalement en fonction de l'\u00e9paisseur de la glace. La m\u00e9thode la plus facile \u00e0 utiliser est celle de la manivelle. <a style=\"color:blue\" href=\"\/fr\/\">sorbeti\u00e8re<\/a>. Cette m\u00e9thode n\u00e9cessite un cong\u00e9lateur et une manivelle, mais elle ne permet d'obtenir qu'une petite quantit\u00e9 de cr\u00e8me glac\u00e9e et est assez facile \u00e0 mettre en \u0153uvre.<\/p>\n<p style=\"margin-top: 5px;margin-bottom: 5px;font-family: sans-serif;font-size: 16px\">Une autre option consiste \u00e0 congeler la cr\u00e8me glac\u00e9e dans un bac et \u00e0 la presser \u00e0 l'aide d'une presse \u00e0 glace manuelle, un peu comme un gaufrier. Cette m\u00e9thode ne permet d'obtenir qu'une petite quantit\u00e9 de glace et est plus difficile \u00e0 utiliser.<\/p>\n<p style=\"margin-top: 5px;margin-bottom: 5px;font-family: sans-serif;font-size: 16px\"><\/p>\n<h2 style=\"font-family: sans-serif\">Comment appelle-t-on une glace sans b\u00e2ton ?<\/h2>\n<p style=\"margin-top: 5px;margin-bottom: 5px;font-family: sans-serif;font-size: 16px\">Il existe de nombreuses fa\u00e7ons d'utiliser le nouveau kit Sticky Pops, par exemple comme base d'une f\u00eate d'anniversaire amusante pour les enfants - faites sortir les enfants et construisez leurs propres ch\u00e2teaux de glace, pr\u00e9parez des sucettes glac\u00e9es maison avec des fruits frais et cr\u00e9ez une vari\u00e9t\u00e9 de boissons fruit\u00e9es et tropicales \u00e0 la maison. Les possibilit\u00e9s sont infinies !<\/p>\n<p style=\"margin-top: 5px;margin-bottom: 5px;font-family: sans-serif;font-size: 16px\"><\/p>\n<h2 style=\"font-family: sans-serif\">Comment les Canadiens appellent-ils les glaces ?<\/h2>\n<p style=\"margin-top: 5px;margin-bottom: 5px;font-family: sans-serif;font-size: 16px\">R\u00e9ponse : Au Canada, plusieurs termes sont utilis\u00e9s pour d\u00e9signer les boissons glac\u00e9es, notamment les popsicles, les sucettes glac\u00e9es, les cr\u00e8mes glac\u00e9es et les glaces. Ces termes sont souvent utilis\u00e9s de mani\u00e8re interchangeable. Bien que le Canada produise et consomme moins de 2 milliards de sucettes glac\u00e9es par an, une grande partie des sucettes glac\u00e9es du monde sont produites et vendues au Canada.<\/p>\n<\/div><\/div>","protected":false},"excerpt":{"rendered":"<p>Full Automatic popsicle packing machine Full Automatic popsicle packing machine|Product Features|Product specification You can buy Popsicle Freezers Online from the best source of wholesale Popsicle Freezer . we sell Popsicle Freezers only at discounted prices from manufacturers. You can get Popsicle Freezers from our Wholesale Shop. It is widely used in party, and parties, wedding, [&hellip;]<\/p>\n","protected":false},"featured_media":826,"comment_status":"open","ping_status":"open","template":"","meta":{"_swt_meta_header_display":false,"_swt_meta_footer_display":false,"_swt_meta_site_title_display":false,"_swt_meta_sticky_header":false,"_swt_meta_transparent_header":false},"product_brand":[],"product_cat":[84],"product_tag":[],"class_list":{"0":"post-828","1":"product","2":"type-product","3":"status-publish","4":"has-post-thumbnail","6":"product_cat-popsicle-machine","8":"first","9":"instock","10":"shipping-taxable","11":"product-type-simple"},"_links":{"self":[{"href":"https:\/\/www.hommy.com\/fr\/wp-json\/wp\/v2\/product\/828","targetHints":{"allow":["GET"]}}],"collection":[{"href":"https:\/\/www.hommy.com\/fr\/wp-json\/wp\/v2\/product"}],"about":[{"href":"https:\/\/www.hommy.com\/fr\/wp-json\/wp\/v2\/types\/product"}],"replies":[{"embeddable":true,"href":"https:\/\/www.hommy.com\/fr\/wp-json\/wp\/v2\/comments?post=828"}],"wp:featuredmedia":[{"embeddable":true,"href":"https:\/\/www.hommy.com\/fr\/wp-json\/wp\/v2\/media\/826"}],"wp:attachment":[{"href":"https:\/\/www.hommy.com\/fr\/wp-json\/wp\/v2\/media?parent=828"}],"wp:term":[{"taxonomy":"product_brand","embeddable":true,"href":"https:\/\/www.hommy.com\/fr\/wp-json\/wp\/v2\/product_brand?post=828"},{"taxonomy":"product_cat","embeddable":true,"href":"https:\/\/www.hommy.com\/fr\/wp-json\/wp\/v2\/product_cat?post=828"},{"taxonomy":"product_tag","embeddable":true,"href":"https:\/\/www.hommy.com\/fr\/wp-json\/wp\/v2\/product_tag?post=828"}],"curies":[{"name":"wp","href":"https:\/\/api.w.org\/{rel}","templated":true}]}}