{"id":825,"date":"2024-07-02T17:00:57","date_gmt":"2024-07-02T17:00:57","guid":{"rendered":"http:\/\/localhost\/hommywp\/hm-pm-12-hot-sale-ice-popsicle-machine-manufacturer-cost\/"},"modified":"2025-08-01T09:57:44","modified_gmt":"2025-08-01T09:57:44","slug":"hm-pm-12-machine-a-glacons","status":"publish","type":"product","link":"https:\/\/www.hommy.com\/fr\/p\/hm-pm-12-machine-a-glacons\/","title":{"rendered":"Hm-Pm-12 Hot Sale Ice Popsicle Machine Manufacturer Cost"},"content":{"rendered":"<div>\n<h2 style=\"text-align: center\"><strong><span style=\"letter-spacing: 0px;font-family: arial, helvetica, sans-serif;font-size: 24px\"><a name=\"Ice Popsicle Machine\"><\/a>Machine \u00e0 glace<\/span><\/strong><\/h2>\n<h2 style=\"text-align: center\"><a href=\"#Ice Popsicle Machine\" target=\"_self\" data-lv=\"0\" rel=\"noopener\"><span style=\"letter-spacing: 0px;font-family: arial, helvetica, sans-serif;font-size: 16px\">Machine \u00e0 glace<\/span><\/a><span style=\"letter-spacing: 0px;font-family: arial, helvetica, sans-serif;font-size: 16px\">|<a href=\"#Product Features\" target=\"_self\" data-lv=\"0\" rel=\"noopener\">Caract\u00e9ristiques du produit<\/a>|<a href=\"#Product specification\" target=\"_self\" data-lv=\"0\" rel=\"noopener\">Sp\u00e9cification du produit<\/a>|<a href=\"#Product Advantage\" target=\"_self\" data-lv=\"0\" rel=\"noopener\">Avantages du produit<\/a><\/span><\/h2>\n<p><\/p>\n<p style=\"text-align: center\">&nbsp;&nbsp;&nbsp;&nbsp;<\/p>\n<p>Nous sommes engag\u00e9s dans ce domaine depuis longtemps et sommes en mesure de fabriquer et de fournir une large gamme de machines \u00e0 glace. Notre machine \u00e0 glace est con\u00e7ue et fabriqu\u00e9e en utilisant des composants de la meilleure qualit\u00e9 et des mati\u00e8res premi\u00e8res de la meilleure qualit\u00e9. Fabriqu\u00e9es \u00e0 partir de mat\u00e9riaux et de composants de qualit\u00e9 approuv\u00e9e, elles sont con\u00e7ues pour offrir des performances irr\u00e9prochables. Disponibles dans diverses sp\u00e9cifications, nous les fabriquons \u00e9galement dans diff\u00e9rentes conceptions et tailles pour r\u00e9pondre aux besoins vari\u00e9s des clients.<\/p>\n<p><\/p>\n<div class=\"d-tem01-graphic tem01-graphic mockup\" data-detail=\"wrap\">\n<div class=\"cont-section clearfix d-clearfix\">\n<div class=\"col-md-6 col-sm-6 col-xs-6\">\n<div class=\"right-p\">\n<h2><img loading=\"lazy\" decoding=\"async\" src=\"https:\/\/www.hommy.com\/wp-content\/uploads\/16289175573404.jpg\" alt=\"produit-Hommy-img\" style=\"font-size: 14px;width: 600px;height: 600px\" title=\"\" width=\"600\" height=\"600\" border=\"0\" vspace=\"0\"><span style=\"font-size: 14px\">&nbsp; &nbsp; &nbsp; <strong><span style=\"font-family: arial, helvetica, sans-serif;font-size: 24px\">&nbsp; &nbsp; &nbsp; &nbsp;<\/span><\/strong><\/span><\/h2>\n<\/div>\n<\/div>\n<div class=\"col-md-6 col-sm-6 col-xs-6\">\n<div class=\"right-p\">\n<div class=\"h2 heading\">\n<h2 style=\"margin: 0px;text-indent: 0px;text-align: justify\"><strong><span style=\"letter-spacing: 0px;font-family: arial, helvetica, sans-serif;font-size: 24px\"><a name=\"Product Features\"><\/a>Caract\u00e9ristiques du produit<\/span><\/strong><\/h2>\n<p style=\"margin-top:0;margin-right:0;margin-bottom:0;margin-left:0;text-indent:0;text-align:justify\"><span style=\"font-family:\u5b8b\u4f53;letter-spacing:0;font-size:29px\">&nbsp;&nbsp;<\/span><\/p>\n<p style=\"margin-left:32px\"><span style=\"font-family:Calibri;font-size:16px\">- La machine est d'apparence luxueuse, facile \u00e0 utiliser et peu co\u00fbteuse \u00e0 entretenir.<\/span><\/p>\n<p style=\"margin-left:32px\"><span style=\"font-family:Calibri;font-size:16px\">- L'int\u00e9rieur du r\u00e9servoir est en acier inoxydable pur qui r\u00e9siste \u00e0 l'\u00e9rosion par l'acide chlorhydrique.<\/span><\/p>\n<p style=\"margin-left:32px\"><span style=\"font-family:Calibri;font-size:16px\">- L'utilisation est facile<\/span><span style=\"font-family:\u5b8b\u4f53;font-size:16px\">.<\/span><\/p>\n<p style=\"margin-left:32px\"><span style=\"font-family:Calibri;font-size:16px\">- Plusieurs types de moules \u00e0 glace pour la s\u00e9lection.<\/span><\/p>\n<p style=\"margin-left:32px\"><span style=\"font-family:Calibri;font-size:16px\">- Acier inoxydable<\/span><span style=\"font-family:\u5b8b\u4f53;font-size:16px\">l<\/span><span style=\"font-family:Calibri;font-size:16px\">! le moule peut r\u00e9sister \u00e0 l'\u00e9rosion.<\/span><\/p>\n<p style=\"margin-left:32px\"><span style=\"font-family:Calibri;font-size:16px\">- Les moules sont dot\u00e9s d'une fonction d'auto-coquillage et sont faciles \u00e0 utiliser. <\/span><span style=\"font-family:\u5b8b\u4f53;font-size:16px\">.<\/span><\/p>\n<p style=\"margin-left:32px\"><span style=\"font-family:Calibri;font-size:16px\">- Air<\/span><span style=\"font-family:\u5b8b\u4f53;font-size:16px\">&nbsp;<\/span><span style=\"font-family:Calibri;font-size:16px\">La couverture \u00e9tanche permet de conserver l'utilisation du mat\u00e9riel pendant une longue p\u00e9riode.<\/span><\/p>\n<p style=\"margin-left:32px\"><span style=\"font-family:Calibri;font-size:16px\">- Faibles investissements pour une production maximale<\/span><span style=\"font-family:\u5b8b\u4f53;font-size:16px\">.<\/span><\/p>\n<p style=\"margin-left:32px\"><span style=\"font-family:Calibri;font-size:16px\">- Tirer profit de l'eau, un potentiel de profit incroyable <\/span><span style=\"font-family:\u5b8b\u4f53;font-size:16px\">.<\/span><\/p>\n<p style=\"margin-left:32px\"><span style=\"font-family:Calibri;font-size:16px\">- Vous pouvez utiliser une seule machine pour produire 3 types de produits : <\/span><span style=\"font-family:\u5b8b\u4f53;font-size:16px\">P<\/span><span style=\"font-family:Calibri;font-size:16px\">opsicle . petit bloc de glace , i<\/span><span style=\"font-family:\u5b8b\u4f53;font-size:16px\">c<\/span><span style=\"font-family:Calibri;font-size:16px\">e bonbon .<\/span><\/p>\n<\/div>\n<\/div>\n<p>&nbsp; &nbsp; &nbsp; &nbsp; &nbsp; &nbsp;<\/p><\/div>\n<\/div>\n<\/div>\n<h2><strong><span style=\"letter-spacing: 0px;font-family: arial, helvetica, sans-serif;font-size: 24px\"><a name=\"Product specification\"><\/a>Sp\u00e9cification du produit<\/span><\/strong><\/h2>\n<h2><img loading=\"lazy\" decoding=\"async\" src=\"https:\/\/www.hommy.com\/wp-content\/uploads\/16032441296542.png\" title=\"\" alt=\"produit-Hommy-img\" width=\"1000\" height=\"436\" border=\"0\" vspace=\"0\" style=\"width: 1000px;height: 436px\"><\/h2>\n<p><\/p>\n<h2><strong><span style=\"letter-spacing: 0px;font-family: arial, helvetica, sans-serif;font-size: 24px\"><a name=\"Product Advantage\"><\/a>Avantages du produit<\/span><\/strong><\/h2>\n<p><span style=\"font-family:\u5b8b\u4f53;letter-spacing:0;font-size:29px\"><\/span><\/p>\n<div class=\"d-tem01-graphic tem01-graphic mockup\" data-detail=\"wrap\">\n<div class=\"cont-section clearfix d-clearfix\">\n<div class=\"col-md-6 col-sm-6 col-xs-6\">\n<div class=\"right-p\">\n<div class=\"h2 heading\">\n<p style=\"margin: 0 0 0 28px;text-indent: 0;padding: 0;vertical-align: baseline\"><span style=\"letter-spacing: 0px;font-family: arial, helvetica, sans-serif;font-size: 16px\">1. La machine choisit un r\u00e9servoir d'eau sal\u00e9e en SS304, un mat\u00e9riau antirouille, et l'int\u00e9rieur du r\u00e9servoir choisit toutes les vis en acier inoxydable 304 pour garantir une plus longue dur\u00e9e de vie de la machine.<\/span><\/p>\n<p style=\"margin: 0 0 0 28px;text-indent: 0;padding: 0;vertical-align: baseline\"><span style=\"letter-spacing: 0px;font-family: arial, helvetica, sans-serif;font-size: 16px\"><br \/><\/span><\/p>\n<\/div>\n<\/div>\n<div class=\"graphic_pic animated wow bounceIn\" data-wow-delay=\".7s\">\n<p style=\"text-align:center\"><img loading=\"lazy\" decoding=\"async\" src=\"https:\/\/www.hommy.com\/wp-content\/uploads\/16032443699337.jpg\" alt=\"produit-Hommy-HM-PM-12 machine \u00e0 gla\u00e7ons-img\" title=\"\" width=\"350\" height=\"500\" border=\"0\" vspace=\"0\" style=\"width: 350px;height: 500px\"><\/p>\n<\/div>\n<\/div>\n<div class=\"col-md-6 col-sm-6 col-xs-6\">\n<div class=\"right-p\">\n<div class=\"h2 heading\">\n<p style=\"margin: 0 0 0 28px;text-indent: 0;padding: 0;vertical-align: baseline\"><span style=\"letter-spacing: 0px;font-family: arial, helvetica, sans-serif;font-size: 16px\">2. Nous avons diff\u00e9rents moules \u00e0 sucettes glac\u00e9es pour que vous puissiez les choisir.&nbsp;<\/span><\/p>\n<p style=\"margin: 0 0 0 28px;text-indent: 0;padding: 0;vertical-align: baseline\"><span style=\"letter-spacing: 0px;font-family: arial, helvetica, sans-serif;font-size: 16px\"><br \/><\/span><\/p>\n<p style=\"margin: 0 0 0 28px;text-indent: 0;padding: 0;vertical-align: baseline\"><span style=\"letter-spacing: 0px;font-family: arial, helvetica, sans-serif;font-size: 16px\"><br \/><\/span><\/p>\n<p style=\"margin: 0 0 0 28px;text-indent: 0;padding: 0;vertical-align: baseline\"><span style=\"letter-spacing: 0px;font-family: arial, helvetica, sans-serif;font-size: 16px\"><br \/><\/span><\/p>\n<p style=\"margin: 0 0 0 28px;text-indent: 0;padding: 0;vertical-align: baseline\"><span style=\"letter-spacing: 0px;font-family: arial, helvetica, sans-serif;font-size: 16px\"><br \/><\/span><\/p>\n<\/div>\n<\/div>\n<div class=\"graphic_pic animated wow bounceIn\" data-wow-delay=\".7s\"><img decoding=\"async\" src=\"https:\/\/www.hommy.com\/wp-content\/uploads\/16032444176318.png\" alt=\"produit-Hommy-img\" title=\"\"><br \/>\n &nbsp; &nbsp; &nbsp; &nbsp; &nbsp; &nbsp;<\/div>\n<\/div>\n<\/div>\n<\/div>\n<p><\/p>\n<p><\/p>\n<div class=\"d-tem01-graphic tem01-graphic mockup\" data-detail=\"wrap\">\n<div class=\"cont-section clearfix d-clearfix\">\n<div class=\"col-md-6 col-sm-6 col-xs-6\">\n<div class=\"right-p\">\n<div class=\"h2 heading\">\n<p style=\"margin-left:28px;text-indent:0\"><span style=\"font-family: arial, helvetica, sans-serif\"><span style=\"letter-spacing: 0px;font-size: 16px\">3. La machine \u00e0 l'int\u00e9rieur du syst\u00e8me de refroidissement est tr\u00e8s puissante et produit un lot en 15 \u00e0 20 minutes, ce qui permet de passer la temp\u00e9rature.&nbsp;<\/span><span style=\"font-size: 16px;letter-spacing: 0px\">-18 ou -20 degr\u00e9s .&nbsp;<\/span><\/span><\/p>\n<\/div>\n<\/div>\n<div class=\"graphic_pic animated wow bounceIn\" data-wow-delay=\".7s\">\n<p style=\"text-align:center\"><img loading=\"lazy\" decoding=\"async\" src=\"https:\/\/www.hommy.com\/wp-content\/uploads\/16032446374464.jpg\" alt=\"produit-Hommy-img\" title=\"\" width=\"350\" height=\"500\" border=\"0\" vspace=\"0\" style=\"width: 350px;height: 500px\"><\/p>\n<\/div>\n<\/div>\n<div class=\"col-md-6 col-sm-6 col-xs-6\">\n<div class=\"right-p\">\n<div class=\"h2 heading\">\n<p style=\"margin-left:28px;text-indent:0\"><span style=\"font-family:Calibri;letter-spacing:0;font-size:16px\">4.&nbsp;<\/span><span style=\"font-family:Calibri;letter-spacing:0;font-size:16px\">Lorsque le barreau d'agitation en acier inoxydable \u00e0 haut rendement tourne, il g\u00e9n\u00e8re un flux d'eau qui acc\u00e9l\u00e8re la vitesse de refroidissement.<\/span><\/p>\n<p style=\"margin-left:28px;text-indent:0\"><span style=\"font-family:Calibri;letter-spacing:0;font-size:16px\"><br \/><\/span><\/p>\n<\/div>\n<\/div>\n<div class=\"graphic_pic animated wow bounceIn\" data-wow-delay=\".7s\">\n<p style=\"text-align:center\"><img loading=\"lazy\" decoding=\"async\" src=\"https:\/\/www.hommy.com\/wp-content\/uploads\/16032446978294.jpg\" alt=\"produit-HM-PM-12 machine \u00e0 gla\u00e7ons-Hommy-img\" title=\"\" width=\"350\" height=\"500\" border=\"0\" vspace=\"0\" style=\"width: 350px;height: 500px\"><\/p>\n<\/div>\n<\/div>\n<\/div>\n<\/div>\n<p>Document\uff1a<img decoding=\"async\" src=\"https:\/\/www.hommy.com\/wp-content\/uploads\/icon_pdf-56.gif\" style=\"margin-right: 2px\" alt=\"produit-Hommy-img-1\" title=\"\"><a href=\"https:\/\/img80002414.weyesimg.com\/uploads\/www.hommy.com\/addon\/16032455412296.pdf\" title=\"16032455412296.pdf\" style=\"font-size: 12px\">16032455412296.pdf<\/a><\/p>\n<h2>Le commerce des glaces est-il rentable au Kenya ?<\/h2>\n<p style=\"margin-top: 5px;margin-bottom: 5px\">Le Kenya est r\u00e9put\u00e9 pour avoir les meilleures glaces d'Afrique. Bien que les glaces ne fassent pas partie int\u00e9grante de la culture kenyane, elles gagnent lentement en popularit\u00e9. M\u00eame si elle n'est pas la meilleure partie du menu, la cr\u00e8me glac\u00e9e devient lentement plus populaire et beaucoup de gens trouvent que c'est une bonne g\u00e2terie.<\/p>\n<p style=\"margin-top: 5px;margin-bottom: 5px\"><\/p>\n<h2>Quelle est la dur\u00e9e de vie d'une glace ?<\/h2>\n<p style=\"margin-top: 5px;margin-bottom: 5px\">Lorsque vous congelez une glace, vous la congelez au niveau cellulaire. Cela signifie que vous congelez les mol\u00e9cules d'eau de la glace. Au fur et \u00e0 mesure que la glace continue de geler, les mol\u00e9cules d'eau deviennent de plus en plus petites. C'est pourquoi, lorsque vous croquez dans une glace, le liquide que vous buvez est presque \u00e0 la m\u00eame temp\u00e9rature que la glace. Au fur et \u00e0 mesure qu'il fond, la glace continue de r\u00e9tr\u00e9cir.<\/p>\n<p style=\"margin-top: 5px;margin-bottom: 5px\"><\/p>\n<h2>Combien de temps faut-il pour que les glaces soient congel\u00e9es ?<\/h2>\n<p style=\"margin-top: 5px;margin-bottom: 5px\">Le temps n\u00e9cessaire pour congeler une portion unique de glace varie en fonction de la taille de la glace, du nombre de portions, de la taille du contenant et de la temp\u00e9rature du cong\u00e9lateur.<\/p>\n<p style=\"margin-top: 5px;margin-bottom: 5px\">Je dirais qu'en moyenne, la cong\u00e9lation d'une portion individuelle prend environ 30 minutes.&nbsp;<\/p>\n<\/div><\/div>","protected":false},"excerpt":{"rendered":"<p>Ice Popsicle Machine Ice Popsicle Machine|Product Features|Product specification|Product Advantage &nbsp;&nbsp;&nbsp;&nbsp; We have been engaged in this domain for a long time and have been able to manufacture and supply a broad range of Ice Popsicle machine. Our Ice Popsicle machine is designed and manufactured using the finest quality components and the finest grade raw materials. [&hellip;]<\/p>\n","protected":false},"featured_media":818,"comment_status":"open","ping_status":"open","template":"","meta":{"_swt_meta_header_display":false,"_swt_meta_footer_display":false,"_swt_meta_site_title_display":false,"_swt_meta_sticky_header":false,"_swt_meta_transparent_header":false},"product_brand":[],"product_cat":[84],"product_tag":[],"class_list":{"0":"post-825","1":"product","2":"type-product","3":"status-publish","4":"has-post-thumbnail","6":"product_cat-popsicle-machine","8":"first","9":"instock","10":"shipping-taxable","11":"product-type-simple"},"_links":{"self":[{"href":"https:\/\/www.hommy.com\/fr\/wp-json\/wp\/v2\/product\/825","targetHints":{"allow":["GET"]}}],"collection":[{"href":"https:\/\/www.hommy.com\/fr\/wp-json\/wp\/v2\/product"}],"about":[{"href":"https:\/\/www.hommy.com\/fr\/wp-json\/wp\/v2\/types\/product"}],"replies":[{"embeddable":true,"href":"https:\/\/www.hommy.com\/fr\/wp-json\/wp\/v2\/comments?post=825"}],"wp:featuredmedia":[{"embeddable":true,"href":"https:\/\/www.hommy.com\/fr\/wp-json\/wp\/v2\/media\/818"}],"wp:attachment":[{"href":"https:\/\/www.hommy.com\/fr\/wp-json\/wp\/v2\/media?parent=825"}],"wp:term":[{"taxonomy":"product_brand","embeddable":true,"href":"https:\/\/www.hommy.com\/fr\/wp-json\/wp\/v2\/product_brand?post=825"},{"taxonomy":"product_cat","embeddable":true,"href":"https:\/\/www.hommy.com\/fr\/wp-json\/wp\/v2\/product_cat?post=825"},{"taxonomy":"product_tag","embeddable":true,"href":"https:\/\/www.hommy.com\/fr\/wp-json\/wp\/v2\/product_tag?post=825"}],"curies":[{"name":"wp","href":"https:\/\/api.w.org\/{rel}","templated":true}]}}