{"id":82,"date":"2024-07-02T11:52:06","date_gmt":"2024-07-02T11:52:06","guid":{"rendered":"http:\/\/localhost\/hommywp\/hm160e-automatic-compact-size-tabletop-smoothie-maker-for-business\/"},"modified":"2025-09-13T10:05:55","modified_gmt":"2025-09-13T10:05:55","slug":"hm160e-smoothie-maker-automatique-compact-de-table-pour-les-entreprises","status":"publish","type":"product","link":"https:\/\/www.hommy.com\/fr\/p\/hm160e-smoothie-maker-automatique-compact-de-table-pour-les-entreprises\/","title":{"rendered":"HM160E : Smoothie Maker de table automatique et compact pour les entreprises"},"content":{"rendered":"<p class=\"has-text-align-left\">Le HM-160E est un mixeur automatique commercial de table con\u00e7u pour les entreprises disposant d'un espace limit\u00e9. Il est parfait pour les fruiteries, les sup\u00e9rettes, les stations-service, les restaurants et bien plus encore.<\/p>\n\n\n\n<div class=\"wp-block-group is-vertical is-content-justification-center is-layout-flex wp-container-core-group-is-layout-ce155fab wp-block-group-is-layout-flex\">\n<figure class=\"wp-block-image aligncenter is-style-default wp-duotone-unset-1\"><img decoding=\"async\" src=\"https:\/\/www.hommy.com\/wp-content\/uploads\/17105146304917.jpg\" alt=\"machine \u00e0 smoothie\" title=\"machine \u00e0 smoothie\"\/><\/figure>\n<\/div>\n\n\n\n<h2 class=\"wp-block-heading\"><strong>S\u00e9lection de r\u00e9frig\u00e9rateurs :<\/strong><\/h2>\n\n\n\n<div class=\"wp-block-group is-nowrap is-layout-flex wp-container-core-group-is-layout-6c531013 wp-block-group-is-layout-flex\">\n<figure class=\"wp-block-image size-large\"><img decoding=\"async\" src=\"https:\/\/www.hommy.com\/wp-content\/uploads\/17107557283856-1.jpg\" alt=\"\" title=\"\"><\/figure>\n\n\n\n<figure class=\"wp-block-image size-large\"><img decoding=\"async\" src=\"https:\/\/www.hommy.com\/wp-content\/uploads\/17107557284443-1.jpg\" alt=\"\" title=\"\"><\/figure>\n\n\n\n<figure class=\"wp-block-image size-large\"><img decoding=\"async\" src=\"https:\/\/www.hommy.com\/wp-content\/uploads\/17107557297480-1.jpg\" alt=\"\" title=\"\"><\/figure>\n\n\n\n<figure class=\"wp-block-image size-large\"><img decoding=\"async\" src=\"https:\/\/www.hommy.com\/wp-content\/uploads\/17107557277036-1.jpg\" alt=\"\" title=\"\"><\/figure>\n<\/div>\n\n\n\n<h2 class=\"wp-block-heading\">Vid\u00e9o du produit :<\/h2>\n\n\n\n<p>Machine \u00e0 smoothie tr\u00e8s populaire pour la vente<\/p>\n\n\n<p><iframe loading=\"lazy\" title=\"machine \u00e0 smoothie avec fruits congel\u00e9s\" width=\"500\" height=\"281\" src=\"https:\/\/www.youtube.com\/embed\/x-XeZtjX6hg?feature=oembed\" frameborder=\"0\" allow=\"accelerometer; autoplay; clipboard-write; encrypted-media; gyroscope; picture-in-picture; web-share\" referrerpolicy=\"strict-origin-when-cross-origin\" allowfullscreen><\/iframe><\/p>\n\n\n<p><iframe loading=\"lazy\" title=\"D\u00e9panneur 24 heures Machine \u00e0 smoothie\" width=\"500\" height=\"281\" src=\"https:\/\/www.youtube.com\/embed\/izlN4mk533U?feature=oembed\" frameborder=\"0\" allow=\"accelerometer; autoplay; clipboard-write; encrypted-media; gyroscope; picture-in-picture; web-share\" referrerpolicy=\"strict-origin-when-cross-origin\" allowfullscreen><\/iframe><\/p>\n\n\n\n<div class=\"wp-block-group is-vertical is-content-justification-center is-layout-flex wp-container-core-group-is-layout-ce155fab wp-block-group-is-layout-flex\">\n<h2 class=\"wp-block-heading\">Sp\u00e9cifications :<\/h2>\n\n\n\n<figure class=\"wp-block-image\"><img decoding=\"async\" src=\"https:\/\/www.hommy.com\/wp-content\/uploads\/17105175578638-2.jpg\" alt=\"produit-Hommy-img\" title=\"\"><\/figure>\n<\/div>\n\n\n\n<p class=\"has-text-align-center\"><\/p>\n\n\n\n<h2 class=\"wp-block-heading\">Processus d'achat des clients :<\/h2>\n\n\n\n<p><strong>Pr\u00e9paration :<\/strong>Cr\u00e9ez un code QR sur le site web et imprimez un autocollant pour chaque gobelet. Placez les morceaux de fruits dans les gobelets et appliquez l'autocollant du code QR. (Cette \u00e9tape peut \u00eatre r\u00e9alis\u00e9e dans un autre atelier de production, et vous n'avez qu'\u00e0 transporter les marchandises).<\/p>\n\n\n\n<p><strong>Produits de charge :<\/strong>Conserver les coupes au r\u00e9frig\u00e9rateur entre -10\u00b0C et -18\u00b0C.<\/p>\n\n\n\n<p><strong>Achats des clients :<\/strong> Le client choisit ce qu'il veut dans le r\u00e9frig\u00e9rateur.<\/p>\n\n\n\n<p>Payez \u00e0 la r\u00e9ception.<\/p>\n\n\n\n<p>Scanne le code QR sur la machine, qui ouvre automatiquement la porte.<\/p>\n\n\n\n<p>Place le gobelet dans le support situ\u00e9 sous la lame de mixage.<\/p>\n\n\n\n<p>La porte de l'appareil se ferme automatiquement et le smoothie est ensuite mix\u00e9.<\/p>\n\n\n\n<p>Le client peut voir la progression sur l'\u00e9cran.<\/p>\n\n\n\n<p>Une fois l'op\u00e9ration termin\u00e9e, ils peuvent obtenir un smoothie frais !<\/p>\n\n\n\n<p>Ensuite, la machine nettoie automatiquement les lames avec de l'eau.<\/p>\n\n\n\n<p><\/p>\n\n\n\n<h2 class=\"wp-block-heading\">Caract\u00e9ristiques du produit<\/h2>\n\n\n\n<p><strong>Fonctionnement autonome :&nbsp;<\/strong>Le HM160E fonctionne avec un cong\u00e9lateur s\u00e9par\u00e9, ce qui permet aux clients de cr\u00e9er facilement des smoothies \u00e0 partir de fruits congel\u00e9s.<\/p>\n\n\n\n<p><strong>M\u00e9lange automatique :&nbsp;<\/strong>L'appareil m\u00e9lange automatiquement les fruits et distribue de 100 \u00e0 300 ml d'eau ou de lait pour cr\u00e9er un smoothie parfaitement homog\u00e8ne en 40 secondes environ.<\/p>\n\n\n\n<p><strong>Contr\u00f4le par \u00e9cran tactile :&nbsp;<\/strong>Un grand \u00e9cran tactile de 13,3\u2033 dot\u00e9 d'un syst\u00e8me Android affiche la progression de l'op\u00e9ration ou diffuse des publicit\u00e9s. Un mot de passe est n\u00e9cessaire pour acc\u00e9der \u00e0 l'arri\u00e8re-plan afin de modifier les donn\u00e9es de la machine, telles que le volume d'eau\/de lait, la consommation d'eau de nettoyage et les param\u00e8tres de m\u00e9lange.<\/p>\n\n\n\n<p><strong>Fonctionnalit\u00e9 du code QR :&nbsp;<\/strong>Chaque gobelet est accompagn\u00e9 d'un autocollant avec code QR qui peut \u00eatre personnalis\u00e9 pour sp\u00e9cifier la quantit\u00e9 d'eau \u00e0 remplir, la vitesse du moteur, le temps de mixage et m\u00eame le volume d'eau de nettoyage.<\/p>\n\n\n\n<p><strong>Compteur de coupes :<\/strong> L'appareil scanne le code QR pour suivre et afficher le nombre total de smoothies mix\u00e9s.<\/p>\n\n\n\n<p><strong>Taille du bonnet :<\/strong> Choisissez entre un gobelet PET de qualit\u00e9 alimentaire de 14 ou 16 oz.<\/p>\n\n\n\n<p><strong>Surveillance \u00e0 distance :<\/strong> Contr\u00f4ler et g\u00e9rer les donn\u00e9es de vente \u00e0 distance.<\/p>\n\n\n\n<p><strong>Nettoyage automatique :<\/strong> L'appareil se nettoie automatiquement apr\u00e8s chaque m\u00e9lange.<\/p>\n\n\n\n<p><strong>St\u00e9rilisation automatique :<\/strong> Utilise l'irradiation ultraviolette pour tuer les bact\u00e9ries et les virus pr\u00e9sents dans l'appareil.<\/p>\n\n\n\n<p><strong>Design personnalis\u00e9 :<\/strong> Les conceptions peuvent \u00eatre personnalis\u00e9es en fonction des exigences des clients, et les OEM sont disponibles.<\/p>\n\n\n\n<p><strong>Prise en charge multilingue :<\/strong> L'appareil prend en charge plusieurs langues, notamment le chinois, l'anglais, l'allemand, l'arabe, le malaisien, le tha\u00ef, l'espagnol et le cor\u00e9en.<\/p>\n\n\n\n<p><strong>Syst\u00e8me de r\u00e9servoir d'eau :<\/strong> Il comprend un r\u00e9servoir d'eau propre et un r\u00e9servoir d'eau us\u00e9e, ce qui \u00e9limine la n\u00e9cessit\u00e9 d'une conduite d'eau ou d'un siphon de sol. Il est \u00e9galement tr\u00e8s pratique \u00e0 d\u00e9placer<\/p>\n\n\n\n<h2 class=\"wp-block-heading\"><strong>Avantages du produit<\/strong><\/h2>\n\n\n\n<div class=\"wp-block-group is-horizontal is-content-justification-center is-nowrap is-layout-flex wp-container-core-group-is-layout-2256e7f1 wp-block-group-is-layout-flex\">\n<div class=\"wp-block-group is-vertical is-content-justification-center is-layout-flex wp-container-core-group-is-layout-6363bf74 wp-block-group-is-layout-flex\">\n<figure class=\"wp-block-image\"><img decoding=\"async\" src=\"https:\/\/www.hommy.com\/wp-content\/uploads\/17105175559625-2.jpg\" alt=\"\" title=\"\"><figcaption class=\"wp-element-caption\">1.scanner<\/figcaption><\/figure>\n<\/div>\n\n\n\n<div class=\"wp-block-group is-vertical is-content-justification-center is-layout-flex wp-container-core-group-is-layout-ce155fab wp-block-group-is-layout-flex\">\n<figure class=\"wp-block-image size-large\"><img decoding=\"async\" src=\"https:\/\/www.hommy.com\/wp-content\/uploads\/17105175558461-2.jpg\" alt=\"\" title=\"\"><figcaption class=\"wp-element-caption\">2. en un seul clic<\/figcaption><\/figure>\n<\/div>\n\n\n\n<div class=\"wp-block-group is-vertical is-content-justification-center is-layout-flex wp-container-core-group-is-layout-ce155fab wp-block-group-is-layout-flex\">\n<figure class=\"wp-block-image size-large\"><img decoding=\"async\" src=\"https:\/\/www.hommy.com\/wp-content\/uploads\/17105175531218-2.jpg\" alt=\"\" title=\"\"><figcaption class=\"wp-element-caption\">3.nettoyage<\/figcaption><\/figure>\n<\/div>\n<\/div>\n\n\n\n<div class=\"wp-block-group is-horizontal is-content-justification-center is-nowrap is-layout-flex wp-container-core-group-is-layout-2256e7f1 wp-block-group-is-layout-flex\">\n<div class=\"wp-block-group is-vertical is-layout-flex wp-container-core-group-is-layout-fe9cc265 wp-block-group-is-layout-flex\">\n<figure class=\"wp-block-image size-large\"><img decoding=\"async\" src=\"https:\/\/www.hommy.com\/wp-content\/uploads\/17105175522157-2.jpg\" alt=\"\" title=\"\"><figcaption class=\"wp-element-caption\">4.blender<\/figcaption><\/figure>\n<\/div>\n\n\n\n<div class=\"wp-block-group is-vertical is-layout-flex wp-container-core-group-is-layout-fe9cc265 wp-block-group-is-layout-flex\">\n<figure class=\"wp-block-image size-large\"><img decoding=\"async\" src=\"https:\/\/www.hommy.com\/wp-content\/uploads\/17105175543965-2.jpg\" alt=\"\" title=\"\"><figcaption class=\"wp-element-caption\">5.Lanugage<\/figcaption><\/figure>\n<\/div>\n\n\n\n<div class=\"wp-block-group is-vertical is-layout-flex wp-container-core-group-is-layout-fe9cc265 wp-block-group-is-layout-flex\">\n<figure class=\"wp-block-image size-large\"><img decoding=\"async\" src=\"https:\/\/www.hommy.com\/wp-content\/uploads\/17105175568398.jpg\" alt=\"\" title=\"\"><figcaption class=\"wp-element-caption\">6.entr\u00e9e d'eau sortie<\/figcaption><\/figure>\n<\/div>\n<\/div>\n\n\n\n<div class=\"wp-block-group is-horizontal is-content-justification-center is-nowrap is-layout-flex wp-container-core-group-is-layout-2256e7f1 wp-block-group-is-layout-flex\">\n<div class=\"wp-block-group is-vertical is-layout-flex wp-container-core-group-is-layout-fe9cc265 wp-block-group-is-layout-flex\"><\/div>\n\n\n\n<div class=\"wp-block-group is-vertical is-layout-flex wp-container-core-group-is-layout-fe9cc265 wp-block-group-is-layout-flex\">\n<figure class=\"wp-block-image size-large\"><img decoding=\"async\" src=\"https:\/\/www.hommy.com\/wp-content\/uploads\/17105175542633.jpg\" alt=\"\" title=\"\"><figcaption class=\"wp-element-caption\">7.multicolore<\/figcaption><\/figure>\n<\/div>\n\n\n\n<div class=\"wp-block-group is-vertical is-layout-flex wp-container-core-group-is-layout-fe9cc265 wp-block-group-is-layout-flex\"><\/div>\n<\/div>\n\n\n\n<h2 class=\"wp-block-heading\">Contact<\/h2>\n\n\n\n<p>Si vous \u00eates int\u00e9ress\u00e9 par cette machine ou par nos autres machines \u00e0 smoothie, contactez-nous pour obtenir le prix de la machine et plus de d\u00e9tails.<\/p>\n\n\n\n<h2 class=\"wp-block-heading\">FAQ<\/h2>\n\n\n\n<p><strong>Comment les smoothies sont-ils fabriqu\u00e9s par un distributeur automatique ?<\/strong><\/p>\n\n\n\n<p>La machine \u00e0 smoothie Hommy est un moyen tr\u00e8s pratique et rapide de d\u00e9guster des smoothies sains. Elle accepte les commandes, mixe de vrais fruits surgel\u00e9s dans la tasse et se nettoie automatiquement.  Elle est id\u00e9ale pour les universit\u00e9s, les bureaux, les cantines, les gymnases, les spas, les caf\u00e9s et les magasins de fruits.<\/p>\n\n\n\n<p><strong>Comment pr\u00e9parer un granit\u00e9 \u00e0 la mangue dans une machine \u00e0 smoothie ?<\/strong><\/p>\n\n\n\n<p>Un distributeur automatique de smoothies peut-il produire de la neige fondue ?  Oui, le distributeur automatique de smoothie ne se contente pas de pr\u00e9parer des smoothies aux fruits sains, il peut \u00e9galement pr\u00e9parer des granit\u00e9s de diff\u00e9rents parfums. Pour apprendre \u00e0 faire du slush dans un distributeur automatique de smoothie, vous devez vous procurer : un distributeur automatique de smoothie, de la glace, du sirop de slush, des gobelets et des pailles. Nous vous guiderons pour que vous puissiez faire du slush rapidement et en vous amusant !<\/p>\n\n\n\n<p><strong>Pourquoi les distributeurs automatiques de smoothies sont-ils si populaires ?<\/strong><\/p>\n\n\n\n<p>Les smoothies sont plus populaires que jamais. Pour son alimentation saine \u00e0 base de vrais fruits\/ingr\u00e9dients, le smoothie peut \u00eatre consomm\u00e9 dans le cadre d'un r\u00e9gime alimentaire \u00e9quilibr\u00e9, il peut \u00e9galement contribuer \u00e0 la perte de poids. Un distributeur automatique de smoothies peut fournir des smoothies sains de mani\u00e8re plus rapide, plus facile et plus pratique.<\/p>","protected":false},"excerpt":{"rendered":"<p>The HM-160E is an automatic, commercial, table-top style smoothie maker designed for businesses with limited space. it&#8217;s perfect for fruit shops, convenience stores, gas stations, restaurants, and more. Refrigerator Selection: Product VIdeo: Hot popular smoothie machine for sale Specifications: Customer Purchasing Process: Prepration:Generate a QR code on the website and print a sticker for each [&hellip;]<\/p>\n","protected":false},"featured_media":69,"comment_status":"closed","ping_status":"closed","template":"","meta":{"_swt_meta_header_display":false,"_swt_meta_footer_display":false,"_swt_meta_site_title_display":false,"_swt_meta_sticky_header":false,"_swt_meta_transparent_header":false},"product_brand":[],"product_cat":[69,68],"product_tag":[],"class_list":{"0":"post-82","1":"product","2":"type-product","3":"status-publish","4":"has-post-thumbnail","6":"product_cat-smoothie-vending-machine","7":"product_cat-vending-machine","9":"first","10":"instock","11":"shipping-taxable","12":"product-type-simple"},"_links":{"self":[{"href":"https:\/\/www.hommy.com\/fr\/wp-json\/wp\/v2\/product\/82","targetHints":{"allow":["GET"]}}],"collection":[{"href":"https:\/\/www.hommy.com\/fr\/wp-json\/wp\/v2\/product"}],"about":[{"href":"https:\/\/www.hommy.com\/fr\/wp-json\/wp\/v2\/types\/product"}],"replies":[{"embeddable":true,"href":"https:\/\/www.hommy.com\/fr\/wp-json\/wp\/v2\/comments?post=82"}],"wp:featuredmedia":[{"embeddable":true,"href":"https:\/\/www.hommy.com\/fr\/wp-json\/wp\/v2\/media\/69"}],"wp:attachment":[{"href":"https:\/\/www.hommy.com\/fr\/wp-json\/wp\/v2\/media?parent=82"}],"wp:term":[{"taxonomy":"product_brand","embeddable":true,"href":"https:\/\/www.hommy.com\/fr\/wp-json\/wp\/v2\/product_brand?post=82"},{"taxonomy":"product_cat","embeddable":true,"href":"https:\/\/www.hommy.com\/fr\/wp-json\/wp\/v2\/product_cat?post=82"},{"taxonomy":"product_tag","embeddable":true,"href":"https:\/\/www.hommy.com\/fr\/wp-json\/wp\/v2\/product_tag?post=82"}],"curies":[{"name":"wp","href":"https:\/\/api.w.org\/{rel}","templated":true}]}}