{"id":817,"date":"2024-07-02T16:38:59","date_gmt":"2024-07-02T16:38:59","guid":{"rendered":"http:\/\/localhost\/hommywp\/china-thai-electric-round-pan-fried-ice-cream-roll-maker-factory\/"},"modified":"2025-08-01T09:57:44","modified_gmt":"2025-08-01T09:57:44","slug":"machine-a-rouleaux-de-creme-glacee-frite-thailandaise-machine-a-rouleaux-de-creme-glacee","status":"publish","type":"product","link":"https:\/\/www.hommy.com\/fr\/p\/machine-a-rouleaux-de-creme-glacee-frite-thailandaise-machine-a-rouleaux-de-creme-glacee\/","title":{"rendered":"Fabrique de rouleaux de cr\u00e8me glac\u00e9e frits \u00e0 la po\u00eale \u00e9lectrique Thai"},"content":{"rendered":"<div>\n<p>&nbsp;<\/p>\n<h2 style=\"text-align: center\"><span style=\"font-family: arial, helvetica, sans-serif;font-weight: 700;text-align: center;font-size: 20px\"><a name=\"Thai fried Ice cream roll maker\/High Quality Fried frozen yogurt\/Thai Thailand fried ice cream machine\"><\/a>Machine \u00e0 rouler les glaces frites tha\u00eflandaises \/ yaourt glac\u00e9 frit de haute qualit\u00e9 \/ machine \u00e0 glaces frites tha\u00eflandaises<\/span><\/h2>\n<p style=\"text-align: center\"><\/p>\n<p style=\"text-align: center\"><a href=\"#Thai fried Ice cream roll maker\/High Quality Fried frozen yogurt\/Thai Thailand fried ice cream machine\" target=\"_self\" data-lv=\"0\" rel=\"noopener\"><span style=\"font-family: arial, helvetica, sans-serif\">Machine \u00e0 rouler les glaces frites tha\u00eflandaises \/ yaourt glac\u00e9 frit de haute qualit\u00e9 \/ machine \u00e0 glaces frites tha\u00eflandaises<\/span><\/a><span style=\"font-family: arial, helvetica, sans-serif\">|<a href=\"#PRODUCT FEATURES\" target=\"_self\" data-lv=\"0\" rel=\"noopener\">CARACT\u00c9RISTIQUES DU PRODUIT<\/a>|<a href=\"#Fried Ice cream roll maker\" target=\"_self\" data-lv=\"0\" rel=\"noopener\">Machine \u00e0 rouleaux de glace frite<\/a>|<a href=\"#Product specification\" target=\"_self\" data-lv=\"0\" rel=\"noopener\">Sp\u00e9cification du produit<\/a>|<a href=\"#Product Features\" target=\"_self\" data-lv=\"0\" rel=\"noopener\">Caract\u00e9ristiques du produit<\/a>|<a href=\"#Product Description\" target=\"_self\" data-lv=\"0\" rel=\"noopener\">Description du produit<\/a>|<\/span><a href=\"#Operation Demonstration\" target=\"_self\" data-lv=\"0\" rel=\"noopener\"><span style=\"font-family: arial, helvetica, sans-serif\">D\u00e9monstration de l'op\u00e9ration<\/span><br \/><\/a><\/p>\n<p style=\"text-align: center\"><video src=\"https:\/\/img80002414.weyesimg.com\/uploads\/wij2rdgc.allweyes.com\/video\/15553215634613.mp4\" preload=\"none\" controls=\"\" poster=\"https:\/\/img80002414.weyesimg.com\/uploads\/wij2rdgc.allweyes.com\/images\/15553215473420.jpg\" data-setup=\"{}\" width=\"900\" height=\"640\"><\/video><\/p>\n<p>&nbsp;<\/p>\n<div class=\"text-left d-tem09-title d-interval\" data-detail=\"wrap\">\n<div class=\"title-header\">\n<p>Notre machine \u00e0 rouleaux de cr\u00e8me glac\u00e9e frite est utilis\u00e9e pour fabriquer de la cr\u00e8me glac\u00e9e frite en m\u00e9langeant de la cr\u00e8me glac\u00e9e \u00e0 une p\u00e2te \u00e0 frire sp\u00e9ciale. Elle est disponible en diff\u00e9rentes tailles et formes et peut \u00eatre utilis\u00e9e dans les restaurants, les h\u00f4tels et d'autres points de vente de produits alimentaires.<\/p>\n<h2><strong><span style=\"font-size: 24px;font-family: arial, helvetica, sans-serif\"><br \/><\/span><\/strong><\/h2>\n<h2><strong><span style=\"font-size: 24px;font-family: arial, helvetica, sans-serif\">CARACT\u00c9RISTIQUES DU PRODUIT<\/span><\/strong><\/h2>\n<div class=\"subtitle\"><span>L'usine de Hommy couvre une superficie de 30 500 m\u00e8tres carr\u00e9s dans la ville de Xinhui Jiangmen. Elle comprend des lignes de production flexibles, un laboratoire de R&amp;D, un centre d'apprentissage et un atelier \u00e9quip\u00e9 de mat\u00e9riel de pointe.<\/span><\/div>\n<\/div>\n<\/div>\n<p>&nbsp;<\/p>\n<div class=\"d-tem11-graphic tem11-graphic mockup\" data-detail=\"wrap\">\n<div class=\"tab_row\">\n<div class=\"img\" style=\"width: 50%\">\n<p style=\"text-align:center\"><img loading=\"lazy\" decoding=\"async\" title=\"\" alt=\"produit-Hommy-img\" src=\"https:\/\/www.hommy.com\/wp-content\/uploads\/15553218255331.jpg\" width=\"600\" height=\"800\" border=\"0\" vspace=\"0\" style=\"width: 600px;height: 800px\"><\/p>\n<\/div>\n<div class=\"text_box\" style=\"width: 50%\">\n<p>&nbsp;<span style=\"font-size: 24px\"><strong style=\"font-family: arial, helvetica, sans-serif;color: inherit;font-size: 30px\"><span><a name=\"Fried Ice cream roll maker\"><\/a>Machine \u00e0 rouleaux de glace frite<\/span><\/strong><\/span><\/p>\n<p>&nbsp;<\/p>\n<p style=\"line-height: 2em\">Les bacs sont en acier inoxydable, ils peuvent utiliser de l'eau pure, ainsi qu'une formule pr\u00e9par\u00e9e et des boissons aux fruits, vous pouvez cr\u00e9er une vari\u00e9t\u00e9 de types de cr\u00e8me glac\u00e9e molle et dure, des smoothies, de la glace, de la boue glac\u00e9e, de la neige fondue, de la glace aux fruits, de la bouillie de glace, des fruits, etc. <br \/>Description du produit : <br \/>L'effet haute efficacit\u00e9 et basse temp\u00e9rature est excellent et peut passer la temp\u00e9rature de -25\u00b0C. <br \/>Syst\u00e8me de contr\u00f4le humanis\u00e9 : en fonction de votre mat\u00e9riel \u00e0 configurer Contr\u00f4le de la temp\u00e9rature des limites sup\u00e9rieures et inf\u00e9rieures de -19'C \u00e0 -22C. <br \/>La fonction de d\u00e9givrage par le pied est facile \u00e0 contr\u00f4ler pour le personnel. &nbsp; &nbsp; &nbsp; &nbsp; &nbsp; &nbsp; &nbsp;<br \/>\n &nbsp; &nbsp; &nbsp; &nbsp; &nbsp; &nbsp; &nbsp;<\/p>\n<p>&nbsp;<\/p>\n<\/div>\n<\/div>\n<\/div>\n<p>&nbsp;<\/p>\n<div class=\"text-left d-tem09-title d-interval\" data-detail=\"wrap\">\n<div class=\"title-header\">\n<div class=\"title\"><span style=\"font-size: 24px\"><\/span><\/p>\n<h2 style=\"margin-bottom: 0px;text-align: justify\"><span style=\"font-weight: 700;letter-spacing: 0px;font-size: 24px;font-family: arial, helvetica, sans-serif\"><a name=\"Product specification\"><\/a>Sp\u00e9cification du produit\uff1a<\/span><span style=\"font-family: \u5b8b\u4f53;letter-spacing: 0px;font-size: 48px\"><\/span><\/h2>\n<p style=\"margin-bottom: 0px\"><span style=\"font-family: Calibri;font-size: 20px\">Param\u00e8tres techniques :<\/span><\/p>\n<p><span><\/span><\/div>\n<\/div>\n<\/div>\n<p>&nbsp;<\/p>\n<p style=\"text-align:center\"><img decoding=\"async\" src=\"https:\/\/www.hommy.com\/wp-content\/uploads\/16008276911846.png\" alt=\"produit-Thai fried Ice cream roll maker machine \u00e0 rouler les glaces-Hommy-img\" title=\"\"><\/p>\n<p><\/p>\n<h2 style=\"margin-bottom: 0px\"><span style=\"font-weight: 700;font-size: 24px;font-family: arial, helvetica, sans-serif\"><a name=\"Product Features\"><\/a>Caract\u00e9ristiques du produit\uff1a<\/span><\/h2>\n<p style=\"margin-bottom: 0px\"><span style=\"font-family: Calibri;font-size: 16px\">Les casseroles sont en acier inoxydable, elles peuvent utiliser de l'eau pure, ainsi qu'une formule pr\u00e9par\u00e9e.<\/span><span style=\"font-family: \u5b8b\u4f53;font-size: 16px\">&nbsp;<\/span><span style=\"font-family: Calibri;font-size: 16px\">et les boissons aux fruits, vous pouvez cr\u00e9er une vari\u00e9t\u00e9 de types de glaces molles et dures.<\/span><span style=\"font-family: \u5b8b\u4f53;font-size: 16px\">&nbsp;<\/span><span style=\"font-family: Calibri;font-size: 16px\">cr\u00e8me, smoothies, glace, boue glac\u00e9e, neige fondue, glace aux fruits, bouillie glac\u00e9e, fruits, etc.<\/span><\/p>\n<p style=\"margin-bottom: 0px\"><span style=\"font-family: Calibri;font-size: 16px\"><br \/><\/span><\/p>\n<h2 style=\"margin-bottom: 0px\"><span style=\"font-weight: 700;font-size: 24px;font-family: arial, helvetica, sans-serif\"><a name=\"Product Description\"><\/a>Description du produit :<\/span><\/h2>\n<p style=\"margin-bottom: 0px\"><span style=\"font-family: Calibri;font-size: 16px\">1. L'effet haute efficacit\u00e9 et basse temp\u00e9rature est excellent et peut passer la temp\u00e9rature de -25\u00b0C.<\/span><\/p>\n<p style=\"margin-bottom: 0px\"><span style=\"font-family: Calibri;font-size: 16px\">2. Syst\u00e8me de contr\u00f4le humanis\u00e9 : en fonction de votre mat\u00e9riel \u00e0 configurer Contr\u00f4le de la temp\u00e9rature des limites sup\u00e9rieures et inf\u00e9rieures de -19'C \u00e0 -22C.<\/span><\/p>\n<p style=\"margin-bottom: 0px\"><span style=\"font-family: Calibri;font-size: 16px\">3. La fonction de d\u00e9givrage au pied est facile \u00e0 contr\u00f4ler pour l'employ\u00e9.<\/span><\/p>\n<p><span style=\"font-family: Calibri;font-size: 16px\"><br \/><\/span><\/p>\n<p>&nbsp;<\/p>\n<div class=\"text-left d-tem09-title d-interval\" data-detail=\"wrap\">\n<div class=\"title-header\">\n<h2><strong><span style=\"font-size: 24px;font-family: arial, helvetica, sans-serif\"><a name=\"Operation Demonstration\"><\/a>Op\u00e9ration de d\u00e9monstration :&nbsp;<\/span><\/strong><\/h2>\n<p><span>FonctionnementD\u00e9monstration:Le fonctionnement est tr\u00e8s simple, vous pouvez faire le s\u00e9chage pour faire de la cr\u00e8me glac\u00e9e cuite, vous pouvez ajouter des saveurs diff\u00e9rentes et des mat\u00e9riaux diff\u00e9rents, par exemple : sucre, cuisson, fruits et plus, vous pouvez faire des rouleaux de cr\u00e8me glac\u00e9e de go\u00fbt diff\u00e9rent.&nbsp;&nbsp;<\/span><\/p>\n<p><span><br \/><\/span><\/p>\n<p style=\"text-align:center\"><span><img loading=\"lazy\" decoding=\"async\" src=\"https:\/\/www.hommy.com\/wp-content\/uploads\/16008277752200.jpg\" title=\"\" alt=\"produit-Hommy-img\" width=\"800\" height=\"233\" border=\"0\" vspace=\"0\" style=\"width: 800px;height: 233px\"><\/span><\/p>\n<\/div>\n<\/div>\n<p style=\"line-height: 2em\"><\/p>\n<p>Document\uff1a<img decoding=\"async\" src=\"https:\/\/www.hommy.com\/wp-content\/uploads\/icon_pdf-55.gif\" style=\"margin-right: 2px\" alt=\"produit-Hommy-img\" title=\"\"><a href=\"https:\/\/img80002414.weyesimg.com\/uploads\/www.hommy.com\/addon\/16027266629881.pdf\" title=\"16027266629881.pdf\" style=\"font-size: 12px\">16027266629881.pdf<\/a><\/p>\n<h2>Comment pr\u00e9pare-t-on la glace sicilienne ?&nbsp;<\/h2>\n<p style=\"margin-top: 5px;margin-bottom: 5px\">La Sicile est consid\u00e9r\u00e9e comme l'un des berceaux de l'industrie italienne de la glace. La glace sicilienne est souvent appel\u00e9e glace \u00e0 la ricotta. Elle est cr\u00e9meuse, acidul\u00e9e et l\u00e9g\u00e8re. La ricotta est un fromage italien d\u00e9riv\u00e9 du lactos\u00e9rum restant apr\u00e8s la fabrication du fromage, semblable au fromage blanc.<\/p>\n<p style=\"margin-top: 5px;margin-bottom: 5px\">Je suis toujours \u00e0 la recherche de moyens d'ajouter un peu de couleur, une saveur amusante et un peu de fantaisie \u00e0 mon alimentation quotidienne. J'ai h\u00e2te de partager avec vous ce que j'ai d\u00e9couvert. La cr\u00e8me glac\u00e9e sicilienne, qui est tr\u00e8s simple \u00e0 pr\u00e9parer, sera certainement bient\u00f4t sur ma table.<\/p>\n<p style=\"margin-top: 5px;margin-bottom: 5px\"><\/p>\n<h2>Comment s'appelle la glace mexicaine ?<\/h2>\n<p style=\"margin-top: 5px;margin-bottom: 5px\">Le terme le plus courant pour d\u00e9signer les glaces au Mexique est helado, qui se traduit par \"neige\" ou \"glace\" (le \"h\" est muet). Il s'agit du m\u00eame terme qu'aux \u00c9tats-Unis, mais au Mexique, il est \u00e9galement utilis\u00e9 pour d\u00e9signer les glaces non congel\u00e9es. Par exemple, chez un vendeur ambulant de glaces, vous pouvez demander un helado de leche, c'est-\u00e0-dire une glace au lait.<\/p>\n<p style=\"margin-top: 5px;margin-bottom: 5px\"><\/p>\n<h2>Combien co\u00fbte une machine \u00e0 milk-shake de McDonald's ?<\/h2>\n<p style=\"margin-top: 5px;margin-bottom: 5px\">Selon une liste de prix disponible sur le site web de McDonald's, une machine \u00e0 milk-shake McDonald's de base co\u00fbte 1 400 TTP, tandis qu'un mod\u00e8le haut de gamme co\u00fbte 1 600 TTP. Les prix comprennent le co\u00fbt de la machine, du mat\u00e9riel, du logiciel et de l'installation.<\/p>\n<\/div><\/div>","protected":false},"excerpt":{"rendered":"<p>&nbsp; Thai fried Ice cream roll maker\/High Quality Fried frozen yogurt\/Thai Thailand fried ice cream machine Thai fried Ice cream roll maker\/High Quality Fried frozen yogurt\/Thai Thailand fried ice cream machine|PRODUCT FEATURES|Fried Ice cream roll maker|Product specification|Product Features|Product Description|Operation Demonstration &nbsp; Our Fried ice cream roll maker is used to make Fried ice cream by [&hellip;]<\/p>\n","protected":false},"featured_media":813,"comment_status":"open","ping_status":"open","template":"","meta":{"_swt_meta_header_display":false,"_swt_meta_footer_display":false,"_swt_meta_site_title_display":false,"_swt_meta_sticky_header":false,"_swt_meta_transparent_header":false},"product_brand":[],"product_cat":[83,77],"product_tag":[],"class_list":{"0":"post-817","1":"product","2":"type-product","3":"status-publish","4":"has-post-thumbnail","6":"product_cat-fried-ice-cream-machine","7":"product_cat-ice-cream-machine","9":"first","10":"instock","11":"shipping-taxable","12":"product-type-simple"},"_links":{"self":[{"href":"https:\/\/www.hommy.com\/fr\/wp-json\/wp\/v2\/product\/817","targetHints":{"allow":["GET"]}}],"collection":[{"href":"https:\/\/www.hommy.com\/fr\/wp-json\/wp\/v2\/product"}],"about":[{"href":"https:\/\/www.hommy.com\/fr\/wp-json\/wp\/v2\/types\/product"}],"replies":[{"embeddable":true,"href":"https:\/\/www.hommy.com\/fr\/wp-json\/wp\/v2\/comments?post=817"}],"wp:featuredmedia":[{"embeddable":true,"href":"https:\/\/www.hommy.com\/fr\/wp-json\/wp\/v2\/media\/813"}],"wp:attachment":[{"href":"https:\/\/www.hommy.com\/fr\/wp-json\/wp\/v2\/media?parent=817"}],"wp:term":[{"taxonomy":"product_brand","embeddable":true,"href":"https:\/\/www.hommy.com\/fr\/wp-json\/wp\/v2\/product_brand?post=817"},{"taxonomy":"product_cat","embeddable":true,"href":"https:\/\/www.hommy.com\/fr\/wp-json\/wp\/v2\/product_cat?post=817"},{"taxonomy":"product_tag","embeddable":true,"href":"https:\/\/www.hommy.com\/fr\/wp-json\/wp\/v2\/product_tag?post=817"}],"curies":[{"name":"wp","href":"https:\/\/api.w.org\/{rel}","templated":true}]}}