{"id":812,"date":"2024-07-02T16:38:55","date_gmt":"2024-07-02T16:38:55","guid":{"rendered":"http:\/\/localhost\/hommywp\/hm-sm-900-mobile-cold-temperature-pan-fried-ice-cream-machine\/"},"modified":"2025-08-01T09:57:43","modified_gmt":"2025-08-01T09:57:43","slug":"hm-sm-900-machine-a-glaces-frites","status":"publish","type":"product","link":"https:\/\/www.hommy.com\/fr\/p\/hm-sm-900-machine-a-glaces-frites\/","title":{"rendered":"Hm-Sm-900 Machine mobile \u00e0 cr\u00e8me glac\u00e9e pan frit \u00e0 temp\u00e9rature froide"},"content":{"rendered":"<div>\n<p><\/p>\n<p><\/p>\n<h2 style=\"text-align: center\"><span style=\"font-family: Helvetica;letter-spacing: 0;font-size: 29px\"><a name=\"Double Pan Fried Ice Cream Maker\"><\/a><strong>Double friture \u00e0 la po\u00eale <a style=\"color:blue\" href=\"\/fr\/\">Machine \u00e0 cr\u00e8me glac\u00e9e<\/a><\/strong>&nbsp;<\/span><\/h2>\n<p style=\"text-align: center\"><a href=\"#Double Pan Fried Ice Cream Maker\" target=\"_self\" data-lv=\"0\" rel=\"noopener\"><span style=\"letter-spacing: 0px;font-size: 16px;font-family: arial, helvetica, sans-serif\">Sorbeti\u00e8re \u00e0 double po\u00eale<\/span><\/a><span style=\"letter-spacing: 0px;font-size: 16px;font-family: arial, helvetica, sans-serif\">|<a href=\"#Product specification\" target=\"_self\" data-lv=\"0\" rel=\"noopener\">Sp\u00e9cification du produit<\/a>|<a href=\"#Product Features\" target=\"_self\" data-lv=\"0\" rel=\"noopener\">Caract\u00e9ristiques du produit<\/a>|<a href=\"#Product Description\" target=\"_self\" data-lv=\"0\" rel=\"noopener\">Description du produit<\/a>|<a href=\"#Operation Demonstration\" target=\"_self\" data-lv=\"0\" rel=\"noopener\">D\u00e9monstration de l'op\u00e9ration<\/a><\/span><\/p>\n<p><\/p>\n<p style=\"text-align: center\">&nbsp;<\/p>\n<p>Pan <a style=\"color:blue\" href=\"https:\/\/www.hommy.com\/fr\/machine-a-glace-frite\/\">Machine \u00e0 glace frite<\/a> disponible en diff\u00e9rentes capacit\u00e9s et avec des options attrayantes \u00e0 des prix d\u00e9fiant toute concurrence. Si vous avez l'intention d'acheter ce produit, n'h\u00e9sitez pas \u00e0 visiter notre salle d'exposition en ligne. Nous proposons les meilleurs prix du march\u00e9 et les livraisons sont effectu\u00e9es dans les d\u00e9lais.<\/p>\n<h2 style=\"margin-bottom: 0px;text-align: justify\"><span style=\"letter-spacing: 0px;font-size: 24px;font-weight: 700;font-family: arial, helvetica, sans-serif\"><a name=\"Product specification\"><\/a>Sp\u00e9cification du produit\uff1a<\/span><span style=\"font-family: \u5b8b\u4f53;letter-spacing: 0px;font-size: 48px\"><\/span><\/h2>\n<p style=\"margin-bottom: 0px\"><span style=\"font-family: Calibri;font-size: 20px\">Param\u00e8tres techniques :<\/span><\/p>\n<p style=\"margin-bottom: 0px\"><span style=\"font-family: Calibri;font-size: 20px\"><br \/><\/span><\/p>\n<p style=\"margin-bottom: 0px\"><span style=\"font-family: Calibri;font-size: 20px\"><br \/><\/span><\/p>\n<p style=\"text-align:center\"><img decoding=\"async\" src=\"https:\/\/www.hommy.com\/wp-content\/uploads\/16007637367973.png\" alt=\"produit-Hommy-img\" title=\"\"><\/p>\n<p><span style=\"font-weight: 700\"><span style=\"font-family: \u5b8b\u4f53;font-size: 24px\"><br \/><\/span><\/span><\/p>\n<h2><span style=\"font-family:\u5b8b\u4f53;font-size:29px\"><\/span><span style=\"font-size: 24px;font-weight: 700;font-family: arial, helvetica, sans-serif\"><a name=\"Product Features\"><\/a>Caract\u00e9ristiques du produit\uff1a<\/span><span style=\"font-family:Calibri;font-size:29px\"><\/span><\/h2>\n<p><span style=\"font-family:Calibri;font-size:16px\">Les casseroles sont en acier inoxydable, elles peuvent utiliser de l'eau pure, ainsi qu'une formule pr\u00e9par\u00e9e.<\/span><span style=\"font-family:\u5b8b\u4f53;font-size:16px\">&nbsp;<\/span><span style=\"font-family:Calibri;font-size:16px\">et les boissons aux fruits, vous pouvez cr\u00e9er une vari\u00e9t\u00e9 de types de glaces molles et dures.<\/span><span style=\"font-family:\u5b8b\u4f53;font-size:16px\">&nbsp;<\/span><span style=\"font-family:Calibri;font-size:16px\">cr\u00e8me, smoothies, glace, boue glac\u00e9e, neige fondue, glace aux fruits, bouillie glac\u00e9e, fruits, etc.<\/span><\/p>\n<p><span style=\"font-family:Calibri;font-size:16px\"><br \/><\/span><\/p>\n<h2><span style=\"font-size: 24px;font-weight: 700;font-family: arial, helvetica, sans-serif\"><a name=\"Product Description\"><\/a>Description du produit :<\/span><\/h2>\n<p style=\"margin-bottom: 0px\"><span style=\"font-family: Calibri;font-size: 16px\">1. L'effet haute efficacit\u00e9 et basse temp\u00e9rature est excellent et peut passer la temp\u00e9rature de -25\u00b0C.<\/span><\/p>\n<p style=\"margin-bottom: 0px\"><span style=\"font-family: Calibri;font-size: 16px\">2. Syst\u00e8me de contr\u00f4le humanis\u00e9 : en fonction de votre mat\u00e9riel \u00e0 configurer Contr\u00f4le de la temp\u00e9rature des limites sup\u00e9rieures et inf\u00e9rieures de -19'C \u00e0 -22C.<\/span><\/p>\n<p style=\"margin-bottom: 0px\"><span style=\"font-family: Calibri;font-size: 16px\">3. La fonction de d\u00e9givrage au pied est facile \u00e0 contr\u00f4ler pour l'employ\u00e9.<\/span><\/p>\n<p style=\"margin-bottom: 0px\"><span style=\"font-family: Calibri;font-size: 16px\"><br \/><\/span><\/p>\n<h2 style=\"margin-bottom: 0px\"><span style=\"font-size: 24px;font-weight: 700;font-family: arial, helvetica, sans-serif\"><a name=\"Operation Demonstration\"><\/a>Op\u00e9ration de d\u00e9monstration :<\/span><\/h2>\n<p style=\"margin-bottom: 0px\"><span style=\"font-family: \u5b8b\u4f53;font-size: 16px\">Le fonctionnement est tr\u00e8s simple, vous pouvez faire s\u00e9cher la cr\u00e8me glac\u00e9e cuite, vous pouvez ajouter des saveurs diff\u00e9rentes et des mat\u00e9riaux diff\u00e9rents, par exemple : le sucre, la cuisson, les fruits et plus, vous pouvez faire des rouleaux de cr\u00e8me glac\u00e9e de go\u00fbt diff\u00e9rent.&nbsp;<\/span><\/p>\n<p style=\"margin-bottom: 0px\"><span style=\"font-family: \u5b8b\u4f53;font-size: 16px\"><br \/><\/span><\/p>\n<p style=\"text-align: center\"><img loading=\"lazy\" decoding=\"async\" src=\"https:\/\/www.hommy.com\/wp-content\/uploads\/16007638228145.jpg\" title=\"\" alt=\"produit-HM-SM-900 Machine \u00e0 glace \u00e0 la po\u00eale-Hommy-img\" width=\"850\" height=\"233\" border=\"0\" vspace=\"0\" style=\"width: 850px;height: 233px\"><\/p>\n<p>Document\uff1a<img decoding=\"async\" src=\"https:\/\/www.hommy.com\/wp-content\/uploads\/icon_pdf-54.gif\" style=\"margin-right: 2px\" alt=\"produit-Hommy-img\" title=\"\"><a href=\"https:\/\/img80002414.weyesimg.com\/uploads\/www.hommy.com\/addon\/16027279214159.pdf\" title=\"16027279214159.pdf\" style=\"font-size: 12px\">16027279214159.pdf<\/a><\/p>\n<h2>Pourquoi mcdonalds <a style=\"color:blue\" href=\"\/fr\/\">machine \u00e0 glace<\/a> ne fonctionne jamais ?<\/h2>\n<p style=\"margin-top: 5px;margin-bottom: 5px\"><\/p>\n<p style=\"margin-top: 5px;margin-bottom: 5px\">J'ai une machine \u00e0 glace McDonald's depuis plusieurs ann\u00e9es. Elle fonctionnait bien jusqu'\u00e0 il y a environ un an, puis elle a cess\u00e9 de fonctionner. Elle s'allume, fait du bruit et \u00e9met des bips, mais rien ne se passe. Lorsque je me rends sur place pour la r\u00e9parer, je constate qu'elle ne pr\u00e9sente aucune anomalie. Il ne fonctionne tout simplement pas. Quelqu'un sait-il ce qui peut lui arriver ?<\/p>\n<p style=\"margin-top: 5px;margin-bottom: 5px\"><\/p>\n<h2>Commentaires pour mcdonalds ice cream machine never works ?<\/h2>\n<p style=\"margin-top: 5px;margin-bottom: 5px\"><\/p>\n<p style=\"margin-top: 5px;margin-bottom: 5px\">Cela peut \u00eatre utile :<\/p>\n<p style=\"margin-top: 5px;margin-bottom: 5px\">Les deux raisons les plus courantes pour lesquelles une machine ne fonctionne pas sont les suivantes :<\/p>\n<p style=\"margin-top: 5px;margin-bottom: 5px\"><\/p>\n<p style=\"margin-top: 5px;margin-bottom: 5px\">1. Une machine dont le moteur est ancien. Si le moteur est mort, alors<\/p>\n<p style=\"margin-top: 5px;margin-bottom: 5px\"><\/p>\n<p style=\"margin-top: 5px;margin-bottom: 5px\">Est-il plus sain de fabriquer sa propre glace ?<\/p>\n<p style=\"margin-top: 5px;margin-bottom: 5px\"><\/p>\n<p style=\"margin-top: 5px;margin-bottom: 5px\">Faites votre propre glace. C'est moins cher. Vous contr\u00f4lez les ingr\u00e9dients. C'est un excellent moyen d'ing\u00e9rer des l\u00e9gumes. Et c'est une bonne excuse pour faire encore de la glace au chocolat,<\/p>\n<\/div><\/div>","protected":false},"excerpt":{"rendered":"<p>Double Pan Fried Ice Cream Maker&nbsp; Double Pan Fried Ice Cream Maker|Product specification|Product Features|Product Description|Operation Demonstration &nbsp; Pan Fried Ice Cream Machine available in various capacities and with great attractive options at industry leading prices. In case you are planning to buy this, feel free to visit our online showroom. We are having the best [&hellip;]<\/p>\n","protected":false},"featured_media":1942,"comment_status":"open","ping_status":"open","template":"","meta":{"_swt_meta_header_display":false,"_swt_meta_footer_display":false,"_swt_meta_site_title_display":false,"_swt_meta_sticky_header":false,"_swt_meta_transparent_header":false},"product_brand":[],"product_cat":[83,77],"product_tag":[],"class_list":{"0":"post-812","1":"product","2":"type-product","3":"status-publish","4":"has-post-thumbnail","6":"product_cat-fried-ice-cream-machine","7":"product_cat-ice-cream-machine","9":"first","10":"instock","11":"shipping-taxable","12":"product-type-simple"},"_links":{"self":[{"href":"https:\/\/www.hommy.com\/fr\/wp-json\/wp\/v2\/product\/812","targetHints":{"allow":["GET"]}}],"collection":[{"href":"https:\/\/www.hommy.com\/fr\/wp-json\/wp\/v2\/product"}],"about":[{"href":"https:\/\/www.hommy.com\/fr\/wp-json\/wp\/v2\/types\/product"}],"replies":[{"embeddable":true,"href":"https:\/\/www.hommy.com\/fr\/wp-json\/wp\/v2\/comments?post=812"}],"wp:featuredmedia":[{"embeddable":true,"href":"https:\/\/www.hommy.com\/fr\/wp-json\/wp\/v2\/media\/1942"}],"wp:attachment":[{"href":"https:\/\/www.hommy.com\/fr\/wp-json\/wp\/v2\/media?parent=812"}],"wp:term":[{"taxonomy":"product_brand","embeddable":true,"href":"https:\/\/www.hommy.com\/fr\/wp-json\/wp\/v2\/product_brand?post=812"},{"taxonomy":"product_cat","embeddable":true,"href":"https:\/\/www.hommy.com\/fr\/wp-json\/wp\/v2\/product_cat?post=812"},{"taxonomy":"product_tag","embeddable":true,"href":"https:\/\/www.hommy.com\/fr\/wp-json\/wp\/v2\/product_tag?post=812"}],"curies":[{"name":"wp","href":"https:\/\/api.w.org\/{rel}","templated":true}]}}