{"id":808,"date":"2024-07-02T16:38:51","date_gmt":"2024-07-02T16:38:51","guid":{"rendered":"http:\/\/localhost\/hommywp\/hm-sm-800-portable-double-pan-cold-plate-fried-ice-cream-machine\/"},"modified":"2025-08-01T09:57:42","modified_gmt":"2025-08-01T09:57:42","slug":"hm-sm-800-machine-a-glace-a-double-bac-frite","status":"publish","type":"product","link":"https:\/\/www.hommy.com\/fr\/p\/hm-sm-800-machine-a-glace-a-double-bac-frite\/","title":{"rendered":"Hm-Sm-800 Machine portable \u00e0 cr\u00e8me glac\u00e9e frite \u00e0 double plateau froid"},"content":{"rendered":"<div>\n<p>&nbsp;&nbsp;&nbsp;&nbsp;<\/p>\n<p><\/p>\n<h2 style=\"text-align: center\"><strong><span style=\"letter-spacing: 0px;font-size: 29px;font-family: arial, helvetica, sans-serif\"><a name=\"Double Pan Fried Ice Cream Maker\"><\/a>Sorbeti\u00e8re \u00e0 double po\u00eale<\/span><\/strong><\/h2>\n<p style=\"text-align: center\"><span style=\"font-size: 16px\"><span style=\"letter-spacing: 0px;font-family: arial, helvetica, sans-serif\"><a href=\"#Double Pan Fried Ice Cream Maker\" target=\"_self\" data-lv=\"0\" rel=\"noopener\">Sorbeti\u00e8re \u00e0 double po\u00eale<\/a>|<a href=\"#Product specification\" target=\"_self\" data-lv=\"0\" rel=\"noopener\">Sp\u00e9cification du produit<\/a>|<a href=\"#Product Features\" target=\"_self\" data-lv=\"0\" rel=\"noopener\">Caract\u00e9ristiques du produit<\/a>|<a href=\"#Product Description\" target=\"_self\" data-lv=\"0\" rel=\"noopener\">Description du produit<\/a>|<a href=\"#Operation Demonstration\" target=\"_self\" data-lv=\"0\" rel=\"noopener\">D\u00e9monstration de l'op\u00e9ration<\/a><\/span><\/span><\/p>\n<p><\/p>\n<p style=\"text-align: center\">\n<p>Nous sommes l'un des principaux fabricants de <a style=\"color:blue\" href=\"https:\/\/www.hommy.com\/fr\/machine-a-glace-frite\/\">Machine \u00e0 glace frite<\/a>. Nos produits sont largement demand\u00e9s sur le march\u00e9. Nos produits sont largement demand\u00e9s sur le march\u00e9.<\/p>\n<h2 style=\"margin-bottom: 0px;text-align: justify\"><strong><span style=\"letter-spacing: 0px;font-size: 24px;font-weight: 700;font-family: arial, helvetica, sans-serif\"><a name=\"Product specification\"><\/a>Sp\u00e9cification du produit\uff1a<\/span><\/strong><span style=\"font-family: \u5b8b\u4f53;letter-spacing: 0px;font-size: 48px\"><\/span><\/h2>\n<p style=\"margin-bottom: 0px\"><span style=\"font-family: Calibri;font-size: 20px\">Param\u00e8tres techniques :<\/span><\/p>\n<p style=\"margin-bottom: 0px\"><span style=\"font-family: Calibri;font-size: 20px\"><br \/><\/span><\/p>\n<p style=\"margin-bottom: 0px\"><span style=\"font-family: Calibri;font-size: 20px\"><br \/><\/span><\/p>\n<p style=\"margin-bottom: 0px\"><span style=\"font-family: Calibri;font-size: 20px\"><\/span><\/p>\n<p style=\"margin-top:0;margin-right:0;margin-bottom:0;margin-left:0;text-indent:0;text-align:justify\"><\/p>\n<p style=\"text-align: center\"><span style=\"font-family: Calibri;font-size: 20px\"><img decoding=\"async\" src=\"https:\/\/www.hommy.com\/wp-content\/uploads\/16007631089986.png\" alt=\"produit-Hommy-img\" title=\"\"><\/span><\/p>\n<p><span style=\"font-family: Calibri;font-size: 20px\"><br \/><\/span><\/p>\n<p><span style=\"font-weight: 700;font-family: \u5b8b\u4f53;font-size: 24px\"><br \/><\/span><\/p>\n<h2><span style=\"font-size: 24px\"><strong><span style=\"font-weight: 700;font-family: arial, helvetica, sans-serif\"><a name=\"Product Features\"><\/a>Caract\u00e9ristiques du produit\uff1a<\/span><\/strong><\/span><\/h2>\n<p><span style=\"font-family: Calibri;font-size: 20px\"><\/span><\/p>\n<p><span style=\"font-family:Calibri;font-size:16px\">Les casseroles sont en acier inoxydable, elles peuvent utiliser de l'eau pure, ainsi qu'une formule pr\u00e9par\u00e9e.<\/span><span style=\"font-family:\u5b8b\u4f53;font-size:16px\">&nbsp;<\/span><span style=\"font-family:Calibri;font-size:16px\">et les boissons aux fruits, vous pouvez cr\u00e9er une vari\u00e9t\u00e9 de types de glaces molles et dures.<\/span><span style=\"font-family:\u5b8b\u4f53;font-size:16px\">&nbsp;<\/span><span style=\"font-family:Calibri;font-size:16px\">cr\u00e8me, smoothies, glace, boue glac\u00e9e, neige fondue, glace aux fruits, bouillie glac\u00e9e, fruits, etc.<\/span><\/p>\n<p><span style=\"font-weight: 700;font-size: 24px;font-family: \u5b8b\u4f53\"><br \/><\/span><\/p>\n<h2><strong><span style=\"font-weight: 700;font-family: arial, helvetica, sans-serif;font-size: 24px\"><a name=\"Product Description\"><\/a>Description du produit :<\/span><\/strong><\/h2>\n<p><span style=\"font-family:Calibri;font-size:16px\">1. L'effet haute efficacit\u00e9 et basse temp\u00e9rature est excellent et peut passer la temp\u00e9rature de -25\u00b0C.<\/span><\/p>\n<p><span style=\"font-family:Calibri;font-size:16px\">2. Syst\u00e8me de contr\u00f4le humanis\u00e9 : en fonction de votre mat\u00e9riel \u00e0 configurer Contr\u00f4le de la temp\u00e9rature des limites sup\u00e9rieures et inf\u00e9rieures de -19'C \u00e0 -22C.<\/span><\/p>\n<p><span style=\"font-family:Calibri;font-size:16px\">3. La fonction de d\u00e9givrage au pied est facile \u00e0 contr\u00f4ler pour l'employ\u00e9.<\/span><\/p>\n<h2><span style=\"font-family: arial, helvetica, sans-serif;font-size: 24px\"><br \/><\/span><\/h2>\n<h2><span style=\"font-family: arial, helvetica, sans-serif;font-size: 24px\"><\/span><\/h2>\n<h2 style=\"margin-bottom: 0px\"><span style=\"font-weight: 700;font-family: arial, helvetica, sans-serif;font-size: 24px\"><a name=\"Operation Demonstration\"><\/a>Op\u00e9ration de d\u00e9monstration :<\/span><\/h2>\n<p style=\"margin-bottom: 0px\"><span style=\"font-family: \u5b8b\u4f53;font-size: 16px\">Le fonctionnement est tr\u00e8s simple, vous pouvez faire s\u00e9cher la cr\u00e8me glac\u00e9e cuite, vous pouvez ajouter des saveurs diff\u00e9rentes et des mat\u00e9riaux diff\u00e9rents, par exemple : le sucre, la cuisson, les fruits et plus, vous pouvez faire des rouleaux de cr\u00e8me glac\u00e9e de go\u00fbt diff\u00e9rent.&nbsp;<\/span><\/p>\n<p style=\"margin-bottom: 0px\"><span style=\"font-family: \u5b8b\u4f53;font-size: 29px\">&nbsp;<\/span><\/p>\n<p style=\"text-align: center\"><span style=\"font-family: Calibri;font-size: 20px\"><img loading=\"lazy\" decoding=\"async\" src=\"https:\/\/www.hommy.com\/wp-content\/uploads\/16007633417754.jpg\" title=\"\" alt=\"produit-Hommy-img\" width=\"850\" height=\"311\" border=\"0\" vspace=\"0\" style=\"width: 850px;height: 311px\"><\/span><\/p>\n<p>Document\uff1a<img decoding=\"async\" src=\"https:\/\/www.hommy.com\/wp-content\/uploads\/icon_pdf-53.gif\" style=\"margin-right: 2px\" alt=\"produit-HM-SM-800 Machine \u00e0 glace frite \u00e0 double bac-Hommy-img\" title=\"\"><a href=\"https:\/\/img80002414.weyesimg.com\/uploads\/www.hommy.com\/addon\/16027272246182.pdf\" title=\"16027272246182.pdf\" style=\"font-size: 12px\">16027272246182.pdf<\/a><\/p>\n<h2 style=\"font-family: sans-serif\">Quel est le parfum de la glace bleue ?<\/h2>\n<p style=\"margin-top: 5px;margin-bottom: 5px;font-family: sans-serif;font-size: 16px\">La cr\u00e8me glac\u00e9e bleue est un type de cr\u00e8me glac\u00e9e, g\u00e9n\u00e9ralement fabriqu\u00e9e avec un sirop aromatis\u00e9 au bleu et servie dans un emballage en plastique.<\/p>\n<p style=\"margin-top: 5px;margin-bottom: 5px;font-family: sans-serif;font-size: 16px\"><\/p>\n<h2 style=\"font-family: sans-serif\">Les camions de cr\u00e8me glac\u00e9e sont-ils toujours d'actualit\u00e9 ?<\/h2>\n<p style=\"margin-top: 5px;margin-bottom: 5px;font-family: sans-serif;font-size: 16px\">Comme vous le savez peut-\u00eatre, notre cher ami Zev est un grand fan des camions de cr\u00e8me glac\u00e9e. Il lui arrive d'acheter un cornet au milieu de la nuit dans les rues de la ville. Il lui arrive aussi de leur acheter un cornet en pleine journ\u00e9e dans les rues de la ville.&nbsp;<\/p>\n<p style=\"margin-top: 5px;margin-bottom: 5px;font-family: sans-serif;font-size: 16px\">Lorsque j'\u00e9tais enfant, un certain type de camion de glaces apparaissait r\u00e9guli\u00e8rement dans mon quartier. Il se garait quelques rues plus loin, diffusait de la musique pop et descendait la rue, servant de la glace \u00e0 la vanille ou au chocolat avec de la sauce au chocolat, des paillettes et un cornet.<\/p>\n<p style=\"margin-top: 5px;margin-bottom: 5px;font-family: sans-serif;font-size: 16px\"><\/p>\n<h2 style=\"font-family: sans-serif\">Combien d'argent peut-on gagner en \u00e9tant propri\u00e9taire d'un magasin de glaces ?<\/h2>\n<p style=\"margin-top: 5px;margin-bottom: 5px;font-family: sans-serif;font-size: 16px\">Pour gagner de l'argent en poss\u00e9dant et en g\u00e9rant un magasin de glaces, vous devez conna\u00eetre les co\u00fbts de fonctionnement de votre magasin. Cela vous aidera \u00e0 savoir combien vous pouvez facturer pour les biens et les services que vous fournissez. Mais ce n'est pas tout. Pour gagner de l'argent, vous devez conna\u00eetre d'autres co\u00fbts, tels que ceux li\u00e9s \u00e0 la gestion du magasin et aux diff\u00e9rentes mani\u00e8res de gagner de l'argent.<\/p>\n<\/div><\/div>","protected":false},"excerpt":{"rendered":"<p>&nbsp;&nbsp;&nbsp;&nbsp; Double Pan Fried Ice Cream Maker Double Pan Fried Ice Cream Maker|Product specification|Product Features|Product Description|Operation Demonstration We are one of the leading manufacturers of Fried Ice Cream Machine. Our products are widely demanded in the market. Our products are widely demanded in the market. Product specification\uff1a Technical Parameters: Product Features\uff1a The pans is made [&hellip;]<\/p>\n","protected":false},"featured_media":1941,"comment_status":"open","ping_status":"open","template":"","meta":{"_swt_meta_header_display":false,"_swt_meta_footer_display":false,"_swt_meta_site_title_display":false,"_swt_meta_sticky_header":false,"_swt_meta_transparent_header":false},"product_brand":[],"product_cat":[83,77],"product_tag":[],"class_list":{"0":"post-808","1":"product","2":"type-product","3":"status-publish","4":"has-post-thumbnail","6":"product_cat-fried-ice-cream-machine","7":"product_cat-ice-cream-machine","9":"first","10":"instock","11":"shipping-taxable","12":"product-type-simple"},"_links":{"self":[{"href":"https:\/\/www.hommy.com\/fr\/wp-json\/wp\/v2\/product\/808","targetHints":{"allow":["GET"]}}],"collection":[{"href":"https:\/\/www.hommy.com\/fr\/wp-json\/wp\/v2\/product"}],"about":[{"href":"https:\/\/www.hommy.com\/fr\/wp-json\/wp\/v2\/types\/product"}],"replies":[{"embeddable":true,"href":"https:\/\/www.hommy.com\/fr\/wp-json\/wp\/v2\/comments?post=808"}],"wp:featuredmedia":[{"embeddable":true,"href":"https:\/\/www.hommy.com\/fr\/wp-json\/wp\/v2\/media\/1941"}],"wp:attachment":[{"href":"https:\/\/www.hommy.com\/fr\/wp-json\/wp\/v2\/media?parent=808"}],"wp:term":[{"taxonomy":"product_brand","embeddable":true,"href":"https:\/\/www.hommy.com\/fr\/wp-json\/wp\/v2\/product_brand?post=808"},{"taxonomy":"product_cat","embeddable":true,"href":"https:\/\/www.hommy.com\/fr\/wp-json\/wp\/v2\/product_cat?post=808"},{"taxonomy":"product_tag","embeddable":true,"href":"https:\/\/www.hommy.com\/fr\/wp-json\/wp\/v2\/product_tag?post=808"}],"curies":[{"name":"wp","href":"https:\/\/api.w.org\/{rel}","templated":true}]}}