{"id":804,"date":"2024-07-02T16:38:48","date_gmt":"2024-07-02T16:38:48","guid":{"rendered":"http:\/\/localhost\/hommywp\/hm-sm-700-square-table-krim-goreng-ice-cream-rolled-machine\/"},"modified":"2025-08-01T09:57:42","modified_gmt":"2025-08-01T09:57:42","slug":"machine-a-rouler-la-glace-frite-hm-sm-700","status":"publish","type":"product","link":"https:\/\/www.hommy.com\/fr\/p\/machine-a-rouler-la-glace-frite-hm-sm-700\/","title":{"rendered":"Hm-Sm-700 Square Table Krim Goreng Ice Cream Rolled Machine"},"content":{"rendered":"<div>\n<p style=\"text-align: center\"><span style=\"font-family: Helvetica;letter-spacing: 0;font-size: 29px\"><br \/><\/span><\/p>\n<h2 style=\"text-align: center\"><strong><span style=\"letter-spacing: 0px;font-size: 29px;font-family: arial, helvetica, sans-serif\"><a name=\"Rolled Ice Cream Maker\"><\/a>Sorbeti\u00e8re roul\u00e9e<\/span><\/strong><span style=\"font-family: Helvetica;letter-spacing: 0;font-size: 29px\">&nbsp;<\/span><\/h2>\n<p style=\"text-align: center\"><span style=\"letter-spacing: 0px;font-family: arial, helvetica, sans-serif;font-size: 16px\"><a href=\"#Rolled Ice Cream Maker\" target=\"_self\" data-lv=\"0\" rel=\"noopener\">Sorbeti\u00e8re roul\u00e9e<\/a>|<a href=\"#Product specification\" target=\"_self\" data-lv=\"0\" rel=\"noopener\">Sp\u00e9cification du produit<\/a>|<a href=\"#Product Features\" target=\"_self\" data-lv=\"0\" rel=\"noopener\">Caract\u00e9ristiques du produit<\/a>|<a href=\"#Product Description\" target=\"_self\" data-lv=\"0\" rel=\"noopener\">Description du produit<\/a>|<a href=\"#Operation Demonstration\" target=\"_self\" data-lv=\"0\" rel=\"noopener\">D\u00e9monstration de l'op\u00e9ration<\/a><\/span><\/p>\n<p><span style=\"font-family: Helvetica;letter-spacing: 0;font-size: 29px\"><br \/><\/span><\/p>\n<p style=\"text-align: center\">\n<p>Si vous \u00eates \u00e0 la recherche d'une machine \u00e0 cr\u00e8me glac\u00e9e roul\u00e9e, il n'y a pas de meilleur endroit pour l'acheter que notre usine. Nous fabriquons et vendons ces machines depuis des ann\u00e9es et nous savons exactement ce que nos clients recherchent.<\/p>\n<p>Vous pouvez \u00eatre s\u00fbr que lorsque vous achetez une machine \u00e0 cr\u00e8me glac\u00e9e roul\u00e9e de notre usine, vous obtenez un produit de haute qualit\u00e9 qui vous servira pendant de nombreuses ann\u00e9es. Nous avons tellement confiance en nos produits que nous offrons une garantie de satisfaction de 100%.<\/p>\n<p>Si vous \u00eates \u00e0 la recherche d'une machine \u00e0 cr\u00e8me glac\u00e9e roul\u00e9e fiable et abordable, notre usine est l'endroit id\u00e9al pour commencer votre recherche. Contactez-nous d\u00e8s aujourd'hui pour en savoir plus sur nos produits et passer votre commande.<\/p>\n<h2 style=\"margin: 0px;text-indent: 0px;text-align: justify\"><span style=\"font-family: arial, helvetica, sans-serif\"><strong><span style=\"letter-spacing: 0px;font-size: 24px\"><a name=\"Product specification\"><\/a>Sp\u00e9cification du produit :<\/span><\/strong><\/span><\/h2>\n<p><span style=\"font-family: Calibri;font-size: 16px\">Param\u00e8tres techniques :<\/span><\/p>\n<p><span style=\"font-family: Calibri;font-size: 16px\"><br \/><\/span><\/p>\n<p style=\"text-align:center\"><img decoding=\"async\" src=\"https:\/\/www.hommy.com\/wp-content\/uploads\/16007620699771.png\" alt=\"produit-Hommy-img\" title=\"\"><\/p>\n<h2><span style=\"font-size: 29px;font-family: arial, helvetica, sans-serif\"><br \/><\/span><\/h2>\n<h2><span style=\"font-family: arial, helvetica, sans-serif\"><strong><span style=\"font-size: 24px\"><a name=\"Product Features\"><\/a>Caract\u00e9ristiques du produit :<\/span><\/strong><strong><span style=\"font-size: 24px\"><\/span><\/strong><\/span><\/h2>\n<p><span style=\"font-family:Calibri;font-size:16px\">Les casseroles sont en acier inoxydable, elles peuvent utiliser de l'eau pure, ainsi qu'une formule pr\u00e9par\u00e9e.<\/span><span style=\"font-family:\u5b8b\u4f53;font-size:16px\">&nbsp;<\/span><span style=\"font-family:Calibri;font-size:16px\">et les boissons aux fruits, vous pouvez cr\u00e9er une vari\u00e9t\u00e9 de types de glaces molles et dures.<\/span><span style=\"font-family:\u5b8b\u4f53;font-size:16px\">&nbsp;<\/span><span style=\"font-family:Calibri;font-size:16px\">cr\u00e8me, smoothies, glace, boue glac\u00e9e, neige fondue, glace aux fruits, bouillie glac\u00e9e, fruits, etc.<\/span><\/p>\n<p><span style=\"font-family:Calibri;font-size:16px\"><br \/><\/span><\/p>\n<h2><span style=\"font-family: arial, helvetica, sans-serif\"><strong><span style=\"font-size: 24px\"><a name=\"Product Description\"><\/a>Description du produit :<\/span><\/strong><\/span><\/h2>\n<p><span style=\"font-family:Calibri;font-size:16px\">1. L'effet haute efficacit\u00e9 et basse temp\u00e9rature est excellent et peut passer la temp\u00e9rature de -25\u00b0C.<\/span><\/p>\n<p><span style=\"font-family:Calibri;font-size:16px\">2. Syst\u00e8me de contr\u00f4le humanis\u00e9 : en fonction de votre mat\u00e9riel \u00e0 configurer Contr\u00f4le de la temp\u00e9rature des limites sup\u00e9rieures et inf\u00e9rieures de -19'C \u00e0 -22C.<\/span><\/p>\n<p><span style=\"font-family: Calibri;font-size: 16px\">3. La fonction de d\u00e9givrage au pied est facile \u00e0 contr\u00f4ler pour l'employ\u00e9.<\/span><\/p>\n<p><span style=\"font-family:Calibri;font-size:16px\"><br \/><\/span><\/p>\n<h2><span style=\"font-family: arial, helvetica, sans-serif\"><strong><span style=\"font-size: 24px\"><a name=\"Operation Demonstration\"><\/a>Op\u00e9ration de d\u00e9monstration :<\/span><\/strong><\/span><\/h2>\n<p><span style=\"font-size: 16px;font-family: \u5b8b\u4f53\">Le fonctionnement est tr\u00e8s simple, vous pouvez faire s\u00e9cher la cr\u00e8me glac\u00e9e cuite, vous pouvez ajouter des saveurs diff\u00e9rentes et des mat\u00e9riaux diff\u00e9rents, par exemple : le sucre, la cuisson, les fruits et plus, vous pouvez faire des rouleaux de cr\u00e8me glac\u00e9e de go\u00fbt diff\u00e9rent.&nbsp;<\/span><\/p>\n<p><span style=\"font-family:\u5b8b\u4f53;font-size:29px\">&nbsp;<\/span><\/p>\n<p style=\"text-align: center\"><img loading=\"lazy\" decoding=\"async\" src=\"https:\/\/www.hommy.com\/wp-content\/uploads\/16007621889457.jpg\" title=\"\" alt=\"produit-HM-SM-700 machine \u00e0 rouler les glaces frites-Hommy-img\" width=\"850\" height=\"233\" border=\"0\" vspace=\"0\" style=\"width: 850px;height: 233px\"><\/p>\n<p><\/p>\n<p>Document\uff1a<img decoding=\"async\" src=\"https:\/\/www.hommy.com\/wp-content\/uploads\/icon_pdf-52.gif\" style=\"margin-right: 2px\" alt=\"produit-Hommy-img\" title=\"\"><a href=\"https:\/\/img80002414.weyesimg.com\/uploads\/www.hommy.com\/addon\/16027286528684.pdf\" title=\"16027286528684.pdf\" style=\"font-size: 12px\">16027286528684.pdf<\/a><\/p>\n<h2>La cr\u00e8me \u00e0 fouetter est-elle identique \u00e0 la cr\u00e8me \u00e9paisse ?<\/h2>\n<p style=\"margin-top: 5px;margin-bottom: 5px\"><\/p>\n<p style=\"margin-top: 5px;margin-bottom: 5px\">Quelle est la diff\u00e9rence entre la cr\u00e8me \u00e0 fouetter et la cr\u00e8me \u00e9paisse ? Je ne trouve aucune information sur le web. Je pensais que la cr\u00e8me fleurette \u00e9tait plus l\u00e9g\u00e8re que la cr\u00e8me \u00e9paisse.<\/p>\n<p style=\"margin-top: 5px;margin-bottom: 5px\"><\/p>\n<p style=\"margin-top: 5px;margin-bottom: 5px\"><\/p>\n<h2>Quel est le nom de la cr\u00e8me \u00e9paisse au Mexique ?<\/h2>\n<p style=\"margin-top: 5px;margin-bottom: 5px\"><\/p>\n<p style=\"margin-top: 5px;margin-bottom: 5px\">A :<\/p>\n<p style=\"margin-top: 5px;margin-bottom: 5px\"><\/p>\n<p style=\"margin-top: 5px;margin-bottom: 5px\">Au Mexique, la cr\u00e8me est un ingr\u00e9dient tr\u00e8s important. Dans de nombreuses recettes, elle est m\u00eame mentionn\u00e9e explicitement. Dans les plats que je connais, le terme habituel est \"crema\", ce qui revient \u00e0 dire \"cr\u00e8me \u00e9paisse\".<\/p>\n<p style=\"margin-top: 5px;margin-bottom: 5px\">Dans certains cas, elle fait m\u00eame partie int\u00e9grante du plat, par exemple lorsqu'elle en est l'\"ingr\u00e9dient secret\". Par exemple, le plat le plus important de mon enfance \u00e9tait le huevos a la crema.<\/p>\n<p style=\"margin-top: 5px;margin-bottom: 5px\"><\/p>\n<p style=\"margin-top: 5px;margin-bottom: 5px\"><\/p>\n<h2>\u00c0 quel point la cr\u00e8me glac\u00e9e doit-elle \u00eatre froide pour \u00eatre frite ?<\/h2>\n<p style=\"margin-top: 5px;margin-bottom: 5px\"><\/p>\n<p style=\"margin-top: 5px;margin-bottom: 5px\">La cr\u00e8me glac\u00e9e froide est la meilleure solution pour la friture. La fonte de la glace cr\u00e9e une base lisse dans laquelle l'huile peut p\u00e9n\u00e9trer.<\/p>\n<p style=\"margin-top: 5px;margin-bottom: 5px\"><\/p>\n<p style=\"margin-top: 5px;margin-bottom: 5px\">Mais m\u00eame s'il fond, il est toujours bon pour la friture.<\/p>\n<p style=\"margin-top: 5px;margin-bottom: 5px\"><\/p>\n<p style=\"margin-top: 5px;margin-bottom: 5px\">L'huile p\u00e9n\u00e8tre dans la cr\u00e8me glac\u00e9e et l'huile contenue dans la cr\u00e8me glac\u00e9e fait frire la cr\u00e8me glac\u00e9e.<\/p>\n<\/div><\/div>","protected":false},"excerpt":{"rendered":"<p>Rolled Ice Cream Maker&nbsp; Rolled Ice Cream Maker|Product specification|Product Features|Product Description|Operation Demonstration If you&#039;re in the market for an Ice Cream Rolled Machine, there&#039;s no better place to buy than from our factory. We&#039;ve been in the business of manufacturing and selling these machines for years, and we know exactly what our customers are looking [&hellip;]<\/p>\n","protected":false},"featured_media":1940,"comment_status":"open","ping_status":"open","template":"","meta":{"_swt_meta_header_display":false,"_swt_meta_footer_display":false,"_swt_meta_site_title_display":false,"_swt_meta_sticky_header":false,"_swt_meta_transparent_header":false},"product_brand":[],"product_cat":[83,77],"product_tag":[],"class_list":{"0":"post-804","1":"product","2":"type-product","3":"status-publish","4":"has-post-thumbnail","6":"product_cat-fried-ice-cream-machine","7":"product_cat-ice-cream-machine","9":"first","10":"instock","11":"shipping-taxable","12":"product-type-simple"},"_links":{"self":[{"href":"https:\/\/www.hommy.com\/fr\/wp-json\/wp\/v2\/product\/804","targetHints":{"allow":["GET"]}}],"collection":[{"href":"https:\/\/www.hommy.com\/fr\/wp-json\/wp\/v2\/product"}],"about":[{"href":"https:\/\/www.hommy.com\/fr\/wp-json\/wp\/v2\/types\/product"}],"replies":[{"embeddable":true,"href":"https:\/\/www.hommy.com\/fr\/wp-json\/wp\/v2\/comments?post=804"}],"wp:featuredmedia":[{"embeddable":true,"href":"https:\/\/www.hommy.com\/fr\/wp-json\/wp\/v2\/media\/1940"}],"wp:attachment":[{"href":"https:\/\/www.hommy.com\/fr\/wp-json\/wp\/v2\/media?parent=804"}],"wp:term":[{"taxonomy":"product_brand","embeddable":true,"href":"https:\/\/www.hommy.com\/fr\/wp-json\/wp\/v2\/product_brand?post=804"},{"taxonomy":"product_cat","embeddable":true,"href":"https:\/\/www.hommy.com\/fr\/wp-json\/wp\/v2\/product_cat?post=804"},{"taxonomy":"product_tag","embeddable":true,"href":"https:\/\/www.hommy.com\/fr\/wp-json\/wp\/v2\/product_tag?post=804"}],"curies":[{"name":"wp","href":"https:\/\/api.w.org\/{rel}","templated":true}]}}