{"id":800,"date":"2024-07-02T16:38:43","date_gmt":"2024-07-02T16:38:43","guid":{"rendered":"http:\/\/localhost\/hommywp\/hm-sm-600-thailand-outdoor-stir-fry-ice-cream-machine-cost\/"},"modified":"2025-08-01T09:57:42","modified_gmt":"2025-08-01T09:57:42","slug":"hm-sm-600-thailandaise-machine-a-glace","status":"publish","type":"product","link":"https:\/\/www.hommy.com\/fr\/p\/hm-sm-600-thailandaise-machine-a-glace\/","title":{"rendered":"Hm-Sm-600 Thailand Outdoor Stir-Fry Ice Cream Machine Cost"},"content":{"rendered":"<div>\n<p><\/p>\n<h2 style=\"text-align: center\"><strong><span style=\"letter-spacing: 0px;font-size: 29px;font-family: arial, helvetica, sans-serif\"><a name=\"Rolled Ice Cream Maker\"><\/a>Sorbeti\u00e8re roul\u00e9e<\/span><\/strong><\/h2>\n<p style=\"text-align: center\"><a href=\"#Rolled Ice Cream Maker\" target=\"_self\" data-lv=\"0\" rel=\"noopener\"><span style=\"font-size: 16px\"><span style=\"letter-spacing: 0px;font-family: arial, helvetica, sans-serif\">Sorbeti\u00e8re roul\u00e9e<\/span><\/span><\/a><span style=\"font-size: 16px\"><span style=\"letter-spacing: 0px;font-family: arial, helvetica, sans-serif\">|<a href=\"#Product specification\" target=\"_self\" data-lv=\"0\" rel=\"noopener\">Sp\u00e9cification du produit<\/a>|<a href=\"#Product Features\" target=\"_self\" data-lv=\"0\" rel=\"noopener\">Caract\u00e9ristiques du produit<\/a>|<a href=\"#Product Description\" target=\"_self\" data-lv=\"0\" rel=\"noopener\">Description du produit<\/a>|<a href=\"#Operation Demonstration\" target=\"_self\" data-lv=\"0\" rel=\"noopener\">D\u00e9monstration de l'op\u00e9ration<\/a><\/span><\/span><\/p>\n<p><\/p>\n<p style=\"text-align: center\">&nbsp;&nbsp;&nbsp;&nbsp;<\/p>\n<p>Le <a style=\"color:blue\" href=\"https:\/\/www.hommy.com\/fr\/machine-a-glace-frite\/\">machine \u00e0 glace frite<\/a> est g\u00e9n\u00e9ralement le centre d'attraction des villes modernes. Elle est fabriqu\u00e9e en acier inoxydable. Ces machines peuvent produire de la glace roul\u00e9e. Lorsque vous utilisez cette machine, vous avez la possibilit\u00e9 d'acheter votre glace roul\u00e9e pr\u00e9f\u00e9r\u00e9e, comme vous le souhaitez. Vous pouvez utiliser la machine \u00e0 glace frite pour cr\u00e9er de d\u00e9licieux parfums de glace. Il n'y a pas beaucoup de machines sur le march\u00e9 qui peuvent facilement \u00eatre utilis\u00e9es et cr\u00e9er de la glace frite.<\/p>\n<h2 style=\"margin: 0px;text-indent: 0px;text-align: justify\"><span style=\"font-family: arial, helvetica, sans-serif\"><strong><span style=\"letter-spacing: 0px;font-size: 24px\"><a name=\"Product specification\"><\/a>Sp\u00e9cification du produit\uff1a<\/span><\/strong><\/span><span style=\"font-family:\u5b8b\u4f53;letter-spacing:0;font-size:48px\"> <\/span><\/h2>\n<p><span style=\"font-family: Calibri;font-size: 20px\">Param\u00e8tres techniques :<\/span><\/p>\n<p><span style=\"font-family:Calibri;font-size:16px\"><br \/><\/span><\/p>\n<p style=\"text-align: center\"><img decoding=\"async\" src=\"https:\/\/www.hommy.com\/wp-content\/uploads\/16007611857247.png\" alt=\"produit-Hommy-img\" title=\"\"><\/p>\n<p><\/p>\n<p><span style=\"font-family:\u5b8b\u4f53;font-size:29px\"><br \/><\/span><\/p>\n<h2><span style=\"font-family: arial, helvetica, sans-serif\"><strong><span style=\"font-size: 24px\"><a name=\"Product Features\"><\/a>Caract\u00e9ristiques du produit\uff1a<\/span><\/strong><\/span><\/h2>\n<p><span style=\"font-family:Calibri;font-size:16px\">Les casseroles sont en acier inoxydable, elles peuvent utiliser de l'eau pure, ainsi qu'une formule pr\u00e9par\u00e9e.<\/span><span style=\"font-family:\u5b8b\u4f53;font-size:16px\">&nbsp;<\/span><span style=\"font-family:Calibri;font-size:16px\">et les boissons aux fruits, vous pouvez cr\u00e9er une vari\u00e9t\u00e9 de types de glaces molles et dures.<\/span><span style=\"font-family:\u5b8b\u4f53;font-size:16px\">&nbsp;<\/span><span style=\"font-family:Calibri;font-size:16px\">cr\u00e8me, smoothies, glace, boue glac\u00e9e, neige fondue, glace aux fruits, bouillie glac\u00e9e, fruits, etc.<\/span><\/p>\n<p><span style=\"font-family:Calibri;font-size:16px\"><br \/><\/span><\/p>\n<h2><span style=\"font-family: arial, helvetica, sans-serif\"><strong><span style=\"font-size: 24px\"><strong><span style=\"font-size: 24px\"><a name=\"Product Description\"><\/a>Description du produit :<\/span><\/strong><\/span><\/strong><\/span><\/h2>\n<p><span style=\"font-family:Calibri;font-size:16px\">1. L'effet haute efficacit\u00e9 et basse temp\u00e9rature est excellent et peut passer la temp\u00e9rature de -25\u00b0C.<\/span><\/p>\n<p><span style=\"font-family:Calibri;font-size:16px\">2. Syst\u00e8me de contr\u00f4le humanis\u00e9 : en fonction de votre mat\u00e9riel \u00e0 configurer Contr\u00f4le de la temp\u00e9rature des limites sup\u00e9rieures et inf\u00e9rieures de -19'C \u00e0 -22C.<\/span><\/p>\n<p><span style=\"font-family:Calibri;font-size:16px\">3. La fonction de d\u00e9givrage au pied est facile \u00e0 contr\u00f4ler pour l'employ\u00e9.<\/span><\/p>\n<p><span style=\"font-family:Calibri;font-size:16px\"><br \/><\/span><\/p>\n<h2><span style=\"font-family: arial, helvetica, sans-serif\"><strong><span style=\"font-size: 24px\"><a name=\"Operation Demonstration\"><\/a>Op\u00e9ration de d\u00e9monstration :<\/span><\/strong><\/span><\/h2>\n<p><span style=\"font-family: \u5b8b\u4f53;font-size: 16px\">Le fonctionnement est tr\u00e8s simple, vous pouvez faire s\u00e9cher la cr\u00e8me glac\u00e9e cuite, vous pouvez ajouter des saveurs diff\u00e9rentes et des mat\u00e9riaux diff\u00e9rents, par exemple : le sucre, la cuisson, les fruits et plus, vous pouvez faire des rouleaux de cr\u00e8me glac\u00e9e de go\u00fbt diff\u00e9rent. <\/span><span style=\"font-family:\u5b8b\u4f53;font-size:29px\">&nbsp;<\/span><\/p>\n<p><span style=\"font-family:\u5b8b\u4f53;font-size:29px\">&nbsp;<\/span><\/p>\n<p style=\"text-align: center\"><img loading=\"lazy\" decoding=\"async\" src=\"https:\/\/www.hommy.com\/wp-content\/uploads\/16007613806711.jpg\" title=\"\" alt=\"produit-HM-SM-600 machine \u00e0 glace tha\u00eflandaise-Hommy-img\" width=\"850\" height=\"233\" border=\"0\" vspace=\"0\" style=\"width: 850px;height: 233px\"><\/p>\n<p><\/p>\n<p>Document\uff1a<img decoding=\"async\" src=\"https:\/\/www.hommy.com\/wp-content\/uploads\/icon_pdf-51.gif\" style=\"margin-right: 2px\" alt=\"produit-Hommy-img\" title=\"\"><a href=\"https:\/\/img80002414.weyesimg.com\/uploads\/www.hommy.com\/addon\/16027282897476.pdf\" title=\"16027282897476.pdf\" style=\"font-size: 12px\">16027282897476.pdf<\/a><\/p>\n<h2>Cold Stone fabrique-t-il des glaces roul\u00e9es ?<\/h2>\n<p style=\"margin-top: 5px;margin-bottom: 5px\"><\/p>\n<p style=\"margin-top: 5px;margin-bottom: 5px\">Aux \u00c9tats-Unis, le produit s'appelle Cold Stone Creamery, mais tous les produits sont fabriqu\u00e9s au Canada.<\/p>\n<p style=\"margin-top: 5px;margin-bottom: 5px\"><\/p>\n<p style=\"margin-top: 5px;margin-bottom: 5px\">\"Nous sommes en quelque sorte en terrain inconnu\", a d\u00e9clar\u00e9 Peter Hahn, directeur g\u00e9n\u00e9ral.<\/p>\n<p style=\"margin-top: 5px;margin-bottom: 5px\"><\/p>\n<p style=\"margin-top: 5px;margin-bottom: 5px\">L'entreprise a r\u00e9alis\u00e9 un chiffre d'affaires de $200 millions d'euros en 2009. Un magasin Cold Stone moyen dispose d'environ 150 caisses de cr\u00e8me glac\u00e9e.<\/p>\n<p style=\"margin-top: 5px;margin-bottom: 5px\"><\/p>\n<h2>Qu'y a-t-il dans le gelato italien ?<\/h2>\n<p style=\"margin-top: 5px;margin-bottom: 5px\"><\/p>\n<p style=\"margin-top: 5px;margin-bottom: 5px\">Le gelato italien est une d\u00e9licieuse friandise que l'on trouve dans toute l'Italie. Le mot gelato signifie \"glace\" en italien. Le gelato est cr\u00e9meux, fabriqu\u00e9 avec du lait ou de la cr\u00e8me fra\u00eeche et a une consistance lisse et cr\u00e9meuse. Le gelato se pr\u00e9sente sous de nombreuses formes et textures et compte plus de 40 parfums diff\u00e9rents, des fruits aux fruits et \u00e0 la cr\u00e8me en passant par le chocolat et le caramel. Les saveurs de gelato les plus populaires sont le chocolat, le miel, la pistache et le caf\u00e9.<\/p>\n<p style=\"margin-top: 5px;margin-bottom: 5px\"><\/p>\n<h2>Comment faire de la cr\u00e8me \u00e9paisse ?<\/h2>\n<p style=\"margin-top: 5px;margin-bottom: 5px\"><\/p>\n<p style=\"margin-top: 5px;margin-bottom: 5px\">La cr\u00e8me \u00e9paisse est une cr\u00e8me douce, \u00e9paisse et d\u00e9licieuse qui est produite par les vaches laiti\u00e8res et qui peut parfois \u00eatre utilis\u00e9e pour la cuisine. Elle est riche en mati\u00e8res grasses et tr\u00e8s polyvalente.<\/p>\n<p style=\"margin-top: 5px;margin-bottom: 5px\"><\/p>\n<p style=\"margin-top: 5px;margin-bottom: 5px\">La meilleure cr\u00e8me \u00e9paisse \u00e0 utiliser pour la cuisine est celle qui est fouett\u00e9e avec des gla\u00e7ons pour obtenir une texture plus \u00e9paisse. Elle peut ensuite \u00eatre utilis\u00e9e telle quelle ou pour pr\u00e9parer des cr\u00e8mes p\u00e2tissi\u00e8res. Elle peut \u00eatre utilis\u00e9e dans des plats sal\u00e9s ou sucr\u00e9s.<\/p>\n<\/div><\/div>","protected":false},"excerpt":{"rendered":"<p>Rolled Ice Cream Maker Rolled Ice Cream Maker|Product specification|Product Features|Product Description|Operation Demonstration &nbsp;&nbsp;&nbsp;&nbsp; The fried ice cream machine is usually the center of attraction in the modern city. It is made from the stainless steel. These machines can create rolled ice cream. When you use this machine, then you have the chance to buy your [&hellip;]<\/p>\n","protected":false},"featured_media":1939,"comment_status":"open","ping_status":"open","template":"","meta":{"_swt_meta_header_display":false,"_swt_meta_footer_display":false,"_swt_meta_site_title_display":false,"_swt_meta_sticky_header":false,"_swt_meta_transparent_header":false},"product_brand":[],"product_cat":[83,77],"product_tag":[],"class_list":{"0":"post-800","1":"product","2":"type-product","3":"status-publish","4":"has-post-thumbnail","6":"product_cat-fried-ice-cream-machine","7":"product_cat-ice-cream-machine","9":"first","10":"instock","11":"shipping-taxable","12":"product-type-simple"},"_links":{"self":[{"href":"https:\/\/www.hommy.com\/fr\/wp-json\/wp\/v2\/product\/800","targetHints":{"allow":["GET"]}}],"collection":[{"href":"https:\/\/www.hommy.com\/fr\/wp-json\/wp\/v2\/product"}],"about":[{"href":"https:\/\/www.hommy.com\/fr\/wp-json\/wp\/v2\/types\/product"}],"replies":[{"embeddable":true,"href":"https:\/\/www.hommy.com\/fr\/wp-json\/wp\/v2\/comments?post=800"}],"wp:featuredmedia":[{"embeddable":true,"href":"https:\/\/www.hommy.com\/fr\/wp-json\/wp\/v2\/media\/1939"}],"wp:attachment":[{"href":"https:\/\/www.hommy.com\/fr\/wp-json\/wp\/v2\/media?parent=800"}],"wp:term":[{"taxonomy":"product_brand","embeddable":true,"href":"https:\/\/www.hommy.com\/fr\/wp-json\/wp\/v2\/product_brand?post=800"},{"taxonomy":"product_cat","embeddable":true,"href":"https:\/\/www.hommy.com\/fr\/wp-json\/wp\/v2\/product_cat?post=800"},{"taxonomy":"product_tag","embeddable":true,"href":"https:\/\/www.hommy.com\/fr\/wp-json\/wp\/v2\/product_tag?post=800"}],"curies":[{"name":"wp","href":"https:\/\/api.w.org\/{rel}","templated":true}]}}