{"id":796,"date":"2024-07-02T16:38:40","date_gmt":"2024-07-02T16:38:40","guid":{"rendered":"http:\/\/localhost\/hommywp\/hm-sm-500-flat-pan-street-roll-ice-cream-maker-for-sale-price\/"},"modified":"2025-08-01T09:57:42","modified_gmt":"2025-08-01T09:57:42","slug":"sorbetiere-hm-sm-500-roll","status":"publish","type":"product","link":"https:\/\/www.hommy.com\/fr\/p\/sorbetiere-hm-sm-500-roll\/","title":{"rendered":"Hm-Sm-500 Machine \u00e0 cr\u00e8me glac\u00e9e \u00e0 plat et \u00e0 rouleaux pour la vente Prix"},"content":{"rendered":"<div>\n<p><\/p>\n<h2 style=\"text-align: center\"><span style=\"font-size: 29px;text-align: center;font-family: arial, helvetica, sans-serif\"><a name=\"Rolled Ice Cream Maker\"><\/a>Sorbeti\u00e8re roul\u00e9e<\/span><\/h2>\n<p style=\"text-align: center\"><a href=\"http:\/\/\" target=\"_self\" data-lv=\"0\" rel=\"noopener\"><span style=\"text-align: center;font-family: arial, helvetica, sans-serif;font-size: 16px\">Sorbeti\u00e8re roul\u00e9e<\/span><\/a><span style=\"text-align: center;font-family: arial, helvetica, sans-serif;font-size: 16px\">|<a href=\"#Product specification\" target=\"_self\" data-lv=\"0\" rel=\"noopener\">Sp\u00e9cification du produit<\/a>|<a href=\"#Product Features\" target=\"_self\" data-lv=\"0\" rel=\"noopener\">Caract\u00e9ristiques du produit<\/a>|<a href=\"#Product Description\" target=\"_self\" data-lv=\"0\" rel=\"noopener\">Description du produit<\/a>|<a href=\"#Operation Demonstration\" target=\"_self\" data-lv=\"0\" rel=\"noopener\">D\u00e9monstration de l'op\u00e9ration<\/a><\/span><\/p>\n<p><\/p>\n<p style=\"text-align: center\">&nbsp;&nbsp;&nbsp;&nbsp;<\/p>\n<p>Nous avons une \u00e9quipe d\u00e9vou\u00e9e qui con\u00e7oit et fabrique ces produits avec des mat\u00e9riaux de haute qualit\u00e9 pour s'assurer qu'ils durent longtemps et offrent d'excellentes performances.Nous offrons une large gamme de moules pour c\u00f4nes de pizza qui sont fabriqu\u00e9s avec des mat\u00e9riaux de haute qualit\u00e9 et qui ont des caract\u00e9ristiques de haute qualit\u00e9. L'avantage de ce moule \u00e0 c\u00f4ne de pizza est qu'il r\u00e9duit consid\u00e9rablement le travail de transformation de votre produit. Vous obtiendrez facilement des c\u00f4nes \u00e0 pizza de haute qualit\u00e9. Le moule \u00e0 c\u00f4ne \u00e0 pizza est tr\u00e8s facile \u00e0 utiliser. Vous pouvez ajuster le produit en fonction de vos besoins. Il s'agit d'un produit tr\u00e8s durable. Avec beaucoup d'exp\u00e9rience et de connaissances, les produits sont fabriqu\u00e9s \u00e0 la main pour garantir une qualit\u00e9 maximale. Les produits sont fabriqu\u00e9s conform\u00e9ment aux normes \u00e9tablies. Nous sommes connus pour fabriquer des produits de haute qualit\u00e9 qui sont tr\u00e8s durables et qui durent longtemps. Vous pouvez profiter des avantages de notre soci\u00e9t\u00e9.<\/p>\n<h2 style=\"margin: 0px;text-indent: 0px;text-align: justify\"><span style=\"font-family: arial, helvetica, sans-serif\"><strong><span style=\"letter-spacing: 0px;font-size: 24px\"><a name=\"Product specification\"><\/a>Sp\u00e9cification du produit\uff1a<\/span><\/strong><\/span><span style=\"font-family:\u5b8b\u4f53;letter-spacing:0;font-size:48px\"> <\/span><\/h2>\n<p><span style=\"font-family: Calibri;font-size: 20px\">Param\u00e8tres techniques :<\/span><\/p>\n<p><span style=\"font-family: Calibri;font-size: 20px\"><br \/><\/span><\/p>\n<p><span style=\"font-family: Calibri;font-size: 20px\"><br \/><\/span><\/p>\n<p style=\"text-align: center\"><img loading=\"lazy\" decoding=\"async\" src=\"https:\/\/www.hommy.com\/wp-content\/uploads\/16007570435675.png\" title=\"\" alt=\"produit-Hommy-img\" width=\"850\" height=\"121\" border=\"0\" vspace=\"0\" style=\"width: 850px;height: 121px\"><\/p>\n<p><\/p>\n<p><strong><span style=\"font-size: 24px;font-family: \u5b8b\u4f53\"><br \/><\/span><\/strong><\/p>\n<h2><span style=\"font-family: arial, helvetica, sans-serif\"><strong><span style=\"font-size: 24px\"><a name=\"Product Features\"><\/a>Caract\u00e9ristiques du produit\uff1a<\/span><\/strong><\/span><\/h2>\n<p><span style=\"font-family:Calibri;font-size:16px\">Les casseroles sont en acier inoxydable, elles peuvent utiliser de l'eau pure, ainsi qu'une formule pr\u00e9par\u00e9e.<\/span><span style=\"font-family:\u5b8b\u4f53;font-size:16px\">&nbsp;<\/span><span style=\"font-family:Calibri;font-size:16px\">et les boissons aux fruits, vous pouvez cr\u00e9er une vari\u00e9t\u00e9 de types de glaces molles et dures.<\/span><span style=\"font-family:\u5b8b\u4f53;font-size:16px\">&nbsp;<\/span><span style=\"font-family:Calibri;font-size:16px\">cr\u00e8me, smoothies, glace, boue glac\u00e9e, neige fondue, glace aux fruits, bouillie glac\u00e9e, fruits, etc.<\/span><\/p>\n<h2><span style=\"font-size: 24px;font-family: arial, helvetica, sans-serif\"><strong><br \/><\/strong><\/span><\/h2>\n<h2><span style=\"font-size: 24px;font-family: arial, helvetica, sans-serif\"><strong><span style=\"font-weight: 700;font-size: 24px\"><a name=\"Product Description\"><\/a>Description du produit :<\/span><\/strong><\/span><\/h2>\n<p><span style=\"font-family:Calibri;font-size:16px\">1. haute efficacit\u00e9 et effet \u00e0 basse temp\u00e9rature excellent, pouvant passer la temp\u00e9rature de -25\u00b0C.<\/span><\/p>\n<p><span style=\"font-family:Calibri;font-size:16px\">2. Syst\u00e8me de contr\u00f4le humanis\u00e9 : en fonction de votre mat\u00e9riel \u00e0 configurer Contr\u00f4le de la temp\u00e9rature des limites sup\u00e9rieures et inf\u00e9rieures de -19'C \u00e0 -22C.<\/span><\/p>\n<p><span style=\"font-family:Calibri;font-size:16px\">3. La fonction de d\u00e9givrage au pied est facile \u00e0 contr\u00f4ler pour l'employ\u00e9.<\/span><\/p>\n<p><span style=\"font-family:Calibri;font-size:16px\"><br \/><\/span><\/p>\n<h2><span style=\"font-family: arial, helvetica, sans-serif\"><strong><span style=\"font-size: 24px\"><a name=\"Operation Demonstration\"><\/a>Op\u00e9ration de d\u00e9monstration :<\/span><\/strong><\/span><\/h2>\n<p><span style=\"font-size: 16px;font-family: \u5b8b\u4f53\">Le fonctionnement est tr\u00e8s simple, vous pouvez faire s\u00e9cher la cr\u00e8me glac\u00e9e cuite, vous pouvez ajouter des saveurs diff\u00e9rentes et des mat\u00e9riaux diff\u00e9rents, par exemple : le sucre, la cuisson, les fruits et plus, vous pouvez faire des rouleaux de cr\u00e8me glac\u00e9e de go\u00fbt diff\u00e9rent.<\/span><\/p>\n<p><span style=\"font-size: 16px;font-family: \u5b8b\u4f53\"><br \/><\/span><\/p>\n<p><span style=\"font-size: 16px;font-family: \u5b8b\u4f53\"><\/span><\/p>\n<p style=\"text-align:center\"><img loading=\"lazy\" decoding=\"async\" src=\"https:\/\/www.hommy.com\/wp-content\/uploads\/16007575027895.jpg\" title=\"\" alt=\"produit-Hommy-img\" width=\"850\" height=\"233\" border=\"0\" vspace=\"0\" style=\"width: 850px;height: 233px\"><\/p>\n<p><span style=\"font-size: 16px;font-family: \u5b8b\u4f53\">&nbsp;<\/span><span style=\"font-family:\u5b8b\u4f53;font-size:29px\">&nbsp;<\/span><\/p>\n<p><\/p>\n<p>Document\uff1a<img decoding=\"async\" src=\"https:\/\/www.hommy.com\/wp-content\/uploads\/icon_pdf-50.gif\" style=\"margin-right: 2px\" alt=\"produit-HM-SM-500 Machine \u00e0 glace Roll-Hommy-img\" title=\"\"><a href=\"https:\/\/img80002414.weyesimg.com\/uploads\/www.hommy.com\/addon\/16027293528800.pdf\" title=\"16027293528800.pdf\" style=\"font-size: 12px\">16027293528800.pdf<\/a><\/p>\n<h2 style=\"font-family: sans-serif\">\u00c0 qui appartient le cong\u00e9lateur Taylor ?<\/h2>\n<p style=\"margin-top: 5px;margin-bottom: 5px;font-family: sans-serif;font-size: 16px\">Les cong\u00e9lateurs Taylor sont de tr\u00e8s bons produits et fonctionnent tr\u00e8s bien. Toutefois, au cours des derni\u00e8res ann\u00e9es, un certain nombre de probl\u00e8mes li\u00e9s \u00e0 l'\u00e9lectronique interne des cong\u00e9lateurs Taylor ont entra\u00een\u00e9 des d\u00e9faillances. Taylor a r\u00e9cemment pris des mesures pour r\u00e9soudre ces probl\u00e8mes et les nouveaux cong\u00e9lateurs ne sont plus concern\u00e9s.<\/p>\n<p style=\"margin-top: 5px;margin-bottom: 5px;font-family: sans-serif;font-size: 16px\"><\/p>\n<h2 style=\"font-family: sans-serif\">Pourquoi les glaces roul\u00e9es ont-elles un go\u00fbt diff\u00e9rent ?<\/h2>\n<p style=\"margin-top: 5px;margin-bottom: 5px;font-family: sans-serif;font-size: 16px\">Le marchand de glace de mon quartier propose un nouveau parfum, \"Buttermilk Rolled Ice Cream\" (cr\u00e8me glac\u00e9e roul\u00e9e au babeurre). Il a l'air g\u00e9nial, mais quand je le go\u00fbte, ce n'est qu'un parfum de glace \u00e0 la vanille.<\/p>\n<p style=\"margin-top: 5px;margin-bottom: 5px;font-family: sans-serif;font-size: 16px\"><\/p>\n<h2 style=\"font-family: sans-serif\">Comment les rouleaux <a style=\"color:blue\" href=\"\/fr\/\">sorbeti\u00e8re<\/a> travail ?<\/h2>\n<p style=\"margin-top: 5px;margin-bottom: 5px;font-family: sans-serif;font-size: 16px\">La glace roul\u00e9e est form\u00e9e de la m\u00eame mani\u00e8re qu'une glace conventionnelle. <a style=\"color:blue\" href=\"\/fr\/\">machine \u00e0 glace<\/a>Dans une machine traditionnelle, la cr\u00e8me glac\u00e9e est form\u00e9e par la cong\u00e9lation d'une quantit\u00e9 de cr\u00e8me (g\u00e9n\u00e9ralement issue d'un s\u00e9parateur de cr\u00e8me, mais aussi de lait), puis par le barattage jusqu'\u00e0 ce qu'elle devienne suffisamment molle pour \u00eatre d\u00e9coup\u00e9e. Dans une machine \u00e0 glace roul\u00e9e, en revanche, la glace est form\u00e9e en congelant le lait ou la cr\u00e8me dans un moule pr\u00e9form\u00e9, puis en roulant une plaque de glace congel\u00e9e. La cr\u00e8me glac\u00e9e est ensuite d\u00e9coup\u00e9e et, une fois sortie de la machine, roul\u00e9e sur un plateau \u00e0 roulettes.<\/p>\n<\/div><\/div>","protected":false},"excerpt":{"rendered":"<p>Rolled Ice Cream Maker Rolled Ice Cream Maker|Product specification|Product Features|Product Description|Operation Demonstration &nbsp;&nbsp;&nbsp;&nbsp; we have a dedicated team who design and manufacture these products with high quality materials to ensure that they last for a long time and offer excellent performance.we offer a wide range of pizza cone moulds that are manufactured using high quality [&hellip;]<\/p>\n","protected":false},"featured_media":1938,"comment_status":"open","ping_status":"open","template":"","meta":{"_swt_meta_header_display":false,"_swt_meta_footer_display":false,"_swt_meta_site_title_display":false,"_swt_meta_sticky_header":false,"_swt_meta_transparent_header":false},"product_brand":[],"product_cat":[83,77],"product_tag":[],"class_list":{"0":"post-796","1":"product","2":"type-product","3":"status-publish","4":"has-post-thumbnail","6":"product_cat-fried-ice-cream-machine","7":"product_cat-ice-cream-machine","9":"first","10":"instock","11":"shipping-taxable","12":"product-type-simple"},"_links":{"self":[{"href":"https:\/\/www.hommy.com\/fr\/wp-json\/wp\/v2\/product\/796","targetHints":{"allow":["GET"]}}],"collection":[{"href":"https:\/\/www.hommy.com\/fr\/wp-json\/wp\/v2\/product"}],"about":[{"href":"https:\/\/www.hommy.com\/fr\/wp-json\/wp\/v2\/types\/product"}],"replies":[{"embeddable":true,"href":"https:\/\/www.hommy.com\/fr\/wp-json\/wp\/v2\/comments?post=796"}],"wp:featuredmedia":[{"embeddable":true,"href":"https:\/\/www.hommy.com\/fr\/wp-json\/wp\/v2\/media\/1938"}],"wp:attachment":[{"href":"https:\/\/www.hommy.com\/fr\/wp-json\/wp\/v2\/media?parent=796"}],"wp:term":[{"taxonomy":"product_brand","embeddable":true,"href":"https:\/\/www.hommy.com\/fr\/wp-json\/wp\/v2\/product_brand?post=796"},{"taxonomy":"product_cat","embeddable":true,"href":"https:\/\/www.hommy.com\/fr\/wp-json\/wp\/v2\/product_cat?post=796"},{"taxonomy":"product_tag","embeddable":true,"href":"https:\/\/www.hommy.com\/fr\/wp-json\/wp\/v2\/product_tag?post=796"}],"curies":[{"name":"wp","href":"https:\/\/api.w.org\/{rel}","templated":true}]}}