{"id":792,"date":"2024-07-02T16:38:36","date_gmt":"2024-07-02T16:38:36","guid":{"rendered":"http:\/\/localhost\/hommywp\/m-sm-400-commercial-thai-fried-ice-cream-maker-equipment\/"},"modified":"2025-08-01T09:57:42","modified_gmt":"2025-08-01T09:57:42","slug":"m-sm-400-machine-a-glace-frite","status":"publish","type":"product","link":"https:\/\/www.hommy.com\/fr\/p\/m-sm-400-machine-a-glace-frite\/","title":{"rendered":"M-Sm-400 \u00c9quipement commercial de fabrication de cr\u00e8me glac\u00e9e frite \u00e0 la tha\u00eflandaise"},"content":{"rendered":"<div>\n<p style=\"text-align: center\"><span style=\"letter-spacing: 0px;text-align: center;text-indent: 205px;font-family: Helvetica;font-size: 29px\"><br \/><\/span><\/p>\n<h2 style=\"text-align: center\"><strong><span style=\"letter-spacing: 0px;text-align: center;text-indent: 205px;font-family: Helvetica;font-size: 29px\"><a name=\"Ice Cream Roll Machine\"><\/a>Machine \u00e0 rouler les cr\u00e8mes glac\u00e9es<\/span><\/strong><\/h2>\n<p style=\"text-align: center\"><span style=\"letter-spacing: 0px;text-align: center;text-indent: 205px;font-family: arial, helvetica, sans-serif;font-size: 16px\"><a href=\"#Ice Cream Roll Machine\" target=\"_self\" data-lv=\"0\" rel=\"noopener\">Machine \u00e0 rouler les cr\u00e8mes glac\u00e9es<\/a>|<a href=\"#Product specification\" target=\"_self\" data-lv=\"0\" rel=\"noopener\">Sp\u00e9cification du produit<\/a>|<a href=\"#Product Features\" target=\"_self\" data-lv=\"0\" rel=\"noopener\">Caract\u00e9ristiques du produit<\/a>|<a href=\"#Product Description\" target=\"_self\" data-lv=\"0\" rel=\"noopener\">Description du produit<\/a>|<a href=\"#Operation Demonstration\" target=\"_self\" data-lv=\"0\" rel=\"noopener\">D\u00e9monstration de l'op\u00e9ration<\/a><\/span><\/p>\n<p style=\"text-indent: 205px;padding: 0px;vertical-align: baseline;text-align: center\"><\/p>\n<p style=\"text-align: center\">\n<p>Cette friture <a style=\"color:blue\" href=\"\/fr\/\">sorbeti\u00e8re<\/a> est disponible sur le march\u00e9 en diff\u00e9rents mod\u00e8les et conceptions. Nous proposons cette machine \u00e0 glace en diff\u00e9rentes capacit\u00e9s et mod\u00e8les selon les besoins des clients.<\/p>\n<p><\/p>\n<h2 style=\"margin: 0px;text-indent: 0px;text-align: justify\"><span style=\"font-family: arial, helvetica, sans-serif;font-size: 24px\"><strong><span style=\"font-family: arial, helvetica, sans-serif;letter-spacing: 0px\"><strong><span style=\"font-family: arial, helvetica, sans-serif\"><a name=\"Product specification\"><\/a>Sp\u00e9cification du produit<\/span><\/strong>:<\/span><\/strong><\/span><\/h2>\n<p><span style=\"font-family:Calibri;font-size:16px\">Param\u00e8tres techniques :<\/span><\/p>\n<p><span style=\"font-family:Calibri;font-size:16px\"><br \/><\/span><\/p>\n<p style=\"text-align: center\"><img decoding=\"async\" src=\"https:\/\/www.hommy.com\/wp-content\/uploads\/16006565339830.png\" alt=\"produit-M-SM-400 machine \u00e0 glace frite-Hommy-img\" title=\"\"><\/p>\n<p><span style=\"font-family:\u5b8b\u4f53;font-size:29px\"><br \/><\/span><\/p>\n<h2><span style=\"font-size: 24px;font-family: arial, helvetica, sans-serif\"><strong><span style=\"font-size: 24px\"><a name=\"Product Features\"><\/a>Caract\u00e9ristiques du produit :<\/span><\/strong><\/span><\/h2>\n<p><span style=\"font-family:Calibri;font-size:16px\">Les casseroles sont en acier inoxydable, elles peuvent utiliser de l'eau pure, ainsi qu'une formule pr\u00e9par\u00e9e.<\/span><span style=\"font-family:\u5b8b\u4f53;font-size:16px\">&nbsp;<\/span><span style=\"font-family:Calibri;font-size:16px\">et les boissons aux fruits, vous pouvez cr\u00e9er une vari\u00e9t\u00e9 de types de glaces molles et dures.<\/span><span style=\"font-family:\u5b8b\u4f53;font-size:16px\">&nbsp;<\/span><span style=\"font-family:Calibri;font-size:16px\">cr\u00e8me, smoothies, glace, boue glac\u00e9e, neige fondue, glace aux fruits, bouillie glac\u00e9e, fruits, etc.<\/span><\/p>\n<p><span style=\"font-family:Calibri;font-size:16px\"><br \/><\/span><\/p>\n<h2><span style=\"font-family: arial, helvetica, sans-serif\"><strong><span style=\"font-size: 24px\"><strong style=\"font-size: 24px\"><a name=\"Product Description\"><\/a>Description du produit :<\/strong><\/span><\/strong><\/span><\/h2>\n<p><span style=\"font-family:Calibri;font-size:16px\">1. L'effet haute efficacit\u00e9 et basse temp\u00e9rature est excellent et peut passer la temp\u00e9rature de -25\u00b0C.<\/span><\/p>\n<p><span style=\"font-family:Calibri;font-size:16px\">2. Syst\u00e8me de contr\u00f4le humanis\u00e9 : en fonction de votre mat\u00e9riel \u00e0 configurer Contr\u00f4le de la temp\u00e9rature des limites sup\u00e9rieures et inf\u00e9rieures de -19'C \u00e0 -22C.<\/span><\/p>\n<p><span style=\"font-family:Calibri;font-size:16px\">3. La fonction de d\u00e9givrage au pied est facile \u00e0 contr\u00f4ler pour l'employ\u00e9.<\/span><\/p>\n<p style=\"margin-top:0;margin-right:0;margin-bottom:0;margin-left:0;text-indent:0;text-align:justify\"><\/p>\n<h2><span style=\"font-size: 24px;font-family: arial, helvetica, sans-serif\"><strong><span style=\"font-size: 24px\"><a name=\"Operation Demonstration\"><\/a>Op\u00e9ration de d\u00e9monstration :<\/span><\/strong><\/span><\/h2>\n<p><strong><span style=\"font-family:\u5b8b\u4f53;font-size:29px\"><br \/><\/span><\/strong><\/p>\n<p style=\"text-align: center\"><strong><span style=\"font-family:\u5b8b\u4f53;font-size:29px\"><img loading=\"lazy\" decoding=\"async\" src=\"https:\/\/www.hommy.com\/wp-content\/uploads\/16006569426595.jpg\" title=\"\" alt=\"produit-Hommy-img\" width=\"1000\" height=\"311\" border=\"0\" vspace=\"0\" style=\"width: 1000px;height: 311px\"><\/span><\/strong><\/p>\n<p><\/p>\n<p>Document\uff1a<img decoding=\"async\" src=\"https:\/\/www.hommy.com\/wp-content\/uploads\/icon_pdf-49.gif\" style=\"margin-right: 2px\" alt=\"produit-Hommy-img\" title=\"\"><a href=\"https:\/\/img80002414.weyesimg.com\/uploads\/www.hommy.com\/addon\/16027296552707.pdf\" title=\"16027296552707.pdf\" style=\"font-size: 12px\">16027296552707.pdf<\/a><\/p>\n<h2>Comment la glace frite est-elle possible ?<\/h2>\n<p style=\"margin-top: 5px;margin-bottom: 5px\"><\/p>\n<p style=\"margin-top: 5px;margin-bottom: 5px\">Si vous \u00eates comme moi, vous avez peut-\u00eatre entendu parler de la glace frite. Il s'agit essentiellement d'une friandise froide qui a \u00e9t\u00e9 tremp\u00e9e dans une p\u00e2te \u00e0 frire et frite. Cette recette est le r\u00e9sultat d'une exp\u00e9rience amusante que j'ai tent\u00e9e avec un ami.<\/p>\n<p style=\"margin-top: 5px;margin-bottom: 5px\"><\/p>\n<p style=\"margin-top: 5px;margin-bottom: 5px\"><\/p>\n<h2>Comment pr\u00e9parer la cr\u00e8me glac\u00e9e frite Reddit ?<\/h2>\n<p style=\"margin-top: 5px;margin-bottom: 5px\"><\/p>\n<p style=\"margin-top: 5px;margin-bottom: 5px\">Le sandwich \u00e0 la cr\u00e8me glac\u00e9e est un dessert compos\u00e9 de deux types de cr\u00e8me glac\u00e9e diff\u00e9rents, g\u00e9n\u00e9ralement \u00e0 la vanille et au chocolat, pris en sandwich entre deux biscuits.<\/p>\n<p style=\"margin-top: 5px;margin-bottom: 5px\"><\/p>\n<p style=\"margin-top: 5px;margin-bottom: 5px\">Il est ainsi nomm\u00e9 parce qu'il s'agit d'une innovation majeure dans l'industrie des desserts glac\u00e9s.<\/p>\n<p style=\"margin-top: 5px;margin-bottom: 5px\"><\/p>\n<p style=\"margin-top: 5px;margin-bottom: 5px\">Nous allons voir comment pr\u00e9parer de la glace frite.<\/p>\n<p style=\"margin-top: 5px;margin-bottom: 5px\"><\/p>\n<h2>Combien co\u00fbte une machine \u00e0 milk-shake de McDonald's ?<\/h2>\n<p style=\"margin-top: 5px;margin-bottom: 5px\"><\/p>\n<p style=\"margin-top: 5px;margin-bottom: 5px\">A :<\/p>\n<p style=\"margin-top: 5px;margin-bottom: 5px\"><\/p>\n<p style=\"margin-top: 5px;margin-bottom: 5px\">Le co\u00fbt de la machine n'est pas si \u00e9lev\u00e9. Le co\u00fbt de la machine ne repr\u00e9sente qu'une fraction du prix du produit, je suis donc certain que vous pourriez fabriquer une machine pour seulement $15 000. Le co\u00fbt des ingr\u00e9dients est beaucoup plus \u00e9lev\u00e9. Acheter du lait co\u00fbte cher, car il faut nourrir et soigner les vaches. Si vous achetez un gallon de lait dans une \u00e9picerie, il vous co\u00fbtera $3,50, mais si vous achetez un gallon de lait dans une ferme laiti\u00e8re, il vous co\u00fbtera environ $4,50.&nbsp;<\/p>\n<\/div><\/div>","protected":false},"excerpt":{"rendered":"<p>Ice&nbsp;Cream&nbsp;Roll&nbsp;Machine Ice Cream Roll Machine|Product specification|Product Features|Product Description|Operation Demonstration This fried ice cream maker is available in the market in different models and designs. We offer this ice cream maker in various capacities and models according to the needs of the customers. Product specification: Technical Parameters: Product Features: The pans is made of stainless steel, [&hellip;]<\/p>\n","protected":false},"featured_media":1937,"comment_status":"open","ping_status":"open","template":"","meta":{"_swt_meta_header_display":false,"_swt_meta_footer_display":false,"_swt_meta_site_title_display":false,"_swt_meta_sticky_header":false,"_swt_meta_transparent_header":false},"product_brand":[],"product_cat":[83,77],"product_tag":[],"class_list":{"0":"post-792","1":"product","2":"type-product","3":"status-publish","4":"has-post-thumbnail","6":"product_cat-fried-ice-cream-machine","7":"product_cat-ice-cream-machine","9":"first","10":"instock","11":"shipping-taxable","12":"product-type-simple"},"_links":{"self":[{"href":"https:\/\/www.hommy.com\/fr\/wp-json\/wp\/v2\/product\/792","targetHints":{"allow":["GET"]}}],"collection":[{"href":"https:\/\/www.hommy.com\/fr\/wp-json\/wp\/v2\/product"}],"about":[{"href":"https:\/\/www.hommy.com\/fr\/wp-json\/wp\/v2\/types\/product"}],"replies":[{"embeddable":true,"href":"https:\/\/www.hommy.com\/fr\/wp-json\/wp\/v2\/comments?post=792"}],"wp:featuredmedia":[{"embeddable":true,"href":"https:\/\/www.hommy.com\/fr\/wp-json\/wp\/v2\/media\/1937"}],"wp:attachment":[{"href":"https:\/\/www.hommy.com\/fr\/wp-json\/wp\/v2\/media?parent=792"}],"wp:term":[{"taxonomy":"product_brand","embeddable":true,"href":"https:\/\/www.hommy.com\/fr\/wp-json\/wp\/v2\/product_brand?post=792"},{"taxonomy":"product_cat","embeddable":true,"href":"https:\/\/www.hommy.com\/fr\/wp-json\/wp\/v2\/product_cat?post=792"},{"taxonomy":"product_tag","embeddable":true,"href":"https:\/\/www.hommy.com\/fr\/wp-json\/wp\/v2\/product_tag?post=792"}],"curies":[{"name":"wp","href":"https:\/\/api.w.org\/{rel}","templated":true}]}}