{"id":788,"date":"2024-07-02T16:23:28","date_gmt":"2024-07-02T16:23:28","guid":{"rendered":"http:\/\/localhost\/hommywp\/hm18-table-top-digital-control-panel-hard-ice-cream-machine\/"},"modified":"2025-08-01T09:57:42","modified_gmt":"2025-08-01T09:57:42","slug":"hm18-machine-a-glace-dure-de-table","status":"publish","type":"product","link":"https:\/\/www.hommy.com\/fr\/p\/hm18-machine-a-glace-dure-de-table\/","title":{"rendered":"Hm18 Table Top Digital Control Panel Hard Ice Cream Machine"},"content":{"rendered":"<div>\n<p style=\"text-align: center\"><a href=\"#Table top Gelato Freezer\" target=\"_self\" data-lv=\"0\" style=\"font-family: inherit\" rel=\"noopener\"><span style=\"font-size: 16px\"><span style=\"font-family: arial, helvetica, sans-serif\">Cong\u00e9lateur Gelato de table<\/span><\/span><\/a><span style=\"color: inherit;font-family: inherit;font-size: 16px\"><span style=\"font-family: arial, helvetica, sans-serif\">|<a href=\"#Product specification\" target=\"_self\" data-lv=\"0\" rel=\"noopener\">Sp\u00e9cification du produit<\/a>|<a href=\"#Product Features\" target=\"_self\" data-lv=\"0\" rel=\"noopener\">Caract\u00e9ristiques du produit<\/a>|<a href=\"#Product Advantage\" target=\"_self\" data-lv=\"0\" rel=\"noopener\">Avantages du produit<\/a>&nbsp;<\/span><\/span><\/p>\n<p><\/p>\n<p style=\"text-align: center\">\n<p>Nous sommes les leaders en mati\u00e8re de fourniture de services haut de gamme <a style=\"color:blue\" href=\"\/fr\/\">\u00e9quipement pour cr\u00e8me glac\u00e9e<\/a> Nous sommes engag\u00e9s dans la fabrication de machines \u00e0 cr\u00e8me glac\u00e9e \u00e0 partir des mati\u00e8res premi\u00e8res les plus fiables, qui proviennent des fabricants les plus populaires du march\u00e9. Afin de satisfaire les exigences vari\u00e9es de nos clients, nous nous tenons \u00e0 jour en lisant les nouveaux produits sur le march\u00e9. En outre, nous proposons des machines \u00e0 glace haut de gamme et sommes connus pour avoir des produits de qualit\u00e9 dans notre gamme. Ces produits comprennent des machines \u00e0 glace, des machines \u00e0 glace pour la maison, des machines \u00e0 glace pour les restaurants et des cong\u00e9lateurs \u00e0 glace.<\/p>\n<p style=\"margin-top:0;margin-right:0;margin-bottom:0;margin-left:0;text-indent:0;text-align:justify\"><span style=\"letter-spacing: 0px;font-size: 24px;font-family: arial, helvetica, sans-serif\"><span style=\"font-family: arial, helvetica, sans-serif;font-size: 24px;text-align: justify\">&nbsp; &nbsp;<\/span><\/span><\/p>\n<h2 style=\"margin: 0px;text-indent: 0px;text-align: justify\"><strong><span style=\"letter-spacing: 0px;font-size: 24px;font-family: arial, helvetica, sans-serif\"><span style=\"font-family: arial, helvetica, sans-serif;font-size: 24px;text-align: justify\">&nbsp;<a name=\"Product specification\"><\/a>Sp\u00e9cification du produit\uff1a<\/span><\/span><\/strong><\/h2>\n<p style=\"margin-top:0;margin-right:0;margin-bottom:0;margin-left:0;text-indent:0;text-align:justify\"><span style=\"letter-spacing: 0px;font-size: 24px;font-family: arial, helvetica, sans-serif\"><span style=\"font-family: arial, helvetica, sans-serif;font-size: 24px;text-align: justify\"><br \/><\/span><\/span><\/p>\n<p style=\"margin-top:0;margin-right:0;margin-bottom:0;margin-left:0;text-indent:0;text-align:justify\"><span style=\"letter-spacing: 0px;font-size: 24px;font-family: arial, helvetica, sans-serif\"><br \/><\/span><\/p>\n<p style=\"text-align: center\"><img decoding=\"async\" src=\"https:\/\/www.hommy.com\/wp-content\/uploads\/16009386442698.png\" alt=\"produit-Hommy-img\" title=\"\"><\/p>\n<p><\/p>\n<p><\/p>\n<div class=\"d-tem01-graphic tem01-graphic mockup\" data-detail=\"wrap\">\n<div class=\"cont-section clearfix d-clearfix\">\n<div class=\"col-md-6 col-sm-6 col-xs-6\">\n<div class=\"right-p\">\n<div class=\"h2 heading\" style=\"text-align: left\">\n<p style=\"text-align:center\"><img loading=\"lazy\" decoding=\"async\" src=\"https:\/\/www.hommy.com\/wp-content\/uploads\/16009958245964.jpg\" alt=\"produit-Hommy-img\" style=\"font-size: 14px;width: 400px;height: 500px\" title=\"\" width=\"400\" height=\"500\" border=\"0\" vspace=\"0\"><\/p>\n<p><span style=\"font-size: 14px\">&nbsp; &nbsp; &nbsp; &nbsp;<\/span><\/p>\n<p><span style=\"font-size: 14px\"><br \/><\/span><\/p>\n<p><span style=\"font-size: 14px\"><br \/><\/span><\/p>\n<p><span style=\"font-size: 14px\"> <\/span><\/p>\n<p style=\"margin-bottom: 0px;text-align: justify\"><span style=\"letter-spacing: 0px;font-size: 24px;font-family: arial, helvetica, sans-serif\"><\/span><\/p>\n<h2><span style=\"font-size: 24px\"><strong><span style=\"letter-spacing: 0px;font-family: arial, helvetica, sans-serif\"><a name=\"Product Advantage\"><\/a>Avantage du produit :<\/span><\/strong><\/span><\/h2>\n<\/div>\n<\/div>\n<\/div>\n<div class=\"col-md-6 col-sm-6 col-xs-6\">\n<div class=\"right-p\">\n<div class=\"h2 heading\">\n<p style=\"text-align:justify\"><span style=\"font-size: 16px;font-family: arial, helvetica, sans-serif\"><\/span><\/p>\n<p style=\"margin-top:0;margin-right:0;margin-bottom:0;margin-left:0;text-indent:0;text-align:justify\"><strong><span style=\"letter-spacing: 0px;font-size: 29px;font-family: arial, helvetica, sans-serif\"><br \/><\/span><\/strong><\/p>\n<p style=\"margin-top:0;margin-right:0;margin-bottom:0;margin-left:0;text-indent:0;text-align:justify\"><strong><span style=\"letter-spacing: 0px;font-size: 29px;font-family: arial, helvetica, sans-serif\"><br \/><\/span><\/strong><\/p>\n<h2 style=\"margin: 0px;text-indent: 0px;text-align: justify\"><span style=\"font-size: 24px\"><strong><span style=\"letter-spacing: 0px;font-family: arial, helvetica, sans-serif\"><a name=\"Product Features\"><\/a>Caract\u00e9ristiques du produit :<\/span><\/strong><\/span><span style=\"font-family:\u5b8b\u4f53;letter-spacing:0;font-size:29px\"> <\/span><\/h2>\n<p style=\"margin-top:0;margin-right:0;margin-bottom:0;margin-left:0;text-indent:0;text-align:justify\"><span style=\"font-family:\u5b8b\u4f53;letter-spacing:0;font-size:29px\"><br \/><\/span><\/p>\n<p style=\"text-align:justify\"><span style=\"font-size: 16px;font-family: arial, helvetica, sans-serif\">Rationaliser l'aspect ext\u00e9rieur luxueux.<\/span><\/p>\n<p style=\"text-align:justify\"><span style=\"font-size: 16px;font-family: arial, helvetica, sans-serif\">T\u00f4le d'acier inoxydable comme couverture ext\u00e9rieure pour la durabilit\u00e9.<\/span><\/p>\n<p style=\"text-align:justify\"><span style=\"font-size: 16px;font-family: arial, helvetica, sans-serif\">Un cylindre et un arbre d'agitation uniques.<\/span><\/p>\n<p style=\"text-align:justify\"><span style=\"font-size: 16px;font-family: arial, helvetica, sans-serif\">Syst\u00e8me de contr\u00f4le \u00e9lectronique convivial. <\/span><\/p>\n<p style=\"text-align:justify\"><span style=\"font-size: 16px;font-family: arial, helvetica, sans-serif\">Panneau de commande num\u00e9rique avec interrupteur tactile.<\/span><\/p>\n<p style=\"text-align:justify\"><span style=\"font-size: 16px;font-family: arial, helvetica, sans-serif\">Un syst\u00e8me de contr\u00f4le intelligent enti\u00e8rement informatis\u00e9 surveille en permanence la consistance pour garantir le produit d\u00e9sir\u00e9.<\/span><\/p>\n<p style=\"text-align:justify\"><span style=\"font-size: 16px;font-family: arial, helvetica, sans-serif\">Le temps de production est r\u00e9glable. <\/span><\/p>\n<p style=\"text-align:justify\"><span style=\"font-size: 16px;font-family: arial, helvetica, sans-serif\">Facile \u00e0 utiliser.<\/span><\/p>\n<p style=\"text-align:justify\"><span style=\"font-size: 16px;font-family: arial, helvetica, sans-serif\"><\/span><\/p>\n<\/div>\n<\/div>\n<\/div>\n<\/div>\n<\/div>\n<div class=\"d-tem01-graphic tem01-graphic mockup\" data-detail=\"wrap\">\n<div class=\"cont-section clearfix d-clearfix\">\n<div class=\"col-md-6 col-sm-6 col-xs-6\">\n<div class=\"right-p\">\n<div class=\"h2 heading\">\n<p style=\"text-indent: 0;padding: 0;vertical-align: baseline\"><span style=\"letter-spacing: 0px;font-size: 20px;font-family: arial, helvetica, sans-serif\">1. Le couvercle en plastique du bloc thromat est propre et hygi\u00e9nique, avec un degr\u00e9 d'\u00e9tanch\u00e9it\u00e9 \u00e9lev\u00e9, un fonctionnement simple et une belle apparence.<\/span><\/p>\n<p style=\"text-indent: 0;padding: 0;vertical-align: baseline\"><span style=\"font-family: \u5b8b\u4f53;letter-spacing: 0px;font-size: 20px\"><br \/><\/span><\/p>\n<p style=\"text-indent: 0;padding: 0;vertical-align: baseline\"><span style=\"font-family: \u5b8b\u4f53;letter-spacing: 0px;font-size: 20px\"><br \/><\/span><\/p>\n<\/div>\n<\/div>\n<div class=\"graphic_pic animated wow bounceIn\" data-wow-delay=\".7s\">\n<p style=\"text-align:center\"><img loading=\"lazy\" decoding=\"async\" src=\"https:\/\/www.hommy.com\/wp-content\/uploads\/16009964333073.png\" alt=\"produit-HM18B machine \u00e0 glace dure de table-Hommy-img\" title=\"\" width=\"350\" height=\"246\" border=\"0\" vspace=\"0\" style=\"width: 350px;height: 246px\"><\/p>\n<\/div>\n<\/div>\n<div class=\"col-md-6 col-sm-6 col-xs-6\">\n<div class=\"right-p\">\n<div class=\"h2 heading\">\n<p style=\"text-indent: 0;padding: 0;vertical-align: baseline\"><span style=\"letter-spacing: 0px;font-size: 20px;font-family: arial, helvetica, sans-serif\"><span style=\"letter-spacing: 0px;font-size: 20px\">2.&nbsp;<\/span>Le panneau de contr\u00f4le indique clairement l'\u00e9tat d'avancement de la production et la dur\u00e9e de chaque production peut \u00eatre r\u00e9gl\u00e9e.<\/span><\/p>\n<p style=\"text-indent: 0;padding: 0;vertical-align: baseline\"><span style=\"letter-spacing: 0px;font-size: 20px;font-family: arial, helvetica, sans-serif\"><br \/><\/span><\/p>\n<p style=\"text-indent: 0;padding: 0;vertical-align: baseline\"><span style=\"letter-spacing: 0px;font-size: 20px;font-family: arial, helvetica, sans-serif\"><br \/><\/span><\/p>\n<p style=\"text-indent: 0;padding: 0;vertical-align: baseline\"><span style=\"letter-spacing: 0px;font-size: 20px;font-family: arial, helvetica, sans-serif\"><br \/><\/span><\/p>\n<\/div>\n<\/div>\n<div class=\"graphic_pic animated wow bounceIn\" data-wow-delay=\".7s\">\n<p style=\"text-align:center\"><img loading=\"lazy\" decoding=\"async\" src=\"https:\/\/www.hommy.com\/wp-content\/uploads\/16009974133673.jpg\" alt=\"produit-Hommy-img\" title=\"\" width=\"250\" height=\"500\" border=\"0\" vspace=\"0\" style=\"width: 250px;height: 500px\"><\/p>\n<\/div>\n<\/div>\n<\/div>\n<\/div>\n<p>Document\uff1a<img decoding=\"async\" src=\"https:\/\/www.hommy.com\/wp-content\/uploads\/icon_pdf-48.gif\" style=\"margin-right: 2px\" alt=\"produit-Hommy-img\" title=\"\"><a href=\"https:\/\/img80002414.weyesimg.com\/uploads\/www.hommy.com\/addon\/16026603438776.pdf\" title=\"16026603438776.pdf\" style=\"font-size: 12px\">16026603438776.pdf<\/a><\/p>\n<div>\n<div>\n<h2 class=\"otl-heading\" style=\"text-indent: 0em;padding-left: 0em\"><\/h2>\n<\/div>\n<h2>Pourquoi la glace devient-elle molle dans mon cong\u00e9lateur ?<\/h2>\n<p>La glace se ramollit dans votre cong\u00e9lateur en raison du changement de temp\u00e9rature. Lorsque la temp\u00e9rature de la glace tombe en dessous du point de cong\u00e9lation, les cristaux de glace deviennent plus mous et la glace fond plus rapidement. Plus elle fond, plus elle absorbe de liquide. Si la temp\u00e9rature descend en dessous du point de cong\u00e9lation, la glace absorbe le liquide de l'air qui l'entoure. Elle devient donc plus molle et fond plus vite.<\/p>\n<p><\/p>\n<h2>Comment s'appelle la cr\u00e8me glac\u00e9e en France ?<\/h2>\n<p>La cr\u00e8me glac\u00e9e est un type de dessert glac\u00e9 fabriqu\u00e9 \u00e0 partir de cr\u00e8me et de lait ou de cr\u00e8me et d'autres ingr\u00e9dients. La cr\u00e8me glac\u00e9e est fabriqu\u00e9e \u00e0 partir de cr\u00e8me et de lait, et d'autres ingr\u00e9dients tels que le sucre et d'autres additifs, qui peuvent inclure des fruits, des noix ou du chocolat. En France, la cr\u00e8me glac\u00e9e est appel\u00e9e glace. Dans de nombreux autres pays, la glace est le terme utilis\u00e9 pour d\u00e9signer les desserts glac\u00e9s \u00e0 base de lait, de cr\u00e8me ou des deux. En anglais, le terme ice cream est plus courant.<\/p>\n<p><\/p>\n<h2>Comment les Italiens appellent-ils le gelato ?<\/h2>\n<p>Gelato est le mot italien pour cr\u00e8me glac\u00e9e. (Le nom italien d'une petite boutique qui vend des glaces est en fait \"gelateria\"). Le mot pour cr\u00e8me glac\u00e9e est, bien s\u00fbr, \"gelato\". Il existe une diff\u00e9rence dans la fa\u00e7on dont le \"a\" italien s'\u00e9crit. Le son italien pour \"a\" est un a \"court\", qui ressemble au a du mot anglais \"father\".<\/p>\n<\/div>\n<\/div><\/div>","protected":false},"excerpt":{"rendered":"<p>Table top Gelato Freezer|Product specification|Product Features|Product Advantage&nbsp; We are the leaders in providing high-end ice cream equipment and are engaged in manufacturing Ice Cream Machines from the most reliable raw material, which is sourced from the most popular manufacturers of the market. In order to satisfy the varied requirements of our clients, we keep ourselves [&hellip;]<\/p>\n","protected":false},"featured_media":1936,"comment_status":"open","ping_status":"open","template":"","meta":{"_swt_meta_header_display":false,"_swt_meta_footer_display":false,"_swt_meta_site_title_display":false,"_swt_meta_sticky_header":false,"_swt_meta_transparent_header":false},"product_brand":[],"product_cat":[82],"product_tag":[],"class_list":{"0":"post-788","1":"product","2":"type-product","3":"status-publish","4":"has-post-thumbnail","6":"product_cat-hard-ice-cream-machine","8":"first","9":"instock","10":"shipping-taxable","11":"product-type-simple"},"_links":{"self":[{"href":"https:\/\/www.hommy.com\/fr\/wp-json\/wp\/v2\/product\/788","targetHints":{"allow":["GET"]}}],"collection":[{"href":"https:\/\/www.hommy.com\/fr\/wp-json\/wp\/v2\/product"}],"about":[{"href":"https:\/\/www.hommy.com\/fr\/wp-json\/wp\/v2\/types\/product"}],"replies":[{"embeddable":true,"href":"https:\/\/www.hommy.com\/fr\/wp-json\/wp\/v2\/comments?post=788"}],"wp:featuredmedia":[{"embeddable":true,"href":"https:\/\/www.hommy.com\/fr\/wp-json\/wp\/v2\/media\/1936"}],"wp:attachment":[{"href":"https:\/\/www.hommy.com\/fr\/wp-json\/wp\/v2\/media?parent=788"}],"wp:term":[{"taxonomy":"product_brand","embeddable":true,"href":"https:\/\/www.hommy.com\/fr\/wp-json\/wp\/v2\/product_brand?post=788"},{"taxonomy":"product_cat","embeddable":true,"href":"https:\/\/www.hommy.com\/fr\/wp-json\/wp\/v2\/product_cat?post=788"},{"taxonomy":"product_tag","embeddable":true,"href":"https:\/\/www.hommy.com\/fr\/wp-json\/wp\/v2\/product_tag?post=788"}],"curies":[{"name":"wp","href":"https:\/\/api.w.org\/{rel}","templated":true}]}}