{"id":782,"date":"2024-07-02T16:13:47","date_gmt":"2024-07-02T16:13:47","guid":{"rendered":"http:\/\/localhost\/hommywp\/hm38-best-sale-tecumseh-compressor-italy-gelato-maker-factory-cost\/"},"modified":"2025-08-01T09:57:42","modified_gmt":"2025-08-01T09:57:42","slug":"machine-a-gelato-hm38","status":"publish","type":"product","link":"https:\/\/www.hommy.com\/fr\/p\/machine-a-gelato-hm38\/","title":{"rendered":"Hm38 Best Sale Tecumseh Compressor Italy Gelato Maker Factory Cost"},"content":{"rendered":"<div>\n<p>&nbsp;&nbsp;&nbsp;&nbsp;<\/p>\n<p style=\"text-align: center\"><\/p>\n<h2 style=\"text-align: center\"><span style=\"font-family: arial, helvetica, sans-serif\"><strong><span style=\"letter-spacing: 0px;font-size: 29px\"><a name=\"Gelato Maker\"><\/a>Gelato Maker<\/span><\/strong><\/span><\/h2>\n<p style=\"text-align: center\"><a href=\"#Gelato Maker\" target=\"_self\" data-lv=\"0\" rel=\"noopener\"><span style=\"font-family: arial, helvetica, sans-serif;font-size: 16px\"><span style=\"font-family: arial, helvetica, sans-serif;letter-spacing: 0px\">Gelato Maker<\/span><\/span><\/a><span style=\"font-family: arial, helvetica, sans-serif;font-size: 16px\"><span style=\"font-family: arial, helvetica, sans-serif;letter-spacing: 0px\">|<a href=\"#Product specification\" target=\"_self\" data-lv=\"0\" rel=\"noopener\">Sp\u00e9cification du produit<\/a>|<a href=\"#Product Features\" target=\"_self\" data-lv=\"0\" rel=\"noopener\">Caract\u00e9ristiques du produit<\/a>|<a href=\"#Product Advantage\" target=\"_self\" data-lv=\"0\" rel=\"noopener\">Avantages du produit<\/a><\/span><\/span><\/p>\n<p><\/p>\n<p style=\"text-align: center\">\n<p>Le Gelato Maker est un outil facile \u00e0 utiliser qui vous permettra de cr\u00e9er votre propre parfum de glace. Vous n'avez pas besoin d'aller au magasin de gelato ou de faire la queue pour un gelato pour faire votre propre gelato. Le Gelato Maker vous permettra de cr\u00e9er votre propre parfum de glace. La Gelato Maker contient un petit r\u00e9servoir de votre choix (il peut s'agir de lait nature, de n'importe quel type de lait aromatis\u00e9, de n'importe quel type de jus aromatis\u00e9, de n'importe quel type de lait aromatis\u00e9 et\/ou de n'importe quel autre liquide\/cr\u00e8me qui cr\u00e9era le go\u00fbt que vous souhaitez) et un r\u00e9cipient qui contiendra n'importe quel autre liquide que vous souhaitez utiliser.<\/p>\n<p><span style=\"font-family: arial, helvetica, sans-serif;font-size: 24px;font-weight: 700\"><\/span><\/p>\n<h2 style=\"margin-bottom: 0px\"><span style=\"font-size: 24px\"><span style=\"font-weight: 700\"><span style=\"letter-spacing: 0px;font-family: arial, helvetica, sans-serif\"><a name=\"Product specification\"><\/a>Sp\u00e9cification du produit\uff1a<\/span><\/span><\/span><\/h2>\n<p style=\"margin-bottom: 0px\"><span style=\"font-size: 24px\"><span style=\"font-weight: 700\"><span style=\"letter-spacing: 0px;font-family: arial, helvetica, sans-serif\"><br \/><\/span><\/span><\/span><\/p>\n<p style=\"margin-bottom: 0px\"><span style=\"font-size: 24px\"><span style=\"font-weight: 700\"><span style=\"letter-spacing: 0px;font-family: arial, helvetica, sans-serif\"><br \/><\/span><\/span><\/span><\/p>\n<p style=\"margin-bottom: 0px;text-align: center\"><img decoding=\"async\" src=\"https:\/\/www.hommy.com\/wp-content\/uploads\/16008297565343-2.png\" alt=\"produit-Hommy-img\" title=\"\"><\/p>\n<p style=\"margin-bottom: 0px\"><\/p>\n<p style=\"margin-bottom: 0px\"><\/p>\n<p style=\"margin-bottom: 0px\"><span style=\"font-family: arial, helvetica, sans-serif;font-size: 24px;font-weight: 700\"><\/span><\/p>\n<div class=\"d-tem01-graphic tem01-graphic mockup\" data-detail=\"wrap\">\n<div class=\"cont-section clearfix d-clearfix\">\n<div class=\"col-md-6 col-sm-6 col-xs-6\"><\/p>\n<div class=\"graphic_pic animated wow bounceIn\" data-wow-delay=\".7s\">\n<p style=\"text-align:center\"><img decoding=\"async\" src=\"https:\/\/www.hommy.com\/wp-content\/uploads\/16008380342603.jpg\" alt=\"produit-Hommy-img\" title=\"\"><\/p>\n<\/div>\n<\/div>\n<div class=\"col-md-6 col-sm-6 col-xs-6\">\n<div class=\"right-p\">\n<p><span style=\"font-family: arial, helvetica, sans-serif;font-size: 24px;font-weight: 700;text-align: justify\"><br \/><\/span><\/p>\n<p><span style=\"font-family: arial, helvetica, sans-serif;font-size: 24px;font-weight: 700;text-align: justify\"><br \/><\/span><\/p>\n<h2><span style=\"font-family: arial, helvetica, sans-serif;font-size: 24px;font-weight: 700;text-align: justify\"><a name=\"Product Features\"><\/a>Caract\u00e9ristiques du produit :<\/span><\/h2>\n<div class=\"description\">\n<p style=\"text-indent: 0;padding: 0;vertical-align: baseline\"><span style=\"font-family: Calibri;letter-spacing: 0px;font-size: 19px\">\u25c6 Les compresseurs de la marque mondiale Tecumseh fonctionnent en r\u00e9gime permanent.<\/span><\/p>\n<p style=\"text-indent: 0;padding: 0;vertical-align: baseline\"><span><span style=\"letter-spacing: 0px;font-family: Calibri;font-size: 19px\">\u25c6<\/span><span style=\"font-family: Calibri;letter-spacing: 0px;font-size: 19px\">&nbsp;Puissant \u00e9lectromoteur, puissance jusqu'\u00e0 5000W.<\/span><\/span><\/p>\n<p style=\"text-indent: 0;padding: 0;vertical-align: baseline\"><span><span style=\"letter-spacing: 0px;font-family: Calibri;font-size: 19px\">\u25c6<\/span><span style=\"font-family: Calibri;letter-spacing: 0px;font-size: 19px\">&nbsp;Nouvelle conception de la poulie \u00e0 double rainure, rotation stable, faible bruit, faible vibration, pas de glissement.  La dur\u00e9e de vie de la courroie est sup\u00e9rieure de 75% \u00e0 celle de l'ancienne conception.  De plus, la <a style=\"color:blue\" href=\"\/fr\/\">machine \u00e0 glace<\/a> est beaucoup plus stable que la norme nationale.<\/span><\/span><\/p>\n<p style=\"text-indent: 0;padding: 0;vertical-align: baseline\"><span><span style=\"letter-spacing: 0px;font-family: Calibri;font-size: 19px\">\u25c6<\/span><span style=\"font-family: Calibri;letter-spacing: 0px;font-size: 19px\">&nbsp;Postulez le plus tard possible <\/span><span style=\"font-family: \u5b8b\u4f53;letter-spacing: 0px;font-size: 19px\">recherche<\/span><span style=\"font-family: Calibri;letter-spacing: 0px;font-size: 19px\">&nbsp;L'\u00e9paisseur de la couche de mousse est renforc\u00e9e, ce qui am\u00e9liore l'isolation et permet d'\u00e9conomiser de l'\u00e9nergie, tout en maintenant la glace \u00e0 une certaine temp\u00e9rature, <\/span><span style=\"font-family: \u5b8b\u4f53;letter-spacing: 0px;font-size: 19px\">maintenir<\/span><span style=\"font-family: Calibri;letter-spacing: 0px;font-size: 19px\">&nbsp;la saveur originale.<\/span><\/span><\/p>\n<p style=\"text-indent: 0;padding: 0;vertical-align: baseline\"><span><span style=\"letter-spacing: 0px;font-family: Calibri;font-size: 19px\">\u25c6&nbsp;<\/span><span style=\"font-family: Calibri;letter-spacing: 0px;font-size: 19px\">L'\u00e9vaporateur en cuivre pur acc\u00e9l\u00e8re le transfert de chaleur et am\u00e9liore l'efficacit\u00e9.<\/span><\/span><\/p>\n<p style=\"text-indent: 0;padding: 0;vertical-align: baseline\"><span><span style=\"letter-spacing: 0px;font-family: Calibri;font-size: 19px\">\u25c6&nbsp;<\/span><span style=\"font-family: Calibri;letter-spacing: 0px;font-size: 19px\">Les grandes pales du ventilateur r\u00e9duisent le bruit au minimum tout en fournissant un volume d'air suffisant.<\/span><\/span><\/p>\n<p style=\"text-indent: 0;padding: 0;vertical-align: baseline\"><span><span style=\"letter-spacing: 0px;font-family: Calibri;font-size: 19px\">\u25c6&nbsp;<\/span><span style=\"font-family: Calibri;letter-spacing: 0px;font-size: 19px\">Le syst\u00e8me de commande le plus r\u00e9cent permet de visualiser le fonctionnement de la machine d'un seul coup d'\u0153il.<\/span><\/span><\/p>\n<\/div>\n<\/div>\n<p><span>&nbsp; &nbsp; &nbsp; &nbsp; &nbsp; &nbsp; &nbsp;<\/span><\/div>\n<\/div>\n<\/div>\n<p style=\"margin-bottom: 0px\"><span style=\"font-family: arial, helvetica, sans-serif;font-size: 24px;font-weight: 700\"><br \/><\/span><\/p>\n<h2 style=\"margin-bottom: 0px\"><span style=\"font-family: arial, helvetica, sans-serif;font-size: 24px;font-weight: 700\"><a name=\"Product Advantage\"><\/a>Avantage du produit :<\/span><\/h2>\n<div class=\"d-tem01-graphic tem01-graphic mockup\" data-detail=\"wrap\">\n<div class=\"cont-section clearfix d-clearfix\">\n<div class=\"col-md-6 col-sm-6 col-xs-6\">\n<div class=\"right-p\">\n<p><span style=\"letter-spacing: 0px;font-size: 20px;font-family: arial, helvetica, sans-serif\">1.&nbsp;<\/span><span style=\"font-family: arial, helvetica, sans-serif\"><span style=\"font-family: Calibri;letter-spacing: 0px;font-size: 20px\">La tige d'agitation tr\u00e8s r\u00e9sistante \u00e0 l'usure, en mat\u00e9riau import\u00e9 de qualit\u00e9 alimentaire, met fin \u00e0 la dilatation et \u00e0 la contraction thermiques, r\u00e9duit le vide du cylindre de raclage, rend le go\u00fbt de la cr\u00e8me glac\u00e9e plus d\u00e9licat et plus lisse.<\/span><span style=\"font-family: \u5b8b\u4f53;letter-spacing: 0px;font-size: 20px\">.<\/span><\/span><\/p>\n<p><span style=\"font-family: arial, helvetica, sans-serif\"><span style=\"font-family: \u5b8b\u4f53;letter-spacing: 0px;font-size: 20px\"><br \/><\/span><\/span><\/p>\n<p><span style=\"font-family: arial, helvetica, sans-serif\"><span style=\"font-family: \u5b8b\u4f53;letter-spacing: 0px;font-size: 20px\"><br \/><\/span><\/span><\/p>\n<\/div>\n<div class=\"graphic_pic animated wow bounceIn\" data-wow-delay=\".7s\">\n<p style=\"text-align:center\"><img loading=\"lazy\" decoding=\"async\" src=\"https:\/\/www.hommy.com\/wp-content\/uploads\/16008387863584.png\" alt=\"produit-Hommy-HM38 Gelato maker-img\" title=\"\" width=\"330\" height=\"362\" border=\"0\" vspace=\"0\" style=\"width: 330px;height: 362px\"><\/p>\n<\/div>\n<\/div>\n<div class=\"col-md-6 col-sm-6 col-xs-6\">\n<div class=\"right-p\">\n<p><span style=\"font-family: arial, helvetica, sans-serif;font-size: 20px\">2 Le bloc thromat en acier inoxydable est propre et hygi\u00e9nique, avec un degr\u00e9 d'\u00e9tanch\u00e9it\u00e9 \u00e9lev\u00e9, un fonctionnement simple et une belle apparence.<\/span><\/p>\n<p><span style=\"font-family: arial, helvetica, sans-serif;font-size: 20px\"><br \/><\/span><\/p>\n<p><span style=\"font-family: arial, helvetica, sans-serif;font-size: 20px\"><br \/><\/span><\/p>\n<\/div>\n<div class=\"graphic_pic animated wow bounceIn\" data-wow-delay=\".7s\">\n<p style=\"text-align:center\"><img loading=\"lazy\" decoding=\"async\" src=\"https:\/\/www.hommy.com\/wp-content\/uploads\/16008388628220.png\" alt=\"produit-Hommy-img\" title=\"\" width=\"350\" height=\"279\" border=\"0\" vspace=\"0\" style=\"width: 350px;height: 279px\"><\/p>\n<\/div>\n<\/div>\n<\/div>\n<\/div>\n<div class=\"d-tem01-graphic tem01-graphic mockup\" data-detail=\"wrap\">\n<div class=\"cont-section clearfix d-clearfix\">\n<div class=\"col-md-6 col-sm-6 col-xs-6\">\n<div class=\"right-p\">\n<div class=\"h2 heading\"><span style=\"font-family: arial, helvetica, sans-serif;font-size: 20px\">3. Le panneau de contr\u00f4le indique clairement l'\u00e9tat d'avancement de la production et la dur\u00e9e de chaque production peut \u00eatre r\u00e9gl\u00e9e.<\/span><\/div>\n<\/div>\n<div class=\"graphic_pic animated wow bounceIn\" data-wow-delay=\".7s\">\n<p style=\"text-align:center\"><img decoding=\"async\" src=\"https:\/\/www.hommy.com\/wp-content\/uploads\/16008389169004.png\" alt=\"produit-Hommy-img\" title=\"\"><\/p>\n<\/div>\n<\/div>\n<p>&nbsp; &nbsp; &nbsp; &nbsp; &nbsp; &nbsp;<\/div>\n<\/div>\n<p>Document\uff1a<img decoding=\"async\" src=\"https:\/\/www.hommy.com\/wp-content\/uploads\/icon_pdf-47.gif\" style=\"margin-right: 2px\" alt=\"produit-HM38 Gelato maker-Hommy-img\" title=\"\"><a href=\"https:\/\/img80002414.weyesimg.com\/uploads\/www.hommy.com\/addon\/16027245511513.pdf\" title=\"16027245511513.pdf\" style=\"font-size: 12px\">16027245511513.pdf<\/a><\/p>\n<h2 style=\"font-family: sans-serif\">Qu'est-ce que la <a style=\"color:blue\" href=\"https:\/\/www.hommy.com\/fr\/machine-a-glace-dure\/\">machine \u00e0 gelato<\/a> appel\u00e9 ?<\/h2>\n<p style=\"margin-top: 5px;margin-bottom: 5px;font-family: sans-serif;font-size: 16px\"><\/p>\n<p style=\"margin-top: 5px;margin-bottom: 5px;font-family: sans-serif;font-size: 16px\">Le gelatore est la petite machine qui sert \u00e0 faire du gelato et des milk-shakes ressemblant \u00e0 du gelato. On n'en parle pas autant que de la machine \u00e0 gelato, car lorsqu'on ne peut pas faire de la bonne gelato, la meilleure solution est parfois la machine \u00e0 milkshake. Mais si vous faites du gelato de la bonne mani\u00e8re, vous n'aurez pas besoin d'une machine \u00e0 gelato.<\/p>\n<p style=\"margin-top: 5px;margin-bottom: 5px;font-family: sans-serif;font-size: 16px\"><\/p>\n<p style=\"margin-top: 5px;margin-bottom: 5px;font-family: sans-serif;font-size: 16px\">Servir du lait \u00e0 jour. C'est une fa\u00e7on de dire que le lait a chang\u00e9 au fil du temps. La norme actuelle pour le lait est la pasteurisation ultra-haute, ou UHT. Mais la vraie question est de savoir si le lait a \u00e9t\u00e9 pasteuris\u00e9 \u00e0 ultra-haute temp\u00e9rature avant d'\u00eatre homog\u00e9n\u00e9is\u00e9, puis emball\u00e9 et livr\u00e9 \u00e0 un point de vente au d\u00e9tail. La r\u00e9ponse est non. Du moins, pas \u00e0 moins que<\/p>\n<p style=\"margin-top: 5px;margin-bottom: 5px;font-family: sans-serif;font-size: 16px\"><\/p>\n<h2 style=\"font-family: sans-serif\">Le gelato doit-il \u00eatre congel\u00e9 ?<\/h2>\n<p style=\"margin-top: 5px;margin-bottom: 5px;font-family: sans-serif;font-size: 16px\"><\/p>\n<p style=\"margin-top: 5px;margin-bottom: 5px;font-family: sans-serif;font-size: 16px\">Oui. Le gelato est meilleur lorsqu'il est servi \u00e0 une temp\u00e9rature d'environ 35\u00baC ou 72\u00baF, mais il peut \u00eatre servi l\u00e9g\u00e8rement plus chaud (jusqu'\u00e0 60\u00baC ou 140\u00baF). En \u00e9t\u00e9, le gelato doit \u00eatre servi frais et bien en dessous du point de cong\u00e9lation.<\/p>\n<p style=\"margin-top: 5px;margin-bottom: 5px;font-family: sans-serif;font-size: 16px\"><\/p>\n<p style=\"margin-top: 5px;margin-bottom: 5px;font-family: sans-serif;font-size: 16px\">Le gelato \u00e9tait traditionnellement consomm\u00e9 en \u00e9t\u00e9, mais on assiste aujourd'hui \u00e0 une v\u00e9ritable renaissance de la glace dans le bassin m\u00e9diterran\u00e9en. Dans certains pays, notamment dans le nord de l'Italie, les magasins de glaces fonctionnent toujours comme il y a quelques d\u00e9cennies.<\/p>\n<p style=\"margin-top: 5px;margin-bottom: 5px;font-family: sans-serif;font-size: 16px\"><\/p>\n<p style=\"margin-top: 5px;margin-bottom: 5px;font-family: sans-serif;font-size: 16px\"><\/p>\n<h2 style=\"font-family: sans-serif\">Qu'est-ce qui rend la glace extensible ?<\/h2>\n<p style=\"margin-top: 5px;margin-bottom: 5px;font-family: sans-serif;font-size: 16px\"><\/p>\n<p style=\"margin-top: 5px;margin-bottom: 5px;font-family: sans-serif;font-size: 16px\">Le gelato ne s'\u00e9tire pas, il coule comme une cr\u00e8me.Bien que le gelato ne s'\u00e9tire pas, il peut \u00eatre utilis\u00e9 car il est con\u00e7u pour \u00eatre consomm\u00e9 en une seule fois.Par cons\u00e9quent, il s'\u00e9tire apr\u00e8s quelques jours lorsqu'il est conserv\u00e9 \u00e0 temp\u00e9rature ambiante.Si vous conservez le gelato pendant plus d'une semaine, veillez \u00e0 l'emballer correctement (vous pouvez \u00e9galement utiliser un sac de cong\u00e9lation).Si vous conservez le gelato pendant plus d'une semaine, veillez \u00e0 l'emballer correctement (vous pouvez \u00e9galement utiliser un sac de cong\u00e9lation).Lorsque le gelato ne conserve pas sa forme, vous pouvez ajouter un peu de cr\u00e8me ou de cr\u00e8me fouett\u00e9e pour le rendre \u00e0 nouveau extensible.C'est le r\u00e9sultat d'un pourcentage plus \u00e9lev\u00e9 d'eau dans le gelato par rapport \u00e0 la cr\u00e8me glac\u00e9e.<\/p>\n<\/div><\/div>","protected":false},"excerpt":{"rendered":"<p>&nbsp;&nbsp;&nbsp;&nbsp; Gelato Maker Gelato Maker|Product specification|Product Features|Product Advantage The Gelato Maker is an easy to use tool that will allow you to create your own flavor gelato. You do not have to go to the gelato shop or wait in line for a gelato to make your own gelato. The Gelato Maker will allow you [&hellip;]<\/p>\n","protected":false},"featured_media":1935,"comment_status":"open","ping_status":"open","template":"","meta":{"_swt_meta_header_display":false,"_swt_meta_footer_display":false,"_swt_meta_site_title_display":false,"_swt_meta_sticky_header":false,"_swt_meta_transparent_header":false},"product_brand":[],"product_cat":[82],"product_tag":[],"class_list":{"0":"post-782","1":"product","2":"type-product","3":"status-publish","4":"has-post-thumbnail","6":"product_cat-hard-ice-cream-machine","8":"first","9":"instock","10":"shipping-taxable","11":"product-type-simple"},"_links":{"self":[{"href":"https:\/\/www.hommy.com\/fr\/wp-json\/wp\/v2\/product\/782","targetHints":{"allow":["GET"]}}],"collection":[{"href":"https:\/\/www.hommy.com\/fr\/wp-json\/wp\/v2\/product"}],"about":[{"href":"https:\/\/www.hommy.com\/fr\/wp-json\/wp\/v2\/types\/product"}],"replies":[{"embeddable":true,"href":"https:\/\/www.hommy.com\/fr\/wp-json\/wp\/v2\/comments?post=782"}],"wp:featuredmedia":[{"embeddable":true,"href":"https:\/\/www.hommy.com\/fr\/wp-json\/wp\/v2\/media\/1935"}],"wp:attachment":[{"href":"https:\/\/www.hommy.com\/fr\/wp-json\/wp\/v2\/media?parent=782"}],"wp:term":[{"taxonomy":"product_brand","embeddable":true,"href":"https:\/\/www.hommy.com\/fr\/wp-json\/wp\/v2\/product_brand?post=782"},{"taxonomy":"product_cat","embeddable":true,"href":"https:\/\/www.hommy.com\/fr\/wp-json\/wp\/v2\/product_cat?post=782"},{"taxonomy":"product_tag","embeddable":true,"href":"https:\/\/www.hommy.com\/fr\/wp-json\/wp\/v2\/product_tag?post=782"}],"curies":[{"name":"wp","href":"https:\/\/api.w.org\/{rel}","templated":true}]}}