{"id":775,"date":"2024-07-02T16:03:57","date_gmt":"2024-07-02T16:03:57","guid":{"rendered":"http:\/\/localhost\/hommywp\/commercial-big-fan-blades-gelato-maker-hard-ice-cream-maker\/"},"modified":"2025-08-01T09:57:42","modified_gmt":"2025-08-01T09:57:42","slug":"machine-a-fabriquer-des-rouleaux-machine-a-glace-dure-commerciale","status":"publish","type":"product","link":"https:\/\/www.hommy.com\/fr\/p\/machine-a-fabriquer-des-rouleaux-machine-a-glace-dure-commerciale\/","title":{"rendered":"Machine \u00e0 gelato commerciale \u00e0 grandes pales, machine \u00e0 cr\u00e8me glac\u00e9e dure"},"content":{"rendered":"<div>\n<p>&nbsp;<\/p>\n<h2 style=\"text-align: center\"><strong><span style=\"font-family: arial, helvetica, sans-serif;font-size: 24px\"><a name=\"Hard ice cream making machine\/Gelato maker\"><\/a>Machine \u00e0 fabriquer des glaces dures\/Gelato maker<\/span><\/strong><\/h2>\n<p style=\"text-align: center\"><span style=\"font-size: 16px;font-family: arial, helvetica, sans-serif\">&nbsp;<a href=\"#Hard ice cream making machine\/Gelato maker\" target=\"_self\" data-lv=\"0\" rel=\"noopener\">Machine \u00e0 fabriquer des glaces dures\/Gelato maker<\/a>|<a href=\"#PRODUCT FEATURES\" target=\"_self\" data-lv=\"0\" rel=\"noopener\">CARACT\u00c9RISTIQUES DU PRODUIT<\/a>|<a href=\"#Hard Ice Cream Making Machine\" target=\"_self\" data-lv=\"0\" rel=\"noopener\">Machine \u00e0 fabriquer des cr\u00e8mes glac\u00e9es dures<\/a>|<a href=\"#PRODUCT SPECIFICATION\" target=\"_self\" data-lv=\"0\" rel=\"noopener\">SP\u00c9CIFICATION DU PRODUIT<\/a>|<a href=\"#PRODUCT ADVANTAGE\" target=\"_self\" data-lv=\"0\" rel=\"noopener\">AVANTAGE DU PRODUIT<\/a><\/span><\/p>\n<p style=\"text-align: center\"><video src=\"https:\/\/img80002414.weyesimg.com\/uploads\/wij2rdgc.allweyes.com\/video\/15553982036329.mp4\" preload=\"none\" controls=\"\" poster=\"https:\/\/img80002414.weyesimg.com\/uploads\/wij2rdgc.allweyes.com\/images\/15553981902577.jpg\" data-setup=\"{}\" width=\"900\" height=\"640\"><\/video><\/p>\n<p>&nbsp;Nous sommes ravis d'offrir \u00e0 nos clients une machine \u00e0 gelato. Il s'agit d'une machine utilis\u00e9e pour faire du gelato dans diff\u00e9rents parfums comme la mangue, la vanille, la fraise, etc. Elle est tr\u00e8s populaire dans le monde entier. Gr\u00e2ce \u00e0 elle, vous pouvez facilement cr\u00e9er des glaces parfaites pour toutes les occasions. C'est une alternative abordable aux machines plus co\u00fbteuses et elle est facile \u00e0 utiliser.<\/p>\n<div class=\"text-left d-tem09-title d-interval\" data-detail=\"wrap\">\n<div class=\"title-header\">\n<h2><strong><span style=\"font-family: arial, helvetica, sans-serif;font-size: 24px\"><a name=\"PRODUCT FEATURES\"><\/a>CARACT\u00c9RISTIQUES DU PRODUIT<\/span><\/strong><\/h2>\n<div class=\"subtitle\"><span>L'usine de Hommy couvre une superficie de 30 500 m\u00e8tres carr\u00e9s dans la ville de Xinhui Jiangmen. Elle comprend des lignes de production flexibles, un laboratoire de R&amp;D, un centre d'apprentissage et un atelier \u00e9quip\u00e9 de mat\u00e9riel de pointe.<\/span><\/div>\n<\/div>\n<\/div>\n<p>&nbsp;<\/p>\n<div class=\"d-tem11-graphic tem11-graphic mockup\" data-detail=\"wrap\">\n<div class=\"tab_row\">\n<div class=\"img\" style=\"width: 50%\"><img decoding=\"async\" title=\"\" alt=\"produit-Hommy-img\" src=\"https:\/\/www.hommy.com\/wp-content\/uploads\/15553985425937.jpg\"><\/div>\n<div class=\"text_box\" style=\"width: 50%\">\n<div class=\"txt\">\n<div class=\"title\">\n<h2>&nbsp;<strong><span style=\"font-family: arial, helvetica, sans-serif;font-size: 24px\"><a name=\"Hard Ice Cream Making Machine\"><\/a>Machine \u00e0 fabriquer des cr\u00e8mes glac\u00e9es dures<\/span><\/strong><\/h2>\n<\/div>\n<p>&nbsp;<\/p>\n<p style=\"line-height: 1.5em\">Les compresseurs de la marque mondiale Tecumseh fonctionnent en r\u00e9gime permanent.<br \/>Puissant \u00e9lectromoteur, puissance jusqu'\u00e0 5000W.<br \/>Nouvelle conception de la poulie \u00e0 double rainure, rotation stable, faible bruit, faible vibration, pas de glissement. La dur\u00e9e de vie de la courroie est sup\u00e9rieure de 75% \u00e0 celle de l'ancienne conception.  De plus, la <a style=\"color:blue\" href=\"\/fr\/\">machine \u00e0 glace<\/a> est beaucoup plus stable que la norme nationale.<br \/>L'application des derni\u00e8res recherches a permis de renforcer l'\u00e9paisseur de la couche de mousse, d'am\u00e9liorer l'isolation et d'\u00e9conomiser de l'\u00e9nergie, de maintenir la glace \u00e0 une certaine temp\u00e9rature et de conserver sa saveur originale.<br \/>L'\u00e9vaporateur en cuivre pur acc\u00e9l\u00e8re le transfert de chaleur et am\u00e9liore l'efficacit\u00e9.<br \/>Les grandes pales du ventilateur r\u00e9duisent le bruit au minimum tout en fournissant un volume d'air suffisant.<br \/>Le syst\u00e8me de commande le plus r\u00e9cent permet de visualiser le fonctionnement de la machine d'un seul coup d'\u0153il.<\/p>\n<p>&nbsp;<\/p>\n<\/div>\n<\/div>\n<\/div>\n<\/div>\n<p>&nbsp;<\/p>\n<div class=\"text-left d-tem09-title d-interval\" data-detail=\"wrap\">\n<div class=\"title-header\">\n<h2><strong><span style=\"font-size: 24px;font-family: arial, helvetica, sans-serif\"><a name=\"PRODUCT SPECIFICATION\"><\/a>SP\u00c9CIFICATION DU PRODUIT<\/span><\/strong><\/h2>\n<div class=\"subtitle\"><span>L'excellence de l'exp\u00e9rience client est le point de d\u00e9part de Hommy.<\/span><\/div>\n<\/div>\n<\/div>\n<p>&nbsp;<\/p>\n<div class=\"table-responsive\">\n<table class=\"table table-bordered table-hover\">\n<tbody>\n<tr class=\"firstRow\">\n<td rowspan=\"2\" width=\"71\" valign=\"center\">\n<p style=\"text-align:center\">Num\u00e9ro d'article<\/p>\n<\/td>\n<td rowspan=\"2\" width=\"138\" valign=\"center\">\n<p style=\"text-align:center\">Contr\u00f4le par \u00e9cran tactile<\/p>\n<\/td>\n<td rowspan=\"2\" width=\"71\" valign=\"center\">\n<p style=\"text-align:center\">Capacit\u00e9 de production<\/p>\n<\/td>\n<td rowspan=\"2\" width=\"82\" valign=\"center\">\n<p style=\"text-align:center\">Capacit\u00e9 du cylindre<\/p>\n<\/td>\n<td rowspan=\"2\" width=\"92\" valign=\"center\">\n<p style=\"text-align:center\">Alimentation \u00e9lectrique<\/p>\n<\/td>\n<td colspan=\"2\" width=\"144\" valign=\"center\">\n<p style=\"text-align:center\">Syst\u00e8me de r\u00e9frig\u00e9ration<\/p>\n<\/td>\n<td colspan=\"3\" width=\"216\" valign=\"center\">\n<p style=\"text-align:center\">Net. Dimension(mm)<\/p>\n<\/td>\n<td rowspan=\"2\" width=\"72\" valign=\"center\">\n<p style=\"text-align:center\">Poids net (kg)<\/p>\n<\/td>\n<\/tr>\n<tr>\n<td width=\"72\" valign=\"center\">\n<p style=\"text-align:center\">cong\u00e9lation<\/p>\n<\/td>\n<td width=\"72\" valign=\"center\">\n<p style=\"text-align:center\">Condenseur de refroidissement<\/p>\n<\/td>\n<td width=\"72\" valign=\"center\">\n<p style=\"text-align:center\">largeur<\/p>\n<\/td>\n<td width=\"72\" valign=\"center\">\n<p style=\"text-align:center\">profondeur<\/p>\n<\/td>\n<td width=\"72\" valign=\"center\">\n<p style=\"text-align:center\">hauteur<\/p>\n<\/td>\n<\/tr>\n<tr>\n<td rowspan=\"2\" width=\"71\" valign=\"center\">\n<p style=\"text-align:center\">HM28S<\/p>\n<\/td>\n<td rowspan=\"2\" width=\"138\" valign=\"center\">\n<p style=\"text-align:center\">Panneau de contr\u00f4le \u00e9lectronique<\/p>\n<\/td>\n<td rowspan=\"2\" width=\"71\" valign=\"center\">\n<p style=\"text-align:center\">80L\/H<\/p>\n<\/td>\n<td rowspan=\"2\" width=\"82\" valign=\"center\">\n<p style=\"text-align:center\">15L<\/p>\n<\/td>\n<td width=\"92\" valign=\"center\">\n<p style=\"text-align:center\">220~380V<\/p>\n<\/td>\n<td rowspan=\"2\" width=\"72\" valign=\"center\">\n<p style=\"text-align:center\">R404A<\/p>\n<\/td>\n<td rowspan=\"2\" width=\"72\" valign=\"center\">\n<p style=\"text-align:center\">Air\/eau<\/p>\n<\/td>\n<td rowspan=\"2\" width=\"72\" valign=\"center\">\n<p style=\"text-align:center\">550<\/p>\n<\/td>\n<td rowspan=\"2\" width=\"72\" valign=\"center\">\n<p style=\"text-align:center\">700<\/p>\n<\/td>\n<td rowspan=\"2\" width=\"72\" valign=\"center\">\n<p style=\"text-align:center\">1420<\/p>\n<\/td>\n<td rowspan=\"2\" width=\"72\" valign=\"center\">\n<p style=\"text-align:center\">186<\/p>\n<\/td>\n<\/tr>\n<tr>\n<td width=\"92\" valign=\"center\">\n<p style=\"text-align:center\">50HZ\/60HZ<\/p>\n<\/td>\n<\/tr>\n<\/tbody>\n<\/table>\n<\/div>\n<p>&nbsp;<\/p>\n<div class=\"text-left d-tem09-title d-interval\" data-detail=\"wrap\">\n<div class=\"title-header\">\n<h2><strong><span style=\"font-size: 24px;font-family: arial, helvetica, sans-serif\"><a name=\"PRODUCT ADVANTAGE\"><\/a>AVANTAGE DU PRODUIT<\/span><\/strong><\/h2>\n<p><span>En outre, des ing\u00e9nieurs hautement qualifi\u00e9s, des technologues comp\u00e9tents et un personnel bien inform\u00e9 contribuent largement au d\u00e9veloppement de l'entreprise.<\/span><\/p>\n<p><span><img loading=\"lazy\" decoding=\"async\" title=\"\" alt=\"produit-Hommy-img\" src=\"https:\/\/www.hommy.com\/wp-content\/uploads\/15553986958665.jpg\" style=\"font-size: 0px;width: 300px;height: 600px\" width=\"300\" height=\"600\" border=\"0\" vspace=\"0\"><\/span><\/p>\n<\/div>\n<\/div>\n<p><span style=\"text-align: center\">1. Corps enti\u00e8rement en acier inoxydable, pour une utilisation de longue dur\u00e9e et un aspect luxueux.<\/span><\/p>\n<p><img loading=\"lazy\" decoding=\"async\" title=\"\" alt=\"produit-Hommy-img\" src=\"https:\/\/www.hommy.com\/wp-content\/uploads\/15553987016618.jpg\" style=\"font-size: 0px;width: 200px;height: 600px\" width=\"200\" height=\"600\" border=\"0\" vspace=\"0\"><\/p>\n<p><span style=\"text-align: center\">2. barre d'agitation tr\u00e8s r\u00e9sistante \u00e0 l'usure, mat\u00e9riau import\u00e9 de qualit\u00e9 alimentaire, mettant fin \u00e0 la dilatation et \u00e0 la contraction thermiques, r\u00e9duisant le vide du cylindre de raclage, rendant le go\u00fbt de la cr\u00e8me glac\u00e9e plus d\u00e9licat et plus lisse.<\/span><\/p>\n<p><br style=\"text-align: center\" \/><span style=\"text-align: center\">3.Bouche d'entr\u00e9e des ingr\u00e9dients : mettre le m\u00e9lange proportionnel de poudre de cr\u00e8me glac\u00e9e et d'eau dans le pot d'ingr\u00e9dients, en veillant \u00e0 ce que le volume total de la bouillie ne d\u00e9passe pas le niveau MAX du pot.<\/span><\/p>\n<p><\/p>\n<p><span style=\"text-align: center\"><br \/><\/span><\/p>\n<p><span style=\"text-align: center\"><br \/><\/span><\/p>\n<p><span style=\"text-align: center\">Document :<\/span><img decoding=\"async\" src=\"https:\/\/www.hommy.com\/wp-content\/uploads\/icon_pdf-46.gif\" style=\"margin-right: 2px\" alt=\"produit-Gelato makakercercial hard ice cream machine-Hommy-img\" title=\"\"><a href=\"https:\/\/img80002414.weyesimg.com\/uploads\/www.hommy.com\/addon\/16028363831459.pdf\" title=\"16028363831459.pdf\" style=\"font-size: 12px\">16028363831459.pdf<\/a><\/p>\n<p><span style=\"text-align: center\"><\/span><\/p>\n<h2>Combien co\u00fbte un <a style=\"color:blue\" href=\"https:\/\/www.hommy.com\/fr\/machine-a-glace-dure\/\">machine \u00e0 glace dure<\/a>?<\/h2>\n<p style=\"margin-top: 5px;margin-bottom: 5px\"><\/p>\n<p style=\"margin-top: 5px;margin-bottom: 5px\">La machine \u00e0 glaces est l'\u00e9l\u00e9ment le plus important d'un glacier. Si vous en achetez une nouvelle, vous devez vous assurer qu'elle est adapt\u00e9e \u00e0 votre activit\u00e9. Nous sommes donc l\u00e0 pour vous dire exactement combien co\u00fbte une machine \u00e0 glaces et ce \u00e0 quoi vous devez faire attention lorsque vous en achetez une.<\/p>\n<p style=\"margin-top: 5px;margin-bottom: 5px\"><\/p>\n<p style=\"margin-top: 5px;margin-bottom: 5px\">Comme pour beaucoup d'autres choses dans la vie, il existe une large gamme de prix lorsqu'il s'agit d'acheter des machines \u00e0 glace. Tout d\u00e9pend du type de machine, de la marque et des caract\u00e9ristiques souhait\u00e9es.<\/p>\n<p style=\"margin-top: 5px;margin-bottom: 5px\"><\/p>\n<h2>Comment fait-on de la glace dure ?<\/h2>\n<p style=\"margin-top: 5px;margin-bottom: 5px\"><\/p>\n<p style=\"margin-top: 5px;margin-bottom: 5px\">Je cherche un moyen de faire de la glace dure qui ne demande pas beaucoup d'\u00e9nergie. J'ai une glaci\u00e8re sous vide et une ensacheuse, je n'ai donc rien \u00e0 faire avec la glace. J'aimerais pouvoir prendre une brique de lait et faire une cr\u00e8me glac\u00e9e. Je cherche \u00e9galement une m\u00e9thode qui ne modifie pas la texture.<\/p>\n<p style=\"margin-top: 5px;margin-bottom: 5px\"><\/p>\n<p style=\"margin-top: 5px;margin-bottom: 5px\">La cr\u00e8me glac\u00e9e \u00e0 p\u00e2te dure existe-t-elle ? Il y a quelques mois, j'ai essay\u00e9 la cr\u00e8me glac\u00e9e \u00e0 p\u00e2te dure et c'\u00e9tait en fait assez \u00e9tonnant. Je n'avais aucune id\u00e9e de la difficult\u00e9 que cela repr\u00e9sentait.<\/p>\n<p style=\"margin-top: 5px;margin-bottom: 5px\"><\/p>\n<p style=\"margin-top: 5px;margin-bottom: 5px\">Quand je parle de service dur, je veux dire qu'il faut frapper la glace avec le b\u00e2ton. Pas le b\u00e2ton de la glace. Le b\u00e2ton de la boule.<\/p>\n<\/div><\/div>","protected":false},"excerpt":{"rendered":"<p>&nbsp; Hard ice cream making machine\/Gelato maker &nbsp;Hard ice cream making machine\/Gelato maker|PRODUCT FEATURES|Hard Ice Cream Making Machine|PRODUCT SPECIFICATION|PRODUCT ADVANTAGE &nbsp;We are excited to offer Gelato Maker to our customers. It is a machine used for making gelato in different flavors like mango, vanilla, strawberry, etc. It is highly popular in all over the world. [&hellip;]<\/p>\n","protected":false},"featured_media":771,"comment_status":"open","ping_status":"open","template":"","meta":{"_swt_meta_header_display":false,"_swt_meta_footer_display":false,"_swt_meta_site_title_display":false,"_swt_meta_sticky_header":false,"_swt_meta_transparent_header":false},"product_brand":[],"product_cat":[82],"product_tag":[],"class_list":{"0":"post-775","1":"product","2":"type-product","3":"status-publish","4":"has-post-thumbnail","6":"product_cat-hard-ice-cream-machine","8":"first","9":"instock","10":"shipping-taxable","11":"product-type-simple"},"_links":{"self":[{"href":"https:\/\/www.hommy.com\/fr\/wp-json\/wp\/v2\/product\/775","targetHints":{"allow":["GET"]}}],"collection":[{"href":"https:\/\/www.hommy.com\/fr\/wp-json\/wp\/v2\/product"}],"about":[{"href":"https:\/\/www.hommy.com\/fr\/wp-json\/wp\/v2\/types\/product"}],"replies":[{"embeddable":true,"href":"https:\/\/www.hommy.com\/fr\/wp-json\/wp\/v2\/comments?post=775"}],"wp:featuredmedia":[{"embeddable":true,"href":"https:\/\/www.hommy.com\/fr\/wp-json\/wp\/v2\/media\/771"}],"wp:attachment":[{"href":"https:\/\/www.hommy.com\/fr\/wp-json\/wp\/v2\/media?parent=775"}],"wp:term":[{"taxonomy":"product_brand","embeddable":true,"href":"https:\/\/www.hommy.com\/fr\/wp-json\/wp\/v2\/product_brand?post=775"},{"taxonomy":"product_cat","embeddable":true,"href":"https:\/\/www.hommy.com\/fr\/wp-json\/wp\/v2\/product_cat?post=775"},{"taxonomy":"product_tag","embeddable":true,"href":"https:\/\/www.hommy.com\/fr\/wp-json\/wp\/v2\/product_tag?post=775"}],"curies":[{"name":"wp","href":"https:\/\/api.w.org\/{rel}","templated":true}]}}