{"id":764,"date":"2024-07-02T16:03:50","date_gmt":"2024-07-02T16:03:50","guid":{"rendered":"http:\/\/localhost\/hommywp\/ds-1200-automatic-defogging-hard-ice-cream-display-showcase\/"},"modified":"2025-08-01T09:57:42","modified_gmt":"2025-08-01T09:57:42","slug":"ds-1200-vitrine-pour-creme-glacee-dure","status":"publish","type":"product","link":"https:\/\/www.hommy.com\/fr\/p\/ds-1200-vitrine-pour-creme-glacee-dure\/","title":{"rendered":"Ds-1200 Vitrine pour cr\u00e8me glac\u00e9e dure \u00e0 d\u00e9sembuage automatique"},"content":{"rendered":"<div>\n<p style=\"text-align: center\"><span style=\"font-family: arial, helvetica, sans-serif\"><strong><span style=\"letter-spacing: 0px;font-size: 29px\"><br \/><\/span><\/strong><\/span><\/p>\n<h2 style=\"text-align: center\"><span style=\"font-family: arial, helvetica, sans-serif\"><strong><span style=\"letter-spacing: 0px;font-size: 29px\"><a name=\"Gelato ice cream freezer\"><\/a>Cong\u00e9lateur pour gelato et cr\u00e8me glac\u00e9e&nbsp;<\/span><\/strong><\/span><\/h2>\n<p style=\"text-align: center\"><span style=\"font-family: arial, helvetica, sans-serif;font-size: 16px\"><span style=\"font-family: arial, helvetica, sans-serif;letter-spacing: 0px\"><a href=\"#Gelato ice cream freezer\" target=\"_self\" data-lv=\"0\" rel=\"noopener\">Cong\u00e9lateur pour gelato et cr\u00e8me glac\u00e9e<\/a>|<a href=\"#Product specification\" target=\"_self\" data-lv=\"0\" rel=\"noopener\">Sp\u00e9cification du produit<\/a>|<a href=\"#Product Features\" target=\"_self\" data-lv=\"0\" rel=\"noopener\">Caract\u00e9ristiques du produit<\/a>|<a href=\"#Product Advantage\" target=\"_self\" data-lv=\"0\" rel=\"noopener\">Avantages du produit<\/a><\/span><\/span><\/p>\n<p><span style=\"font-family: arial, helvetica, sans-serif\"><strong><span style=\"letter-spacing: 0px;font-size: 29px\"><\/span><\/strong><\/span><\/p>\n<p>Dans le monde des affaires d'aujourd'hui, un <a style=\"color:blue\" href=\"https:\/\/www.hommy.com\/fr\/vitrine-dexposition\/\">vitrine pour cr\u00e8me glac\u00e9e<\/a> peut faire toute la diff\u00e9rence. C'est un fait que les clients sont plus enclins \u00e0 acheter aupr\u00e8s d'une entreprise qui dispose d'une bonne vitrine mettant en valeur son produit de mani\u00e8re attrayante. C'est pourquoi l'investissement dans une vitrine de haute qualit\u00e9 est indispensable pour toute entreprise qui vend des glaces dures.<\/p>\n<p>Notre soci\u00e9t\u00e9 est fi\u00e8re de proposer les meilleurs pr\u00e9sentoirs \u00e0 glace dure du march\u00e9. Nous comprenons l'importance de faire bonne impression sur les clients, et nos vitrines sont con\u00e7ues pour cela. Que vous recherchiez une vitrine \u00e9l\u00e9gante et moderne ou une vitrine plus traditionnelle, nous vous proposons une grande vari\u00e9t\u00e9 d'options.<\/p>\n<p>Si vous \u00eates pr\u00eat \u00e0 faire passer votre entreprise au niveau sup\u00e9rieur, l'investissement dans un pr\u00e9sentoir de cr\u00e8me glac\u00e9e dure est un excellent point de d\u00e9part. Contactez-nous d\u00e8s aujourd'hui pour en savoir plus sur nos produits et sur la fa\u00e7on dont nous pouvons vous aider \u00e0 augmenter vos ventes.<\/p>\n<p><\/p>\n<h2><span style=\"letter-spacing: 0px;font-weight: 700;text-align: justify;font-size: 24px\"><a name=\"Product specification\"><\/a>Sp\u00e9cification du produit :<\/span><\/h2>\n<p><span style=\"font-weight: 700;text-align: justify\"><span style=\"letter-spacing: 0px;font-size: 29px;font-family: arial, helvetica, sans-serif\"><br \/><\/span><\/span><\/p>\n<p style=\"text-align: center\"><img decoding=\"async\" src=\"https:\/\/www.hommy.com\/wp-content\/uploads\/16009998067572.png\" alt=\"produit-Hommy-img\" title=\"\"><\/p>\n<p><\/p>\n<div class=\"d-tem01-graphic tem01-graphic mockup\" data-detail=\"wrap\">\n<div class=\"cont-section clearfix d-clearfix\">\n<div class=\"col-md-6 col-sm-6 col-xs-6\">\n<div class=\"right-p\">\n<div class=\"h2 heading\">\n<p style=\"text-align:center\"><\/p>\n<p><\/p>\n<p><\/p>\n<p style=\"text-align:center\"><img loading=\"lazy\" decoding=\"async\" src=\"https:\/\/www.hommy.com\/wp-content\/uploads\/16009999027341.jpg\" alt=\"produit-Hommy-img\" style=\"font-size: 14px;width: 500px;height: 250px\" title=\"\" width=\"500\" height=\"250\" border=\"0\" vspace=\"0\"><\/p>\n<p><span style=\"font-size: 14px\">&nbsp; &nbsp; &nbsp; &nbsp; &nbsp; &nbsp; &nbsp;<\/span><\/div>\n<\/div>\n<\/div>\n<div class=\"col-md-6 col-sm-6 col-xs-6\">\n<div class=\"right-p\">\n<div class=\"h2 heading\">\n<p style=\"margin-top:0;margin-right:0;margin-bottom:0;margin-left:0;text-indent:0;text-align:justify\"><strong><span style=\"letter-spacing: 0px;font-size: 29px;font-family: arial, helvetica, sans-serif\"><br \/><\/span><\/strong><\/p>\n<h2 style=\"margin: 0px;text-indent: 0px;text-align: justify\"><span style=\"font-size: 24px\"><strong><span style=\"letter-spacing: 0px;font-family: arial, helvetica, sans-serif\"><a name=\"Product Features\"><\/a>Caract\u00e9ristiques du produit\uff1a<\/span><\/strong><\/span><span style=\"font-family:\u5b8b\u4f53;letter-spacing:0;font-size:29px\"> <\/span><\/h2>\n<p style=\"margin-top:0;margin-right:0;margin-bottom:0;margin-left:0;text-indent:0;text-align:justify\"><span style=\"font-family:\u5b8b\u4f53;letter-spacing:0;font-size:29px\"><br \/><\/span><\/p>\n<p style=\"margin-top:0;margin-right:0;margin-bottom:0;margin-left:0;text-indent:0;text-align:justify\"><span style=\"font-family: arial, helvetica, sans-serif\"><span style=\"color:#000000\"><span style=\"font-size: 20px\">\u25c6&nbsp;<\/span><\/span><span style=\"font-size: 19px\">Rationaliser l'aspect ext\u00e9rieur luxueux .<\/span><\/span><\/p>\n<p style=\"margin-top:0;margin-right:0;margin-bottom:0;margin-left:0;text-indent:0;text-align:justify\"><span style=\"font-family: arial, helvetica, sans-serif\"><span style=\"font-size: 19px\"><br \/><\/span><\/span><\/p>\n<p style=\"margin-top:0;margin-right:0;margin-bottom:0;margin-left:0;text-indent:0;text-align:justify\"><span style=\"font-family: arial, helvetica, sans-serif\"><span style=\"font-family: Calibri;letter-spacing: 0px;font-size: 19px\"><span style=\"font-family: arial, helvetica, sans-serif;font-size: 20px;text-align: justify\">\u25c6&nbsp;<\/span><\/span><span style=\"font-family: Calibri;font-size: 19px\">Syst\u00e8me de contr\u00f4le \u00e9lectrique de la temp\u00e9rature facile \u00e0 utiliser.<\/span><\/span><\/p>\n<p style=\"margin-top:0;margin-right:0;margin-bottom:0;margin-left:0;text-indent:0;text-align:justify\"><span style=\"font-family: arial, helvetica, sans-serif\"><span style=\"font-family: Calibri;font-size: 19px\"><br \/><\/span><\/span><\/p>\n<p style=\"text-align:justify\"><span style=\"font-family: arial, helvetica, sans-serif\"><span style=\"font-family: Calibri;letter-spacing: 0px;font-size: 19px\"><span style=\"font-family: arial, helvetica, sans-serif;font-size: 20px;text-align: justify\">\u25c6&nbsp;<\/span><\/span><span style=\"font-family: Calibri;font-size: 19px\">Po\u00eales en acier inoxydable durables.<\/span><\/span><\/p>\n<p style=\"text-align:justify\"><span style=\"font-family: arial, helvetica, sans-serif\"><span style=\"font-family: Calibri;font-size: 19px\"><br \/><\/span><\/span><\/p>\n<p style=\"text-align:justify\"><span style=\"font-family: arial, helvetica, sans-serif\"><span style=\"font-family: Calibri;letter-spacing: 0px;font-size: 19px\"><span style=\"font-family: arial, helvetica, sans-serif;font-size: 20px;text-align: justify\">\u25c6&nbsp;<\/span><\/span><span style=\"font-family: Calibri;font-size: 19px\">Temp\u00e9rature r\u00e9glable (-12 \u00e0 -22 degr\u00e9s centigrades) .<\/span><\/span><\/p>\n<p style=\"text-align:justify\"><span style=\"font-family: arial, helvetica, sans-serif\"><span style=\"font-family: Calibri;font-size: 19px\"><br \/><\/span><\/span><\/p>\n<p style=\"text-align:justify\"><span style=\"font-family: arial, helvetica, sans-serif\"><span style=\"font-family: Calibri;letter-spacing: 0px;font-size: 19px\"><span style=\"font-family: arial, helvetica, sans-serif;font-size: 20px;text-align: justify\">\u25c6&nbsp;<\/span><\/span><span style=\"font-family: Calibri;font-size: 19px\">D\u00e9sembuage automatique, fonction de d\u00e9givrage.<\/span><\/span><\/p>\n<p style=\"text-align:justify\"><span style=\"font-family: arial, helvetica, sans-serif\"><span style=\"font-family: Calibri;font-size: 19px\"><br \/><\/span><\/span><\/p>\n<p style=\"text-align:justify\"><span style=\"font-family: arial, helvetica, sans-serif\"><span style=\"font-family: Calibri;letter-spacing: 0px;font-size: 19px\"><span style=\"font-family: arial, helvetica, sans-serif;font-size: 20px;text-align: justify\">\u25c6&nbsp;<\/span><\/span><span style=\"font-family: Calibri;font-size: 19px\">Le verre bomb\u00e9 et chauffant \u00e0 5 couches est dot\u00e9 d'une fonction de d\u00e9sembuage automatique.<\/span><\/span><\/p>\n<p style=\"text-align:justify\"><span style=\"font-family: arial, helvetica, sans-serif\"><span style=\"font-family: Calibri;font-size: 19px\"><br \/><\/span><\/span><\/p>\n<p style=\"text-align:justify\"><span style=\"font-family: arial, helvetica, sans-serif\"><span style=\"font-family: Calibri;letter-spacing: 0px;font-size: 19px\"><span style=\"font-family: arial, helvetica, sans-serif;font-size: 20px;text-align: justify\">\u25c6&nbsp;<\/span><\/span><span style=\"font-family: Calibri;font-size: 19px\">Faible consommation d'\u00e9nergie .<\/span><\/span><\/p>\n<p style=\"text-align:justify\"><span style=\"font-family: arial, helvetica, sans-serif\"><span style=\"font-family: Calibri;font-size: 19px\"><br \/><\/span><\/span><\/p>\n<p style=\"text-align:justify\"><span style=\"font-family: arial, helvetica, sans-serif\"><span style=\"font-family: Calibri;letter-spacing: 0px;font-size: 19px\"><span style=\"font-family: arial, helvetica, sans-serif;font-size: 20px;text-align: justify\">\u25c6&nbsp;<\/span><\/span><span style=\"font-family: Calibri;font-size: 19px\">Diff\u00e9rentes couleurs sont disponibles sur demande.<\/span><\/span><\/p>\n<\/div>\n<\/div>\n<p>&nbsp; &nbsp; &nbsp; &nbsp; &nbsp; &nbsp;<\/p><\/div>\n<\/div>\n<\/div>\n<p><\/p>\n<h2><span style=\"letter-spacing: 0px;font-weight: 700;font-size: 24px\"><a name=\"Product Advantage\"><\/a>Avantage du produit :<\/span><\/h2>\n<p><\/p>\n<div class=\"d-tem01-graphic tem01-graphic mockup\" data-detail=\"wrap\">\n<div class=\"cont-section clearfix d-clearfix\">\n<div class=\"col-md-6 col-sm-6 col-xs-6\">\n<div class=\"right-p\">\n<div class=\"h2 heading\">\n<p style=\"text-indent: 0;padding: 0;vertical-align: baseline\"><span style=\"letter-spacing: 0px;font-size: 19px;font-family: arial, helvetica, sans-serif\">1.  Verre tremp\u00e9 \u00e0 arc isol\u00e9, perspective parfaite ;<\/span><\/p>\n<p style=\"text-indent: 0;padding: 0;vertical-align: baseline\"><span style=\"letter-spacing: 0px;font-size: 19px;font-family: arial, helvetica, sans-serif\"><br \/><\/span><\/p>\n<p style=\"text-indent: 0;padding: 0;vertical-align: baseline\"><span style=\"letter-spacing: 0px;font-size: 19px;font-family: arial, helvetica, sans-serif\"><br \/><\/span><\/p>\n<\/div>\n<\/div>\n<div class=\"graphic_pic animated wow bounceIn\" data-wow-delay=\".7s\">\n<p style=\"text-align:center\"><img loading=\"lazy\" decoding=\"async\" src=\"https:\/\/www.hommy.com\/wp-content\/uploads\/16010000888677.png\" alt=\"produit-Hommy-img\" title=\"\" width=\"300\" height=\"388\" border=\"0\" vspace=\"0\" style=\"width: 300px;height: 388px\"><\/p>\n<\/div>\n<\/div>\n<div class=\"col-md-6 col-sm-6 col-xs-6\">\n<div class=\"right-p\">\n<div class=\"h2 heading\">\n<p style=\"margin-left:0;text-indent:0\"><span style=\"letter-spacing: 0px;font-size: 19px;font-family: arial, helvetica, sans-serif\">2. Il y a 4 types de couleurs de carrosserie \u00e0 choisir.&nbsp;<\/span><\/p>\n<p style=\"margin-left:0;text-indent:0\"><span style=\"letter-spacing: 0px;font-size: 19px;font-family: arial, helvetica, sans-serif\"><br \/><\/span><\/p>\n<p style=\"margin-left:0;text-indent:0\"><span style=\"letter-spacing: 0px;font-size: 19px;font-family: arial, helvetica, sans-serif\"><br \/><\/span><\/p>\n<\/div>\n<\/div>\n<div class=\"graphic_pic animated wow bounceIn\" data-wow-delay=\".7s\"><img decoding=\"async\" src=\"https:\/\/www.hommy.com\/wp-content\/uploads\/16010001223531.png\" alt=\"product-DS-1200 Vitrine pour cr\u00e8me glac\u00e9e dure-Hommy-img\" title=\"\"><br \/>\n &nbsp; &nbsp; &nbsp; &nbsp; &nbsp; &nbsp;<\/div>\n<\/div>\n<\/div>\n<\/div>\n<p>Document\uff1a<img decoding=\"async\" src=\"https:\/\/www.hommy.com\/wp-content\/uploads\/icon_pdf-44.gif\" style=\"margin-right: 2px\" alt=\"produit-Hommy-img\" title=\"\"><a href=\"https:\/\/img80002414.weyesimg.com\/uploads\/www.hommy.com\/addon\/16026616839424.pdf\" title=\"16026616839424.pdf\" style=\"font-size: 12px\">16026616839424.pdf<\/a><\/p>\n<h2>Combien co\u00fbte un <a style=\"color:blue\" href=\"https:\/\/www.hommy.com\/fr\/machine-a-glace-dure\/\">machine \u00e0 glace dure<\/a>?<\/h2>\n<p style=\"margin-top: 5px;margin-bottom: 5px\"><\/p>\n<p style=\"margin-top: 5px;margin-bottom: 5px\">R : Je n'ai pas beaucoup d'exp\u00e9rience avec les sorbeti\u00e8res, mais la plupart d'entre elles sont vendues \u00e0 un prix modique. Nombre d'entre elles comprennent \u00e9galement un r\u00e9cipient de stockage et une cuill\u00e8re \u00e0 glace manuelle. Un bon <a style=\"color:blue\" href=\"\/fr\/\">machine \u00e0 glace<\/a> est un investissement judicieux.<\/p>\n<p style=\"margin-top: 5px;margin-bottom: 5px\"><\/p>\n<h2>J'ai envisag\u00e9 d'acqu\u00e9rir un <a style=\"color:blue\" href=\"\/fr\/\">sorbeti\u00e8re<\/a>. Quelle taille dois-je prendre ?<\/h2>\n<p style=\"margin-top: 5px;margin-bottom: 5px\"><\/p>\n<p style=\"margin-top: 5px;margin-bottom: 5px\">R : Il s'agit d'une question personnelle. Chaque maison \u00e9tant diff\u00e9rente, vous devez \u00e9valuer l'espace n\u00e9cessaire au stockage et \u00e0 l'utilisation. Si vous avez des enfants qui veulent participer \u00e0 la fabrication des glaces, vous aurez besoin d'une machine plus grande qui pourra \u00eatre rang\u00e9e dans votre r\u00e9frig\u00e9rateur. En revanche, si vous pr\u00e9parez suffisamment de glaces pour vous servir seul, une machine plus petite fera l'affaire.<\/p>\n<p style=\"margin-top: 5px;margin-bottom: 5px\"><\/p>\n<p style=\"margin-top: 5px;margin-bottom: 5px\"><\/p>\n<h2>La glace plus dure est-elle meilleure ?<\/h2>\n<p style=\"margin-top: 5px;margin-bottom: 5px\"><\/p>\n<p style=\"margin-top: 5px;margin-bottom: 5px\">Il y a un nouveau marchand de glaces en ville. Il n'a pas encore de nom. Le propri\u00e9taire a r\u00e9cemment achet\u00e9 l'ancien magasin de glaces situ\u00e9 dans une rue commer\u00e7ante, l'a ferm\u00e9 et l'a r\u00e9am\u00e9nag\u00e9 en magasin de glaces. L'ancien glacier, \u00e9troit et mal \u00e9clair\u00e9, ayant \u00e9t\u00e9 transform\u00e9 en une nouvelle entreprise de luxe, il est temps que le nouveau glacier de la ville ait son propre nom.<\/p>\n<p style=\"margin-top: 5px;margin-bottom: 5px\"><\/p>\n<h2>Combien co\u00fbte une machine \u00e0 glace ?<\/h2>\n<p style=\"margin-top: 5px;margin-bottom: 5px\"><\/p>\n<p style=\"margin-top: 5px;margin-bottom: 5px\">R : Le co\u00fbt d'une machine \u00e0 gla\u00e7ons d\u00e9pend d'un certain nombre de facteurs, notamment la taille de la machine, le nombre de gla\u00e7ons \u00e0 produire et la capacit\u00e9 de la machine.<\/p>\n<p style=\"margin-top: 5px;margin-bottom: 5px\">Le co\u00fbt d'une machine \u00e0 gla\u00e7ons peut \u00e9galement varier en fonction de la marque choisie.<\/p>\n<\/div><\/div>","protected":false},"excerpt":{"rendered":"<p>Gelato ice cream freezer&nbsp; Gelato ice cream freezer|Product specification|Product Features|Product Advantage In today&#039;s business world, a hard ice cream display showcase can make all the difference. It&#039;s a fact that customers are more likely to purchase from a business that has a good display showcase that shows off their product in an appealing way. That&#039;s [&hellip;]<\/p>\n","protected":false},"featured_media":1933,"comment_status":"open","ping_status":"open","template":"","meta":{"_swt_meta_header_display":false,"_swt_meta_footer_display":false,"_swt_meta_site_title_display":false,"_swt_meta_sticky_header":false,"_swt_meta_transparent_header":false},"product_brand":[],"product_cat":[82],"product_tag":[],"class_list":{"0":"post-764","1":"product","2":"type-product","3":"status-publish","4":"has-post-thumbnail","6":"product_cat-hard-ice-cream-machine","8":"first","9":"instock","10":"shipping-taxable","11":"product-type-simple"},"_links":{"self":[{"href":"https:\/\/www.hommy.com\/fr\/wp-json\/wp\/v2\/product\/764","targetHints":{"allow":["GET"]}}],"collection":[{"href":"https:\/\/www.hommy.com\/fr\/wp-json\/wp\/v2\/product"}],"about":[{"href":"https:\/\/www.hommy.com\/fr\/wp-json\/wp\/v2\/types\/product"}],"replies":[{"embeddable":true,"href":"https:\/\/www.hommy.com\/fr\/wp-json\/wp\/v2\/comments?post=764"}],"wp:featuredmedia":[{"embeddable":true,"href":"https:\/\/www.hommy.com\/fr\/wp-json\/wp\/v2\/media\/1933"}],"wp:attachment":[{"href":"https:\/\/www.hommy.com\/fr\/wp-json\/wp\/v2\/media?parent=764"}],"wp:term":[{"taxonomy":"product_brand","embeddable":true,"href":"https:\/\/www.hommy.com\/fr\/wp-json\/wp\/v2\/product_brand?post=764"},{"taxonomy":"product_cat","embeddable":true,"href":"https:\/\/www.hommy.com\/fr\/wp-json\/wp\/v2\/product_cat?post=764"},{"taxonomy":"product_tag","embeddable":true,"href":"https:\/\/www.hommy.com\/fr\/wp-json\/wp\/v2\/product_tag?post=764"}],"curies":[{"name":"wp","href":"https:\/\/api.w.org\/{rel}","templated":true}]}}