{"id":758,"date":"2024-07-02T16:03:45","date_gmt":"2024-07-02T16:03:45","guid":{"rendered":"http:\/\/localhost\/hommywp\/hm28b-stainless-steel-user-friendly-ice-cream-batch-freezer\/"},"modified":"2025-08-01T09:57:40","modified_gmt":"2025-08-01T09:57:40","slug":"hm28b-congelateur-pour-creme-glacee","status":"publish","type":"product","link":"https:\/\/www.hommy.com\/fr\/p\/hm28b-congelateur-pour-creme-glacee\/","title":{"rendered":"Hm28b Cong\u00e9lateur \u00e0 cr\u00e8me glac\u00e9e par lots en acier inoxydable facile \u00e0 utiliser"},"content":{"rendered":"<div>\n<p>&nbsp;&nbsp;&nbsp;&nbsp;<\/p>\n<p><\/p>\n<h2 style=\"text-align: center\"><strong><span style=\"letter-spacing: 0px;font-size: 29px;font-family: arial, helvetica, sans-serif\"><a name=\"Gelato Machine\"><\/a>Machine \u00e0 gelato<\/span><\/strong><\/h2>\n<p style=\"text-align: center\"><span style=\"letter-spacing: 0px;font-family: arial, helvetica, sans-serif;font-size: 16px\"><a href=\"#Gelato Machine\" target=\"_self\" data-lv=\"0\" rel=\"noopener\">Machine \u00e0 gelato<\/a>|<a href=\"#Product specification\" target=\"_self\" data-lv=\"0\" rel=\"noopener\">Sp\u00e9cification du produit<\/a>|<a href=\"#Product Features\" target=\"_self\" data-lv=\"0\" rel=\"noopener\">Caract\u00e9ristiques du produit<\/a>|<a href=\"#Product Advantage\" target=\"_self\" data-lv=\"0\" rel=\"noopener\">Avantages du produit<\/a><\/span><\/p>\n<p><\/p>\n<p style=\"text-align: center\">\n<p><\/p>\n<p style=\"margin: 0px;text-indent: 0px;text-align: justify\"><strong><span style=\"letter-spacing: 0px;font-size: 29px;font-family: arial, helvetica, sans-serif\"><\/span><\/strong><\/p>\n<p>Si vous cherchez une glace <a style=\"color:blue\" href=\"https:\/\/www.hommy.com\/fr\/machine-a-glace-dure\/\">cong\u00e9lateur discontinu<\/a> qui vous aidera \u00e0 faire passer votre entreprise \u00e0 la vitesse sup\u00e9rieure, vous \u00eates au bon endroit. Chez Ice Cream Batch Freezer, nous sommes fiers de fournir \u00e0 nos clients des produits de la plus haute qualit\u00e9 possible. Nous pensons que notre cong\u00e9lateur par lots vous aidera \u00e0 produire la meilleure cr\u00e8me glac\u00e9e possible, et nous nous engageons \u00e0 vous aider \u00e0 d\u00e9velopper votre activit\u00e9.<\/p>\n<p>Nous savons que la cl\u00e9 du succ\u00e8s dans le secteur de la cr\u00e8me glac\u00e9e est d'avoir un produit de haute qualit\u00e9. C'est pourquoi nous avons con\u00e7u notre cong\u00e9lateur par lots pour obtenir les meilleurs r\u00e9sultats possibles. Nous savons que vous serez en mesure de produire un produit que vos clients aimeront, et nous sommes l\u00e0 pour vous aider \u00e0 chaque \u00e9tape.<\/p>\n<p>Si vous \u00eates pr\u00eat \u00e0 faire passer votre entreprise de cr\u00e8me glac\u00e9e au niveau sup\u00e9rieur, nous serions ravis de vous aider. Contactez-nous d\u00e8s aujourd'hui pour en savoir plus sur nos cong\u00e9lateurs par lots de haute qualit\u00e9.<\/p>\n<p style=\"margin: 0px;text-indent: 0px;text-align: justify\"><strong><span style=\"letter-spacing: 0px;font-size: 29px;font-family: arial, helvetica, sans-serif\"><br \/><\/span><\/strong><\/p>\n<h2 style=\"margin: 0px;text-indent: 0px;text-align: justify\"><span style=\"font-size: 24px\"><strong><span style=\"letter-spacing: 0px;font-family: arial, helvetica, sans-serif\"><a name=\"Product specification\"><\/a>Sp\u00e9cification du produit :<\/span><\/strong><\/span><\/h2>\n<p style=\"margin: 0px;text-indent: 0px;text-align: justify\"><strong><span style=\"letter-spacing: 0px;font-size: 29px;font-family: arial, helvetica, sans-serif\"><br \/><\/span><\/strong><\/p>\n<p style=\"text-align: center\"><strong><span style=\"letter-spacing: 0px;font-size: 29px;font-family: arial, helvetica, sans-serif\"><img decoding=\"async\" src=\"https:\/\/www.hommy.com\/wp-content\/uploads\/16009978652692.png\" alt=\"produit-Hommy-img\" title=\"\"><\/span><\/strong><\/p>\n<p><strong><span style=\"letter-spacing: 0px;font-size: 29px;font-family: arial, helvetica, sans-serif\"><br \/><\/span><\/strong><\/p>\n<p><strong><span style=\"letter-spacing: 0px;font-size: 29px;font-family: arial, helvetica, sans-serif\"><\/span><\/strong><\/p>\n<div class=\"d-tem01-graphic tem01-graphic mockup\" data-detail=\"wrap\">\n<div class=\"cont-section clearfix d-clearfix\">\n<div class=\"col-md-6 col-sm-6 col-xs-6\">\n<div class=\"graphic_pic animated wow bounceIn\" data-wow-delay=\".7s\">\n<p style=\"text-align:center\"><img loading=\"lazy\" decoding=\"async\" src=\"https:\/\/www.hommy.com\/wp-content\/uploads\/16009979395040.png\" alt=\"produit-Hommy-img\" title=\"\" width=\"350\" height=\"667\" border=\"0\" vspace=\"0\" style=\"width: 350px;height: 667px\"><\/p>\n<\/div>\n<\/div>\n<div class=\"col-md-6 col-sm-6 col-xs-6\">\n<div class=\"right-p\">\n<div class=\"h2 heading\">\n<p style=\"margin-top:0;margin-right:0;margin-bottom:0;margin-left:0;text-indent:0;text-align:justify\"><strong><span style=\"letter-spacing: 0px;font-size: 29px;font-family: arial, helvetica, sans-serif\"><br \/><\/span><\/strong><\/p>\n<p style=\"margin-top:0;margin-right:0;margin-bottom:0;margin-left:0;text-indent:0;text-align:justify\"><strong><span style=\"letter-spacing: 0px;font-size: 29px;font-family: arial, helvetica, sans-serif\"><br \/><\/span><\/strong><\/p>\n<h2 style=\"margin: 0px;text-indent: 0px;text-align: justify\"><span style=\"font-size: 24px\"><strong><span style=\"letter-spacing: 0px;font-family: arial, helvetica, sans-serif\"><a name=\"Product Features\"><\/a>Caract\u00e9ristiques du produit :<\/span><\/strong><\/span><\/h2>\n<p style=\"margin-top:0;margin-right:0;margin-bottom:0;margin-left:0;text-indent:0;text-align:justify\"><span style=\"font-family:\u5b8b\u4f53;letter-spacing:0;font-size:29px\"><br \/><\/span><\/p>\n<p style=\"text-align:justify\"><span style=\"font-size: 16px;font-family: arial, helvetica, sans-serif\">Rationaliser l'aspect ext\u00e9rieur luxueux.<\/span><\/p>\n<p style=\"text-align:justify\"><span style=\"font-size: 16px;font-family: arial, helvetica, sans-serif\">T\u00f4le d'acier inoxydable comme couverture ext\u00e9rieure pour la durabilit\u00e9.<\/span><\/p>\n<p style=\"text-align:justify\"><span style=\"font-size: 16px;font-family: arial, helvetica, sans-serif\">Un cylindre et un arbre d'agitation uniques.<\/span><\/p>\n<p style=\"text-align:justify\"><span style=\"font-size: 16px;font-family: arial, helvetica, sans-serif\">Syst\u00e8me de contr\u00f4le \u00e9lectronique convivial. <\/span><\/p>\n<p style=\"text-align:justify\"><span style=\"font-size: 16px;font-family: arial, helvetica, sans-serif\">Panneau de commande num\u00e9rique avec interrupteur tactile.<\/span><\/p>\n<p style=\"text-align:justify\"><span style=\"font-size: 16px;font-family: arial, helvetica, sans-serif\">Un syst\u00e8me de contr\u00f4le intelligent enti\u00e8rement informatis\u00e9 surveille en permanence la consistance pour garantir le produit d\u00e9sir\u00e9.<\/span><\/p>\n<p style=\"text-align:justify\"><span style=\"font-size: 16px;font-family: arial, helvetica, sans-serif\">Le temps de production est r\u00e9glable. <\/span><\/p>\n<p style=\"text-align:justify\"><span style=\"font-size: 16px;font-family: arial, helvetica, sans-serif\">Facile \u00e0 utiliser .<\/span><\/p>\n<\/div>\n<\/div>\n<p>&nbsp; &nbsp; &nbsp; &nbsp; &nbsp; &nbsp;<\/p><\/div>\n<\/div>\n<\/div>\n<p><strong><span style=\"letter-spacing: 0px;font-size: 29px;font-family: arial, helvetica, sans-serif\"><\/span><\/strong><\/p>\n<h2><span style=\"font-size: 24px\"><strong><span style=\"letter-spacing: 0px;font-family: arial, helvetica, sans-serif\"><a name=\"Product Advantage\"><\/a>Avantage du produit :<\/span><\/strong><\/span><\/h2>\n<div class=\"d-tem01-graphic tem01-graphic mockup\" data-detail=\"wrap\">\n<div class=\"cont-section clearfix d-clearfix\">\n<div class=\"col-md-6 col-sm-6 col-xs-6\">\n<div class=\"right-p\">\n<div class=\"h2 heading\">\n<p style=\"text-indent: 0;padding: 0;vertical-align: baseline\"><span style=\"letter-spacing: 0px;font-size: 20px;font-family: arial, helvetica, sans-serif\">1. Le couvercle en plastique du bloc thromat est propre et hygi\u00e9nique, avec un degr\u00e9 d'\u00e9tanch\u00e9it\u00e9 \u00e9lev\u00e9, un fonctionnement simple et une belle apparence.<\/span><\/p>\n<p style=\"text-indent: 0;padding: 0;vertical-align: baseline\"><span style=\"letter-spacing: 0px;font-size: 20px;font-family: arial, helvetica, sans-serif\"><br \/><\/span><\/p>\n<p style=\"text-indent: 0;padding: 0;vertical-align: baseline\"><span style=\"letter-spacing: 0px;font-size: 20px;font-family: arial, helvetica, sans-serif\"><br \/><\/span><\/p>\n<\/div>\n<\/div>\n<div class=\"graphic_pic animated wow bounceIn\" data-wow-delay=\".7s\">\n<p style=\"text-align:center\"><img loading=\"lazy\" decoding=\"async\" src=\"https:\/\/www.hommy.com\/wp-content\/uploads\/16009980421729.png\" alt=\"produit-Hommy-img\" title=\"\" width=\"350\" height=\"246\" border=\"0\" vspace=\"0\" style=\"width: 350px;height: 246px\"><\/p>\n<\/div>\n<\/div>\n<div class=\"col-md-6 col-sm-6 col-xs-6\">\n<div class=\"right-p\">\n<div class=\"h2 heading\">\n<p><span style=\"letter-spacing: 0px;font-size: 20px;font-family: arial, helvetica, sans-serif\">2. Le panneau de contr\u00f4le indique clairement l'\u00e9tat d'avancement de la production et la dur\u00e9e de chaque production peut \u00eatre r\u00e9gl\u00e9e.<\/span><\/p>\n<p><span style=\"letter-spacing: 0px;font-size: 20px;font-family: arial, helvetica, sans-serif\"><br \/><\/span><\/p>\n<p><span style=\"letter-spacing: 0px;font-size: 20px;font-family: arial, helvetica, sans-serif\"><br \/><\/span><\/p>\n<p><span style=\"letter-spacing: 0px;font-size: 20px;font-family: arial, helvetica, sans-serif\"><br \/><\/span><\/p>\n<\/div>\n<\/div>\n<div class=\"graphic_pic animated wow bounceIn\" data-wow-delay=\".7s\">\n<p style=\"text-align:center\"><img loading=\"lazy\" decoding=\"async\" src=\"https:\/\/www.hommy.com\/wp-content\/uploads\/16009980857125.png\" alt=\"produit-Hommy-img\" title=\"\" width=\"250\" height=\"438\" border=\"0\" vspace=\"0\" style=\"width: 250px;height: 438px\"><\/p>\n<\/div>\n<\/div>\n<\/div>\n<\/div>\n<p><strong><span style=\"letter-spacing: 0px;font-size: 29px;font-family: arial, helvetica, sans-serif\"><\/span><\/strong><\/p>\n<p>Document\uff1a<img decoding=\"async\" src=\"http:\/\/admin.allweyes.com\/templates\/admin\/default\/assets\/library\/ueditor\/dialogs\/attachment\/fileTypeImages\/icon_pdf.gif\" style=\"margin-right: 2px\" alt=\"produit-HM28B cong\u00e9lateur pour cr\u00e8me glac\u00e9e en discontinu-Hommy-img\" title=\"\"><a href=\"https:\/\/img80002414.weyesimg.com\/uploads\/www.hommy.com\/addon\/16026610416862.pdf\" title=\"16026610416862.pdf\" style=\"font-size: 12px\">16026610416862.pdf<\/a><\/p>\n<h2>Comment savoir si la cr\u00e8me glac\u00e9e est suffisamment baratt\u00e9e ?&nbsp;<\/h2>\n<p style=\"margin-top: 5px;margin-bottom: 5px\">La meilleure fa\u00e7on de juger si elle est cuite est d'y planter une longue cuill\u00e8re. La glace doit \u00eatre lisse et cr\u00e9meuse, mais pas trop molle. Si la glace est trop molle, c'est qu'elle n'est pas encore pr\u00eate.<\/p>\n<p style=\"margin-top: 5px;margin-bottom: 5px\"><\/p>\n<h2>Comment se fait-il que les glaces Breyers ne fondent pas ?<\/h2>\n<p style=\"margin-top: 5px;margin-bottom: 5px\">Il est fabriqu\u00e9 \u00e0 partir d'ingr\u00e9dients congel\u00e9s \u00e0 haute temp\u00e9rature.<\/p>\n<p style=\"margin-top: 5px;margin-bottom: 5px\">La cr\u00e8me glac\u00e9e Breyers est fabriqu\u00e9e en congelant \u00e0 tr\u00e8s basse temp\u00e9rature un m\u00e9lange de base compos\u00e9 de lait, de sucre et d'\u0153ufs.&nbsp;<\/p>\n<p style=\"margin-top: 5px;margin-bottom: 5px\">Il est ensuite m\u00e9lang\u00e9 \u00e0 un concentr\u00e9 d'ar\u00f4me et congel\u00e9 \u00e0 nouveau \u00e0 tr\u00e8s basse temp\u00e9rature.<\/p>\n<p style=\"margin-top: 5px;margin-bottom: 5px\"><\/p>\n<h2>Comment faire durcir une glace maison ?<\/h2>\n<p style=\"margin-top: 5px;margin-bottom: 5px\">La quantit\u00e9 de sucre varie en fonction du type de glace que vous fabriquez. Pour commencer, le sucre est ajout\u00e9 \u00e0 un minimum de 14% en poids, et peut atteindre 20%, voire 30%. Les glaces \u00e0 forte teneur en sucre conservent mieux leur forme que les glaces \u00e0 faible teneur en sucre.<\/p>\n<\/div><\/div>","protected":false},"excerpt":{"rendered":"<p>&nbsp;&nbsp;&nbsp;&nbsp; Gelato Machine Gelato Machine|Product specification|Product Features|Product Advantage If you&#039;re looking for an ice cream batch freezer that will help you take your business to the next level, you&#039;ve come to the right place. At Ice Cream Batch Freezer, we pride ourselves on providing our customers with the highest quality product possible. We believe that [&hellip;]<\/p>\n","protected":false},"featured_media":1932,"comment_status":"open","ping_status":"open","template":"","meta":{"_swt_meta_header_display":false,"_swt_meta_footer_display":false,"_swt_meta_site_title_display":false,"_swt_meta_sticky_header":false,"_swt_meta_transparent_header":false},"product_brand":[],"product_cat":[82],"product_tag":[],"class_list":{"0":"post-758","1":"product","2":"type-product","3":"status-publish","4":"has-post-thumbnail","6":"product_cat-hard-ice-cream-machine","8":"first","9":"instock","10":"shipping-taxable","11":"product-type-simple"},"_links":{"self":[{"href":"https:\/\/www.hommy.com\/fr\/wp-json\/wp\/v2\/product\/758","targetHints":{"allow":["GET"]}}],"collection":[{"href":"https:\/\/www.hommy.com\/fr\/wp-json\/wp\/v2\/product"}],"about":[{"href":"https:\/\/www.hommy.com\/fr\/wp-json\/wp\/v2\/types\/product"}],"replies":[{"embeddable":true,"href":"https:\/\/www.hommy.com\/fr\/wp-json\/wp\/v2\/comments?post=758"}],"wp:featuredmedia":[{"embeddable":true,"href":"https:\/\/www.hommy.com\/fr\/wp-json\/wp\/v2\/media\/1932"}],"wp:attachment":[{"href":"https:\/\/www.hommy.com\/fr\/wp-json\/wp\/v2\/media?parent=758"}],"wp:term":[{"taxonomy":"product_brand","embeddable":true,"href":"https:\/\/www.hommy.com\/fr\/wp-json\/wp\/v2\/product_brand?post=758"},{"taxonomy":"product_cat","embeddable":true,"href":"https:\/\/www.hommy.com\/fr\/wp-json\/wp\/v2\/product_cat?post=758"},{"taxonomy":"product_tag","embeddable":true,"href":"https:\/\/www.hommy.com\/fr\/wp-json\/wp\/v2\/product_tag?post=758"}],"curies":[{"name":"wp","href":"https:\/\/api.w.org\/{rel}","templated":true}]}}