{"id":753,"date":"2024-07-02T16:03:42","date_gmt":"2024-07-02T16:03:42","guid":{"rendered":"http:\/\/localhost\/hommywp\/hm28-hot-sale-copper-evaporator-hard-ice-cream-machine-maker-price\/"},"modified":"2025-08-01T09:57:40","modified_gmt":"2025-08-01T09:57:40","slug":"machine-a-glace-dure-hm28","status":"publish","type":"product","link":"https:\/\/www.hommy.com\/fr\/p\/machine-a-glace-dure-hm28\/","title":{"rendered":"Hm28 Hot Sale Copper Evaporator Hard Ice Cream Machine Maker Price"},"content":{"rendered":"<div>\n<p>&nbsp;&nbsp;&nbsp;&nbsp;<\/p>\n<h2 style=\"text-align: center\"><strong><span style=\"letter-spacing: 0px;font-size: 29px;font-family: arial, helvetica, sans-serif\"><a name=\"Gelato Ice Cream Maker\"><\/a>Gelato Ice Cream Maker<\/span><\/strong><\/h2>\n<p style=\"text-align: center\"><a href=\"#Gelato Ice Cream Maker\" target=\"_self\" data-lv=\"0\" rel=\"noopener\"><span style=\"font-size: 16px\"><span style=\"letter-spacing: 0px;font-family: arial, helvetica, sans-serif\">Gelato Ice Cream Maker<\/span><\/span><\/a><span style=\"font-size: 16px\"><span style=\"letter-spacing: 0px;font-family: arial, helvetica, sans-serif\">|<a href=\"#Product specification\" target=\"_self\" data-lv=\"0\" rel=\"noopener\">Sp\u00e9cification du produit<\/a>|<a href=\"#Product Features\" target=\"_self\" data-lv=\"0\" rel=\"noopener\">Caract\u00e9ristiques du produit<\/a>|<\/span><a href=\"#Product Advantage\" target=\"_self\" data-lv=\"0\" rel=\"noopener\"><span style=\"letter-spacing: 0px;font-family: arial, helvetica, sans-serif\">Produit Advantag<\/span><span style=\"letter-spacing: 0px;font-family: arial, helvetica, sans-serif\">e<\/span><\/a><\/span><\/p>\n<p><strong><span style=\"letter-spacing: 0px;font-size: 29px;font-family: arial, helvetica, sans-serif\"><br \/><\/span><\/strong><\/p>\n<p style=\"text-align: center\">\n<p>A <a style=\"color:blue\" href=\"https:\/\/www.hommy.com\/fr\/machine-a-glace-dure\/\">machine \u00e0 glace dure<\/a> est \u00e9galement connu sous le nom de cong\u00e9lateur par lots. Nous comptons parmi les principaux fabricants et fournisseurs de machines \u00e0 glace dure, qui sont disponibles en diff\u00e9rentes capacit\u00e9s, tailles, prix et conceptions. Ces machines conviennent \u00e0 la production de glace dure \u00e0 petite et grande \u00e9chelle.<\/p>\n<p>Dur d'usine <a style=\"color:blue\" href=\"\/fr\/\">machine \u00e0 glace<\/a>sont d\u00e9sormais disponibles pour le public ! Ces machines sont parfaites pour ceux qui veulent d\u00e9guster de d\u00e9licieuses glaces dures sans aucun souci.<\/p>\n<p>Nos machines \u00e0 glace dure sont faciles \u00e0 utiliser et ne n\u00e9cessitent aucune comp\u00e9tence ou connaissance particuli\u00e8re. Alors, pourquoi attendre ? Commandez d\u00e8s aujourd'hui votre propre machine \u00e0 glace dure et savourez d\u00e8s demain de d\u00e9licieuses glaces dures !<\/p>\n<p style=\"margin-bottom: 0px\"><span style=\"font-size: 24px\"><span style=\"font-weight: 700\"><span style=\"letter-spacing: 0px;font-family: arial, helvetica, sans-serif\"><br \/><\/span><\/span><\/span><\/p>\n<h2 style=\"margin-bottom: 0px\"><span style=\"font-size: 24px\"><span style=\"font-weight: 700\"><span style=\"letter-spacing: 0px;font-family: arial, helvetica, sans-serif\"><a name=\"Product specification\"><\/a>Sp\u00e9cification du produit\uff1a<\/span><\/span><\/span><\/h2>\n<p style=\"margin-bottom: 0px\"><span style=\"font-size: 24px\"><span style=\"font-weight: 700\"><span style=\"letter-spacing: 0px;font-family: arial, helvetica, sans-serif\"><br \/><\/span><\/span><\/span><\/p>\n<p style=\"margin-bottom: 0px\"><span style=\"font-size: 24px\"><span style=\"font-weight: 700\"><span style=\"letter-spacing: 0px;font-family: arial, helvetica, sans-serif\"><br \/><\/span><\/span><\/span><\/p>\n<p style=\"margin-bottom: 0px;text-align: center\"><img decoding=\"async\" src=\"https:\/\/www.hommy.com\/wp-content\/uploads\/16008297565343-1.png\" alt=\"produit-Hommy-img\" title=\"\"><\/p>\n<p><\/p>\n<p><span style=\"font-weight: 700\"><span style=\"letter-spacing: 0px;font-size: 24px;font-family: arial, helvetica, sans-serif\"><\/span><\/span><\/p>\n<div class=\"d-tem01-graphic tem01-graphic mockup\" data-detail=\"wrap\">\n<div class=\"cont-section clearfix d-clearfix\">\n<div class=\"col-md-6 col-sm-6 col-xs-6\"><\/p>\n<div class=\"graphic_pic animated wow bounceIn\" data-wow-delay=\".7s\">\n<p style=\"text-align:center\"><img loading=\"lazy\" decoding=\"async\" src=\"https:\/\/www.hommy.com\/wp-content\/uploads\/16008314161224.jpg\" alt=\"produit-Hommy-img\" title=\"\" width=\"300\" height=\"627\" border=\"0\" vspace=\"0\" style=\"width: 300px;height: 627px\"><\/p>\n<\/div>\n<\/div>\n<div class=\"col-md-6 col-sm-6 col-xs-6\">\n<div class=\"right-p\">\n<div class=\"h2 heading\">\n<p style=\"margin-bottom: 0px;font-size: 22px;text-align: justify\"><span style=\"font-weight: 700\"><span style=\"letter-spacing: 0px;font-size: 24px;font-family: arial, helvetica, sans-serif\"><br \/><\/span><\/span><\/p>\n<p style=\"margin-bottom: 0px;font-size: 22px;text-align: justify\"><span style=\"font-weight: 700\"><span style=\"letter-spacing: 0px;font-size: 24px;font-family: arial, helvetica, sans-serif\"><br \/><\/span><\/span><\/p>\n<p style=\"margin-bottom: 0px;font-size: 22px;text-align: justify\"><span style=\"font-weight: 700\"><span style=\"letter-spacing: 0px;font-size: 24px;font-family: arial, helvetica, sans-serif\"><br \/><\/span><\/span><\/p>\n<h2 style=\"margin-bottom: 0px;font-size: 22px;text-align: justify\"><span style=\"font-weight: 700\"><span style=\"letter-spacing: 0px;font-size: 24px;font-family: arial, helvetica, sans-serif\"><a name=\"Product Features\"><\/a>Caract\u00e9ristiques du produit :<\/span><\/span><\/h2>\n<p style=\"margin-bottom: 0px;font-size: 22px;text-align: justify\"><span style=\"font-weight: 700\"><span style=\"letter-spacing: 0px;font-size: 24px;font-family: arial, helvetica, sans-serif\"><br \/><\/span><\/span><\/p>\n<p style=\"margin-bottom: 0px;font-size: 22px;padding: 0px;vertical-align: baseline\"><span style=\"font-family: arial, helvetica, sans-serif\"><span style=\"letter-spacing: 0px;font-size: 19px\"><\/span><span style=\"font-size: 20px\"><span style=\"font-family: Calibri\">\u25c6&nbsp;<\/span><span style=\"letter-spacing: 0px\">Les compresseurs de la marque mondiale Tecumseh fonctionnent en r\u00e9gime permanent.<\/span><\/span><\/span><\/p>\n<p style=\"margin-bottom: 0px;font-size: 22px;padding: 0px;vertical-align: baseline\"><span style=\"font-family: arial, helvetica, sans-serif;font-size: 20px\"><span style=\"font-family: Calibri;letter-spacing: 0px;font-size: 19px\"><\/span><span style=\"font-family: Calibri;font-size: 19px\">\u25c6&nbsp;<\/span><span style=\"font-family: Calibri;letter-spacing: 0px;font-size: 19px\">Puissant \u00e9lectromoteur, puissance jusqu'\u00e0 5000W.<\/span><\/span><\/p>\n<p style=\"margin-bottom: 0px;font-size: 22px;padding: 0px;vertical-align: baseline\"><span style=\"font-family: arial, helvetica, sans-serif;font-size: 20px\"><span style=\"letter-spacing: 0px;font-family: Calibri;font-size: 19px\">\u25c6<\/span><span style=\"font-family: Calibri;letter-spacing: 0px;font-size: 19px\">&nbsp;Nouvelle conception de la poulie \u00e0 double rainure, rotation stable, faible bruit, faible vibration, pas de glissement.  La dur\u00e9e de vie de la courroie est sup\u00e9rieure de 75% \u00e0 celle de l'ancienne conception.  Le fonctionnement de la machine \u00e0 glace est bien plus stable que la norme nationale.<\/span><\/span><\/p>\n<p style=\"margin-bottom: 0px;font-size: 22px;padding: 0px;vertical-align: baseline\"><span style=\"font-family: arial, helvetica, sans-serif;font-size: 20px\"><span style=\"letter-spacing: 0px;font-family: Calibri;font-size: 19px\">\u25c6<\/span><span style=\"font-family: Calibri;letter-spacing: 0px;font-size: 19px\">&nbsp;Postulez le plus tard possible&nbsp;<\/span><span style=\"font-family: \u5b8b\u4f53;letter-spacing: 0px;font-size: 19px\">recherche<\/span><span style=\"font-family: Calibri;letter-spacing: 0px;font-size: 19px\">&nbsp;L'\u00e9paisseur de la couche de mousse est renforc\u00e9e, ce qui am\u00e9liore l'isolation et permet d'\u00e9conomiser de l'\u00e9nergie, tout en maintenant la glace \u00e0 une certaine temp\u00e9rature,&nbsp;<\/span><span style=\"font-family: \u5b8b\u4f53;letter-spacing: 0px;font-size: 19px\">maintenir<\/span><span style=\"font-family: Calibri;letter-spacing: 0px;font-size: 19px\">&nbsp;la saveur originale.<\/span><\/span><\/p>\n<p style=\"margin-bottom: 0px;font-size: 22px;padding: 0px;vertical-align: baseline\"><span style=\"font-family: arial, helvetica, sans-serif;font-size: 20px\"><span style=\"letter-spacing: 0px;font-family: Calibri;font-size: 19px\">\u25c6&nbsp;<\/span><span style=\"font-family: Calibri;letter-spacing: 0px;font-size: 19px\">L'\u00e9vaporateur en cuivre pur acc\u00e9l\u00e8re le transfert de chaleur et am\u00e9liore l'efficacit\u00e9.<\/span><\/span><\/p>\n<p style=\"margin-bottom: 0px;font-size: 22px;padding: 0px;vertical-align: baseline\"><span style=\"font-family: arial, helvetica, sans-serif;font-size: 20px\"><span style=\"letter-spacing: 0px;font-family: Calibri;font-size: 19px\">\u25c6<\/span><span style=\"font-family: Calibri;letter-spacing: 0px;font-size: 19px\">&nbsp;Les grandes pales du ventilateur r\u00e9duisent le bruit au minimum tout en fournissant un volume d'air suffisant.<\/span><\/span><\/p>\n<p style=\"margin-bottom: 0px;font-size: 22px;padding: 0px;vertical-align: baseline\"><span style=\"font-family: Calibri;letter-spacing: 0px;font-size: 20px\"><span style=\"letter-spacing: 0px;font-family: arial, helvetica, sans-serif\">\u25c6&nbsp;<\/span>Le syst\u00e8me de commande le plus r\u00e9cent permet de visualiser le fonctionnement de la machine d'un seul coup d'\u0153il.<\/span><\/p>\n<\/div>\n<\/div>\n<p>&nbsp; &nbsp; &nbsp; &nbsp; &nbsp; &nbsp;<\/p><\/div>\n<\/div>\n<\/div>\n<p><span style=\"font-weight: 700\"><span style=\"letter-spacing: 0px;font-size: 24px;font-family: arial, helvetica, sans-serif\"><br \/><\/span><\/span><\/p>\n<h2><span style=\"font-weight: 700\"><span style=\"letter-spacing: 0px;font-size: 24px;font-family: arial, helvetica, sans-serif\"><a name=\"Product Advantage\"><\/a>Avantage du produit :<\/span><\/span><\/h2>\n<p><span style=\"font-weight: 700\"><span style=\"letter-spacing: 0px;font-size: 24px;font-family: arial, helvetica, sans-serif\"><\/span><\/span><\/p>\n<div class=\"d-tem01-graphic tem01-graphic mockup\" data-detail=\"wrap\">\n<div class=\"cont-section clearfix d-clearfix\">\n<div class=\"col-md-6 col-sm-6 col-xs-6\">\n<div class=\"right-p\">\n<p><span style=\"letter-spacing: 0px;font-size: 20px;font-family: arial, helvetica, sans-serif\"><span style=\"color:#000000;font-family:arial, helvetica, sans-serif\">1.&nbsp;<\/span><\/span><span style=\"font-family: arial, helvetica, sans-serif\"><span style=\"font-family: Calibri;letter-spacing: 0px;font-size: 20px\">La tige d'agitation tr\u00e8s r\u00e9sistante \u00e0 l'usure, en mat\u00e9riau import\u00e9 de qualit\u00e9 alimentaire, met fin \u00e0 la dilatation et \u00e0 la contraction thermiques, r\u00e9duit le vide du cylindre de raclage, rend le go\u00fbt de la cr\u00e8me glac\u00e9e plus d\u00e9licat et plus lisse.<\/span><span style=\"font-family: \u5b8b\u4f53;letter-spacing: 0px;font-size: 20px\">.<\/span><\/span><\/p>\n<p><span style=\"font-family: arial, helvetica, sans-serif\"><span style=\"font-family: \u5b8b\u4f53;letter-spacing: 0px;font-size: 20px\"><br \/><\/span><\/span><\/p>\n<p><span style=\"font-family: arial, helvetica, sans-serif;font-size: 20px\"><\/span><\/div>\n<div class=\"graphic_pic animated wow bounceIn\" data-wow-delay=\".7s\">\n<p style=\"text-align:center\"><img loading=\"lazy\" decoding=\"async\" src=\"https:\/\/www.hommy.com\/wp-content\/uploads\/16008316805808.png\" alt=\"produit-Hommy-img\" title=\"\" width=\"350\" height=\"177\" border=\"0\" vspace=\"0\" style=\"width: 350px;height: 177px\"><\/p>\n<\/div>\n<\/div>\n<div class=\"col-md-6 col-sm-6 col-xs-6\">\n<div class=\"right-p\">\n<p><span style=\"font-family: arial, helvetica, sans-serif;font-size: 20px\">2 Le bloc thromat en acier inoxydable est propre et hygi\u00e9nique, avec un degr\u00e9 d'\u00e9tanch\u00e9it\u00e9 \u00e9lev\u00e9, un fonctionnement simple et une belle apparence.<\/span><span style=\"font-size: 14px\"><\/span><\/p>\n<p><span style=\"font-size: 14px\"><br \/><\/span><\/p>\n<p><span style=\"font-size: 14px\"><br \/><\/span><\/p>\n<\/div>\n<div class=\"graphic_pic animated wow bounceIn\" data-wow-delay=\".7s\">\n<p style=\"text-align:center\"><img loading=\"lazy\" decoding=\"async\" src=\"https:\/\/www.hommy.com\/wp-content\/uploads\/16008316531897.png\" alt=\"produit-Hommy-HM28 Machine \u00e0 glace dure-img\" title=\"\" width=\"350\" height=\"279\" border=\"0\" vspace=\"0\" style=\"width: 350px;height: 279px\"><\/p>\n<\/div>\n<\/div>\n<\/div>\n<\/div>\n<div class=\"d-tem01-graphic tem01-graphic mockup\" data-detail=\"wrap\">\n<div class=\"cont-section clearfix d-clearfix\">\n<div class=\"col-md-6 col-sm-6 col-xs-6\">\n<div class=\"right-p\">\n<div class=\"h2 heading\"><span style=\"font-family: arial, helvetica, sans-serif;font-size: 20px\">3. Le panneau de contr\u00f4le indique clairement l'\u00e9tat d'avancement de la production et la dur\u00e9e de chaque production peut \u00eatre r\u00e9gl\u00e9e.<\/span><\/div>\n<\/div>\n<div class=\"graphic_pic animated wow bounceIn\" data-wow-delay=\".7s\">\n<p style=\"text-align:center\"><img loading=\"lazy\" decoding=\"async\" src=\"https:\/\/www.hommy.com\/wp-content\/uploads\/16008316138767.png\" alt=\"produit-HM28 Machine \u00e0 glace dure-Hommy-img\" title=\"\" width=\"350\" height=\"500\" border=\"0\" vspace=\"0\" style=\"width: 350px;height: 500px\"><\/p>\n<\/div>\n<\/div>\n<p>&nbsp; &nbsp; &nbsp; &nbsp; &nbsp; &nbsp;<\/div>\n<\/div>\n<p>Document\uff1a<img decoding=\"async\" src=\"https:\/\/www.hommy.com\/wp-content\/uploads\/icon_pdf-43.gif\" style=\"margin-right: 2px\" alt=\"produit-Hommy-img\" title=\"\"><a href=\"https:\/\/img80002414.weyesimg.com\/uploads\/www.hommy.com\/addon\/16027247133039.pdf\" title=\"16027247133039.pdf\" style=\"font-size: 12px\">16027247133039.pdf<\/a><\/p>\n<h2>La glace maison est-elle mauvaise pour la sant\u00e9 ?<\/h2>\n<p style=\"margin-top: 5px;margin-bottom: 5px\"><\/p>\n<p style=\"margin-top: 5px;margin-bottom: 5px\">En tant que personne travaillant quotidiennement avec des aliments, je suis toujours intrigu\u00e9e par les nouvelles tendances alimentaires et leur impact sur l'industrie alimentaire.<\/p>\n<p style=\"margin-top: 5px;margin-bottom: 5px\"><\/p>\n<p style=\"margin-top: 5px;margin-bottom: 5px\">J'ai m\u00eame \u00e9t\u00e9 invit\u00e9e \u00e0 parler d'alimentation saine sur les ondes.<\/p>\n<p style=\"margin-top: 5px;margin-bottom: 5px\"><\/p>\n<p style=\"margin-top: 5px;margin-bottom: 5px\">Une tendance alimentaire dont j'ai entendu parler r\u00e9cemment est l'affirmation selon laquelle les gens ont un \"meilleur go\u00fbt\" parce qu'ils font leur propre glace maison.<\/p>\n<p style=\"margin-top: 5px;margin-bottom: 5px\"><\/p>\n<p style=\"margin-top: 5px;margin-bottom: 5px\">Je peux comprendre que les gens veuillent pr\u00e9parer une friandise glac\u00e9e qui soit meilleure que celle qu'ils peuvent acheter dans un magasin ou dans un avion. Faire de la glace \u00e0 la maison est plus gratifiant et vous pouvez contr\u00f4ler exactement ce qui entre dans la composition du produit.<\/p>\n<p style=\"margin-top: 5px;margin-bottom: 5px\"><\/p>\n<h2>Peut-on boire de l'eau apr\u00e8s avoir mang\u00e9 de la glace ?<\/h2>\n<p style=\"margin-top: 5px;margin-bottom: 5px\"><\/p>\n<p style=\"margin-top: 5px;margin-bottom: 5px\">Je viens de manger une glace au d\u00eener (fraise-coco) et j'ai ensuite bu de l'eau. Mon estomac ne se sentait pas bien apr\u00e8s cela. Puis-je boire de l'eau apr\u00e8s avoir mang\u00e9 de la glace ? Je n'ai jamais eu ce probl\u00e8me auparavant.<\/p>\n<p style=\"margin-top: 5px;margin-bottom: 5px\"><\/p>\n<p style=\"margin-top: 5px;margin-bottom: 5px\">Par ailleurs, quel est le meilleur type de glace ? J'aime la pistache pour son croquant, mais j'ai entendu dire qu'elle n'\u00e9tait pas bonne pour la digestion.<\/p>\n<p style=\"margin-top: 5px;margin-bottom: 5px\"><\/p>\n<p style=\"margin-top: 5px;margin-bottom: 5px\"><\/p>\n<h2>Le Frozen Custard est-il la m\u00eame chose que la cr\u00e8me glac\u00e9e ?<\/h2>\n<p style=\"margin-top: 5px;margin-bottom: 5px\"><\/p>\n<p style=\"margin-top: 5px;margin-bottom: 5px\">A :<\/p>\n<p style=\"margin-top: 5px;margin-bottom: 5px\"><\/p>\n<p style=\"margin-top: 5px;margin-bottom: 5px\">La cr\u00e8me glac\u00e9e est fabriqu\u00e9e \u00e0 partir de lait glac\u00e9 partiellement congel\u00e9 et est g\u00e9n\u00e9ralement servie avec des boules de glace \u00e0 la vanille ou au chocolat. La cr\u00e8me anglaise est g\u00e9n\u00e9ralement servie directement de la machine \u00e0 glace ou dans un cornet de cr\u00e8me glac\u00e9e.&nbsp;<\/p>\n<\/div><\/div>","protected":false},"excerpt":{"rendered":"<p>&nbsp;&nbsp;&nbsp;&nbsp; Gelato Ice Cream Maker Gelato Ice Cream Maker|Product specification|Product Features|Product Advantage A hard ice cream machine is also known by the name as batch freezer. We are counted among the leading manufacturers and suppliers of hard ice cream machine, that are available in different capacities, sizes, prices, and designs. These machines are suitable for [&hellip;]<\/p>\n","protected":false},"featured_media":1931,"comment_status":"open","ping_status":"open","template":"","meta":{"_swt_meta_header_display":false,"_swt_meta_footer_display":false,"_swt_meta_site_title_display":false,"_swt_meta_sticky_header":false,"_swt_meta_transparent_header":false},"product_brand":[],"product_cat":[82],"product_tag":[],"class_list":{"0":"post-753","1":"product","2":"type-product","3":"status-publish","4":"has-post-thumbnail","6":"product_cat-hard-ice-cream-machine","8":"first","9":"instock","10":"shipping-taxable","11":"product-type-simple"},"_links":{"self":[{"href":"https:\/\/www.hommy.com\/fr\/wp-json\/wp\/v2\/product\/753","targetHints":{"allow":["GET"]}}],"collection":[{"href":"https:\/\/www.hommy.com\/fr\/wp-json\/wp\/v2\/product"}],"about":[{"href":"https:\/\/www.hommy.com\/fr\/wp-json\/wp\/v2\/types\/product"}],"replies":[{"embeddable":true,"href":"https:\/\/www.hommy.com\/fr\/wp-json\/wp\/v2\/comments?post=753"}],"wp:featuredmedia":[{"embeddable":true,"href":"https:\/\/www.hommy.com\/fr\/wp-json\/wp\/v2\/media\/1931"}],"wp:attachment":[{"href":"https:\/\/www.hommy.com\/fr\/wp-json\/wp\/v2\/media?parent=753"}],"wp:term":[{"taxonomy":"product_brand","embeddable":true,"href":"https:\/\/www.hommy.com\/fr\/wp-json\/wp\/v2\/product_brand?post=753"},{"taxonomy":"product_cat","embeddable":true,"href":"https:\/\/www.hommy.com\/fr\/wp-json\/wp\/v2\/product_cat?post=753"},{"taxonomy":"product_tag","embeddable":true,"href":"https:\/\/www.hommy.com\/fr\/wp-json\/wp\/v2\/product_tag?post=753"}],"curies":[{"name":"wp","href":"https:\/\/api.w.org\/{rel}","templated":true}]}}