{"id":746,"date":"2024-07-02T16:03:38","date_gmt":"2024-07-02T16:03:38","guid":{"rendered":"http:\/\/localhost\/hommywp\/hm18-professional-batch-freezer-for-ice-cream-gelato\/"},"modified":"2025-08-01T09:57:40","modified_gmt":"2025-08-01T09:57:40","slug":"hm18-congelateur-discontinu","status":"publish","type":"product","link":"https:\/\/www.hommy.com\/fr\/p\/hm18-congelateur-discontinu\/","title":{"rendered":"Hm18 Cong\u00e9lateur professionnel pour cr\u00e8me glac\u00e9e et gelato"},"content":{"rendered":"<div>\n<p style=\"text-align: center\">&nbsp; &nbsp; &nbsp; &nbsp; &nbsp; &nbsp;<span style=\"font-family: inherit;font-size: 22px\"><br \/><\/span><\/p>\n<h2 style=\"text-align: center\"><span style=\"font-family: arial, helvetica, sans-serif\"><strong><span style=\"letter-spacing: 0px;font-size: 29px\"><a name=\"Table top Gelato Maker\"><\/a>Machine \u00e0 gelato de table<\/span><\/strong><\/span><\/h2>\n<p style=\"text-align: center\"><a href=\"#Table top Gelato Maker\" target=\"_self\" data-lv=\"0\" rel=\"noopener\"><span style=\"font-family: \u5b8b\u4f53;letter-spacing: 0px;font-size: 16px\">Machine \u00e0 gelato de table<\/span><\/a><span style=\"font-family: \u5b8b\u4f53;letter-spacing: 0px;font-size: 16px\">|<a href=\"#Product specification\" target=\"_self\" data-lv=\"0\" rel=\"noopener\">Sp\u00e9cification du produit<\/a>|<a href=\"#Product Features\" target=\"_self\" data-lv=\"0\" rel=\"noopener\">Caract\u00e9ristiques du produit<\/a>|<a href=\"#Product Advantage\" target=\"_self\" data-lv=\"0\" rel=\"noopener\">Avantages du produit<\/a>&nbsp;<\/span><\/p>\n<p><\/p>\n<p style=\"text-align: center\"><div style=\"width: 640px;\" class=\"wp-video\"><video class=\"wp-video-shortcode\" id=\"video-746-1\" width=\"640\" height=\"360\" preload=\"metadata\" controls=\"controls\"><source type=\"video\/mp4\" src=\"https:\/\/img80002414.weyesimg.com\/uploads\/www.hommy.com\/video\/16008293811244.mp4?_=1\" \/><a href=\"https:\/\/img80002414.weyesimg.com\/uploads\/www.hommy.com\/video\/16008293811244.mp4\">https:\/\/img80002414.weyesimg.com\/uploads\/www.hommy.com\/video\/16008293811244.mp4<\/a><\/video><\/div><\/p>\n<p>L'offre <a style=\"color:blue\" href=\"https:\/\/www.hommy.com\/fr\/machine-a-glace-dure\/\">Cong\u00e9lateur par lots<\/a> est fabriqu\u00e9e \u00e0 l'aide de mat\u00e9riaux et de composants de la plus haute qualit\u00e9, sous la direction de professionnels qualifi\u00e9s. En outre, ces machines sont largement utilis\u00e9es \u00e0 des fins commerciales. Ce cong\u00e9lateur par lots est fourni en diff\u00e9rentes tailles selon les exigences des clients. Les cong\u00e9lateurs par lots propos\u00e9s sont disponibles aux meilleurs prix du march\u00e9.<\/p>\n<h2><span style=\"font-size: 24px\"><strong><span style=\"letter-spacing: 0px;font-family: arial, helvetica, sans-serif\"><a name=\"Product specification\"><\/a>Sp\u00e9cification du produit\uff1a<\/span><\/strong><\/span><\/h2>\n<p><span style=\"font-size: 24px\"><strong><span style=\"letter-spacing: 0px;font-family: arial, helvetica, sans-serif\"><br \/><\/span><\/strong><\/span><\/p>\n<p style=\"text-align: center\"><img decoding=\"async\" src=\"https:\/\/www.hommy.com\/wp-content\/uploads\/16008297565343.png\" alt=\"produit-Hommy-img\" title=\"\"><\/p>\n<p><\/p>\n<p><\/p>\n<div class=\"d-tem01-graphic tem01-graphic mockup\" data-detail=\"wrap\">\n<div class=\"cont-section clearfix d-clearfix\">\n<div class=\"col-md-6 col-sm-6 col-xs-6\"><\/p>\n<div class=\"graphic_pic animated wow bounceIn\" data-wow-delay=\".7s\">\n<p style=\"text-align:center\"><img loading=\"lazy\" decoding=\"async\" src=\"https:\/\/www.hommy.com\/wp-content\/uploads\/16008300224037.jpg\" alt=\"produit-Hommy-img\" title=\"\" width=\"450\" height=\"500\" border=\"0\" vspace=\"0\" style=\"width: 450px;height: 500px\"><\/p>\n<\/div>\n<\/div>\n<div class=\"col-md-6 col-sm-6 col-xs-6\">\n<div class=\"right-p\">\n<div class=\"h2 heading\">\n<p style=\"margin-top:0;margin-right:0;margin-bottom:0;margin-left:0;text-indent:0;text-align:justify\"><strong><span style=\"letter-spacing: 0px;font-size: 24px;font-family: arial, helvetica, sans-serif\"><br \/><\/span><\/strong><\/p>\n<p style=\"margin-top:0;margin-right:0;margin-bottom:0;margin-left:0;text-indent:0;text-align:justify\"><strong><span style=\"letter-spacing: 0px;font-size: 24px;font-family: arial, helvetica, sans-serif\"><br \/><\/span><\/strong><\/p>\n<p style=\"margin-top:0;margin-right:0;margin-bottom:0;margin-left:0;text-indent:0;text-align:justify\"><strong><span style=\"letter-spacing: 0px;font-size: 24px;font-family: arial, helvetica, sans-serif\"><br \/><\/span><\/strong><\/p>\n<h2 style=\"margin: 0px;text-indent: 0px;text-align: justify\"><strong><span style=\"letter-spacing: 0px;font-size: 24px;font-family: arial, helvetica, sans-serif\"><a name=\"Product Features\"><\/a>Caract\u00e9ristiques du produit :<\/span><\/strong><\/h2>\n<p style=\"margin-top:0;margin-right:0;margin-bottom:0;margin-left:0;text-indent:0;text-align:justify\"><strong><span style=\"letter-spacing: 0px;font-size: 24px;font-family: arial, helvetica, sans-serif\"><br \/><\/span><\/strong><\/p>\n<p style=\"text-indent: 0;padding: 0;vertical-align: baseline\"><span style=\"font-family: arial, helvetica, sans-serif\"><span style=\"letter-spacing: 0px;font-size: 19px\"><\/span><span style=\"font-family: arial, helvetica, sans-serif;font-size: 20px\"><span style=\"font-family: Calibri\">\u25c6&nbsp;<\/span><span style=\"font-family: arial, helvetica, sans-serif;letter-spacing: 0px\">Les compresseurs de la marque mondiale Tecumseh fonctionnent en r\u00e9gime permanent.<\/span><\/span><\/span><\/p>\n<p style=\"text-indent: 0;padding: 0;vertical-align: baseline\"><span style=\"font-family: arial, helvetica, sans-serif;font-size: 20px\"><span style=\"font-family: Calibri;letter-spacing: 0px;font-size: 19px\"><\/span><span style=\"font-family: Calibri;font-size: 19px\">\u25c6&nbsp;<\/span><span style=\"font-family: Calibri;letter-spacing: 0px;font-size: 19px\">Puissant \u00e9lectromoteur, puissance jusqu'\u00e0 5000W.<\/span><\/span><\/p>\n<p style=\"text-indent: 0;padding: 0;vertical-align: baseline\"><span style=\"font-family: arial, helvetica, sans-serif;font-size: 20px\"><span style=\"letter-spacing: 0px;font-family: Calibri;font-size: 19px\">\u25c6<\/span><span style=\"font-family: Calibri;letter-spacing: 0px;font-size: 19px\">&nbsp;Nouvelle conception de la poulie \u00e0 double rainure, rotation stable, faible bruit, faible vibration, pas de glissement.  La dur\u00e9e de vie de la courroie est sup\u00e9rieure de 75% \u00e0 celle de l'ancienne conception.  De plus, la <a style=\"color:blue\" href=\"\/fr\/\">machine \u00e0 glace<\/a> est beaucoup plus stable que la norme nationale.<\/span><\/span><\/p>\n<p style=\"text-indent: 0;padding: 0;vertical-align: baseline\"><span style=\"font-family: arial, helvetica, sans-serif;font-size: 20px\"><span style=\"letter-spacing: 0px;font-family: Calibri;font-size: 19px\">\u25c6<\/span><span style=\"font-family: Calibri;letter-spacing: 0px;font-size: 19px\">&nbsp;Postulez le plus tard possible <\/span><span style=\"font-family: \u5b8b\u4f53;letter-spacing: 0px;font-size: 19px\">recherche<\/span><span style=\"font-family: Calibri;letter-spacing: 0px;font-size: 19px\">&nbsp;L'\u00e9paisseur de la couche de mousse est renforc\u00e9e, ce qui am\u00e9liore l'isolation et permet d'\u00e9conomiser de l'\u00e9nergie, tout en maintenant la glace \u00e0 une certaine temp\u00e9rature, <\/span><span style=\"font-family: \u5b8b\u4f53;letter-spacing: 0px;font-size: 19px\">maintenir<\/span><span style=\"font-family: Calibri;letter-spacing: 0px;font-size: 19px\">&nbsp;la saveur originale.<\/span><\/span><\/p>\n<p style=\"text-indent: 0;padding: 0;vertical-align: baseline\"><span style=\"font-family: arial, helvetica, sans-serif;font-size: 20px\"><span style=\"letter-spacing: 0px;font-family: Calibri;font-size: 19px\">\u25c6&nbsp;<\/span><span style=\"font-family: Calibri;letter-spacing: 0px;font-size: 19px\">L'\u00e9vaporateur en cuivre pur acc\u00e9l\u00e8re le transfert de chaleur et am\u00e9liore l'efficacit\u00e9.<\/span><\/span><\/p>\n<p style=\"text-indent: 0;padding: 0;vertical-align: baseline\"><span style=\"font-family: arial, helvetica, sans-serif;font-size: 20px\"><span style=\"letter-spacing: 0px;font-family: Calibri;font-size: 19px\">\u25c6<\/span><span style=\"font-family: Calibri;letter-spacing: 0px;font-size: 19px\">&nbsp;Les grandes pales du ventilateur r\u00e9duisent le bruit au minimum tout en fournissant un volume d'air suffisant.<\/span><\/span><\/p>\n<p style=\"text-indent: 0;padding: 0;vertical-align: baseline\"><span style=\"font-family: Calibri;letter-spacing: 0px;font-size: 20px\"><span style=\"letter-spacing: 0px;font-size: 20px;font-family: arial, helvetica, sans-serif\">\u25c6&nbsp;<\/span>Le syst\u00e8me de commande le plus r\u00e9cent permet de visualiser le fonctionnement de la machine d'un seul coup d'\u0153il.<\/span><\/p>\n<p><span style=\"font-size: 14px;font-family: arial, helvetica, sans-serif\"><\/span><\/div>\n<\/div>\n<p><\/p>\n<p>&nbsp; &nbsp; &nbsp; &nbsp; &nbsp; &nbsp;<\/p>\n<\/div>\n<\/div>\n<\/div>\n<p><\/p>\n<h2><strong><span style=\"letter-spacing: 0px;font-size: 24px;font-family: arial, helvetica, sans-serif\"><a name=\"Product Advantage\"><\/a>Avantage du produit :<\/span><\/strong><\/h2>\n<p><strong><span style=\"letter-spacing: 0px;font-size: 24px;font-family: arial, helvetica, sans-serif\"><\/span><\/strong><\/p>\n<div class=\"d-tem01-graphic tem01-graphic mockup\" data-detail=\"wrap\">\n<div class=\"cont-section clearfix d-clearfix\">\n<div class=\"col-md-6 col-sm-6 col-xs-6\">\n<div class=\"right-p\">\n<p><span style=\"font-family: arial, helvetica, sans-serif;letter-spacing: 0px;font-size: 20px\">1. Tige d'agitation tr\u00e8s r\u00e9sistante \u00e0 l'usure, mat\u00e9riau import\u00e9 de qualit\u00e9 alimentaire, mettant fin \u00e0 la dilatation et \u00e0 la contraction thermiques, r\u00e9duisant le vide du cylindre de raclage, rendant le go\u00fbt de la cr\u00e8me glac\u00e9e plus d\u00e9licat et plus lisse.<\/span><\/p>\n<p><span style=\"font-family: \u5b8b\u4f53;letter-spacing: 0px;font-size: 20px\"><br \/><\/span><\/p>\n<\/div>\n<div class=\"graphic_pic animated wow bounceIn\" data-wow-delay=\".7s\">\n<p style=\"text-align:center\"><img loading=\"lazy\" decoding=\"async\" src=\"https:\/\/www.hommy.com\/wp-content\/uploads\/16008302553521.png\" alt=\"produit-Hommy-HM18 batch freezer-img\" title=\"\" width=\"350\" height=\"177\" border=\"0\" vspace=\"0\" style=\"width: 350px;height: 177px\"><\/p>\n<\/div>\n<\/div>\n<div class=\"col-md-6 col-sm-6 col-xs-6\">\n<div class=\"right-p\">\n<p><span style=\"letter-spacing: 0px;font-family: arial, helvetica, sans-serif;font-size: 20px\">2 Le bloc thromat en acier inoxydable est propre et hygi\u00e9nique, avec un degr\u00e9 d'\u00e9tanch\u00e9it\u00e9 \u00e9lev\u00e9, un fonctionnement simple et une belle apparence.<\/span><\/p>\n<p><span style=\"letter-spacing: 0px;font-family: arial, helvetica, sans-serif;font-size: 20px\"><br \/><\/span><\/p>\n<p><span style=\"letter-spacing: 0px;font-family: arial, helvetica, sans-serif;font-size: 20px\"><br \/><\/span><\/p>\n<\/div>\n<div class=\"graphic_pic animated wow bounceIn\" data-wow-delay=\".7s\">\n<p style=\"text-align:center\"><img loading=\"lazy\" decoding=\"async\" src=\"https:\/\/www.hommy.com\/wp-content\/uploads\/16008303362540.png\" alt=\"produit-Hommy-img\" title=\"\" width=\"350\" height=\"279\" border=\"0\" vspace=\"0\" style=\"width: 350px;height: 279px\"><\/p>\n<\/div>\n<\/div>\n<\/div>\n<\/div>\n<div class=\"d-tem01-graphic tem01-graphic mockup\" data-detail=\"wrap\">\n<div class=\"cont-section clearfix d-clearfix\">\n<div class=\"col-md-6 col-sm-6 col-xs-6\">\n<div class=\"right-p\">\n<div class=\"description\">\n<p style=\"text-indent: 0;padding: 0;vertical-align: baseline\"><span style=\"letter-spacing: 0px;font-size: 20px;font-family: arial, helvetica, sans-serif\">3. Le panneau de contr\u00f4le indique clairement l'\u00e9tat d'avancement de la production et la dur\u00e9e de chaque production peut \u00eatre r\u00e9gl\u00e9e.<\/span><\/p>\n<p style=\"text-indent: 0;padding: 0;vertical-align: baseline\"><span style=\"font-family: \u5b8b\u4f53;letter-spacing: 0;font-size: 20px\"><\/span><\/p>\n<\/div>\n<\/div>\n<div class=\"graphic_pic animated wow bounceIn\" data-wow-delay=\".7s\">\n<p style=\"text-align:center\"><img loading=\"lazy\" decoding=\"async\" src=\"https:\/\/www.hommy.com\/wp-content\/uploads\/16008303755211.png\" alt=\"produit-Hommy-img\" title=\"\" width=\"350\" height=\"500\" border=\"0\" vspace=\"0\" style=\"width: 350px;height: 500px\"><\/p>\n<\/div>\n<\/div>\n<p>&nbsp; &nbsp; &nbsp; &nbsp; &nbsp; &nbsp;<\/div>\n<\/div>\n<p>Document\uff1a<img decoding=\"async\" src=\"icon_pdf.gif\" style=\"margin-right: 2px\" alt=\"produit-HM18 cong\u00e9lateur discontinu-Hommy-img\" title=\"\"><a href=\"https:\/\/img80002414.weyesimg.com\/uploads\/www.hommy.com\/addon\/16027255424095.pdf\" title=\"16027255424095.pdf\" style=\"font-size: 12px\">16027255424095.pdf<\/a><\/p>\n<h2 style=\"font-family: sans-serif\">Cela vaut-il la peine de fabriquer sa propre glace ?&nbsp;<\/h2>\n<p style=\"margin-top: 5px;margin-bottom: 5px;font-family: sans-serif;font-size: 16px\">Peut-\u00eatre, mais seulement si cela en valait vraiment la peine. La fabrication de glaces ne doit pas \u00eatre une activit\u00e9 co\u00fbteuse. Il suffit de savoir comment pr\u00e9parer le produit. Il y a beaucoup de choses dont vous avez besoin pour faire une glace maison parfaite. Le plus important, ce sont les ingr\u00e9dients et le mat\u00e9riel. Vous avez besoin d'un <a style=\"color:blue\" href=\"\/fr\/\">sorbeti\u00e8re<\/a>Un r\u00e9frig\u00e9rateur avec compartiment cong\u00e9lateur et un cong\u00e9lateur \u00e0 main \u00e9lectrique.<\/p>\n<p style=\"margin-top: 5px;margin-bottom: 5px;font-family: sans-serif;font-size: 16px\"><\/p>\n<h2 style=\"font-family: sans-serif\">Quel pr\u00e9sident a rendu la cr\u00e8me glac\u00e9e populaire ?<\/h2>\n<p style=\"margin-top: 5px;margin-bottom: 5px;font-family: sans-serif;font-size: 16px\">Selon le livre Strawberry Shortcake's Berry Bitty Adventures, il s'agit du pr\u00e9sident Franklin Delano Roosevelt. C'est lui qui a apport\u00e9 la glace \u00e0 la table de toutes les familles et l'a fait entrer dans les m\u0153urs. Cette photo de Roosevelt semble faire r\u00e9f\u00e9rence \u00e0 l'une des mesures les plus importantes et les plus controvers\u00e9es du New Deal, la loi sur la s\u00e9curit\u00e9 sociale.<\/p>\n<p style=\"margin-top: 5px;margin-bottom: 5px;font-family: sans-serif;font-size: 16px\"><\/p>\n<h2 style=\"font-family: sans-serif\">La cr\u00e8me glac\u00e9e contient-elle du porc ?<\/h2>\n<p style=\"margin-top: 5px;margin-bottom: 5px;font-family: sans-serif;font-size: 16px\">Je sais qu'elle contient du sucre, mais la cr\u00e8me glac\u00e9e contient-elle du porc ? Mais la cr\u00e8me glac\u00e9e contient-elle du porc ? Si je devais faire une cr\u00e8me glac\u00e9e au chocolat, utiliserais-je de la graisse de porc ou simplement du saindoux ? et du b\u0153uf ? Je pense qu'il n'y a pas de probl\u00e8me \u00e0 utiliser de la graisse de b\u0153uf.<\/p>\n<\/div><\/div>","protected":false},"excerpt":{"rendered":"<p>&nbsp; &nbsp; &nbsp; &nbsp; &nbsp; &nbsp; Table top Gelato Maker Table top Gelato Maker|Product specification|Product Features|Product Advantage&nbsp; The offered Batch Freezer is manufactured using the finest quality material and components under the guidance of skilled professionals. In addition, this machines are widely used for commercial purposes. This Batch Freezer is provided in various sizes as [&hellip;]<\/p>\n","protected":false},"featured_media":1930,"comment_status":"open","ping_status":"open","template":"","meta":{"_swt_meta_header_display":false,"_swt_meta_footer_display":false,"_swt_meta_site_title_display":false,"_swt_meta_sticky_header":false,"_swt_meta_transparent_header":false},"product_brand":[],"product_cat":[82],"product_tag":[],"class_list":{"0":"post-746","1":"product","2":"type-product","3":"status-publish","4":"has-post-thumbnail","6":"product_cat-hard-ice-cream-machine","8":"first","9":"instock","10":"shipping-taxable","11":"product-type-simple"},"_links":{"self":[{"href":"https:\/\/www.hommy.com\/fr\/wp-json\/wp\/v2\/product\/746","targetHints":{"allow":["GET"]}}],"collection":[{"href":"https:\/\/www.hommy.com\/fr\/wp-json\/wp\/v2\/product"}],"about":[{"href":"https:\/\/www.hommy.com\/fr\/wp-json\/wp\/v2\/types\/product"}],"replies":[{"embeddable":true,"href":"https:\/\/www.hommy.com\/fr\/wp-json\/wp\/v2\/comments?post=746"}],"wp:featuredmedia":[{"embeddable":true,"href":"https:\/\/www.hommy.com\/fr\/wp-json\/wp\/v2\/media\/1930"}],"wp:attachment":[{"href":"https:\/\/www.hommy.com\/fr\/wp-json\/wp\/v2\/media?parent=746"}],"wp:term":[{"taxonomy":"product_brand","embeddable":true,"href":"https:\/\/www.hommy.com\/fr\/wp-json\/wp\/v2\/product_brand?post=746"},{"taxonomy":"product_cat","embeddable":true,"href":"https:\/\/www.hommy.com\/fr\/wp-json\/wp\/v2\/product_cat?post=746"},{"taxonomy":"product_tag","embeddable":true,"href":"https:\/\/www.hommy.com\/fr\/wp-json\/wp\/v2\/product_tag?post=746"}],"curies":[{"name":"wp","href":"https:\/\/api.w.org\/{rel}","templated":true}]}}